{"id":9513,"date":"2024-06-10T17:24:51","date_gmt":"2024-06-10T16:24:51","guid":{"rendered":"https:\/\/www.azaros.eu\/producto\/bare\/"},"modified":"2025-04-07T14:49:46","modified_gmt":"2025-04-07T13:49:46","slug":"bare","status":"publish","type":"product","link":"https:\/\/www.azaros.eu\/en\/product\/bare\/","title":{"rendered":"Bare"},"content":{"rendered":"<div class=\"row\"  id=\"row-1903267569\">\n\n\t<div id=\"col-1631585474\" class=\"col medium-6 small-12 large-6\"  >\n\t\t\t\t<div class=\"col-inner\"  >\n\t\t\t\n\t\t\t\n<div class=\"container section-title-container\" ><h2 class=\"section-title section-title-normal\"><b aria-hidden=\"true\"><\/b><span class=\"section-title-main\" style=\"font-size:80%;\">Characteristics<\/span><b aria-hidden=\"true\"><\/b><\/h2><\/div>\n<table>\n<tbody>\n<tr>\n<td>Color<\/td>\n<td>grey<\/td>\n<\/tr>\n<tr>\n<td>Maximum working temperature\n<\/td>\n<td>1.050 \u00baC<\/td>\n<\/tr>\n<tr>\n<td>Density<\/td>\n<td>270\u2013320 kg\/m3<\/td>\n<\/tr>\n<tr>\n<td>Non-combustibility test\n<\/td>\n<td>Clase A1<\/td>\n<\/tr>\n<tr>\n<td>Compressive strength at 10%\n<\/td>\n<td>&gt; 0,32 MPa<\/td>\n<\/tr>\n<tr>\n<td>Thermal conductivity (DIN 51046)<\/td>\n<td>a 200 \u00baC -&gt; 0,022 W\/mK<br \/>\na 400 \u00baC -&gt; 0,025 W\/mK<br \/>\na 600 \u00baC -&gt; 0,030 W\/mK<br \/>\na 800 \u00baC -&gt; 0,040 W\/mK<\/td>\n<\/tr>\n<\/tbody>\n<\/table>\n\t\t<\/div>\n\t\t\t\t\t<\/div>\n\n\t\n\n\t<div id=\"col-1206963595\" class=\"col medium-6 small-12 large-6\"  >\n\t\t\t\t<div class=\"col-inner\"  >\n\t\t\t\n\t\t\t\n<div class=\"container section-title-container\" ><h2 class=\"section-title section-title-normal\"><b aria-hidden=\"true\"><\/b><span class=\"section-title-main\" style=\"font-size:80%;\">Typical applications<\/span><b aria-hidden=\"true\"><\/b><\/h2><\/div>\n<ul>\n<li>Without covering: bare panel.<\/li>\n<li>It can be supplied wrapped in aluminum, plastic film, or non-woven fiberglass fabric<strong>.<\/strong><\/li>\n<li>Envuelto en aluminio, film de pl\u00e1stico o tela sin tejer de fibra de vidrio.<\/li>\n<li>Store and handle in a dry environment.<\/li>\n<li>When stored properly, the panel\u2019s lifespan is unlimited and does not expire.<\/li>\n<li>The material used is not harmful to human health or the environment according to the European Directive UE2006\/1907\/EEC. The fibers used in its manufacture have a diameter &gt; 3\u03bcm. <\/li>\n<\/ul>\n\t\t<\/div>\n\t\t\t\t\t<\/div>\n\n\t\n<\/div>\n","protected":false},"excerpt":{"rendered":"<p>El panel microporoso es un material de aislamiento con una conductividad t\u00e9rmica muy baja, es decir, con propiedades de aislamiento muy buenas. Est\u00e1 constituido principalmente por s\u00edlice pirog\u00e9nica, opacificantes para reducir la radiaci\u00f3n infrarroja y fibras de refuerzo. <\/p>\n","protected":false},"featured_media":5928,"template":"","meta":[],"product_brand":[],"product_cat":[210],"product_tag":[],"class_list":{"0":"post-9513","1":"product","2":"type-product","3":"status-publish","4":"has-post-thumbnail","6":"product_cat-microporous","8":"first","9":"instock","10":"shipping-taxable","11":"product-type-simple"},"yoast_head":"<!-- This site is optimized with the Yoast SEO plugin v27.4 - https:\/\/yoast.com\/product\/yoast-seo-wordpress\/ -->\n<title>Bare - Azaros<\/title>\n<meta name=\"robots\" content=\"index, follow, max-snippet:-1, max-image-preview:large, max-video-preview:-1\" \/>\n<link rel=\"canonical\" href=\"https:\/\/www.azaros.eu\/en\/product\/bare\/\" \/>\n<meta property=\"og:locale\" content=\"en_US\" \/>\n<meta property=\"og:type\" content=\"article\" \/>\n<meta property=\"og:title\" content=\"Bare - Azaros\" \/>\n<meta property=\"og:description\" content=\"El panel microporoso es un material de aislamiento con una conductividad t\u00e9rmica muy baja, es decir, con propiedades de aislamiento muy buenas. Est\u00e1 constituido principalmente por s\u00edlice pirog\u00e9nica, opacificantes para reducir la radiaci\u00f3n infrarroja y fibras de refuerzo.\" \/>\n<meta property=\"og:url\" content=\"https:\/\/www.azaros.eu\/en\/product\/bare\/\" \/>\n<meta property=\"og:site_name\" content=\"Azaros\" \/>\n<meta property=\"article:modified_time\" content=\"2025-04-07T13:49:46+00:00\" \/>\n<meta property=\"og:image\" content=\"https:\/\/www.azaros.eu\/wp-content\/uploads\/2018\/08\/Microporoso-31-46.jpg\" \/>\n\t<meta property=\"og:image:width\" content=\"1200\" \/>\n\t<meta property=\"og:image:height\" content=\"699\" \/>\n\t<meta property=\"og:image:type\" content=\"image\/jpeg\" \/>\n<meta name=\"twitter:card\" content=\"summary_large_image\" \/>\n<meta name=\"twitter:label1\" content=\"Est. reading time\" \/>\n\t<meta name=\"twitter:data1\" content=\"1 minute\" \/>\n<script type=\"application\/ld+json\" class=\"yoast-schema-graph\">{\"@context\":\"https:\\\/\\\/schema.org\",\"@graph\":[{\"@type\":\"WebPage\",\"@id\":\"https:\\\/\\\/www.azaros.eu\\\/en\\\/product\\\/bare\\\/\",\"url\":\"https:\\\/\\\/www.azaros.eu\\\/en\\\/product\\\/bare\\\/\",\"name\":\"Bare - Azaros\",\"isPartOf\":{\"@id\":\"https:\\\/\\\/www.azaros.eu\\\/en\\\/#website\"},\"primaryImageOfPage\":{\"@id\":\"https:\\\/\\\/www.azaros.eu\\\/en\\\/product\\\/bare\\\/#primaryimage\"},\"image\":{\"@id\":\"https:\\\/\\\/www.azaros.eu\\\/en\\\/product\\\/bare\\\/#primaryimage\"},\"thumbnailUrl\":\"https:\\\/\\\/www.azaros.eu\\\/wp-content\\\/uploads\\\/2018\\\/08\\\/Microporoso-31-46.jpg\",\"datePublished\":\"2024-06-10T16:24:51+00:00\",\"dateModified\":\"2025-04-07T13:49:46+00:00\",\"breadcrumb\":{\"@id\":\"https:\\\/\\\/www.azaros.eu\\\/en\\\/product\\\/bare\\\/#breadcrumb\"},\"inLanguage\":\"en-US\",\"potentialAction\":[{\"@type\":\"ReadAction\",\"target\":[\"https:\\\/\\\/www.azaros.eu\\\/en\\\/product\\\/bare\\\/\"]}]},{\"@type\":\"ImageObject\",\"inLanguage\":\"en-US\",\"@id\":\"https:\\\/\\\/www.azaros.eu\\\/en\\\/product\\\/bare\\\/#primaryimage\",\"url\":\"https:\\\/\\\/www.azaros.eu\\\/wp-content\\\/uploads\\\/2018\\\/08\\\/Microporoso-31-46.jpg\",\"contentUrl\":\"https:\\\/\\\/www.azaros.eu\\\/wp-content\\\/uploads\\\/2018\\\/08\\\/Microporoso-31-46.jpg\",\"width\":1200,\"height\":699},{\"@type\":\"BreadcrumbList\",\"@id\":\"https:\\\/\\\/www.azaros.eu\\\/en\\\/product\\\/bare\\\/#breadcrumb\",\"itemListElement\":[{\"@type\":\"ListItem\",\"position\":1,\"name\":\"Azaros\",\"item\":\"https:\\\/\\\/www.azaros.eu\\\/en\\\/azaros-home\\\/\"},{\"@type\":\"ListItem\",\"position\":2,\"name\":\"Products\",\"item\":\"https:\\\/\\\/www.azaros.eu\\\/en\\\/products\\\/\"},{\"@type\":\"ListItem\",\"position\":3,\"name\":\"Thermal insulation\",\"item\":\"https:\\\/\\\/www.azaros.eu\\\/en\\\/products\\\/thermal-insulation\\\/\"},{\"@type\":\"ListItem\",\"position\":4,\"name\":\"Microporous\",\"item\":\"https:\\\/\\\/www.azaros.eu\\\/en\\\/products\\\/thermal-insulation\\\/microporous\\\/\"},{\"@type\":\"ListItem\",\"position\":5,\"name\":\"Bare\"}]},{\"@type\":\"WebSite\",\"@id\":\"https:\\\/\\\/www.azaros.eu\\\/en\\\/#website\",\"url\":\"https:\\\/\\\/www.azaros.eu\\\/en\\\/\",\"name\":\"Azaros\",\"description\":\"Fabricamos, distribuimos y comercializamos una gran gama de suministros.\",\"potentialAction\":[{\"@type\":\"SearchAction\",\"target\":{\"@type\":\"EntryPoint\",\"urlTemplate\":\"https:\\\/\\\/www.azaros.eu\\\/en\\\/?s={search_term_string}\"},\"query-input\":{\"@type\":\"PropertyValueSpecification\",\"valueRequired\":true,\"valueName\":\"search_term_string\"}}],\"inLanguage\":\"en-US\"}]}<\/script>\n<!-- \/ Yoast SEO plugin. -->","yoast_head_json":{"title":"Bare - Azaros","robots":{"index":"index","follow":"follow","max-snippet":"max-snippet:-1","max-image-preview":"max-image-preview:large","max-video-preview":"max-video-preview:-1"},"canonical":"https:\/\/www.azaros.eu\/en\/product\/bare\/","og_locale":"en_US","og_type":"article","og_title":"Bare - Azaros","og_description":"El panel microporoso es un material de aislamiento con una conductividad t\u00e9rmica muy baja, es decir, con propiedades de aislamiento muy buenas. Est\u00e1 constituido principalmente por s\u00edlice pirog\u00e9nica, opacificantes para reducir la radiaci\u00f3n infrarroja y fibras de refuerzo.","og_url":"https:\/\/www.azaros.eu\/en\/product\/bare\/","og_site_name":"Azaros","article_modified_time":"2025-04-07T13:49:46+00:00","og_image":[{"width":1200,"height":699,"url":"https:\/\/www.azaros.eu\/wp-content\/uploads\/2018\/08\/Microporoso-31-46.jpg","type":"image\/jpeg"}],"twitter_card":"summary_large_image","twitter_misc":{"Est. reading time":"1 minute"},"schema":{"@context":"https:\/\/schema.org","@graph":[{"@type":"WebPage","@id":"https:\/\/www.azaros.eu\/en\/product\/bare\/","url":"https:\/\/www.azaros.eu\/en\/product\/bare\/","name":"Bare - Azaros","isPartOf":{"@id":"https:\/\/www.azaros.eu\/en\/#website"},"primaryImageOfPage":{"@id":"https:\/\/www.azaros.eu\/en\/product\/bare\/#primaryimage"},"image":{"@id":"https:\/\/www.azaros.eu\/en\/product\/bare\/#primaryimage"},"thumbnailUrl":"https:\/\/www.azaros.eu\/wp-content\/uploads\/2018\/08\/Microporoso-31-46.jpg","datePublished":"2024-06-10T16:24:51+00:00","dateModified":"2025-04-07T13:49:46+00:00","breadcrumb":{"@id":"https:\/\/www.azaros.eu\/en\/product\/bare\/#breadcrumb"},"inLanguage":"en-US","potentialAction":[{"@type":"ReadAction","target":["https:\/\/www.azaros.eu\/en\/product\/bare\/"]}]},{"@type":"ImageObject","inLanguage":"en-US","@id":"https:\/\/www.azaros.eu\/en\/product\/bare\/#primaryimage","url":"https:\/\/www.azaros.eu\/wp-content\/uploads\/2018\/08\/Microporoso-31-46.jpg","contentUrl":"https:\/\/www.azaros.eu\/wp-content\/uploads\/2018\/08\/Microporoso-31-46.jpg","width":1200,"height":699},{"@type":"BreadcrumbList","@id":"https:\/\/www.azaros.eu\/en\/product\/bare\/#breadcrumb","itemListElement":[{"@type":"ListItem","position":1,"name":"Azaros","item":"https:\/\/www.azaros.eu\/en\/azaros-home\/"},{"@type":"ListItem","position":2,"name":"Products","item":"https:\/\/www.azaros.eu\/en\/products\/"},{"@type":"ListItem","position":3,"name":"Thermal insulation","item":"https:\/\/www.azaros.eu\/en\/products\/thermal-insulation\/"},{"@type":"ListItem","position":4,"name":"Microporous","item":"https:\/\/www.azaros.eu\/en\/products\/thermal-insulation\/microporous\/"},{"@type":"ListItem","position":5,"name":"Bare"}]},{"@type":"WebSite","@id":"https:\/\/www.azaros.eu\/en\/#website","url":"https:\/\/www.azaros.eu\/en\/","name":"Azaros","description":"Fabricamos, distribuimos y comercializamos una gran gama de suministros.","potentialAction":[{"@type":"SearchAction","target":{"@type":"EntryPoint","urlTemplate":"https:\/\/www.azaros.eu\/en\/?s={search_term_string}"},"query-input":{"@type":"PropertyValueSpecification","valueRequired":true,"valueName":"search_term_string"}}],"inLanguage":"en-US"}]}},"_links":{"self":[{"href":"https:\/\/www.azaros.eu\/en\/wp-json\/wp\/v2\/product\/9513","targetHints":{"allow":["GET"]}}],"collection":[{"href":"https:\/\/www.azaros.eu\/en\/wp-json\/wp\/v2\/product"}],"about":[{"href":"https:\/\/www.azaros.eu\/en\/wp-json\/wp\/v2\/types\/product"}],"wp:featuredmedia":[{"embeddable":true,"href":"https:\/\/www.azaros.eu\/en\/wp-json\/wp\/v2\/media\/5928"}],"wp:attachment":[{"href":"https:\/\/www.azaros.eu\/en\/wp-json\/wp\/v2\/media?parent=9513"}],"wp:term":[{"taxonomy":"product_brand","embeddable":true,"href":"https:\/\/www.azaros.eu\/en\/wp-json\/wp\/v2\/product_brand?post=9513"},{"taxonomy":"product_cat","embeddable":true,"href":"https:\/\/www.azaros.eu\/en\/wp-json\/wp\/v2\/product_cat?post=9513"},{"taxonomy":"product_tag","embeddable":true,"href":"https:\/\/www.azaros.eu\/en\/wp-json\/wp\/v2\/product_tag?post=9513"}],"curies":[{"name":"wp","href":"https:\/\/api.w.org\/{rel}","templated":true}]}}