{"id":36,"date":"2018-07-27T14:18:36","date_gmt":"2018-07-27T14:18:36","guid":{"rendered":"https:\/\/www.azaros.eu\/?page_id=36"},"modified":"2025-07-28T11:37:02","modified_gmt":"2025-07-28T10:37:02","slug":"azaros","status":"publish","type":"page","link":"https:\/\/www.azaros.eu\/es\/azaros\/","title":{"rendered":"Azaros"},"content":{"rendered":"\n\t<section class=\"section\" id=\"section_1164621273\">\n\t\t<div class=\"section-bg fill\" >\n\t\t\t\t\t\t\t\t\t\n\t\t\t\n\n\t\t<\/div>\n\n\t\t\n\n\t\t<div class=\"section-content relative\">\n\t\t\t\n<div class=\"row\"  id=\"row-2132099395\">\n\n\t<div id=\"col-1620635740\" class=\"col hide-for-small small-12 large-12\"  >\n\t\t\t\t<div class=\"col-inner\"  >\n\t\t\t\n\t\t\t\n\n  <div class=\"banner has-hover\" id=\"banner-1047136410\">\n          <div class=\"banner-inner fill\">\n        <div class=\"banner-bg fill\" >\n            <img loading=\"lazy\" decoding=\"async\" width=\"1020\" height=\"693\" src=\"https:\/\/www.azaros.eu\/wp-content\/uploads\/2018\/11\/raya-AZAROS-2-1024x696.png\" class=\"bg attachment-large size-large\" alt=\"Raya Azaros\" \/>                                    \n                    <\/div>\n\t\t\n        <div class=\"banner-layers container\">\n            <div class=\"fill banner-link\"><\/div>            \n   <div id=\"text-box-1129000003\" class=\"text-box banner-layer x50 md-x50 lg-x50 y50 md-y50 lg-y50 res-text\">\n                                <div class=\"text-box-content text \">\n              \n              <div class=\"text-inner text-center\">\n                  \n<p><span style=\"font-size: 3.5em;\"><strong>Azaros es una empresa<br \/>\ndistribuidora de suministros<br \/>\nindustriales.<\/strong><\/span><\/p>\n              <\/div>\n           <\/div>\n                            \n<style>\n#text-box-1129000003 {\n  width: 100%;\n}\n#text-box-1129000003 .text-box-content {\n  font-size: 100%;\n}\n<\/style>\n    <\/div>\n \n        <\/div>\n      <\/div>\n\n              <div class=\"height-fix is-invisible\"><img loading=\"lazy\" decoding=\"async\" width=\"1020\" height=\"693\" src=\"https:\/\/www.azaros.eu\/wp-content\/uploads\/2018\/11\/raya-AZAROS-2-1024x696.png\" class=\"attachment-large size-large\" alt=\"Raya Azaros\" srcset=\"https:\/\/www.azaros.eu\/wp-content\/uploads\/2018\/11\/raya-AZAROS-2-1024x696.png 1024w, https:\/\/www.azaros.eu\/wp-content\/uploads\/2018\/11\/raya-AZAROS-2-200x136.png 200w, https:\/\/www.azaros.eu\/wp-content\/uploads\/2018\/11\/raya-AZAROS-2-300x204.png 300w, https:\/\/www.azaros.eu\/wp-content\/uploads\/2018\/11\/raya-AZAROS-2-768x522.png 768w, https:\/\/www.azaros.eu\/wp-content\/uploads\/2018\/11\/raya-AZAROS-2.png 1200w\" sizes=\"auto, (max-width: 1020px) 100vw, 1020px\" \/><\/div>\n            \n<style>\n#banner-1047136410 {\n  background-color: rgb(255,255,255);\n}\n<\/style>\n  <\/div>\n\n\n\t\t<\/div>\n\t\t\t\t\t<\/div>\n\n\t\n\n\t<div id=\"col-501486770\" class=\"col show-for-small small-12 large-12\"  >\n\t\t\t\t<div class=\"col-inner text-center\"  >\n\t\t\t\n\t\t\t\n\t<div id=\"text-4065082118\" class=\"text\">\n\t\t\n<h1>Azaros es una empresa distribuidora de suministros industriales<\/h1>\n\t\t\n<style>\n#text-4065082118 {\n  font-size: 0.75rem;\n}\n<\/style>\n\t<\/div>\n\t\n\t\t<\/div>\n\t\t\t\t\n<style>\n#col-501486770 > .col-inner {\n  padding: 10px 0px 0px 0px;\n}\n<\/style>\n\t<\/div>\n\n\t\n<\/div>\n\t\t<\/div>\n\n\t\t\n<style>\n#section_1164621273 {\n  padding-top: 60px;\n  padding-bottom: 60px;\n}\n@media (min-width:550px) {\n  #section_1164621273 {\n    padding-top: 0px;\n    padding-bottom: 0px;\n  }\n}\n<\/style>\n\t<\/section>\n\t\n\n\t<section class=\"section\" id=\"section_984696529\">\n\t\t<div class=\"section-bg fill\" >\n\t\t\t\t\t\t\t\t\t\n\t\t\t\n\t<div class=\"is-border\"\n\t\tstyle=\"border-color:rgb(235, 235, 235);border-width:0px 0px 0px 0px;\">\n\t<\/div>\n\n\t\t<\/div>\n\n\t\t\n\n\t\t<div class=\"section-content relative\">\n\t\t\t\n<div class=\"row row-collapse row-full-width align-middle\"  id=\"row-1463785016\">\n\n\t<div id=\"col-1290202821\" class=\"col medium-6 small-12 large-6\"  >\n\t\t\t\t<div class=\"col-inner\"  >\n\t\t\t\n\t\t\t\n<div style=\"padding: 0px 30px 0px 30px;\">\n<h2>\u00bfQu\u00e9 hacemos? <span class=\"azaros-slash\">\/<\/span><\/h2>\n<p>En Azaros ofrecemos un servicio integral en el que proporcionamos un alto valor a\u00f1adido en la cadena de suministros de nuestros clientes.<\/p>\n<p>Somos especialistas en la b\u00fasqueda de fuentes de suministro, en satisfacer las necesidades m\u00e1s complejas de nuestros clientes a trav\u00e9s de nuestras soluciones personalizadas y en tener una gran capacidad de almacenamiento (&gt;4.000m\u00b2).<\/p>\n<\/div>\n\t\t<\/div>\n\t\t\t\t\n<style>\n#col-1290202821 > .col-inner {\n  padding: 5vh 20px 0px 20px;\n}\n@media (min-width:550px) {\n  #col-1290202821 > .col-inner {\n    padding: 0px 20px 0px 20px;\n  }\n}\n@media (min-width:850px) {\n  #col-1290202821 > .col-inner {\n    padding: 0px 60px 0px 120px;\n  }\n}\n<\/style>\n\t<\/div>\n\n\t\n\n\t<div id=\"col-1673271999\" class=\"col medium-6 small-12 large-6\"  >\n\t\t\t\t<div class=\"col-inner\"  >\n\t\t\t\n\t\t\t\n\t<div class=\"img has-hover x md-x lg-x y md-y lg-y\" id=\"image_2103347110\">\n\t\t\t\t\t\t<div data-animate=\"fadeInUp\">\t\t<div class=\"img-inner image-cover dark\" style=\"padding-top:80vh;\">\n\t\t\t<img loading=\"lazy\" decoding=\"async\" width=\"1150\" height=\"800\" src=\"https:\/\/www.azaros.eu\/wp-content\/uploads\/2025\/05\/Azaros-Oficina2-2025.jpg\" class=\"attachment-original size-original\" alt=\"\" srcset=\"https:\/\/www.azaros.eu\/wp-content\/uploads\/2025\/05\/Azaros-Oficina2-2025.jpg 1150w, https:\/\/www.azaros.eu\/wp-content\/uploads\/2025\/05\/Azaros-Oficina2-2025-200x139.jpg 200w, https:\/\/www.azaros.eu\/wp-content\/uploads\/2025\/05\/Azaros-Oficina2-2025-1024x712.jpg 1024w, https:\/\/www.azaros.eu\/wp-content\/uploads\/2025\/05\/Azaros-Oficina2-2025-300x209.jpg 300w, https:\/\/www.azaros.eu\/wp-content\/uploads\/2025\/05\/Azaros-Oficina2-2025-768x534.jpg 768w\" sizes=\"auto, (max-width: 1150px) 100vw, 1150px\" \/>\t\t\t\t\t\t\n\t\t\t\t\t<\/div>\n\t\t<\/div>\t\t\t\t\t\t\n<style>\n#image_2103347110 {\n  width: 100%;\n}\n<\/style>\n\t<\/div>\n\t\n\t\t<\/div>\n\t\t\t\t\t<\/div>\n\n\t\n<\/div>\n\t\t<\/div>\n\n\t\t\n<style>\n#section_984696529 {\n  padding-top: 0px;\n  padding-bottom: 0px;\n  min-height: 80vh;\n  background-color: #e7e9ea;\n}\n@media (min-width:550px) {\n  #section_984696529 {\n    padding-top: 0px;\n    padding-bottom: 0px;\n  }\n}\n<\/style>\n\t<\/section>\n\t\n\n\t<section class=\"section\" id=\"section_191116827\">\n\t\t<div class=\"section-bg fill\" >\n\t\t\t\t\t\t\t\t\t\n\t\t\t\n\n\t\t<\/div>\n\n\t\t\n\n\t\t<div class=\"section-content relative\">\n\t\t\t\n<div class=\"row row-collapse align-bottom\"  id=\"row-1822033698\">\n\n\t<div id=\"col-1134778513\" class=\"col medium-6 small-12 large-6\"  >\n\t\t\t\t<div class=\"col-inner\"  >\n\t\t\t\n\t\t\t\n<h2>\u00bfD\u00f3nde estamos? <span class=\"azaros-slash\">\/<\/span><\/h2>\n<p>Nuestra sede principal est\u00e1 situada en el norte de Espa\u00f1a (Pa\u00eds Vasco), cerca del puerto industrial de Bilbao, abiertos al mundo.<\/p>\n\t\t<\/div>\n\t\t\t\t\n<style>\n#col-1134778513 > .col-inner {\n  padding: 0px 10vh 0px 10vh;\n}\n@media (min-width:550px) {\n  #col-1134778513 > .col-inner {\n    padding: 0px 30px 0px 30px;\n  }\n}\n<\/style>\n\t<\/div>\n\n\t\n\n\t<div id=\"col-390318749\" class=\"col medium-6 small-12 large-6\"  >\n\t\t\t\t<div class=\"col-inner\"  >\n\t\t\t\n\t\t\t\n<p>Actualmente estamos presentes en m\u00e1s de 20 pa\u00edses y 4 continentes, siempre dispuestos a ir donde nos necesiten.<\/p>\n\t\t<\/div>\n\t\t\t\t\n<style>\n#col-390318749 > .col-inner {\n  padding: 0px 10vh 0px 10vh;\n}\n@media (min-width:550px) {\n  #col-390318749 > .col-inner {\n    padding: 0px 30px 0px 30px;\n  }\n}\n<\/style>\n\t<\/div>\n\n\t\n\n<style>\n#row-1822033698 > .col > .col-inner {\n  padding: 0px 5vh 0px 5vh;\n}\n@media (min-width:550px) {\n  #row-1822033698 > .col > .col-inner {\n    padding: 5vh 5vh 5vh 5vh;\n  }\n}\n@media (min-width:850px) {\n  #row-1822033698 > .col > .col-inner {\n    padding: 5vh 0px 5vh 0px;\n  }\n}\n<\/style>\n<\/div>\n<div class=\"row\"  id=\"row-1950603342\">\n\n\t<div id=\"col-1240688012\" class=\"col small-12 large-12\"  >\n\t\t\t\t<div class=\"col-inner\"  >\n\t\t\t\n\t\t\t\n\t<div class=\"img has-hover x md-x lg-x y md-y lg-y\" id=\"image_217038241\">\n\t\t\t\t\t\t<div data-animate=\"fadeInUp\">\t\t<div class=\"img-inner dark\" >\n\t\t\t<img loading=\"lazy\" decoding=\"async\" width=\"1649\" height=\"1054\" src=\"https:\/\/www.azaros.eu\/wp-content\/uploads\/2025\/07\/Mapa-AZAROS.png\" class=\"attachment-original size-original\" alt=\"\" srcset=\"https:\/\/www.azaros.eu\/wp-content\/uploads\/2025\/07\/Mapa-AZAROS.png 1649w, https:\/\/www.azaros.eu\/wp-content\/uploads\/2025\/07\/Mapa-AZAROS-200x128.png 200w, https:\/\/www.azaros.eu\/wp-content\/uploads\/2025\/07\/Mapa-AZAROS-1024x655.png 1024w, https:\/\/www.azaros.eu\/wp-content\/uploads\/2025\/07\/Mapa-AZAROS-300x192.png 300w, https:\/\/www.azaros.eu\/wp-content\/uploads\/2025\/07\/Mapa-AZAROS-768x491.png 768w, https:\/\/www.azaros.eu\/wp-content\/uploads\/2025\/07\/Mapa-AZAROS-1536x982.png 1536w\" sizes=\"auto, (max-width: 1649px) 100vw, 1649px\" \/>\t\t\t\t\t\t\n\t\t\t\t\t<\/div>\n\t\t<\/div>\t\t\t\t\t\t\n<style>\n#image_217038241 {\n  width: 100%;\n}\n<\/style>\n\t<\/div>\n\t\n\t\t<\/div>\n\t\t\t\t\t<\/div>\n\n\t\n<\/div>\n\t\t<\/div>\n\n\t\t\n<style>\n#section_191116827 {\n  padding-top: 60px;\n  padding-bottom: 60px;\n  background-color: rgb(255,255,255);\n}\n<\/style>\n\t<\/section>\n\t\n\n\t<section class=\"section\" id=\"section_530406183\">\n\t\t<div class=\"section-bg fill\" >\n\t\t\t\t\t\t\t\t\t\n\t\t\t\n\t<div class=\"is-border\"\n\t\tstyle=\"border-width:0px 0px 0px 0px;margin:0px 0px 0px 0px;\">\n\t<\/div>\n\n\t\t<\/div>\n\n\t\t\n\n\t\t<div class=\"section-content relative\">\n\t\t\t\n<div class=\"row row-collapse row-full-width align-middle\"  id=\"row-2124362919\">\n\n\t<div id=\"col-917670991\" class=\"col medium-6 small-12 large-6\"  >\n\t\t\t\t<div class=\"col-inner\"  >\n\t\t\t\n\t\t\t\n\t<div class=\"img has-hover x md-x lg-x y md-y lg-y\" id=\"image_1732081673\">\n\t\t\t\t\t\t<div data-animate=\"fadeInUp\">\t\t<div class=\"img-inner image-cover dark\" style=\"padding-top:80vh;margin:0px 0px 0px 0px;\">\n\t\t\t<img loading=\"lazy\" decoding=\"async\" width=\"1150\" height=\"800\" src=\"https:\/\/www.azaros.eu\/wp-content\/uploads\/2025\/05\/Azaros_Historia-25.jpg\" class=\"attachment-original size-original\" alt=\"\" srcset=\"https:\/\/www.azaros.eu\/wp-content\/uploads\/2025\/05\/Azaros_Historia-25.jpg 1150w, https:\/\/www.azaros.eu\/wp-content\/uploads\/2025\/05\/Azaros_Historia-25-200x139.jpg 200w, https:\/\/www.azaros.eu\/wp-content\/uploads\/2025\/05\/Azaros_Historia-25-1024x712.jpg 1024w, https:\/\/www.azaros.eu\/wp-content\/uploads\/2025\/05\/Azaros_Historia-25-300x209.jpg 300w, https:\/\/www.azaros.eu\/wp-content\/uploads\/2025\/05\/Azaros_Historia-25-768x534.jpg 768w\" sizes=\"auto, (max-width: 1150px) 100vw, 1150px\" \/>\t\t\t\t\t\t\n\t\t\t\t\t<\/div>\n\t\t<\/div>\t\t\t\t\t\t\n<style>\n#image_1732081673 {\n  width: 100%;\n}\n<\/style>\n\t<\/div>\n\t\n\t\t<\/div>\n\t\t\t\t\t<\/div>\n\n\t\n\n\t<div id=\"col-1451343197\" class=\"col medium-6 small-12 large-6 small-col-first\"  >\n\t\t\t\t<div class=\"col-inner\"  >\n\t\t\t\n\t\t\t\n<h2>Nuestra historia <span class=\"azaros-slash\">\/<\/span><\/h2>\n<p>Nacimos en el a\u00f1o 2001 como resultado del desarrollo de las oportunidades de mercado que ofrec\u00eda el sector industrial con relaci\u00f3n a la demanda de componentes, consumibles y materias primas.<\/p>\n<p>Partiendo de la base de un gran conocimiento del sector industrial por parte de nuestro equipo, desarrollamos una amplia gama de materiales para satisfacer las necesidades de nuestros clientes.<\/p>\n<p>Azaros ha seguido progresando y desarrollando nuevos materiales para aplicaciones de sectores alternativos, que han permitido diversificar su actividad. Avanzamos hacia el futuro con responsabilidad y compromiso.<\/p>\n\t\t<\/div>\n\t\t\t\t\n<style>\n#col-1451343197 > .col-inner {\n  padding: 5vh 20px 5vh 20px;\n}\n@media (min-width:550px) {\n  #col-1451343197 > .col-inner {\n    padding: 0px 20px 0px 20px;\n  }\n}\n@media (min-width:850px) {\n  #col-1451343197 > .col-inner {\n    padding: 0px 120px 0px 60px;\n  }\n}\n<\/style>\n\t<\/div>\n\n\t\n<\/div>\n\t\t<\/div>\n\n\t\t\n<style>\n#section_530406183 {\n  padding-top: 0px;\n  padding-bottom: 0px;\n  min-height: 80vh;\n  background-color: rgb(231, 233, 234);\n}\n@media (min-width:550px) {\n  #section_530406183 {\n    padding-top: 0px;\n    padding-bottom: 0px;\n  }\n}\n<\/style>\n\t<\/section>\n\t\n\n\t<section class=\"section\" id=\"section_1799154844\">\n\t\t<div class=\"section-bg fill\" >\n\t\t\t\t\t\t\t\t\t\n\t\t\t\n\n\t\t<\/div>\n\n\t\t\n\n\t\t<div class=\"section-content relative\">\n\t\t\t\n<div class=\"row align-center\"  id=\"row-1938959785\">\n\n\t<div id=\"col-1109301775\" class=\"col medium-8 small-12 large-8\"  >\n\t\t\t\t<div class=\"col-inner text-center\"  >\n\t\t\t\n\t\t\t\n\t<div id=\"text-3757631038\" class=\"text\">\n\t\t\n<h2>Nuestro Compromiso <span class=\"azaros-slash\">\/<\/span><\/h2>\n\t\t\n<style>\n#text-3757631038 {\n  font-size: 0.95rem;\n}\n<\/style>\n\t<\/div>\n\t\n\t<div id=\"gap-622662741\" class=\"gap-element clearfix\" style=\"display:block; height:auto;\">\n\t\t\n<style>\n#gap-622662741 {\n  padding-top: 60px;\n}\n<\/style>\n\t<\/div>\n\t\n\t<div id=\"text-2551896536\" class=\"text\">\n\t\t\n<p>Todas las personas que trabajamos en Azaros estamos completamente comprometidas con altos est\u00e1ndares de orientaci\u00f3n hacia el cliente. Gracias a ello, somos especialistas en la realizaci\u00f3n de demandas personalizadas.<\/p>\n<p>Valores como el respeto y la confianza est\u00e1n profundamente arraigados en la filosof\u00eda de Azaros y marcan la diferencia en las relaciones con nuestros clientes.<br \/>\n\t\t\n<style>\n#text-2551896536 {\n  text-align: center;\n}\n<\/style>\n\t<\/div>\n\t\n\t\t<\/div>\n\t\t\t\t\t<\/div>\n\n\t\n\n<style>\n#row-1938959785 > .col > .col-inner {\n  padding: 10vh 0px 10vh 0px;\n}\n@media (min-width:550px) {\n  #row-1938959785 > .col > .col-inner {\n    padding: 40px 0px 80px 0px;\n  }\n}\n<\/style>\n<\/div>\n\t\t<\/div>\n\n\t\t\n<style>\n#section_1799154844 {\n  padding-top: 0px;\n  padding-bottom: 0px;\n}\n@media (min-width:550px) {\n  #section_1799154844 {\n    padding-top: 120px;\n    padding-bottom: 120px;\n  }\n}\n<\/style>\n\t<\/section>\n\t\n","protected":false},"excerpt":{"rendered":"","protected":false},"author":1,"featured_media":0,"parent":0,"menu_order":0,"comment_status":"closed","ping_status":"closed","template":"page-blank.php","meta":{"footnotes":""},"class_list":["post-36","page","type-page","status-publish","hentry"],"yoast_head":"<!-- This site is optimized with the Yoast SEO plugin v27.4 - https:\/\/yoast.com\/product\/yoast-seo-wordpress\/ -->\n<title>Servicio de calidad con soluciones personalizadas | Azaros<\/title>\n<meta name=\"description\" content=\"Azaros es un referente nacional e internacional en el suministro y comercializaci\u00f3n de las principales materias primas demandadas por todos los sectores. \u00a1Ponte en contacto con nosotros!\" \/>\n<meta name=\"robots\" content=\"index, follow, max-snippet:-1, max-image-preview:large, max-video-preview:-1\" \/>\n<link rel=\"canonical\" href=\"https:\/\/www.azaros.eu\/es\/azaros\/\" \/>\n<meta property=\"og:locale\" content=\"es_ES\" \/>\n<meta property=\"og:type\" content=\"article\" \/>\n<meta property=\"og:title\" content=\"Servicio de calidad con soluciones personalizadas | Azaros\" \/>\n<meta property=\"og:description\" content=\"Azaros es un referente nacional e internacional en el suministro y comercializaci\u00f3n de las principales materias primas demandadas por todos los sectores. \u00a1Ponte en contacto con nosotros!\" \/>\n<meta property=\"og:url\" content=\"https:\/\/www.azaros.eu\/es\/azaros\/\" \/>\n<meta property=\"og:site_name\" content=\"Azaros\" \/>\n<meta property=\"article:modified_time\" content=\"2025-07-28T10:37:02+00:00\" \/>\n<meta name=\"twitter:card\" content=\"summary_large_image\" \/>\n<meta name=\"twitter:label1\" content=\"Tiempo de lectura\" \/>\n\t<meta name=\"twitter:data1\" content=\"3 minutos\" \/>\n<script type=\"application\/ld+json\" class=\"yoast-schema-graph\">{\"@context\":\"https:\\\/\\\/schema.org\",\"@graph\":[{\"@type\":\"WebPage\",\"@id\":\"https:\\\/\\\/www.azaros.eu\\\/es\\\/azaros\\\/\",\"url\":\"https:\\\/\\\/www.azaros.eu\\\/es\\\/azaros\\\/\",\"name\":\"Servicio de calidad con soluciones personalizadas | Azaros\",\"isPartOf\":{\"@id\":\"https:\\\/\\\/www.azaros.eu\\\/es\\\/#website\"},\"datePublished\":\"2018-07-27T14:18:36+00:00\",\"dateModified\":\"2025-07-28T10:37:02+00:00\",\"description\":\"Azaros es un referente nacional e internacional en el suministro y comercializaci\u00f3n de las principales materias primas demandadas por todos los sectores. \u00a1Ponte en contacto con nosotros!\",\"breadcrumb\":{\"@id\":\"https:\\\/\\\/www.azaros.eu\\\/es\\\/azaros\\\/#breadcrumb\"},\"inLanguage\":\"es\",\"potentialAction\":[{\"@type\":\"ReadAction\",\"target\":[\"https:\\\/\\\/www.azaros.eu\\\/es\\\/azaros\\\/\"]}]},{\"@type\":\"BreadcrumbList\",\"@id\":\"https:\\\/\\\/www.azaros.eu\\\/es\\\/azaros\\\/#breadcrumb\",\"itemListElement\":[{\"@type\":\"ListItem\",\"position\":1,\"name\":\"Azaros\",\"item\":\"https:\\\/\\\/www.azaros.eu\\\/es\\\/\"},{\"@type\":\"ListItem\",\"position\":2,\"name\":\"Azaros\"}]},{\"@type\":\"WebSite\",\"@id\":\"https:\\\/\\\/www.azaros.eu\\\/es\\\/#website\",\"url\":\"https:\\\/\\\/www.azaros.eu\\\/es\\\/\",\"name\":\"Azaros\",\"description\":\"Fabricamos, distribuimos y comercializamos una gran gama de suministros.\",\"potentialAction\":[{\"@type\":\"SearchAction\",\"target\":{\"@type\":\"EntryPoint\",\"urlTemplate\":\"https:\\\/\\\/www.azaros.eu\\\/es\\\/?s={search_term_string}\"},\"query-input\":{\"@type\":\"PropertyValueSpecification\",\"valueRequired\":true,\"valueName\":\"search_term_string\"}}],\"inLanguage\":\"es\"}]}<\/script>\n<!-- \/ Yoast SEO plugin. -->","yoast_head_json":{"title":"Servicio de calidad con soluciones personalizadas | Azaros","description":"Azaros es un referente nacional e internacional en el suministro y comercializaci\u00f3n de las principales materias primas demandadas por todos los sectores. \u00a1Ponte en contacto con nosotros!","robots":{"index":"index","follow":"follow","max-snippet":"max-snippet:-1","max-image-preview":"max-image-preview:large","max-video-preview":"max-video-preview:-1"},"canonical":"https:\/\/www.azaros.eu\/es\/azaros\/","og_locale":"es_ES","og_type":"article","og_title":"Servicio de calidad con soluciones personalizadas | Azaros","og_description":"Azaros es un referente nacional e internacional en el suministro y comercializaci\u00f3n de las principales materias primas demandadas por todos los sectores. \u00a1Ponte en contacto con nosotros!","og_url":"https:\/\/www.azaros.eu\/es\/azaros\/","og_site_name":"Azaros","article_modified_time":"2025-07-28T10:37:02+00:00","twitter_card":"summary_large_image","twitter_misc":{"Tiempo de lectura":"3 minutos"},"schema":{"@context":"https:\/\/schema.org","@graph":[{"@type":"WebPage","@id":"https:\/\/www.azaros.eu\/es\/azaros\/","url":"https:\/\/www.azaros.eu\/es\/azaros\/","name":"Servicio de calidad con soluciones personalizadas | Azaros","isPartOf":{"@id":"https:\/\/www.azaros.eu\/es\/#website"},"datePublished":"2018-07-27T14:18:36+00:00","dateModified":"2025-07-28T10:37:02+00:00","description":"Azaros es un referente nacional e internacional en el suministro y comercializaci\u00f3n de las principales materias primas demandadas por todos los sectores. \u00a1Ponte en contacto con nosotros!","breadcrumb":{"@id":"https:\/\/www.azaros.eu\/es\/azaros\/#breadcrumb"},"inLanguage":"es","potentialAction":[{"@type":"ReadAction","target":["https:\/\/www.azaros.eu\/es\/azaros\/"]}]},{"@type":"BreadcrumbList","@id":"https:\/\/www.azaros.eu\/es\/azaros\/#breadcrumb","itemListElement":[{"@type":"ListItem","position":1,"name":"Azaros","item":"https:\/\/www.azaros.eu\/es\/"},{"@type":"ListItem","position":2,"name":"Azaros"}]},{"@type":"WebSite","@id":"https:\/\/www.azaros.eu\/es\/#website","url":"https:\/\/www.azaros.eu\/es\/","name":"Azaros","description":"Fabricamos, distribuimos y comercializamos una gran gama de suministros.","potentialAction":[{"@type":"SearchAction","target":{"@type":"EntryPoint","urlTemplate":"https:\/\/www.azaros.eu\/es\/?s={search_term_string}"},"query-input":{"@type":"PropertyValueSpecification","valueRequired":true,"valueName":"search_term_string"}}],"inLanguage":"es"}]}},"_links":{"self":[{"href":"https:\/\/www.azaros.eu\/es\/wp-json\/wp\/v2\/pages\/36","targetHints":{"allow":["GET"]}}],"collection":[{"href":"https:\/\/www.azaros.eu\/es\/wp-json\/wp\/v2\/pages"}],"about":[{"href":"https:\/\/www.azaros.eu\/es\/wp-json\/wp\/v2\/types\/page"}],"author":[{"embeddable":true,"href":"https:\/\/www.azaros.eu\/es\/wp-json\/wp\/v2\/users\/1"}],"replies":[{"embeddable":true,"href":"https:\/\/www.azaros.eu\/es\/wp-json\/wp\/v2\/comments?post=36"}],"version-history":[{"count":0,"href":"https:\/\/www.azaros.eu\/es\/wp-json\/wp\/v2\/pages\/36\/revisions"}],"wp:attachment":[{"href":"https:\/\/www.azaros.eu\/es\/wp-json\/wp\/v2\/media?parent=36"}],"curies":[{"name":"wp","href":"https:\/\/api.w.org\/{rel}","templated":true}]}}