{"id":56,"date":"2018-08-06T08:55:33","date_gmt":"2018-08-06T08:55:33","guid":{"rendered":"https:\/\/www.azaros.eu\/?page_id=56"},"modified":"2025-04-07T12:26:22","modified_gmt":"2025-04-07T11:26:22","slug":"suministros-industria-ceramica","status":"publish","type":"page","link":"https:\/\/www.azaros.eu\/es\/sectores-industriales\/suministros-industria-ceramica\/","title":{"rendered":"Industria cer\u00e1mica"},"content":{"rendered":"\n\t<section class=\"section bannersectores\" id=\"section_235363941\">\n\t\t<div class=\"section-bg fill\" >\n\t\t\t<img loading=\"lazy\" decoding=\"async\" width=\"2001\" height=\"561\" src=\"https:\/\/www.azaros.eu\/wp-content\/uploads\/2024\/07\/AZAROS-sectores-ceramicos.jpg\" class=\"bg attachment-original size-original\" alt=\"AZAROS-sectores-ceramicos\" \/>\t\t\t\t\t\t\n\t\t\t\n\t<div class=\"is-border\"\n\t\tstyle=\"border-width:0px 0px 0px 0px;margin:0px 0px 0px 0px;\">\n\t<\/div>\n\n\t\t<\/div>\n\n\t\t\n\n\t\t<div class=\"section-content relative\">\n\t\t\t\n<div class=\"row row-collapse columnaSectores\"  id=\"row-1721224815\">\n\n\t<div id=\"col-250875956\" class=\"col small-12 large-12\"  >\n\t\t\t\t<div class=\"col-inner\"  >\n\t\t\t\n\t\t\t\n\t<div class=\"img has-hover lineaProductoNegro x md-x lg-x y md-y lg-y\" id=\"image_890517605\">\n\t\t\t\t\t\t\t\t<div class=\"img-inner image-cover dark\" style=\"padding-top:15px;margin:0px 0px 0px 0px;\">\n\t\t\t<img loading=\"lazy\" decoding=\"async\" width=\"320\" height=\"16\" src=\"https:\/\/www.azaros.eu\/wp-content\/uploads\/2018\/10\/Recurso-79.jpg\" class=\"attachment-original size-original\" alt=\"\" srcset=\"https:\/\/www.azaros.eu\/wp-content\/uploads\/2018\/10\/Recurso-79.jpg 320w, https:\/\/www.azaros.eu\/wp-content\/uploads\/2018\/10\/Recurso-79-200x10.jpg 200w, https:\/\/www.azaros.eu\/wp-content\/uploads\/2018\/10\/Recurso-79-300x15.jpg 300w\" sizes=\"auto, (max-width: 320px) 100vw, 320px\" \/>\t\t\t\t\t\t\n\t\t\t\t\t<\/div>\n\t\t\t\t\t\t\t\t\n<style>\n#image_890517605 {\n  width: 100%;\n}\n<\/style>\n\t<\/div>\n\t\n\t<div id=\"text-720743727\" class=\"text TextSectores\">\n\t\t\n<h1 style=\"font-size: 3em;\">Suministros para la industria cer\u00e1mica \/<\/h1>\n\t\t\t<\/div>\n\t\n\t<div class=\"img has-hover lineaProductoNegro x md-x lg-x y md-y lg-y\" id=\"image_783235524\">\n\t\t\t\t\t\t\t\t<div class=\"img-inner image-cover dark\" style=\"padding-top:15px;margin:0px 0px 0px 0px;\">\n\t\t\t<img loading=\"lazy\" decoding=\"async\" width=\"320\" height=\"16\" src=\"https:\/\/www.azaros.eu\/wp-content\/uploads\/2018\/10\/Recurso-79.jpg\" class=\"attachment-original size-original\" alt=\"\" srcset=\"https:\/\/www.azaros.eu\/wp-content\/uploads\/2018\/10\/Recurso-79.jpg 320w, https:\/\/www.azaros.eu\/wp-content\/uploads\/2018\/10\/Recurso-79-200x10.jpg 200w, https:\/\/www.azaros.eu\/wp-content\/uploads\/2018\/10\/Recurso-79-300x15.jpg 300w\" sizes=\"auto, (max-width: 320px) 100vw, 320px\" \/>\t\t\t\t\t\t\n\t\t\t\t\t<\/div>\n\t\t\t\t\t\t\t\t\n<style>\n#image_783235524 {\n  width: 100%;\n}\n<\/style>\n\t<\/div>\n\t\n\t\t<\/div>\n\t\t\t\t\t<\/div>\n\n\t\n\n<style>\n#row-1721224815 > .col > .col-inner {\n  padding: 0px 15px 0px 15px;\n}\n<\/style>\n<\/div>\n\t\t<\/div>\n\n\t\t\n<style>\n#section_235363941 {\n  padding-top: 0px;\n  padding-bottom: 0px;\n  margin-bottom: 0px;\n  min-height: 400px;\n}\n<\/style>\n\t<\/section>\n\t\n\n\t<section class=\"section\" id=\"section_1007220978\">\n\t\t<div class=\"section-bg fill\" >\n\t\t\t\t\t\t\t\t\t\n\t\t\t\n\n\t\t<\/div>\n\n\t\t\n\n\t\t<div class=\"section-content relative\">\n\t\t\t\n<div class=\"row row-large align-middle divider-azaros-bottom-negro\"  id=\"row-2083526129\">\n\n\t<div id=\"col-1209869786\" class=\"col medium-6 small-12 large-6\"  >\n\t\t\t\t<div class=\"col-inner text-left\"  >\n\t\t\t\n\t\t\t\n<p><strong>Soluciones para la industria cer\u00e1mica<\/strong><\/p>\n<p>Somos proveedores de aislamientos t\u00e9rmicos y otros suministros industriales de las principales empresas del mundo en el sector cer\u00e1mico.<\/p>\n<p>En Azaros encontrar\u00e1 una amplia gama de materiales de alta calidad adaptada a las necesidades y requerimientos espec\u00edficos del sector.<\/p>\n<p>Contamos con amplios recursos de almacenamiento y log\u00edstica para dar un servicio \u00e1gil en cualquier parte del mundo.<\/p>\n<p>Nuestro equipo le acompa\u00f1ar\u00e1 en la b\u00fasqueda de la soluci\u00f3n \u00f3ptima poniendo a su disposici\u00f3n su know how y experiencia.<\/p>\n\t\t<\/div>\n\t\t\t\t\t<\/div>\n\n\t\n\n\t<div id=\"col-1332733734\" class=\"col hide-for-small medium-6 small-12 large-6\"  >\n\t\t\t\t<div class=\"col-inner text-center\"  >\n\t\t\t\n\t\t\t\n\t<div id=\"text-3795250552\" class=\"text\">\n\t\t\n<p><b>Si no encuentra lo que busca, contacte con nosotros para ofrecerle una soluci\u00f3n a su medida.<\/b><\/p>\n\t\t\n<style>\n#text-3795250552 {\n  font-size: 2rem;\n  text-align: left;\n}\n<\/style>\n\t<\/div>\n\t\n<a href=\"\/es\/contacto\/\" class=\"button white is-outline\" style=\"border-radius:99px;\">\n\t\t<span>Contacto<\/span>\n\t<\/a>\n\n\t\t<\/div>\n\t\t\t\t\n<style>\n#col-1332733734 > .col-inner {\n  padding: 0px 60px 0px 60px;\n}\n<\/style>\n\t<\/div>\n\n\t\n<\/div>\n\t\t<\/div>\n\n\t\t\n<style>\n#section_1007220978 {\n  padding-top: 60px;\n  padding-bottom: 60px;\n}\n<\/style>\n\t<\/section>\n\t\n\n\t<section class=\"section\" id=\"section_1061834631\">\n\t\t<div class=\"section-bg fill\" >\n\t\t\t\t\t\t\t\t\t\n\t\t\t\n\n\t\t<\/div>\n\n\t\t\n\n\t\t<div class=\"section-content relative\">\n\t\t\t\n<div class=\"row align-middle\"  id=\"row-1666343426\">\n\n\t<div id=\"col-337690247\" class=\"col medium-6 small-12 large-6\"  >\n\t\t\t\t<div class=\"col-inner\"  >\n\t\t\t\n\t\t\t\n\t<div id=\"text-538600428\" class=\"text\">\n\t\t\n<h2>Productos<br \/>\nrelacionados <span class=\"azaros-slash\">\/<\/span><\/h2>\n\t\t\n<style>\n#text-538600428 {\n  font-size: 0.95rem;\n}\n<\/style>\n\t<\/div>\n\t\n\t\t<\/div>\n\t\t\t\t\t<\/div>\n\n\t\n\n\t<div id=\"col-1807660611\" class=\"col medium-6 small-12 large-6\"  >\n\t\t\t\t<div class=\"col-inner text-center\"  >\n\t\t\t\n\t\t\t\n<a data-animate=\"fadeInRight\" href=\"\/es\/productos\/\" class=\"button white is-outline lowercase\" style=\"border-radius:99px;\">\n\t\t<span>ver todos los productos<\/span>\n\t<\/a>\n\n\t\t<\/div>\n\t\t\t\t\t<\/div>\n\n\t\n\n<style>\n#row-1666343426 > .col > .col-inner {\n  padding: 60px 0px 60px 0px;\n}\n<\/style>\n<\/div>\n<div class=\"row\"  id=\"row-1355970397\">\n\n\t<div id=\"col-1624706074\" class=\"col small-12 large-12\"  >\n\t\t\t\t<div class=\"col-inner\"  >\n\t\t\t\n\t\t\t\n\t\n  \n    <div class=\"row large-columns-3 medium-columns- small-columns-1 row-small slider row-slider slider-nav-simple slider-nav-outside slider-nav-push\"  data-flickity-options='{&quot;imagesLoaded&quot;: true, &quot;groupCells&quot;: &quot;100%&quot;, &quot;dragThreshold&quot; : 5, &quot;cellAlign&quot;: &quot;left&quot;,&quot;wrapAround&quot;: true,&quot;prevNextButtons&quot;: true,&quot;percentPosition&quot;: true,&quot;pageDots&quot;: false, &quot;rightToLeft&quot;: false, &quot;autoPlay&quot; : 2000}' >\n\n  \n\t     <div class=\"product-small col has-hover product type-product post-5349 status-publish first instock product_cat-placa-de-carburo-de-silicio has-post-thumbnail shipping-taxable product-type-simple\">\n\t<div class=\"col-inner\">\n\t\n<div class=\"badge-container absolute left top z-1\">\n\n<\/div>\n\t<div class=\"product-small box \">\n\t\t<div class=\"box-image\">\n\t\t\t<div class=\"image-fade-in\">\n\t\t\t\t<a href=\"https:\/\/www.azaros.eu\/es\/producto\/placa-de-carburo-de-silicio-sin-nitrurar\/\">\n\t\t\t\t\t<img loading=\"lazy\" decoding=\"async\" width=\"496\" height=\"595\" src=\"https:\/\/www.azaros.eu\/wp-content\/uploads\/2024\/06\/Carril-Carburo-Silicio-496x595.jpg\" class=\"attachment-woocommerce_thumbnail size-woocommerce_thumbnail\" alt=\"Placa de carburo de silicio sin nitrurar\" \/>\t\t\t\t<\/a>\n\t\t\t<\/div>\n\t\t\t<div class=\"image-tools is-small top right show-on-hover\">\n\t\t\t\t\t\t\t<\/div>\n\t\t\t<div class=\"image-tools is-small hide-for-small bottom left show-on-hover\">\n\t\t\t\t\t\t\t<\/div>\n\t\t\t<div class=\"image-tools grid-tools text-center hide-for-small bottom hover-slide-in show-on-hover\">\n\t\t\t\t\t\t\t<\/div>\n\t\t\t\t\t<\/div>\n\n\t\t<div class=\"box-text box-text-products\">\n\t\t\t<div class=\"title-wrapper\"><p class=\"name product-title woocommerce-loop-product__title\"><a href=\"https:\/\/www.azaros.eu\/es\/producto\/placa-de-carburo-de-silicio-sin-nitrurar\/\" class=\"woocommerce-LoopProduct-link woocommerce-loop-product__link\">Placa de carburo de silicio sin nitrurar<\/a><\/p><\/div><div class=\"price-wrapper\"><\/div>\t\t<\/div>\n\t<\/div>\n\t\t<\/div>\n<\/div><div class=\"product-small col has-hover product type-product post-4764 status-publish last instock product_cat-granalla has-post-thumbnail shipping-taxable product-type-simple\">\n\t<div class=\"col-inner\">\n\t\n<div class=\"badge-container absolute left top z-1\">\n\n<\/div>\n\t<div class=\"product-small box \">\n\t\t<div class=\"box-image\">\n\t\t\t<div class=\"image-fade-in\">\n\t\t\t\t<a href=\"https:\/\/www.azaros.eu\/es\/producto\/alambre-de-acero-al-carbono\/\">\n\t\t\t\t\t<img loading=\"lazy\" decoding=\"async\" width=\"496\" height=\"595\" src=\"https:\/\/www.azaros.eu\/wp-content\/uploads\/2024\/07\/AZAROS-Alambre-de-acero-al-carbono-496x595.jpg\" class=\"attachment-woocommerce_thumbnail size-woocommerce_thumbnail\" alt=\"Alambre de acero al carbono\" \/>\t\t\t\t<\/a>\n\t\t\t<\/div>\n\t\t\t<div class=\"image-tools is-small top right show-on-hover\">\n\t\t\t\t\t\t\t<\/div>\n\t\t\t<div class=\"image-tools is-small hide-for-small bottom left show-on-hover\">\n\t\t\t\t\t\t\t<\/div>\n\t\t\t<div class=\"image-tools grid-tools text-center hide-for-small bottom hover-slide-in show-on-hover\">\n\t\t\t\t\t\t\t<\/div>\n\t\t\t\t\t<\/div>\n\n\t\t<div class=\"box-text box-text-products\">\n\t\t\t<div class=\"title-wrapper\"><p class=\"name product-title woocommerce-loop-product__title\"><a href=\"https:\/\/www.azaros.eu\/es\/producto\/alambre-de-acero-al-carbono\/\" class=\"woocommerce-LoopProduct-link woocommerce-loop-product__link\">Alambre de acero al carbono<\/a><\/p><\/div><div class=\"price-wrapper\"><\/div>\t\t<\/div>\n\t<\/div>\n\t\t<\/div>\n<\/div><\/div>\n\t\t<\/div>\n\t\t\t\t\t<\/div>\n\n\t\n<\/div>\n\t\t<\/div>\n\n\t\t\n<style>\n#section_1061834631 {\n  padding-top: 0px;\n  padding-bottom: 0px;\n}\n<\/style>\n\t<\/section>\n\t\n","protected":false},"excerpt":{"rendered":"","protected":false},"author":1,"featured_media":0,"parent":44,"menu_order":0,"comment_status":"closed","ping_status":"closed","template":"page-blank.php","meta":{"footnotes":""},"class_list":["post-56","page","type-page","status-publish","hentry"],"yoast_head":"<!-- This site is optimized with the Yoast SEO plugin v27.4 - https:\/\/yoast.com\/product\/yoast-seo-wordpress\/ -->\n<title>Suministros para la industria cer\u00e1mica | Azaros<\/title>\n<meta name=\"description\" content=\"En Azaros encontrar\u00e1 una amplia gama de materiales de alta calidad adaptada a las necesidades y requerimientos espec\u00edficos de la industria cer\u00e1mica. Suministros para la industria cer\u00e1mica.\" \/>\n<meta name=\"robots\" content=\"index, follow, max-snippet:-1, max-image-preview:large, max-video-preview:-1\" \/>\n<link rel=\"canonical\" href=\"https:\/\/www.azaros.eu\/es\/sectores-industriales\/suministros-industria-ceramica\/\" \/>\n<meta property=\"og:locale\" content=\"es_ES\" \/>\n<meta property=\"og:type\" content=\"article\" \/>\n<meta property=\"og:title\" content=\"Suministros para la industria cer\u00e1mica | Azaros\" \/>\n<meta property=\"og:description\" content=\"En Azaros encontrar\u00e1 una amplia gama de materiales de alta calidad adaptada a las necesidades y requerimientos espec\u00edficos de la industria cer\u00e1mica. Suministros para la industria cer\u00e1mica.\" \/>\n<meta property=\"og:url\" content=\"https:\/\/www.azaros.eu\/es\/sectores-industriales\/suministros-industria-ceramica\/\" \/>\n<meta property=\"og:site_name\" content=\"Azaros\" \/>\n<meta property=\"article:modified_time\" content=\"2025-04-07T11:26:22+00:00\" \/>\n<meta name=\"twitter:card\" content=\"summary_large_image\" \/>\n<meta name=\"twitter:label1\" content=\"Tiempo de lectura\" \/>\n\t<meta name=\"twitter:data1\" content=\"2 minutos\" \/>\n<script type=\"application\/ld+json\" class=\"yoast-schema-graph\">{\"@context\":\"https:\\\/\\\/schema.org\",\"@graph\":[{\"@type\":\"WebPage\",\"@id\":\"https:\\\/\\\/www.azaros.eu\\\/es\\\/sectores-industriales\\\/suministros-industria-ceramica\\\/\",\"url\":\"https:\\\/\\\/www.azaros.eu\\\/es\\\/sectores-industriales\\\/suministros-industria-ceramica\\\/\",\"name\":\"Suministros para la industria cer\u00e1mica | Azaros\",\"isPartOf\":{\"@id\":\"https:\\\/\\\/www.azaros.eu\\\/es\\\/#website\"},\"datePublished\":\"2018-08-06T08:55:33+00:00\",\"dateModified\":\"2025-04-07T11:26:22+00:00\",\"description\":\"En Azaros encontrar\u00e1 una amplia gama de materiales de alta calidad adaptada a las necesidades y requerimientos espec\u00edficos de la industria cer\u00e1mica. Suministros para la industria cer\u00e1mica.\",\"breadcrumb\":{\"@id\":\"https:\\\/\\\/www.azaros.eu\\\/es\\\/sectores-industriales\\\/suministros-industria-ceramica\\\/#breadcrumb\"},\"inLanguage\":\"es\",\"potentialAction\":[{\"@type\":\"ReadAction\",\"target\":[\"https:\\\/\\\/www.azaros.eu\\\/es\\\/sectores-industriales\\\/suministros-industria-ceramica\\\/\"]}]},{\"@type\":\"BreadcrumbList\",\"@id\":\"https:\\\/\\\/www.azaros.eu\\\/es\\\/sectores-industriales\\\/suministros-industria-ceramica\\\/#breadcrumb\",\"itemListElement\":[{\"@type\":\"ListItem\",\"position\":1,\"name\":\"Azaros\",\"item\":\"https:\\\/\\\/www.azaros.eu\\\/es\\\/\"},{\"@type\":\"ListItem\",\"position\":2,\"name\":\"Sectores industriales\",\"item\":\"https:\\\/\\\/www.azaros.eu\\\/es\\\/sectores-industriales\\\/\"},{\"@type\":\"ListItem\",\"position\":3,\"name\":\"Industria cer\u00e1mica\"}]},{\"@type\":\"WebSite\",\"@id\":\"https:\\\/\\\/www.azaros.eu\\\/es\\\/#website\",\"url\":\"https:\\\/\\\/www.azaros.eu\\\/es\\\/\",\"name\":\"Azaros\",\"description\":\"Fabricamos, distribuimos y comercializamos una gran gama de suministros.\",\"potentialAction\":[{\"@type\":\"SearchAction\",\"target\":{\"@type\":\"EntryPoint\",\"urlTemplate\":\"https:\\\/\\\/www.azaros.eu\\\/es\\\/?s={search_term_string}\"},\"query-input\":{\"@type\":\"PropertyValueSpecification\",\"valueRequired\":true,\"valueName\":\"search_term_string\"}}],\"inLanguage\":\"es\"}]}<\/script>\n<!-- \/ Yoast SEO plugin. -->","yoast_head_json":{"title":"Suministros para la industria cer\u00e1mica | Azaros","description":"En Azaros encontrar\u00e1 una amplia gama de materiales de alta calidad adaptada a las necesidades y requerimientos espec\u00edficos de la industria cer\u00e1mica. Suministros para la industria cer\u00e1mica.","robots":{"index":"index","follow":"follow","max-snippet":"max-snippet:-1","max-image-preview":"max-image-preview:large","max-video-preview":"max-video-preview:-1"},"canonical":"https:\/\/www.azaros.eu\/es\/sectores-industriales\/suministros-industria-ceramica\/","og_locale":"es_ES","og_type":"article","og_title":"Suministros para la industria cer\u00e1mica | Azaros","og_description":"En Azaros encontrar\u00e1 una amplia gama de materiales de alta calidad adaptada a las necesidades y requerimientos espec\u00edficos de la industria cer\u00e1mica. Suministros para la industria cer\u00e1mica.","og_url":"https:\/\/www.azaros.eu\/es\/sectores-industriales\/suministros-industria-ceramica\/","og_site_name":"Azaros","article_modified_time":"2025-04-07T11:26:22+00:00","twitter_card":"summary_large_image","twitter_misc":{"Tiempo de lectura":"2 minutos"},"schema":{"@context":"https:\/\/schema.org","@graph":[{"@type":"WebPage","@id":"https:\/\/www.azaros.eu\/es\/sectores-industriales\/suministros-industria-ceramica\/","url":"https:\/\/www.azaros.eu\/es\/sectores-industriales\/suministros-industria-ceramica\/","name":"Suministros para la industria cer\u00e1mica | Azaros","isPartOf":{"@id":"https:\/\/www.azaros.eu\/es\/#website"},"datePublished":"2018-08-06T08:55:33+00:00","dateModified":"2025-04-07T11:26:22+00:00","description":"En Azaros encontrar\u00e1 una amplia gama de materiales de alta calidad adaptada a las necesidades y requerimientos espec\u00edficos de la industria cer\u00e1mica. Suministros para la industria cer\u00e1mica.","breadcrumb":{"@id":"https:\/\/www.azaros.eu\/es\/sectores-industriales\/suministros-industria-ceramica\/#breadcrumb"},"inLanguage":"es","potentialAction":[{"@type":"ReadAction","target":["https:\/\/www.azaros.eu\/es\/sectores-industriales\/suministros-industria-ceramica\/"]}]},{"@type":"BreadcrumbList","@id":"https:\/\/www.azaros.eu\/es\/sectores-industriales\/suministros-industria-ceramica\/#breadcrumb","itemListElement":[{"@type":"ListItem","position":1,"name":"Azaros","item":"https:\/\/www.azaros.eu\/es\/"},{"@type":"ListItem","position":2,"name":"Sectores industriales","item":"https:\/\/www.azaros.eu\/es\/sectores-industriales\/"},{"@type":"ListItem","position":3,"name":"Industria cer\u00e1mica"}]},{"@type":"WebSite","@id":"https:\/\/www.azaros.eu\/es\/#website","url":"https:\/\/www.azaros.eu\/es\/","name":"Azaros","description":"Fabricamos, distribuimos y comercializamos una gran gama de suministros.","potentialAction":[{"@type":"SearchAction","target":{"@type":"EntryPoint","urlTemplate":"https:\/\/www.azaros.eu\/es\/?s={search_term_string}"},"query-input":{"@type":"PropertyValueSpecification","valueRequired":true,"valueName":"search_term_string"}}],"inLanguage":"es"}]}},"_links":{"self":[{"href":"https:\/\/www.azaros.eu\/es\/wp-json\/wp\/v2\/pages\/56","targetHints":{"allow":["GET"]}}],"collection":[{"href":"https:\/\/www.azaros.eu\/es\/wp-json\/wp\/v2\/pages"}],"about":[{"href":"https:\/\/www.azaros.eu\/es\/wp-json\/wp\/v2\/types\/page"}],"author":[{"embeddable":true,"href":"https:\/\/www.azaros.eu\/es\/wp-json\/wp\/v2\/users\/1"}],"replies":[{"embeddable":true,"href":"https:\/\/www.azaros.eu\/es\/wp-json\/wp\/v2\/comments?post=56"}],"version-history":[{"count":0,"href":"https:\/\/www.azaros.eu\/es\/wp-json\/wp\/v2\/pages\/56\/revisions"}],"up":[{"embeddable":true,"href":"https:\/\/www.azaros.eu\/es\/wp-json\/wp\/v2\/pages\/44"}],"wp:attachment":[{"href":"https:\/\/www.azaros.eu\/es\/wp-json\/wp\/v2\/media?parent=56"}],"curies":[{"name":"wp","href":"https:\/\/api.w.org\/{rel}","templated":true}]}}