{"id":144,"date":"2018-08-06T09:38:18","date_gmt":"2018-08-06T09:38:18","guid":{"rendered":"https:\/\/www.azaros.eu\/producto\/textiles-de-fibra-cermica\/"},"modified":"2025-04-07T14:24:44","modified_gmt":"2025-04-07T13:24:44","slug":"cordones-y-cintas","status":"publish","type":"product","link":"https:\/\/www.azaros.eu\/es\/producto\/cordones-y-cintas\/","title":{"rendered":"Cordones y cintas de fibra cer\u00e1mica"},"content":{"rendered":"<div class=\"row\"  id=\"row-620917527\">\n\n\t<div id=\"col-706481018\" class=\"col medium-6 small-12 large-6\"  >\n\t\t\t\t<div class=\"col-inner\"  >\n\t\t\t\n\t\t\t\n<div class=\"container section-title-container\" ><h2 class=\"section-title section-title-normal\"><b aria-hidden=\"true\"><\/b><span class=\"section-title-main\" style=\"font-size:80%;\">Caracter\u00edsticas<\/span><b aria-hidden=\"true\"><\/b><\/h2><\/div>\n<ul>\n<li>Inconel o fibra de vidrio<\/li>\n<li>Resistencia a altas temperaturas<\/li>\n<li>Resistencia al choque t\u00e9rmico y la corrosi\u00f3n<\/li>\n<li>Excelente estabilidad qu\u00edmica<\/li>\n<li>Baja conductividad t\u00e9rmica<\/li>\n<\/ul>\n<p>Presentaci\u00f3n en diferentes formatos: cordones, cintas, trenzas, etc.<\/p>\n\t\t<\/div>\n\t\t\t\t\t<\/div>\n\n\t\n\n\t<div id=\"col-941523392\" class=\"col medium-6 small-12 large-6\"  >\n\t\t\t\t<div class=\"col-inner\"  >\n\t\t\t\n\t\t\t\n<div class=\"container section-title-container\" ><h2 class=\"section-title section-title-normal\"><b aria-hidden=\"true\"><\/b><span class=\"section-title-main\" style=\"font-size:80%;\">Aplicaciones t\u00edpicas<\/span><b aria-hidden=\"true\"><\/b><\/h2><\/div>\n<ul>\n<li>Aislamiento de tubos y contenedores<\/li>\n<li>Sellado de puertas en hornos industriales<\/li>\n<li>Barreras de protecci\u00f3n<\/li>\n<li>Cubiertas contra fuegos<\/li>\n<\/ul>\n\t\t<\/div>\n\t\t\t\t\t<\/div>\n\n\t\n<\/div>\n","protected":false},"excerpt":{"rendered":"<p>Materiales textiles para alta temperatura fabricados a partir de diferentes tipos de fibras con una peque\u00f1a cantidad de fibras org\u00e1nicas.<\/p>\n","protected":false},"featured_media":1441,"template":"","meta":[],"product_brand":[],"product_cat":[25],"product_tag":[],"class_list":{"0":"post-144","1":"product","2":"type-product","3":"status-publish","4":"has-post-thumbnail","6":"product_cat-fibras-ceramicas","8":"first","9":"instock","10":"shipping-taxable","11":"product-type-simple"},"yoast_head":"<!-- This site is optimized with the Yoast SEO plugin v27.4 - https:\/\/yoast.com\/product\/yoast-seo-wordpress\/ -->\n<title>Cordones y cintas de fibra cer\u00e1mica | Azaros<\/title>\n<meta name=\"description\" content=\"Encuentra en Azaros.eu los mejores corodones y cintas de fibra cer\u00e1mica del mercado. Descubre los corodones y cintas de fibra cer\u00e1mica de Azaros al mejor precio\" \/>\n<meta name=\"robots\" content=\"index, follow, max-snippet:-1, max-image-preview:large, max-video-preview:-1\" \/>\n<link rel=\"canonical\" href=\"https:\/\/www.azaros.eu\/es\/producto\/cordones-y-cintas\/\" \/>\n<meta property=\"og:locale\" content=\"es_ES\" \/>\n<meta property=\"og:type\" content=\"article\" \/>\n<meta property=\"og:title\" content=\"Cordones y cintas de fibra cer\u00e1mica | Azaros\" \/>\n<meta property=\"og:description\" content=\"Encuentra en Azaros.eu los mejores corodones y cintas de fibra cer\u00e1mica del mercado. Descubre los corodones y cintas de fibra cer\u00e1mica de Azaros al mejor precio\" \/>\n<meta property=\"og:url\" content=\"https:\/\/www.azaros.eu\/es\/producto\/cordones-y-cintas\/\" \/>\n<meta property=\"og:site_name\" content=\"Azaros\" \/>\n<meta property=\"article:modified_time\" content=\"2025-04-07T13:24:44+00:00\" \/>\n<meta property=\"og:image\" content=\"https:\/\/www.azaros.eu\/wp-content\/uploads\/2018\/08\/Cordones-y-cintas-20-3.jpg\" \/>\n\t<meta property=\"og:image:width\" content=\"1200\" \/>\n\t<meta property=\"og:image:height\" content=\"700\" \/>\n\t<meta property=\"og:image:type\" content=\"image\/jpeg\" \/>\n<meta name=\"twitter:card\" content=\"summary_large_image\" \/>\n<meta name=\"twitter:label1\" content=\"Tiempo de lectura\" \/>\n\t<meta name=\"twitter:data1\" content=\"1 minuto\" \/>\n<script type=\"application\/ld+json\" class=\"yoast-schema-graph\">{\"@context\":\"https:\\\/\\\/schema.org\",\"@graph\":[{\"@type\":\"WebPage\",\"@id\":\"https:\\\/\\\/www.azaros.eu\\\/es\\\/producto\\\/cordones-y-cintas\\\/\",\"url\":\"https:\\\/\\\/www.azaros.eu\\\/es\\\/producto\\\/cordones-y-cintas\\\/\",\"name\":\"Cordones y cintas de fibra cer\u00e1mica | Azaros\",\"isPartOf\":{\"@id\":\"https:\\\/\\\/www.azaros.eu\\\/es\\\/#website\"},\"primaryImageOfPage\":{\"@id\":\"https:\\\/\\\/www.azaros.eu\\\/es\\\/producto\\\/cordones-y-cintas\\\/#primaryimage\"},\"image\":{\"@id\":\"https:\\\/\\\/www.azaros.eu\\\/es\\\/producto\\\/cordones-y-cintas\\\/#primaryimage\"},\"thumbnailUrl\":\"https:\\\/\\\/www.azaros.eu\\\/wp-content\\\/uploads\\\/2018\\\/08\\\/Cordones-y-cintas-20-3.jpg\",\"datePublished\":\"2018-08-06T09:38:18+00:00\",\"dateModified\":\"2025-04-07T13:24:44+00:00\",\"description\":\"Encuentra en Azaros.eu los mejores corodones y cintas de fibra cer\u00e1mica del mercado. Descubre los corodones y cintas de fibra cer\u00e1mica de Azaros al mejor precio\",\"breadcrumb\":{\"@id\":\"https:\\\/\\\/www.azaros.eu\\\/es\\\/producto\\\/cordones-y-cintas\\\/#breadcrumb\"},\"inLanguage\":\"es\",\"potentialAction\":[{\"@type\":\"ReadAction\",\"target\":[\"https:\\\/\\\/www.azaros.eu\\\/es\\\/producto\\\/cordones-y-cintas\\\/\"]}]},{\"@type\":\"ImageObject\",\"inLanguage\":\"es\",\"@id\":\"https:\\\/\\\/www.azaros.eu\\\/es\\\/producto\\\/cordones-y-cintas\\\/#primaryimage\",\"url\":\"https:\\\/\\\/www.azaros.eu\\\/wp-content\\\/uploads\\\/2018\\\/08\\\/Cordones-y-cintas-20-3.jpg\",\"contentUrl\":\"https:\\\/\\\/www.azaros.eu\\\/wp-content\\\/uploads\\\/2018\\\/08\\\/Cordones-y-cintas-20-3.jpg\",\"width\":1200,\"height\":700,\"caption\":\"Cordones y cintas de fibra cer\u00e1mica\"},{\"@type\":\"BreadcrumbList\",\"@id\":\"https:\\\/\\\/www.azaros.eu\\\/es\\\/producto\\\/cordones-y-cintas\\\/#breadcrumb\",\"itemListElement\":[{\"@type\":\"ListItem\",\"position\":1,\"name\":\"Azaros\",\"item\":\"https:\\\/\\\/www.azaros.eu\\\/es\\\/\"},{\"@type\":\"ListItem\",\"position\":2,\"name\":\"Productos\",\"item\":\"https:\\\/\\\/www.azaros.eu\\\/es\\\/productos\\\/\"},{\"@type\":\"ListItem\",\"position\":3,\"name\":\"Aislamiento t\u00e9rmico\",\"item\":\"https:\\\/\\\/www.azaros.eu\\\/es\\\/productos\\\/aislamiento-termico\\\/\"},{\"@type\":\"ListItem\",\"position\":4,\"name\":\"Fibras cer\u00e1micas\",\"item\":\"https:\\\/\\\/www.azaros.eu\\\/es\\\/productos\\\/aislamiento-termico\\\/fibras-ceramicas\\\/\"},{\"@type\":\"ListItem\",\"position\":5,\"name\":\"Cordones y cintas de fibra cer\u00e1mica\"}]},{\"@type\":\"WebSite\",\"@id\":\"https:\\\/\\\/www.azaros.eu\\\/es\\\/#website\",\"url\":\"https:\\\/\\\/www.azaros.eu\\\/es\\\/\",\"name\":\"Azaros\",\"description\":\"Fabricamos, distribuimos y comercializamos una gran gama de suministros.\",\"potentialAction\":[{\"@type\":\"SearchAction\",\"target\":{\"@type\":\"EntryPoint\",\"urlTemplate\":\"https:\\\/\\\/www.azaros.eu\\\/es\\\/?s={search_term_string}\"},\"query-input\":{\"@type\":\"PropertyValueSpecification\",\"valueRequired\":true,\"valueName\":\"search_term_string\"}}],\"inLanguage\":\"es\"}]}<\/script>\n<!-- \/ Yoast SEO plugin. -->","yoast_head_json":{"title":"Cordones y cintas de fibra cer\u00e1mica | Azaros","description":"Encuentra en Azaros.eu los mejores corodones y cintas de fibra cer\u00e1mica del mercado. Descubre los corodones y cintas de fibra cer\u00e1mica de Azaros al mejor precio","robots":{"index":"index","follow":"follow","max-snippet":"max-snippet:-1","max-image-preview":"max-image-preview:large","max-video-preview":"max-video-preview:-1"},"canonical":"https:\/\/www.azaros.eu\/es\/producto\/cordones-y-cintas\/","og_locale":"es_ES","og_type":"article","og_title":"Cordones y cintas de fibra cer\u00e1mica | Azaros","og_description":"Encuentra en Azaros.eu los mejores corodones y cintas de fibra cer\u00e1mica del mercado. Descubre los corodones y cintas de fibra cer\u00e1mica de Azaros al mejor precio","og_url":"https:\/\/www.azaros.eu\/es\/producto\/cordones-y-cintas\/","og_site_name":"Azaros","article_modified_time":"2025-04-07T13:24:44+00:00","og_image":[{"width":1200,"height":700,"url":"https:\/\/www.azaros.eu\/wp-content\/uploads\/2018\/08\/Cordones-y-cintas-20-3.jpg","type":"image\/jpeg"}],"twitter_card":"summary_large_image","twitter_misc":{"Tiempo de lectura":"1 minuto"},"schema":{"@context":"https:\/\/schema.org","@graph":[{"@type":"WebPage","@id":"https:\/\/www.azaros.eu\/es\/producto\/cordones-y-cintas\/","url":"https:\/\/www.azaros.eu\/es\/producto\/cordones-y-cintas\/","name":"Cordones y cintas de fibra cer\u00e1mica | Azaros","isPartOf":{"@id":"https:\/\/www.azaros.eu\/es\/#website"},"primaryImageOfPage":{"@id":"https:\/\/www.azaros.eu\/es\/producto\/cordones-y-cintas\/#primaryimage"},"image":{"@id":"https:\/\/www.azaros.eu\/es\/producto\/cordones-y-cintas\/#primaryimage"},"thumbnailUrl":"https:\/\/www.azaros.eu\/wp-content\/uploads\/2018\/08\/Cordones-y-cintas-20-3.jpg","datePublished":"2018-08-06T09:38:18+00:00","dateModified":"2025-04-07T13:24:44+00:00","description":"Encuentra en Azaros.eu los mejores corodones y cintas de fibra cer\u00e1mica del mercado. Descubre los corodones y cintas de fibra cer\u00e1mica de Azaros al mejor precio","breadcrumb":{"@id":"https:\/\/www.azaros.eu\/es\/producto\/cordones-y-cintas\/#breadcrumb"},"inLanguage":"es","potentialAction":[{"@type":"ReadAction","target":["https:\/\/www.azaros.eu\/es\/producto\/cordones-y-cintas\/"]}]},{"@type":"ImageObject","inLanguage":"es","@id":"https:\/\/www.azaros.eu\/es\/producto\/cordones-y-cintas\/#primaryimage","url":"https:\/\/www.azaros.eu\/wp-content\/uploads\/2018\/08\/Cordones-y-cintas-20-3.jpg","contentUrl":"https:\/\/www.azaros.eu\/wp-content\/uploads\/2018\/08\/Cordones-y-cintas-20-3.jpg","width":1200,"height":700,"caption":"Cordones y cintas de fibra cer\u00e1mica"},{"@type":"BreadcrumbList","@id":"https:\/\/www.azaros.eu\/es\/producto\/cordones-y-cintas\/#breadcrumb","itemListElement":[{"@type":"ListItem","position":1,"name":"Azaros","item":"https:\/\/www.azaros.eu\/es\/"},{"@type":"ListItem","position":2,"name":"Productos","item":"https:\/\/www.azaros.eu\/es\/productos\/"},{"@type":"ListItem","position":3,"name":"Aislamiento t\u00e9rmico","item":"https:\/\/www.azaros.eu\/es\/productos\/aislamiento-termico\/"},{"@type":"ListItem","position":4,"name":"Fibras cer\u00e1micas","item":"https:\/\/www.azaros.eu\/es\/productos\/aislamiento-termico\/fibras-ceramicas\/"},{"@type":"ListItem","position":5,"name":"Cordones y cintas de fibra cer\u00e1mica"}]},{"@type":"WebSite","@id":"https:\/\/www.azaros.eu\/es\/#website","url":"https:\/\/www.azaros.eu\/es\/","name":"Azaros","description":"Fabricamos, distribuimos y comercializamos una gran gama de suministros.","potentialAction":[{"@type":"SearchAction","target":{"@type":"EntryPoint","urlTemplate":"https:\/\/www.azaros.eu\/es\/?s={search_term_string}"},"query-input":{"@type":"PropertyValueSpecification","valueRequired":true,"valueName":"search_term_string"}}],"inLanguage":"es"}]}},"_links":{"self":[{"href":"https:\/\/www.azaros.eu\/es\/wp-json\/wp\/v2\/product\/144","targetHints":{"allow":["GET"]}}],"collection":[{"href":"https:\/\/www.azaros.eu\/es\/wp-json\/wp\/v2\/product"}],"about":[{"href":"https:\/\/www.azaros.eu\/es\/wp-json\/wp\/v2\/types\/product"}],"wp:featuredmedia":[{"embeddable":true,"href":"https:\/\/www.azaros.eu\/es\/wp-json\/wp\/v2\/media\/1441"}],"wp:attachment":[{"href":"https:\/\/www.azaros.eu\/es\/wp-json\/wp\/v2\/media?parent=144"}],"wp:term":[{"taxonomy":"product_brand","embeddable":true,"href":"https:\/\/www.azaros.eu\/es\/wp-json\/wp\/v2\/product_brand?post=144"},{"taxonomy":"product_cat","embeddable":true,"href":"https:\/\/www.azaros.eu\/es\/wp-json\/wp\/v2\/product_cat?post=144"},{"taxonomy":"product_tag","embeddable":true,"href":"https:\/\/www.azaros.eu\/es\/wp-json\/wp\/v2\/product_tag?post=144"}],"curies":[{"name":"wp","href":"https:\/\/api.w.org\/{rel}","templated":true}]}}