{"id":1451,"date":"2018-11-24T10:11:11","date_gmt":"2018-11-24T10:11:11","guid":{"rendered":"https:\/\/www.azaros.eu\/?post_type=product&#038;p=1451"},"modified":"2025-06-27T08:18:32","modified_gmt":"2025-06-27T07:18:32","slug":"bolas-alumina","status":"publish","type":"product","link":"https:\/\/www.azaros.eu\/es\/producto\/bolas-alumina\/","title":{"rendered":"Bolas de al\u00famina"},"content":{"rendered":"<div class=\"row\"  id=\"row-817771479\">\n\n\t<div id=\"col-474595628\" class=\"col medium-6 small-12 large-6\"  >\n\t\t\t\t<div class=\"col-inner\"  >\n\t\t\t\n\t\t\t\n<div class=\"container section-title-container\" ><h2 class=\"section-title section-title-normal\"><b aria-hidden=\"true\"><\/b><span class=\"section-title-main\" style=\"font-size:80%;\">Caracter\u00edsticas<\/span><b aria-hidden=\"true\"><\/b><\/h2><\/div>\n<p>Debido a su elevada pureza y bajo contenido en s\u00edlice, estas bolas est\u00e1n especialmente dise\u00f1adas para aplicaciones de alta temperatura en ambientes adversos, donde hay presencia de \u00e1cidos y vapor a alta temperatura.<\/p>\n\t\t<\/div>\n\t\t\t\t\t<\/div>\n\n\t\n\n\t<div id=\"col-1129627026\" class=\"col medium-6 small-12 large-6\"  >\n\t\t\t\t<div class=\"col-inner\"  >\n\t\t\t\n\t\t\t\n<div class=\"container section-title-container\" ><h2 class=\"section-title section-title-normal\"><b aria-hidden=\"true\"><\/b><span class=\"section-title-main\" style=\"font-size:80%;\">Aplicaciones t\u00edpicas<\/span><b aria-hidden=\"true\"><\/b><\/h2><\/div>\n<p>En quemadores regenerativos de hornos industriales, como filtros de aluminio l\u00edquido, en molienda de diferentes tipos de materiales.<\/p>\n\t\t<\/div>\n\t\t\t\t\t<\/div>\n\n\t\n<\/div>\n","protected":false},"excerpt":{"rendered":"<p>Bolas fabricadas con un alto porcentaje de al\u00famina en su grado m\u00e1s alto de calcinaci\u00f3n, lo que les otorga unas altas propiedades mec\u00e1nicas y una gran resistencia al estr\u00e9s t\u00e9rmico.<\/p>\n","protected":false},"featured_media":1665,"template":"","meta":[],"product_brand":[],"product_cat":[34],"product_tag":[],"class_list":{"0":"post-1451","1":"product","2":"type-product","3":"status-publish","4":"has-post-thumbnail","6":"product_cat-consumibles-de-fundicion","8":"first","9":"instock","10":"shipping-taxable","11":"product-type-simple"},"yoast_head":"<!-- This site is optimized with the Yoast SEO plugin v27.5 - https:\/\/yoast.com\/product\/yoast-seo-wordpress\/ -->\n<title>Alta Al\u00famina | Azaros<\/title>\n<meta name=\"description\" content=\"Bolas fabricadas con un alto porcentaje de al\u00famina en su grado m\u00e1s alto de calcinaci\u00f3n, lo que les otorga unas altas propiedades mec\u00e1nicas y una gran resistencia al estr\u00e9s t\u00e9rmico.\" \/>\n<meta name=\"robots\" content=\"index, follow, max-snippet:-1, max-image-preview:large, max-video-preview:-1\" \/>\n<link rel=\"canonical\" href=\"https:\/\/www.azaros.eu\/es\/producto\/bolas-alumina\/\" \/>\n<meta property=\"og:locale\" content=\"es_ES\" \/>\n<meta property=\"og:type\" content=\"article\" \/>\n<meta property=\"og:title\" content=\"Alta Al\u00famina | Azaros\" \/>\n<meta property=\"og:description\" content=\"Bolas fabricadas con un alto porcentaje de al\u00famina en su grado m\u00e1s alto de calcinaci\u00f3n, lo que les otorga unas altas propiedades mec\u00e1nicas y una gran resistencia al estr\u00e9s t\u00e9rmico.\" \/>\n<meta property=\"og:url\" content=\"https:\/\/www.azaros.eu\/es\/producto\/bolas-alumina\/\" \/>\n<meta property=\"og:site_name\" content=\"Azaros\" \/>\n<meta property=\"article:modified_time\" content=\"2025-06-27T07:18:32+00:00\" \/>\n<meta property=\"og:image\" content=\"https:\/\/www.azaros.eu\/wp-content\/uploads\/2018\/11\/Bolas-Alumina.jpg\" \/>\n\t<meta property=\"og:image:width\" content=\"1200\" \/>\n\t<meta property=\"og:image:height\" content=\"700\" \/>\n\t<meta property=\"og:image:type\" content=\"image\/jpeg\" \/>\n<meta name=\"twitter:card\" content=\"summary_large_image\" \/>\n<meta name=\"twitter:label1\" content=\"Tiempo de lectura\" \/>\n\t<meta name=\"twitter:data1\" content=\"1 minuto\" \/>\n<script type=\"application\/ld+json\" class=\"yoast-schema-graph\">{\"@context\":\"https:\\\/\\\/schema.org\",\"@graph\":[{\"@type\":\"WebPage\",\"@id\":\"https:\\\/\\\/www.azaros.eu\\\/es\\\/producto\\\/bolas-alumina\\\/\",\"url\":\"https:\\\/\\\/www.azaros.eu\\\/es\\\/producto\\\/bolas-alumina\\\/\",\"name\":\"Alta Al\u00famina | Azaros\",\"isPartOf\":{\"@id\":\"https:\\\/\\\/www.azaros.eu\\\/es\\\/#website\"},\"primaryImageOfPage\":{\"@id\":\"https:\\\/\\\/www.azaros.eu\\\/es\\\/producto\\\/bolas-alumina\\\/#primaryimage\"},\"image\":{\"@id\":\"https:\\\/\\\/www.azaros.eu\\\/es\\\/producto\\\/bolas-alumina\\\/#primaryimage\"},\"thumbnailUrl\":\"https:\\\/\\\/www.azaros.eu\\\/wp-content\\\/uploads\\\/2018\\\/11\\\/Bolas-Alumina.jpg\",\"datePublished\":\"2018-11-24T10:11:11+00:00\",\"dateModified\":\"2025-06-27T07:18:32+00:00\",\"description\":\"Bolas fabricadas con un alto porcentaje de al\u00famina en su grado m\u00e1s alto de calcinaci\u00f3n, lo que les otorga unas altas propiedades mec\u00e1nicas y una gran resistencia al estr\u00e9s t\u00e9rmico.\",\"breadcrumb\":{\"@id\":\"https:\\\/\\\/www.azaros.eu\\\/es\\\/producto\\\/bolas-alumina\\\/#breadcrumb\"},\"inLanguage\":\"es\",\"potentialAction\":[{\"@type\":\"ReadAction\",\"target\":[\"https:\\\/\\\/www.azaros.eu\\\/es\\\/producto\\\/bolas-alumina\\\/\"]}]},{\"@type\":\"ImageObject\",\"inLanguage\":\"es\",\"@id\":\"https:\\\/\\\/www.azaros.eu\\\/es\\\/producto\\\/bolas-alumina\\\/#primaryimage\",\"url\":\"https:\\\/\\\/www.azaros.eu\\\/wp-content\\\/uploads\\\/2018\\\/11\\\/Bolas-Alumina.jpg\",\"contentUrl\":\"https:\\\/\\\/www.azaros.eu\\\/wp-content\\\/uploads\\\/2018\\\/11\\\/Bolas-Alumina.jpg\",\"width\":1200,\"height\":700},{\"@type\":\"BreadcrumbList\",\"@id\":\"https:\\\/\\\/www.azaros.eu\\\/es\\\/producto\\\/bolas-alumina\\\/#breadcrumb\",\"itemListElement\":[{\"@type\":\"ListItem\",\"position\":1,\"name\":\"Azaros\",\"item\":\"https:\\\/\\\/www.azaros.eu\\\/es\\\/\"},{\"@type\":\"ListItem\",\"position\":2,\"name\":\"Productos\",\"item\":\"https:\\\/\\\/www.azaros.eu\\\/es\\\/productos\\\/\"},{\"@type\":\"ListItem\",\"position\":3,\"name\":\"Suministros fundici\u00f3n\",\"item\":\"https:\\\/\\\/www.azaros.eu\\\/es\\\/productos\\\/suministros-fundicion\\\/\"},{\"@type\":\"ListItem\",\"position\":4,\"name\":\"Consumibles de fundici\u00f3n\",\"item\":\"https:\\\/\\\/www.azaros.eu\\\/es\\\/productos\\\/suministros-fundicion\\\/consumibles-de-fundicion\\\/\"},{\"@type\":\"ListItem\",\"position\":5,\"name\":\"Bolas de al\u00famina\"}]},{\"@type\":\"WebSite\",\"@id\":\"https:\\\/\\\/www.azaros.eu\\\/es\\\/#website\",\"url\":\"https:\\\/\\\/www.azaros.eu\\\/es\\\/\",\"name\":\"Azaros\",\"description\":\"Fabricamos, distribuimos y comercializamos una gran gama de suministros.\",\"potentialAction\":[{\"@type\":\"SearchAction\",\"target\":{\"@type\":\"EntryPoint\",\"urlTemplate\":\"https:\\\/\\\/www.azaros.eu\\\/es\\\/?s={search_term_string}\"},\"query-input\":{\"@type\":\"PropertyValueSpecification\",\"valueRequired\":true,\"valueName\":\"search_term_string\"}}],\"inLanguage\":\"es\"}]}<\/script>\n<!-- \/ Yoast SEO plugin. -->","yoast_head_json":{"title":"Alta Al\u00famina | Azaros","description":"Bolas fabricadas con un alto porcentaje de al\u00famina en su grado m\u00e1s alto de calcinaci\u00f3n, lo que les otorga unas altas propiedades mec\u00e1nicas y una gran resistencia al estr\u00e9s t\u00e9rmico.","robots":{"index":"index","follow":"follow","max-snippet":"max-snippet:-1","max-image-preview":"max-image-preview:large","max-video-preview":"max-video-preview:-1"},"canonical":"https:\/\/www.azaros.eu\/es\/producto\/bolas-alumina\/","og_locale":"es_ES","og_type":"article","og_title":"Alta Al\u00famina | Azaros","og_description":"Bolas fabricadas con un alto porcentaje de al\u00famina en su grado m\u00e1s alto de calcinaci\u00f3n, lo que les otorga unas altas propiedades mec\u00e1nicas y una gran resistencia al estr\u00e9s t\u00e9rmico.","og_url":"https:\/\/www.azaros.eu\/es\/producto\/bolas-alumina\/","og_site_name":"Azaros","article_modified_time":"2025-06-27T07:18:32+00:00","og_image":[{"width":1200,"height":700,"url":"https:\/\/www.azaros.eu\/wp-content\/uploads\/2018\/11\/Bolas-Alumina.jpg","type":"image\/jpeg"}],"twitter_card":"summary_large_image","twitter_misc":{"Tiempo de lectura":"1 minuto"},"schema":{"@context":"https:\/\/schema.org","@graph":[{"@type":"WebPage","@id":"https:\/\/www.azaros.eu\/es\/producto\/bolas-alumina\/","url":"https:\/\/www.azaros.eu\/es\/producto\/bolas-alumina\/","name":"Alta Al\u00famina | Azaros","isPartOf":{"@id":"https:\/\/www.azaros.eu\/es\/#website"},"primaryImageOfPage":{"@id":"https:\/\/www.azaros.eu\/es\/producto\/bolas-alumina\/#primaryimage"},"image":{"@id":"https:\/\/www.azaros.eu\/es\/producto\/bolas-alumina\/#primaryimage"},"thumbnailUrl":"https:\/\/www.azaros.eu\/wp-content\/uploads\/2018\/11\/Bolas-Alumina.jpg","datePublished":"2018-11-24T10:11:11+00:00","dateModified":"2025-06-27T07:18:32+00:00","description":"Bolas fabricadas con un alto porcentaje de al\u00famina en su grado m\u00e1s alto de calcinaci\u00f3n, lo que les otorga unas altas propiedades mec\u00e1nicas y una gran resistencia al estr\u00e9s t\u00e9rmico.","breadcrumb":{"@id":"https:\/\/www.azaros.eu\/es\/producto\/bolas-alumina\/#breadcrumb"},"inLanguage":"es","potentialAction":[{"@type":"ReadAction","target":["https:\/\/www.azaros.eu\/es\/producto\/bolas-alumina\/"]}]},{"@type":"ImageObject","inLanguage":"es","@id":"https:\/\/www.azaros.eu\/es\/producto\/bolas-alumina\/#primaryimage","url":"https:\/\/www.azaros.eu\/wp-content\/uploads\/2018\/11\/Bolas-Alumina.jpg","contentUrl":"https:\/\/www.azaros.eu\/wp-content\/uploads\/2018\/11\/Bolas-Alumina.jpg","width":1200,"height":700},{"@type":"BreadcrumbList","@id":"https:\/\/www.azaros.eu\/es\/producto\/bolas-alumina\/#breadcrumb","itemListElement":[{"@type":"ListItem","position":1,"name":"Azaros","item":"https:\/\/www.azaros.eu\/es\/"},{"@type":"ListItem","position":2,"name":"Productos","item":"https:\/\/www.azaros.eu\/es\/productos\/"},{"@type":"ListItem","position":3,"name":"Suministros fundici\u00f3n","item":"https:\/\/www.azaros.eu\/es\/productos\/suministros-fundicion\/"},{"@type":"ListItem","position":4,"name":"Consumibles de fundici\u00f3n","item":"https:\/\/www.azaros.eu\/es\/productos\/suministros-fundicion\/consumibles-de-fundicion\/"},{"@type":"ListItem","position":5,"name":"Bolas de al\u00famina"}]},{"@type":"WebSite","@id":"https:\/\/www.azaros.eu\/es\/#website","url":"https:\/\/www.azaros.eu\/es\/","name":"Azaros","description":"Fabricamos, distribuimos y comercializamos una gran gama de suministros.","potentialAction":[{"@type":"SearchAction","target":{"@type":"EntryPoint","urlTemplate":"https:\/\/www.azaros.eu\/es\/?s={search_term_string}"},"query-input":{"@type":"PropertyValueSpecification","valueRequired":true,"valueName":"search_term_string"}}],"inLanguage":"es"}]}},"_links":{"self":[{"href":"https:\/\/www.azaros.eu\/es\/wp-json\/wp\/v2\/product\/1451","targetHints":{"allow":["GET"]}}],"collection":[{"href":"https:\/\/www.azaros.eu\/es\/wp-json\/wp\/v2\/product"}],"about":[{"href":"https:\/\/www.azaros.eu\/es\/wp-json\/wp\/v2\/types\/product"}],"wp:featuredmedia":[{"embeddable":true,"href":"https:\/\/www.azaros.eu\/es\/wp-json\/wp\/v2\/media\/1665"}],"wp:attachment":[{"href":"https:\/\/www.azaros.eu\/es\/wp-json\/wp\/v2\/media?parent=1451"}],"wp:term":[{"taxonomy":"product_brand","embeddable":true,"href":"https:\/\/www.azaros.eu\/es\/wp-json\/wp\/v2\/product_brand?post=1451"},{"taxonomy":"product_cat","embeddable":true,"href":"https:\/\/www.azaros.eu\/es\/wp-json\/wp\/v2\/product_cat?post=1451"},{"taxonomy":"product_tag","embeddable":true,"href":"https:\/\/www.azaros.eu\/es\/wp-json\/wp\/v2\/product_tag?post=1451"}],"curies":[{"name":"wp","href":"https:\/\/api.w.org\/{rel}","templated":true}]}}