{"id":165,"date":"2018-08-06T09:38:22","date_gmt":"2018-08-06T09:38:22","guid":{"rendered":"https:\/\/www.azaros.eu\/producto\/placas-de-coordierita\/"},"modified":"2025-04-08T12:48:19","modified_gmt":"2025-04-08T11:48:19","slug":"placas-de-cordierita","status":"publish","type":"product","link":"https:\/\/www.azaros.eu\/es\/producto\/placas-de-cordierita\/","title":{"rendered":"Cordierita"},"content":{"rendered":"\n","protected":false},"excerpt":{"rendered":"<p>La cer\u00e1mica de cordierita es un tipo de silicato de magnesio y aluminio con buenas propiedades de choque t\u00e9rmico. La conductividad y la expansi\u00f3n t\u00e9rmicas de la cordierita tambi\u00e9n son muy bajas y la rentabilidad es muy alta. A menudo se utiliza como cer\u00e1mica estructural de muebles de horno y otras aplicaciones donde la temperatura cambia r\u00e1pidamente. La cordierita de alta densidad se puede presionar f\u00e1cilmente en componentes t\u00e9cnicos, mientras que la cordierita porosa tiene un rendimiento superior al choque t\u00e9rmico, por lo que se puede utilizar en aplicaciones de calefacci\u00f3n. Aguanta temperaturas en continuo de hasta 1200\u00ba-1220\u00ba.<\/p>\n","protected":false},"featured_media":1151,"template":"","meta":[],"product_brand":[],"product_cat":[135],"product_tag":[],"class_list":{"0":"post-165","1":"product","2":"type-product","3":"status-publish","4":"has-post-thumbnail","6":"product_cat-piezas-ceramicas","8":"first","9":"instock","10":"shipping-taxable","11":"product-type-simple"},"yoast_head":"<!-- This site is optimized with the Yoast SEO plugin v27.6 - https:\/\/yoast.com\/product\/yoast-seo-wordpress\/ -->\n<title>Cordierita | Azaros<\/title>\n<meta name=\"description\" content=\"Encuentra en Azaros.eu la mejor cordierita del mercado. Descubre la cordierita de Azaros al mejor precio\" \/>\n<meta name=\"robots\" content=\"index, follow, max-snippet:-1, max-image-preview:large, max-video-preview:-1\" \/>\n<link rel=\"canonical\" href=\"https:\/\/www.azaros.eu\/es\/producto\/placas-de-cordierita\/\" \/>\n<meta property=\"og:locale\" content=\"es_ES\" \/>\n<meta property=\"og:type\" content=\"article\" \/>\n<meta property=\"og:title\" content=\"Cordierita | Azaros\" \/>\n<meta property=\"og:description\" content=\"Encuentra en Azaros.eu la mejor cordierita del mercado. Descubre la cordierita de Azaros al mejor precio\" \/>\n<meta property=\"og:url\" content=\"https:\/\/www.azaros.eu\/es\/producto\/placas-de-cordierita\/\" \/>\n<meta property=\"og:site_name\" content=\"Azaros\" \/>\n<meta property=\"article:modified_time\" content=\"2025-04-08T11:48:19+00:00\" \/>\n<meta property=\"og:image\" content=\"https:\/\/www.azaros.eu\/wp-content\/uploads\/2018\/08\/Piezas-Cordierita-y-Esteatita-10-46.jpg\" \/>\n\t<meta property=\"og:image:width\" content=\"1200\" \/>\n\t<meta property=\"og:image:height\" content=\"699\" \/>\n\t<meta property=\"og:image:type\" content=\"image\/jpeg\" \/>\n<meta name=\"twitter:card\" content=\"summary_large_image\" \/>\n<meta name=\"twitter:label1\" content=\"Tiempo de lectura\" \/>\n\t<meta name=\"twitter:data1\" content=\"1 minuto\" \/>\n<script type=\"application\/ld+json\" class=\"yoast-schema-graph\">{\"@context\":\"https:\\\/\\\/schema.org\",\"@graph\":[{\"@type\":\"WebPage\",\"@id\":\"https:\\\/\\\/www.azaros.eu\\\/es\\\/producto\\\/placas-de-cordierita\\\/\",\"url\":\"https:\\\/\\\/www.azaros.eu\\\/es\\\/producto\\\/placas-de-cordierita\\\/\",\"name\":\"Cordierita | Azaros\",\"isPartOf\":{\"@id\":\"https:\\\/\\\/www.azaros.eu\\\/es\\\/#website\"},\"primaryImageOfPage\":{\"@id\":\"https:\\\/\\\/www.azaros.eu\\\/es\\\/producto\\\/placas-de-cordierita\\\/#primaryimage\"},\"image\":{\"@id\":\"https:\\\/\\\/www.azaros.eu\\\/es\\\/producto\\\/placas-de-cordierita\\\/#primaryimage\"},\"thumbnailUrl\":\"https:\\\/\\\/www.azaros.eu\\\/wp-content\\\/uploads\\\/2018\\\/08\\\/Piezas-Cordierita-y-Esteatita-10-46.jpg\",\"datePublished\":\"2018-08-06T09:38:22+00:00\",\"dateModified\":\"2025-04-08T11:48:19+00:00\",\"description\":\"Encuentra en Azaros.eu la mejor cordierita del mercado. Descubre la cordierita de Azaros al mejor precio\",\"breadcrumb\":{\"@id\":\"https:\\\/\\\/www.azaros.eu\\\/es\\\/producto\\\/placas-de-cordierita\\\/#breadcrumb\"},\"inLanguage\":\"es\",\"potentialAction\":[{\"@type\":\"ReadAction\",\"target\":[\"https:\\\/\\\/www.azaros.eu\\\/es\\\/producto\\\/placas-de-cordierita\\\/\"]}]},{\"@type\":\"ImageObject\",\"inLanguage\":\"es\",\"@id\":\"https:\\\/\\\/www.azaros.eu\\\/es\\\/producto\\\/placas-de-cordierita\\\/#primaryimage\",\"url\":\"https:\\\/\\\/www.azaros.eu\\\/wp-content\\\/uploads\\\/2018\\\/08\\\/Piezas-Cordierita-y-Esteatita-10-46.jpg\",\"contentUrl\":\"https:\\\/\\\/www.azaros.eu\\\/wp-content\\\/uploads\\\/2018\\\/08\\\/Piezas-Cordierita-y-Esteatita-10-46.jpg\",\"width\":1200,\"height\":699,\"caption\":\"Piezas Cordierita y Esteatita\"},{\"@type\":\"BreadcrumbList\",\"@id\":\"https:\\\/\\\/www.azaros.eu\\\/es\\\/producto\\\/placas-de-cordierita\\\/#breadcrumb\",\"itemListElement\":[{\"@type\":\"ListItem\",\"position\":1,\"name\":\"Azaros\",\"item\":\"https:\\\/\\\/www.azaros.eu\\\/es\\\/\"},{\"@type\":\"ListItem\",\"position\":2,\"name\":\"Productos\",\"item\":\"https:\\\/\\\/www.azaros.eu\\\/es\\\/productos\\\/\"},{\"@type\":\"ListItem\",\"position\":3,\"name\":\"Aislamiento el\u00e9ctrico\",\"item\":\"https:\\\/\\\/www.azaros.eu\\\/es\\\/productos\\\/aislamiento-electrico\\\/\"},{\"@type\":\"ListItem\",\"position\":4,\"name\":\"Piezas cer\u00e1micas\",\"item\":\"https:\\\/\\\/www.azaros.eu\\\/es\\\/productos\\\/aislamiento-electrico\\\/piezas-ceramicas\\\/\"},{\"@type\":\"ListItem\",\"position\":5,\"name\":\"Cordierita\"}]},{\"@type\":\"WebSite\",\"@id\":\"https:\\\/\\\/www.azaros.eu\\\/es\\\/#website\",\"url\":\"https:\\\/\\\/www.azaros.eu\\\/es\\\/\",\"name\":\"Azaros\",\"description\":\"Fabricamos, distribuimos y comercializamos una gran gama de suministros.\",\"potentialAction\":[{\"@type\":\"SearchAction\",\"target\":{\"@type\":\"EntryPoint\",\"urlTemplate\":\"https:\\\/\\\/www.azaros.eu\\\/es\\\/?s={search_term_string}\"},\"query-input\":{\"@type\":\"PropertyValueSpecification\",\"valueRequired\":true,\"valueName\":\"search_term_string\"}}],\"inLanguage\":\"es\"}]}<\/script>\n<!-- \/ Yoast SEO plugin. -->","yoast_head_json":{"title":"Cordierita | Azaros","description":"Encuentra en Azaros.eu la mejor cordierita del mercado. Descubre la cordierita de Azaros al mejor precio","robots":{"index":"index","follow":"follow","max-snippet":"max-snippet:-1","max-image-preview":"max-image-preview:large","max-video-preview":"max-video-preview:-1"},"canonical":"https:\/\/www.azaros.eu\/es\/producto\/placas-de-cordierita\/","og_locale":"es_ES","og_type":"article","og_title":"Cordierita | Azaros","og_description":"Encuentra en Azaros.eu la mejor cordierita del mercado. Descubre la cordierita de Azaros al mejor precio","og_url":"https:\/\/www.azaros.eu\/es\/producto\/placas-de-cordierita\/","og_site_name":"Azaros","article_modified_time":"2025-04-08T11:48:19+00:00","og_image":[{"width":1200,"height":699,"url":"https:\/\/www.azaros.eu\/wp-content\/uploads\/2018\/08\/Piezas-Cordierita-y-Esteatita-10-46.jpg","type":"image\/jpeg"}],"twitter_card":"summary_large_image","twitter_misc":{"Tiempo de lectura":"1 minuto"},"schema":{"@context":"https:\/\/schema.org","@graph":[{"@type":"WebPage","@id":"https:\/\/www.azaros.eu\/es\/producto\/placas-de-cordierita\/","url":"https:\/\/www.azaros.eu\/es\/producto\/placas-de-cordierita\/","name":"Cordierita | Azaros","isPartOf":{"@id":"https:\/\/www.azaros.eu\/es\/#website"},"primaryImageOfPage":{"@id":"https:\/\/www.azaros.eu\/es\/producto\/placas-de-cordierita\/#primaryimage"},"image":{"@id":"https:\/\/www.azaros.eu\/es\/producto\/placas-de-cordierita\/#primaryimage"},"thumbnailUrl":"https:\/\/www.azaros.eu\/wp-content\/uploads\/2018\/08\/Piezas-Cordierita-y-Esteatita-10-46.jpg","datePublished":"2018-08-06T09:38:22+00:00","dateModified":"2025-04-08T11:48:19+00:00","description":"Encuentra en Azaros.eu la mejor cordierita del mercado. Descubre la cordierita de Azaros al mejor precio","breadcrumb":{"@id":"https:\/\/www.azaros.eu\/es\/producto\/placas-de-cordierita\/#breadcrumb"},"inLanguage":"es","potentialAction":[{"@type":"ReadAction","target":["https:\/\/www.azaros.eu\/es\/producto\/placas-de-cordierita\/"]}]},{"@type":"ImageObject","inLanguage":"es","@id":"https:\/\/www.azaros.eu\/es\/producto\/placas-de-cordierita\/#primaryimage","url":"https:\/\/www.azaros.eu\/wp-content\/uploads\/2018\/08\/Piezas-Cordierita-y-Esteatita-10-46.jpg","contentUrl":"https:\/\/www.azaros.eu\/wp-content\/uploads\/2018\/08\/Piezas-Cordierita-y-Esteatita-10-46.jpg","width":1200,"height":699,"caption":"Piezas Cordierita y Esteatita"},{"@type":"BreadcrumbList","@id":"https:\/\/www.azaros.eu\/es\/producto\/placas-de-cordierita\/#breadcrumb","itemListElement":[{"@type":"ListItem","position":1,"name":"Azaros","item":"https:\/\/www.azaros.eu\/es\/"},{"@type":"ListItem","position":2,"name":"Productos","item":"https:\/\/www.azaros.eu\/es\/productos\/"},{"@type":"ListItem","position":3,"name":"Aislamiento el\u00e9ctrico","item":"https:\/\/www.azaros.eu\/es\/productos\/aislamiento-electrico\/"},{"@type":"ListItem","position":4,"name":"Piezas cer\u00e1micas","item":"https:\/\/www.azaros.eu\/es\/productos\/aislamiento-electrico\/piezas-ceramicas\/"},{"@type":"ListItem","position":5,"name":"Cordierita"}]},{"@type":"WebSite","@id":"https:\/\/www.azaros.eu\/es\/#website","url":"https:\/\/www.azaros.eu\/es\/","name":"Azaros","description":"Fabricamos, distribuimos y comercializamos una gran gama de suministros.","potentialAction":[{"@type":"SearchAction","target":{"@type":"EntryPoint","urlTemplate":"https:\/\/www.azaros.eu\/es\/?s={search_term_string}"},"query-input":{"@type":"PropertyValueSpecification","valueRequired":true,"valueName":"search_term_string"}}],"inLanguage":"es"}]}},"_links":{"self":[{"href":"https:\/\/www.azaros.eu\/es\/wp-json\/wp\/v2\/product\/165","targetHints":{"allow":["GET"]}}],"collection":[{"href":"https:\/\/www.azaros.eu\/es\/wp-json\/wp\/v2\/product"}],"about":[{"href":"https:\/\/www.azaros.eu\/es\/wp-json\/wp\/v2\/types\/product"}],"wp:featuredmedia":[{"embeddable":true,"href":"https:\/\/www.azaros.eu\/es\/wp-json\/wp\/v2\/media\/1151"}],"wp:attachment":[{"href":"https:\/\/www.azaros.eu\/es\/wp-json\/wp\/v2\/media?parent=165"}],"wp:term":[{"taxonomy":"product_brand","embeddable":true,"href":"https:\/\/www.azaros.eu\/es\/wp-json\/wp\/v2\/product_brand?post=165"},{"taxonomy":"product_cat","embeddable":true,"href":"https:\/\/www.azaros.eu\/es\/wp-json\/wp\/v2\/product_cat?post=165"},{"taxonomy":"product_tag","embeddable":true,"href":"https:\/\/www.azaros.eu\/es\/wp-json\/wp\/v2\/product_tag?post=165"}],"curies":[{"name":"wp","href":"https:\/\/api.w.org\/{rel}","templated":true}]}}