{"id":168,"date":"2018-08-06T09:38:23","date_gmt":"2018-08-06T09:38:23","guid":{"rendered":"https:\/\/www.azaros.eu\/producto\/silicato-baja-densidad\/"},"modified":"2025-04-07T15:13:40","modified_gmt":"2025-04-07T14:13:40","slug":"placas-de-silicato-calcico","status":"publish","type":"product","link":"https:\/\/www.azaros.eu\/es\/producto\/placas-de-silicato-calcico\/","title":{"rendered":"Placas de Silicato C\u00e1lcico"},"content":{"rendered":"<div class=\"row\"  id=\"row-277580078\">\n\n\t<div id=\"col-543474220\" class=\"col medium-6 small-12 large-6\"  >\n\t\t\t\t<div class=\"col-inner\"  >\n\t\t\t\n\t\t\t\n<div class=\"container section-title-container\" ><h2 class=\"section-title section-title-normal\"><b aria-hidden=\"true\"><\/b><span class=\"section-title-main\" style=\"font-size:80%;\">Caracter\u00edsticas<\/span><b aria-hidden=\"true\"><\/b><\/h2><\/div>\n<ul>\n<li>Las placas son de color gris claro y lisas, r\u00edgidas y sin polvo.<\/li>\n<li>Las placas se presentan en las siguientes dimensiones estandar:\n<ul style=\"list-style-type: square;\">\n<li>Dimensiones est\u00e1ndar: 1000 x 1220 &#8211; 1000 x 610 &#8211; 1000 x 305 mm.<\/li>\n<li>Rango de espesores: desde 25 hasta 100 mm.<\/li>\n<\/ul>\n<\/li>\n<li>La composici\u00f3n del producto permite un f\u00e1cil corte as\u00ed como el suministro de formas especiales mecanizadas a especificaci\u00f3n del cliente.<\/li>\n<li>Opcionalmente se puede suministrar con un tratamiento repelente al agua en un lado.<\/li>\n<li>Disponible para 1000-1100\u00ba.<\/li>\n<\/ul>\n\t\t<\/div>\n\t\t\t\t\t<\/div>\n\n\t\n\n\t<div id=\"col-636213231\" class=\"col medium-6 small-12 large-6\"  >\n\t\t\t\t<div class=\"col-inner\"  >\n\t\t\t\n\t\t\t\n<div class=\"container section-title-container\" ><h2 class=\"section-title section-title-normal\"><b aria-hidden=\"true\"><\/b><span class=\"section-title-main\" style=\"font-size:80%;\">Aplicaciones t\u00edpicas<\/span><b aria-hidden=\"true\"><\/b><\/h2><\/div>\n<p>Las placas est\u00e1n dise\u00f1adas para su aplicaci\u00f3n como aislante de respaldo de cualquier revestimiento refractario (ladrillos densos, ladrillos aislantes, hormigones, masas pl\u00e1sticas, etc) para el aislamiento de hornos industriales, estufas, calderas, regeneradores y otros equipos de combusti\u00f3n o proceso a alta temperatura.<\/p>\n\t\t<\/div>\n\t\t\t\t\t<\/div>\n\n\t\n<\/div>\n","protected":false},"excerpt":{"rendered":"<p>Las placas de silicato c\u00e1lcico cubren una gama de placas aislantes extremadamente ligeras con excelente valor aislante, alta resistencia mec\u00e1nica y buena resistencia al calor.<\/p>\n","protected":false},"featured_media":1171,"template":"","meta":[],"product_brand":[],"product_cat":[29],"product_tag":[],"class_list":{"0":"post-168","1":"product","2":"type-product","3":"status-publish","4":"has-post-thumbnail","6":"product_cat-silicato-calcico","8":"first","9":"instock","10":"shipping-taxable","11":"product-type-simple"},"yoast_head":"<!-- This site is optimized with the Yoast SEO plugin v27.5 - https:\/\/yoast.com\/product\/yoast-seo-wordpress\/ -->\n<title>Placas de Silicato C\u00e1lcico | Azaros<\/title>\n<meta name=\"description\" content=\"Las placas de silicato c\u00e1lcico SUPER cubren una gama de placas aislantes extremadamente ligeras con excelente valor aislante, alta resistencia mec\u00e1nica y buena resistencia al calor.\" \/>\n<meta name=\"robots\" content=\"index, follow, max-snippet:-1, max-image-preview:large, max-video-preview:-1\" \/>\n<link rel=\"canonical\" href=\"https:\/\/www.azaros.eu\/es\/producto\/placas-de-silicato-calcico\/\" \/>\n<meta property=\"og:locale\" content=\"es_ES\" \/>\n<meta property=\"og:type\" content=\"article\" \/>\n<meta property=\"og:title\" content=\"Placas de Silicato C\u00e1lcico | Azaros\" \/>\n<meta property=\"og:description\" content=\"Las placas de silicato c\u00e1lcico SUPER cubren una gama de placas aislantes extremadamente ligeras con excelente valor aislante, alta resistencia mec\u00e1nica y buena resistencia al calor.\" \/>\n<meta property=\"og:url\" content=\"https:\/\/www.azaros.eu\/es\/producto\/placas-de-silicato-calcico\/\" \/>\n<meta property=\"og:site_name\" content=\"Azaros\" \/>\n<meta property=\"article:modified_time\" content=\"2025-04-07T14:13:40+00:00\" \/>\n<meta property=\"og:image\" content=\"https:\/\/www.azaros.eu\/wp-content\/uploads\/2018\/08\/Tiras-Silicato-Calcico-11-2-15.jpg\" \/>\n\t<meta property=\"og:image:width\" content=\"1200\" \/>\n\t<meta property=\"og:image:height\" content=\"700\" \/>\n\t<meta property=\"og:image:type\" content=\"image\/jpeg\" \/>\n<meta name=\"twitter:card\" content=\"summary_large_image\" \/>\n<meta name=\"twitter:label1\" content=\"Tiempo de lectura\" \/>\n\t<meta name=\"twitter:data1\" content=\"1 minuto\" \/>\n<script type=\"application\/ld+json\" class=\"yoast-schema-graph\">{\"@context\":\"https:\\\/\\\/schema.org\",\"@graph\":[{\"@type\":\"WebPage\",\"@id\":\"https:\\\/\\\/www.azaros.eu\\\/es\\\/producto\\\/placas-de-silicato-calcico\\\/\",\"url\":\"https:\\\/\\\/www.azaros.eu\\\/es\\\/producto\\\/placas-de-silicato-calcico\\\/\",\"name\":\"Placas de Silicato C\u00e1lcico | Azaros\",\"isPartOf\":{\"@id\":\"https:\\\/\\\/www.azaros.eu\\\/es\\\/#website\"},\"primaryImageOfPage\":{\"@id\":\"https:\\\/\\\/www.azaros.eu\\\/es\\\/producto\\\/placas-de-silicato-calcico\\\/#primaryimage\"},\"image\":{\"@id\":\"https:\\\/\\\/www.azaros.eu\\\/es\\\/producto\\\/placas-de-silicato-calcico\\\/#primaryimage\"},\"thumbnailUrl\":\"https:\\\/\\\/www.azaros.eu\\\/wp-content\\\/uploads\\\/2018\\\/08\\\/Tiras-Silicato-Calcico-11-2-15.jpg\",\"datePublished\":\"2018-08-06T09:38:23+00:00\",\"dateModified\":\"2025-04-07T14:13:40+00:00\",\"description\":\"Las placas de silicato c\u00e1lcico SUPER cubren una gama de placas aislantes extremadamente ligeras con excelente valor aislante, alta resistencia mec\u00e1nica y buena resistencia al calor.\",\"breadcrumb\":{\"@id\":\"https:\\\/\\\/www.azaros.eu\\\/es\\\/producto\\\/placas-de-silicato-calcico\\\/#breadcrumb\"},\"inLanguage\":\"es\",\"potentialAction\":[{\"@type\":\"ReadAction\",\"target\":[\"https:\\\/\\\/www.azaros.eu\\\/es\\\/producto\\\/placas-de-silicato-calcico\\\/\"]}]},{\"@type\":\"ImageObject\",\"inLanguage\":\"es\",\"@id\":\"https:\\\/\\\/www.azaros.eu\\\/es\\\/producto\\\/placas-de-silicato-calcico\\\/#primaryimage\",\"url\":\"https:\\\/\\\/www.azaros.eu\\\/wp-content\\\/uploads\\\/2018\\\/08\\\/Tiras-Silicato-Calcico-11-2-15.jpg\",\"contentUrl\":\"https:\\\/\\\/www.azaros.eu\\\/wp-content\\\/uploads\\\/2018\\\/08\\\/Tiras-Silicato-Calcico-11-2-15.jpg\",\"width\":1200,\"height\":700,\"caption\":\"Tiras Silicato Calcico\"},{\"@type\":\"BreadcrumbList\",\"@id\":\"https:\\\/\\\/www.azaros.eu\\\/es\\\/producto\\\/placas-de-silicato-calcico\\\/#breadcrumb\",\"itemListElement\":[{\"@type\":\"ListItem\",\"position\":1,\"name\":\"Azaros\",\"item\":\"https:\\\/\\\/www.azaros.eu\\\/es\\\/\"},{\"@type\":\"ListItem\",\"position\":2,\"name\":\"Productos\",\"item\":\"https:\\\/\\\/www.azaros.eu\\\/es\\\/productos\\\/\"},{\"@type\":\"ListItem\",\"position\":3,\"name\":\"Aislamiento t\u00e9rmico\",\"item\":\"https:\\\/\\\/www.azaros.eu\\\/es\\\/productos\\\/aislamiento-termico\\\/\"},{\"@type\":\"ListItem\",\"position\":4,\"name\":\"Silicato C\u00e1lcico\",\"item\":\"https:\\\/\\\/www.azaros.eu\\\/es\\\/productos\\\/aislamiento-termico\\\/silicato-calcico\\\/\"},{\"@type\":\"ListItem\",\"position\":5,\"name\":\"Placas de Silicato C\u00e1lcico\"}]},{\"@type\":\"WebSite\",\"@id\":\"https:\\\/\\\/www.azaros.eu\\\/es\\\/#website\",\"url\":\"https:\\\/\\\/www.azaros.eu\\\/es\\\/\",\"name\":\"Azaros\",\"description\":\"Fabricamos, distribuimos y comercializamos una gran gama de suministros.\",\"potentialAction\":[{\"@type\":\"SearchAction\",\"target\":{\"@type\":\"EntryPoint\",\"urlTemplate\":\"https:\\\/\\\/www.azaros.eu\\\/es\\\/?s={search_term_string}\"},\"query-input\":{\"@type\":\"PropertyValueSpecification\",\"valueRequired\":true,\"valueName\":\"search_term_string\"}}],\"inLanguage\":\"es\"}]}<\/script>\n<!-- \/ Yoast SEO plugin. -->","yoast_head_json":{"title":"Placas de Silicato C\u00e1lcico | Azaros","description":"Las placas de silicato c\u00e1lcico SUPER cubren una gama de placas aislantes extremadamente ligeras con excelente valor aislante, alta resistencia mec\u00e1nica y buena resistencia al calor.","robots":{"index":"index","follow":"follow","max-snippet":"max-snippet:-1","max-image-preview":"max-image-preview:large","max-video-preview":"max-video-preview:-1"},"canonical":"https:\/\/www.azaros.eu\/es\/producto\/placas-de-silicato-calcico\/","og_locale":"es_ES","og_type":"article","og_title":"Placas de Silicato C\u00e1lcico | Azaros","og_description":"Las placas de silicato c\u00e1lcico SUPER cubren una gama de placas aislantes extremadamente ligeras con excelente valor aislante, alta resistencia mec\u00e1nica y buena resistencia al calor.","og_url":"https:\/\/www.azaros.eu\/es\/producto\/placas-de-silicato-calcico\/","og_site_name":"Azaros","article_modified_time":"2025-04-07T14:13:40+00:00","og_image":[{"width":1200,"height":700,"url":"https:\/\/www.azaros.eu\/wp-content\/uploads\/2018\/08\/Tiras-Silicato-Calcico-11-2-15.jpg","type":"image\/jpeg"}],"twitter_card":"summary_large_image","twitter_misc":{"Tiempo de lectura":"1 minuto"},"schema":{"@context":"https:\/\/schema.org","@graph":[{"@type":"WebPage","@id":"https:\/\/www.azaros.eu\/es\/producto\/placas-de-silicato-calcico\/","url":"https:\/\/www.azaros.eu\/es\/producto\/placas-de-silicato-calcico\/","name":"Placas de Silicato C\u00e1lcico | Azaros","isPartOf":{"@id":"https:\/\/www.azaros.eu\/es\/#website"},"primaryImageOfPage":{"@id":"https:\/\/www.azaros.eu\/es\/producto\/placas-de-silicato-calcico\/#primaryimage"},"image":{"@id":"https:\/\/www.azaros.eu\/es\/producto\/placas-de-silicato-calcico\/#primaryimage"},"thumbnailUrl":"https:\/\/www.azaros.eu\/wp-content\/uploads\/2018\/08\/Tiras-Silicato-Calcico-11-2-15.jpg","datePublished":"2018-08-06T09:38:23+00:00","dateModified":"2025-04-07T14:13:40+00:00","description":"Las placas de silicato c\u00e1lcico SUPER cubren una gama de placas aislantes extremadamente ligeras con excelente valor aislante, alta resistencia mec\u00e1nica y buena resistencia al calor.","breadcrumb":{"@id":"https:\/\/www.azaros.eu\/es\/producto\/placas-de-silicato-calcico\/#breadcrumb"},"inLanguage":"es","potentialAction":[{"@type":"ReadAction","target":["https:\/\/www.azaros.eu\/es\/producto\/placas-de-silicato-calcico\/"]}]},{"@type":"ImageObject","inLanguage":"es","@id":"https:\/\/www.azaros.eu\/es\/producto\/placas-de-silicato-calcico\/#primaryimage","url":"https:\/\/www.azaros.eu\/wp-content\/uploads\/2018\/08\/Tiras-Silicato-Calcico-11-2-15.jpg","contentUrl":"https:\/\/www.azaros.eu\/wp-content\/uploads\/2018\/08\/Tiras-Silicato-Calcico-11-2-15.jpg","width":1200,"height":700,"caption":"Tiras Silicato Calcico"},{"@type":"BreadcrumbList","@id":"https:\/\/www.azaros.eu\/es\/producto\/placas-de-silicato-calcico\/#breadcrumb","itemListElement":[{"@type":"ListItem","position":1,"name":"Azaros","item":"https:\/\/www.azaros.eu\/es\/"},{"@type":"ListItem","position":2,"name":"Productos","item":"https:\/\/www.azaros.eu\/es\/productos\/"},{"@type":"ListItem","position":3,"name":"Aislamiento t\u00e9rmico","item":"https:\/\/www.azaros.eu\/es\/productos\/aislamiento-termico\/"},{"@type":"ListItem","position":4,"name":"Silicato C\u00e1lcico","item":"https:\/\/www.azaros.eu\/es\/productos\/aislamiento-termico\/silicato-calcico\/"},{"@type":"ListItem","position":5,"name":"Placas de Silicato C\u00e1lcico"}]},{"@type":"WebSite","@id":"https:\/\/www.azaros.eu\/es\/#website","url":"https:\/\/www.azaros.eu\/es\/","name":"Azaros","description":"Fabricamos, distribuimos y comercializamos una gran gama de suministros.","potentialAction":[{"@type":"SearchAction","target":{"@type":"EntryPoint","urlTemplate":"https:\/\/www.azaros.eu\/es\/?s={search_term_string}"},"query-input":{"@type":"PropertyValueSpecification","valueRequired":true,"valueName":"search_term_string"}}],"inLanguage":"es"}]}},"_links":{"self":[{"href":"https:\/\/www.azaros.eu\/es\/wp-json\/wp\/v2\/product\/168","targetHints":{"allow":["GET"]}}],"collection":[{"href":"https:\/\/www.azaros.eu\/es\/wp-json\/wp\/v2\/product"}],"about":[{"href":"https:\/\/www.azaros.eu\/es\/wp-json\/wp\/v2\/types\/product"}],"wp:featuredmedia":[{"embeddable":true,"href":"https:\/\/www.azaros.eu\/es\/wp-json\/wp\/v2\/media\/1171"}],"wp:attachment":[{"href":"https:\/\/www.azaros.eu\/es\/wp-json\/wp\/v2\/media?parent=168"}],"wp:term":[{"taxonomy":"product_brand","embeddable":true,"href":"https:\/\/www.azaros.eu\/es\/wp-json\/wp\/v2\/product_brand?post=168"},{"taxonomy":"product_cat","embeddable":true,"href":"https:\/\/www.azaros.eu\/es\/wp-json\/wp\/v2\/product_cat?post=168"},{"taxonomy":"product_tag","embeddable":true,"href":"https:\/\/www.azaros.eu\/es\/wp-json\/wp\/v2\/product_tag?post=168"}],"curies":[{"name":"wp","href":"https:\/\/api.w.org\/{rel}","templated":true}]}}