{"id":178,"date":"2018-08-06T09:38:24","date_gmt":"2018-08-06T09:38:24","guid":{"rendered":"https:\/\/www.azaros.eu\/producto\/placas-de-mica\/"},"modified":"2025-04-08T10:18:42","modified_gmt":"2025-04-08T09:18:42","slug":"placas-de-mica","status":"publish","type":"product","link":"https:\/\/www.azaros.eu\/es\/producto\/placas-de-mica\/","title":{"rendered":"Placas de mica"},"content":{"rendered":"<div class=\"row\"  id=\"row-1800600465\">\n\n\t<div id=\"col-1134032865\" class=\"col medium-6 small-12 large-6\"  >\n\t\t\t\t<div class=\"col-inner\"  >\n\t\t\t\n\t\t\t\n<div class=\"container section-title-container\" ><h2 class=\"section-title section-title-normal\"><b aria-hidden=\"true\"><\/b><span class=\"section-title-main\" style=\"font-size:80%;\">Caracter\u00edsticas<\/span><b aria-hidden=\"true\"><\/b><\/h2><\/div>\n<p>Las placas est\u00e1n formada por papel de mica flogopita aglomeradas con una resina de elevadas propiedades t\u00e9rmicas y el\u00e9ctricas. El material es sometido a presi\u00f3n y calor para su curado.<\/p>\n<p>Las placas se presentan en diferentes formatos:<\/p>\n<ul>\n<li>Placas R\u00edgidas:\n<ul style=\"list-style-type: square;\">\n<li>Rango de espesores: 0.10 \u2013 50 mm.<\/li>\n<li>Dimensiones est\u00e1ndar:1200 x 1000 &#8211; 2000 x 1000 &#8211; 2400 x 1000 mm.<\/li>\n<\/ul>\n<\/li>\n<li>Placas Flexibles:\n<ul style=\"list-style-type: square;\">\n<li>Rango de espesores: 0.10 \u2013 2 mm.<\/li>\n<li>Dimensiones est\u00e1ndar: 1200 x 1000 &#8211; 2000 x 1000 &#8211; 2400 x 1000 mm<\/li>\n<\/ul>\n<\/li>\n<\/ul>\n<p>Nota: se ofrece suministro de piezas troqueladas seg\u00fan plano, as\u00ed como otras medidas.<\/p>\n\t\t<\/div>\n\t\t\t\t\t<\/div>\n\n\t\n\n\t<div id=\"col-882359139\" class=\"col medium-6 small-12 large-6\"  >\n\t\t\t\t<div class=\"col-inner\"  >\n\t\t\t\n\t\t\t\n<div class=\"container section-title-container\" ><h2 class=\"section-title section-title-normal\"><b aria-hidden=\"true\"><\/b><span class=\"section-title-main\" style=\"font-size:80%;\">Aplicaciones t\u00edpicas<\/span><b aria-hidden=\"true\"><\/b><\/h2><\/div>\n<p>La mica se utiliza en aplicaciones en las que el aislante debe adoptar formas concretas siendo necesarias elevadas propiedades t\u00e9rmicas y diel\u00e9ctricas as\u00ed como resistencia a la flexi\u00f3n: ventiladores de aire caliente, disyuntores, transformadores, etc.<\/p>\n<p>La mica es un material excelente para ser utilizado como soporte de resistencias en el sector dom\u00e9stico, para todo tipo de aplicaciones el\u00e9ctricas, especialmente aquellas que en alg\u00fan momento deban resistir altas temperaturas manteniendo al mismo tiempo sus propiedades mec\u00e1nicas y el\u00e9ctricas.<\/p>\n\t\t<\/div>\n\t\t\t\t\t<\/div>\n\n\t\n<\/div>\n","protected":false},"excerpt":{"rendered":"<p>Placas de mica flogopita y moscovita, flexibles y r\u00edgidas.<\/p>\n<p>La mica es un mineral que forma parte de un extenso grupo de silicatos de al\u00famina, hierro, calcio, magnesio y minerales alcalinos caracterizados por su f\u00e1cil exfoliaci\u00f3n en l\u00e1minas.<\/p>\n","protected":false},"featured_media":2220,"template":"","meta":[],"product_brand":[],"product_cat":[33],"product_tag":[],"class_list":{"0":"post-178","1":"product","2":"type-product","3":"status-publish","4":"has-post-thumbnail","6":"product_cat-mica","8":"first","9":"instock","10":"shipping-taxable","11":"product-type-simple"},"yoast_head":"<!-- This site is optimized with the Yoast SEO plugin v27.5 - https:\/\/yoast.com\/product\/yoast-seo-wordpress\/ -->\n<title>Placas de mica | Azaros<\/title>\n<meta name=\"description\" content=\"Encuentra en Azaros.eu las mejores placas de mica del mercado. Descubre las placas de mica de Azaros al mejor precio\" \/>\n<meta name=\"robots\" content=\"index, follow, max-snippet:-1, max-image-preview:large, max-video-preview:-1\" \/>\n<link rel=\"canonical\" href=\"https:\/\/www.azaros.eu\/es\/producto\/placas-de-mica\/\" \/>\n<meta property=\"og:locale\" content=\"es_ES\" \/>\n<meta property=\"og:type\" content=\"article\" \/>\n<meta property=\"og:title\" content=\"Placas de mica | Azaros\" \/>\n<meta property=\"og:description\" content=\"Encuentra en Azaros.eu las mejores placas de mica del mercado. Descubre las placas de mica de Azaros al mejor precio\" \/>\n<meta property=\"og:url\" content=\"https:\/\/www.azaros.eu\/es\/producto\/placas-de-mica\/\" \/>\n<meta property=\"og:site_name\" content=\"Azaros\" \/>\n<meta property=\"article:modified_time\" content=\"2025-04-08T09:18:42+00:00\" \/>\n<meta property=\"og:image\" content=\"https:\/\/www.azaros.eu\/wp-content\/uploads\/2018\/08\/Placas-de-Mica-34-12.jpg\" \/>\n\t<meta property=\"og:image:width\" content=\"1200\" \/>\n\t<meta property=\"og:image:height\" content=\"700\" \/>\n\t<meta property=\"og:image:type\" content=\"image\/jpeg\" \/>\n<meta name=\"twitter:card\" content=\"summary_large_image\" \/>\n<meta name=\"twitter:label1\" content=\"Tiempo de lectura\" \/>\n\t<meta name=\"twitter:data1\" content=\"2 minutos\" \/>\n<script type=\"application\/ld+json\" class=\"yoast-schema-graph\">{\"@context\":\"https:\\\/\\\/schema.org\",\"@graph\":[{\"@type\":\"WebPage\",\"@id\":\"https:\\\/\\\/www.azaros.eu\\\/es\\\/producto\\\/placas-de-mica\\\/\",\"url\":\"https:\\\/\\\/www.azaros.eu\\\/es\\\/producto\\\/placas-de-mica\\\/\",\"name\":\"Placas de mica | Azaros\",\"isPartOf\":{\"@id\":\"https:\\\/\\\/www.azaros.eu\\\/es\\\/#website\"},\"primaryImageOfPage\":{\"@id\":\"https:\\\/\\\/www.azaros.eu\\\/es\\\/producto\\\/placas-de-mica\\\/#primaryimage\"},\"image\":{\"@id\":\"https:\\\/\\\/www.azaros.eu\\\/es\\\/producto\\\/placas-de-mica\\\/#primaryimage\"},\"thumbnailUrl\":\"https:\\\/\\\/www.azaros.eu\\\/wp-content\\\/uploads\\\/2018\\\/08\\\/Placas-de-Mica-34-12.jpg\",\"datePublished\":\"2018-08-06T09:38:24+00:00\",\"dateModified\":\"2025-04-08T09:18:42+00:00\",\"description\":\"Encuentra en Azaros.eu las mejores placas de mica del mercado. Descubre las placas de mica de Azaros al mejor precio\",\"breadcrumb\":{\"@id\":\"https:\\\/\\\/www.azaros.eu\\\/es\\\/producto\\\/placas-de-mica\\\/#breadcrumb\"},\"inLanguage\":\"es\",\"potentialAction\":[{\"@type\":\"ReadAction\",\"target\":[\"https:\\\/\\\/www.azaros.eu\\\/es\\\/producto\\\/placas-de-mica\\\/\"]}]},{\"@type\":\"ImageObject\",\"inLanguage\":\"es\",\"@id\":\"https:\\\/\\\/www.azaros.eu\\\/es\\\/producto\\\/placas-de-mica\\\/#primaryimage\",\"url\":\"https:\\\/\\\/www.azaros.eu\\\/wp-content\\\/uploads\\\/2018\\\/08\\\/Placas-de-Mica-34-12.jpg\",\"contentUrl\":\"https:\\\/\\\/www.azaros.eu\\\/wp-content\\\/uploads\\\/2018\\\/08\\\/Placas-de-Mica-34-12.jpg\",\"width\":1200,\"height\":700,\"caption\":\"Placas de mica\"},{\"@type\":\"BreadcrumbList\",\"@id\":\"https:\\\/\\\/www.azaros.eu\\\/es\\\/producto\\\/placas-de-mica\\\/#breadcrumb\",\"itemListElement\":[{\"@type\":\"ListItem\",\"position\":1,\"name\":\"Azaros\",\"item\":\"https:\\\/\\\/www.azaros.eu\\\/es\\\/\"},{\"@type\":\"ListItem\",\"position\":2,\"name\":\"Productos\",\"item\":\"https:\\\/\\\/www.azaros.eu\\\/es\\\/productos\\\/\"},{\"@type\":\"ListItem\",\"position\":3,\"name\":\"Aislamiento el\u00e9ctrico\",\"item\":\"https:\\\/\\\/www.azaros.eu\\\/es\\\/productos\\\/aislamiento-electrico\\\/\"},{\"@type\":\"ListItem\",\"position\":4,\"name\":\"Mica\",\"item\":\"https:\\\/\\\/www.azaros.eu\\\/es\\\/productos\\\/aislamiento-electrico\\\/mica\\\/\"},{\"@type\":\"ListItem\",\"position\":5,\"name\":\"Placas de mica\"}]},{\"@type\":\"WebSite\",\"@id\":\"https:\\\/\\\/www.azaros.eu\\\/es\\\/#website\",\"url\":\"https:\\\/\\\/www.azaros.eu\\\/es\\\/\",\"name\":\"Azaros\",\"description\":\"Fabricamos, distribuimos y comercializamos una gran gama de suministros.\",\"potentialAction\":[{\"@type\":\"SearchAction\",\"target\":{\"@type\":\"EntryPoint\",\"urlTemplate\":\"https:\\\/\\\/www.azaros.eu\\\/es\\\/?s={search_term_string}\"},\"query-input\":{\"@type\":\"PropertyValueSpecification\",\"valueRequired\":true,\"valueName\":\"search_term_string\"}}],\"inLanguage\":\"es\"}]}<\/script>\n<!-- \/ Yoast SEO plugin. -->","yoast_head_json":{"title":"Placas de mica | Azaros","description":"Encuentra en Azaros.eu las mejores placas de mica del mercado. Descubre las placas de mica de Azaros al mejor precio","robots":{"index":"index","follow":"follow","max-snippet":"max-snippet:-1","max-image-preview":"max-image-preview:large","max-video-preview":"max-video-preview:-1"},"canonical":"https:\/\/www.azaros.eu\/es\/producto\/placas-de-mica\/","og_locale":"es_ES","og_type":"article","og_title":"Placas de mica | Azaros","og_description":"Encuentra en Azaros.eu las mejores placas de mica del mercado. Descubre las placas de mica de Azaros al mejor precio","og_url":"https:\/\/www.azaros.eu\/es\/producto\/placas-de-mica\/","og_site_name":"Azaros","article_modified_time":"2025-04-08T09:18:42+00:00","og_image":[{"width":1200,"height":700,"url":"https:\/\/www.azaros.eu\/wp-content\/uploads\/2018\/08\/Placas-de-Mica-34-12.jpg","type":"image\/jpeg"}],"twitter_card":"summary_large_image","twitter_misc":{"Tiempo de lectura":"2 minutos"},"schema":{"@context":"https:\/\/schema.org","@graph":[{"@type":"WebPage","@id":"https:\/\/www.azaros.eu\/es\/producto\/placas-de-mica\/","url":"https:\/\/www.azaros.eu\/es\/producto\/placas-de-mica\/","name":"Placas de mica | Azaros","isPartOf":{"@id":"https:\/\/www.azaros.eu\/es\/#website"},"primaryImageOfPage":{"@id":"https:\/\/www.azaros.eu\/es\/producto\/placas-de-mica\/#primaryimage"},"image":{"@id":"https:\/\/www.azaros.eu\/es\/producto\/placas-de-mica\/#primaryimage"},"thumbnailUrl":"https:\/\/www.azaros.eu\/wp-content\/uploads\/2018\/08\/Placas-de-Mica-34-12.jpg","datePublished":"2018-08-06T09:38:24+00:00","dateModified":"2025-04-08T09:18:42+00:00","description":"Encuentra en Azaros.eu las mejores placas de mica del mercado. Descubre las placas de mica de Azaros al mejor precio","breadcrumb":{"@id":"https:\/\/www.azaros.eu\/es\/producto\/placas-de-mica\/#breadcrumb"},"inLanguage":"es","potentialAction":[{"@type":"ReadAction","target":["https:\/\/www.azaros.eu\/es\/producto\/placas-de-mica\/"]}]},{"@type":"ImageObject","inLanguage":"es","@id":"https:\/\/www.azaros.eu\/es\/producto\/placas-de-mica\/#primaryimage","url":"https:\/\/www.azaros.eu\/wp-content\/uploads\/2018\/08\/Placas-de-Mica-34-12.jpg","contentUrl":"https:\/\/www.azaros.eu\/wp-content\/uploads\/2018\/08\/Placas-de-Mica-34-12.jpg","width":1200,"height":700,"caption":"Placas de mica"},{"@type":"BreadcrumbList","@id":"https:\/\/www.azaros.eu\/es\/producto\/placas-de-mica\/#breadcrumb","itemListElement":[{"@type":"ListItem","position":1,"name":"Azaros","item":"https:\/\/www.azaros.eu\/es\/"},{"@type":"ListItem","position":2,"name":"Productos","item":"https:\/\/www.azaros.eu\/es\/productos\/"},{"@type":"ListItem","position":3,"name":"Aislamiento el\u00e9ctrico","item":"https:\/\/www.azaros.eu\/es\/productos\/aislamiento-electrico\/"},{"@type":"ListItem","position":4,"name":"Mica","item":"https:\/\/www.azaros.eu\/es\/productos\/aislamiento-electrico\/mica\/"},{"@type":"ListItem","position":5,"name":"Placas de mica"}]},{"@type":"WebSite","@id":"https:\/\/www.azaros.eu\/es\/#website","url":"https:\/\/www.azaros.eu\/es\/","name":"Azaros","description":"Fabricamos, distribuimos y comercializamos una gran gama de suministros.","potentialAction":[{"@type":"SearchAction","target":{"@type":"EntryPoint","urlTemplate":"https:\/\/www.azaros.eu\/es\/?s={search_term_string}"},"query-input":{"@type":"PropertyValueSpecification","valueRequired":true,"valueName":"search_term_string"}}],"inLanguage":"es"}]}},"_links":{"self":[{"href":"https:\/\/www.azaros.eu\/es\/wp-json\/wp\/v2\/product\/178","targetHints":{"allow":["GET"]}}],"collection":[{"href":"https:\/\/www.azaros.eu\/es\/wp-json\/wp\/v2\/product"}],"about":[{"href":"https:\/\/www.azaros.eu\/es\/wp-json\/wp\/v2\/types\/product"}],"wp:featuredmedia":[{"embeddable":true,"href":"https:\/\/www.azaros.eu\/es\/wp-json\/wp\/v2\/media\/2220"}],"wp:attachment":[{"href":"https:\/\/www.azaros.eu\/es\/wp-json\/wp\/v2\/media?parent=178"}],"wp:term":[{"taxonomy":"product_brand","embeddable":true,"href":"https:\/\/www.azaros.eu\/es\/wp-json\/wp\/v2\/product_brand?post=178"},{"taxonomy":"product_cat","embeddable":true,"href":"https:\/\/www.azaros.eu\/es\/wp-json\/wp\/v2\/product_cat?post=178"},{"taxonomy":"product_tag","embeddable":true,"href":"https:\/\/www.azaros.eu\/es\/wp-json\/wp\/v2\/product_tag?post=178"}],"curies":[{"name":"wp","href":"https:\/\/api.w.org\/{rel}","templated":true}]}}