{"id":194,"date":"2018-08-06T09:38:27","date_gmt":"2018-08-06T09:38:27","guid":{"rendered":"https:\/\/www.azaros.eu\/producto\/cazos\/"},"modified":"2025-04-09T07:35:41","modified_gmt":"2025-04-09T06:35:41","slug":"cazos-espumaderas","status":"publish","type":"product","link":"https:\/\/www.azaros.eu\/es\/producto\/cazos-espumaderas\/","title":{"rendered":"Cazos y Espumaderas"},"content":{"rendered":"<div class=\"row\"  id=\"row-708170565\">\n\n\t<div id=\"col-298158404\" class=\"col medium-6 small-12 large-6\"  >\n\t\t\t\t<div class=\"col-inner\"  >\n\t\t\t\n\t\t\t\n<div class=\"container section-title-container\" ><h2 class=\"section-title section-title-normal\"><b aria-hidden=\"true\"><\/b><span class=\"section-title-main\" style=\"font-size:80%;\">Caracter\u00edsticas<\/span><b aria-hidden=\"true\"><\/b><\/h2><\/div>\n<ul>\n<li>Alta resistencia al choque t\u00e9rmico.<\/li>\n<li>No requiere calentamiento previo.<\/li>\n<li>Reduce riesgos de abortar colada por enfriamiento del metal.<\/li>\n<\/ul>\n\t\t<\/div>\n\t\t\t\t\t<\/div>\n\n\t\n\n\t<div id=\"col-1220158295\" class=\"col medium-6 small-12 large-6\"  >\n\t\t\t\t<div class=\"col-inner\"  >\n\t\t\t\n\t\t\t\n<div class=\"container section-title-container\" ><h2 class=\"section-title section-title-normal\"><b aria-hidden=\"true\"><\/b><span class=\"section-title-main\" style=\"font-size:80%;\">Aplicaciones t\u00edpicas<\/span><b aria-hidden=\"true\"><\/b><\/h2><\/div>\n<ul>\n<li>Obtenci\u00f3n de muestras de metal l\u00edquido.<\/li>\n<\/ul>\n\t\t<\/div>\n\t\t\t\t\t<\/div>\n\n\t\n<\/div>\n","protected":false},"excerpt":{"rendered":"<p>Los cazos recoge-muestras est\u00e1n espec\u00edficamente desarrollados para facilitar la obtenci\u00f3n de muestras de metal fundido.<\/p>\n<p>Pueden fabricarse en fibra cer\u00e1mica o soluble y en diferentes di\u00e1metros.<\/p>\n<p>Est\u00e1n compuestos por dos elementos: cazo + soporte.<br \/>\nEl soporte est\u00e1 fabricado en hierro y puede ser de longitud variable.<\/p>\n","protected":false},"featured_media":9264,"template":"","meta":[],"product_brand":[],"product_cat":[34],"product_tag":[],"class_list":{"0":"post-194","1":"product","2":"type-product","3":"status-publish","4":"has-post-thumbnail","6":"product_cat-consumibles-de-fundicion","8":"first","9":"instock","10":"shipping-taxable","11":"product-type-simple"},"yoast_head":"<!-- This site is optimized with the Yoast SEO plugin v27.4 - https:\/\/yoast.com\/product\/yoast-seo-wordpress\/ -->\n<title>Cazos | Azaros<\/title>\n<meta name=\"description\" content=\"Encuentra en Azaros.eu los mejores cazos del mercado. Descubre los cazos de Azaros al mejor precio\" \/>\n<meta name=\"robots\" content=\"index, follow, max-snippet:-1, max-image-preview:large, max-video-preview:-1\" \/>\n<link rel=\"canonical\" href=\"https:\/\/www.azaros.eu\/es\/producto\/cazos-espumaderas\/\" \/>\n<meta property=\"og:locale\" content=\"es_ES\" \/>\n<meta property=\"og:type\" content=\"article\" \/>\n<meta property=\"og:title\" content=\"Cazos | Azaros\" \/>\n<meta property=\"og:description\" content=\"Encuentra en Azaros.eu los mejores cazos del mercado. Descubre los cazos de Azaros al mejor precio\" \/>\n<meta property=\"og:url\" content=\"https:\/\/www.azaros.eu\/es\/producto\/cazos-espumaderas\/\" \/>\n<meta property=\"og:site_name\" content=\"Azaros\" \/>\n<meta property=\"article:modified_time\" content=\"2025-04-09T06:35:41+00:00\" \/>\n<meta property=\"og:image\" content=\"https:\/\/www.azaros.eu\/wp-content\/uploads\/2018\/08\/Cazos-y-espumadera-metalica.jpg\" \/>\n\t<meta property=\"og:image:width\" content=\"1200\" \/>\n\t<meta property=\"og:image:height\" content=\"700\" \/>\n\t<meta property=\"og:image:type\" content=\"image\/jpeg\" \/>\n<meta name=\"twitter:card\" content=\"summary_large_image\" \/>\n<meta name=\"twitter:label1\" content=\"Tiempo de lectura\" \/>\n\t<meta name=\"twitter:data1\" content=\"1 minuto\" \/>\n<script type=\"application\/ld+json\" class=\"yoast-schema-graph\">{\"@context\":\"https:\\\/\\\/schema.org\",\"@graph\":[{\"@type\":\"WebPage\",\"@id\":\"https:\\\/\\\/www.azaros.eu\\\/es\\\/producto\\\/cazos-espumaderas\\\/\",\"url\":\"https:\\\/\\\/www.azaros.eu\\\/es\\\/producto\\\/cazos-espumaderas\\\/\",\"name\":\"Cazos | Azaros\",\"isPartOf\":{\"@id\":\"https:\\\/\\\/www.azaros.eu\\\/es\\\/#website\"},\"primaryImageOfPage\":{\"@id\":\"https:\\\/\\\/www.azaros.eu\\\/es\\\/producto\\\/cazos-espumaderas\\\/#primaryimage\"},\"image\":{\"@id\":\"https:\\\/\\\/www.azaros.eu\\\/es\\\/producto\\\/cazos-espumaderas\\\/#primaryimage\"},\"thumbnailUrl\":\"https:\\\/\\\/www.azaros.eu\\\/wp-content\\\/uploads\\\/2018\\\/08\\\/Cazos-y-espumadera-metalica.jpg\",\"datePublished\":\"2018-08-06T09:38:27+00:00\",\"dateModified\":\"2025-04-09T06:35:41+00:00\",\"description\":\"Encuentra en Azaros.eu los mejores cazos del mercado. Descubre los cazos de Azaros al mejor precio\",\"breadcrumb\":{\"@id\":\"https:\\\/\\\/www.azaros.eu\\\/es\\\/producto\\\/cazos-espumaderas\\\/#breadcrumb\"},\"inLanguage\":\"es\",\"potentialAction\":[{\"@type\":\"ReadAction\",\"target\":[\"https:\\\/\\\/www.azaros.eu\\\/es\\\/producto\\\/cazos-espumaderas\\\/\"]}]},{\"@type\":\"ImageObject\",\"inLanguage\":\"es\",\"@id\":\"https:\\\/\\\/www.azaros.eu\\\/es\\\/producto\\\/cazos-espumaderas\\\/#primaryimage\",\"url\":\"https:\\\/\\\/www.azaros.eu\\\/wp-content\\\/uploads\\\/2018\\\/08\\\/Cazos-y-espumadera-metalica.jpg\",\"contentUrl\":\"https:\\\/\\\/www.azaros.eu\\\/wp-content\\\/uploads\\\/2018\\\/08\\\/Cazos-y-espumadera-metalica.jpg\",\"width\":1200,\"height\":700},{\"@type\":\"BreadcrumbList\",\"@id\":\"https:\\\/\\\/www.azaros.eu\\\/es\\\/producto\\\/cazos-espumaderas\\\/#breadcrumb\",\"itemListElement\":[{\"@type\":\"ListItem\",\"position\":1,\"name\":\"Azaros\",\"item\":\"https:\\\/\\\/www.azaros.eu\\\/es\\\/\"},{\"@type\":\"ListItem\",\"position\":2,\"name\":\"Productos\",\"item\":\"https:\\\/\\\/www.azaros.eu\\\/es\\\/productos\\\/\"},{\"@type\":\"ListItem\",\"position\":3,\"name\":\"Suministros fundici\u00f3n\",\"item\":\"https:\\\/\\\/www.azaros.eu\\\/es\\\/productos\\\/suministros-fundicion\\\/\"},{\"@type\":\"ListItem\",\"position\":4,\"name\":\"Consumibles de fundici\u00f3n\",\"item\":\"https:\\\/\\\/www.azaros.eu\\\/es\\\/productos\\\/suministros-fundicion\\\/consumibles-de-fundicion\\\/\"},{\"@type\":\"ListItem\",\"position\":5,\"name\":\"Cazos y Espumaderas\"}]},{\"@type\":\"WebSite\",\"@id\":\"https:\\\/\\\/www.azaros.eu\\\/es\\\/#website\",\"url\":\"https:\\\/\\\/www.azaros.eu\\\/es\\\/\",\"name\":\"Azaros\",\"description\":\"Fabricamos, distribuimos y comercializamos una gran gama de suministros.\",\"potentialAction\":[{\"@type\":\"SearchAction\",\"target\":{\"@type\":\"EntryPoint\",\"urlTemplate\":\"https:\\\/\\\/www.azaros.eu\\\/es\\\/?s={search_term_string}\"},\"query-input\":{\"@type\":\"PropertyValueSpecification\",\"valueRequired\":true,\"valueName\":\"search_term_string\"}}],\"inLanguage\":\"es\"}]}<\/script>\n<!-- \/ Yoast SEO plugin. -->","yoast_head_json":{"title":"Cazos | Azaros","description":"Encuentra en Azaros.eu los mejores cazos del mercado. Descubre los cazos de Azaros al mejor precio","robots":{"index":"index","follow":"follow","max-snippet":"max-snippet:-1","max-image-preview":"max-image-preview:large","max-video-preview":"max-video-preview:-1"},"canonical":"https:\/\/www.azaros.eu\/es\/producto\/cazos-espumaderas\/","og_locale":"es_ES","og_type":"article","og_title":"Cazos | Azaros","og_description":"Encuentra en Azaros.eu los mejores cazos del mercado. Descubre los cazos de Azaros al mejor precio","og_url":"https:\/\/www.azaros.eu\/es\/producto\/cazos-espumaderas\/","og_site_name":"Azaros","article_modified_time":"2025-04-09T06:35:41+00:00","og_image":[{"width":1200,"height":700,"url":"https:\/\/www.azaros.eu\/wp-content\/uploads\/2018\/08\/Cazos-y-espumadera-metalica.jpg","type":"image\/jpeg"}],"twitter_card":"summary_large_image","twitter_misc":{"Tiempo de lectura":"1 minuto"},"schema":{"@context":"https:\/\/schema.org","@graph":[{"@type":"WebPage","@id":"https:\/\/www.azaros.eu\/es\/producto\/cazos-espumaderas\/","url":"https:\/\/www.azaros.eu\/es\/producto\/cazos-espumaderas\/","name":"Cazos | Azaros","isPartOf":{"@id":"https:\/\/www.azaros.eu\/es\/#website"},"primaryImageOfPage":{"@id":"https:\/\/www.azaros.eu\/es\/producto\/cazos-espumaderas\/#primaryimage"},"image":{"@id":"https:\/\/www.azaros.eu\/es\/producto\/cazos-espumaderas\/#primaryimage"},"thumbnailUrl":"https:\/\/www.azaros.eu\/wp-content\/uploads\/2018\/08\/Cazos-y-espumadera-metalica.jpg","datePublished":"2018-08-06T09:38:27+00:00","dateModified":"2025-04-09T06:35:41+00:00","description":"Encuentra en Azaros.eu los mejores cazos del mercado. Descubre los cazos de Azaros al mejor precio","breadcrumb":{"@id":"https:\/\/www.azaros.eu\/es\/producto\/cazos-espumaderas\/#breadcrumb"},"inLanguage":"es","potentialAction":[{"@type":"ReadAction","target":["https:\/\/www.azaros.eu\/es\/producto\/cazos-espumaderas\/"]}]},{"@type":"ImageObject","inLanguage":"es","@id":"https:\/\/www.azaros.eu\/es\/producto\/cazos-espumaderas\/#primaryimage","url":"https:\/\/www.azaros.eu\/wp-content\/uploads\/2018\/08\/Cazos-y-espumadera-metalica.jpg","contentUrl":"https:\/\/www.azaros.eu\/wp-content\/uploads\/2018\/08\/Cazos-y-espumadera-metalica.jpg","width":1200,"height":700},{"@type":"BreadcrumbList","@id":"https:\/\/www.azaros.eu\/es\/producto\/cazos-espumaderas\/#breadcrumb","itemListElement":[{"@type":"ListItem","position":1,"name":"Azaros","item":"https:\/\/www.azaros.eu\/es\/"},{"@type":"ListItem","position":2,"name":"Productos","item":"https:\/\/www.azaros.eu\/es\/productos\/"},{"@type":"ListItem","position":3,"name":"Suministros fundici\u00f3n","item":"https:\/\/www.azaros.eu\/es\/productos\/suministros-fundicion\/"},{"@type":"ListItem","position":4,"name":"Consumibles de fundici\u00f3n","item":"https:\/\/www.azaros.eu\/es\/productos\/suministros-fundicion\/consumibles-de-fundicion\/"},{"@type":"ListItem","position":5,"name":"Cazos y Espumaderas"}]},{"@type":"WebSite","@id":"https:\/\/www.azaros.eu\/es\/#website","url":"https:\/\/www.azaros.eu\/es\/","name":"Azaros","description":"Fabricamos, distribuimos y comercializamos una gran gama de suministros.","potentialAction":[{"@type":"SearchAction","target":{"@type":"EntryPoint","urlTemplate":"https:\/\/www.azaros.eu\/es\/?s={search_term_string}"},"query-input":{"@type":"PropertyValueSpecification","valueRequired":true,"valueName":"search_term_string"}}],"inLanguage":"es"}]}},"_links":{"self":[{"href":"https:\/\/www.azaros.eu\/es\/wp-json\/wp\/v2\/product\/194","targetHints":{"allow":["GET"]}}],"collection":[{"href":"https:\/\/www.azaros.eu\/es\/wp-json\/wp\/v2\/product"}],"about":[{"href":"https:\/\/www.azaros.eu\/es\/wp-json\/wp\/v2\/types\/product"}],"wp:featuredmedia":[{"embeddable":true,"href":"https:\/\/www.azaros.eu\/es\/wp-json\/wp\/v2\/media\/9264"}],"wp:attachment":[{"href":"https:\/\/www.azaros.eu\/es\/wp-json\/wp\/v2\/media?parent=194"}],"wp:term":[{"taxonomy":"product_brand","embeddable":true,"href":"https:\/\/www.azaros.eu\/es\/wp-json\/wp\/v2\/product_brand?post=194"},{"taxonomy":"product_cat","embeddable":true,"href":"https:\/\/www.azaros.eu\/es\/wp-json\/wp\/v2\/product_cat?post=194"},{"taxonomy":"product_tag","embeddable":true,"href":"https:\/\/www.azaros.eu\/es\/wp-json\/wp\/v2\/product_tag?post=194"}],"curies":[{"name":"wp","href":"https:\/\/api.w.org\/{rel}","templated":true}]}}