{"id":4013,"date":"2024-04-14T11:52:10","date_gmt":"2024-04-14T10:52:10","guid":{"rendered":"https:\/\/www.azaros.eu\/?post_type=product&#038;p=4013"},"modified":"2025-07-30T08:26:29","modified_gmt":"2025-07-30T07:26:29","slug":"solislab-uls-grade","status":"publish","type":"product","link":"https:\/\/www.azaros.eu\/es\/producto\/solislab-uls-grade\/","title":{"rendered":"SoliSlab ULS-grade"},"content":{"rendered":"<div class=\"row\"  id=\"row-300272758\">\n\n\t<div id=\"col-1556904032\" class=\"col medium-6 small-12 large-6\"  >\n\t\t\t\t<div class=\"col-inner\"  >\n\t\t\t\n\t\t\t\n<div class=\"container section-title-container\" ><h2 class=\"section-title section-title-normal\"><b aria-hidden=\"true\"><\/b><span class=\"section-title-main\" style=\"font-size:80%;\">Tipo<\/span><b aria-hidden=\"true\"><\/b><\/h2><\/div>\n<p>Troncos de fibra monol\u00edtica de fibra de baja persistencia biol\u00f3gica (LBP) de alta temperatura.<\/p>\n<div class=\"container section-title-container\" ><h2 class=\"section-title section-title-normal\"><b aria-hidden=\"true\"><\/b><span class=\"section-title-main\" style=\"font-size:80%;\">Beneficios<\/span><b aria-hidden=\"true\"><\/b><\/h2><\/div>\n<ul>\n<li>Soluci\u00f3n t\u00e9cnica probada<\/li>\n<li>Tecnolog\u00eda Low shot<\/li>\n<li>Excelente rendimiento de aislamiento<\/li>\n<li>Alta resistencia a la manipulaci\u00f3n<\/li>\n<li>No se ve afectado por la mayor\u00eda de los productos qu\u00edmicos<\/li>\n<li>Excelente estabilidad t\u00e9rmica<\/li>\n<li>Resistente al choque t\u00e9rmico<\/li>\n<li>Exonerado de la clasificaci\u00f3n carcin\u00f3gena<\/li>\n<\/ul>\n\t\t<\/div>\n\t\t\t\t\t<\/div>\n\n\t\n\n\t<div id=\"col-884940271\" class=\"col medium-6 small-12 large-6\"  >\n\t\t\t\t<div class=\"col-inner\"  >\n\t\t\t\n\t\t\t\n<div class=\"container section-title-container\" ><h2 class=\"section-title section-title-normal\"><b aria-hidden=\"true\"><\/b><span class=\"section-title-main\" style=\"font-size:80%;\">Rango de temperatura<\/span><b aria-hidden=\"true\"><\/b><\/h2><\/div>\n<p>Los troncos de grado ULS SoliSlab\u2122 tienen una temperatura de clasificaci\u00f3n de 1200 \u00b0C.<\/p>\n<p>La temperatura m\u00e1xima de uso continuo proporcionada en la hoja de datos es orientativa y solo se aplica en una atm\u00f3sfera oxidante limpia.<\/p>\n<div class=\"container section-title-container\" ><h2 class=\"section-title section-title-normal\"><b aria-hidden=\"true\"><\/b><span class=\"section-title-main\" style=\"font-size:80%;\">Aplicaciones t\u00edpicas<\/span><b aria-hidden=\"true\"><\/b><\/h2><\/div>\n<ul>\n<li>Revestimiento de vagones de horno en cer\u00e1mica y vidrio<\/li>\n<li>Material precursor para la fabricaci\u00f3n de m\u00f3dulos de fibra monol\u00edtica<\/li>\n<li>Formas in situ en zonas de mirillas y esquinas en revestimientos de fibra<\/li>\n<li>Aislamiento t\u00e9cnico general de hornos e instalaciones t\u00e9cnicas<\/li>\n<\/ul>\n\t\t<\/div>\n\t\t\t\t\t<\/div>\n\n\t\n<\/div>\n","protected":false},"excerpt":{"rendered":"<p>SoliSlab\u2122 se fabrica en una rueca de gran tama\u00f1o a una losa enorme y, mediante la punci\u00f3n continua, se logra un enclavamiento extremadamente alto de fibras. Seguimos a\u00f1adiendo nuevas capas hasta conseguir un grosor total de 152 mm (6 pulgadas).<\/p>\n<p>Como resultado de la punci\u00f3n continua de las capas de fibra en la rueca, el alto \u00edndice de fibra y el enclavamiento de nuestra tecnolog\u00eda de hilatura de Generaci\u00f3n III, los troncos de fibra ofrecen una alta resistencia y se pueden utilizar en aplicaciones con altas velocidades de gas.<\/p>\n<p>SoliSlab ULS\u00ae se basa en fibra de baja biopersistencia con una temperatura de clasificaci\u00f3n de 1200 \u00b0C. Todos los productos de la gama de fibras SoliWool\u2122 ULS\u00ae, como el SoliSlab\u2122 ULS, cumplen con los requisitos especificados\u00ae en la NOTA Q del Reglamento Europeo 1272\/2008. Por lo tanto, todos los productos SoliSlab\u2122 ULS\u00ae est\u00e1n exonerados de los requisitos de etiquetado en Europa.<\/p>\n<p>Los troncos de fibra SoliSlab\u2122 ULS\u00ae est\u00e1n disponibles de 128 a 240 kg\/m3. Todos los productos han sido desarrollados para cumplir con los requisitos espec\u00edficos de la aplicaci\u00f3n final.<\/p>\n<p>SoliSlab\u2122 ULS\u00ae est\u00e1 disponible en 2 tama\u00f1os principales:<\/p>\n<ul>\n<li>La losa SoliSlab\u2122 est\u00e1ndar viene en un tama\u00f1o de 1000x610x152 mm y se embala con 30 troncos por palet.<\/li>\n<li>SoliSlab\u2122 XXL se suministra en un tronco de gran tama\u00f1o de 2150x610x152 mm para optimizar el env\u00edo de contenedores y minimizar el desperdicio de conversi\u00f3n a m\u00f3dulos.<\/li>\n<\/ul>\n","protected":false},"featured_media":12189,"template":"","meta":[],"product_brand":[],"product_cat":[307],"product_tag":[],"class_list":{"0":"post-4013","1":"product","2":"type-product","3":"status-publish","4":"has-post-thumbnail","6":"product_cat-fibras-solubles","8":"first","9":"instock","10":"shipping-taxable","11":"product-type-simple"},"yoast_head":"<!-- This site is optimized with the Yoast SEO plugin v27.6 - https:\/\/yoast.com\/product\/yoast-seo-wordpress\/ -->\n<title>SoliSlab ULS-grade - Azaros<\/title>\n<meta name=\"robots\" content=\"index, follow, max-snippet:-1, max-image-preview:large, max-video-preview:-1\" \/>\n<link rel=\"canonical\" href=\"https:\/\/www.azaros.eu\/es\/producto\/solislab-uls-grade\/\" \/>\n<meta property=\"og:locale\" content=\"es_ES\" \/>\n<meta property=\"og:type\" content=\"article\" \/>\n<meta property=\"og:title\" content=\"SoliSlab ULS-grade - Azaros\" \/>\n<meta property=\"og:description\" content=\"SoliSlab\u2122 se fabrica en una rueca de gran tama\u00f1o a una losa enorme y, mediante la punci\u00f3n continua, se logra un enclavamiento extremadamente alto de fibras. Seguimos a\u00f1adiendo nuevas capas hasta conseguir un grosor total de 152 mm (6 pulgadas).  Como resultado de la punci\u00f3n continua de las capas de fibra en la rueca, el alto \u00edndice de fibra y el enclavamiento de nuestra tecnolog\u00eda de hilatura de Generaci\u00f3n III, los troncos de fibra ofrecen una alta resistencia y se pueden utilizar en aplicaciones con altas velocidades de gas.  SoliSlab ULS\u00ae se basa en fibra de baja biopersistencia con una temperatura de clasificaci\u00f3n de 1200 \u00b0C. Todos los productos de la gama de fibras SoliWool\u2122 ULS\u00ae, como el SoliSlab\u2122 ULS, cumplen con los requisitos especificados\u00ae en la NOTA Q del Reglamento Europeo 1272\/2008. Por lo tanto, todos los productos SoliSlab\u2122 ULS\u00ae est\u00e1n exonerados de los requisitos de etiquetado en Europa.  Los troncos de fibra SoliSlab\u2122 ULS\u00ae est\u00e1n disponibles de 128 a 240 kg\/m3. Todos los productos han sido desarrollados para cumplir con los requisitos espec\u00edficos de la aplicaci\u00f3n final.  SoliSlab\u2122 ULS\u00ae est\u00e1 disponible en 2 tama\u00f1os principales:   La losa SoliSlab\u2122 est\u00e1ndar viene en un tama\u00f1o de 1000x610x152 mm y se embala con 30 troncos por palet.  SoliSlab\u2122 XXL se suministra en un tronco de gran tama\u00f1o de 2150x610x152 mm para optimizar el env\u00edo de contenedores y minimizar el desperdicio de conversi\u00f3n a m\u00f3dulos.\" \/>\n<meta property=\"og:url\" content=\"https:\/\/www.azaros.eu\/es\/producto\/solislab-uls-grade\/\" \/>\n<meta property=\"og:site_name\" content=\"Azaros\" \/>\n<meta property=\"article:modified_time\" content=\"2025-07-30T07:26:29+00:00\" \/>\n<meta property=\"og:image\" content=\"https:\/\/www.azaros.eu\/wp-content\/uploads\/2025\/07\/SoliSlab-ULS-grade.jpg\" \/>\n\t<meta property=\"og:image:width\" content=\"1199\" \/>\n\t<meta property=\"og:image:height\" content=\"699\" \/>\n\t<meta property=\"og:image:type\" content=\"image\/jpeg\" \/>\n<meta name=\"twitter:card\" content=\"summary_large_image\" \/>\n<meta name=\"twitter:label1\" content=\"Tiempo de lectura\" \/>\n\t<meta name=\"twitter:data1\" content=\"1 minuto\" \/>\n<script type=\"application\/ld+json\" class=\"yoast-schema-graph\">{\"@context\":\"https:\\\/\\\/schema.org\",\"@graph\":[{\"@type\":\"WebPage\",\"@id\":\"https:\\\/\\\/www.azaros.eu\\\/es\\\/producto\\\/solislab-uls-grade\\\/\",\"url\":\"https:\\\/\\\/www.azaros.eu\\\/es\\\/producto\\\/solislab-uls-grade\\\/\",\"name\":\"SoliSlab ULS-grade - Azaros\",\"isPartOf\":{\"@id\":\"https:\\\/\\\/www.azaros.eu\\\/es\\\/#website\"},\"primaryImageOfPage\":{\"@id\":\"https:\\\/\\\/www.azaros.eu\\\/es\\\/producto\\\/solislab-uls-grade\\\/#primaryimage\"},\"image\":{\"@id\":\"https:\\\/\\\/www.azaros.eu\\\/es\\\/producto\\\/solislab-uls-grade\\\/#primaryimage\"},\"thumbnailUrl\":\"https:\\\/\\\/www.azaros.eu\\\/wp-content\\\/uploads\\\/2025\\\/07\\\/SoliSlab-ULS-grade.jpg\",\"datePublished\":\"2024-04-14T10:52:10+00:00\",\"dateModified\":\"2025-07-30T07:26:29+00:00\",\"breadcrumb\":{\"@id\":\"https:\\\/\\\/www.azaros.eu\\\/es\\\/producto\\\/solislab-uls-grade\\\/#breadcrumb\"},\"inLanguage\":\"es\",\"potentialAction\":[{\"@type\":\"ReadAction\",\"target\":[\"https:\\\/\\\/www.azaros.eu\\\/es\\\/producto\\\/solislab-uls-grade\\\/\"]}]},{\"@type\":\"ImageObject\",\"inLanguage\":\"es\",\"@id\":\"https:\\\/\\\/www.azaros.eu\\\/es\\\/producto\\\/solislab-uls-grade\\\/#primaryimage\",\"url\":\"https:\\\/\\\/www.azaros.eu\\\/wp-content\\\/uploads\\\/2025\\\/07\\\/SoliSlab-ULS-grade.jpg\",\"contentUrl\":\"https:\\\/\\\/www.azaros.eu\\\/wp-content\\\/uploads\\\/2025\\\/07\\\/SoliSlab-ULS-grade.jpg\",\"width\":1199,\"height\":699},{\"@type\":\"BreadcrumbList\",\"@id\":\"https:\\\/\\\/www.azaros.eu\\\/es\\\/producto\\\/solislab-uls-grade\\\/#breadcrumb\",\"itemListElement\":[{\"@type\":\"ListItem\",\"position\":1,\"name\":\"Azaros\",\"item\":\"https:\\\/\\\/www.azaros.eu\\\/es\\\/\"},{\"@type\":\"ListItem\",\"position\":2,\"name\":\"Productos\",\"item\":\"https:\\\/\\\/www.azaros.eu\\\/es\\\/productos\\\/\"},{\"@type\":\"ListItem\",\"position\":3,\"name\":\"Aislamiento t\u00e9rmico\",\"item\":\"https:\\\/\\\/www.azaros.eu\\\/es\\\/productos\\\/aislamiento-termico\\\/\"},{\"@type\":\"ListItem\",\"position\":4,\"name\":\"Fibras Solubles\",\"item\":\"https:\\\/\\\/www.azaros.eu\\\/es\\\/productos\\\/aislamiento-termico\\\/fibras-solubles\\\/\"},{\"@type\":\"ListItem\",\"position\":5,\"name\":\"SoliSlab ULS-grade\"}]},{\"@type\":\"WebSite\",\"@id\":\"https:\\\/\\\/www.azaros.eu\\\/es\\\/#website\",\"url\":\"https:\\\/\\\/www.azaros.eu\\\/es\\\/\",\"name\":\"Azaros\",\"description\":\"Fabricamos, distribuimos y comercializamos una gran gama de suministros.\",\"potentialAction\":[{\"@type\":\"SearchAction\",\"target\":{\"@type\":\"EntryPoint\",\"urlTemplate\":\"https:\\\/\\\/www.azaros.eu\\\/es\\\/?s={search_term_string}\"},\"query-input\":{\"@type\":\"PropertyValueSpecification\",\"valueRequired\":true,\"valueName\":\"search_term_string\"}}],\"inLanguage\":\"es\"}]}<\/script>\n<!-- \/ Yoast SEO plugin. -->","yoast_head_json":{"title":"SoliSlab ULS-grade - Azaros","robots":{"index":"index","follow":"follow","max-snippet":"max-snippet:-1","max-image-preview":"max-image-preview:large","max-video-preview":"max-video-preview:-1"},"canonical":"https:\/\/www.azaros.eu\/es\/producto\/solislab-uls-grade\/","og_locale":"es_ES","og_type":"article","og_title":"SoliSlab ULS-grade - Azaros","og_description":"SoliSlab\u2122 se fabrica en una rueca de gran tama\u00f1o a una losa enorme y, mediante la punci\u00f3n continua, se logra un enclavamiento extremadamente alto de fibras. Seguimos a\u00f1adiendo nuevas capas hasta conseguir un grosor total de 152 mm (6 pulgadas).  Como resultado de la punci\u00f3n continua de las capas de fibra en la rueca, el alto \u00edndice de fibra y el enclavamiento de nuestra tecnolog\u00eda de hilatura de Generaci\u00f3n III, los troncos de fibra ofrecen una alta resistencia y se pueden utilizar en aplicaciones con altas velocidades de gas.  SoliSlab ULS\u00ae se basa en fibra de baja biopersistencia con una temperatura de clasificaci\u00f3n de 1200 \u00b0C. Todos los productos de la gama de fibras SoliWool\u2122 ULS\u00ae, como el SoliSlab\u2122 ULS, cumplen con los requisitos especificados\u00ae en la NOTA Q del Reglamento Europeo 1272\/2008. Por lo tanto, todos los productos SoliSlab\u2122 ULS\u00ae est\u00e1n exonerados de los requisitos de etiquetado en Europa.  Los troncos de fibra SoliSlab\u2122 ULS\u00ae est\u00e1n disponibles de 128 a 240 kg\/m3. Todos los productos han sido desarrollados para cumplir con los requisitos espec\u00edficos de la aplicaci\u00f3n final.  SoliSlab\u2122 ULS\u00ae est\u00e1 disponible en 2 tama\u00f1os principales:   La losa SoliSlab\u2122 est\u00e1ndar viene en un tama\u00f1o de 1000x610x152 mm y se embala con 30 troncos por palet.  SoliSlab\u2122 XXL se suministra en un tronco de gran tama\u00f1o de 2150x610x152 mm para optimizar el env\u00edo de contenedores y minimizar el desperdicio de conversi\u00f3n a m\u00f3dulos.","og_url":"https:\/\/www.azaros.eu\/es\/producto\/solislab-uls-grade\/","og_site_name":"Azaros","article_modified_time":"2025-07-30T07:26:29+00:00","og_image":[{"width":1199,"height":699,"url":"https:\/\/www.azaros.eu\/wp-content\/uploads\/2025\/07\/SoliSlab-ULS-grade.jpg","type":"image\/jpeg"}],"twitter_card":"summary_large_image","twitter_misc":{"Tiempo de lectura":"1 minuto"},"schema":{"@context":"https:\/\/schema.org","@graph":[{"@type":"WebPage","@id":"https:\/\/www.azaros.eu\/es\/producto\/solislab-uls-grade\/","url":"https:\/\/www.azaros.eu\/es\/producto\/solislab-uls-grade\/","name":"SoliSlab ULS-grade - Azaros","isPartOf":{"@id":"https:\/\/www.azaros.eu\/es\/#website"},"primaryImageOfPage":{"@id":"https:\/\/www.azaros.eu\/es\/producto\/solislab-uls-grade\/#primaryimage"},"image":{"@id":"https:\/\/www.azaros.eu\/es\/producto\/solislab-uls-grade\/#primaryimage"},"thumbnailUrl":"https:\/\/www.azaros.eu\/wp-content\/uploads\/2025\/07\/SoliSlab-ULS-grade.jpg","datePublished":"2024-04-14T10:52:10+00:00","dateModified":"2025-07-30T07:26:29+00:00","breadcrumb":{"@id":"https:\/\/www.azaros.eu\/es\/producto\/solislab-uls-grade\/#breadcrumb"},"inLanguage":"es","potentialAction":[{"@type":"ReadAction","target":["https:\/\/www.azaros.eu\/es\/producto\/solislab-uls-grade\/"]}]},{"@type":"ImageObject","inLanguage":"es","@id":"https:\/\/www.azaros.eu\/es\/producto\/solislab-uls-grade\/#primaryimage","url":"https:\/\/www.azaros.eu\/wp-content\/uploads\/2025\/07\/SoliSlab-ULS-grade.jpg","contentUrl":"https:\/\/www.azaros.eu\/wp-content\/uploads\/2025\/07\/SoliSlab-ULS-grade.jpg","width":1199,"height":699},{"@type":"BreadcrumbList","@id":"https:\/\/www.azaros.eu\/es\/producto\/solislab-uls-grade\/#breadcrumb","itemListElement":[{"@type":"ListItem","position":1,"name":"Azaros","item":"https:\/\/www.azaros.eu\/es\/"},{"@type":"ListItem","position":2,"name":"Productos","item":"https:\/\/www.azaros.eu\/es\/productos\/"},{"@type":"ListItem","position":3,"name":"Aislamiento t\u00e9rmico","item":"https:\/\/www.azaros.eu\/es\/productos\/aislamiento-termico\/"},{"@type":"ListItem","position":4,"name":"Fibras Solubles","item":"https:\/\/www.azaros.eu\/es\/productos\/aislamiento-termico\/fibras-solubles\/"},{"@type":"ListItem","position":5,"name":"SoliSlab ULS-grade"}]},{"@type":"WebSite","@id":"https:\/\/www.azaros.eu\/es\/#website","url":"https:\/\/www.azaros.eu\/es\/","name":"Azaros","description":"Fabricamos, distribuimos y comercializamos una gran gama de suministros.","potentialAction":[{"@type":"SearchAction","target":{"@type":"EntryPoint","urlTemplate":"https:\/\/www.azaros.eu\/es\/?s={search_term_string}"},"query-input":{"@type":"PropertyValueSpecification","valueRequired":true,"valueName":"search_term_string"}}],"inLanguage":"es"}]}},"_links":{"self":[{"href":"https:\/\/www.azaros.eu\/es\/wp-json\/wp\/v2\/product\/4013","targetHints":{"allow":["GET"]}}],"collection":[{"href":"https:\/\/www.azaros.eu\/es\/wp-json\/wp\/v2\/product"}],"about":[{"href":"https:\/\/www.azaros.eu\/es\/wp-json\/wp\/v2\/types\/product"}],"wp:featuredmedia":[{"embeddable":true,"href":"https:\/\/www.azaros.eu\/es\/wp-json\/wp\/v2\/media\/12189"}],"wp:attachment":[{"href":"https:\/\/www.azaros.eu\/es\/wp-json\/wp\/v2\/media?parent=4013"}],"wp:term":[{"taxonomy":"product_brand","embeddable":true,"href":"https:\/\/www.azaros.eu\/es\/wp-json\/wp\/v2\/product_brand?post=4013"},{"taxonomy":"product_cat","embeddable":true,"href":"https:\/\/www.azaros.eu\/es\/wp-json\/wp\/v2\/product_cat?post=4013"},{"taxonomy":"product_tag","embeddable":true,"href":"https:\/\/www.azaros.eu\/es\/wp-json\/wp\/v2\/product_tag?post=4013"}],"curies":[{"name":"wp","href":"https:\/\/api.w.org\/{rel}","templated":true}]}}