{"id":4424,"date":"2024-06-11T08:06:32","date_gmt":"2024-06-11T07:06:32","guid":{"rendered":"https:\/\/www.azaros.eu\/?post_type=product&#038;p=4424"},"modified":"2025-07-14T12:54:46","modified_gmt":"2025-07-14T11:54:46","slug":"antiacidos","status":"publish","type":"product","link":"https:\/\/www.azaros.eu\/es\/producto\/antiacidos\/","title":{"rendered":"Anti\u00e1cidos"},"content":{"rendered":"<div class=\"row\"  id=\"row-598204224\">\n\n\t<div id=\"col-285284720\" class=\"col medium-6 small-12 large-6\"  >\n\t\t\t\t<div class=\"col-inner\"  >\n\t\t\t\n\t\t\t\n<div class=\"container section-title-container\" ><h2 class=\"section-title section-title-normal\"><b aria-hidden=\"true\"><\/b><span class=\"section-title-main\" style=\"font-size:80%;\">Caracter\u00edsticas<\/span><b aria-hidden=\"true\"><\/b><\/h2><\/div>\n<ul>\n<li>Resistente a 400\u00b0C \/ 752\u00b0F<\/li>\n<li>Resistente a los qu\u00edmicos<\/li>\n<li>Resistente a la abrasi\u00f3n<\/li>\n<li>Resistente a todo tipo de \u00e1cidos minerales (excepto el \u00e1cido fluorh\u00eddrico)<\/li>\n<li>Alta resistencia<\/li>\n<li>Baja porosidad<\/li>\n<li>Duradero<\/li>\n<\/ul>\n\t\t<\/div>\n\t\t\t\t\t<\/div>\n\n\t\n\n\t<div id=\"col-399560547\" class=\"col medium-6 small-12 large-6\"  >\n\t\t\t\t<div class=\"col-inner\"  >\n\t\t\t\n\t\t\t\n<div class=\"container section-title-container\" ><h2 class=\"section-title section-title-normal\"><b aria-hidden=\"true\"><\/b><span class=\"section-title-main\" style=\"font-size:80%;\">Aplicaciones t\u00edpicas<\/span><b aria-hidden=\"true\"><\/b><\/h2><\/div>\n<ul>\n<li>Fabricaci\u00f3n de cemento<\/li>\n<li>Industria de acero<\/li>\n<li>Fundiciones de aluminio<\/li>\n<li>Generaci\u00f3n de energ\u00eda<\/li>\n<\/ul>\n\t\t<\/div>\n\t\t\t\t\t<\/div>\n\n\t\n<\/div>\n","protected":false},"excerpt":{"rendered":"<p>Los ladrillos refractarios resistentes a los \u00e1cidos, fabricados con arcilla refractaria, est\u00e1n disponibles en diferentes tama\u00f1os adecuados para el revestimiento de cubetas, chimeneas, pozos y suelos.<\/p>\n<p>Se pueden poner los ladrillos con el cemento resistente a los \u00e1cidos.<\/p>\n<p>Disponibles en diferentes formatos.<\/p>\n","protected":false},"featured_media":9316,"template":"","meta":[],"product_brand":[],"product_cat":[150],"product_tag":[],"class_list":{"0":"post-4424","1":"product","2":"type-product","3":"status-publish","4":"has-post-thumbnail","6":"product_cat-ladrillos-2","8":"first","9":"instock","10":"shipping-taxable","11":"product-type-simple"},"yoast_head":"<!-- This site is optimized with the Yoast SEO plugin v27.4 - https:\/\/yoast.com\/product\/yoast-seo-wordpress\/ -->\n<title>Anti\u00e1cidos - Azaros<\/title>\n<meta name=\"robots\" content=\"index, follow, max-snippet:-1, max-image-preview:large, max-video-preview:-1\" \/>\n<link rel=\"canonical\" href=\"https:\/\/www.azaros.eu\/es\/producto\/antiacidos\/\" \/>\n<meta property=\"og:locale\" content=\"es_ES\" \/>\n<meta property=\"og:type\" content=\"article\" \/>\n<meta property=\"og:title\" content=\"Anti\u00e1cidos - Azaros\" \/>\n<meta property=\"og:description\" content=\"Los ladrillos refractarios resistentes a los \u00e1cidos, fabricados con arcilla refractaria, est\u00e1n disponibles en diferentes tama\u00f1os adecuados para el revestimiento de cubetas, chimeneas, pozos y suelos.  Se pueden poner los ladrillos con el cemento resistente a los \u00e1cidos.  Disponibles en diferentes formatos.\" \/>\n<meta property=\"og:url\" content=\"https:\/\/www.azaros.eu\/es\/producto\/antiacidos\/\" \/>\n<meta property=\"og:site_name\" content=\"Azaros\" \/>\n<meta property=\"article:modified_time\" content=\"2025-07-14T11:54:46+00:00\" \/>\n<meta property=\"og:image\" content=\"https:\/\/www.azaros.eu\/wp-content\/uploads\/2024\/06\/Ladrillo-Antiacidos2.jpg\" \/>\n\t<meta property=\"og:image:width\" content=\"1200\" \/>\n\t<meta property=\"og:image:height\" content=\"700\" \/>\n\t<meta property=\"og:image:type\" content=\"image\/jpeg\" \/>\n<meta name=\"twitter:card\" content=\"summary_large_image\" \/>\n<meta name=\"twitter:label1\" content=\"Tiempo de lectura\" \/>\n\t<meta name=\"twitter:data1\" content=\"1 minuto\" \/>\n<script type=\"application\/ld+json\" class=\"yoast-schema-graph\">{\"@context\":\"https:\\\/\\\/schema.org\",\"@graph\":[{\"@type\":\"WebPage\",\"@id\":\"https:\\\/\\\/www.azaros.eu\\\/es\\\/producto\\\/antiacidos\\\/\",\"url\":\"https:\\\/\\\/www.azaros.eu\\\/es\\\/producto\\\/antiacidos\\\/\",\"name\":\"Anti\u00e1cidos - Azaros\",\"isPartOf\":{\"@id\":\"https:\\\/\\\/www.azaros.eu\\\/es\\\/#website\"},\"primaryImageOfPage\":{\"@id\":\"https:\\\/\\\/www.azaros.eu\\\/es\\\/producto\\\/antiacidos\\\/#primaryimage\"},\"image\":{\"@id\":\"https:\\\/\\\/www.azaros.eu\\\/es\\\/producto\\\/antiacidos\\\/#primaryimage\"},\"thumbnailUrl\":\"https:\\\/\\\/www.azaros.eu\\\/wp-content\\\/uploads\\\/2024\\\/06\\\/Ladrillo-Antiacidos2.jpg\",\"datePublished\":\"2024-06-11T07:06:32+00:00\",\"dateModified\":\"2025-07-14T11:54:46+00:00\",\"breadcrumb\":{\"@id\":\"https:\\\/\\\/www.azaros.eu\\\/es\\\/producto\\\/antiacidos\\\/#breadcrumb\"},\"inLanguage\":\"es\",\"potentialAction\":[{\"@type\":\"ReadAction\",\"target\":[\"https:\\\/\\\/www.azaros.eu\\\/es\\\/producto\\\/antiacidos\\\/\"]}]},{\"@type\":\"ImageObject\",\"inLanguage\":\"es\",\"@id\":\"https:\\\/\\\/www.azaros.eu\\\/es\\\/producto\\\/antiacidos\\\/#primaryimage\",\"url\":\"https:\\\/\\\/www.azaros.eu\\\/wp-content\\\/uploads\\\/2024\\\/06\\\/Ladrillo-Antiacidos2.jpg\",\"contentUrl\":\"https:\\\/\\\/www.azaros.eu\\\/wp-content\\\/uploads\\\/2024\\\/06\\\/Ladrillo-Antiacidos2.jpg\",\"width\":1200,\"height\":700},{\"@type\":\"BreadcrumbList\",\"@id\":\"https:\\\/\\\/www.azaros.eu\\\/es\\\/producto\\\/antiacidos\\\/#breadcrumb\",\"itemListElement\":[{\"@type\":\"ListItem\",\"position\":1,\"name\":\"Azaros\",\"item\":\"https:\\\/\\\/www.azaros.eu\\\/es\\\/\"},{\"@type\":\"ListItem\",\"position\":2,\"name\":\"Productos\",\"item\":\"https:\\\/\\\/www.azaros.eu\\\/es\\\/productos\\\/\"},{\"@type\":\"ListItem\",\"position\":3,\"name\":\"Refractario\",\"item\":\"https:\\\/\\\/www.azaros.eu\\\/es\\\/productos\\\/refractario\\\/\"},{\"@type\":\"ListItem\",\"position\":4,\"name\":\"ladrillos refractarios\",\"item\":\"https:\\\/\\\/www.azaros.eu\\\/es\\\/productos\\\/refractario\\\/ladrillos-2\\\/\"},{\"@type\":\"ListItem\",\"position\":5,\"name\":\"Anti\u00e1cidos\"}]},{\"@type\":\"WebSite\",\"@id\":\"https:\\\/\\\/www.azaros.eu\\\/es\\\/#website\",\"url\":\"https:\\\/\\\/www.azaros.eu\\\/es\\\/\",\"name\":\"Azaros\",\"description\":\"Fabricamos, distribuimos y comercializamos una gran gama de suministros.\",\"potentialAction\":[{\"@type\":\"SearchAction\",\"target\":{\"@type\":\"EntryPoint\",\"urlTemplate\":\"https:\\\/\\\/www.azaros.eu\\\/es\\\/?s={search_term_string}\"},\"query-input\":{\"@type\":\"PropertyValueSpecification\",\"valueRequired\":true,\"valueName\":\"search_term_string\"}}],\"inLanguage\":\"es\"}]}<\/script>\n<!-- \/ Yoast SEO plugin. -->","yoast_head_json":{"title":"Anti\u00e1cidos - Azaros","robots":{"index":"index","follow":"follow","max-snippet":"max-snippet:-1","max-image-preview":"max-image-preview:large","max-video-preview":"max-video-preview:-1"},"canonical":"https:\/\/www.azaros.eu\/es\/producto\/antiacidos\/","og_locale":"es_ES","og_type":"article","og_title":"Anti\u00e1cidos - Azaros","og_description":"Los ladrillos refractarios resistentes a los \u00e1cidos, fabricados con arcilla refractaria, est\u00e1n disponibles en diferentes tama\u00f1os adecuados para el revestimiento de cubetas, chimeneas, pozos y suelos.  Se pueden poner los ladrillos con el cemento resistente a los \u00e1cidos.  Disponibles en diferentes formatos.","og_url":"https:\/\/www.azaros.eu\/es\/producto\/antiacidos\/","og_site_name":"Azaros","article_modified_time":"2025-07-14T11:54:46+00:00","og_image":[{"width":1200,"height":700,"url":"https:\/\/www.azaros.eu\/wp-content\/uploads\/2024\/06\/Ladrillo-Antiacidos2.jpg","type":"image\/jpeg"}],"twitter_card":"summary_large_image","twitter_misc":{"Tiempo de lectura":"1 minuto"},"schema":{"@context":"https:\/\/schema.org","@graph":[{"@type":"WebPage","@id":"https:\/\/www.azaros.eu\/es\/producto\/antiacidos\/","url":"https:\/\/www.azaros.eu\/es\/producto\/antiacidos\/","name":"Anti\u00e1cidos - Azaros","isPartOf":{"@id":"https:\/\/www.azaros.eu\/es\/#website"},"primaryImageOfPage":{"@id":"https:\/\/www.azaros.eu\/es\/producto\/antiacidos\/#primaryimage"},"image":{"@id":"https:\/\/www.azaros.eu\/es\/producto\/antiacidos\/#primaryimage"},"thumbnailUrl":"https:\/\/www.azaros.eu\/wp-content\/uploads\/2024\/06\/Ladrillo-Antiacidos2.jpg","datePublished":"2024-06-11T07:06:32+00:00","dateModified":"2025-07-14T11:54:46+00:00","breadcrumb":{"@id":"https:\/\/www.azaros.eu\/es\/producto\/antiacidos\/#breadcrumb"},"inLanguage":"es","potentialAction":[{"@type":"ReadAction","target":["https:\/\/www.azaros.eu\/es\/producto\/antiacidos\/"]}]},{"@type":"ImageObject","inLanguage":"es","@id":"https:\/\/www.azaros.eu\/es\/producto\/antiacidos\/#primaryimage","url":"https:\/\/www.azaros.eu\/wp-content\/uploads\/2024\/06\/Ladrillo-Antiacidos2.jpg","contentUrl":"https:\/\/www.azaros.eu\/wp-content\/uploads\/2024\/06\/Ladrillo-Antiacidos2.jpg","width":1200,"height":700},{"@type":"BreadcrumbList","@id":"https:\/\/www.azaros.eu\/es\/producto\/antiacidos\/#breadcrumb","itemListElement":[{"@type":"ListItem","position":1,"name":"Azaros","item":"https:\/\/www.azaros.eu\/es\/"},{"@type":"ListItem","position":2,"name":"Productos","item":"https:\/\/www.azaros.eu\/es\/productos\/"},{"@type":"ListItem","position":3,"name":"Refractario","item":"https:\/\/www.azaros.eu\/es\/productos\/refractario\/"},{"@type":"ListItem","position":4,"name":"ladrillos refractarios","item":"https:\/\/www.azaros.eu\/es\/productos\/refractario\/ladrillos-2\/"},{"@type":"ListItem","position":5,"name":"Anti\u00e1cidos"}]},{"@type":"WebSite","@id":"https:\/\/www.azaros.eu\/es\/#website","url":"https:\/\/www.azaros.eu\/es\/","name":"Azaros","description":"Fabricamos, distribuimos y comercializamos una gran gama de suministros.","potentialAction":[{"@type":"SearchAction","target":{"@type":"EntryPoint","urlTemplate":"https:\/\/www.azaros.eu\/es\/?s={search_term_string}"},"query-input":{"@type":"PropertyValueSpecification","valueRequired":true,"valueName":"search_term_string"}}],"inLanguage":"es"}]}},"_links":{"self":[{"href":"https:\/\/www.azaros.eu\/es\/wp-json\/wp\/v2\/product\/4424","targetHints":{"allow":["GET"]}}],"collection":[{"href":"https:\/\/www.azaros.eu\/es\/wp-json\/wp\/v2\/product"}],"about":[{"href":"https:\/\/www.azaros.eu\/es\/wp-json\/wp\/v2\/types\/product"}],"wp:featuredmedia":[{"embeddable":true,"href":"https:\/\/www.azaros.eu\/es\/wp-json\/wp\/v2\/media\/9316"}],"wp:attachment":[{"href":"https:\/\/www.azaros.eu\/es\/wp-json\/wp\/v2\/media?parent=4424"}],"wp:term":[{"taxonomy":"product_brand","embeddable":true,"href":"https:\/\/www.azaros.eu\/es\/wp-json\/wp\/v2\/product_brand?post=4424"},{"taxonomy":"product_cat","embeddable":true,"href":"https:\/\/www.azaros.eu\/es\/wp-json\/wp\/v2\/product_cat?post=4424"},{"taxonomy":"product_tag","embeddable":true,"href":"https:\/\/www.azaros.eu\/es\/wp-json\/wp\/v2\/product_tag?post=4424"}],"curies":[{"name":"wp","href":"https:\/\/api.w.org\/{rel}","templated":true}]}}