{"id":4426,"date":"2024-06-11T08:08:15","date_gmt":"2024-06-11T07:08:15","guid":{"rendered":"https:\/\/www.azaros.eu\/?post_type=product&#038;p=4426"},"modified":"2025-04-08T07:30:10","modified_gmt":"2025-04-08T06:30:10","slug":"anclajes-ceramicos","status":"publish","type":"product","link":"https:\/\/www.azaros.eu\/es\/producto\/anclajes-ceramicos\/","title":{"rendered":"Anclajes c\u00e9ramicos"},"content":{"rendered":"<div class=\"row\"  id=\"row-1729002672\">\n\n\t<div id=\"col-339301623\" class=\"col medium-6 small-12 large-6\"  >\n\t\t\t\t<div class=\"col-inner\"  >\n\t\t\t\n\t\t\t\n<div class=\"container section-title-container\" ><h2 class=\"section-title section-title-normal\"><b aria-hidden=\"true\"><\/b><span class=\"section-title-main\" style=\"font-size:80%;\">Caracter\u00edsticas<\/span><b aria-hidden=\"true\"><\/b><\/h2><\/div>\n<ul>\n<li>Alta Resistencia T\u00e9rmica: Dise\u00f1ados para soportar temperaturas extremas sin degradarse.<\/li>\n<li>Excelente Resistencia a la Corrosi\u00f3n Qu\u00edmica: No reaccionan con gases ni escorias agresivas presentes en el horno.<\/li>\n<li>Baja Conductividad T\u00e9rmica: Reduce la p\u00e9rdida de calor y mejora la eficiencia energ\u00e9tica del horno.<\/li>\n<li>Alta Resistencia Mec\u00e1nica: Soportan cargas y esfuerzos t\u00e9rmicos sin fracturarse.<\/li>\n<li>Compatibilidad con Materiales Refractarios: Fabricados con materiales similares a los refractarios para evitar diferencias de expansi\u00f3n t\u00e9rmica que puedan causar fallos estructurales.<\/li>\n<li>Durabilidad y Larga Vida \u00datil: Dise\u00f1ados para resistir ciclos t\u00e9rmicos y minimizar el mantenimiento del horno.<\/li>\n<\/ul>\n\t\t<\/div>\n\t\t\t\t\t<\/div>\n\n\t\n\n\t<div id=\"col-1622174115\" class=\"col medium-6 small-12 large-6\"  >\n\t\t\t\t<div class=\"col-inner\"  >\n\t\t\t\n\t\t\t\n<div class=\"container section-title-container\" ><h2 class=\"section-title section-title-normal\"><b aria-hidden=\"true\"><\/b><span class=\"section-title-main\" style=\"font-size:80%;\">Aplicaciones t\u00edpicas<\/span><b aria-hidden=\"true\"><\/b><\/h2><\/div>\n<ul>\n<li>B\u00f3vedas y techos de hornos industriales en siderurgia, cemento, vidrio y cer\u00e1mica.<\/li>\n<li>Hornos de fusi\u00f3n y calcinaci\u00f3n, donde se requiere estabilidad estructural a altas temperaturas.<\/li>\n<li>Hornos de tratamiento t\u00e9rmico, para asegurar la fijaci\u00f3n del revestimiento refractario.<\/li>\n<li>Calderas y c\u00e1maras de combusti\u00f3n, donde hay exposici\u00f3n a gases corrosivos y altas temperaturas.<\/li>\n<\/ul>\n\t\t<\/div>\n\t\t\t\t\t<\/div>\n\n\t\n<\/div>\n","protected":false},"excerpt":{"rendered":"<p>Los anclajes cer\u00e1micos son piezas hechas de material cer\u00e1mico refractario que sirven para asegurar y sostener revestimientos refractarios en estructuras industriales que operan a altas temperaturas, como hornos, calderas y chimeneas. Estos anclajes se integran directamente en el revestimiento, actuando como puntos de anclaje para sujetar el material refractario en su sitio. Al estar hechos de materiales cer\u00e1micos, estos anclajes son altamente resistentes al calor, la corrosi\u00f3n y los choques t\u00e9rmicos, y no se deforman a altas temperaturas como lo har\u00edan los anclajes met\u00e1licos, garantizando el revestimiento refractario incluso en condiciones extremas de operaci\u00f3n, prolongando la vida \u00fatil y la eficacia del revestimiento.<\/p>\n","protected":false},"featured_media":5571,"template":"","meta":[],"product_brand":[],"product_cat":[152],"product_tag":[],"class_list":{"0":"post-4426","1":"product","2":"type-product","3":"status-publish","4":"has-post-thumbnail","6":"product_cat-anclajes-2","8":"first","9":"instock","10":"shipping-taxable","11":"product-type-simple"},"yoast_head":"<!-- This site is optimized with the Yoast SEO plugin v27.4 - https:\/\/yoast.com\/product\/yoast-seo-wordpress\/ -->\n<title>Anclajes c\u00e9ramicos - Azaros<\/title>\n<meta name=\"robots\" content=\"index, follow, max-snippet:-1, max-image-preview:large, max-video-preview:-1\" \/>\n<link rel=\"canonical\" href=\"https:\/\/www.azaros.eu\/es\/producto\/anclajes-ceramicos\/\" \/>\n<meta property=\"og:locale\" content=\"es_ES\" \/>\n<meta property=\"og:type\" content=\"article\" \/>\n<meta property=\"og:title\" content=\"Anclajes c\u00e9ramicos - Azaros\" \/>\n<meta property=\"og:description\" content=\"Los anclajes cer\u00e1micos son piezas hechas de material cer\u00e1mico refractario que sirven para asegurar y sostener revestimientos refractarios en estructuras industriales que operan a altas temperaturas, como hornos, calderas y chimeneas. Estos anclajes se integran directamente en el revestimiento, actuando como puntos de anclaje para sujetar el material refractario en su sitio. Al estar hechos de materiales cer\u00e1micos, estos anclajes son altamente resistentes al calor, la corrosi\u00f3n y los choques t\u00e9rmicos, y no se deforman a altas temperaturas como lo har\u00edan los anclajes met\u00e1licos, garantizando el revestimiento refractario incluso en condiciones extremas de operaci\u00f3n, prolongando la vida \u00fatil y la eficacia del revestimiento.\" \/>\n<meta property=\"og:url\" content=\"https:\/\/www.azaros.eu\/es\/producto\/anclajes-ceramicos\/\" \/>\n<meta property=\"og:site_name\" content=\"Azaros\" \/>\n<meta property=\"article:modified_time\" content=\"2025-04-08T06:30:10+00:00\" \/>\n<meta property=\"og:image\" content=\"https:\/\/www.azaros.eu\/wp-content\/uploads\/2024\/12\/MUNECOS-4.jpg\" \/>\n\t<meta property=\"og:image:width\" content=\"1200\" \/>\n\t<meta property=\"og:image:height\" content=\"700\" \/>\n\t<meta property=\"og:image:type\" content=\"image\/jpeg\" \/>\n<meta name=\"twitter:card\" content=\"summary_large_image\" \/>\n<meta name=\"twitter:label1\" content=\"Tiempo de lectura\" \/>\n\t<meta name=\"twitter:data1\" content=\"1 minuto\" \/>\n<script type=\"application\/ld+json\" class=\"yoast-schema-graph\">{\"@context\":\"https:\\\/\\\/schema.org\",\"@graph\":[{\"@type\":\"WebPage\",\"@id\":\"https:\\\/\\\/www.azaros.eu\\\/es\\\/producto\\\/anclajes-ceramicos\\\/\",\"url\":\"https:\\\/\\\/www.azaros.eu\\\/es\\\/producto\\\/anclajes-ceramicos\\\/\",\"name\":\"Anclajes c\u00e9ramicos - Azaros\",\"isPartOf\":{\"@id\":\"https:\\\/\\\/www.azaros.eu\\\/es\\\/#website\"},\"primaryImageOfPage\":{\"@id\":\"https:\\\/\\\/www.azaros.eu\\\/es\\\/producto\\\/anclajes-ceramicos\\\/#primaryimage\"},\"image\":{\"@id\":\"https:\\\/\\\/www.azaros.eu\\\/es\\\/producto\\\/anclajes-ceramicos\\\/#primaryimage\"},\"thumbnailUrl\":\"https:\\\/\\\/www.azaros.eu\\\/wp-content\\\/uploads\\\/2024\\\/12\\\/MUNECOS-4.jpg\",\"datePublished\":\"2024-06-11T07:08:15+00:00\",\"dateModified\":\"2025-04-08T06:30:10+00:00\",\"breadcrumb\":{\"@id\":\"https:\\\/\\\/www.azaros.eu\\\/es\\\/producto\\\/anclajes-ceramicos\\\/#breadcrumb\"},\"inLanguage\":\"es\",\"potentialAction\":[{\"@type\":\"ReadAction\",\"target\":[\"https:\\\/\\\/www.azaros.eu\\\/es\\\/producto\\\/anclajes-ceramicos\\\/\"]}]},{\"@type\":\"ImageObject\",\"inLanguage\":\"es\",\"@id\":\"https:\\\/\\\/www.azaros.eu\\\/es\\\/producto\\\/anclajes-ceramicos\\\/#primaryimage\",\"url\":\"https:\\\/\\\/www.azaros.eu\\\/wp-content\\\/uploads\\\/2024\\\/12\\\/MUNECOS-4.jpg\",\"contentUrl\":\"https:\\\/\\\/www.azaros.eu\\\/wp-content\\\/uploads\\\/2024\\\/12\\\/MUNECOS-4.jpg\",\"width\":1200,\"height\":700},{\"@type\":\"BreadcrumbList\",\"@id\":\"https:\\\/\\\/www.azaros.eu\\\/es\\\/producto\\\/anclajes-ceramicos\\\/#breadcrumb\",\"itemListElement\":[{\"@type\":\"ListItem\",\"position\":1,\"name\":\"Azaros\",\"item\":\"https:\\\/\\\/www.azaros.eu\\\/es\\\/\"},{\"@type\":\"ListItem\",\"position\":2,\"name\":\"Productos\",\"item\":\"https:\\\/\\\/www.azaros.eu\\\/es\\\/productos\\\/\"},{\"@type\":\"ListItem\",\"position\":3,\"name\":\"Refractario\",\"item\":\"https:\\\/\\\/www.azaros.eu\\\/es\\\/productos\\\/refractario\\\/\"},{\"@type\":\"ListItem\",\"position\":4,\"name\":\"Anclajes\",\"item\":\"https:\\\/\\\/www.azaros.eu\\\/es\\\/productos\\\/refractario\\\/anclajes-2\\\/\"},{\"@type\":\"ListItem\",\"position\":5,\"name\":\"Anclajes c\u00e9ramicos\"}]},{\"@type\":\"WebSite\",\"@id\":\"https:\\\/\\\/www.azaros.eu\\\/es\\\/#website\",\"url\":\"https:\\\/\\\/www.azaros.eu\\\/es\\\/\",\"name\":\"Azaros\",\"description\":\"Fabricamos, distribuimos y comercializamos una gran gama de suministros.\",\"potentialAction\":[{\"@type\":\"SearchAction\",\"target\":{\"@type\":\"EntryPoint\",\"urlTemplate\":\"https:\\\/\\\/www.azaros.eu\\\/es\\\/?s={search_term_string}\"},\"query-input\":{\"@type\":\"PropertyValueSpecification\",\"valueRequired\":true,\"valueName\":\"search_term_string\"}}],\"inLanguage\":\"es\"}]}<\/script>\n<!-- \/ Yoast SEO plugin. -->","yoast_head_json":{"title":"Anclajes c\u00e9ramicos - Azaros","robots":{"index":"index","follow":"follow","max-snippet":"max-snippet:-1","max-image-preview":"max-image-preview:large","max-video-preview":"max-video-preview:-1"},"canonical":"https:\/\/www.azaros.eu\/es\/producto\/anclajes-ceramicos\/","og_locale":"es_ES","og_type":"article","og_title":"Anclajes c\u00e9ramicos - Azaros","og_description":"Los anclajes cer\u00e1micos son piezas hechas de material cer\u00e1mico refractario que sirven para asegurar y sostener revestimientos refractarios en estructuras industriales que operan a altas temperaturas, como hornos, calderas y chimeneas. Estos anclajes se integran directamente en el revestimiento, actuando como puntos de anclaje para sujetar el material refractario en su sitio. Al estar hechos de materiales cer\u00e1micos, estos anclajes son altamente resistentes al calor, la corrosi\u00f3n y los choques t\u00e9rmicos, y no se deforman a altas temperaturas como lo har\u00edan los anclajes met\u00e1licos, garantizando el revestimiento refractario incluso en condiciones extremas de operaci\u00f3n, prolongando la vida \u00fatil y la eficacia del revestimiento.","og_url":"https:\/\/www.azaros.eu\/es\/producto\/anclajes-ceramicos\/","og_site_name":"Azaros","article_modified_time":"2025-04-08T06:30:10+00:00","og_image":[{"width":1200,"height":700,"url":"https:\/\/www.azaros.eu\/wp-content\/uploads\/2024\/12\/MUNECOS-4.jpg","type":"image\/jpeg"}],"twitter_card":"summary_large_image","twitter_misc":{"Tiempo de lectura":"1 minuto"},"schema":{"@context":"https:\/\/schema.org","@graph":[{"@type":"WebPage","@id":"https:\/\/www.azaros.eu\/es\/producto\/anclajes-ceramicos\/","url":"https:\/\/www.azaros.eu\/es\/producto\/anclajes-ceramicos\/","name":"Anclajes c\u00e9ramicos - Azaros","isPartOf":{"@id":"https:\/\/www.azaros.eu\/es\/#website"},"primaryImageOfPage":{"@id":"https:\/\/www.azaros.eu\/es\/producto\/anclajes-ceramicos\/#primaryimage"},"image":{"@id":"https:\/\/www.azaros.eu\/es\/producto\/anclajes-ceramicos\/#primaryimage"},"thumbnailUrl":"https:\/\/www.azaros.eu\/wp-content\/uploads\/2024\/12\/MUNECOS-4.jpg","datePublished":"2024-06-11T07:08:15+00:00","dateModified":"2025-04-08T06:30:10+00:00","breadcrumb":{"@id":"https:\/\/www.azaros.eu\/es\/producto\/anclajes-ceramicos\/#breadcrumb"},"inLanguage":"es","potentialAction":[{"@type":"ReadAction","target":["https:\/\/www.azaros.eu\/es\/producto\/anclajes-ceramicos\/"]}]},{"@type":"ImageObject","inLanguage":"es","@id":"https:\/\/www.azaros.eu\/es\/producto\/anclajes-ceramicos\/#primaryimage","url":"https:\/\/www.azaros.eu\/wp-content\/uploads\/2024\/12\/MUNECOS-4.jpg","contentUrl":"https:\/\/www.azaros.eu\/wp-content\/uploads\/2024\/12\/MUNECOS-4.jpg","width":1200,"height":700},{"@type":"BreadcrumbList","@id":"https:\/\/www.azaros.eu\/es\/producto\/anclajes-ceramicos\/#breadcrumb","itemListElement":[{"@type":"ListItem","position":1,"name":"Azaros","item":"https:\/\/www.azaros.eu\/es\/"},{"@type":"ListItem","position":2,"name":"Productos","item":"https:\/\/www.azaros.eu\/es\/productos\/"},{"@type":"ListItem","position":3,"name":"Refractario","item":"https:\/\/www.azaros.eu\/es\/productos\/refractario\/"},{"@type":"ListItem","position":4,"name":"Anclajes","item":"https:\/\/www.azaros.eu\/es\/productos\/refractario\/anclajes-2\/"},{"@type":"ListItem","position":5,"name":"Anclajes c\u00e9ramicos"}]},{"@type":"WebSite","@id":"https:\/\/www.azaros.eu\/es\/#website","url":"https:\/\/www.azaros.eu\/es\/","name":"Azaros","description":"Fabricamos, distribuimos y comercializamos una gran gama de suministros.","potentialAction":[{"@type":"SearchAction","target":{"@type":"EntryPoint","urlTemplate":"https:\/\/www.azaros.eu\/es\/?s={search_term_string}"},"query-input":{"@type":"PropertyValueSpecification","valueRequired":true,"valueName":"search_term_string"}}],"inLanguage":"es"}]}},"_links":{"self":[{"href":"https:\/\/www.azaros.eu\/es\/wp-json\/wp\/v2\/product\/4426","targetHints":{"allow":["GET"]}}],"collection":[{"href":"https:\/\/www.azaros.eu\/es\/wp-json\/wp\/v2\/product"}],"about":[{"href":"https:\/\/www.azaros.eu\/es\/wp-json\/wp\/v2\/types\/product"}],"wp:featuredmedia":[{"embeddable":true,"href":"https:\/\/www.azaros.eu\/es\/wp-json\/wp\/v2\/media\/5571"}],"wp:attachment":[{"href":"https:\/\/www.azaros.eu\/es\/wp-json\/wp\/v2\/media?parent=4426"}],"wp:term":[{"taxonomy":"product_brand","embeddable":true,"href":"https:\/\/www.azaros.eu\/es\/wp-json\/wp\/v2\/product_brand?post=4426"},{"taxonomy":"product_cat","embeddable":true,"href":"https:\/\/www.azaros.eu\/es\/wp-json\/wp\/v2\/product_cat?post=4426"},{"taxonomy":"product_tag","embeddable":true,"href":"https:\/\/www.azaros.eu\/es\/wp-json\/wp\/v2\/product_tag?post=4426"}],"curies":[{"name":"wp","href":"https:\/\/api.w.org\/{rel}","templated":true}]}}