{"id":4427,"date":"2024-06-11T08:08:45","date_gmt":"2024-06-11T07:08:45","guid":{"rendered":"https:\/\/www.azaros.eu\/?post_type=product&#038;p=4427"},"modified":"2025-07-14T12:56:15","modified_gmt":"2025-07-14T11:56:15","slug":"mlz","status":"publish","type":"product","link":"https:\/\/www.azaros.eu\/es\/producto\/mlz\/","title":{"rendered":"MLZ"},"content":{"rendered":"<div class=\"row\"  id=\"row-854754395\">\n\n\t<div id=\"col-2079043594\" class=\"col medium-6 small-12 large-6\"  >\n\t\t\t\t<div class=\"col-inner\"  >\n\t\t\t\n\t\t\t\n<div class=\"container section-title-container\" ><h2 class=\"section-title section-title-normal\"><b aria-hidden=\"true\"><\/b><span class=\"section-title-main\" style=\"font-size:80%;\">Caracter\u00edsticas<\/span><b aria-hidden=\"true\"><\/b><\/h2><\/div>\n<table>\n<tbody>\n<tr>\n<td>Color<\/td>\n<td>gris<\/td>\n<\/tr>\n<tr>\n<td>Temperatura m\u00e1xima de trabajo<\/td>\n<td>1.050 \u00baC<\/td>\n<\/tr>\n<tr>\n<td>Densidad<\/td>\n<td>270\u2013320 kg\/m3<\/td>\n<\/tr>\n<tr>\n<td>Test de no combustibilidad<\/td>\n<td>Clase A1<\/td>\n<\/tr>\n<tr>\n<td>Resistencia a compresi\u00f3n a 10%<\/td>\n<td>&gt; 0,32 MPa<\/td>\n<\/tr>\n<tr>\n<td>Conductividad t\u00e9rmica (DIN 51046)<\/td>\n<td>a 200 \u00baC -&gt; 0,022 W\/mK<br \/>\na 400 \u00baC -&gt; 0,025 W\/mK<br \/>\na 600 \u00baC -&gt; 0,030 W\/mK<br \/>\na 800 \u00baC -&gt; 0,040 W\/mK<\/td>\n<\/tr>\n<\/tbody>\n<\/table>\n\t\t<\/div>\n\t\t\t\t\t<\/div>\n\n\t\n\n\t<div id=\"col-225883124\" class=\"col medium-6 small-12 large-6\"  >\n\t\t\t\t<div class=\"col-inner\"  >\n\t\t\t\n\t\t\t\n<div class=\"container section-title-container\" ><h2 class=\"section-title section-title-normal\"><b aria-hidden=\"true\"><\/b><span class=\"section-title-main\" style=\"font-size:80%;\">Aplicaciones t\u00edpicas<\/span><b aria-hidden=\"true\"><\/b><\/h2><\/div>\n<ul>\n<li>Revestimiento de paredes, techos, etc\u2026en hornos refractarios industriales.<\/li>\n<li>Revestimiento de hornos de recocido.<\/li>\n<li>Revestimiento de hornos de tratamiento t\u00e9rmico.<\/li>\n<\/ul>\n\t\t<\/div>\n\t\t\t\t\t<\/div>\n\n\t\n<\/div>\n","protected":false},"excerpt":{"rendered":"<p>Los ladrillos refractarios MLZ son un tipo de ladrillos fabricados principalmente a partir de mullita, una fase cristalina de aluminosilicato que ofrece excelentes propiedades refractarias. Estos ladrillos son conocidos por su alta resistencia a la corrosi\u00f3n, la abrasi\u00f3n y su capacidad para soportar temperaturas muy elevadas, que pueden superar los 1700\u00b0C.<\/p>\n<p>La denominaci\u00f3n \u00abMLZ\u00bb hace referencia a su contenido en mullita y su aplicaci\u00f3n en zonas que requieren una alta resistencia t\u00e9rmica y mec\u00e1nica. Los ladrillos MLZ se utilizan com\u00fanmente en industrias como la sider\u00fargica, cementera, vidrio y cer\u00e1mica, donde forman parte del revestimiento interno de hornos, calderas y otros equipos expuestos a condiciones extremas de calor y desgaste.<\/p>\n<p>Disponibles en diferentes formatos.<\/p>\n","protected":false},"featured_media":9349,"template":"","meta":[],"product_brand":[],"product_cat":[150],"product_tag":[],"class_list":{"0":"post-4427","1":"product","2":"type-product","3":"status-publish","4":"has-post-thumbnail","6":"product_cat-ladrillos-2","8":"first","9":"instock","10":"shipping-taxable","11":"product-type-simple"},"yoast_head":"<!-- This site is optimized with the Yoast SEO plugin v27.4 - https:\/\/yoast.com\/product\/yoast-seo-wordpress\/ -->\n<title>MLZ - Azaros<\/title>\n<meta name=\"robots\" content=\"index, follow, max-snippet:-1, max-image-preview:large, max-video-preview:-1\" \/>\n<link rel=\"canonical\" href=\"https:\/\/www.azaros.eu\/es\/producto\/mlz\/\" \/>\n<meta property=\"og:locale\" content=\"es_ES\" \/>\n<meta property=\"og:type\" content=\"article\" \/>\n<meta property=\"og:title\" content=\"MLZ - Azaros\" \/>\n<meta property=\"og:description\" content=\"Los ladrillos refractarios MLZ son un tipo de ladrillos fabricados principalmente a partir de mullita, una fase cristalina de aluminosilicato que ofrece excelentes propiedades refractarias. Estos ladrillos son conocidos por su alta resistencia a la corrosi\u00f3n, la abrasi\u00f3n y su capacidad para soportar temperaturas muy elevadas, que pueden superar los 1700\u00b0C.  La denominaci\u00f3n &quot;MLZ&quot; hace referencia a su contenido en mullita y su aplicaci\u00f3n en zonas que requieren una alta resistencia t\u00e9rmica y mec\u00e1nica. Los ladrillos MLZ se utilizan com\u00fanmente en industrias como la sider\u00fargica, cementera, vidrio y cer\u00e1mica, donde forman parte del revestimiento interno de hornos, calderas y otros equipos expuestos a condiciones extremas de calor y desgaste.  Disponibles en diferentes formatos.\" \/>\n<meta property=\"og:url\" content=\"https:\/\/www.azaros.eu\/es\/producto\/mlz\/\" \/>\n<meta property=\"og:site_name\" content=\"Azaros\" \/>\n<meta property=\"article:modified_time\" content=\"2025-07-14T11:56:15+00:00\" \/>\n<meta property=\"og:image\" content=\"https:\/\/www.azaros.eu\/wp-content\/uploads\/2024\/06\/LadrilloMLZ.jpg\" \/>\n\t<meta property=\"og:image:width\" content=\"1200\" \/>\n\t<meta property=\"og:image:height\" content=\"700\" \/>\n\t<meta property=\"og:image:type\" content=\"image\/jpeg\" \/>\n<meta name=\"twitter:card\" content=\"summary_large_image\" \/>\n<meta name=\"twitter:label1\" content=\"Tiempo de lectura\" \/>\n\t<meta name=\"twitter:data1\" content=\"1 minuto\" \/>\n<script type=\"application\/ld+json\" class=\"yoast-schema-graph\">{\"@context\":\"https:\\\/\\\/schema.org\",\"@graph\":[{\"@type\":\"WebPage\",\"@id\":\"https:\\\/\\\/www.azaros.eu\\\/es\\\/producto\\\/mlz\\\/\",\"url\":\"https:\\\/\\\/www.azaros.eu\\\/es\\\/producto\\\/mlz\\\/\",\"name\":\"MLZ - Azaros\",\"isPartOf\":{\"@id\":\"https:\\\/\\\/www.azaros.eu\\\/es\\\/#website\"},\"primaryImageOfPage\":{\"@id\":\"https:\\\/\\\/www.azaros.eu\\\/es\\\/producto\\\/mlz\\\/#primaryimage\"},\"image\":{\"@id\":\"https:\\\/\\\/www.azaros.eu\\\/es\\\/producto\\\/mlz\\\/#primaryimage\"},\"thumbnailUrl\":\"https:\\\/\\\/www.azaros.eu\\\/wp-content\\\/uploads\\\/2024\\\/06\\\/LadrilloMLZ.jpg\",\"datePublished\":\"2024-06-11T07:08:45+00:00\",\"dateModified\":\"2025-07-14T11:56:15+00:00\",\"breadcrumb\":{\"@id\":\"https:\\\/\\\/www.azaros.eu\\\/es\\\/producto\\\/mlz\\\/#breadcrumb\"},\"inLanguage\":\"es\",\"potentialAction\":[{\"@type\":\"ReadAction\",\"target\":[\"https:\\\/\\\/www.azaros.eu\\\/es\\\/producto\\\/mlz\\\/\"]}]},{\"@type\":\"ImageObject\",\"inLanguage\":\"es\",\"@id\":\"https:\\\/\\\/www.azaros.eu\\\/es\\\/producto\\\/mlz\\\/#primaryimage\",\"url\":\"https:\\\/\\\/www.azaros.eu\\\/wp-content\\\/uploads\\\/2024\\\/06\\\/LadrilloMLZ.jpg\",\"contentUrl\":\"https:\\\/\\\/www.azaros.eu\\\/wp-content\\\/uploads\\\/2024\\\/06\\\/LadrilloMLZ.jpg\",\"width\":1200,\"height\":700},{\"@type\":\"BreadcrumbList\",\"@id\":\"https:\\\/\\\/www.azaros.eu\\\/es\\\/producto\\\/mlz\\\/#breadcrumb\",\"itemListElement\":[{\"@type\":\"ListItem\",\"position\":1,\"name\":\"Azaros\",\"item\":\"https:\\\/\\\/www.azaros.eu\\\/es\\\/\"},{\"@type\":\"ListItem\",\"position\":2,\"name\":\"Productos\",\"item\":\"https:\\\/\\\/www.azaros.eu\\\/es\\\/productos\\\/\"},{\"@type\":\"ListItem\",\"position\":3,\"name\":\"Refractario\",\"item\":\"https:\\\/\\\/www.azaros.eu\\\/es\\\/productos\\\/refractario\\\/\"},{\"@type\":\"ListItem\",\"position\":4,\"name\":\"ladrillos refractarios\",\"item\":\"https:\\\/\\\/www.azaros.eu\\\/es\\\/productos\\\/refractario\\\/ladrillos-2\\\/\"},{\"@type\":\"ListItem\",\"position\":5,\"name\":\"MLZ\"}]},{\"@type\":\"WebSite\",\"@id\":\"https:\\\/\\\/www.azaros.eu\\\/es\\\/#website\",\"url\":\"https:\\\/\\\/www.azaros.eu\\\/es\\\/\",\"name\":\"Azaros\",\"description\":\"Fabricamos, distribuimos y comercializamos una gran gama de suministros.\",\"potentialAction\":[{\"@type\":\"SearchAction\",\"target\":{\"@type\":\"EntryPoint\",\"urlTemplate\":\"https:\\\/\\\/www.azaros.eu\\\/es\\\/?s={search_term_string}\"},\"query-input\":{\"@type\":\"PropertyValueSpecification\",\"valueRequired\":true,\"valueName\":\"search_term_string\"}}],\"inLanguage\":\"es\"}]}<\/script>\n<!-- \/ Yoast SEO plugin. -->","yoast_head_json":{"title":"MLZ - Azaros","robots":{"index":"index","follow":"follow","max-snippet":"max-snippet:-1","max-image-preview":"max-image-preview:large","max-video-preview":"max-video-preview:-1"},"canonical":"https:\/\/www.azaros.eu\/es\/producto\/mlz\/","og_locale":"es_ES","og_type":"article","og_title":"MLZ - Azaros","og_description":"Los ladrillos refractarios MLZ son un tipo de ladrillos fabricados principalmente a partir de mullita, una fase cristalina de aluminosilicato que ofrece excelentes propiedades refractarias. Estos ladrillos son conocidos por su alta resistencia a la corrosi\u00f3n, la abrasi\u00f3n y su capacidad para soportar temperaturas muy elevadas, que pueden superar los 1700\u00b0C.  La denominaci\u00f3n \"MLZ\" hace referencia a su contenido en mullita y su aplicaci\u00f3n en zonas que requieren una alta resistencia t\u00e9rmica y mec\u00e1nica. Los ladrillos MLZ se utilizan com\u00fanmente en industrias como la sider\u00fargica, cementera, vidrio y cer\u00e1mica, donde forman parte del revestimiento interno de hornos, calderas y otros equipos expuestos a condiciones extremas de calor y desgaste.  Disponibles en diferentes formatos.","og_url":"https:\/\/www.azaros.eu\/es\/producto\/mlz\/","og_site_name":"Azaros","article_modified_time":"2025-07-14T11:56:15+00:00","og_image":[{"width":1200,"height":700,"url":"https:\/\/www.azaros.eu\/wp-content\/uploads\/2024\/06\/LadrilloMLZ.jpg","type":"image\/jpeg"}],"twitter_card":"summary_large_image","twitter_misc":{"Tiempo de lectura":"1 minuto"},"schema":{"@context":"https:\/\/schema.org","@graph":[{"@type":"WebPage","@id":"https:\/\/www.azaros.eu\/es\/producto\/mlz\/","url":"https:\/\/www.azaros.eu\/es\/producto\/mlz\/","name":"MLZ - Azaros","isPartOf":{"@id":"https:\/\/www.azaros.eu\/es\/#website"},"primaryImageOfPage":{"@id":"https:\/\/www.azaros.eu\/es\/producto\/mlz\/#primaryimage"},"image":{"@id":"https:\/\/www.azaros.eu\/es\/producto\/mlz\/#primaryimage"},"thumbnailUrl":"https:\/\/www.azaros.eu\/wp-content\/uploads\/2024\/06\/LadrilloMLZ.jpg","datePublished":"2024-06-11T07:08:45+00:00","dateModified":"2025-07-14T11:56:15+00:00","breadcrumb":{"@id":"https:\/\/www.azaros.eu\/es\/producto\/mlz\/#breadcrumb"},"inLanguage":"es","potentialAction":[{"@type":"ReadAction","target":["https:\/\/www.azaros.eu\/es\/producto\/mlz\/"]}]},{"@type":"ImageObject","inLanguage":"es","@id":"https:\/\/www.azaros.eu\/es\/producto\/mlz\/#primaryimage","url":"https:\/\/www.azaros.eu\/wp-content\/uploads\/2024\/06\/LadrilloMLZ.jpg","contentUrl":"https:\/\/www.azaros.eu\/wp-content\/uploads\/2024\/06\/LadrilloMLZ.jpg","width":1200,"height":700},{"@type":"BreadcrumbList","@id":"https:\/\/www.azaros.eu\/es\/producto\/mlz\/#breadcrumb","itemListElement":[{"@type":"ListItem","position":1,"name":"Azaros","item":"https:\/\/www.azaros.eu\/es\/"},{"@type":"ListItem","position":2,"name":"Productos","item":"https:\/\/www.azaros.eu\/es\/productos\/"},{"@type":"ListItem","position":3,"name":"Refractario","item":"https:\/\/www.azaros.eu\/es\/productos\/refractario\/"},{"@type":"ListItem","position":4,"name":"ladrillos refractarios","item":"https:\/\/www.azaros.eu\/es\/productos\/refractario\/ladrillos-2\/"},{"@type":"ListItem","position":5,"name":"MLZ"}]},{"@type":"WebSite","@id":"https:\/\/www.azaros.eu\/es\/#website","url":"https:\/\/www.azaros.eu\/es\/","name":"Azaros","description":"Fabricamos, distribuimos y comercializamos una gran gama de suministros.","potentialAction":[{"@type":"SearchAction","target":{"@type":"EntryPoint","urlTemplate":"https:\/\/www.azaros.eu\/es\/?s={search_term_string}"},"query-input":{"@type":"PropertyValueSpecification","valueRequired":true,"valueName":"search_term_string"}}],"inLanguage":"es"}]}},"_links":{"self":[{"href":"https:\/\/www.azaros.eu\/es\/wp-json\/wp\/v2\/product\/4427","targetHints":{"allow":["GET"]}}],"collection":[{"href":"https:\/\/www.azaros.eu\/es\/wp-json\/wp\/v2\/product"}],"about":[{"href":"https:\/\/www.azaros.eu\/es\/wp-json\/wp\/v2\/types\/product"}],"wp:featuredmedia":[{"embeddable":true,"href":"https:\/\/www.azaros.eu\/es\/wp-json\/wp\/v2\/media\/9349"}],"wp:attachment":[{"href":"https:\/\/www.azaros.eu\/es\/wp-json\/wp\/v2\/media?parent=4427"}],"wp:term":[{"taxonomy":"product_brand","embeddable":true,"href":"https:\/\/www.azaros.eu\/es\/wp-json\/wp\/v2\/product_brand?post=4427"},{"taxonomy":"product_cat","embeddable":true,"href":"https:\/\/www.azaros.eu\/es\/wp-json\/wp\/v2\/product_cat?post=4427"},{"taxonomy":"product_tag","embeddable":true,"href":"https:\/\/www.azaros.eu\/es\/wp-json\/wp\/v2\/product_tag?post=4427"}],"curies":[{"name":"wp","href":"https:\/\/api.w.org\/{rel}","templated":true}]}}