{"id":4435,"date":"2024-06-11T08:15:26","date_gmt":"2024-06-11T07:15:26","guid":{"rendered":"https:\/\/www.azaros.eu\/?post_type=product&#038;p=4435"},"modified":"2025-04-08T16:05:35","modified_gmt":"2025-04-08T15:05:35","slug":"arandelas-de-mica-flogopita","status":"publish","type":"product","link":"https:\/\/www.azaros.eu\/es\/producto\/arandelas-de-mica-flogopita\/","title":{"rendered":"Arandelas de mica"},"content":{"rendered":"<div class=\"row\"  id=\"row-1671167294\">\n\n\t<div id=\"col-945979141\" class=\"col medium-6 small-12 large-6\"  >\n\t\t\t\t<div class=\"col-inner\"  >\n\t\t\t\n\t\t\t\n<div class=\"container section-title-container\" ><h2 class=\"section-title section-title-normal\"><b aria-hidden=\"true\"><\/b><span class=\"section-title-main\" style=\"font-size:80%;\">Caracter\u00edsticas<\/span><b aria-hidden=\"true\"><\/b><\/h2><\/div>\n<ul>\n<li><span data-contrast=\"none\">Alta resistencia t\u00e9rmica<\/span><span data-ccp-props=\"{&quot;201341983&quot;:1,&quot;335551550&quot;:6,&quot;335551620&quot;:6,&quot;335559739&quot;:120,&quot;335559740&quot;:240}\">\u00a0<\/span><\/li>\n<li><span data-contrast=\"none\">Estabilidad qu\u00edmica y mec\u00e1nica<\/span><span data-ccp-props=\"{&quot;201341983&quot;:1,&quot;335551550&quot;:6,&quot;335551620&quot;:6,&quot;335559739&quot;:120,&quot;335559740&quot;:240}\">\u00a0<\/span><\/li>\n<\/ul>\n\t\t<\/div>\n\t\t\t\t\t<\/div>\n\n\t\n\n\t<div id=\"col-965064568\" class=\"col medium-6 small-12 large-6\"  >\n\t\t\t\t<div class=\"col-inner\"  >\n\t\t\t\n\t\t\t\n<div class=\"container section-title-container\" ><h2 class=\"section-title section-title-normal\"><b aria-hidden=\"true\"><\/b><span class=\"section-title-main\" style=\"font-size:80%;\">Aplicaciones t\u00edpicas<\/span><b aria-hidden=\"true\"><\/b><\/h2><\/div>\n<ul>\n<li><span data-contrast=\"auto\">Aislantes en equipos de alta tensi\u00f3n<\/span><span data-ccp-props=\"{}\">\u00a0<\/span><\/li>\n<li><span data-contrast=\"auto\">Entornos industriales de alta temperatura<\/span><span data-ccp-props=\"{}\">\u00a0<\/span><\/li>\n<\/ul>\n\t\t<\/div>\n\t\t\t\t\t<\/div>\n\n\t\n<\/div>\n<div class=\"row\"  id=\"row-172935569\">\n\n<\/div>\n","protected":false},"excerpt":{"rendered":"<p class=\"textocomun\"><span class=\"TextRun SCXW6392793 BCX0\" lang=\"ES-ES\" xml:lang=\"ES-ES\" data-contrast=\"none\"><span class=\"NormalTextRun SCXW6392793 BCX0\">Las arandelas de mica flogopita y moscovita son componentes aislantes utilizados en aplicaciones el\u00e9ctricas. La mica flogopita es un mineral que destaca por su excelente resistencia al calor, propiedades diel\u00e9ctricas y estabilidad t\u00e9rmica. Estas arandelas act\u00faan como barreras de aislamiento, protegiendo los circuitos y componentes de posibles cortocircuitos y evitando p\u00e9rdidas de corriente. Adem\u00e1s, su capacidad para soportar altas temperaturas sin degradarse las hace adecuadas para entornos industriales y de alta exigencia<\/span><span class=\"NormalTextRun SCXW6392793 BCX0\">.<\/span><\/span><span class=\"EOP SCXW6392793 BCX0\" data-ccp-props=\"{}\">\u00a0<\/span><\/p>\n","protected":false},"featured_media":5011,"template":"","meta":[],"product_brand":[],"product_cat":[33],"product_tag":[],"class_list":{"0":"post-4435","1":"product","2":"type-product","3":"status-publish","4":"has-post-thumbnail","6":"product_cat-mica","8":"first","9":"instock","10":"shipping-taxable","11":"product-type-simple"},"yoast_head":"<!-- This site is optimized with the Yoast SEO plugin v27.6 - https:\/\/yoast.com\/product\/yoast-seo-wordpress\/ -->\n<title>Arandelas de mica - Azaros<\/title>\n<meta name=\"robots\" content=\"index, follow, max-snippet:-1, max-image-preview:large, max-video-preview:-1\" \/>\n<link rel=\"canonical\" href=\"https:\/\/www.azaros.eu\/es\/producto\/arandelas-de-mica-flogopita\/\" \/>\n<meta property=\"og:locale\" content=\"es_ES\" \/>\n<meta property=\"og:type\" content=\"article\" \/>\n<meta property=\"og:title\" content=\"Arandelas de mica - Azaros\" \/>\n<meta property=\"og:description\" content=\"Las arandelas de mica flogopita y moscovita son componentes aislantes utilizados en aplicaciones el\u00e9ctricas. La mica flogopita es un mineral que destaca por su excelente resistencia al calor, propiedades diel\u00e9ctricas y estabilidad t\u00e9rmica. Estas arandelas act\u00faan como barreras de aislamiento, protegiendo los circuitos y componentes de posibles cortocircuitos y evitando p\u00e9rdidas de corriente. Adem\u00e1s, su capacidad para soportar altas temperaturas sin degradarse las hace adecuadas para entornos industriales y de alta exigencia.\u00a0\" \/>\n<meta property=\"og:url\" content=\"https:\/\/www.azaros.eu\/es\/producto\/arandelas-de-mica-flogopita\/\" \/>\n<meta property=\"og:site_name\" content=\"Azaros\" \/>\n<meta property=\"article:modified_time\" content=\"2025-04-08T15:05:35+00:00\" \/>\n<meta property=\"og:image\" content=\"https:\/\/www.azaros.eu\/wp-content\/uploads\/2024\/07\/Arandelas.jpg\" \/>\n\t<meta property=\"og:image:width\" content=\"1200\" \/>\n\t<meta property=\"og:image:height\" content=\"700\" \/>\n\t<meta property=\"og:image:type\" content=\"image\/jpeg\" \/>\n<meta name=\"twitter:card\" content=\"summary_large_image\" \/>\n<meta name=\"twitter:label1\" content=\"Tiempo de lectura\" \/>\n\t<meta name=\"twitter:data1\" content=\"1 minuto\" \/>\n<script type=\"application\/ld+json\" class=\"yoast-schema-graph\">{\"@context\":\"https:\\\/\\\/schema.org\",\"@graph\":[{\"@type\":\"WebPage\",\"@id\":\"https:\\\/\\\/www.azaros.eu\\\/es\\\/producto\\\/arandelas-de-mica-flogopita\\\/\",\"url\":\"https:\\\/\\\/www.azaros.eu\\\/es\\\/producto\\\/arandelas-de-mica-flogopita\\\/\",\"name\":\"Arandelas de mica - Azaros\",\"isPartOf\":{\"@id\":\"https:\\\/\\\/www.azaros.eu\\\/es\\\/#website\"},\"primaryImageOfPage\":{\"@id\":\"https:\\\/\\\/www.azaros.eu\\\/es\\\/producto\\\/arandelas-de-mica-flogopita\\\/#primaryimage\"},\"image\":{\"@id\":\"https:\\\/\\\/www.azaros.eu\\\/es\\\/producto\\\/arandelas-de-mica-flogopita\\\/#primaryimage\"},\"thumbnailUrl\":\"https:\\\/\\\/www.azaros.eu\\\/wp-content\\\/uploads\\\/2024\\\/07\\\/Arandelas.jpg\",\"datePublished\":\"2024-06-11T07:15:26+00:00\",\"dateModified\":\"2025-04-08T15:05:35+00:00\",\"breadcrumb\":{\"@id\":\"https:\\\/\\\/www.azaros.eu\\\/es\\\/producto\\\/arandelas-de-mica-flogopita\\\/#breadcrumb\"},\"inLanguage\":\"es\",\"potentialAction\":[{\"@type\":\"ReadAction\",\"target\":[\"https:\\\/\\\/www.azaros.eu\\\/es\\\/producto\\\/arandelas-de-mica-flogopita\\\/\"]}]},{\"@type\":\"ImageObject\",\"inLanguage\":\"es\",\"@id\":\"https:\\\/\\\/www.azaros.eu\\\/es\\\/producto\\\/arandelas-de-mica-flogopita\\\/#primaryimage\",\"url\":\"https:\\\/\\\/www.azaros.eu\\\/wp-content\\\/uploads\\\/2024\\\/07\\\/Arandelas.jpg\",\"contentUrl\":\"https:\\\/\\\/www.azaros.eu\\\/wp-content\\\/uploads\\\/2024\\\/07\\\/Arandelas.jpg\",\"width\":1200,\"height\":700},{\"@type\":\"BreadcrumbList\",\"@id\":\"https:\\\/\\\/www.azaros.eu\\\/es\\\/producto\\\/arandelas-de-mica-flogopita\\\/#breadcrumb\",\"itemListElement\":[{\"@type\":\"ListItem\",\"position\":1,\"name\":\"Azaros\",\"item\":\"https:\\\/\\\/www.azaros.eu\\\/es\\\/\"},{\"@type\":\"ListItem\",\"position\":2,\"name\":\"Productos\",\"item\":\"https:\\\/\\\/www.azaros.eu\\\/es\\\/productos\\\/\"},{\"@type\":\"ListItem\",\"position\":3,\"name\":\"Aislamiento el\u00e9ctrico\",\"item\":\"https:\\\/\\\/www.azaros.eu\\\/es\\\/productos\\\/aislamiento-electrico\\\/\"},{\"@type\":\"ListItem\",\"position\":4,\"name\":\"Mica\",\"item\":\"https:\\\/\\\/www.azaros.eu\\\/es\\\/productos\\\/aislamiento-electrico\\\/mica\\\/\"},{\"@type\":\"ListItem\",\"position\":5,\"name\":\"Arandelas de mica\"}]},{\"@type\":\"WebSite\",\"@id\":\"https:\\\/\\\/www.azaros.eu\\\/es\\\/#website\",\"url\":\"https:\\\/\\\/www.azaros.eu\\\/es\\\/\",\"name\":\"Azaros\",\"description\":\"Fabricamos, distribuimos y comercializamos una gran gama de suministros.\",\"potentialAction\":[{\"@type\":\"SearchAction\",\"target\":{\"@type\":\"EntryPoint\",\"urlTemplate\":\"https:\\\/\\\/www.azaros.eu\\\/es\\\/?s={search_term_string}\"},\"query-input\":{\"@type\":\"PropertyValueSpecification\",\"valueRequired\":true,\"valueName\":\"search_term_string\"}}],\"inLanguage\":\"es\"}]}<\/script>\n<!-- \/ Yoast SEO plugin. -->","yoast_head_json":{"title":"Arandelas de mica - Azaros","robots":{"index":"index","follow":"follow","max-snippet":"max-snippet:-1","max-image-preview":"max-image-preview:large","max-video-preview":"max-video-preview:-1"},"canonical":"https:\/\/www.azaros.eu\/es\/producto\/arandelas-de-mica-flogopita\/","og_locale":"es_ES","og_type":"article","og_title":"Arandelas de mica - Azaros","og_description":"Las arandelas de mica flogopita y moscovita son componentes aislantes utilizados en aplicaciones el\u00e9ctricas. La mica flogopita es un mineral que destaca por su excelente resistencia al calor, propiedades diel\u00e9ctricas y estabilidad t\u00e9rmica. Estas arandelas act\u00faan como barreras de aislamiento, protegiendo los circuitos y componentes de posibles cortocircuitos y evitando p\u00e9rdidas de corriente. Adem\u00e1s, su capacidad para soportar altas temperaturas sin degradarse las hace adecuadas para entornos industriales y de alta exigencia.\u00a0","og_url":"https:\/\/www.azaros.eu\/es\/producto\/arandelas-de-mica-flogopita\/","og_site_name":"Azaros","article_modified_time":"2025-04-08T15:05:35+00:00","og_image":[{"width":1200,"height":700,"url":"https:\/\/www.azaros.eu\/wp-content\/uploads\/2024\/07\/Arandelas.jpg","type":"image\/jpeg"}],"twitter_card":"summary_large_image","twitter_misc":{"Tiempo de lectura":"1 minuto"},"schema":{"@context":"https:\/\/schema.org","@graph":[{"@type":"WebPage","@id":"https:\/\/www.azaros.eu\/es\/producto\/arandelas-de-mica-flogopita\/","url":"https:\/\/www.azaros.eu\/es\/producto\/arandelas-de-mica-flogopita\/","name":"Arandelas de mica - Azaros","isPartOf":{"@id":"https:\/\/www.azaros.eu\/es\/#website"},"primaryImageOfPage":{"@id":"https:\/\/www.azaros.eu\/es\/producto\/arandelas-de-mica-flogopita\/#primaryimage"},"image":{"@id":"https:\/\/www.azaros.eu\/es\/producto\/arandelas-de-mica-flogopita\/#primaryimage"},"thumbnailUrl":"https:\/\/www.azaros.eu\/wp-content\/uploads\/2024\/07\/Arandelas.jpg","datePublished":"2024-06-11T07:15:26+00:00","dateModified":"2025-04-08T15:05:35+00:00","breadcrumb":{"@id":"https:\/\/www.azaros.eu\/es\/producto\/arandelas-de-mica-flogopita\/#breadcrumb"},"inLanguage":"es","potentialAction":[{"@type":"ReadAction","target":["https:\/\/www.azaros.eu\/es\/producto\/arandelas-de-mica-flogopita\/"]}]},{"@type":"ImageObject","inLanguage":"es","@id":"https:\/\/www.azaros.eu\/es\/producto\/arandelas-de-mica-flogopita\/#primaryimage","url":"https:\/\/www.azaros.eu\/wp-content\/uploads\/2024\/07\/Arandelas.jpg","contentUrl":"https:\/\/www.azaros.eu\/wp-content\/uploads\/2024\/07\/Arandelas.jpg","width":1200,"height":700},{"@type":"BreadcrumbList","@id":"https:\/\/www.azaros.eu\/es\/producto\/arandelas-de-mica-flogopita\/#breadcrumb","itemListElement":[{"@type":"ListItem","position":1,"name":"Azaros","item":"https:\/\/www.azaros.eu\/es\/"},{"@type":"ListItem","position":2,"name":"Productos","item":"https:\/\/www.azaros.eu\/es\/productos\/"},{"@type":"ListItem","position":3,"name":"Aislamiento el\u00e9ctrico","item":"https:\/\/www.azaros.eu\/es\/productos\/aislamiento-electrico\/"},{"@type":"ListItem","position":4,"name":"Mica","item":"https:\/\/www.azaros.eu\/es\/productos\/aislamiento-electrico\/mica\/"},{"@type":"ListItem","position":5,"name":"Arandelas de mica"}]},{"@type":"WebSite","@id":"https:\/\/www.azaros.eu\/es\/#website","url":"https:\/\/www.azaros.eu\/es\/","name":"Azaros","description":"Fabricamos, distribuimos y comercializamos una gran gama de suministros.","potentialAction":[{"@type":"SearchAction","target":{"@type":"EntryPoint","urlTemplate":"https:\/\/www.azaros.eu\/es\/?s={search_term_string}"},"query-input":{"@type":"PropertyValueSpecification","valueRequired":true,"valueName":"search_term_string"}}],"inLanguage":"es"}]}},"_links":{"self":[{"href":"https:\/\/www.azaros.eu\/es\/wp-json\/wp\/v2\/product\/4435","targetHints":{"allow":["GET"]}}],"collection":[{"href":"https:\/\/www.azaros.eu\/es\/wp-json\/wp\/v2\/product"}],"about":[{"href":"https:\/\/www.azaros.eu\/es\/wp-json\/wp\/v2\/types\/product"}],"wp:featuredmedia":[{"embeddable":true,"href":"https:\/\/www.azaros.eu\/es\/wp-json\/wp\/v2\/media\/5011"}],"wp:attachment":[{"href":"https:\/\/www.azaros.eu\/es\/wp-json\/wp\/v2\/media?parent=4435"}],"wp:term":[{"taxonomy":"product_brand","embeddable":true,"href":"https:\/\/www.azaros.eu\/es\/wp-json\/wp\/v2\/product_brand?post=4435"},{"taxonomy":"product_cat","embeddable":true,"href":"https:\/\/www.azaros.eu\/es\/wp-json\/wp\/v2\/product_cat?post=4435"},{"taxonomy":"product_tag","embeddable":true,"href":"https:\/\/www.azaros.eu\/es\/wp-json\/wp\/v2\/product_tag?post=4435"}],"curies":[{"name":"wp","href":"https:\/\/api.w.org\/{rel}","templated":true}]}}