{"id":4440,"date":"2024-06-11T08:18:35","date_gmt":"2024-06-11T07:18:35","guid":{"rendered":"https:\/\/www.azaros.eu\/?post_type=product&#038;p=4440"},"modified":"2025-04-08T10:04:46","modified_gmt":"2025-04-08T09:04:46","slug":"pieza-conformada-mica-flogopita","status":"publish","type":"product","link":"https:\/\/www.azaros.eu\/es\/producto\/pieza-conformada-mica-flogopita\/","title":{"rendered":"Piezas conformadas mica flogopita, moscovita en 3D"},"content":{"rendered":"<div class=\"row\"  id=\"row-1757621478\">\n\n\t<div id=\"col-1146249853\" class=\"col medium-6 small-12 large-6\"  >\n\t\t\t\t<div class=\"col-inner\"  >\n\t\t\t\n\t\t\t\n<div class=\"container section-title-container\" ><h2 class=\"section-title section-title-normal\"><b aria-hidden=\"true\"><\/b><span class=\"section-title-main\" style=\"font-size:80%;\">Caracter\u00edsticas<\/span><b aria-hidden=\"true\"><\/b><\/h2><\/div>\n<ul>\n<li><span data-contrast=\"none\">Alta resistencia a la temperatura<\/span><span data-ccp-props=\"{}\">\u00a0<\/span><\/li>\n<li><span data-contrast=\"none\">Excelentes propiedades diel\u00e9ctricas<\/span><span data-ccp-props=\"{}\">\u00a0<\/span><\/li>\n<li><span data-contrast=\"none\">Resistencia mec\u00e1nica<\/span><span data-ccp-props=\"{}\">\u00a0<\/span><\/li>\n<\/ul>\n\t\t<\/div>\n\t\t\t\t\t<\/div>\n\n\t\n\n\t<div id=\"col-1439878961\" class=\"col medium-6 small-12 large-6\"  >\n\t\t\t\t<div class=\"col-inner\"  >\n\t\t\t\n\t\t\t\n<div class=\"container section-title-container\" ><h2 class=\"section-title section-title-normal\"><b aria-hidden=\"true\"><\/b><span class=\"section-title-main\" style=\"font-size:80%;\">Aplicaciones t\u00edpicas<\/span><b aria-hidden=\"true\"><\/b><\/h2><\/div>\n<ul>\n<li><span data-contrast=\"none\">Soportes de resistencias en electrodom\u00e9sticos<\/span><span data-ccp-props=\"{}\">\u00a0<\/span><\/li>\n<li><span data-contrast=\"none\">Aislamiento en transformadores y disyuntores<\/span><span data-ccp-props=\"{}\">\u00a0<\/span><\/li>\n<li><span data-contrast=\"none\">Protecci\u00f3n y separaci\u00f3n de componentes<\/span><span data-ccp-props=\"{}\">\u00a0<\/span><\/li>\n<\/ul>\n\t\t<\/div>\n\t\t\t\t\t<\/div>\n\n\t\n<\/div>\n\n","protected":false},"excerpt":{"rendered":"<p>La mica flogopita y moscovita es un tipo de mica caracterizada por su alta resistencia t\u00e9rmica, lo que la convierte en una opci\u00f3n ideal para aplicaciones que requieren soportar temperaturas extremas. Formada por papel de mica aglomerado con resina de propiedades t\u00e9rmicas y el\u00e9ctricas, es sometida a presi\u00f3n y calor para asegurar su curado y durabilidad en aplicaciones industriales.<\/p>\n","protected":false},"featured_media":5044,"template":"","meta":[],"product_brand":[],"product_cat":[33],"product_tag":[],"class_list":{"0":"post-4440","1":"product","2":"type-product","3":"status-publish","4":"has-post-thumbnail","6":"product_cat-mica","8":"first","9":"instock","10":"shipping-taxable","11":"product-type-simple"},"yoast_head":"<!-- This site is optimized with the Yoast SEO plugin v27.6 - https:\/\/yoast.com\/product\/yoast-seo-wordpress\/ -->\n<title>Piezas conformadas mica flogopita, moscovita en 3D - Azaros<\/title>\n<meta name=\"robots\" content=\"index, follow, max-snippet:-1, max-image-preview:large, max-video-preview:-1\" \/>\n<link rel=\"canonical\" href=\"https:\/\/www.azaros.eu\/es\/producto\/pieza-conformada-mica-flogopita\/\" \/>\n<meta property=\"og:locale\" content=\"es_ES\" \/>\n<meta property=\"og:type\" content=\"article\" \/>\n<meta property=\"og:title\" content=\"Piezas conformadas mica flogopita, moscovita en 3D - Azaros\" \/>\n<meta property=\"og:description\" content=\"La mica flogopita y moscovita es un tipo de mica caracterizada por su alta resistencia t\u00e9rmica, lo que la convierte en una opci\u00f3n ideal para aplicaciones que requieren soportar temperaturas extremas. Formada por papel de mica aglomerado con resina de propiedades t\u00e9rmicas y el\u00e9ctricas, es sometida a presi\u00f3n y calor para asegurar su curado y durabilidad en aplicaciones industriales.\" \/>\n<meta property=\"og:url\" content=\"https:\/\/www.azaros.eu\/es\/producto\/pieza-conformada-mica-flogopita\/\" \/>\n<meta property=\"og:site_name\" content=\"Azaros\" \/>\n<meta property=\"article:modified_time\" content=\"2025-04-08T09:04:46+00:00\" \/>\n<meta property=\"og:image\" content=\"https:\/\/www.azaros.eu\/wp-content\/uploads\/2024\/06\/Mica-Relieve.jpg\" \/>\n\t<meta property=\"og:image:width\" content=\"1200\" \/>\n\t<meta property=\"og:image:height\" content=\"700\" \/>\n\t<meta property=\"og:image:type\" content=\"image\/jpeg\" \/>\n<meta name=\"twitter:card\" content=\"summary_large_image\" \/>\n<meta name=\"twitter:label1\" content=\"Tiempo de lectura\" \/>\n\t<meta name=\"twitter:data1\" content=\"2 minutos\" \/>\n<script type=\"application\/ld+json\" class=\"yoast-schema-graph\">{\"@context\":\"https:\\\/\\\/schema.org\",\"@graph\":[{\"@type\":\"WebPage\",\"@id\":\"https:\\\/\\\/www.azaros.eu\\\/es\\\/producto\\\/pieza-conformada-mica-flogopita\\\/\",\"url\":\"https:\\\/\\\/www.azaros.eu\\\/es\\\/producto\\\/pieza-conformada-mica-flogopita\\\/\",\"name\":\"Piezas conformadas mica flogopita, moscovita en 3D - Azaros\",\"isPartOf\":{\"@id\":\"https:\\\/\\\/www.azaros.eu\\\/es\\\/#website\"},\"primaryImageOfPage\":{\"@id\":\"https:\\\/\\\/www.azaros.eu\\\/es\\\/producto\\\/pieza-conformada-mica-flogopita\\\/#primaryimage\"},\"image\":{\"@id\":\"https:\\\/\\\/www.azaros.eu\\\/es\\\/producto\\\/pieza-conformada-mica-flogopita\\\/#primaryimage\"},\"thumbnailUrl\":\"https:\\\/\\\/www.azaros.eu\\\/wp-content\\\/uploads\\\/2024\\\/06\\\/Mica-Relieve.jpg\",\"datePublished\":\"2024-06-11T07:18:35+00:00\",\"dateModified\":\"2025-04-08T09:04:46+00:00\",\"breadcrumb\":{\"@id\":\"https:\\\/\\\/www.azaros.eu\\\/es\\\/producto\\\/pieza-conformada-mica-flogopita\\\/#breadcrumb\"},\"inLanguage\":\"es\",\"potentialAction\":[{\"@type\":\"ReadAction\",\"target\":[\"https:\\\/\\\/www.azaros.eu\\\/es\\\/producto\\\/pieza-conformada-mica-flogopita\\\/\"]}]},{\"@type\":\"ImageObject\",\"inLanguage\":\"es\",\"@id\":\"https:\\\/\\\/www.azaros.eu\\\/es\\\/producto\\\/pieza-conformada-mica-flogopita\\\/#primaryimage\",\"url\":\"https:\\\/\\\/www.azaros.eu\\\/wp-content\\\/uploads\\\/2024\\\/06\\\/Mica-Relieve.jpg\",\"contentUrl\":\"https:\\\/\\\/www.azaros.eu\\\/wp-content\\\/uploads\\\/2024\\\/06\\\/Mica-Relieve.jpg\",\"width\":1200,\"height\":700},{\"@type\":\"BreadcrumbList\",\"@id\":\"https:\\\/\\\/www.azaros.eu\\\/es\\\/producto\\\/pieza-conformada-mica-flogopita\\\/#breadcrumb\",\"itemListElement\":[{\"@type\":\"ListItem\",\"position\":1,\"name\":\"Azaros\",\"item\":\"https:\\\/\\\/www.azaros.eu\\\/es\\\/\"},{\"@type\":\"ListItem\",\"position\":2,\"name\":\"Productos\",\"item\":\"https:\\\/\\\/www.azaros.eu\\\/es\\\/productos\\\/\"},{\"@type\":\"ListItem\",\"position\":3,\"name\":\"Aislamiento el\u00e9ctrico\",\"item\":\"https:\\\/\\\/www.azaros.eu\\\/es\\\/productos\\\/aislamiento-electrico\\\/\"},{\"@type\":\"ListItem\",\"position\":4,\"name\":\"Mica\",\"item\":\"https:\\\/\\\/www.azaros.eu\\\/es\\\/productos\\\/aislamiento-electrico\\\/mica\\\/\"},{\"@type\":\"ListItem\",\"position\":5,\"name\":\"Piezas conformadas mica flogopita, moscovita en 3D\"}]},{\"@type\":\"WebSite\",\"@id\":\"https:\\\/\\\/www.azaros.eu\\\/es\\\/#website\",\"url\":\"https:\\\/\\\/www.azaros.eu\\\/es\\\/\",\"name\":\"Azaros\",\"description\":\"Fabricamos, distribuimos y comercializamos una gran gama de suministros.\",\"potentialAction\":[{\"@type\":\"SearchAction\",\"target\":{\"@type\":\"EntryPoint\",\"urlTemplate\":\"https:\\\/\\\/www.azaros.eu\\\/es\\\/?s={search_term_string}\"},\"query-input\":{\"@type\":\"PropertyValueSpecification\",\"valueRequired\":true,\"valueName\":\"search_term_string\"}}],\"inLanguage\":\"es\"}]}<\/script>\n<!-- \/ Yoast SEO plugin. -->","yoast_head_json":{"title":"Piezas conformadas mica flogopita, moscovita en 3D - Azaros","robots":{"index":"index","follow":"follow","max-snippet":"max-snippet:-1","max-image-preview":"max-image-preview:large","max-video-preview":"max-video-preview:-1"},"canonical":"https:\/\/www.azaros.eu\/es\/producto\/pieza-conformada-mica-flogopita\/","og_locale":"es_ES","og_type":"article","og_title":"Piezas conformadas mica flogopita, moscovita en 3D - Azaros","og_description":"La mica flogopita y moscovita es un tipo de mica caracterizada por su alta resistencia t\u00e9rmica, lo que la convierte en una opci\u00f3n ideal para aplicaciones que requieren soportar temperaturas extremas. Formada por papel de mica aglomerado con resina de propiedades t\u00e9rmicas y el\u00e9ctricas, es sometida a presi\u00f3n y calor para asegurar su curado y durabilidad en aplicaciones industriales.","og_url":"https:\/\/www.azaros.eu\/es\/producto\/pieza-conformada-mica-flogopita\/","og_site_name":"Azaros","article_modified_time":"2025-04-08T09:04:46+00:00","og_image":[{"width":1200,"height":700,"url":"https:\/\/www.azaros.eu\/wp-content\/uploads\/2024\/06\/Mica-Relieve.jpg","type":"image\/jpeg"}],"twitter_card":"summary_large_image","twitter_misc":{"Tiempo de lectura":"2 minutos"},"schema":{"@context":"https:\/\/schema.org","@graph":[{"@type":"WebPage","@id":"https:\/\/www.azaros.eu\/es\/producto\/pieza-conformada-mica-flogopita\/","url":"https:\/\/www.azaros.eu\/es\/producto\/pieza-conformada-mica-flogopita\/","name":"Piezas conformadas mica flogopita, moscovita en 3D - Azaros","isPartOf":{"@id":"https:\/\/www.azaros.eu\/es\/#website"},"primaryImageOfPage":{"@id":"https:\/\/www.azaros.eu\/es\/producto\/pieza-conformada-mica-flogopita\/#primaryimage"},"image":{"@id":"https:\/\/www.azaros.eu\/es\/producto\/pieza-conformada-mica-flogopita\/#primaryimage"},"thumbnailUrl":"https:\/\/www.azaros.eu\/wp-content\/uploads\/2024\/06\/Mica-Relieve.jpg","datePublished":"2024-06-11T07:18:35+00:00","dateModified":"2025-04-08T09:04:46+00:00","breadcrumb":{"@id":"https:\/\/www.azaros.eu\/es\/producto\/pieza-conformada-mica-flogopita\/#breadcrumb"},"inLanguage":"es","potentialAction":[{"@type":"ReadAction","target":["https:\/\/www.azaros.eu\/es\/producto\/pieza-conformada-mica-flogopita\/"]}]},{"@type":"ImageObject","inLanguage":"es","@id":"https:\/\/www.azaros.eu\/es\/producto\/pieza-conformada-mica-flogopita\/#primaryimage","url":"https:\/\/www.azaros.eu\/wp-content\/uploads\/2024\/06\/Mica-Relieve.jpg","contentUrl":"https:\/\/www.azaros.eu\/wp-content\/uploads\/2024\/06\/Mica-Relieve.jpg","width":1200,"height":700},{"@type":"BreadcrumbList","@id":"https:\/\/www.azaros.eu\/es\/producto\/pieza-conformada-mica-flogopita\/#breadcrumb","itemListElement":[{"@type":"ListItem","position":1,"name":"Azaros","item":"https:\/\/www.azaros.eu\/es\/"},{"@type":"ListItem","position":2,"name":"Productos","item":"https:\/\/www.azaros.eu\/es\/productos\/"},{"@type":"ListItem","position":3,"name":"Aislamiento el\u00e9ctrico","item":"https:\/\/www.azaros.eu\/es\/productos\/aislamiento-electrico\/"},{"@type":"ListItem","position":4,"name":"Mica","item":"https:\/\/www.azaros.eu\/es\/productos\/aislamiento-electrico\/mica\/"},{"@type":"ListItem","position":5,"name":"Piezas conformadas mica flogopita, moscovita en 3D"}]},{"@type":"WebSite","@id":"https:\/\/www.azaros.eu\/es\/#website","url":"https:\/\/www.azaros.eu\/es\/","name":"Azaros","description":"Fabricamos, distribuimos y comercializamos una gran gama de suministros.","potentialAction":[{"@type":"SearchAction","target":{"@type":"EntryPoint","urlTemplate":"https:\/\/www.azaros.eu\/es\/?s={search_term_string}"},"query-input":{"@type":"PropertyValueSpecification","valueRequired":true,"valueName":"search_term_string"}}],"inLanguage":"es"}]}},"_links":{"self":[{"href":"https:\/\/www.azaros.eu\/es\/wp-json\/wp\/v2\/product\/4440","targetHints":{"allow":["GET"]}}],"collection":[{"href":"https:\/\/www.azaros.eu\/es\/wp-json\/wp\/v2\/product"}],"about":[{"href":"https:\/\/www.azaros.eu\/es\/wp-json\/wp\/v2\/types\/product"}],"wp:featuredmedia":[{"embeddable":true,"href":"https:\/\/www.azaros.eu\/es\/wp-json\/wp\/v2\/media\/5044"}],"wp:attachment":[{"href":"https:\/\/www.azaros.eu\/es\/wp-json\/wp\/v2\/media?parent=4440"}],"wp:term":[{"taxonomy":"product_brand","embeddable":true,"href":"https:\/\/www.azaros.eu\/es\/wp-json\/wp\/v2\/product_brand?post=4440"},{"taxonomy":"product_cat","embeddable":true,"href":"https:\/\/www.azaros.eu\/es\/wp-json\/wp\/v2\/product_cat?post=4440"},{"taxonomy":"product_tag","embeddable":true,"href":"https:\/\/www.azaros.eu\/es\/wp-json\/wp\/v2\/product_tag?post=4440"}],"curies":[{"name":"wp","href":"https:\/\/api.w.org\/{rel}","templated":true}]}}