{"id":4476,"date":"2024-06-11T08:47:49","date_gmt":"2024-06-11T07:47:49","guid":{"rendered":"https:\/\/www.azaros.eu\/?post_type=product&#038;p=4476"},"modified":"2025-04-08T13:31:23","modified_gmt":"2025-04-08T12:31:23","slug":"filtros-desechables-multicapa","status":"publish","type":"product","link":"https:\/\/www.azaros.eu\/es\/producto\/filtros-desechables-multicapa\/","title":{"rendered":"Filtros Desechables Multicapa"},"content":{"rendered":"<div class=\"row\"  id=\"row-1280887795\">\n\n\t<div id=\"col-480212027\" class=\"col medium-6 small-12 large-6\"  >\n\t\t\t\t<div class=\"col-inner\"  >\n\t\t\t\n\t\t\t\n<div class=\"container section-title-container\" ><h2 class=\"section-title section-title-normal\"><b aria-hidden=\"true\"><\/b><span class=\"section-title-main\" style=\"font-size:80%;\">Caracter\u00edsticas<\/span><b aria-hidden=\"true\"><\/b><\/h2><\/div>\n<p>Existe una gran variedad de dise\u00f1os, pasos de luz, tama\u00f1os de hilos met\u00e1licos e incluso aleaciones de la malla, en funci\u00f3n de las necesidades de cada cliente.<\/p>\n<p>Trabajamos diferentes micrajes \/ mesh, en diferentes calidades de metales y di\u00e1metros.<\/p>\n<p>Son filtros multicapas soldados que incluyen soportes. Posibilidad de integrar un anillo protector para evitar los cortes y las contaminaciones que podr\u00edan ser originadas por las propias soldaduras.<\/p>\n<p>&nbsp;<\/p>\n\t\t<\/div>\n\t\t\t\t\t<\/div>\n\n\t\n\n\t<div id=\"col-1998449358\" class=\"col medium-6 small-12 large-6\"  >\n\t\t\t\t<div class=\"col-inner\"  >\n\t\t\t\n\t\t\t\n<div class=\"container section-title-container\" ><h2 class=\"section-title section-title-normal\"><b aria-hidden=\"true\"><\/b><span class=\"section-title-main\" style=\"font-size:80%;\">Aplicaciones t\u00edpicas<\/span><b aria-hidden=\"true\"><\/b><\/h2><\/div>\n<ul>\n<li>Filtrado del pl\u00e1stico reciclado<\/li>\n<li>Seg\u00fan diferentes tipolog\u00edas de pl\u00e1stico<\/li>\n<\/ul>\n\t\t<\/div>\n\t\t\t\t\t<\/div>\n\n\t\n<\/div>\n\n","protected":false},"excerpt":{"rendered":"<p>El prop\u00f3sito de los filtros met\u00e1licos multicapa\u00a0es eliminar los contaminantes de un cierto tama\u00f1o, de la masa fundida de pl\u00e1stico. Est\u00e1n troquelados a medida y en diferentes tipos de metales, seg\u00fan las especificaciones t\u00e9cnicas de los clientes. A continuaci\u00f3n, est\u00e1n soldados o unidos con un anillo perif\u00e9rico. Las capas perif\u00e9ricas de los filtros act\u00faan como soporte, para aliviar la presi\u00f3n que tiene que soportar el filtro central.<\/p>\n","protected":false},"featured_media":5265,"template":"","meta":[],"product_brand":[],"product_cat":[157],"product_tag":[],"class_list":{"0":"post-4476","1":"product","2":"type-product","3":"status-publish","4":"has-post-thumbnail","6":"product_cat-filtros-desechables","8":"first","9":"instock","10":"shipping-taxable","11":"product-type-simple"},"yoast_head":"<!-- This site is optimized with the Yoast SEO plugin v27.4 - https:\/\/yoast.com\/product\/yoast-seo-wordpress\/ -->\n<title>Filtros Desechables Multicapa - Azaros<\/title>\n<meta name=\"robots\" content=\"index, follow, max-snippet:-1, max-image-preview:large, max-video-preview:-1\" \/>\n<link rel=\"canonical\" href=\"https:\/\/www.azaros.eu\/es\/producto\/filtros-desechables-multicapa\/\" \/>\n<meta property=\"og:locale\" content=\"es_ES\" \/>\n<meta property=\"og:type\" content=\"article\" \/>\n<meta property=\"og:title\" content=\"Filtros Desechables Multicapa - Azaros\" \/>\n<meta property=\"og:description\" content=\"El prop\u00f3sito de los filtros met\u00e1licos multicapa\u00a0es eliminar los contaminantes de un cierto tama\u00f1o, de la masa fundida de pl\u00e1stico. Est\u00e1n troquelados a medida y en diferentes tipos de metales, seg\u00fan las especificaciones t\u00e9cnicas de los clientes. A continuaci\u00f3n, est\u00e1n soldados o unidos con un anillo perif\u00e9rico. Las capas perif\u00e9ricas de los filtros act\u00faan como soporte, para aliviar la presi\u00f3n que tiene que soportar el filtro central.\" \/>\n<meta property=\"og:url\" content=\"https:\/\/www.azaros.eu\/es\/producto\/filtros-desechables-multicapa\/\" \/>\n<meta property=\"og:site_name\" content=\"Azaros\" \/>\n<meta property=\"article:modified_time\" content=\"2025-04-08T12:31:23+00:00\" \/>\n<meta property=\"og:image\" content=\"https:\/\/www.azaros.eu\/wp-content\/uploads\/2024\/06\/Bodegon-Filtras-Circulares.jpg\" \/>\n\t<meta property=\"og:image:width\" content=\"1200\" \/>\n\t<meta property=\"og:image:height\" content=\"700\" \/>\n\t<meta property=\"og:image:type\" content=\"image\/jpeg\" \/>\n<meta name=\"twitter:card\" content=\"summary_large_image\" \/>\n<meta name=\"twitter:label1\" content=\"Tiempo de lectura\" \/>\n\t<meta name=\"twitter:data1\" content=\"1 minuto\" \/>\n<script type=\"application\/ld+json\" class=\"yoast-schema-graph\">{\"@context\":\"https:\\\/\\\/schema.org\",\"@graph\":[{\"@type\":\"WebPage\",\"@id\":\"https:\\\/\\\/www.azaros.eu\\\/es\\\/producto\\\/filtros-desechables-multicapa\\\/\",\"url\":\"https:\\\/\\\/www.azaros.eu\\\/es\\\/producto\\\/filtros-desechables-multicapa\\\/\",\"name\":\"Filtros Desechables Multicapa - Azaros\",\"isPartOf\":{\"@id\":\"https:\\\/\\\/www.azaros.eu\\\/es\\\/#website\"},\"primaryImageOfPage\":{\"@id\":\"https:\\\/\\\/www.azaros.eu\\\/es\\\/producto\\\/filtros-desechables-multicapa\\\/#primaryimage\"},\"image\":{\"@id\":\"https:\\\/\\\/www.azaros.eu\\\/es\\\/producto\\\/filtros-desechables-multicapa\\\/#primaryimage\"},\"thumbnailUrl\":\"https:\\\/\\\/www.azaros.eu\\\/wp-content\\\/uploads\\\/2024\\\/06\\\/Bodegon-Filtras-Circulares.jpg\",\"datePublished\":\"2024-06-11T07:47:49+00:00\",\"dateModified\":\"2025-04-08T12:31:23+00:00\",\"breadcrumb\":{\"@id\":\"https:\\\/\\\/www.azaros.eu\\\/es\\\/producto\\\/filtros-desechables-multicapa\\\/#breadcrumb\"},\"inLanguage\":\"es\",\"potentialAction\":[{\"@type\":\"ReadAction\",\"target\":[\"https:\\\/\\\/www.azaros.eu\\\/es\\\/producto\\\/filtros-desechables-multicapa\\\/\"]}]},{\"@type\":\"ImageObject\",\"inLanguage\":\"es\",\"@id\":\"https:\\\/\\\/www.azaros.eu\\\/es\\\/producto\\\/filtros-desechables-multicapa\\\/#primaryimage\",\"url\":\"https:\\\/\\\/www.azaros.eu\\\/wp-content\\\/uploads\\\/2024\\\/06\\\/Bodegon-Filtras-Circulares.jpg\",\"contentUrl\":\"https:\\\/\\\/www.azaros.eu\\\/wp-content\\\/uploads\\\/2024\\\/06\\\/Bodegon-Filtras-Circulares.jpg\",\"width\":1200,\"height\":700},{\"@type\":\"BreadcrumbList\",\"@id\":\"https:\\\/\\\/www.azaros.eu\\\/es\\\/producto\\\/filtros-desechables-multicapa\\\/#breadcrumb\",\"itemListElement\":[{\"@type\":\"ListItem\",\"position\":1,\"name\":\"Azaros\",\"item\":\"https:\\\/\\\/www.azaros.eu\\\/es\\\/\"},{\"@type\":\"ListItem\",\"position\":2,\"name\":\"Productos\",\"item\":\"https:\\\/\\\/www.azaros.eu\\\/es\\\/productos\\\/\"},{\"@type\":\"ListItem\",\"position\":3,\"name\":\"Reciclado de pl\u00e1sticos\",\"item\":\"https:\\\/\\\/www.azaros.eu\\\/es\\\/productos\\\/reciclado-de-plasticos\\\/\"},{\"@type\":\"ListItem\",\"position\":4,\"name\":\"Otros filtros desechables\",\"item\":\"https:\\\/\\\/www.azaros.eu\\\/es\\\/productos\\\/reciclado-de-plasticos\\\/filtros-desechables\\\/\"},{\"@type\":\"ListItem\",\"position\":5,\"name\":\"Filtros Desechables Multicapa\"}]},{\"@type\":\"WebSite\",\"@id\":\"https:\\\/\\\/www.azaros.eu\\\/es\\\/#website\",\"url\":\"https:\\\/\\\/www.azaros.eu\\\/es\\\/\",\"name\":\"Azaros\",\"description\":\"Fabricamos, distribuimos y comercializamos una gran gama de suministros.\",\"potentialAction\":[{\"@type\":\"SearchAction\",\"target\":{\"@type\":\"EntryPoint\",\"urlTemplate\":\"https:\\\/\\\/www.azaros.eu\\\/es\\\/?s={search_term_string}\"},\"query-input\":{\"@type\":\"PropertyValueSpecification\",\"valueRequired\":true,\"valueName\":\"search_term_string\"}}],\"inLanguage\":\"es\"}]}<\/script>\n<!-- \/ Yoast SEO plugin. -->","yoast_head_json":{"title":"Filtros Desechables Multicapa - Azaros","robots":{"index":"index","follow":"follow","max-snippet":"max-snippet:-1","max-image-preview":"max-image-preview:large","max-video-preview":"max-video-preview:-1"},"canonical":"https:\/\/www.azaros.eu\/es\/producto\/filtros-desechables-multicapa\/","og_locale":"es_ES","og_type":"article","og_title":"Filtros Desechables Multicapa - Azaros","og_description":"El prop\u00f3sito de los filtros met\u00e1licos multicapa\u00a0es eliminar los contaminantes de un cierto tama\u00f1o, de la masa fundida de pl\u00e1stico. Est\u00e1n troquelados a medida y en diferentes tipos de metales, seg\u00fan las especificaciones t\u00e9cnicas de los clientes. A continuaci\u00f3n, est\u00e1n soldados o unidos con un anillo perif\u00e9rico. Las capas perif\u00e9ricas de los filtros act\u00faan como soporte, para aliviar la presi\u00f3n que tiene que soportar el filtro central.","og_url":"https:\/\/www.azaros.eu\/es\/producto\/filtros-desechables-multicapa\/","og_site_name":"Azaros","article_modified_time":"2025-04-08T12:31:23+00:00","og_image":[{"width":1200,"height":700,"url":"https:\/\/www.azaros.eu\/wp-content\/uploads\/2024\/06\/Bodegon-Filtras-Circulares.jpg","type":"image\/jpeg"}],"twitter_card":"summary_large_image","twitter_misc":{"Tiempo de lectura":"1 minuto"},"schema":{"@context":"https:\/\/schema.org","@graph":[{"@type":"WebPage","@id":"https:\/\/www.azaros.eu\/es\/producto\/filtros-desechables-multicapa\/","url":"https:\/\/www.azaros.eu\/es\/producto\/filtros-desechables-multicapa\/","name":"Filtros Desechables Multicapa - Azaros","isPartOf":{"@id":"https:\/\/www.azaros.eu\/es\/#website"},"primaryImageOfPage":{"@id":"https:\/\/www.azaros.eu\/es\/producto\/filtros-desechables-multicapa\/#primaryimage"},"image":{"@id":"https:\/\/www.azaros.eu\/es\/producto\/filtros-desechables-multicapa\/#primaryimage"},"thumbnailUrl":"https:\/\/www.azaros.eu\/wp-content\/uploads\/2024\/06\/Bodegon-Filtras-Circulares.jpg","datePublished":"2024-06-11T07:47:49+00:00","dateModified":"2025-04-08T12:31:23+00:00","breadcrumb":{"@id":"https:\/\/www.azaros.eu\/es\/producto\/filtros-desechables-multicapa\/#breadcrumb"},"inLanguage":"es","potentialAction":[{"@type":"ReadAction","target":["https:\/\/www.azaros.eu\/es\/producto\/filtros-desechables-multicapa\/"]}]},{"@type":"ImageObject","inLanguage":"es","@id":"https:\/\/www.azaros.eu\/es\/producto\/filtros-desechables-multicapa\/#primaryimage","url":"https:\/\/www.azaros.eu\/wp-content\/uploads\/2024\/06\/Bodegon-Filtras-Circulares.jpg","contentUrl":"https:\/\/www.azaros.eu\/wp-content\/uploads\/2024\/06\/Bodegon-Filtras-Circulares.jpg","width":1200,"height":700},{"@type":"BreadcrumbList","@id":"https:\/\/www.azaros.eu\/es\/producto\/filtros-desechables-multicapa\/#breadcrumb","itemListElement":[{"@type":"ListItem","position":1,"name":"Azaros","item":"https:\/\/www.azaros.eu\/es\/"},{"@type":"ListItem","position":2,"name":"Productos","item":"https:\/\/www.azaros.eu\/es\/productos\/"},{"@type":"ListItem","position":3,"name":"Reciclado de pl\u00e1sticos","item":"https:\/\/www.azaros.eu\/es\/productos\/reciclado-de-plasticos\/"},{"@type":"ListItem","position":4,"name":"Otros filtros desechables","item":"https:\/\/www.azaros.eu\/es\/productos\/reciclado-de-plasticos\/filtros-desechables\/"},{"@type":"ListItem","position":5,"name":"Filtros Desechables Multicapa"}]},{"@type":"WebSite","@id":"https:\/\/www.azaros.eu\/es\/#website","url":"https:\/\/www.azaros.eu\/es\/","name":"Azaros","description":"Fabricamos, distribuimos y comercializamos una gran gama de suministros.","potentialAction":[{"@type":"SearchAction","target":{"@type":"EntryPoint","urlTemplate":"https:\/\/www.azaros.eu\/es\/?s={search_term_string}"},"query-input":{"@type":"PropertyValueSpecification","valueRequired":true,"valueName":"search_term_string"}}],"inLanguage":"es"}]}},"_links":{"self":[{"href":"https:\/\/www.azaros.eu\/es\/wp-json\/wp\/v2\/product\/4476","targetHints":{"allow":["GET"]}}],"collection":[{"href":"https:\/\/www.azaros.eu\/es\/wp-json\/wp\/v2\/product"}],"about":[{"href":"https:\/\/www.azaros.eu\/es\/wp-json\/wp\/v2\/types\/product"}],"wp:featuredmedia":[{"embeddable":true,"href":"https:\/\/www.azaros.eu\/es\/wp-json\/wp\/v2\/media\/5265"}],"wp:attachment":[{"href":"https:\/\/www.azaros.eu\/es\/wp-json\/wp\/v2\/media?parent=4476"}],"wp:term":[{"taxonomy":"product_brand","embeddable":true,"href":"https:\/\/www.azaros.eu\/es\/wp-json\/wp\/v2\/product_brand?post=4476"},{"taxonomy":"product_cat","embeddable":true,"href":"https:\/\/www.azaros.eu\/es\/wp-json\/wp\/v2\/product_cat?post=4476"},{"taxonomy":"product_tag","embeddable":true,"href":"https:\/\/www.azaros.eu\/es\/wp-json\/wp\/v2\/product_tag?post=4476"}],"curies":[{"name":"wp","href":"https:\/\/api.w.org\/{rel}","templated":true}]}}