{"id":4479,"date":"2024-06-11T08:48:59","date_gmt":"2024-06-11T07:48:59","guid":{"rendered":"https:\/\/www.azaros.eu\/?post_type=product&#038;p=4479"},"modified":"2025-10-14T08:30:33","modified_gmt":"2025-10-14T07:30:33","slug":"cuchillas","status":"publish","type":"product","link":"https:\/\/www.azaros.eu\/es\/producto\/cuchillas\/","title":{"rendered":"Cuchillas"},"content":{"rendered":"\n","protected":false},"excerpt":{"rendered":"<p>Las cuchillas pellet son herramientas utilizadas para cortar el pl\u00e1stico extruido en peque\u00f1as piezas o pellets despu\u00e9s del proceso de extrusi\u00f3n. Este corte facilita el manejo y el transporte del material reciclado o del producto terminado. Estas cuchillas suelen ser de acero endurecido para soportar el desgaste y mantener un corte limpio y preciso. La configuraci\u00f3n de las cuchillas puede variar seg\u00fan el tama\u00f1o y la forma del pellet deseado.<\/p>\n","protected":false},"featured_media":9259,"template":"","meta":[],"product_brand":[],"product_cat":[158],"product_tag":[],"class_list":{"0":"post-4479","1":"product","2":"type-product","3":"status-publish","4":"has-post-thumbnail","6":"product_cat-otros-suministros","8":"first","9":"instock","10":"shipping-taxable","11":"product-type-simple"},"yoast_head":"<!-- This site is optimized with the Yoast SEO plugin v27.4 - https:\/\/yoast.com\/product\/yoast-seo-wordpress\/ -->\n<title>Cuchillas - Azaros<\/title>\n<meta name=\"robots\" content=\"index, follow, max-snippet:-1, max-image-preview:large, max-video-preview:-1\" \/>\n<link rel=\"canonical\" href=\"https:\/\/www.azaros.eu\/es\/producto\/cuchillas\/\" \/>\n<meta property=\"og:locale\" content=\"es_ES\" \/>\n<meta property=\"og:type\" content=\"article\" \/>\n<meta property=\"og:title\" content=\"Cuchillas - Azaros\" \/>\n<meta property=\"og:description\" content=\"Las cuchillas pellet son herramientas utilizadas para cortar el pl\u00e1stico extruido en peque\u00f1as piezas o pellets despu\u00e9s del proceso de extrusi\u00f3n. Este corte facilita el manejo y el transporte del material reciclado o del producto terminado. Estas cuchillas suelen ser de acero endurecido para soportar el desgaste y mantener un corte limpio y preciso. La configuraci\u00f3n de las cuchillas puede variar seg\u00fan el tama\u00f1o y la forma del pellet deseado.\" \/>\n<meta property=\"og:url\" content=\"https:\/\/www.azaros.eu\/es\/producto\/cuchillas\/\" \/>\n<meta property=\"og:site_name\" content=\"Azaros\" \/>\n<meta property=\"article:modified_time\" content=\"2025-10-14T07:30:33+00:00\" \/>\n<meta property=\"og:image\" content=\"https:\/\/www.azaros.eu\/wp-content\/uploads\/2025\/03\/scrapers-pequeno-3.jpg\" \/>\n\t<meta property=\"og:image:width\" content=\"1200\" \/>\n\t<meta property=\"og:image:height\" content=\"700\" \/>\n\t<meta property=\"og:image:type\" content=\"image\/jpeg\" \/>\n<meta name=\"twitter:card\" content=\"summary_large_image\" \/>\n<meta name=\"twitter:label1\" content=\"Tiempo de lectura\" \/>\n\t<meta name=\"twitter:data1\" content=\"1 minuto\" \/>\n<script type=\"application\/ld+json\" class=\"yoast-schema-graph\">{\"@context\":\"https:\\\/\\\/schema.org\",\"@graph\":[{\"@type\":\"WebPage\",\"@id\":\"https:\\\/\\\/www.azaros.eu\\\/es\\\/producto\\\/cuchillas\\\/\",\"url\":\"https:\\\/\\\/www.azaros.eu\\\/es\\\/producto\\\/cuchillas\\\/\",\"name\":\"Cuchillas - Azaros\",\"isPartOf\":{\"@id\":\"https:\\\/\\\/www.azaros.eu\\\/es\\\/#website\"},\"primaryImageOfPage\":{\"@id\":\"https:\\\/\\\/www.azaros.eu\\\/es\\\/producto\\\/cuchillas\\\/#primaryimage\"},\"image\":{\"@id\":\"https:\\\/\\\/www.azaros.eu\\\/es\\\/producto\\\/cuchillas\\\/#primaryimage\"},\"thumbnailUrl\":\"https:\\\/\\\/www.azaros.eu\\\/wp-content\\\/uploads\\\/2025\\\/03\\\/scrapers-pequeno-3.jpg\",\"datePublished\":\"2024-06-11T07:48:59+00:00\",\"dateModified\":\"2025-10-14T07:30:33+00:00\",\"breadcrumb\":{\"@id\":\"https:\\\/\\\/www.azaros.eu\\\/es\\\/producto\\\/cuchillas\\\/#breadcrumb\"},\"inLanguage\":\"es\",\"potentialAction\":[{\"@type\":\"ReadAction\",\"target\":[\"https:\\\/\\\/www.azaros.eu\\\/es\\\/producto\\\/cuchillas\\\/\"]}]},{\"@type\":\"ImageObject\",\"inLanguage\":\"es\",\"@id\":\"https:\\\/\\\/www.azaros.eu\\\/es\\\/producto\\\/cuchillas\\\/#primaryimage\",\"url\":\"https:\\\/\\\/www.azaros.eu\\\/wp-content\\\/uploads\\\/2025\\\/03\\\/scrapers-pequeno-3.jpg\",\"contentUrl\":\"https:\\\/\\\/www.azaros.eu\\\/wp-content\\\/uploads\\\/2025\\\/03\\\/scrapers-pequeno-3.jpg\",\"width\":1200,\"height\":700},{\"@type\":\"BreadcrumbList\",\"@id\":\"https:\\\/\\\/www.azaros.eu\\\/es\\\/producto\\\/cuchillas\\\/#breadcrumb\",\"itemListElement\":[{\"@type\":\"ListItem\",\"position\":1,\"name\":\"Azaros\",\"item\":\"https:\\\/\\\/www.azaros.eu\\\/es\\\/\"},{\"@type\":\"ListItem\",\"position\":2,\"name\":\"Productos\",\"item\":\"https:\\\/\\\/www.azaros.eu\\\/es\\\/productos\\\/\"},{\"@type\":\"ListItem\",\"position\":3,\"name\":\"Reciclado de pl\u00e1sticos\",\"item\":\"https:\\\/\\\/www.azaros.eu\\\/es\\\/productos\\\/reciclado-de-plasticos\\\/\"},{\"@type\":\"ListItem\",\"position\":4,\"name\":\"Otros suministros\",\"item\":\"https:\\\/\\\/www.azaros.eu\\\/es\\\/productos\\\/reciclado-de-plasticos\\\/otros-suministros\\\/\"},{\"@type\":\"ListItem\",\"position\":5,\"name\":\"Cuchillas\"}]},{\"@type\":\"WebSite\",\"@id\":\"https:\\\/\\\/www.azaros.eu\\\/es\\\/#website\",\"url\":\"https:\\\/\\\/www.azaros.eu\\\/es\\\/\",\"name\":\"Azaros\",\"description\":\"Fabricamos, distribuimos y comercializamos una gran gama de suministros.\",\"potentialAction\":[{\"@type\":\"SearchAction\",\"target\":{\"@type\":\"EntryPoint\",\"urlTemplate\":\"https:\\\/\\\/www.azaros.eu\\\/es\\\/?s={search_term_string}\"},\"query-input\":{\"@type\":\"PropertyValueSpecification\",\"valueRequired\":true,\"valueName\":\"search_term_string\"}}],\"inLanguage\":\"es\"}]}<\/script>\n<!-- \/ Yoast SEO plugin. -->","yoast_head_json":{"title":"Cuchillas - Azaros","robots":{"index":"index","follow":"follow","max-snippet":"max-snippet:-1","max-image-preview":"max-image-preview:large","max-video-preview":"max-video-preview:-1"},"canonical":"https:\/\/www.azaros.eu\/es\/producto\/cuchillas\/","og_locale":"es_ES","og_type":"article","og_title":"Cuchillas - Azaros","og_description":"Las cuchillas pellet son herramientas utilizadas para cortar el pl\u00e1stico extruido en peque\u00f1as piezas o pellets despu\u00e9s del proceso de extrusi\u00f3n. Este corte facilita el manejo y el transporte del material reciclado o del producto terminado. Estas cuchillas suelen ser de acero endurecido para soportar el desgaste y mantener un corte limpio y preciso. La configuraci\u00f3n de las cuchillas puede variar seg\u00fan el tama\u00f1o y la forma del pellet deseado.","og_url":"https:\/\/www.azaros.eu\/es\/producto\/cuchillas\/","og_site_name":"Azaros","article_modified_time":"2025-10-14T07:30:33+00:00","og_image":[{"width":1200,"height":700,"url":"https:\/\/www.azaros.eu\/wp-content\/uploads\/2025\/03\/scrapers-pequeno-3.jpg","type":"image\/jpeg"}],"twitter_card":"summary_large_image","twitter_misc":{"Tiempo de lectura":"1 minuto"},"schema":{"@context":"https:\/\/schema.org","@graph":[{"@type":"WebPage","@id":"https:\/\/www.azaros.eu\/es\/producto\/cuchillas\/","url":"https:\/\/www.azaros.eu\/es\/producto\/cuchillas\/","name":"Cuchillas - Azaros","isPartOf":{"@id":"https:\/\/www.azaros.eu\/es\/#website"},"primaryImageOfPage":{"@id":"https:\/\/www.azaros.eu\/es\/producto\/cuchillas\/#primaryimage"},"image":{"@id":"https:\/\/www.azaros.eu\/es\/producto\/cuchillas\/#primaryimage"},"thumbnailUrl":"https:\/\/www.azaros.eu\/wp-content\/uploads\/2025\/03\/scrapers-pequeno-3.jpg","datePublished":"2024-06-11T07:48:59+00:00","dateModified":"2025-10-14T07:30:33+00:00","breadcrumb":{"@id":"https:\/\/www.azaros.eu\/es\/producto\/cuchillas\/#breadcrumb"},"inLanguage":"es","potentialAction":[{"@type":"ReadAction","target":["https:\/\/www.azaros.eu\/es\/producto\/cuchillas\/"]}]},{"@type":"ImageObject","inLanguage":"es","@id":"https:\/\/www.azaros.eu\/es\/producto\/cuchillas\/#primaryimage","url":"https:\/\/www.azaros.eu\/wp-content\/uploads\/2025\/03\/scrapers-pequeno-3.jpg","contentUrl":"https:\/\/www.azaros.eu\/wp-content\/uploads\/2025\/03\/scrapers-pequeno-3.jpg","width":1200,"height":700},{"@type":"BreadcrumbList","@id":"https:\/\/www.azaros.eu\/es\/producto\/cuchillas\/#breadcrumb","itemListElement":[{"@type":"ListItem","position":1,"name":"Azaros","item":"https:\/\/www.azaros.eu\/es\/"},{"@type":"ListItem","position":2,"name":"Productos","item":"https:\/\/www.azaros.eu\/es\/productos\/"},{"@type":"ListItem","position":3,"name":"Reciclado de pl\u00e1sticos","item":"https:\/\/www.azaros.eu\/es\/productos\/reciclado-de-plasticos\/"},{"@type":"ListItem","position":4,"name":"Otros suministros","item":"https:\/\/www.azaros.eu\/es\/productos\/reciclado-de-plasticos\/otros-suministros\/"},{"@type":"ListItem","position":5,"name":"Cuchillas"}]},{"@type":"WebSite","@id":"https:\/\/www.azaros.eu\/es\/#website","url":"https:\/\/www.azaros.eu\/es\/","name":"Azaros","description":"Fabricamos, distribuimos y comercializamos una gran gama de suministros.","potentialAction":[{"@type":"SearchAction","target":{"@type":"EntryPoint","urlTemplate":"https:\/\/www.azaros.eu\/es\/?s={search_term_string}"},"query-input":{"@type":"PropertyValueSpecification","valueRequired":true,"valueName":"search_term_string"}}],"inLanguage":"es"}]}},"_links":{"self":[{"href":"https:\/\/www.azaros.eu\/es\/wp-json\/wp\/v2\/product\/4479","targetHints":{"allow":["GET"]}}],"collection":[{"href":"https:\/\/www.azaros.eu\/es\/wp-json\/wp\/v2\/product"}],"about":[{"href":"https:\/\/www.azaros.eu\/es\/wp-json\/wp\/v2\/types\/product"}],"wp:featuredmedia":[{"embeddable":true,"href":"https:\/\/www.azaros.eu\/es\/wp-json\/wp\/v2\/media\/9259"}],"wp:attachment":[{"href":"https:\/\/www.azaros.eu\/es\/wp-json\/wp\/v2\/media?parent=4479"}],"wp:term":[{"taxonomy":"product_brand","embeddable":true,"href":"https:\/\/www.azaros.eu\/es\/wp-json\/wp\/v2\/product_brand?post=4479"},{"taxonomy":"product_cat","embeddable":true,"href":"https:\/\/www.azaros.eu\/es\/wp-json\/wp\/v2\/product_cat?post=4479"},{"taxonomy":"product_tag","embeddable":true,"href":"https:\/\/www.azaros.eu\/es\/wp-json\/wp\/v2\/product_tag?post=4479"}],"curies":[{"name":"wp","href":"https:\/\/api.w.org\/{rel}","templated":true}]}}