{"id":4482,"date":"2024-06-11T08:49:51","date_gmt":"2024-06-11T07:49:51","guid":{"rendered":"https:\/\/www.azaros.eu\/?post_type=product&#038;p=4482"},"modified":"2025-04-03T10:36:49","modified_gmt":"2025-04-03T09:36:49","slug":"cementos-fondu","status":"publish","type":"product","link":"https:\/\/www.azaros.eu\/es\/producto\/cementos-fondu\/","title":{"rendered":"Cementos Fondu"},"content":{"rendered":"","protected":false},"excerpt":{"rendered":"<p>Un ligante hidr\u00e1ulico de aluminato de calcio, CIMENT FONDU \u00ae es muy adecuado para aplicaciones de baja temperatura donde su alta reactividad lo hace ideal para trabajar con una amplia gama de materiales, desde aplicaciones de pisos resistentes a la abrasi\u00f3n hasta materiales livianos aislantes.<\/p>\n<p>Las propiedades reol\u00f3gicas de CIMENT FONDU\u00ae se adaptan bien a todo tipo de m\u00e9todos de colocaci\u00f3n, especialmente la fundici\u00f3n y el gunitado, y es muy recomendable para aplicaciones que requieren un endurecimiento r\u00e1pido.<\/p>\n<p>CIMENT FONDU \u00ae no contiene ning\u00fan aditivo y es adecuado para la fabricaci\u00f3n de premezclas refractarias.<\/p>\n","protected":false},"featured_media":5184,"template":"","meta":[],"product_brand":[],"product_cat":[159],"product_tag":[],"class_list":{"0":"post-4482","1":"product","2":"type-product","3":"status-publish","4":"has-post-thumbnail","6":"product_cat-cementos","8":"first","9":"instock","10":"shipping-taxable","11":"product-type-simple"},"yoast_head":"<!-- This site is optimized with the Yoast SEO plugin v27.4 - https:\/\/yoast.com\/product\/yoast-seo-wordpress\/ -->\n<title>Cementos Fondu - Azaros<\/title>\n<meta name=\"robots\" content=\"index, follow, max-snippet:-1, max-image-preview:large, max-video-preview:-1\" \/>\n<link rel=\"canonical\" href=\"https:\/\/www.azaros.eu\/es\/producto\/cementos-fondu\/\" \/>\n<meta property=\"og:locale\" content=\"es_ES\" \/>\n<meta property=\"og:type\" content=\"article\" \/>\n<meta property=\"og:title\" content=\"Cementos Fondu - Azaros\" \/>\n<meta property=\"og:description\" content=\"Un ligante hidr\u00e1ulico de aluminato de calcio, CIMENT FONDU \u00ae es muy adecuado para aplicaciones de baja temperatura donde su alta reactividad lo hace ideal para trabajar con una amplia gama de materiales, desde aplicaciones de pisos resistentes a la abrasi\u00f3n hasta materiales livianos aislantes.  Las propiedades reol\u00f3gicas de CIMENT FONDU\u00ae se adaptan bien a todo tipo de m\u00e9todos de colocaci\u00f3n, especialmente la fundici\u00f3n y el gunitado, y es muy recomendable para aplicaciones que requieren un endurecimiento r\u00e1pido.  CIMENT FONDU \u00ae no contiene ning\u00fan aditivo y es adecuado para la fabricaci\u00f3n de premezclas refractarias.\" \/>\n<meta property=\"og:url\" content=\"https:\/\/www.azaros.eu\/es\/producto\/cementos-fondu\/\" \/>\n<meta property=\"og:site_name\" content=\"Azaros\" \/>\n<meta property=\"article:modified_time\" content=\"2025-04-03T09:36:49+00:00\" \/>\n<meta property=\"og:image\" content=\"https:\/\/www.azaros.eu\/wp-content\/uploads\/2024\/06\/AZAROS-Calcium-ALuminmate-Cement.jpg\" \/>\n\t<meta property=\"og:image:width\" content=\"1200\" \/>\n\t<meta property=\"og:image:height\" content=\"700\" \/>\n\t<meta property=\"og:image:type\" content=\"image\/jpeg\" \/>\n<meta name=\"twitter:card\" content=\"summary_large_image\" \/>\n<meta name=\"twitter:label1\" content=\"Tiempo de lectura\" \/>\n\t<meta name=\"twitter:data1\" content=\"1 minuto\" \/>\n<script type=\"application\/ld+json\" class=\"yoast-schema-graph\">{\"@context\":\"https:\\\/\\\/schema.org\",\"@graph\":[{\"@type\":\"WebPage\",\"@id\":\"https:\\\/\\\/www.azaros.eu\\\/es\\\/producto\\\/cementos-fondu\\\/\",\"url\":\"https:\\\/\\\/www.azaros.eu\\\/es\\\/producto\\\/cementos-fondu\\\/\",\"name\":\"Cementos Fondu - Azaros\",\"isPartOf\":{\"@id\":\"https:\\\/\\\/www.azaros.eu\\\/es\\\/#website\"},\"primaryImageOfPage\":{\"@id\":\"https:\\\/\\\/www.azaros.eu\\\/es\\\/producto\\\/cementos-fondu\\\/#primaryimage\"},\"image\":{\"@id\":\"https:\\\/\\\/www.azaros.eu\\\/es\\\/producto\\\/cementos-fondu\\\/#primaryimage\"},\"thumbnailUrl\":\"https:\\\/\\\/www.azaros.eu\\\/wp-content\\\/uploads\\\/2024\\\/06\\\/AZAROS-Calcium-ALuminmate-Cement.jpg\",\"datePublished\":\"2024-06-11T07:49:51+00:00\",\"dateModified\":\"2025-04-03T09:36:49+00:00\",\"breadcrumb\":{\"@id\":\"https:\\\/\\\/www.azaros.eu\\\/es\\\/producto\\\/cementos-fondu\\\/#breadcrumb\"},\"inLanguage\":\"es\",\"potentialAction\":[{\"@type\":\"ReadAction\",\"target\":[\"https:\\\/\\\/www.azaros.eu\\\/es\\\/producto\\\/cementos-fondu\\\/\"]}]},{\"@type\":\"ImageObject\",\"inLanguage\":\"es\",\"@id\":\"https:\\\/\\\/www.azaros.eu\\\/es\\\/producto\\\/cementos-fondu\\\/#primaryimage\",\"url\":\"https:\\\/\\\/www.azaros.eu\\\/wp-content\\\/uploads\\\/2024\\\/06\\\/AZAROS-Calcium-ALuminmate-Cement.jpg\",\"contentUrl\":\"https:\\\/\\\/www.azaros.eu\\\/wp-content\\\/uploads\\\/2024\\\/06\\\/AZAROS-Calcium-ALuminmate-Cement.jpg\",\"width\":1200,\"height\":700},{\"@type\":\"BreadcrumbList\",\"@id\":\"https:\\\/\\\/www.azaros.eu\\\/es\\\/producto\\\/cementos-fondu\\\/#breadcrumb\",\"itemListElement\":[{\"@type\":\"ListItem\",\"position\":1,\"name\":\"Azaros\",\"item\":\"https:\\\/\\\/www.azaros.eu\\\/es\\\/\"},{\"@type\":\"ListItem\",\"position\":2,\"name\":\"Productos\",\"item\":\"https:\\\/\\\/www.azaros.eu\\\/es\\\/productos\\\/\"},{\"@type\":\"ListItem\",\"position\":3,\"name\":\"Materias Primas IMERYS\",\"item\":\"https:\\\/\\\/www.azaros.eu\\\/es\\\/productos\\\/materias-primas\\\/\"},{\"@type\":\"ListItem\",\"position\":4,\"name\":\"Cementos\",\"item\":\"https:\\\/\\\/www.azaros.eu\\\/es\\\/productos\\\/materias-primas\\\/cementos\\\/\"},{\"@type\":\"ListItem\",\"position\":5,\"name\":\"Cementos Fondu\"}]},{\"@type\":\"WebSite\",\"@id\":\"https:\\\/\\\/www.azaros.eu\\\/es\\\/#website\",\"url\":\"https:\\\/\\\/www.azaros.eu\\\/es\\\/\",\"name\":\"Azaros\",\"description\":\"Fabricamos, distribuimos y comercializamos una gran gama de suministros.\",\"potentialAction\":[{\"@type\":\"SearchAction\",\"target\":{\"@type\":\"EntryPoint\",\"urlTemplate\":\"https:\\\/\\\/www.azaros.eu\\\/es\\\/?s={search_term_string}\"},\"query-input\":{\"@type\":\"PropertyValueSpecification\",\"valueRequired\":true,\"valueName\":\"search_term_string\"}}],\"inLanguage\":\"es\"}]}<\/script>\n<!-- \/ Yoast SEO plugin. -->","yoast_head_json":{"title":"Cementos Fondu - Azaros","robots":{"index":"index","follow":"follow","max-snippet":"max-snippet:-1","max-image-preview":"max-image-preview:large","max-video-preview":"max-video-preview:-1"},"canonical":"https:\/\/www.azaros.eu\/es\/producto\/cementos-fondu\/","og_locale":"es_ES","og_type":"article","og_title":"Cementos Fondu - Azaros","og_description":"Un ligante hidr\u00e1ulico de aluminato de calcio, CIMENT FONDU \u00ae es muy adecuado para aplicaciones de baja temperatura donde su alta reactividad lo hace ideal para trabajar con una amplia gama de materiales, desde aplicaciones de pisos resistentes a la abrasi\u00f3n hasta materiales livianos aislantes.  Las propiedades reol\u00f3gicas de CIMENT FONDU\u00ae se adaptan bien a todo tipo de m\u00e9todos de colocaci\u00f3n, especialmente la fundici\u00f3n y el gunitado, y es muy recomendable para aplicaciones que requieren un endurecimiento r\u00e1pido.  CIMENT FONDU \u00ae no contiene ning\u00fan aditivo y es adecuado para la fabricaci\u00f3n de premezclas refractarias.","og_url":"https:\/\/www.azaros.eu\/es\/producto\/cementos-fondu\/","og_site_name":"Azaros","article_modified_time":"2025-04-03T09:36:49+00:00","og_image":[{"width":1200,"height":700,"url":"https:\/\/www.azaros.eu\/wp-content\/uploads\/2024\/06\/AZAROS-Calcium-ALuminmate-Cement.jpg","type":"image\/jpeg"}],"twitter_card":"summary_large_image","twitter_misc":{"Tiempo de lectura":"1 minuto"},"schema":{"@context":"https:\/\/schema.org","@graph":[{"@type":"WebPage","@id":"https:\/\/www.azaros.eu\/es\/producto\/cementos-fondu\/","url":"https:\/\/www.azaros.eu\/es\/producto\/cementos-fondu\/","name":"Cementos Fondu - Azaros","isPartOf":{"@id":"https:\/\/www.azaros.eu\/es\/#website"},"primaryImageOfPage":{"@id":"https:\/\/www.azaros.eu\/es\/producto\/cementos-fondu\/#primaryimage"},"image":{"@id":"https:\/\/www.azaros.eu\/es\/producto\/cementos-fondu\/#primaryimage"},"thumbnailUrl":"https:\/\/www.azaros.eu\/wp-content\/uploads\/2024\/06\/AZAROS-Calcium-ALuminmate-Cement.jpg","datePublished":"2024-06-11T07:49:51+00:00","dateModified":"2025-04-03T09:36:49+00:00","breadcrumb":{"@id":"https:\/\/www.azaros.eu\/es\/producto\/cementos-fondu\/#breadcrumb"},"inLanguage":"es","potentialAction":[{"@type":"ReadAction","target":["https:\/\/www.azaros.eu\/es\/producto\/cementos-fondu\/"]}]},{"@type":"ImageObject","inLanguage":"es","@id":"https:\/\/www.azaros.eu\/es\/producto\/cementos-fondu\/#primaryimage","url":"https:\/\/www.azaros.eu\/wp-content\/uploads\/2024\/06\/AZAROS-Calcium-ALuminmate-Cement.jpg","contentUrl":"https:\/\/www.azaros.eu\/wp-content\/uploads\/2024\/06\/AZAROS-Calcium-ALuminmate-Cement.jpg","width":1200,"height":700},{"@type":"BreadcrumbList","@id":"https:\/\/www.azaros.eu\/es\/producto\/cementos-fondu\/#breadcrumb","itemListElement":[{"@type":"ListItem","position":1,"name":"Azaros","item":"https:\/\/www.azaros.eu\/es\/"},{"@type":"ListItem","position":2,"name":"Productos","item":"https:\/\/www.azaros.eu\/es\/productos\/"},{"@type":"ListItem","position":3,"name":"Materias Primas IMERYS","item":"https:\/\/www.azaros.eu\/es\/productos\/materias-primas\/"},{"@type":"ListItem","position":4,"name":"Cementos","item":"https:\/\/www.azaros.eu\/es\/productos\/materias-primas\/cementos\/"},{"@type":"ListItem","position":5,"name":"Cementos Fondu"}]},{"@type":"WebSite","@id":"https:\/\/www.azaros.eu\/es\/#website","url":"https:\/\/www.azaros.eu\/es\/","name":"Azaros","description":"Fabricamos, distribuimos y comercializamos una gran gama de suministros.","potentialAction":[{"@type":"SearchAction","target":{"@type":"EntryPoint","urlTemplate":"https:\/\/www.azaros.eu\/es\/?s={search_term_string}"},"query-input":{"@type":"PropertyValueSpecification","valueRequired":true,"valueName":"search_term_string"}}],"inLanguage":"es"}]}},"_links":{"self":[{"href":"https:\/\/www.azaros.eu\/es\/wp-json\/wp\/v2\/product\/4482","targetHints":{"allow":["GET"]}}],"collection":[{"href":"https:\/\/www.azaros.eu\/es\/wp-json\/wp\/v2\/product"}],"about":[{"href":"https:\/\/www.azaros.eu\/es\/wp-json\/wp\/v2\/types\/product"}],"wp:featuredmedia":[{"embeddable":true,"href":"https:\/\/www.azaros.eu\/es\/wp-json\/wp\/v2\/media\/5184"}],"wp:attachment":[{"href":"https:\/\/www.azaros.eu\/es\/wp-json\/wp\/v2\/media?parent=4482"}],"wp:term":[{"taxonomy":"product_brand","embeddable":true,"href":"https:\/\/www.azaros.eu\/es\/wp-json\/wp\/v2\/product_brand?post=4482"},{"taxonomy":"product_cat","embeddable":true,"href":"https:\/\/www.azaros.eu\/es\/wp-json\/wp\/v2\/product_cat?post=4482"},{"taxonomy":"product_tag","embeddable":true,"href":"https:\/\/www.azaros.eu\/es\/wp-json\/wp\/v2\/product_tag?post=4482"}],"curies":[{"name":"wp","href":"https:\/\/api.w.org\/{rel}","templated":true}]}}