{"id":4484,"date":"2024-06-11T08:50:24","date_gmt":"2024-06-11T07:50:24","guid":{"rendered":"https:\/\/www.azaros.eu\/?post_type=product&#038;p=4484"},"modified":"2025-04-03T10:41:50","modified_gmt":"2025-04-03T09:41:50","slug":"cementos-secar-51","status":"publish","type":"product","link":"https:\/\/www.azaros.eu\/es\/producto\/cementos-secar-51\/","title":{"rendered":"Cementos Secar 51"},"content":{"rendered":"","protected":false},"excerpt":{"rendered":"<p>SECAR \u00ae 51 es un ligante hidr\u00e1ulico, con un contenido de al\u00famina de aproximadamente el 50%.<\/p>\n<p>SECAR \u00ae 51 es particularmente rico en aluminato monoc\u00e1lcico, que confiere excelentes propiedades mec\u00e1nicas a morteros y hormigones.<\/p>\n<p>El bajo contenido de \u00f3xido de hierro de SECAR \u00ae 51 cuando se combina con agregados apropiados produce hormigones muy adecuados para soportar condiciones de trabajo severas relacionadas con la presencia de mon\u00f3xido de carbono u otras atm\u00f3sferas reductoras.<\/p>\n<p>Las propiedades reol\u00f3gicas de SECAR \u00ae 51 est\u00e1n bien adaptadas a todo tipo de m\u00e9todos de colocaci\u00f3n, especialmente para la fundici\u00f3n y el gunitado. Se recomienda para aplicaciones en las que se requieren propiedades de endurecimiento r\u00e1pido y un excelente rendimiento mec\u00e1nico.<\/p>\n<p>SECAR \u00ae 51 no contiene ning\u00fan aditivo, se recomienda su uso para premezclas refractarias.<\/p>\n","protected":false},"featured_media":5188,"template":"","meta":[],"product_brand":[],"product_cat":[159],"product_tag":[],"class_list":{"0":"post-4484","1":"product","2":"type-product","3":"status-publish","4":"has-post-thumbnail","6":"product_cat-cementos","8":"first","9":"instock","10":"shipping-taxable","11":"product-type-simple"},"yoast_head":"<!-- This site is optimized with the Yoast SEO plugin v27.4 - https:\/\/yoast.com\/product\/yoast-seo-wordpress\/ -->\n<title>Cementos Secar 51 - Azaros<\/title>\n<meta name=\"robots\" content=\"index, follow, max-snippet:-1, max-image-preview:large, max-video-preview:-1\" \/>\n<link rel=\"canonical\" href=\"https:\/\/www.azaros.eu\/es\/producto\/cementos-secar-51\/\" \/>\n<meta property=\"og:locale\" content=\"es_ES\" \/>\n<meta property=\"og:type\" content=\"article\" \/>\n<meta property=\"og:title\" content=\"Cementos Secar 51 - Azaros\" \/>\n<meta property=\"og:description\" content=\"SECAR \u00ae 51 es un ligante hidr\u00e1ulico, con un contenido de al\u00famina de aproximadamente el 50%.  SECAR \u00ae 51 es particularmente rico en aluminato monoc\u00e1lcico, que confiere excelentes propiedades mec\u00e1nicas a morteros y hormigones.  El bajo contenido de \u00f3xido de hierro de SECAR \u00ae 51 cuando se combina con agregados apropiados produce hormigones muy adecuados para soportar condiciones de trabajo severas relacionadas con la presencia de mon\u00f3xido de carbono u otras atm\u00f3sferas reductoras.  Las propiedades reol\u00f3gicas de SECAR \u00ae 51 est\u00e1n bien adaptadas a todo tipo de m\u00e9todos de colocaci\u00f3n, especialmente para la fundici\u00f3n y el gunitado. Se recomienda para aplicaciones en las que se requieren propiedades de endurecimiento r\u00e1pido y un excelente rendimiento mec\u00e1nico.  SECAR \u00ae 51 no contiene ning\u00fan aditivo, se recomienda su uso para premezclas refractarias.\" \/>\n<meta property=\"og:url\" content=\"https:\/\/www.azaros.eu\/es\/producto\/cementos-secar-51\/\" \/>\n<meta property=\"og:site_name\" content=\"Azaros\" \/>\n<meta property=\"article:modified_time\" content=\"2025-04-03T09:41:50+00:00\" \/>\n<meta property=\"og:image\" content=\"https:\/\/www.azaros.eu\/wp-content\/uploads\/2024\/06\/AZAROS-Calcium-ALuminmate-Cement-Secar51.jpg\" \/>\n\t<meta property=\"og:image:width\" content=\"1200\" \/>\n\t<meta property=\"og:image:height\" content=\"700\" \/>\n\t<meta property=\"og:image:type\" content=\"image\/jpeg\" \/>\n<meta name=\"twitter:card\" content=\"summary_large_image\" \/>\n<meta name=\"twitter:label1\" content=\"Tiempo de lectura\" \/>\n\t<meta name=\"twitter:data1\" content=\"1 minuto\" \/>\n<script type=\"application\/ld+json\" class=\"yoast-schema-graph\">{\"@context\":\"https:\\\/\\\/schema.org\",\"@graph\":[{\"@type\":\"WebPage\",\"@id\":\"https:\\\/\\\/www.azaros.eu\\\/es\\\/producto\\\/cementos-secar-51\\\/\",\"url\":\"https:\\\/\\\/www.azaros.eu\\\/es\\\/producto\\\/cementos-secar-51\\\/\",\"name\":\"Cementos Secar 51 - Azaros\",\"isPartOf\":{\"@id\":\"https:\\\/\\\/www.azaros.eu\\\/es\\\/#website\"},\"primaryImageOfPage\":{\"@id\":\"https:\\\/\\\/www.azaros.eu\\\/es\\\/producto\\\/cementos-secar-51\\\/#primaryimage\"},\"image\":{\"@id\":\"https:\\\/\\\/www.azaros.eu\\\/es\\\/producto\\\/cementos-secar-51\\\/#primaryimage\"},\"thumbnailUrl\":\"https:\\\/\\\/www.azaros.eu\\\/wp-content\\\/uploads\\\/2024\\\/06\\\/AZAROS-Calcium-ALuminmate-Cement-Secar51.jpg\",\"datePublished\":\"2024-06-11T07:50:24+00:00\",\"dateModified\":\"2025-04-03T09:41:50+00:00\",\"breadcrumb\":{\"@id\":\"https:\\\/\\\/www.azaros.eu\\\/es\\\/producto\\\/cementos-secar-51\\\/#breadcrumb\"},\"inLanguage\":\"es\",\"potentialAction\":[{\"@type\":\"ReadAction\",\"target\":[\"https:\\\/\\\/www.azaros.eu\\\/es\\\/producto\\\/cementos-secar-51\\\/\"]}]},{\"@type\":\"ImageObject\",\"inLanguage\":\"es\",\"@id\":\"https:\\\/\\\/www.azaros.eu\\\/es\\\/producto\\\/cementos-secar-51\\\/#primaryimage\",\"url\":\"https:\\\/\\\/www.azaros.eu\\\/wp-content\\\/uploads\\\/2024\\\/06\\\/AZAROS-Calcium-ALuminmate-Cement-Secar51.jpg\",\"contentUrl\":\"https:\\\/\\\/www.azaros.eu\\\/wp-content\\\/uploads\\\/2024\\\/06\\\/AZAROS-Calcium-ALuminmate-Cement-Secar51.jpg\",\"width\":1200,\"height\":700},{\"@type\":\"BreadcrumbList\",\"@id\":\"https:\\\/\\\/www.azaros.eu\\\/es\\\/producto\\\/cementos-secar-51\\\/#breadcrumb\",\"itemListElement\":[{\"@type\":\"ListItem\",\"position\":1,\"name\":\"Azaros\",\"item\":\"https:\\\/\\\/www.azaros.eu\\\/es\\\/\"},{\"@type\":\"ListItem\",\"position\":2,\"name\":\"Productos\",\"item\":\"https:\\\/\\\/www.azaros.eu\\\/es\\\/productos\\\/\"},{\"@type\":\"ListItem\",\"position\":3,\"name\":\"Materias Primas IMERYS\",\"item\":\"https:\\\/\\\/www.azaros.eu\\\/es\\\/productos\\\/materias-primas\\\/\"},{\"@type\":\"ListItem\",\"position\":4,\"name\":\"Cementos\",\"item\":\"https:\\\/\\\/www.azaros.eu\\\/es\\\/productos\\\/materias-primas\\\/cementos\\\/\"},{\"@type\":\"ListItem\",\"position\":5,\"name\":\"Cementos Secar 51\"}]},{\"@type\":\"WebSite\",\"@id\":\"https:\\\/\\\/www.azaros.eu\\\/es\\\/#website\",\"url\":\"https:\\\/\\\/www.azaros.eu\\\/es\\\/\",\"name\":\"Azaros\",\"description\":\"Fabricamos, distribuimos y comercializamos una gran gama de suministros.\",\"potentialAction\":[{\"@type\":\"SearchAction\",\"target\":{\"@type\":\"EntryPoint\",\"urlTemplate\":\"https:\\\/\\\/www.azaros.eu\\\/es\\\/?s={search_term_string}\"},\"query-input\":{\"@type\":\"PropertyValueSpecification\",\"valueRequired\":true,\"valueName\":\"search_term_string\"}}],\"inLanguage\":\"es\"}]}<\/script>\n<!-- \/ Yoast SEO plugin. -->","yoast_head_json":{"title":"Cementos Secar 51 - Azaros","robots":{"index":"index","follow":"follow","max-snippet":"max-snippet:-1","max-image-preview":"max-image-preview:large","max-video-preview":"max-video-preview:-1"},"canonical":"https:\/\/www.azaros.eu\/es\/producto\/cementos-secar-51\/","og_locale":"es_ES","og_type":"article","og_title":"Cementos Secar 51 - Azaros","og_description":"SECAR \u00ae 51 es un ligante hidr\u00e1ulico, con un contenido de al\u00famina de aproximadamente el 50%.  SECAR \u00ae 51 es particularmente rico en aluminato monoc\u00e1lcico, que confiere excelentes propiedades mec\u00e1nicas a morteros y hormigones.  El bajo contenido de \u00f3xido de hierro de SECAR \u00ae 51 cuando se combina con agregados apropiados produce hormigones muy adecuados para soportar condiciones de trabajo severas relacionadas con la presencia de mon\u00f3xido de carbono u otras atm\u00f3sferas reductoras.  Las propiedades reol\u00f3gicas de SECAR \u00ae 51 est\u00e1n bien adaptadas a todo tipo de m\u00e9todos de colocaci\u00f3n, especialmente para la fundici\u00f3n y el gunitado. Se recomienda para aplicaciones en las que se requieren propiedades de endurecimiento r\u00e1pido y un excelente rendimiento mec\u00e1nico.  SECAR \u00ae 51 no contiene ning\u00fan aditivo, se recomienda su uso para premezclas refractarias.","og_url":"https:\/\/www.azaros.eu\/es\/producto\/cementos-secar-51\/","og_site_name":"Azaros","article_modified_time":"2025-04-03T09:41:50+00:00","og_image":[{"width":1200,"height":700,"url":"https:\/\/www.azaros.eu\/wp-content\/uploads\/2024\/06\/AZAROS-Calcium-ALuminmate-Cement-Secar51.jpg","type":"image\/jpeg"}],"twitter_card":"summary_large_image","twitter_misc":{"Tiempo de lectura":"1 minuto"},"schema":{"@context":"https:\/\/schema.org","@graph":[{"@type":"WebPage","@id":"https:\/\/www.azaros.eu\/es\/producto\/cementos-secar-51\/","url":"https:\/\/www.azaros.eu\/es\/producto\/cementos-secar-51\/","name":"Cementos Secar 51 - Azaros","isPartOf":{"@id":"https:\/\/www.azaros.eu\/es\/#website"},"primaryImageOfPage":{"@id":"https:\/\/www.azaros.eu\/es\/producto\/cementos-secar-51\/#primaryimage"},"image":{"@id":"https:\/\/www.azaros.eu\/es\/producto\/cementos-secar-51\/#primaryimage"},"thumbnailUrl":"https:\/\/www.azaros.eu\/wp-content\/uploads\/2024\/06\/AZAROS-Calcium-ALuminmate-Cement-Secar51.jpg","datePublished":"2024-06-11T07:50:24+00:00","dateModified":"2025-04-03T09:41:50+00:00","breadcrumb":{"@id":"https:\/\/www.azaros.eu\/es\/producto\/cementos-secar-51\/#breadcrumb"},"inLanguage":"es","potentialAction":[{"@type":"ReadAction","target":["https:\/\/www.azaros.eu\/es\/producto\/cementos-secar-51\/"]}]},{"@type":"ImageObject","inLanguage":"es","@id":"https:\/\/www.azaros.eu\/es\/producto\/cementos-secar-51\/#primaryimage","url":"https:\/\/www.azaros.eu\/wp-content\/uploads\/2024\/06\/AZAROS-Calcium-ALuminmate-Cement-Secar51.jpg","contentUrl":"https:\/\/www.azaros.eu\/wp-content\/uploads\/2024\/06\/AZAROS-Calcium-ALuminmate-Cement-Secar51.jpg","width":1200,"height":700},{"@type":"BreadcrumbList","@id":"https:\/\/www.azaros.eu\/es\/producto\/cementos-secar-51\/#breadcrumb","itemListElement":[{"@type":"ListItem","position":1,"name":"Azaros","item":"https:\/\/www.azaros.eu\/es\/"},{"@type":"ListItem","position":2,"name":"Productos","item":"https:\/\/www.azaros.eu\/es\/productos\/"},{"@type":"ListItem","position":3,"name":"Materias Primas IMERYS","item":"https:\/\/www.azaros.eu\/es\/productos\/materias-primas\/"},{"@type":"ListItem","position":4,"name":"Cementos","item":"https:\/\/www.azaros.eu\/es\/productos\/materias-primas\/cementos\/"},{"@type":"ListItem","position":5,"name":"Cementos Secar 51"}]},{"@type":"WebSite","@id":"https:\/\/www.azaros.eu\/es\/#website","url":"https:\/\/www.azaros.eu\/es\/","name":"Azaros","description":"Fabricamos, distribuimos y comercializamos una gran gama de suministros.","potentialAction":[{"@type":"SearchAction","target":{"@type":"EntryPoint","urlTemplate":"https:\/\/www.azaros.eu\/es\/?s={search_term_string}"},"query-input":{"@type":"PropertyValueSpecification","valueRequired":true,"valueName":"search_term_string"}}],"inLanguage":"es"}]}},"_links":{"self":[{"href":"https:\/\/www.azaros.eu\/es\/wp-json\/wp\/v2\/product\/4484","targetHints":{"allow":["GET"]}}],"collection":[{"href":"https:\/\/www.azaros.eu\/es\/wp-json\/wp\/v2\/product"}],"about":[{"href":"https:\/\/www.azaros.eu\/es\/wp-json\/wp\/v2\/types\/product"}],"wp:featuredmedia":[{"embeddable":true,"href":"https:\/\/www.azaros.eu\/es\/wp-json\/wp\/v2\/media\/5188"}],"wp:attachment":[{"href":"https:\/\/www.azaros.eu\/es\/wp-json\/wp\/v2\/media?parent=4484"}],"wp:term":[{"taxonomy":"product_brand","embeddable":true,"href":"https:\/\/www.azaros.eu\/es\/wp-json\/wp\/v2\/product_brand?post=4484"},{"taxonomy":"product_cat","embeddable":true,"href":"https:\/\/www.azaros.eu\/es\/wp-json\/wp\/v2\/product_cat?post=4484"},{"taxonomy":"product_tag","embeddable":true,"href":"https:\/\/www.azaros.eu\/es\/wp-json\/wp\/v2\/product_tag?post=4484"}],"curies":[{"name":"wp","href":"https:\/\/api.w.org\/{rel}","templated":true}]}}