{"id":4490,"date":"2024-06-11T08:52:24","date_gmt":"2024-06-11T07:52:24","guid":{"rendered":"https:\/\/www.azaros.eu\/?post_type=product&#038;p=4490"},"modified":"2025-04-03T12:17:00","modified_gmt":"2025-04-03T11:17:00","slug":"luzenac-2c","status":"publish","type":"product","link":"https:\/\/www.azaros.eu\/es\/producto\/luzenac-2c\/","title":{"rendered":"Luzenac 2C"},"content":{"rendered":"<div class=\"row\"  id=\"row-385751525\">\n\n\t<div id=\"col-1849881321\" class=\"col large-12\"  >\n\t\t\t\t<div class=\"col-inner\"  >\n\t\t\t\n\t\t\t\n<div class=\"container section-title-container\" ><h2 class=\"section-title section-title-normal\"><b aria-hidden=\"true\"><\/b><span class=\"section-title-main\" style=\"font-size:80%;\">Caracter\u00edsticas<\/span><b aria-hidden=\"true\"><\/b><\/h2><\/div>\n<table class=\"t1\" style=\"height: 1000px;\" width=\"792\" cellspacing=\"2\" cellpadding=\"0\">\n<tbody>\n<tr>\n<td><b>Typical Properties<\/b><\/td>\n<td><\/td>\n<\/tr>\n<tr>\n<td><\/td>\n<td><\/td>\n<\/tr>\n<tr>\n<td>Whiteness (Minolta CR300, illuminant D65\/2\u00b0) Y<\/td>\n<td>73.9<\/td>\n<\/tr>\n<tr>\n<td>L* (CIE)<\/td>\n<td>88.9<\/td>\n<\/tr>\n<tr>\n<td>a* (CIE)<\/td>\n<td>-0.3<\/td>\n<\/tr>\n<tr>\n<td>b* (CIE)<\/td>\n<td>1.2<\/td>\n<\/tr>\n<tr>\n<td>B.E.T. (ISO 9277)<\/td>\n<td>2.9 m<sup>2<\/sup> \/g<\/td>\n<\/tr>\n<tr>\n<td>Density (ISO 787\/10)<\/td>\n<td>2.78 g\/cm<sup>3<\/sup><\/td>\n<\/tr>\n<tr>\n<td>Tapped bulk density (ISO 787\/11)<\/td>\n<td>0.91 g\/cm<sup>3<\/sup><\/td>\n<\/tr>\n<tr>\n<td>Loose bulk density (EN 1097\/3)<\/td>\n<td>0.44 g\/cm<sup>3<\/sup><\/td>\n<\/tr>\n<tr>\n<td>Hardness (Mohs\u2019 scale)<\/td>\n<td>1<\/td>\n<\/tr>\n<tr>\n<td>pH (ISO 787\/9)<\/td>\n<td>9<\/td>\n<\/tr>\n<tr>\n<td>Oil absorption (ISO 787\/5)<\/td>\n<td>36 ml\/100g<\/td>\n<\/tr>\n<tr>\n<td><\/td>\n<td><\/td>\n<\/tr>\n<tr>\n<td><b>Mineral Analysis<\/b> (by thermogravimetric analysis)<\/td>\n<td><\/td>\n<\/tr>\n<tr>\n<td>Talc\/chlorite<\/td>\n<td>97%<\/td>\n<\/tr>\n<tr>\n<td>Dolomite and calcite<\/td>\n<td>3%<\/td>\n<\/tr>\n<tr>\n<td><\/td>\n<td><\/td>\n<\/tr>\n<tr>\n<td><strong>Chemical Analysis<\/strong> (by X-ray fluorescence)<\/td>\n<td><\/td>\n<\/tr>\n<tr>\n<td>SiO<sub>2<\/sub><\/td>\n<td>46%<\/td>\n<\/tr>\n<tr>\n<td>MgO<\/td>\n<td>31%<\/td>\n<\/tr>\n<tr>\n<td>Al<sub>2<\/sub> O<sub>3<\/sub><\/td>\n<td>10%<\/td>\n<\/tr>\n<tr>\n<td>Fe<sub>2<\/sub> O<sub>3<\/sub><\/td>\n<td>1.9%<\/td>\n<\/tr>\n<tr>\n<td>CaO<\/td>\n<td>1.1%<\/td>\n<\/tr>\n<tr>\n<td>Loss on ignition at 1050\u00b0C<\/td>\n<td>9.4%<\/td>\n<\/tr>\n<tr>\n<td>Moisture content at 105\u00b0C (ISO 787\/2)<\/td>\n<td>&lt; 0.5%<\/td>\n<\/tr>\n<tr>\n<td>Screen residue (Alpine airjet) \u226540\u00b5m<\/td>\n<td>&lt; 2%<\/td>\n<\/tr>\n<\/tbody>\n<\/table>\n\t\t<\/div>\n\t\t\t\t\t<\/div>\n\n\t\n<\/div>\n","protected":false},"excerpt":{"rendered":"<p>El Talco Luzenac 2C est\u00e1 compuesta por talco de alta pureza. Se destaca por su excepcional suavidad, resistencia al calor y propiedades lubricantes. Es ampliamente utilizado en la industria del pl\u00e1stico, pinturas, caucho y cosm\u00e9tica debido a su capacidad para mejorar la textura y estabilidad de los productos. Adem\u00e1s, es ideal para aplicaciones en las que se requiere una alta dispersi\u00f3n y rendimiento.<\/p>\n","protected":false},"featured_media":5648,"template":"","meta":[],"product_brand":[],"product_cat":[164],"product_tag":[],"class_list":{"0":"post-4490","1":"product","2":"type-product","3":"status-publish","4":"has-post-thumbnail","6":"product_cat-talco","8":"first","9":"instock","10":"shipping-taxable","11":"product-type-simple"},"yoast_head":"<!-- This site is optimized with the Yoast SEO plugin v27.4 - https:\/\/yoast.com\/product\/yoast-seo-wordpress\/ -->\n<title>Luzenac 2C - Azaros<\/title>\n<meta name=\"robots\" content=\"index, follow, max-snippet:-1, max-image-preview:large, max-video-preview:-1\" \/>\n<link rel=\"canonical\" href=\"https:\/\/www.azaros.eu\/es\/producto\/luzenac-2c\/\" \/>\n<meta property=\"og:locale\" content=\"es_ES\" \/>\n<meta property=\"og:type\" content=\"article\" \/>\n<meta property=\"og:title\" content=\"Luzenac 2C - Azaros\" \/>\n<meta property=\"og:description\" content=\"El Talco Luzenac 2C est\u00e1 compuesta por talco de alta pureza. Se destaca por su excepcional suavidad, resistencia al calor y propiedades lubricantes. Es ampliamente utilizado en la industria del pl\u00e1stico, pinturas, caucho y cosm\u00e9tica debido a su capacidad para mejorar la textura y estabilidad de los productos. Adem\u00e1s, es ideal para aplicaciones en las que se requiere una alta dispersi\u00f3n y rendimiento.\" \/>\n<meta property=\"og:url\" content=\"https:\/\/www.azaros.eu\/es\/producto\/luzenac-2c\/\" \/>\n<meta property=\"og:site_name\" content=\"Azaros\" \/>\n<meta property=\"article:modified_time\" content=\"2025-04-03T11:17:00+00:00\" \/>\n<meta property=\"og:image\" content=\"https:\/\/www.azaros.eu\/wp-content\/uploads\/2024\/06\/Azaros-Talco.jpg\" \/>\n\t<meta property=\"og:image:width\" content=\"1200\" \/>\n\t<meta property=\"og:image:height\" content=\"700\" \/>\n\t<meta property=\"og:image:type\" content=\"image\/jpeg\" \/>\n<meta name=\"twitter:card\" content=\"summary_large_image\" \/>\n<meta name=\"twitter:label1\" content=\"Tiempo de lectura\" \/>\n\t<meta name=\"twitter:data1\" content=\"1 minuto\" \/>\n<script type=\"application\/ld+json\" class=\"yoast-schema-graph\">{\"@context\":\"https:\\\/\\\/schema.org\",\"@graph\":[{\"@type\":\"WebPage\",\"@id\":\"https:\\\/\\\/www.azaros.eu\\\/es\\\/producto\\\/luzenac-2c\\\/\",\"url\":\"https:\\\/\\\/www.azaros.eu\\\/es\\\/producto\\\/luzenac-2c\\\/\",\"name\":\"Luzenac 2C - Azaros\",\"isPartOf\":{\"@id\":\"https:\\\/\\\/www.azaros.eu\\\/es\\\/#website\"},\"primaryImageOfPage\":{\"@id\":\"https:\\\/\\\/www.azaros.eu\\\/es\\\/producto\\\/luzenac-2c\\\/#primaryimage\"},\"image\":{\"@id\":\"https:\\\/\\\/www.azaros.eu\\\/es\\\/producto\\\/luzenac-2c\\\/#primaryimage\"},\"thumbnailUrl\":\"https:\\\/\\\/www.azaros.eu\\\/wp-content\\\/uploads\\\/2024\\\/06\\\/Azaros-Talco.jpg\",\"datePublished\":\"2024-06-11T07:52:24+00:00\",\"dateModified\":\"2025-04-03T11:17:00+00:00\",\"breadcrumb\":{\"@id\":\"https:\\\/\\\/www.azaros.eu\\\/es\\\/producto\\\/luzenac-2c\\\/#breadcrumb\"},\"inLanguage\":\"es\",\"potentialAction\":[{\"@type\":\"ReadAction\",\"target\":[\"https:\\\/\\\/www.azaros.eu\\\/es\\\/producto\\\/luzenac-2c\\\/\"]}]},{\"@type\":\"ImageObject\",\"inLanguage\":\"es\",\"@id\":\"https:\\\/\\\/www.azaros.eu\\\/es\\\/producto\\\/luzenac-2c\\\/#primaryimage\",\"url\":\"https:\\\/\\\/www.azaros.eu\\\/wp-content\\\/uploads\\\/2024\\\/06\\\/Azaros-Talco.jpg\",\"contentUrl\":\"https:\\\/\\\/www.azaros.eu\\\/wp-content\\\/uploads\\\/2024\\\/06\\\/Azaros-Talco.jpg\",\"width\":1200,\"height\":700},{\"@type\":\"BreadcrumbList\",\"@id\":\"https:\\\/\\\/www.azaros.eu\\\/es\\\/producto\\\/luzenac-2c\\\/#breadcrumb\",\"itemListElement\":[{\"@type\":\"ListItem\",\"position\":1,\"name\":\"Azaros\",\"item\":\"https:\\\/\\\/www.azaros.eu\\\/es\\\/\"},{\"@type\":\"ListItem\",\"position\":2,\"name\":\"Productos\",\"item\":\"https:\\\/\\\/www.azaros.eu\\\/es\\\/productos\\\/\"},{\"@type\":\"ListItem\",\"position\":3,\"name\":\"Materias Primas IMERYS\",\"item\":\"https:\\\/\\\/www.azaros.eu\\\/es\\\/productos\\\/materias-primas\\\/\"},{\"@type\":\"ListItem\",\"position\":4,\"name\":\"Talco\",\"item\":\"https:\\\/\\\/www.azaros.eu\\\/es\\\/productos\\\/materias-primas\\\/talco\\\/\"},{\"@type\":\"ListItem\",\"position\":5,\"name\":\"Luzenac 2C\"}]},{\"@type\":\"WebSite\",\"@id\":\"https:\\\/\\\/www.azaros.eu\\\/es\\\/#website\",\"url\":\"https:\\\/\\\/www.azaros.eu\\\/es\\\/\",\"name\":\"Azaros\",\"description\":\"Fabricamos, distribuimos y comercializamos una gran gama de suministros.\",\"potentialAction\":[{\"@type\":\"SearchAction\",\"target\":{\"@type\":\"EntryPoint\",\"urlTemplate\":\"https:\\\/\\\/www.azaros.eu\\\/es\\\/?s={search_term_string}\"},\"query-input\":{\"@type\":\"PropertyValueSpecification\",\"valueRequired\":true,\"valueName\":\"search_term_string\"}}],\"inLanguage\":\"es\"}]}<\/script>\n<!-- \/ Yoast SEO plugin. -->","yoast_head_json":{"title":"Luzenac 2C - Azaros","robots":{"index":"index","follow":"follow","max-snippet":"max-snippet:-1","max-image-preview":"max-image-preview:large","max-video-preview":"max-video-preview:-1"},"canonical":"https:\/\/www.azaros.eu\/es\/producto\/luzenac-2c\/","og_locale":"es_ES","og_type":"article","og_title":"Luzenac 2C - Azaros","og_description":"El Talco Luzenac 2C est\u00e1 compuesta por talco de alta pureza. Se destaca por su excepcional suavidad, resistencia al calor y propiedades lubricantes. Es ampliamente utilizado en la industria del pl\u00e1stico, pinturas, caucho y cosm\u00e9tica debido a su capacidad para mejorar la textura y estabilidad de los productos. Adem\u00e1s, es ideal para aplicaciones en las que se requiere una alta dispersi\u00f3n y rendimiento.","og_url":"https:\/\/www.azaros.eu\/es\/producto\/luzenac-2c\/","og_site_name":"Azaros","article_modified_time":"2025-04-03T11:17:00+00:00","og_image":[{"width":1200,"height":700,"url":"https:\/\/www.azaros.eu\/wp-content\/uploads\/2024\/06\/Azaros-Talco.jpg","type":"image\/jpeg"}],"twitter_card":"summary_large_image","twitter_misc":{"Tiempo de lectura":"1 minuto"},"schema":{"@context":"https:\/\/schema.org","@graph":[{"@type":"WebPage","@id":"https:\/\/www.azaros.eu\/es\/producto\/luzenac-2c\/","url":"https:\/\/www.azaros.eu\/es\/producto\/luzenac-2c\/","name":"Luzenac 2C - Azaros","isPartOf":{"@id":"https:\/\/www.azaros.eu\/es\/#website"},"primaryImageOfPage":{"@id":"https:\/\/www.azaros.eu\/es\/producto\/luzenac-2c\/#primaryimage"},"image":{"@id":"https:\/\/www.azaros.eu\/es\/producto\/luzenac-2c\/#primaryimage"},"thumbnailUrl":"https:\/\/www.azaros.eu\/wp-content\/uploads\/2024\/06\/Azaros-Talco.jpg","datePublished":"2024-06-11T07:52:24+00:00","dateModified":"2025-04-03T11:17:00+00:00","breadcrumb":{"@id":"https:\/\/www.azaros.eu\/es\/producto\/luzenac-2c\/#breadcrumb"},"inLanguage":"es","potentialAction":[{"@type":"ReadAction","target":["https:\/\/www.azaros.eu\/es\/producto\/luzenac-2c\/"]}]},{"@type":"ImageObject","inLanguage":"es","@id":"https:\/\/www.azaros.eu\/es\/producto\/luzenac-2c\/#primaryimage","url":"https:\/\/www.azaros.eu\/wp-content\/uploads\/2024\/06\/Azaros-Talco.jpg","contentUrl":"https:\/\/www.azaros.eu\/wp-content\/uploads\/2024\/06\/Azaros-Talco.jpg","width":1200,"height":700},{"@type":"BreadcrumbList","@id":"https:\/\/www.azaros.eu\/es\/producto\/luzenac-2c\/#breadcrumb","itemListElement":[{"@type":"ListItem","position":1,"name":"Azaros","item":"https:\/\/www.azaros.eu\/es\/"},{"@type":"ListItem","position":2,"name":"Productos","item":"https:\/\/www.azaros.eu\/es\/productos\/"},{"@type":"ListItem","position":3,"name":"Materias Primas IMERYS","item":"https:\/\/www.azaros.eu\/es\/productos\/materias-primas\/"},{"@type":"ListItem","position":4,"name":"Talco","item":"https:\/\/www.azaros.eu\/es\/productos\/materias-primas\/talco\/"},{"@type":"ListItem","position":5,"name":"Luzenac 2C"}]},{"@type":"WebSite","@id":"https:\/\/www.azaros.eu\/es\/#website","url":"https:\/\/www.azaros.eu\/es\/","name":"Azaros","description":"Fabricamos, distribuimos y comercializamos una gran gama de suministros.","potentialAction":[{"@type":"SearchAction","target":{"@type":"EntryPoint","urlTemplate":"https:\/\/www.azaros.eu\/es\/?s={search_term_string}"},"query-input":{"@type":"PropertyValueSpecification","valueRequired":true,"valueName":"search_term_string"}}],"inLanguage":"es"}]}},"_links":{"self":[{"href":"https:\/\/www.azaros.eu\/es\/wp-json\/wp\/v2\/product\/4490","targetHints":{"allow":["GET"]}}],"collection":[{"href":"https:\/\/www.azaros.eu\/es\/wp-json\/wp\/v2\/product"}],"about":[{"href":"https:\/\/www.azaros.eu\/es\/wp-json\/wp\/v2\/types\/product"}],"wp:featuredmedia":[{"embeddable":true,"href":"https:\/\/www.azaros.eu\/es\/wp-json\/wp\/v2\/media\/5648"}],"wp:attachment":[{"href":"https:\/\/www.azaros.eu\/es\/wp-json\/wp\/v2\/media?parent=4490"}],"wp:term":[{"taxonomy":"product_brand","embeddable":true,"href":"https:\/\/www.azaros.eu\/es\/wp-json\/wp\/v2\/product_brand?post=4490"},{"taxonomy":"product_cat","embeddable":true,"href":"https:\/\/www.azaros.eu\/es\/wp-json\/wp\/v2\/product_cat?post=4490"},{"taxonomy":"product_tag","embeddable":true,"href":"https:\/\/www.azaros.eu\/es\/wp-json\/wp\/v2\/product_tag?post=4490"}],"curies":[{"name":"wp","href":"https:\/\/api.w.org\/{rel}","templated":true}]}}