{"id":4710,"date":"2024-07-12T13:09:28","date_gmt":"2024-07-12T12:09:28","guid":{"rendered":"https:\/\/www.azaros.eu\/?post_type=product&#038;p=4710"},"modified":"2025-04-07T14:21:17","modified_gmt":"2025-04-07T13:21:17","slug":"solislab-x-grade","status":"publish","type":"product","link":"https:\/\/www.azaros.eu\/es\/producto\/solislab-x-grade\/","title":{"rendered":"SoliSlab X-grade"},"content":{"rendered":"<div class=\"row\"  id=\"row-804494680\">\n\n\t<div id=\"col-565484266\" class=\"col medium-6 small-12 large-6\"  >\n\t\t\t\t<div class=\"col-inner\"  >\n\t\t\t\n\t\t\t\n<div class=\"container section-title-container\" ><h2 class=\"section-title section-title-normal\"><b aria-hidden=\"true\"><\/b><span class=\"section-title-main\" style=\"font-size:80%;\">Dimensiones disponibles:<\/span><b aria-hidden=\"true\"><\/b><\/h2><\/div>\n<ul>\n<li><strong>SoliSlab\u2122 Est\u00e1ndar<\/strong> : 1 000 x 610 x 152 mm<\/li>\n<li><strong>SoliSlab\u2122 XXL<\/strong> : 2 150 x 610 x 152 mm, para minimizar las p\u00e9rdidas al convertir a m\u00f3dulos.<\/li>\n<li>Consulte otros tama\u00f1os disponibles<\/li>\n<\/ul>\n<div class=\"container section-title-container\" ><h2 class=\"section-title section-title-normal\"><b aria-hidden=\"true\"><\/b><span class=\"section-title-main\" style=\"font-size:80%;\">Tipo<\/span><b aria-hidden=\"true\"><\/b><\/h2><\/div>\n<p>Troncos de fibra monol\u00edtica de fibra cer\u00e1mica refractaria de alta temperatura.<\/p>\n<div class=\"container section-title-container\" ><h2 class=\"section-title section-title-normal\"><b aria-hidden=\"true\"><\/b><span class=\"section-title-main\" style=\"font-size:80%;\">Beneficios<\/span><b aria-hidden=\"true\"><\/b><\/h2><\/div>\n<ul>\n<li>Soluci\u00f3n t\u00e9cnica probada<\/li>\n<li>Tecnolog\u00eda Low shot<\/li>\n<li>Excelente rendimiento de aislamiento<\/li>\n<li>Alta resistencia a la manipulaci\u00f3n<\/li>\n<li>No se ve afectado por la mayor\u00eda de los productos qu\u00edmicos<\/li>\n<li>Excelente estabilidad t\u00e9rmica<\/li>\n<li>Resistente al choque t\u00e9rmico<\/li>\n<\/ul>\n\t\t<\/div>\n\t\t\t\t\t<\/div>\n\n\t\n\n\t<div id=\"col-1809383735\" class=\"col medium-6 small-12 large-6\"  >\n\t\t\t\t<div class=\"col-inner\"  >\n\t\t\t\n\t\t\t\n<div class=\"container section-title-container\" ><h2 class=\"section-title section-title-normal\"><b aria-hidden=\"true\"><\/b><span class=\"section-title-main\" style=\"font-size:80%;\">Rango de temperatura<\/span><b aria-hidden=\"true\"><\/b><\/h2><\/div>\n<p>Los troncos de fibra de grado X SoliSlab\u2122 tienen una temperatura de clasificaci\u00f3n de 1260 \u00b0C.<\/p>\n<p>La temperatura m\u00e1xima de uso continuo proporcionada en la hoja de datos es orientativa y solo se aplica en una atm\u00f3sfera oxidante limpia.<\/p>\n<div class=\"container section-title-container\" ><h2 class=\"section-title section-title-normal\"><b aria-hidden=\"true\"><\/b><span class=\"section-title-main\" style=\"font-size:80%;\">Aplicaciones t\u00edpicas<\/span><b aria-hidden=\"true\"><\/b><\/h2><\/div>\n<ul>\n<li>Revestimiento de vagones de horno en cer\u00e1mica y vidrio<\/li>\n<li>Material precursor para la fabricaci\u00f3n de m\u00f3dulos de fibra monol\u00edtica<\/li>\n<li>Formas in situ en zonas de mirillas y esquinas en revestimientos de fibra<\/li>\n<li>Aislamiento t\u00e9cnico general de hornos e instalaciones t\u00e9cnicas<\/li>\n<\/ul>\n\t\t<\/div>\n\t\t\t\t\t<\/div>\n\n\t\n<\/div>\n<div class=\"row\"  id=\"row-1291709882\">\n\n\t<div id=\"col-352833651\" class=\"col medium-12 large-12\"  >\n\t\t\t\t<div class=\"col-inner\"  >\n\t\t\t\n\t\t\t\n<table width=\"567\">\n<tbody>\n<tr>\n<td width=\"168\"><strong>Propiedades medidas<\/strong><\/td>\n<td width=\"168\"><strong>Est\u00e1ndar<\/strong><\/td>\n<td width=\"89\"><strong>Unidad<\/strong><\/td>\n<td width=\"142\"><strong>SoliSlab X-grade<\/strong><\/td>\n<\/tr>\n<tr>\n<td width=\"168\">Grado<\/td>\n<td width=\"168\"><\/td>\n<td width=\"89\"><\/td>\n<td width=\"142\">RCF<\/td>\n<\/tr>\n<tr>\n<td width=\"168\">Color<\/td>\n<td width=\"168\"><\/td>\n<td width=\"89\"><\/td>\n<td width=\"142\">Blanco<\/td>\n<\/tr>\n<tr>\n<td width=\"168\">Temperatura de clasificaci\u00f3n<\/td>\n<td width=\"168\"><\/td>\n<td width=\"89\">\u00baC<\/td>\n<td width=\"142\">1260<\/td>\n<\/tr>\n<\/tbody>\n<\/table>\n\t\t<\/div>\n\t\t\t\t\t<\/div>\n\n\t\n<\/div>\n","protected":false},"excerpt":{"rendered":"<p>Los productos SoliSlab\u2122 son uno de los pocos troncos de fibra monol\u00edtica disponibles. Los productos SoliSlab\u2122 son troncos de fibra de gran tama\u00f1o y 152 mm de espesor que se pueden cortar y convertir para la producci\u00f3n de m\u00f3dulos de fibra monol\u00edtica, o se pueden utilizar como base para hornos.<\/p>\n<p>Lo que es \u00fanico es que nuestros SoliSlab\u2122 se fabrican con nuestra tecnolog\u00eda de fibra premium de Generaci\u00f3n III tanto en fibra cer\u00e1mica refractaria como en fibra de baja biopersistencia. Como resultado, los m\u00f3dulos basados en nuestro SoliSlab\u2122 ofrecen un mayor aislamiento t\u00e9rmico, alta resistencia y se pueden utilizar en aplicaciones con altas velocidades de gas.<\/p>\n<p>SoliSlab\u2122 se fabrica en una rueca de gran tama\u00f1o a una losa enorme y, mediante la punci\u00f3n continua, se logra un enclavamiento extremadamente alto de fibras.<\/p>\n<p>Seguimos a\u00f1adiendo nuevas capas hasta conseguir un espesor total de 152 mm. Como resultado de la punci\u00f3n continua de las capas de fibra en la rueca, el alto \u00edndice de fibra y el enclavamiento de nuestra tecnolog\u00eda de hilatura de Generaci\u00f3n III, los troncos de fibra ofrecen una alta resistencia y se pueden utilizar en aplicaciones con altas velocidades de gas.<\/p>\n<p>SoliSlab X-grade utiliza la \u00faltima tecnolog\u00eda de hilatura para ofrecer un mejor rendimiento en comparaci\u00f3n con una fibra est\u00e1ndar de tipo tronco. Con una temperatura de clasificaci\u00f3n de 1260\u00b0C se recomienda su uso continuo hasta 1100\u00b0C.<\/p>\n","protected":false},"featured_media":5114,"template":"","meta":[],"product_brand":[],"product_cat":[25],"product_tag":[],"class_list":{"0":"post-4710","1":"product","2":"type-product","3":"status-publish","4":"has-post-thumbnail","6":"product_cat-fibras-ceramicas","8":"first","9":"instock","10":"shipping-taxable","11":"product-type-simple"},"yoast_head":"<!-- This site is optimized with the Yoast SEO plugin v27.4 - https:\/\/yoast.com\/product\/yoast-seo-wordpress\/ -->\n<title>SoliSlab X-grade - Azaros<\/title>\n<meta name=\"robots\" content=\"index, follow, max-snippet:-1, max-image-preview:large, max-video-preview:-1\" \/>\n<link rel=\"canonical\" href=\"https:\/\/www.azaros.eu\/es\/producto\/solislab-x-grade\/\" \/>\n<meta property=\"og:locale\" content=\"es_ES\" \/>\n<meta property=\"og:type\" content=\"article\" \/>\n<meta property=\"og:title\" content=\"SoliSlab X-grade - Azaros\" \/>\n<meta property=\"og:description\" content=\"Los productos SoliSlab\u2122 son uno de los pocos troncos de fibra monol\u00edtica disponibles. Los productos SoliSlab\u2122 son troncos de fibra de gran tama\u00f1o y 152 mm de espesor que se pueden cortar y convertir para la producci\u00f3n de m\u00f3dulos de fibra monol\u00edtica, o se pueden utilizar como base para hornos.  Lo que es \u00fanico es que nuestros SoliSlab\u2122 se fabrican con nuestra tecnolog\u00eda de fibra premium de Generaci\u00f3n III tanto en fibra cer\u00e1mica refractaria como en fibra de baja biopersistencia. Como resultado, los m\u00f3dulos basados en nuestro SoliSlab\u2122 ofrecen un mayor aislamiento t\u00e9rmico, alta resistencia y se pueden utilizar en aplicaciones con altas velocidades de gas.  SoliSlab\u2122 se fabrica en una rueca de gran tama\u00f1o a una losa enorme y, mediante la punci\u00f3n continua, se logra un enclavamiento extremadamente alto de fibras.  Seguimos a\u00f1adiendo nuevas capas hasta conseguir un espesor total de 152 mm. Como resultado de la punci\u00f3n continua de las capas de fibra en la rueca, el alto \u00edndice de fibra y el enclavamiento de nuestra tecnolog\u00eda de hilatura de Generaci\u00f3n III, los troncos de fibra ofrecen una alta resistencia y se pueden utilizar en aplicaciones con altas velocidades de gas.  SoliSlab X-grade utiliza la \u00faltima tecnolog\u00eda de hilatura para ofrecer un mejor rendimiento en comparaci\u00f3n con una fibra est\u00e1ndar de tipo tronco. Con una temperatura de clasificaci\u00f3n de 1260\u00b0C se recomienda su uso continuo hasta 1100\u00b0C.\" \/>\n<meta property=\"og:url\" content=\"https:\/\/www.azaros.eu\/es\/producto\/solislab-x-grade\/\" \/>\n<meta property=\"og:site_name\" content=\"Azaros\" \/>\n<meta property=\"article:modified_time\" content=\"2025-04-07T13:21:17+00:00\" \/>\n<meta property=\"og:image\" content=\"https:\/\/www.azaros.eu\/wp-content\/uploads\/2024\/04\/Solislab.jpg\" \/>\n\t<meta property=\"og:image:width\" content=\"1200\" \/>\n\t<meta property=\"og:image:height\" content=\"700\" \/>\n\t<meta property=\"og:image:type\" content=\"image\/jpeg\" \/>\n<meta name=\"twitter:card\" content=\"summary_large_image\" \/>\n<meta name=\"twitter:label1\" content=\"Tiempo de lectura\" \/>\n\t<meta name=\"twitter:data1\" content=\"2 minutos\" \/>\n<script type=\"application\/ld+json\" class=\"yoast-schema-graph\">{\"@context\":\"https:\\\/\\\/schema.org\",\"@graph\":[{\"@type\":\"WebPage\",\"@id\":\"https:\\\/\\\/www.azaros.eu\\\/es\\\/producto\\\/solislab-x-grade\\\/\",\"url\":\"https:\\\/\\\/www.azaros.eu\\\/es\\\/producto\\\/solislab-x-grade\\\/\",\"name\":\"SoliSlab X-grade - Azaros\",\"isPartOf\":{\"@id\":\"https:\\\/\\\/www.azaros.eu\\\/es\\\/#website\"},\"primaryImageOfPage\":{\"@id\":\"https:\\\/\\\/www.azaros.eu\\\/es\\\/producto\\\/solislab-x-grade\\\/#primaryimage\"},\"image\":{\"@id\":\"https:\\\/\\\/www.azaros.eu\\\/es\\\/producto\\\/solislab-x-grade\\\/#primaryimage\"},\"thumbnailUrl\":\"https:\\\/\\\/www.azaros.eu\\\/wp-content\\\/uploads\\\/2024\\\/04\\\/Solislab.jpg\",\"datePublished\":\"2024-07-12T12:09:28+00:00\",\"dateModified\":\"2025-04-07T13:21:17+00:00\",\"breadcrumb\":{\"@id\":\"https:\\\/\\\/www.azaros.eu\\\/es\\\/producto\\\/solislab-x-grade\\\/#breadcrumb\"},\"inLanguage\":\"es\",\"potentialAction\":[{\"@type\":\"ReadAction\",\"target\":[\"https:\\\/\\\/www.azaros.eu\\\/es\\\/producto\\\/solislab-x-grade\\\/\"]}]},{\"@type\":\"ImageObject\",\"inLanguage\":\"es\",\"@id\":\"https:\\\/\\\/www.azaros.eu\\\/es\\\/producto\\\/solislab-x-grade\\\/#primaryimage\",\"url\":\"https:\\\/\\\/www.azaros.eu\\\/wp-content\\\/uploads\\\/2024\\\/04\\\/Solislab.jpg\",\"contentUrl\":\"https:\\\/\\\/www.azaros.eu\\\/wp-content\\\/uploads\\\/2024\\\/04\\\/Solislab.jpg\",\"width\":1200,\"height\":700},{\"@type\":\"BreadcrumbList\",\"@id\":\"https:\\\/\\\/www.azaros.eu\\\/es\\\/producto\\\/solislab-x-grade\\\/#breadcrumb\",\"itemListElement\":[{\"@type\":\"ListItem\",\"position\":1,\"name\":\"Azaros\",\"item\":\"https:\\\/\\\/www.azaros.eu\\\/es\\\/\"},{\"@type\":\"ListItem\",\"position\":2,\"name\":\"Productos\",\"item\":\"https:\\\/\\\/www.azaros.eu\\\/es\\\/productos\\\/\"},{\"@type\":\"ListItem\",\"position\":3,\"name\":\"Aislamiento t\u00e9rmico\",\"item\":\"https:\\\/\\\/www.azaros.eu\\\/es\\\/productos\\\/aislamiento-termico\\\/\"},{\"@type\":\"ListItem\",\"position\":4,\"name\":\"Fibras cer\u00e1micas\",\"item\":\"https:\\\/\\\/www.azaros.eu\\\/es\\\/productos\\\/aislamiento-termico\\\/fibras-ceramicas\\\/\"},{\"@type\":\"ListItem\",\"position\":5,\"name\":\"SoliSlab X-grade\"}]},{\"@type\":\"WebSite\",\"@id\":\"https:\\\/\\\/www.azaros.eu\\\/es\\\/#website\",\"url\":\"https:\\\/\\\/www.azaros.eu\\\/es\\\/\",\"name\":\"Azaros\",\"description\":\"Fabricamos, distribuimos y comercializamos una gran gama de suministros.\",\"potentialAction\":[{\"@type\":\"SearchAction\",\"target\":{\"@type\":\"EntryPoint\",\"urlTemplate\":\"https:\\\/\\\/www.azaros.eu\\\/es\\\/?s={search_term_string}\"},\"query-input\":{\"@type\":\"PropertyValueSpecification\",\"valueRequired\":true,\"valueName\":\"search_term_string\"}}],\"inLanguage\":\"es\"}]}<\/script>\n<!-- \/ Yoast SEO plugin. -->","yoast_head_json":{"title":"SoliSlab X-grade - Azaros","robots":{"index":"index","follow":"follow","max-snippet":"max-snippet:-1","max-image-preview":"max-image-preview:large","max-video-preview":"max-video-preview:-1"},"canonical":"https:\/\/www.azaros.eu\/es\/producto\/solislab-x-grade\/","og_locale":"es_ES","og_type":"article","og_title":"SoliSlab X-grade - Azaros","og_description":"Los productos SoliSlab\u2122 son uno de los pocos troncos de fibra monol\u00edtica disponibles. Los productos SoliSlab\u2122 son troncos de fibra de gran tama\u00f1o y 152 mm de espesor que se pueden cortar y convertir para la producci\u00f3n de m\u00f3dulos de fibra monol\u00edtica, o se pueden utilizar como base para hornos.  Lo que es \u00fanico es que nuestros SoliSlab\u2122 se fabrican con nuestra tecnolog\u00eda de fibra premium de Generaci\u00f3n III tanto en fibra cer\u00e1mica refractaria como en fibra de baja biopersistencia. Como resultado, los m\u00f3dulos basados en nuestro SoliSlab\u2122 ofrecen un mayor aislamiento t\u00e9rmico, alta resistencia y se pueden utilizar en aplicaciones con altas velocidades de gas.  SoliSlab\u2122 se fabrica en una rueca de gran tama\u00f1o a una losa enorme y, mediante la punci\u00f3n continua, se logra un enclavamiento extremadamente alto de fibras.  Seguimos a\u00f1adiendo nuevas capas hasta conseguir un espesor total de 152 mm. Como resultado de la punci\u00f3n continua de las capas de fibra en la rueca, el alto \u00edndice de fibra y el enclavamiento de nuestra tecnolog\u00eda de hilatura de Generaci\u00f3n III, los troncos de fibra ofrecen una alta resistencia y se pueden utilizar en aplicaciones con altas velocidades de gas.  SoliSlab X-grade utiliza la \u00faltima tecnolog\u00eda de hilatura para ofrecer un mejor rendimiento en comparaci\u00f3n con una fibra est\u00e1ndar de tipo tronco. Con una temperatura de clasificaci\u00f3n de 1260\u00b0C se recomienda su uso continuo hasta 1100\u00b0C.","og_url":"https:\/\/www.azaros.eu\/es\/producto\/solislab-x-grade\/","og_site_name":"Azaros","article_modified_time":"2025-04-07T13:21:17+00:00","og_image":[{"width":1200,"height":700,"url":"https:\/\/www.azaros.eu\/wp-content\/uploads\/2024\/04\/Solislab.jpg","type":"image\/jpeg"}],"twitter_card":"summary_large_image","twitter_misc":{"Tiempo de lectura":"2 minutos"},"schema":{"@context":"https:\/\/schema.org","@graph":[{"@type":"WebPage","@id":"https:\/\/www.azaros.eu\/es\/producto\/solislab-x-grade\/","url":"https:\/\/www.azaros.eu\/es\/producto\/solislab-x-grade\/","name":"SoliSlab X-grade - Azaros","isPartOf":{"@id":"https:\/\/www.azaros.eu\/es\/#website"},"primaryImageOfPage":{"@id":"https:\/\/www.azaros.eu\/es\/producto\/solislab-x-grade\/#primaryimage"},"image":{"@id":"https:\/\/www.azaros.eu\/es\/producto\/solislab-x-grade\/#primaryimage"},"thumbnailUrl":"https:\/\/www.azaros.eu\/wp-content\/uploads\/2024\/04\/Solislab.jpg","datePublished":"2024-07-12T12:09:28+00:00","dateModified":"2025-04-07T13:21:17+00:00","breadcrumb":{"@id":"https:\/\/www.azaros.eu\/es\/producto\/solislab-x-grade\/#breadcrumb"},"inLanguage":"es","potentialAction":[{"@type":"ReadAction","target":["https:\/\/www.azaros.eu\/es\/producto\/solislab-x-grade\/"]}]},{"@type":"ImageObject","inLanguage":"es","@id":"https:\/\/www.azaros.eu\/es\/producto\/solislab-x-grade\/#primaryimage","url":"https:\/\/www.azaros.eu\/wp-content\/uploads\/2024\/04\/Solislab.jpg","contentUrl":"https:\/\/www.azaros.eu\/wp-content\/uploads\/2024\/04\/Solislab.jpg","width":1200,"height":700},{"@type":"BreadcrumbList","@id":"https:\/\/www.azaros.eu\/es\/producto\/solislab-x-grade\/#breadcrumb","itemListElement":[{"@type":"ListItem","position":1,"name":"Azaros","item":"https:\/\/www.azaros.eu\/es\/"},{"@type":"ListItem","position":2,"name":"Productos","item":"https:\/\/www.azaros.eu\/es\/productos\/"},{"@type":"ListItem","position":3,"name":"Aislamiento t\u00e9rmico","item":"https:\/\/www.azaros.eu\/es\/productos\/aislamiento-termico\/"},{"@type":"ListItem","position":4,"name":"Fibras cer\u00e1micas","item":"https:\/\/www.azaros.eu\/es\/productos\/aislamiento-termico\/fibras-ceramicas\/"},{"@type":"ListItem","position":5,"name":"SoliSlab X-grade"}]},{"@type":"WebSite","@id":"https:\/\/www.azaros.eu\/es\/#website","url":"https:\/\/www.azaros.eu\/es\/","name":"Azaros","description":"Fabricamos, distribuimos y comercializamos una gran gama de suministros.","potentialAction":[{"@type":"SearchAction","target":{"@type":"EntryPoint","urlTemplate":"https:\/\/www.azaros.eu\/es\/?s={search_term_string}"},"query-input":{"@type":"PropertyValueSpecification","valueRequired":true,"valueName":"search_term_string"}}],"inLanguage":"es"}]}},"_links":{"self":[{"href":"https:\/\/www.azaros.eu\/es\/wp-json\/wp\/v2\/product\/4710","targetHints":{"allow":["GET"]}}],"collection":[{"href":"https:\/\/www.azaros.eu\/es\/wp-json\/wp\/v2\/product"}],"about":[{"href":"https:\/\/www.azaros.eu\/es\/wp-json\/wp\/v2\/types\/product"}],"wp:featuredmedia":[{"embeddable":true,"href":"https:\/\/www.azaros.eu\/es\/wp-json\/wp\/v2\/media\/5114"}],"wp:attachment":[{"href":"https:\/\/www.azaros.eu\/es\/wp-json\/wp\/v2\/media?parent=4710"}],"wp:term":[{"taxonomy":"product_brand","embeddable":true,"href":"https:\/\/www.azaros.eu\/es\/wp-json\/wp\/v2\/product_brand?post=4710"},{"taxonomy":"product_cat","embeddable":true,"href":"https:\/\/www.azaros.eu\/es\/wp-json\/wp\/v2\/product_cat?post=4710"},{"taxonomy":"product_tag","embeddable":true,"href":"https:\/\/www.azaros.eu\/es\/wp-json\/wp\/v2\/product_tag?post=4710"}],"curies":[{"name":"wp","href":"https:\/\/api.w.org\/{rel}","templated":true}]}}