{"id":10446,"date":"2024-06-06T10:37:23","date_gmt":"2024-06-06T09:37:23","guid":{"rendered":"https:\/\/www.azaros.eu\/secteurs-industriels\/fabricants-de-resistances\/"},"modified":"2025-05-16T08:35:50","modified_gmt":"2025-05-16T07:35:50","slug":"fabricants-de-resistances","status":"publish","type":"page","link":"https:\/\/www.azaros.eu\/fr\/secteurs-industriels\/fabricants-de-resistances\/","title":{"rendered":"Fabricants de resistances"},"content":{"rendered":"\n\t<section class=\"section bannersectores\" id=\"section_1507639637\">\n\t\t<div class=\"section-bg fill\" >\n\t\t\t<img loading=\"lazy\" decoding=\"async\" width=\"2000\" height=\"560\" src=\"https:\/\/www.azaros.eu\/wp-content\/uploads\/2025\/04\/AZAROS-sectores-Resistencias.jpg\" class=\"bg attachment-original size-original\" alt=\"\" \/>\t\t\t\t\t\t\n\t\t\t\n\t<div class=\"is-border\"\n\t\tstyle=\"border-width:0px 0px 0px 0px;margin:0px 0px 0px 0px;\">\n\t<\/div>\n\n\t\t<\/div>\n\n\t\t\n\n\t\t<div class=\"section-content relative\">\n\t\t\t\n<div class=\"row row-collapse columnaSectores\"  id=\"row-1635189294\">\n\n\t<div id=\"col-933735851\" class=\"col small-12 large-12\"  >\n\t\t\t\t<div class=\"col-inner\"  >\n\t\t\t\n\t\t\t\n\t<div class=\"img has-hover lineaProductoNegro x md-x lg-x y md-y lg-y\" id=\"image_1949653477\">\n\t\t\t\t\t\t\t\t<div class=\"img-inner image-cover dark\" style=\"padding-top:15px;margin:0px 0px 0px 0px;\">\n\t\t\t<img loading=\"lazy\" decoding=\"async\" width=\"320\" height=\"16\" src=\"https:\/\/www.azaros.eu\/wp-content\/uploads\/2018\/10\/Recurso-79.jpg\" class=\"attachment-original size-original\" alt=\"\" srcset=\"https:\/\/www.azaros.eu\/wp-content\/uploads\/2018\/10\/Recurso-79.jpg 320w, https:\/\/www.azaros.eu\/wp-content\/uploads\/2018\/10\/Recurso-79-200x10.jpg 200w, https:\/\/www.azaros.eu\/wp-content\/uploads\/2018\/10\/Recurso-79-300x15.jpg 300w\" sizes=\"auto, (max-width: 320px) 100vw, 320px\" \/>\t\t\t\t\t\t\n\t\t\t\t\t<\/div>\n\t\t\t\t\t\t\t\t\n<style>\n#image_1949653477 {\n  width: 100%;\n}\n<\/style>\n\t<\/div>\n\t\n\t<div id=\"text-4085799883\" class=\"text TextSectores\">\n\t\t\n<h1 style=\"font-size: 3em;\">Fournitures pour les fabricants de resistances \/<\/h1>\n\t\t\t<\/div>\n\t\n\t<div class=\"img has-hover lineaProductoNegro x md-x lg-x y md-y lg-y\" id=\"image_1240765157\">\n\t\t\t\t\t\t\t\t<div class=\"img-inner image-cover dark\" style=\"padding-top:15px;margin:0px 0px 0px 0px;\">\n\t\t\t<img loading=\"lazy\" decoding=\"async\" width=\"320\" height=\"16\" src=\"https:\/\/www.azaros.eu\/wp-content\/uploads\/2018\/10\/Recurso-79.jpg\" class=\"attachment-original size-original\" alt=\"\" srcset=\"https:\/\/www.azaros.eu\/wp-content\/uploads\/2018\/10\/Recurso-79.jpg 320w, https:\/\/www.azaros.eu\/wp-content\/uploads\/2018\/10\/Recurso-79-200x10.jpg 200w, https:\/\/www.azaros.eu\/wp-content\/uploads\/2018\/10\/Recurso-79-300x15.jpg 300w\" sizes=\"auto, (max-width: 320px) 100vw, 320px\" \/>\t\t\t\t\t\t\n\t\t\t\t\t<\/div>\n\t\t\t\t\t\t\t\t\n<style>\n#image_1240765157 {\n  width: 100%;\n}\n<\/style>\n\t<\/div>\n\t\n\t\t<\/div>\n\t\t\t\t\t<\/div>\n\n\t\n\n<style>\n#row-1635189294 > .col > .col-inner {\n  padding: 0px 15px 0px 15px;\n}\n<\/style>\n<\/div>\n\t\t<\/div>\n\n\t\t\n<style>\n#section_1507639637 {\n  padding-top: 0px;\n  padding-bottom: 0px;\n  margin-bottom: 0px;\n  min-height: 400px;\n}\n<\/style>\n\t<\/section>\n\t\n\n\t<section class=\"section\" id=\"section_1969470204\">\n\t\t<div class=\"section-bg fill\" >\n\t\t\t\t\t\t\t\t\t\n\t\t\t\n\n\t\t<\/div>\n\n\t\t\n\n\t\t<div class=\"section-content relative\">\n\t\t\t\n<div class=\"row row-large align-middle divider-azaros-bottom-negro\"  id=\"row-1358135348\">\n\n\t<div id=\"col-653721424\" class=\"col medium-6 small-12 large-6\"  >\n\t\t\t\t<div class=\"col-inner text-left\"  >\n\t\t\t\n\t\t\t\n<p>Les <strong>mat\u00e9riaux isolants<\/strong> utilis\u00e9s dans la fabrication de r\u00e9sistances jouent un r\u00f4le crucial pour garantir un fonctionnement s\u00fbr et efficace. Chaque mat\u00e9riau offre des propri\u00e9t\u00e9s sp\u00e9cifiques, comme la r\u00e9sistance thermique, l\u2019isolement \u00e9lectrique ou la durabilit\u00e9 m\u00e9canique, tout en s\u2019adaptant parfaitement aux besoins des fabricants.<\/p>\n<p>Pour fournir l\u2019isolement n\u00e9cessaire et garantir la qualit\u00e9 du produit final, vous pouvez choisir l\u2019un ou l\u2019autre des mat\u00e9riaux suivants, en fonction de l\u2019usage de chaque r\u00e9sistance.<\/p>\n<ul>\n<li>C\u00e9ramique (st\u00e9atite, cordi\u00e9rite y mullite)<\/li>\n<li>Mica (naturel, phlogopite, muscovite et synth\u00e9tique)<\/li>\n<li>Laine de verre<\/li>\n<\/ul>\n\t\t<\/div>\n\t\t\t\t\t<\/div>\n\n\t\n\n\t<div id=\"col-1730483\" class=\"col hide-for-small medium-6 small-12 large-6\"  >\n\t\t\t\t<div class=\"col-inner text-center\"  >\n\t\t\t\n\t\t\t\n\t<div id=\"text-1459533597\" class=\"text\">\n\t\t\n<p><b>Si vous ne trouvez pas ce que vous cherchez, contactez-nous pour vous offrir une solution sur mesure.<\/b><br \/>\n\t\t\n<style>\n#text-1459533597 {\n  font-size: 2rem;\n  text-align: left;\n}\n<\/style>\n\t<\/div>\n\t\n<a href=\"\/fr\/contact\/\" class=\"button white is-outline\" style=\"border-radius:99px;\">\n\t\t<span>Contact<\/span>\n\t<\/a>\n\n\t\t<\/div>\n\t\t\t\t\n<style>\n#col-1730483 > .col-inner {\n  padding: 0px 60px 0px 60px;\n}\n<\/style>\n\t<\/div>\n\n\t\n<\/div>\n\t\t<\/div>\n\n\t\t\n<style>\n#section_1969470204 {\n  padding-top: 60px;\n  padding-bottom: 60px;\n}\n<\/style>\n\t<\/section>\n\t\n\n\t<section class=\"section\" id=\"section_189714476\">\n\t\t<div class=\"section-bg fill\" >\n\t\t\t\t\t\t\t\t\t\n\t\t\t\n\n\t\t<\/div>\n\n\t\t\n\n\t\t<div class=\"section-content relative\">\n\t\t\t\n<div class=\"row align-middle\"  id=\"row-1723574245\">\n\n\t<div id=\"col-687824057\" class=\"col medium-6 small-12 large-6\"  >\n\t\t\t\t<div class=\"col-inner\"  >\n\t\t\t\n\t\t\t\n\t<div id=\"text-3920811276\" class=\"text\">\n\t\t\n<h2>Produits<br \/>\nassoci\u00e9s <span class=\"azaros-slash\">\/<\/span><\/h2>\n\t\t\n<style>\n#text-3920811276 {\n  font-size: 0.95rem;\n}\n<\/style>\n\t<\/div>\n\t\n\t\t<\/div>\n\t\t\t\t\t<\/div>\n\n\t\n\n\t<div id=\"col-1893388135\" class=\"col medium-6 small-12 large-6\"  >\n\t\t\t\t<div class=\"col-inner text-center\"  >\n\t\t\t\n\t\t\t\n<a data-animate=\"fadeInRight\" href=\"\/fr\/produits\/\" class=\"button white is-outline lowercase\" style=\"border-radius:99px;\">\n\t\t<span>voir tous les produits<\/span>\n\t<\/a>\n\n\t\t<\/div>\n\t\t\t\t\t<\/div>\n\n\t\n\n<style>\n#row-1723574245 > .col > .col-inner {\n  padding: 60px 0px 60px 0px;\n}\n<\/style>\n<\/div>\n<div class=\"row\"  id=\"row-1935501746\">\n\n\t<div id=\"col-707754578\" class=\"col small-12 large-12\"  >\n\t\t\t\t<div class=\"col-inner\"  >\n\t\t\t\n\t\t\t\n\t\n  \n    <div class=\"row large-columns-3 medium-columns- small-columns-1 row-small slider row-slider slider-nav-simple slider-nav-outside slider-nav-push\"  data-flickity-options='{&quot;imagesLoaded&quot;: true, &quot;groupCells&quot;: &quot;100%&quot;, &quot;dragThreshold&quot; : 5, &quot;cellAlign&quot;: &quot;left&quot;,&quot;wrapAround&quot;: true,&quot;prevNextButtons&quot;: true,&quot;percentPosition&quot;: true,&quot;pageDots&quot;: false, &quot;rightToLeft&quot;: false, &quot;autoPlay&quot; : 2000}' >\n\n  \n\t     <div class=\"product-small col has-hover product type-product post-11711 status-publish first instock product_cat-plaque-de-carbure-de-silicium has-post-thumbnail shipping-taxable product-type-simple\">\n\t<div class=\"col-inner\">\n\t\n<div class=\"badge-container absolute left top z-1\">\n\n<\/div>\n\t<div class=\"product-small box \">\n\t\t<div class=\"box-image\">\n\t\t\t<div class=\"image-fade-in\">\n\t\t\t\t<a href=\"https:\/\/www.azaros.eu\/fr\/produit\/plaque-en-carbure-de-silicium-sans-nitruree\/\">\n\t\t\t\t\t<img loading=\"lazy\" decoding=\"async\" width=\"496\" height=\"595\" src=\"https:\/\/www.azaros.eu\/wp-content\/uploads\/2024\/06\/Carril-Carburo-Silicio-496x595.jpg\" class=\"attachment-woocommerce_thumbnail size-woocommerce_thumbnail\" alt=\"Plaque en carbure de silicium sans nitrur\u00e9e\" \/>\t\t\t\t<\/a>\n\t\t\t<\/div>\n\t\t\t<div class=\"image-tools is-small top right show-on-hover\">\n\t\t\t\t\t\t\t<\/div>\n\t\t\t<div class=\"image-tools is-small hide-for-small bottom left show-on-hover\">\n\t\t\t\t\t\t\t<\/div>\n\t\t\t<div class=\"image-tools grid-tools text-center hide-for-small bottom hover-slide-in show-on-hover\">\n\t\t\t\t\t\t\t<\/div>\n\t\t\t\t\t<\/div>\n\n\t\t<div class=\"box-text box-text-products\">\n\t\t\t<div class=\"title-wrapper\"><p class=\"name product-title woocommerce-loop-product__title\"><a href=\"https:\/\/www.azaros.eu\/fr\/produit\/plaque-en-carbure-de-silicium-sans-nitruree\/\" class=\"woocommerce-LoopProduct-link woocommerce-loop-product__link\">Plaque en carbure de silicium sans nitrur\u00e9e<\/a><\/p><\/div><div class=\"price-wrapper\"><\/div>\t\t<\/div>\n\t<\/div>\n\t\t<\/div>\n<\/div><div class=\"product-small col has-hover product type-product post-11446 status-publish last instock product_cat-tir has-post-thumbnail shipping-taxable product-type-simple\">\n\t<div class=\"col-inner\">\n\t\n<div class=\"badge-container absolute left top z-1\">\n\n<\/div>\n\t<div class=\"product-small box \">\n\t\t<div class=\"box-image\">\n\t\t\t<div class=\"image-fade-in\">\n\t\t\t\t<a href=\"https:\/\/www.azaros.eu\/fr\/produit\/fil-acier-au-carbone\/\">\n\t\t\t\t\t<img loading=\"lazy\" decoding=\"async\" width=\"496\" height=\"595\" src=\"https:\/\/www.azaros.eu\/wp-content\/uploads\/2024\/07\/AZAROS-Alambre-de-acero-al-carbono-496x595.jpg\" class=\"attachment-woocommerce_thumbnail size-woocommerce_thumbnail\" alt=\"Fil acier au carbone\" \/>\t\t\t\t<\/a>\n\t\t\t<\/div>\n\t\t\t<div class=\"image-tools is-small top right show-on-hover\">\n\t\t\t\t\t\t\t<\/div>\n\t\t\t<div class=\"image-tools is-small hide-for-small bottom left show-on-hover\">\n\t\t\t\t\t\t\t<\/div>\n\t\t\t<div class=\"image-tools grid-tools text-center hide-for-small bottom hover-slide-in show-on-hover\">\n\t\t\t\t\t\t\t<\/div>\n\t\t\t\t\t<\/div>\n\n\t\t<div class=\"box-text box-text-products\">\n\t\t\t<div class=\"title-wrapper\"><p class=\"name product-title woocommerce-loop-product__title\"><a href=\"https:\/\/www.azaros.eu\/fr\/produit\/fil-acier-au-carbone\/\" class=\"woocommerce-LoopProduct-link woocommerce-loop-product__link\">Fil acier au carbone<\/a><\/p><\/div><div class=\"price-wrapper\"><\/div>\t\t<\/div>\n\t<\/div>\n\t\t<\/div>\n<\/div><\/div>\n\t\t<\/div>\n\t\t\t\t\t<\/div>\n\n\t\n<\/div>\n\t\t<\/div>\n\n\t\t\n<style>\n#section_189714476 {\n  padding-top: 0px;\n  padding-bottom: 0px;\n}\n<\/style>\n\t<\/section>\n\t\n","protected":false},"excerpt":{"rendered":"","protected":false},"author":1,"featured_media":0,"parent":7967,"menu_order":0,"comment_status":"closed","ping_status":"closed","template":"page-blank.php","meta":{"footnotes":""},"class_list":["post-10446","page","type-page","status-publish","hentry"],"yoast_head":"<!-- This site is optimized with the Yoast SEO plugin v27.4 - https:\/\/yoast.com\/product\/yoast-seo-wordpress\/ -->\n<title>Fabricants de resistances - Azaros<\/title>\n<meta name=\"robots\" content=\"index, follow, max-snippet:-1, max-image-preview:large, max-video-preview:-1\" \/>\n<link rel=\"canonical\" href=\"https:\/\/www.azaros.eu\/fr\/secteurs-industriels\/fabricants-de-resistances\/\" \/>\n<meta property=\"og:locale\" content=\"fr_FR\" \/>\n<meta property=\"og:type\" content=\"article\" \/>\n<meta property=\"og:title\" content=\"Fabricants de resistances - Azaros\" \/>\n<meta property=\"og:url\" content=\"https:\/\/www.azaros.eu\/fr\/secteurs-industriels\/fabricants-de-resistances\/\" \/>\n<meta property=\"og:site_name\" content=\"Azaros\" \/>\n<meta property=\"article:modified_time\" content=\"2025-05-16T07:35:50+00:00\" \/>\n<meta name=\"twitter:card\" content=\"summary_large_image\" \/>\n<meta name=\"twitter:label1\" content=\"Dur\u00e9e de lecture estim\u00e9e\" \/>\n\t<meta name=\"twitter:data1\" content=\"2 minutes\" \/>\n<script type=\"application\/ld+json\" class=\"yoast-schema-graph\">{\"@context\":\"https:\\\/\\\/schema.org\",\"@graph\":[{\"@type\":\"WebPage\",\"@id\":\"https:\\\/\\\/www.azaros.eu\\\/fr\\\/secteurs-industriels\\\/fabricants-de-resistances\\\/\",\"url\":\"https:\\\/\\\/www.azaros.eu\\\/fr\\\/secteurs-industriels\\\/fabricants-de-resistances\\\/\",\"name\":\"Fabricants de resistances - Azaros\",\"isPartOf\":{\"@id\":\"https:\\\/\\\/www.azaros.eu\\\/fr\\\/#website\"},\"datePublished\":\"2024-06-06T09:37:23+00:00\",\"dateModified\":\"2025-05-16T07:35:50+00:00\",\"breadcrumb\":{\"@id\":\"https:\\\/\\\/www.azaros.eu\\\/fr\\\/secteurs-industriels\\\/fabricants-de-resistances\\\/#breadcrumb\"},\"inLanguage\":\"fr-FR\",\"potentialAction\":[{\"@type\":\"ReadAction\",\"target\":[\"https:\\\/\\\/www.azaros.eu\\\/fr\\\/secteurs-industriels\\\/fabricants-de-resistances\\\/\"]}]},{\"@type\":\"BreadcrumbList\",\"@id\":\"https:\\\/\\\/www.azaros.eu\\\/fr\\\/secteurs-industriels\\\/fabricants-de-resistances\\\/#breadcrumb\",\"itemListElement\":[{\"@type\":\"ListItem\",\"position\":1,\"name\":\"Azaros\",\"item\":\"https:\\\/\\\/www.azaros.eu\\\/fr\\\/azaros-home\\\/\"},{\"@type\":\"ListItem\",\"position\":2,\"name\":\"Secteurs industriels\",\"item\":\"https:\\\/\\\/www.azaros.eu\\\/fr\\\/secteurs-industriels\\\/\"},{\"@type\":\"ListItem\",\"position\":3,\"name\":\"Fabricants de resistances\"}]},{\"@type\":\"WebSite\",\"@id\":\"https:\\\/\\\/www.azaros.eu\\\/fr\\\/#website\",\"url\":\"https:\\\/\\\/www.azaros.eu\\\/fr\\\/\",\"name\":\"Azaros\",\"description\":\"Fabricamos, distribuimos y comercializamos una gran gama de suministros.\",\"potentialAction\":[{\"@type\":\"SearchAction\",\"target\":{\"@type\":\"EntryPoint\",\"urlTemplate\":\"https:\\\/\\\/www.azaros.eu\\\/fr\\\/?s={search_term_string}\"},\"query-input\":{\"@type\":\"PropertyValueSpecification\",\"valueRequired\":true,\"valueName\":\"search_term_string\"}}],\"inLanguage\":\"fr-FR\"}]}<\/script>\n<!-- \/ Yoast SEO plugin. -->","yoast_head_json":{"title":"Fabricants de resistances - Azaros","robots":{"index":"index","follow":"follow","max-snippet":"max-snippet:-1","max-image-preview":"max-image-preview:large","max-video-preview":"max-video-preview:-1"},"canonical":"https:\/\/www.azaros.eu\/fr\/secteurs-industriels\/fabricants-de-resistances\/","og_locale":"fr_FR","og_type":"article","og_title":"Fabricants de resistances - Azaros","og_url":"https:\/\/www.azaros.eu\/fr\/secteurs-industriels\/fabricants-de-resistances\/","og_site_name":"Azaros","article_modified_time":"2025-05-16T07:35:50+00:00","twitter_card":"summary_large_image","twitter_misc":{"Dur\u00e9e de lecture estim\u00e9e":"2 minutes"},"schema":{"@context":"https:\/\/schema.org","@graph":[{"@type":"WebPage","@id":"https:\/\/www.azaros.eu\/fr\/secteurs-industriels\/fabricants-de-resistances\/","url":"https:\/\/www.azaros.eu\/fr\/secteurs-industriels\/fabricants-de-resistances\/","name":"Fabricants de resistances - Azaros","isPartOf":{"@id":"https:\/\/www.azaros.eu\/fr\/#website"},"datePublished":"2024-06-06T09:37:23+00:00","dateModified":"2025-05-16T07:35:50+00:00","breadcrumb":{"@id":"https:\/\/www.azaros.eu\/fr\/secteurs-industriels\/fabricants-de-resistances\/#breadcrumb"},"inLanguage":"fr-FR","potentialAction":[{"@type":"ReadAction","target":["https:\/\/www.azaros.eu\/fr\/secteurs-industriels\/fabricants-de-resistances\/"]}]},{"@type":"BreadcrumbList","@id":"https:\/\/www.azaros.eu\/fr\/secteurs-industriels\/fabricants-de-resistances\/#breadcrumb","itemListElement":[{"@type":"ListItem","position":1,"name":"Azaros","item":"https:\/\/www.azaros.eu\/fr\/azaros-home\/"},{"@type":"ListItem","position":2,"name":"Secteurs industriels","item":"https:\/\/www.azaros.eu\/fr\/secteurs-industriels\/"},{"@type":"ListItem","position":3,"name":"Fabricants de resistances"}]},{"@type":"WebSite","@id":"https:\/\/www.azaros.eu\/fr\/#website","url":"https:\/\/www.azaros.eu\/fr\/","name":"Azaros","description":"Fabricamos, distribuimos y comercializamos una gran gama de suministros.","potentialAction":[{"@type":"SearchAction","target":{"@type":"EntryPoint","urlTemplate":"https:\/\/www.azaros.eu\/fr\/?s={search_term_string}"},"query-input":{"@type":"PropertyValueSpecification","valueRequired":true,"valueName":"search_term_string"}}],"inLanguage":"fr-FR"}]}},"_links":{"self":[{"href":"https:\/\/www.azaros.eu\/fr\/wp-json\/wp\/v2\/pages\/10446","targetHints":{"allow":["GET"]}}],"collection":[{"href":"https:\/\/www.azaros.eu\/fr\/wp-json\/wp\/v2\/pages"}],"about":[{"href":"https:\/\/www.azaros.eu\/fr\/wp-json\/wp\/v2\/types\/page"}],"author":[{"embeddable":true,"href":"https:\/\/www.azaros.eu\/fr\/wp-json\/wp\/v2\/users\/1"}],"replies":[{"embeddable":true,"href":"https:\/\/www.azaros.eu\/fr\/wp-json\/wp\/v2\/comments?post=10446"}],"version-history":[{"count":0,"href":"https:\/\/www.azaros.eu\/fr\/wp-json\/wp\/v2\/pages\/10446\/revisions"}],"up":[{"embeddable":true,"href":"https:\/\/www.azaros.eu\/fr\/wp-json\/wp\/v2\/pages\/7967"}],"wp:attachment":[{"href":"https:\/\/www.azaros.eu\/fr\/wp-json\/wp\/v2\/media?parent=10446"}],"curies":[{"name":"wp","href":"https:\/\/api.w.org\/{rel}","templated":true}]}}