{"id":7958,"date":"2018-07-27T14:18:36","date_gmt":"2018-07-27T13:18:36","guid":{"rendered":"https:\/\/www.azaros.eu\/azaros\/"},"modified":"2025-07-28T11:40:05","modified_gmt":"2025-07-28T10:40:05","slug":"azaros","status":"publish","type":"page","link":"https:\/\/www.azaros.eu\/fr\/azaros\/","title":{"rendered":"Azaros"},"content":{"rendered":"\n\t<section class=\"section\" id=\"section_2000355385\">\n\t\t<div class=\"section-bg fill\" >\n\t\t\t\t\t\t\t\t\t\n\t\t\t\n\n\t\t<\/div>\n\n\t\t\n\n\t\t<div class=\"section-content relative\">\n\t\t\t\n<div class=\"row\"  id=\"row-963343610\">\n\n\t<div id=\"col-127561660\" class=\"col hide-for-small small-12 large-12\"  >\n\t\t\t\t<div class=\"col-inner\"  >\n\t\t\t\n\t\t\t\n\n  <div class=\"banner has-hover\" id=\"banner-1592819896\">\n          <div class=\"banner-inner fill\">\n        <div class=\"banner-bg fill\" >\n            <img loading=\"lazy\" decoding=\"async\" width=\"1020\" height=\"693\" src=\"https:\/\/www.azaros.eu\/wp-content\/uploads\/2018\/11\/raya-AZAROS-2-1024x696.png\" class=\"bg attachment-large size-large\" alt=\"\" \/>                                    \n                    <\/div>\n\t\t\n        <div class=\"banner-layers container\">\n            <div class=\"fill banner-link\"><\/div>            \n   <div id=\"text-box-225201282\" class=\"text-box banner-layer x50 md-x50 lg-x50 y50 md-y50 lg-y50 res-text\">\n                                <div class=\"text-box-content text \">\n              \n              <div class=\"text-inner text-center\">\n                  \n<p><span style=\"font-size: 3.5em;\"><strong>Azaros est une entreprise<br \/>distributrice de fournitures<br \/>industrielles<\/strong><\/span><\/p>\n              <\/div>\n           <\/div>\n                            \n<style>\n#text-box-225201282 {\n  width: 100%;\n}\n#text-box-225201282 .text-box-content {\n  font-size: 100%;\n}\n<\/style>\n    <\/div>\n \n        <\/div>\n      <\/div>\n\n              <div class=\"height-fix is-invisible\"><img loading=\"lazy\" decoding=\"async\" width=\"1020\" height=\"693\" src=\"https:\/\/www.azaros.eu\/wp-content\/uploads\/2018\/11\/raya-AZAROS-2-1024x696.png\" class=\"attachment-large size-large\" alt=\"\" srcset=\"https:\/\/www.azaros.eu\/wp-content\/uploads\/2018\/11\/raya-AZAROS-2-1024x696.png 1024w, https:\/\/www.azaros.eu\/wp-content\/uploads\/2018\/11\/raya-AZAROS-2-200x136.png 200w, https:\/\/www.azaros.eu\/wp-content\/uploads\/2018\/11\/raya-AZAROS-2-300x204.png 300w, https:\/\/www.azaros.eu\/wp-content\/uploads\/2018\/11\/raya-AZAROS-2-768x522.png 768w, https:\/\/www.azaros.eu\/wp-content\/uploads\/2018\/11\/raya-AZAROS-2.png 1200w\" sizes=\"auto, (max-width: 1020px) 100vw, 1020px\" \/><\/div>\n            \n<style>\n#banner-1592819896 {\n  background-color: rgb(255,255,255);\n}\n<\/style>\n  <\/div>\n\n\n\t\t<\/div>\n\t\t\t\t\t<\/div>\n\n\t\n\n\t<div id=\"col-892647631\" class=\"col show-for-small small-12 large-12\"  >\n\t\t\t\t<div class=\"col-inner text-center\"  >\n\t\t\t\n\t\t\t\n\t<div id=\"text-1502412273\" class=\"text\">\n\t\t\n<h1>Azaros est une entreprise distributrice de fournitures industrielles<\/h1>\n\t\t\n<style>\n#text-1502412273 {\n  font-size: 0.75rem;\n}\n<\/style>\n\t<\/div>\n\t\n\t\t<\/div>\n\t\t\t\t\n<style>\n#col-892647631 > .col-inner {\n  padding: 10px 0px 0px 0px;\n}\n<\/style>\n\t<\/div>\n\n\t\n<\/div>\n\t\t<\/div>\n\n\t\t\n<style>\n#section_2000355385 {\n  padding-top: 60px;\n  padding-bottom: 60px;\n}\n@media (min-width:550px) {\n  #section_2000355385 {\n    padding-top: 0px;\n    padding-bottom: 0px;\n  }\n}\n<\/style>\n\t<\/section>\n\t\n\n\t<section class=\"section\" id=\"section_1587997589\">\n\t\t<div class=\"section-bg fill\" >\n\t\t\t\t\t\t\t\t\t\n\t\t\t\n\t<div class=\"is-border\"\n\t\tstyle=\"border-color:rgb(235, 235, 235);border-width:0px 0px 0px 0px;\">\n\t<\/div>\n\n\t\t<\/div>\n\n\t\t\n\n\t\t<div class=\"section-content relative\">\n\t\t\t\n<div class=\"row row-collapse row-full-width align-middle\"  id=\"row-573967949\">\n\n\t<div id=\"col-1816018687\" class=\"col medium-6 small-12 large-6\"  >\n\t\t\t\t<div class=\"col-inner\"  >\n\t\t\t\n\t\t\t\n<div style=\"padding: 0px 30px 0px 30px;\">\n<h2>Que faisons-nous ? <span class=\"azaros-slash\">\/<\/span><\/h2>\n<p>Chez Azaros, nous offrons un service complet dans lequel nous apportons une grande valeur ajout\u00e9e \u00e0 la cha\u00eene d&rsquo;approvisionnement de nos clients.<\/p>\n<p>Nous sommes sp\u00e9cialis\u00e9s dans la recherche de sources d&rsquo;approvisionnement, dans la satisfaction des besoins les plus complexes de nos clients \u00e0 travers nos solutions personnalis\u00e9es, et dans la gestion d&rsquo;une grande capacit\u00e9 de stockage (&gt;4 000 m\u00b2).<\/p>\n<\/div>\n\t\t<\/div>\n\t\t\t\t\n<style>\n#col-1816018687 > .col-inner {\n  padding: 5vh 20px 0px 20px;\n}\n@media (min-width:550px) {\n  #col-1816018687 > .col-inner {\n    padding: 0px 20px 0px 20px;\n  }\n}\n@media (min-width:850px) {\n  #col-1816018687 > .col-inner {\n    padding: 0px 60px 0px 120px;\n  }\n}\n<\/style>\n\t<\/div>\n\n\t\n\n\t<div id=\"col-248802546\" class=\"col medium-6 small-12 large-6\"  >\n\t\t\t\t<div class=\"col-inner\"  >\n\t\t\t\n\t\t\t\n\t<div class=\"img has-hover x md-x lg-x y md-y lg-y\" id=\"image_1863902106\">\n\t\t\t\t\t\t<div data-animate=\"fadeInUp\">\t\t<div class=\"img-inner image-cover dark\" style=\"padding-top:80vh;\">\n\t\t\t<img loading=\"lazy\" decoding=\"async\" width=\"1150\" height=\"800\" src=\"https:\/\/www.azaros.eu\/wp-content\/uploads\/2025\/05\/Azaros-Oficina2-2025.jpg\" class=\"attachment-original size-original\" alt=\"\" srcset=\"https:\/\/www.azaros.eu\/wp-content\/uploads\/2025\/05\/Azaros-Oficina2-2025.jpg 1150w, https:\/\/www.azaros.eu\/wp-content\/uploads\/2025\/05\/Azaros-Oficina2-2025-200x139.jpg 200w, https:\/\/www.azaros.eu\/wp-content\/uploads\/2025\/05\/Azaros-Oficina2-2025-1024x712.jpg 1024w, https:\/\/www.azaros.eu\/wp-content\/uploads\/2025\/05\/Azaros-Oficina2-2025-300x209.jpg 300w, https:\/\/www.azaros.eu\/wp-content\/uploads\/2025\/05\/Azaros-Oficina2-2025-768x534.jpg 768w\" sizes=\"auto, (max-width: 1150px) 100vw, 1150px\" \/>\t\t\t\t\t\t\n\t\t\t\t\t<\/div>\n\t\t<\/div>\t\t\t\t\t\t\n<style>\n#image_1863902106 {\n  width: 100%;\n}\n<\/style>\n\t<\/div>\n\t\n\t\t<\/div>\n\t\t\t\t\t<\/div>\n\n\t\n<\/div>\n\t\t<\/div>\n\n\t\t\n<style>\n#section_1587997589 {\n  padding-top: 0px;\n  padding-bottom: 0px;\n  min-height: 80vh;\n  background-color: #e7e9ea;\n}\n@media (min-width:550px) {\n  #section_1587997589 {\n    padding-top: 0px;\n    padding-bottom: 0px;\n  }\n}\n<\/style>\n\t<\/section>\n\t\n\n\t<section class=\"section\" id=\"section_542518274\">\n\t\t<div class=\"section-bg fill\" >\n\t\t\t\t\t\t\t\t\t\n\t\t\t\n\n\t\t<\/div>\n\n\t\t\n\n\t\t<div class=\"section-content relative\">\n\t\t\t\n<div class=\"row row-collapse align-bottom\"  id=\"row-1677586225\">\n\n\t<div id=\"col-1809154394\" class=\"col medium-6 small-12 large-6\"  >\n\t\t\t\t<div class=\"col-inner\"  >\n\t\t\t\n\t\t\t\n<h2>O\u00f9 sommes-nous ? <span class=\"azaros-slash\">\/<\/span><\/h2>\n<p>Notre si\u00e8ge principal est situ\u00e9 au nord de l&rsquo;Espagne (Pays Basque), pr\u00e8s du port industriel de Bilbao, ouvert sur le monde.<\/p>\n\t\t<\/div>\n\t\t\t\t\n<style>\n#col-1809154394 > .col-inner {\n  padding: 0px 10vh 0px 10vh;\n}\n@media (min-width:550px) {\n  #col-1809154394 > .col-inner {\n    padding: 0px 30px 0px 30px;\n  }\n}\n<\/style>\n\t<\/div>\n\n\t\n\n\t<div id=\"col-1189736106\" class=\"col medium-6 small-12 large-6\"  >\n\t\t\t\t<div class=\"col-inner\"  >\n\t\t\t\n\t\t\t\n<p>Nous sommes actuellement pr\u00e9sents dans 23 pays et 3 continents, toujours pr\u00eats \u00e0 aller o\u00f9 nous sommes n\u00e9cessaires.<\/p>\n\t\t<\/div>\n\t\t\t\t\n<style>\n#col-1189736106 > .col-inner {\n  padding: 0px 10vh 0px 10vh;\n}\n@media (min-width:550px) {\n  #col-1189736106 > .col-inner {\n    padding: 0px 30px 0px 30px;\n  }\n}\n<\/style>\n\t<\/div>\n\n\t\n\n<style>\n#row-1677586225 > .col > .col-inner {\n  padding: 0px 5vh 0px 5vh;\n}\n@media (min-width:550px) {\n  #row-1677586225 > .col > .col-inner {\n    padding: 5vh 5vh 5vh 5vh;\n  }\n}\n@media (min-width:850px) {\n  #row-1677586225 > .col > .col-inner {\n    padding: 5vh 0px 5vh 0px;\n  }\n}\n<\/style>\n<\/div>\n<div class=\"row\"  id=\"row-1692006406\">\n\n\t<div id=\"col-385874100\" class=\"col small-12 large-12\"  >\n\t\t\t\t<div class=\"col-inner\"  >\n\t\t\t\n\t\t\t\n\t<div class=\"img has-hover x md-x lg-x y md-y lg-y\" id=\"image_1085277224\">\n\t\t\t\t\t\t<div data-animate=\"fadeInUp\">\t\t<div class=\"img-inner dark\" >\n\t\t\t<img loading=\"lazy\" decoding=\"async\" width=\"1649\" height=\"1054\" src=\"https:\/\/www.azaros.eu\/wp-content\/uploads\/2025\/07\/Mapa-AZAROS.png\" class=\"attachment-original size-original\" alt=\"\" srcset=\"https:\/\/www.azaros.eu\/wp-content\/uploads\/2025\/07\/Mapa-AZAROS.png 1649w, https:\/\/www.azaros.eu\/wp-content\/uploads\/2025\/07\/Mapa-AZAROS-200x128.png 200w, https:\/\/www.azaros.eu\/wp-content\/uploads\/2025\/07\/Mapa-AZAROS-1024x655.png 1024w, https:\/\/www.azaros.eu\/wp-content\/uploads\/2025\/07\/Mapa-AZAROS-300x192.png 300w, https:\/\/www.azaros.eu\/wp-content\/uploads\/2025\/07\/Mapa-AZAROS-768x491.png 768w, https:\/\/www.azaros.eu\/wp-content\/uploads\/2025\/07\/Mapa-AZAROS-1536x982.png 1536w\" sizes=\"auto, (max-width: 1649px) 100vw, 1649px\" \/>\t\t\t\t\t\t\n\t\t\t\t\t<\/div>\n\t\t<\/div>\t\t\t\t\t\t\n<style>\n#image_1085277224 {\n  width: 100%;\n}\n<\/style>\n\t<\/div>\n\t\n\t\t<\/div>\n\t\t\t\t\t<\/div>\n\n\t\n<\/div>\n\t\t<\/div>\n\n\t\t\n<style>\n#section_542518274 {\n  padding-top: 60px;\n  padding-bottom: 60px;\n  background-color: rgb(255,255,255);\n}\n<\/style>\n\t<\/section>\n\t\n\n\t<section class=\"section\" id=\"section_1547976942\">\n\t\t<div class=\"section-bg fill\" >\n\t\t\t\t\t\t\t\t\t\n\t\t\t\n\t<div class=\"is-border\"\n\t\tstyle=\"border-width:0px 0px 0px 0px;margin:0px 0px 0px 0px;\">\n\t<\/div>\n\n\t\t<\/div>\n\n\t\t\n\n\t\t<div class=\"section-content relative\">\n\t\t\t\n<div class=\"row row-collapse row-full-width align-middle\"  id=\"row-1259178114\">\n\n\t<div id=\"col-1915181484\" class=\"col medium-6 small-12 large-6\"  >\n\t\t\t\t<div class=\"col-inner\"  >\n\t\t\t\n\t\t\t\n\t<div class=\"img has-hover x md-x lg-x y md-y lg-y\" id=\"image_524542084\">\n\t\t\t\t\t\t<div data-animate=\"fadeInUp\">\t\t<div class=\"img-inner image-cover dark\" style=\"padding-top:80vh;margin:0px 0px 0px 0px;\">\n\t\t\t<img loading=\"lazy\" decoding=\"async\" width=\"1150\" height=\"800\" src=\"https:\/\/www.azaros.eu\/wp-content\/uploads\/2025\/05\/Azaros_Historia-25.jpg\" class=\"attachment-original size-original\" alt=\"\" srcset=\"https:\/\/www.azaros.eu\/wp-content\/uploads\/2025\/05\/Azaros_Historia-25.jpg 1150w, https:\/\/www.azaros.eu\/wp-content\/uploads\/2025\/05\/Azaros_Historia-25-200x139.jpg 200w, https:\/\/www.azaros.eu\/wp-content\/uploads\/2025\/05\/Azaros_Historia-25-1024x712.jpg 1024w, https:\/\/www.azaros.eu\/wp-content\/uploads\/2025\/05\/Azaros_Historia-25-300x209.jpg 300w, https:\/\/www.azaros.eu\/wp-content\/uploads\/2025\/05\/Azaros_Historia-25-768x534.jpg 768w\" sizes=\"auto, (max-width: 1150px) 100vw, 1150px\" \/>\t\t\t\t\t\t\n\t\t\t\t\t<\/div>\n\t\t<\/div>\t\t\t\t\t\t\n<style>\n#image_524542084 {\n  width: 100%;\n}\n<\/style>\n\t<\/div>\n\t\n\t\t<\/div>\n\t\t\t\t\t<\/div>\n\n\t\n\n\t<div id=\"col-1007246225\" class=\"col medium-6 small-12 large-6 small-col-first\"  >\n\t\t\t\t<div class=\"col-inner\"  >\n\t\t\t\n\t\t\t\n<h2>Notre histoire <span class=\"azaros-slash\">\/<\/span><\/h2>\n<p>Azaros a \u00e9t\u00e9 cr\u00e9e en 2001 en r\u00e9ponse aux opportunit\u00e9s de march\u00e9 offertes par le secteur industriel en mati\u00e8re de demande de composants, consommables et mati\u00e8res premi\u00e8res.<\/p>\n<p>Avec une grande connaissance du secteur industriel de la part de notre \u00e9quipe, nous avons d\u00e9velopp\u00e9 une large gamme de mat\u00e9riaux pour r\u00e9pondre aux besoins d&rsquo;approvisionnement.<\/p>\n<p>Azaros a continu\u00e9 \u00e0 progresser et \u00e0 d\u00e9velopper de nouveaux mat\u00e9riaux pour des applications dans des secteurs alternatifs, ce qui lui a permis de diversifier ses activit\u00e9s. Nous avan\u00e7ons vers l&rsquo;avenir avec responsabilit\u00e9 et engagement. <\/p>\n\t\t<\/div>\n\t\t\t\t\n<style>\n#col-1007246225 > .col-inner {\n  padding: 5vh 20px 5vh 20px;\n}\n@media (min-width:550px) {\n  #col-1007246225 > .col-inner {\n    padding: 0px 20px 0px 20px;\n  }\n}\n@media (min-width:850px) {\n  #col-1007246225 > .col-inner {\n    padding: 0px 120px 0px 60px;\n  }\n}\n<\/style>\n\t<\/div>\n\n\t\n<\/div>\n\t\t<\/div>\n\n\t\t\n<style>\n#section_1547976942 {\n  padding-top: 0px;\n  padding-bottom: 0px;\n  min-height: 80vh;\n  background-color: rgb(231, 233, 234);\n}\n@media (min-width:550px) {\n  #section_1547976942 {\n    padding-top: 0px;\n    padding-bottom: 0px;\n  }\n}\n<\/style>\n\t<\/section>\n\t\n\n\t<section class=\"section\" id=\"section_1261017218\">\n\t\t<div class=\"section-bg fill\" >\n\t\t\t\t\t\t\t\t\t\n\t\t\t\n\n\t\t<\/div>\n\n\t\t\n\n\t\t<div class=\"section-content relative\">\n\t\t\t\n<div class=\"row align-center\"  id=\"row-987362791\">\n\n\t<div id=\"col-1100303870\" class=\"col medium-8 small-12 large-8\"  >\n\t\t\t\t<div class=\"col-inner text-center\"  >\n\t\t\t\n\t\t\t\n\t<div id=\"text-671549981\" class=\"text\">\n\t\t\n<h2>Notre Engagement <span class=\"azaros-slash\">\/<\/span><\/h2>\n\t\t\n<style>\n#text-671549981 {\n  font-size: 0.95rem;\n}\n<\/style>\n\t<\/div>\n\t\n\t<div id=\"gap-1017265047\" class=\"gap-element clearfix\" style=\"display:block; height:auto;\">\n\t\t\n<style>\n#gap-1017265047 {\n  padding-top: 60px;\n}\n<\/style>\n\t<\/div>\n\t\n\t<div id=\"text-1128267924\" class=\"text\">\n\t\t\n<p>Tous les membres de l&rsquo;\u00e9quipe Azaros sont enti\u00e8rement engag\u00e9s \u00e0 respecter des normes \u00e9lev\u00e9es d&rsquo;orientation client. Gr\u00e2ce \u00e0 cela, nous sommes sp\u00e9cialis\u00e9s dans la satisfaction des demandes individuelles en coop\u00e9ration avec nos clients. <\/p>\n<p>Des valeurs telles que le respect et la confiance sont profond\u00e9ment ancr\u00e9es dans la philosophie d&rsquo;Azaros et font la diff\u00e9rence dans nos relations avec nos clients.<br \/>\n\t\t\n<style>\n#text-1128267924 {\n  text-align: center;\n}\n<\/style>\n\t<\/div>\n\t\n\t\t<\/div>\n\t\t\t\t\t<\/div>\n\n\t\n\n<style>\n#row-987362791 > .col > .col-inner {\n  padding: 10vh 0px 10vh 0px;\n}\n@media (min-width:550px) {\n  #row-987362791 > .col > .col-inner {\n    padding: 40px 0px 80px 0px;\n  }\n}\n<\/style>\n<\/div>\n\t\t<\/div>\n\n\t\t\n<style>\n#section_1261017218 {\n  padding-top: 0px;\n  padding-bottom: 0px;\n}\n@media (min-width:550px) {\n  #section_1261017218 {\n    padding-top: 120px;\n    padding-bottom: 120px;\n  }\n}\n<\/style>\n\t<\/section>\n\t\n","protected":false},"excerpt":{"rendered":"","protected":false},"author":1,"featured_media":0,"parent":0,"menu_order":0,"comment_status":"closed","ping_status":"closed","template":"page-blank.php","meta":{"footnotes":""},"class_list":["post-7958","page","type-page","status-publish","hentry"],"yoast_head":"<!-- This site is optimized with the Yoast SEO plugin v27.5 - https:\/\/yoast.com\/product\/yoast-seo-wordpress\/ -->\n<title>Un service de qualit\u00e9 avec des solutions personnalis\u00e9es | Azaros<\/title>\n<meta name=\"description\" content=\"Azaros est une r\u00e9f\u00e9rence nationale et internationale dans l&#039;approvisionnement et la commercialisation des principales mati\u00e8res premi\u00e8res demand\u00e9es par tous les secteurs. Contactez-nous !\" \/>\n<meta name=\"robots\" content=\"index, follow, max-snippet:-1, max-image-preview:large, max-video-preview:-1\" \/>\n<link rel=\"canonical\" href=\"https:\/\/www.azaros.eu\/fr\/azaros\/\" \/>\n<meta property=\"og:locale\" content=\"fr_FR\" \/>\n<meta property=\"og:type\" content=\"article\" \/>\n<meta property=\"og:title\" content=\"Un service de qualit\u00e9 avec des solutions personnalis\u00e9es | Azaros\" \/>\n<meta property=\"og:description\" content=\"Azaros est une r\u00e9f\u00e9rence nationale et internationale dans l&#039;approvisionnement et la commercialisation des principales mati\u00e8res premi\u00e8res demand\u00e9es par tous les secteurs. Contactez-nous !\" \/>\n<meta property=\"og:url\" content=\"https:\/\/www.azaros.eu\/fr\/azaros\/\" \/>\n<meta property=\"og:site_name\" content=\"Azaros\" \/>\n<meta property=\"article:modified_time\" content=\"2025-07-28T10:40:05+00:00\" \/>\n<meta name=\"twitter:card\" content=\"summary_large_image\" \/>\n<meta name=\"twitter:label1\" content=\"Dur\u00e9e de lecture estim\u00e9e\" \/>\n\t<meta name=\"twitter:data1\" content=\"3 minutes\" \/>\n<script type=\"application\/ld+json\" class=\"yoast-schema-graph\">{\"@context\":\"https:\\\/\\\/schema.org\",\"@graph\":[{\"@type\":\"WebPage\",\"@id\":\"https:\\\/\\\/www.azaros.eu\\\/fr\\\/azaros\\\/\",\"url\":\"https:\\\/\\\/www.azaros.eu\\\/fr\\\/azaros\\\/\",\"name\":\"Un service de qualit\u00e9 avec des solutions personnalis\u00e9es | Azaros\",\"isPartOf\":{\"@id\":\"https:\\\/\\\/www.azaros.eu\\\/fr\\\/#website\"},\"datePublished\":\"2018-07-27T13:18:36+00:00\",\"dateModified\":\"2025-07-28T10:40:05+00:00\",\"description\":\"Azaros est une r\u00e9f\u00e9rence nationale et internationale dans l'approvisionnement et la commercialisation des principales mati\u00e8res premi\u00e8res demand\u00e9es par tous les secteurs. Contactez-nous !\",\"breadcrumb\":{\"@id\":\"https:\\\/\\\/www.azaros.eu\\\/fr\\\/azaros\\\/#breadcrumb\"},\"inLanguage\":\"fr-FR\",\"potentialAction\":[{\"@type\":\"ReadAction\",\"target\":[\"https:\\\/\\\/www.azaros.eu\\\/fr\\\/azaros\\\/\"]}]},{\"@type\":\"BreadcrumbList\",\"@id\":\"https:\\\/\\\/www.azaros.eu\\\/fr\\\/azaros\\\/#breadcrumb\",\"itemListElement\":[{\"@type\":\"ListItem\",\"position\":1,\"name\":\"Azaros\",\"item\":\"https:\\\/\\\/www.azaros.eu\\\/fr\\\/azaros-home\\\/\"},{\"@type\":\"ListItem\",\"position\":2,\"name\":\"Azaros\"}]},{\"@type\":\"WebSite\",\"@id\":\"https:\\\/\\\/www.azaros.eu\\\/fr\\\/#website\",\"url\":\"https:\\\/\\\/www.azaros.eu\\\/fr\\\/\",\"name\":\"Azaros\",\"description\":\"Fabricamos, distribuimos y comercializamos una gran gama de suministros.\",\"potentialAction\":[{\"@type\":\"SearchAction\",\"target\":{\"@type\":\"EntryPoint\",\"urlTemplate\":\"https:\\\/\\\/www.azaros.eu\\\/fr\\\/?s={search_term_string}\"},\"query-input\":{\"@type\":\"PropertyValueSpecification\",\"valueRequired\":true,\"valueName\":\"search_term_string\"}}],\"inLanguage\":\"fr-FR\"}]}<\/script>\n<!-- \/ Yoast SEO plugin. -->","yoast_head_json":{"title":"Un service de qualit\u00e9 avec des solutions personnalis\u00e9es | Azaros","description":"Azaros est une r\u00e9f\u00e9rence nationale et internationale dans l'approvisionnement et la commercialisation des principales mati\u00e8res premi\u00e8res demand\u00e9es par tous les secteurs. Contactez-nous !","robots":{"index":"index","follow":"follow","max-snippet":"max-snippet:-1","max-image-preview":"max-image-preview:large","max-video-preview":"max-video-preview:-1"},"canonical":"https:\/\/www.azaros.eu\/fr\/azaros\/","og_locale":"fr_FR","og_type":"article","og_title":"Un service de qualit\u00e9 avec des solutions personnalis\u00e9es | Azaros","og_description":"Azaros est une r\u00e9f\u00e9rence nationale et internationale dans l'approvisionnement et la commercialisation des principales mati\u00e8res premi\u00e8res demand\u00e9es par tous les secteurs. Contactez-nous !","og_url":"https:\/\/www.azaros.eu\/fr\/azaros\/","og_site_name":"Azaros","article_modified_time":"2025-07-28T10:40:05+00:00","twitter_card":"summary_large_image","twitter_misc":{"Dur\u00e9e de lecture estim\u00e9e":"3 minutes"},"schema":{"@context":"https:\/\/schema.org","@graph":[{"@type":"WebPage","@id":"https:\/\/www.azaros.eu\/fr\/azaros\/","url":"https:\/\/www.azaros.eu\/fr\/azaros\/","name":"Un service de qualit\u00e9 avec des solutions personnalis\u00e9es | Azaros","isPartOf":{"@id":"https:\/\/www.azaros.eu\/fr\/#website"},"datePublished":"2018-07-27T13:18:36+00:00","dateModified":"2025-07-28T10:40:05+00:00","description":"Azaros est une r\u00e9f\u00e9rence nationale et internationale dans l'approvisionnement et la commercialisation des principales mati\u00e8res premi\u00e8res demand\u00e9es par tous les secteurs. Contactez-nous !","breadcrumb":{"@id":"https:\/\/www.azaros.eu\/fr\/azaros\/#breadcrumb"},"inLanguage":"fr-FR","potentialAction":[{"@type":"ReadAction","target":["https:\/\/www.azaros.eu\/fr\/azaros\/"]}]},{"@type":"BreadcrumbList","@id":"https:\/\/www.azaros.eu\/fr\/azaros\/#breadcrumb","itemListElement":[{"@type":"ListItem","position":1,"name":"Azaros","item":"https:\/\/www.azaros.eu\/fr\/azaros-home\/"},{"@type":"ListItem","position":2,"name":"Azaros"}]},{"@type":"WebSite","@id":"https:\/\/www.azaros.eu\/fr\/#website","url":"https:\/\/www.azaros.eu\/fr\/","name":"Azaros","description":"Fabricamos, distribuimos y comercializamos una gran gama de suministros.","potentialAction":[{"@type":"SearchAction","target":{"@type":"EntryPoint","urlTemplate":"https:\/\/www.azaros.eu\/fr\/?s={search_term_string}"},"query-input":{"@type":"PropertyValueSpecification","valueRequired":true,"valueName":"search_term_string"}}],"inLanguage":"fr-FR"}]}},"_links":{"self":[{"href":"https:\/\/www.azaros.eu\/fr\/wp-json\/wp\/v2\/pages\/7958","targetHints":{"allow":["GET"]}}],"collection":[{"href":"https:\/\/www.azaros.eu\/fr\/wp-json\/wp\/v2\/pages"}],"about":[{"href":"https:\/\/www.azaros.eu\/fr\/wp-json\/wp\/v2\/types\/page"}],"author":[{"embeddable":true,"href":"https:\/\/www.azaros.eu\/fr\/wp-json\/wp\/v2\/users\/1"}],"replies":[{"embeddable":true,"href":"https:\/\/www.azaros.eu\/fr\/wp-json\/wp\/v2\/comments?post=7958"}],"version-history":[{"count":0,"href":"https:\/\/www.azaros.eu\/fr\/wp-json\/wp\/v2\/pages\/7958\/revisions"}],"wp:attachment":[{"href":"https:\/\/www.azaros.eu\/fr\/wp-json\/wp\/v2\/media?parent=7958"}],"curies":[{"name":"wp","href":"https:\/\/api.w.org\/{rel}","templated":true}]}}