{"id":8292,"date":"2018-12-22T08:41:37","date_gmt":"2018-12-22T07:41:37","guid":{"rendered":"https:\/\/www.azaros.eu\/politique-qualite\/"},"modified":"2024-12-29T11:27:59","modified_gmt":"2024-12-29T10:27:59","slug":"politique-qualite","status":"publish","type":"page","link":"https:\/\/www.azaros.eu\/fr\/politique-qualite\/","title":{"rendered":"Politique qualit\u00e9"},"content":{"rendered":"<div class=\"row\"  id=\"row-456203364\">\n\n\t<div id=\"col-1338845315\" class=\"col small-12 large-12\"  >\n\t\t\t\t<div class=\"col-inner\"  >\n\t\t\t\n\t\t\t\n<p><strong>Azaros 21 SA<\/strong>, es una PYME situada en la localidad de Atxondo (Bizkaia), que comienza su actividad en el a\u00f1o 2000. Su principal actividad es la comercializaci\u00f3n de aislantes t\u00e9rmicos, el\u00e9ctricos y consumibles para la industria refractaria y fundici\u00f3n. Para ello, dispone de un comprometido equipo humano con un gran conocimiento del sector industrial y unas instalaciones apropiadas para poder desarrollar su actividad. La Gesti\u00f3n de la Calidad es responsabilidad de la Direcci\u00f3n y de todo el personal de <strong>Azaros 21 SA<\/strong> que tenemos la obligaci\u00f3n de aplicarla de un modo integrado con el resto de las funciones profesionales encomendadas de acuerdo con los siguientes <strong>principios<\/strong>:<\/p>\n<ol>\n<li>Satisfacer los requerimientos y expectativas de nuestros clientes para los que trabajamos proporcionando un nivel de Calidad excelente como garant\u00eda de futuro para la empresa. La fidelizaci\u00f3n del cliente asegura nuestra supervivencia como empresa y, de la misma manera, el enfoque hacia el cliente nos permite una adaptaci\u00f3n r\u00e1pida a las oportunidades del mercado. <\/li>\n<li>La prevenci\u00f3n de lesiones profesionales o riesgos en el \u00e1mbito laboral es un objetivo primordial que afecta a todos los niveles de la organizaci\u00f3n de <strong>Azaros21 SA<\/strong>. La promoci\u00f3n de condiciones de trabajo seguras y saludables para nuestros trabajadores es esencial. Por ello, <strong>Azaros21 SA<\/strong> se compromete a cumplir con las normas de seguridad y a insistir en que sean cumplidas en todo momento.  <\/li>\n<li>Concienciar, formar, involucrar y hacer part\u00edcipes a todos los empleados de <strong>Azaros21<\/strong> en el Sistema de Gesti\u00f3n de Calidad, convirtiendo el Sistema implantado en una herramienta eficaz y eficiente para lograr los objetivos estrat\u00e9gicos y una mejora continua en <strong>Azaros21<\/strong>.<\/li>\n<\/ol>\n<p>Nuestro <strong>compromiso <\/strong>es:<\/p>\n<ul>\n<li>Proporcionar productos de calidad con un servicio eficiente y excelente, a un precio competitivo. Determinar, cumplir y mejorar los requisitos de nuestros clientes para aumentar su grado de satisfacci\u00f3n. <\/li>\n<li>Asegurar que todos los trabajadores reciben la formaci\u00f3n e informaci\u00f3n adecuada y que son competentes en las tareas que realizan.<\/li>\n<li>Fomentar y contribuir activamente en el desarrollo de la protecci\u00f3n de los trabajadores partiendo del cumplimiento de la legislaci\u00f3n y reglamentaci\u00f3n aplicable y otros requisitos que <strong>Azaros 21 SA<\/strong> asuma como suyos.<\/li>\n<li>Promover activamente la participaci\u00f3n de todos los trabajadores en cuantos foros est\u00e9n encaminados a la supervivencia y mejora de la empresa.<\/li>\n<li>Identificar, evaluar y mantener actualizados los riesgos de Seguridad y Salud Laboral dentro de nuestras actividades, as\u00ed como aquellos que surjan de cambios y modificaciones en las mismas, procurando eliminar los riesgos o al menos controlarlos. Todo ello como un elemento fundamental de la protecci\u00f3n de las personas. <\/li>\n<li>Adoptar las medidas necesarias y econ\u00f3micamente viables para prevenir y minimizar los riesgos laborales.<\/li>\n<li>Controlar peri\u00f3dicamente el cumplimiento y la eficacia de las medidas adoptadas y establecer procedimientos de correcci\u00f3n para el caso de que se detecten no conformidades.<\/li>\n<li>Mantener un nivel de comunicaci\u00f3n con los clientes y otras partes interesadas que beneficie a la organizaci\u00f3n.<\/li>\n<li>Mejora continua: Mejorar nuestra organizaci\u00f3n de manera permanente al objeto de incrementar su eficacia y competitividad. La direcci\u00f3n impulsar\u00e1 las mejoras necesarias para la obtenci\u00f3n de los objetivos. <\/li>\n<\/ul>\n<p>La Pol\u00edtica de Calidad se actualiz\u00f3, aprob\u00f3 y firm\u00f3 con fecha Septiembre 2018 y est\u00e1 disponible tanto para cualquier trabajador de la organizaci\u00f3n como para cualquiera de las partes interesadas de la organizaci\u00f3n.<\/p>\n\t\t<\/div>\n\t\t\t\t\t<\/div>\n\n\t\n<\/div>\n","protected":false},"excerpt":{"rendered":"","protected":false},"author":1,"featured_media":0,"parent":0,"menu_order":0,"comment_status":"closed","ping_status":"closed","template":"","meta":{"footnotes":""},"class_list":["post-8292","page","type-page","status-publish","hentry"],"yoast_head":"<!-- This site is optimized with the Yoast SEO plugin v27.4 - https:\/\/yoast.com\/product\/yoast-seo-wordpress\/ -->\n<title>Politique qualit\u00e9 | Azaros<\/title>\n<meta name=\"description\" content=\"Politique qualit\u00e9 | Azaros\" \/>\n<meta name=\"robots\" content=\"index, follow, max-snippet:-1, max-image-preview:large, max-video-preview:-1\" \/>\n<link rel=\"canonical\" href=\"https:\/\/www.azaros.eu\/fr\/politique-qualite\/\" \/>\n<meta property=\"og:locale\" content=\"fr_FR\" \/>\n<meta property=\"og:type\" content=\"article\" \/>\n<meta property=\"og:title\" content=\"Politique qualit\u00e9 | Azaros\" \/>\n<meta property=\"og:description\" content=\"Politique qualit\u00e9 | Azaros\" \/>\n<meta property=\"og:url\" content=\"https:\/\/www.azaros.eu\/fr\/politique-qualite\/\" \/>\n<meta property=\"og:site_name\" content=\"Azaros\" \/>\n<meta property=\"article:modified_time\" content=\"2024-12-29T10:27:59+00:00\" \/>\n<meta name=\"twitter:card\" content=\"summary_large_image\" \/>\n<meta name=\"twitter:label1\" content=\"Dur\u00e9e de lecture estim\u00e9e\" \/>\n\t<meta name=\"twitter:data1\" content=\"3 minutes\" \/>\n<script type=\"application\/ld+json\" class=\"yoast-schema-graph\">{\"@context\":\"https:\\\/\\\/schema.org\",\"@graph\":[{\"@type\":\"WebPage\",\"@id\":\"https:\\\/\\\/www.azaros.eu\\\/fr\\\/politique-qualite\\\/\",\"url\":\"https:\\\/\\\/www.azaros.eu\\\/fr\\\/politique-qualite\\\/\",\"name\":\"Politique qualit\u00e9 | Azaros\",\"isPartOf\":{\"@id\":\"https:\\\/\\\/www.azaros.eu\\\/fr\\\/#website\"},\"datePublished\":\"2018-12-22T07:41:37+00:00\",\"dateModified\":\"2024-12-29T10:27:59+00:00\",\"description\":\"Politique qualit\u00e9 | Azaros\",\"breadcrumb\":{\"@id\":\"https:\\\/\\\/www.azaros.eu\\\/fr\\\/politique-qualite\\\/#breadcrumb\"},\"inLanguage\":\"fr-FR\",\"potentialAction\":[{\"@type\":\"ReadAction\",\"target\":[\"https:\\\/\\\/www.azaros.eu\\\/fr\\\/politique-qualite\\\/\"]}]},{\"@type\":\"BreadcrumbList\",\"@id\":\"https:\\\/\\\/www.azaros.eu\\\/fr\\\/politique-qualite\\\/#breadcrumb\",\"itemListElement\":[{\"@type\":\"ListItem\",\"position\":1,\"name\":\"Azaros\",\"item\":\"https:\\\/\\\/www.azaros.eu\\\/fr\\\/azaros-home\\\/\"},{\"@type\":\"ListItem\",\"position\":2,\"name\":\"Politique qualit\u00e9\"}]},{\"@type\":\"WebSite\",\"@id\":\"https:\\\/\\\/www.azaros.eu\\\/fr\\\/#website\",\"url\":\"https:\\\/\\\/www.azaros.eu\\\/fr\\\/\",\"name\":\"Azaros\",\"description\":\"Fabricamos, distribuimos y comercializamos una gran gama de suministros.\",\"potentialAction\":[{\"@type\":\"SearchAction\",\"target\":{\"@type\":\"EntryPoint\",\"urlTemplate\":\"https:\\\/\\\/www.azaros.eu\\\/fr\\\/?s={search_term_string}\"},\"query-input\":{\"@type\":\"PropertyValueSpecification\",\"valueRequired\":true,\"valueName\":\"search_term_string\"}}],\"inLanguage\":\"fr-FR\"}]}<\/script>\n<!-- \/ Yoast SEO plugin. -->","yoast_head_json":{"title":"Politique qualit\u00e9 | Azaros","description":"Politique qualit\u00e9 | Azaros","robots":{"index":"index","follow":"follow","max-snippet":"max-snippet:-1","max-image-preview":"max-image-preview:large","max-video-preview":"max-video-preview:-1"},"canonical":"https:\/\/www.azaros.eu\/fr\/politique-qualite\/","og_locale":"fr_FR","og_type":"article","og_title":"Politique qualit\u00e9 | Azaros","og_description":"Politique qualit\u00e9 | Azaros","og_url":"https:\/\/www.azaros.eu\/fr\/politique-qualite\/","og_site_name":"Azaros","article_modified_time":"2024-12-29T10:27:59+00:00","twitter_card":"summary_large_image","twitter_misc":{"Dur\u00e9e de lecture estim\u00e9e":"3 minutes"},"schema":{"@context":"https:\/\/schema.org","@graph":[{"@type":"WebPage","@id":"https:\/\/www.azaros.eu\/fr\/politique-qualite\/","url":"https:\/\/www.azaros.eu\/fr\/politique-qualite\/","name":"Politique qualit\u00e9 | Azaros","isPartOf":{"@id":"https:\/\/www.azaros.eu\/fr\/#website"},"datePublished":"2018-12-22T07:41:37+00:00","dateModified":"2024-12-29T10:27:59+00:00","description":"Politique qualit\u00e9 | Azaros","breadcrumb":{"@id":"https:\/\/www.azaros.eu\/fr\/politique-qualite\/#breadcrumb"},"inLanguage":"fr-FR","potentialAction":[{"@type":"ReadAction","target":["https:\/\/www.azaros.eu\/fr\/politique-qualite\/"]}]},{"@type":"BreadcrumbList","@id":"https:\/\/www.azaros.eu\/fr\/politique-qualite\/#breadcrumb","itemListElement":[{"@type":"ListItem","position":1,"name":"Azaros","item":"https:\/\/www.azaros.eu\/fr\/azaros-home\/"},{"@type":"ListItem","position":2,"name":"Politique qualit\u00e9"}]},{"@type":"WebSite","@id":"https:\/\/www.azaros.eu\/fr\/#website","url":"https:\/\/www.azaros.eu\/fr\/","name":"Azaros","description":"Fabricamos, distribuimos y comercializamos una gran gama de suministros.","potentialAction":[{"@type":"SearchAction","target":{"@type":"EntryPoint","urlTemplate":"https:\/\/www.azaros.eu\/fr\/?s={search_term_string}"},"query-input":{"@type":"PropertyValueSpecification","valueRequired":true,"valueName":"search_term_string"}}],"inLanguage":"fr-FR"}]}},"_links":{"self":[{"href":"https:\/\/www.azaros.eu\/fr\/wp-json\/wp\/v2\/pages\/8292","targetHints":{"allow":["GET"]}}],"collection":[{"href":"https:\/\/www.azaros.eu\/fr\/wp-json\/wp\/v2\/pages"}],"about":[{"href":"https:\/\/www.azaros.eu\/fr\/wp-json\/wp\/v2\/types\/page"}],"author":[{"embeddable":true,"href":"https:\/\/www.azaros.eu\/fr\/wp-json\/wp\/v2\/users\/1"}],"replies":[{"embeddable":true,"href":"https:\/\/www.azaros.eu\/fr\/wp-json\/wp\/v2\/comments?post=8292"}],"version-history":[{"count":0,"href":"https:\/\/www.azaros.eu\/fr\/wp-json\/wp\/v2\/pages\/8292\/revisions"}],"wp:attachment":[{"href":"https:\/\/www.azaros.eu\/fr\/wp-json\/wp\/v2\/media?parent=8292"}],"curies":[{"name":"wp","href":"https:\/\/api.w.org\/{rel}","templated":true}]}}