{"id":11014,"date":"2024-04-14T11:51:33","date_gmt":"2024-04-14T10:51:33","guid":{"rendered":"https:\/\/www.azaros.eu\/producto\/feutre-en-fibre-soluble\/"},"modified":"2025-07-30T08:24:37","modified_gmt":"2025-07-30T07:24:37","slug":"feutre-en-fibre-soluble","status":"publish","type":"product","link":"https:\/\/www.azaros.eu\/fr\/produit\/feutre-en-fibre-soluble\/","title":{"rendered":"Feutre en fibre soluble"},"content":{"rendered":"<div class=\"row\"  id=\"row-510963330\">\n\n\t<div id=\"col-271604991\" class=\"col medium-6 small-12 large-6\"  >\n\t\t\t\t<div class=\"col-inner\"  >\n\t\t\t\n\t\t\t\n<div class=\"container section-title-container\" ><h2 class=\"section-title section-title-normal\"><b aria-hidden=\"true\"><\/b><span class=\"section-title-main\" style=\"font-size:80%;\">Caract\u00e9ristiques<\/span><b aria-hidden=\"true\"><\/b><\/h2><\/div>\n<ul>\n<li>Mat\u00e9riau l\u00e9ger et flexible<\/li>\n<li>Bonne r\u00e9sistance m\u00e9canique<\/li>\n<li>Faible conductivit\u00e9 thermique<\/li>\n<li>Facile \u00e0 couper, enrouler ou fa\u00e7onner<\/li>\n<li>Dimensions standard : 1250 x 1000 mm<\/li>\n<li>\u00c9paisseurs de 6 \u00e0 25 mm<\/li>\n<\/ul>\n\t\t<\/div>\n\t\t\t\t\t<\/div>\n\n\t\n\n\t<div id=\"col-2074692617\" class=\"col medium-6 small-12 large-6\"  >\n\t\t\t\t<div class=\"col-inner\"  >\n\t\t\t\n\t\t\t\n<div class=\"container section-title-container\" ><h2 class=\"section-title section-title-normal\"><b aria-hidden=\"true\"><\/b><span class=\"section-title-main\" style=\"font-size:80%;\">Applications typiques<\/span><b aria-hidden=\"true\"><\/b><\/h2><\/div>\n<ul>\n<li>\u00c9tanch\u00e9it\u00e9 et joints haute temp\u00e9rature<\/li>\n<li>Rev\u00eatement des fours industriels<\/li>\n<li>Joints de dilatation<\/li>\n<li>Isolation arri\u00e8re des mat\u00e9riaux r\u00e9fractaires<\/li>\n<\/ul>\n\t\t<\/div>\n\t\t\t\t\t<\/div>\n\n\t\n<\/div>\n\n","protected":false},"excerpt":{"rendered":"<p>Produit fabriqu\u00e9 \u00e0 partir de fibres solubles et m\u00e9lang\u00e9 avec des liants organiques.<\/p>\n","protected":false},"featured_media":12176,"template":"","meta":[],"product_brand":[],"product_cat":[47],"product_tag":[],"class_list":{"0":"post-11014","1":"product","2":"type-product","3":"status-publish","4":"has-post-thumbnail","6":"product_cat-fibres-solubles","8":"first","9":"instock","10":"shipping-taxable","11":"product-type-simple"},"yoast_head":"<!-- This site is optimized with the Yoast SEO plugin v27.4 - https:\/\/yoast.com\/product\/yoast-seo-wordpress\/ -->\n<title>Feutre en fibre soluble - Azaros<\/title>\n<meta name=\"robots\" content=\"index, follow, max-snippet:-1, max-image-preview:large, max-video-preview:-1\" \/>\n<link rel=\"canonical\" href=\"https:\/\/www.azaros.eu\/fr\/produit\/feutre-en-fibre-soluble\/\" \/>\n<meta property=\"og:locale\" content=\"fr_FR\" \/>\n<meta property=\"og:type\" content=\"article\" \/>\n<meta property=\"og:title\" content=\"Feutre en fibre soluble - Azaros\" \/>\n<meta property=\"og:description\" content=\"Produit fabriqu\u00e9 \u00e0 partir de fibres solubles et m\u00e9lang\u00e9 avec des liants organiques.\" \/>\n<meta property=\"og:url\" content=\"https:\/\/www.azaros.eu\/fr\/produit\/feutre-en-fibre-soluble\/\" \/>\n<meta property=\"og:site_name\" content=\"Azaros\" \/>\n<meta property=\"article:modified_time\" content=\"2025-07-30T07:24:37+00:00\" \/>\n<meta property=\"og:image\" content=\"https:\/\/www.azaros.eu\/wp-content\/uploads\/2025\/07\/Fieltro-de-fibra-soluble.jpg\" \/>\n\t<meta property=\"og:image:width\" content=\"1199\" \/>\n\t<meta property=\"og:image:height\" content=\"699\" \/>\n\t<meta property=\"og:image:type\" content=\"image\/jpeg\" \/>\n<meta name=\"twitter:card\" content=\"summary_large_image\" \/>\n<meta name=\"twitter:label1\" content=\"Dur\u00e9e de lecture estim\u00e9e\" \/>\n\t<meta name=\"twitter:data1\" content=\"1 minute\" \/>\n<script type=\"application\/ld+json\" class=\"yoast-schema-graph\">{\"@context\":\"https:\\\/\\\/schema.org\",\"@graph\":[{\"@type\":\"WebPage\",\"@id\":\"https:\\\/\\\/www.azaros.eu\\\/fr\\\/produit\\\/feutre-en-fibre-soluble\\\/\",\"url\":\"https:\\\/\\\/www.azaros.eu\\\/fr\\\/produit\\\/feutre-en-fibre-soluble\\\/\",\"name\":\"Feutre en fibre soluble - Azaros\",\"isPartOf\":{\"@id\":\"https:\\\/\\\/www.azaros.eu\\\/fr\\\/#website\"},\"primaryImageOfPage\":{\"@id\":\"https:\\\/\\\/www.azaros.eu\\\/fr\\\/produit\\\/feutre-en-fibre-soluble\\\/#primaryimage\"},\"image\":{\"@id\":\"https:\\\/\\\/www.azaros.eu\\\/fr\\\/produit\\\/feutre-en-fibre-soluble\\\/#primaryimage\"},\"thumbnailUrl\":\"https:\\\/\\\/www.azaros.eu\\\/wp-content\\\/uploads\\\/2025\\\/07\\\/Fieltro-de-fibra-soluble.jpg\",\"datePublished\":\"2024-04-14T10:51:33+00:00\",\"dateModified\":\"2025-07-30T07:24:37+00:00\",\"breadcrumb\":{\"@id\":\"https:\\\/\\\/www.azaros.eu\\\/fr\\\/produit\\\/feutre-en-fibre-soluble\\\/#breadcrumb\"},\"inLanguage\":\"fr-FR\",\"potentialAction\":[{\"@type\":\"ReadAction\",\"target\":[\"https:\\\/\\\/www.azaros.eu\\\/fr\\\/produit\\\/feutre-en-fibre-soluble\\\/\"]}]},{\"@type\":\"ImageObject\",\"inLanguage\":\"fr-FR\",\"@id\":\"https:\\\/\\\/www.azaros.eu\\\/fr\\\/produit\\\/feutre-en-fibre-soluble\\\/#primaryimage\",\"url\":\"https:\\\/\\\/www.azaros.eu\\\/wp-content\\\/uploads\\\/2025\\\/07\\\/Fieltro-de-fibra-soluble.jpg\",\"contentUrl\":\"https:\\\/\\\/www.azaros.eu\\\/wp-content\\\/uploads\\\/2025\\\/07\\\/Fieltro-de-fibra-soluble.jpg\",\"width\":1199,\"height\":699},{\"@type\":\"BreadcrumbList\",\"@id\":\"https:\\\/\\\/www.azaros.eu\\\/fr\\\/produit\\\/feutre-en-fibre-soluble\\\/#breadcrumb\",\"itemListElement\":[{\"@type\":\"ListItem\",\"position\":1,\"name\":\"Azaros\",\"item\":\"https:\\\/\\\/www.azaros.eu\\\/fr\\\/azaros-home\\\/\"},{\"@type\":\"ListItem\",\"position\":2,\"name\":\"Produits\",\"item\":\"https:\\\/\\\/www.azaros.eu\\\/fr\\\/produits\\\/\"},{\"@type\":\"ListItem\",\"position\":3,\"name\":\"Isolant thermique\",\"item\":\"https:\\\/\\\/www.azaros.eu\\\/fr\\\/produits\\\/isolant-thermique\\\/\"},{\"@type\":\"ListItem\",\"position\":4,\"name\":\"Fibres solubles\",\"item\":\"https:\\\/\\\/www.azaros.eu\\\/fr\\\/produits\\\/isolant-thermique\\\/fibres-solubles\\\/\"},{\"@type\":\"ListItem\",\"position\":5,\"name\":\"Feutre en fibre soluble\"}]},{\"@type\":\"WebSite\",\"@id\":\"https:\\\/\\\/www.azaros.eu\\\/fr\\\/#website\",\"url\":\"https:\\\/\\\/www.azaros.eu\\\/fr\\\/\",\"name\":\"Azaros\",\"description\":\"Fabricamos, distribuimos y comercializamos una gran gama de suministros.\",\"potentialAction\":[{\"@type\":\"SearchAction\",\"target\":{\"@type\":\"EntryPoint\",\"urlTemplate\":\"https:\\\/\\\/www.azaros.eu\\\/fr\\\/?s={search_term_string}\"},\"query-input\":{\"@type\":\"PropertyValueSpecification\",\"valueRequired\":true,\"valueName\":\"search_term_string\"}}],\"inLanguage\":\"fr-FR\"}]}<\/script>\n<!-- \/ Yoast SEO plugin. -->","yoast_head_json":{"title":"Feutre en fibre soluble - Azaros","robots":{"index":"index","follow":"follow","max-snippet":"max-snippet:-1","max-image-preview":"max-image-preview:large","max-video-preview":"max-video-preview:-1"},"canonical":"https:\/\/www.azaros.eu\/fr\/produit\/feutre-en-fibre-soluble\/","og_locale":"fr_FR","og_type":"article","og_title":"Feutre en fibre soluble - Azaros","og_description":"Produit fabriqu\u00e9 \u00e0 partir de fibres solubles et m\u00e9lang\u00e9 avec des liants organiques.","og_url":"https:\/\/www.azaros.eu\/fr\/produit\/feutre-en-fibre-soluble\/","og_site_name":"Azaros","article_modified_time":"2025-07-30T07:24:37+00:00","og_image":[{"width":1199,"height":699,"url":"https:\/\/www.azaros.eu\/wp-content\/uploads\/2025\/07\/Fieltro-de-fibra-soluble.jpg","type":"image\/jpeg"}],"twitter_card":"summary_large_image","twitter_misc":{"Dur\u00e9e de lecture estim\u00e9e":"1 minute"},"schema":{"@context":"https:\/\/schema.org","@graph":[{"@type":"WebPage","@id":"https:\/\/www.azaros.eu\/fr\/produit\/feutre-en-fibre-soluble\/","url":"https:\/\/www.azaros.eu\/fr\/produit\/feutre-en-fibre-soluble\/","name":"Feutre en fibre soluble - Azaros","isPartOf":{"@id":"https:\/\/www.azaros.eu\/fr\/#website"},"primaryImageOfPage":{"@id":"https:\/\/www.azaros.eu\/fr\/produit\/feutre-en-fibre-soluble\/#primaryimage"},"image":{"@id":"https:\/\/www.azaros.eu\/fr\/produit\/feutre-en-fibre-soluble\/#primaryimage"},"thumbnailUrl":"https:\/\/www.azaros.eu\/wp-content\/uploads\/2025\/07\/Fieltro-de-fibra-soluble.jpg","datePublished":"2024-04-14T10:51:33+00:00","dateModified":"2025-07-30T07:24:37+00:00","breadcrumb":{"@id":"https:\/\/www.azaros.eu\/fr\/produit\/feutre-en-fibre-soluble\/#breadcrumb"},"inLanguage":"fr-FR","potentialAction":[{"@type":"ReadAction","target":["https:\/\/www.azaros.eu\/fr\/produit\/feutre-en-fibre-soluble\/"]}]},{"@type":"ImageObject","inLanguage":"fr-FR","@id":"https:\/\/www.azaros.eu\/fr\/produit\/feutre-en-fibre-soluble\/#primaryimage","url":"https:\/\/www.azaros.eu\/wp-content\/uploads\/2025\/07\/Fieltro-de-fibra-soluble.jpg","contentUrl":"https:\/\/www.azaros.eu\/wp-content\/uploads\/2025\/07\/Fieltro-de-fibra-soluble.jpg","width":1199,"height":699},{"@type":"BreadcrumbList","@id":"https:\/\/www.azaros.eu\/fr\/produit\/feutre-en-fibre-soluble\/#breadcrumb","itemListElement":[{"@type":"ListItem","position":1,"name":"Azaros","item":"https:\/\/www.azaros.eu\/fr\/azaros-home\/"},{"@type":"ListItem","position":2,"name":"Produits","item":"https:\/\/www.azaros.eu\/fr\/produits\/"},{"@type":"ListItem","position":3,"name":"Isolant thermique","item":"https:\/\/www.azaros.eu\/fr\/produits\/isolant-thermique\/"},{"@type":"ListItem","position":4,"name":"Fibres solubles","item":"https:\/\/www.azaros.eu\/fr\/produits\/isolant-thermique\/fibres-solubles\/"},{"@type":"ListItem","position":5,"name":"Feutre en fibre soluble"}]},{"@type":"WebSite","@id":"https:\/\/www.azaros.eu\/fr\/#website","url":"https:\/\/www.azaros.eu\/fr\/","name":"Azaros","description":"Fabricamos, distribuimos y comercializamos una gran gama de suministros.","potentialAction":[{"@type":"SearchAction","target":{"@type":"EntryPoint","urlTemplate":"https:\/\/www.azaros.eu\/fr\/?s={search_term_string}"},"query-input":{"@type":"PropertyValueSpecification","valueRequired":true,"valueName":"search_term_string"}}],"inLanguage":"fr-FR"}]}},"_links":{"self":[{"href":"https:\/\/www.azaros.eu\/fr\/wp-json\/wp\/v2\/product\/11014","targetHints":{"allow":["GET"]}}],"collection":[{"href":"https:\/\/www.azaros.eu\/fr\/wp-json\/wp\/v2\/product"}],"about":[{"href":"https:\/\/www.azaros.eu\/fr\/wp-json\/wp\/v2\/types\/product"}],"wp:featuredmedia":[{"embeddable":true,"href":"https:\/\/www.azaros.eu\/fr\/wp-json\/wp\/v2\/media\/12176"}],"wp:attachment":[{"href":"https:\/\/www.azaros.eu\/fr\/wp-json\/wp\/v2\/media?parent=11014"}],"wp:term":[{"taxonomy":"product_brand","embeddable":true,"href":"https:\/\/www.azaros.eu\/fr\/wp-json\/wp\/v2\/product_brand?post=11014"},{"taxonomy":"product_cat","embeddable":true,"href":"https:\/\/www.azaros.eu\/fr\/wp-json\/wp\/v2\/product_cat?post=11014"},{"taxonomy":"product_tag","embeddable":true,"href":"https:\/\/www.azaros.eu\/fr\/wp-json\/wp\/v2\/product_tag?post=11014"}],"curies":[{"name":"wp","href":"https:\/\/api.w.org\/{rel}","templated":true}]}}