{"id":11015,"date":"2024-04-14T11:47:34","date_gmt":"2024-04-14T10:47:34","guid":{"rendered":"https:\/\/www.azaros.eu\/producto\/pieces-decoupees-en-papier-feutre-ou-nappe\/"},"modified":"2025-05-16T09:15:51","modified_gmt":"2025-05-16T08:15:51","slug":"pieces-decoupees-en-papier-feutre-ou-nappe","status":"publish","type":"product","link":"https:\/\/www.azaros.eu\/fr\/produit\/pieces-decoupees-en-papier-feutre-ou-nappe\/","title":{"rendered":"Pi\u00e8ces d\u00e9coup\u00e9es en papier, feutre ou nappe"},"content":{"rendered":"<div class=\"row\"  id=\"row-2027481852\">\n\n\t<div id=\"col-371417568\" class=\"col medium-6 small-12 large-6\"  >\n\t\t\t\t<div class=\"col-inner\"  >\n\t\t\t\n\t\t\t\n<div class=\"container section-title-container\" ><h2 class=\"section-title section-title-normal\"><b aria-hidden=\"true\"><\/b><span class=\"section-title-main\" style=\"font-size:80%;\">Caract\u00e9ristiques<\/span><b aria-hidden=\"true\"><\/b><\/h2><\/div>\n<ul>\n<li>Facile \u00e0 d\u00e9couper et \u00e0 fa\u00e7onner pour l\u2019enveloppement ou le rev\u00eatement<\/li>\n<li>Stabilit\u00e9 des temp\u00e9ratures de travail<\/li>\n<li>Faible conductivit\u00e9 thermique.<\/li>\n<li>Excellente flexibilit\u00e9.<\/li>\n<li>Haute r\u00e9sistance \u00e0 la traction<\/li>\n<\/ul>\n\t\t<\/div>\n\t\t\t\t\t<\/div>\n\n\t\n\n\t<div id=\"col-1941201960\" class=\"col medium-6 small-12 large-6\"  >\n\t\t\t\t<div class=\"col-inner\"  >\n\t\t\t\n\t\t\t\n<div class=\"container section-title-container\" ><h2 class=\"section-title section-title-normal\"><b aria-hidden=\"true\"><\/b><span class=\"section-title-main\" style=\"font-size:80%;\">Applications typiques<\/span><b aria-hidden=\"true\"><\/b><\/h2><\/div>\n<ul>\n<li>Joints dans les fours et appareils \u00e9lectrom\u00e9nagers<\/li>\n<li>Joints pour portes de fours<\/li>\n<li>Isolation thermique pour tuyaux<\/li>\n<li>Rideaux de soudure<\/li>\n<li>Joints de dilatation<\/li>\n<\/ul>\n\t\t<\/div>\n\t\t\t\t\t<\/div>\n\n\t\n<\/div>\n\n","protected":false},"excerpt":{"rendered":"<p>Le papier d\u00e9coup\u00e9 est un mat\u00e9riau r\u00e9fractaire l\u00e9ger sous forme de feuilles fines, flexibles et homog\u00e8nes.<br \/>\nIl est recommand\u00e9 pour une utilisation continue \u00e0 des temp\u00e9ratures allant jusqu\u2019\u00e0 1000\u202f\u00b0C.<br \/>\nIl pr\u00e9sente une faible r\u00e9traction thermique, une bonne r\u00e9sistance m\u00e9canique et une faible conductivit\u00e9 thermique.<br \/>Il contient une petite quantit\u00e9 de liant organique, ce qui lui conf\u00e8re de la flexibilit\u00e9 et r\u00e9duit les \u00e9missions de gaz et d&rsquo;odeurs pendant son utilisation.<\/p>\n","protected":false},"featured_media":7357,"template":"","meta":[],"product_brand":[],"product_cat":[47],"product_tag":[],"class_list":{"0":"post-11015","1":"product","2":"type-product","3":"status-publish","4":"has-post-thumbnail","6":"product_cat-fibres-solubles","8":"first","9":"instock","10":"shipping-taxable","11":"product-type-simple"},"yoast_head":"<!-- This site is optimized with the Yoast SEO plugin v27.4 - https:\/\/yoast.com\/product\/yoast-seo-wordpress\/ -->\n<title>Pi\u00e8ces d\u00e9coup\u00e9es en papier, feutre ou nappe - Azaros<\/title>\n<meta name=\"robots\" content=\"index, follow, max-snippet:-1, max-image-preview:large, max-video-preview:-1\" \/>\n<link rel=\"canonical\" href=\"https:\/\/www.azaros.eu\/fr\/produit\/pieces-decoupees-en-papier-feutre-ou-nappe\/\" \/>\n<meta property=\"og:locale\" content=\"fr_FR\" \/>\n<meta property=\"og:type\" content=\"article\" \/>\n<meta property=\"og:title\" content=\"Pi\u00e8ces d\u00e9coup\u00e9es en papier, feutre ou nappe - Azaros\" \/>\n<meta property=\"og:description\" content=\"Le papier d\u00e9coup\u00e9 est un mat\u00e9riau r\u00e9fractaire l\u00e9ger sous forme de feuilles fines, flexibles et homog\u00e8nes. Il est recommand\u00e9 pour une utilisation continue \u00e0 des temp\u00e9ratures allant jusqu\u2019\u00e0 1000\u202f\u00b0C. Il pr\u00e9sente une faible r\u00e9traction thermique, une bonne r\u00e9sistance m\u00e9canique et une faible conductivit\u00e9 thermique.Il contient une petite quantit\u00e9 de liant organique, ce qui lui conf\u00e8re de la flexibilit\u00e9 et r\u00e9duit les \u00e9missions de gaz et d&#039;odeurs pendant son utilisation.\" \/>\n<meta property=\"og:url\" content=\"https:\/\/www.azaros.eu\/fr\/produit\/pieces-decoupees-en-papier-feutre-ou-nappe\/\" \/>\n<meta property=\"og:site_name\" content=\"Azaros\" \/>\n<meta property=\"article:modified_time\" content=\"2025-05-16T08:15:51+00:00\" \/>\n<meta property=\"og:image\" content=\"https:\/\/www.azaros.eu\/wp-content\/uploads\/2024\/04\/Piezas-de-papel-de-fibra-soluble.jpg\" \/>\n\t<meta property=\"og:image:width\" content=\"1199\" \/>\n\t<meta property=\"og:image:height\" content=\"700\" \/>\n\t<meta property=\"og:image:type\" content=\"image\/jpeg\" \/>\n<meta name=\"twitter:card\" content=\"summary_large_image\" \/>\n<meta name=\"twitter:label1\" content=\"Dur\u00e9e de lecture estim\u00e9e\" \/>\n\t<meta name=\"twitter:data1\" content=\"1 minute\" \/>\n<script type=\"application\/ld+json\" class=\"yoast-schema-graph\">{\"@context\":\"https:\\\/\\\/schema.org\",\"@graph\":[{\"@type\":\"WebPage\",\"@id\":\"https:\\\/\\\/www.azaros.eu\\\/fr\\\/produit\\\/pieces-decoupees-en-papier-feutre-ou-nappe\\\/\",\"url\":\"https:\\\/\\\/www.azaros.eu\\\/fr\\\/produit\\\/pieces-decoupees-en-papier-feutre-ou-nappe\\\/\",\"name\":\"Pi\u00e8ces d\u00e9coup\u00e9es en papier, feutre ou nappe - Azaros\",\"isPartOf\":{\"@id\":\"https:\\\/\\\/www.azaros.eu\\\/fr\\\/#website\"},\"primaryImageOfPage\":{\"@id\":\"https:\\\/\\\/www.azaros.eu\\\/fr\\\/produit\\\/pieces-decoupees-en-papier-feutre-ou-nappe\\\/#primaryimage\"},\"image\":{\"@id\":\"https:\\\/\\\/www.azaros.eu\\\/fr\\\/produit\\\/pieces-decoupees-en-papier-feutre-ou-nappe\\\/#primaryimage\"},\"thumbnailUrl\":\"https:\\\/\\\/www.azaros.eu\\\/wp-content\\\/uploads\\\/2024\\\/04\\\/Piezas-de-papel-de-fibra-soluble.jpg\",\"datePublished\":\"2024-04-14T10:47:34+00:00\",\"dateModified\":\"2025-05-16T08:15:51+00:00\",\"breadcrumb\":{\"@id\":\"https:\\\/\\\/www.azaros.eu\\\/fr\\\/produit\\\/pieces-decoupees-en-papier-feutre-ou-nappe\\\/#breadcrumb\"},\"inLanguage\":\"fr-FR\",\"potentialAction\":[{\"@type\":\"ReadAction\",\"target\":[\"https:\\\/\\\/www.azaros.eu\\\/fr\\\/produit\\\/pieces-decoupees-en-papier-feutre-ou-nappe\\\/\"]}]},{\"@type\":\"ImageObject\",\"inLanguage\":\"fr-FR\",\"@id\":\"https:\\\/\\\/www.azaros.eu\\\/fr\\\/produit\\\/pieces-decoupees-en-papier-feutre-ou-nappe\\\/#primaryimage\",\"url\":\"https:\\\/\\\/www.azaros.eu\\\/wp-content\\\/uploads\\\/2024\\\/04\\\/Piezas-de-papel-de-fibra-soluble.jpg\",\"contentUrl\":\"https:\\\/\\\/www.azaros.eu\\\/wp-content\\\/uploads\\\/2024\\\/04\\\/Piezas-de-papel-de-fibra-soluble.jpg\",\"width\":1199,\"height\":700},{\"@type\":\"BreadcrumbList\",\"@id\":\"https:\\\/\\\/www.azaros.eu\\\/fr\\\/produit\\\/pieces-decoupees-en-papier-feutre-ou-nappe\\\/#breadcrumb\",\"itemListElement\":[{\"@type\":\"ListItem\",\"position\":1,\"name\":\"Azaros\",\"item\":\"https:\\\/\\\/www.azaros.eu\\\/fr\\\/azaros-home\\\/\"},{\"@type\":\"ListItem\",\"position\":2,\"name\":\"Produits\",\"item\":\"https:\\\/\\\/www.azaros.eu\\\/fr\\\/produits\\\/\"},{\"@type\":\"ListItem\",\"position\":3,\"name\":\"Isolant thermique\",\"item\":\"https:\\\/\\\/www.azaros.eu\\\/fr\\\/produits\\\/isolant-thermique\\\/\"},{\"@type\":\"ListItem\",\"position\":4,\"name\":\"Fibres solubles\",\"item\":\"https:\\\/\\\/www.azaros.eu\\\/fr\\\/produits\\\/isolant-thermique\\\/fibres-solubles\\\/\"},{\"@type\":\"ListItem\",\"position\":5,\"name\":\"Pi\u00e8ces d\u00e9coup\u00e9es en papier, feutre ou nappe\"}]},{\"@type\":\"WebSite\",\"@id\":\"https:\\\/\\\/www.azaros.eu\\\/fr\\\/#website\",\"url\":\"https:\\\/\\\/www.azaros.eu\\\/fr\\\/\",\"name\":\"Azaros\",\"description\":\"Fabricamos, distribuimos y comercializamos una gran gama de suministros.\",\"potentialAction\":[{\"@type\":\"SearchAction\",\"target\":{\"@type\":\"EntryPoint\",\"urlTemplate\":\"https:\\\/\\\/www.azaros.eu\\\/fr\\\/?s={search_term_string}\"},\"query-input\":{\"@type\":\"PropertyValueSpecification\",\"valueRequired\":true,\"valueName\":\"search_term_string\"}}],\"inLanguage\":\"fr-FR\"}]}<\/script>\n<!-- \/ Yoast SEO plugin. -->","yoast_head_json":{"title":"Pi\u00e8ces d\u00e9coup\u00e9es en papier, feutre ou nappe - Azaros","robots":{"index":"index","follow":"follow","max-snippet":"max-snippet:-1","max-image-preview":"max-image-preview:large","max-video-preview":"max-video-preview:-1"},"canonical":"https:\/\/www.azaros.eu\/fr\/produit\/pieces-decoupees-en-papier-feutre-ou-nappe\/","og_locale":"fr_FR","og_type":"article","og_title":"Pi\u00e8ces d\u00e9coup\u00e9es en papier, feutre ou nappe - Azaros","og_description":"Le papier d\u00e9coup\u00e9 est un mat\u00e9riau r\u00e9fractaire l\u00e9ger sous forme de feuilles fines, flexibles et homog\u00e8nes. Il est recommand\u00e9 pour une utilisation continue \u00e0 des temp\u00e9ratures allant jusqu\u2019\u00e0 1000\u202f\u00b0C. Il pr\u00e9sente une faible r\u00e9traction thermique, une bonne r\u00e9sistance m\u00e9canique et une faible conductivit\u00e9 thermique.Il contient une petite quantit\u00e9 de liant organique, ce qui lui conf\u00e8re de la flexibilit\u00e9 et r\u00e9duit les \u00e9missions de gaz et d'odeurs pendant son utilisation.","og_url":"https:\/\/www.azaros.eu\/fr\/produit\/pieces-decoupees-en-papier-feutre-ou-nappe\/","og_site_name":"Azaros","article_modified_time":"2025-05-16T08:15:51+00:00","og_image":[{"width":1199,"height":700,"url":"https:\/\/www.azaros.eu\/wp-content\/uploads\/2024\/04\/Piezas-de-papel-de-fibra-soluble.jpg","type":"image\/jpeg"}],"twitter_card":"summary_large_image","twitter_misc":{"Dur\u00e9e de lecture estim\u00e9e":"1 minute"},"schema":{"@context":"https:\/\/schema.org","@graph":[{"@type":"WebPage","@id":"https:\/\/www.azaros.eu\/fr\/produit\/pieces-decoupees-en-papier-feutre-ou-nappe\/","url":"https:\/\/www.azaros.eu\/fr\/produit\/pieces-decoupees-en-papier-feutre-ou-nappe\/","name":"Pi\u00e8ces d\u00e9coup\u00e9es en papier, feutre ou nappe - Azaros","isPartOf":{"@id":"https:\/\/www.azaros.eu\/fr\/#website"},"primaryImageOfPage":{"@id":"https:\/\/www.azaros.eu\/fr\/produit\/pieces-decoupees-en-papier-feutre-ou-nappe\/#primaryimage"},"image":{"@id":"https:\/\/www.azaros.eu\/fr\/produit\/pieces-decoupees-en-papier-feutre-ou-nappe\/#primaryimage"},"thumbnailUrl":"https:\/\/www.azaros.eu\/wp-content\/uploads\/2024\/04\/Piezas-de-papel-de-fibra-soluble.jpg","datePublished":"2024-04-14T10:47:34+00:00","dateModified":"2025-05-16T08:15:51+00:00","breadcrumb":{"@id":"https:\/\/www.azaros.eu\/fr\/produit\/pieces-decoupees-en-papier-feutre-ou-nappe\/#breadcrumb"},"inLanguage":"fr-FR","potentialAction":[{"@type":"ReadAction","target":["https:\/\/www.azaros.eu\/fr\/produit\/pieces-decoupees-en-papier-feutre-ou-nappe\/"]}]},{"@type":"ImageObject","inLanguage":"fr-FR","@id":"https:\/\/www.azaros.eu\/fr\/produit\/pieces-decoupees-en-papier-feutre-ou-nappe\/#primaryimage","url":"https:\/\/www.azaros.eu\/wp-content\/uploads\/2024\/04\/Piezas-de-papel-de-fibra-soluble.jpg","contentUrl":"https:\/\/www.azaros.eu\/wp-content\/uploads\/2024\/04\/Piezas-de-papel-de-fibra-soluble.jpg","width":1199,"height":700},{"@type":"BreadcrumbList","@id":"https:\/\/www.azaros.eu\/fr\/produit\/pieces-decoupees-en-papier-feutre-ou-nappe\/#breadcrumb","itemListElement":[{"@type":"ListItem","position":1,"name":"Azaros","item":"https:\/\/www.azaros.eu\/fr\/azaros-home\/"},{"@type":"ListItem","position":2,"name":"Produits","item":"https:\/\/www.azaros.eu\/fr\/produits\/"},{"@type":"ListItem","position":3,"name":"Isolant thermique","item":"https:\/\/www.azaros.eu\/fr\/produits\/isolant-thermique\/"},{"@type":"ListItem","position":4,"name":"Fibres solubles","item":"https:\/\/www.azaros.eu\/fr\/produits\/isolant-thermique\/fibres-solubles\/"},{"@type":"ListItem","position":5,"name":"Pi\u00e8ces d\u00e9coup\u00e9es en papier, feutre ou nappe"}]},{"@type":"WebSite","@id":"https:\/\/www.azaros.eu\/fr\/#website","url":"https:\/\/www.azaros.eu\/fr\/","name":"Azaros","description":"Fabricamos, distribuimos y comercializamos una gran gama de suministros.","potentialAction":[{"@type":"SearchAction","target":{"@type":"EntryPoint","urlTemplate":"https:\/\/www.azaros.eu\/fr\/?s={search_term_string}"},"query-input":{"@type":"PropertyValueSpecification","valueRequired":true,"valueName":"search_term_string"}}],"inLanguage":"fr-FR"}]}},"_links":{"self":[{"href":"https:\/\/www.azaros.eu\/fr\/wp-json\/wp\/v2\/product\/11015","targetHints":{"allow":["GET"]}}],"collection":[{"href":"https:\/\/www.azaros.eu\/fr\/wp-json\/wp\/v2\/product"}],"about":[{"href":"https:\/\/www.azaros.eu\/fr\/wp-json\/wp\/v2\/types\/product"}],"wp:featuredmedia":[{"embeddable":true,"href":"https:\/\/www.azaros.eu\/fr\/wp-json\/wp\/v2\/media\/7357"}],"wp:attachment":[{"href":"https:\/\/www.azaros.eu\/fr\/wp-json\/wp\/v2\/media?parent=11015"}],"wp:term":[{"taxonomy":"product_brand","embeddable":true,"href":"https:\/\/www.azaros.eu\/fr\/wp-json\/wp\/v2\/product_brand?post=11015"},{"taxonomy":"product_cat","embeddable":true,"href":"https:\/\/www.azaros.eu\/fr\/wp-json\/wp\/v2\/product_cat?post=11015"},{"taxonomy":"product_tag","embeddable":true,"href":"https:\/\/www.azaros.eu\/fr\/wp-json\/wp\/v2\/product_tag?post=11015"}],"curies":[{"name":"wp","href":"https:\/\/api.w.org\/{rel}","templated":true}]}}