{"id":11017,"date":"2024-04-14T11:52:10","date_gmt":"2024-04-14T10:52:10","guid":{"rendered":"https:\/\/www.azaros.eu\/producto\/solislab-uls-grade\/"},"modified":"2025-07-30T08:26:30","modified_gmt":"2025-07-30T07:26:30","slug":"solislab-uls-grade","status":"publish","type":"product","link":"https:\/\/www.azaros.eu\/fr\/produit\/solislab-uls-grade\/","title":{"rendered":"SoliSlab ULS-grade"},"content":{"rendered":"<div class=\"row\"  id=\"row-334237798\">\n\n\t<div id=\"col-386266911\" class=\"col medium-6 small-12 large-6\"  >\n\t\t\t\t<div class=\"col-inner\"  >\n\t\t\t\n\t\t\t\n<div class=\"container section-title-container\" ><h2 class=\"section-title section-title-normal\"><b aria-hidden=\"true\"><\/b><span class=\"section-title-main\" style=\"font-size:80%;\">Type<\/span><b aria-hidden=\"true\"><\/b><\/h2><\/div>\n<p>Blocks de fibre monolithique \u00e0 fibre de faible persistabilit\u00e9 biologique (LBP) pour hautes temp\u00e9ratures.<\/p>\n<div class=\"container section-title-container\" ><h2 class=\"section-title section-title-normal\"><b aria-hidden=\"true\"><\/b><span class=\"section-title-main\" style=\"font-size:80%;\">B\u00e9n\u00e9fices<\/span><b aria-hidden=\"true\"><\/b><\/h2><\/div>\n<ul>\n<li>Solution technique \u00e9prouv\u00e9e<\/li>\n<li>Technologie Low Shot<\/li>\n<li>Excellente performance d\u2019isolation<\/li>\n<li>Haute r\u00e9sistance \u00e0 la manipulation<\/li>\n<li>Inalt\u00e9r\u00e9 par la plupart des produits chimiques<\/li>\n<li>Excellente stabilit\u00e9 thermique<\/li>\n<li>R\u00e9sistant aux chocs thermiques<\/li>\n<li>Exon\u00e9r\u00e9 de la classification canc\u00e9rig\u00e8ne<\/li>\n<\/ul>\n\t\t<\/div>\n\t\t\t\t\t<\/div>\n\n\t\n\n\t<div id=\"col-1621085297\" class=\"col medium-6 small-12 large-6\"  >\n\t\t\t\t<div class=\"col-inner\"  >\n\t\t\t\n\t\t\t\n<div class=\"container section-title-container\" ><h2 class=\"section-title section-title-normal\"><b aria-hidden=\"true\"><\/b><span class=\"section-title-main\" style=\"font-size:80%;\">Plage de temp\u00e9rature<\/span><b aria-hidden=\"true\"><\/b><\/h2><\/div>\n<p>Les blocs de qualit\u00e9 ULS SoliSlab\u2122 ont une temp\u00e9rature nominale de 1 200 \u00b0C.<br \/>\nLa temp\u00e9rature maximale d&rsquo;utilisation continue indiqu\u00e9e sur la fiche technique est une indication et ne s&rsquo;applique que dans une atmosph\u00e8re oxydante propre.<\/p>\n<div class=\"container section-title-container\" ><h2 class=\"section-title section-title-normal\"><b aria-hidden=\"true\"><\/b><span class=\"section-title-main\" style=\"font-size:80%;\">Applications typiques<\/span><b aria-hidden=\"true\"><\/b><\/h2><\/div>\n<ul>\n<li>Rev\u00eatement des wagons de four dans la c\u00e9ramique et le verre<\/li>\n<li>Mat\u00e9riau pr\u00e9curseur pour la fabrication de modules monolithiques en fibre<\/li>\n<li>Formes sur site pour les zones de vitrages et les coins dans les rev\u00eatements en fibre<\/li>\n<li>Isolation technique g\u00e9n\u00e9rale pour fours et installations techniques<\/li>\n<\/ul>\n\t\t<\/div>\n\t\t\t\t\t<\/div>\n\n\t\n<\/div>\n","protected":false},"excerpt":{"rendered":"<p>SoliSlab\u2122 est fabriqu\u00e9 sur une grande carde, formant un bloc massif. Gr\u00e2ce \u00e0 une perforation continue, un enclenchement extr\u00eamement \u00e9lev\u00e9 des fibres est obtenu. De nouvelles couches sont ensuite ajout\u00e9es pour obtenir une \u00e9paisseur totale de 152 mm. <\/p>\n<p>En raison de la perforation continue des couches de fibres sur la carde, du haut taux de fibres et de l\u2019enclenchement de la technologie de filature G\u00e9n\u00e9ration III, les blocs de fibres offrent une haute r\u00e9sistance et peuvent \u00eatre utilis\u00e9s dans des applications o\u00f9 sont pr\u00e9sent des gaz qui circulent \u00e0 grande vitesse.<\/p>\n<p>SoliSlab ULS\u00ae est fabriqu\u00e9 avec une fibre \u00e0 basse biopersistabilit\u00e9. Avec une temp\u00e9rature de classification de 1200\u00b0C. Tous les produits de la gamme SoliWool\u2122 ULS\u00ae, tels que SoliSlab\u2122 ULS, respectent les exigences sp\u00e9cifi\u00e9es dans la NOTE Q, du r\u00e8glement europ\u00e9en 1272\/2008. Par cons\u00e9quent, tous les produits SoliSlab\u2122 ULS\u00ae sont exon\u00e9r\u00e9s des exigences d\u2019\u00e9tiquetage en Europe.  <\/p>\n<p>Les blocs de fibre SoliSlab\u2122 ULS\u00ae sont disponibles de 128 \u00e0 240 kg\/m3. Tous les produits ont \u00e9t\u00e9 d\u00e9velopp\u00e9s pour r\u00e9pondre aux exigences sp\u00e9cifiques de l\u2019application finale. <\/p>\n<p>SoliSlab\u2122 ULS\u00ae est disponible en 2 tailles principales :<\/p>\n<ul>\n<li>La plaque SoliSlab\u2122 standard mesure 1000 x 610 x 152 mm et est emball\u00e9e avec 30 blocs par palette<\/li>\n<li>SoliSlab\u2122 XXL est livr\u00e9 sous forme de blocs de grande taille, 2150 x 610 x 152 mm, pour optimiser l\u2019exp\u00e9dition de conteneurs et minimiser les pertes li\u00e9es \u00e0 la conversion en modules<\/li>\n<\/ul>\n","protected":false},"featured_media":12191,"template":"","meta":[],"product_brand":[],"product_cat":[47],"product_tag":[],"class_list":{"0":"post-11017","1":"product","2":"type-product","3":"status-publish","4":"has-post-thumbnail","6":"product_cat-fibres-solubles","8":"first","9":"instock","10":"shipping-taxable","11":"product-type-simple"},"yoast_head":"<!-- This site is optimized with the Yoast SEO plugin v27.4 - https:\/\/yoast.com\/product\/yoast-seo-wordpress\/ -->\n<title>SoliSlab ULS-grade - Azaros<\/title>\n<meta name=\"robots\" content=\"index, follow, max-snippet:-1, max-image-preview:large, max-video-preview:-1\" \/>\n<link rel=\"canonical\" href=\"https:\/\/www.azaros.eu\/fr\/produit\/solislab-uls-grade\/\" \/>\n<meta property=\"og:locale\" content=\"fr_FR\" \/>\n<meta property=\"og:type\" content=\"article\" \/>\n<meta property=\"og:title\" content=\"SoliSlab ULS-grade - Azaros\" \/>\n<meta property=\"og:description\" content=\"SoliSlab\u2122 est fabriqu\u00e9 sur une grande carde, formant un bloc massif. Gr\u00e2ce \u00e0 une perforation continue, un enclenchement extr\u00eamement \u00e9lev\u00e9 des fibres est obtenu. De nouvelles couches sont ensuite ajout\u00e9es pour obtenir une \u00e9paisseur totale de 152 mm.  En raison de la perforation continue des couches de fibres sur la carde, du haut taux de fibres et de l\u2019enclenchement de la technologie de filature G\u00e9n\u00e9ration III, les blocs de fibres offrent une haute r\u00e9sistance et peuvent \u00eatre utilis\u00e9s dans des applications o\u00f9 sont pr\u00e9sent des gaz qui circulent \u00e0 grande vitesse. SoliSlab ULS\u00ae est fabriqu\u00e9 avec une fibre \u00e0 basse biopersistabilit\u00e9. Avec une temp\u00e9rature de classification de 1200\u00b0C. Tous les produits de la gamme SoliWool\u2122 ULS\u00ae, tels que SoliSlab\u2122 ULS, respectent les exigences sp\u00e9cifi\u00e9es dans la NOTE Q, du r\u00e8glement europ\u00e9en 1272\/2008. Par cons\u00e9quent, tous les produits SoliSlab\u2122 ULS\u00ae sont exon\u00e9r\u00e9s des exigences d\u2019\u00e9tiquetage en Europe.  Les blocs de fibre SoliSlab\u2122 ULS\u00ae sont disponibles de 128 \u00e0 240 kg\/m3. Tous les produits ont \u00e9t\u00e9 d\u00e9velopp\u00e9s pour r\u00e9pondre aux exigences sp\u00e9cifiques de l\u2019application finale.  SoliSlab\u2122 ULS\u00ae est disponible en 2 tailles principales :  La plaque SoliSlab\u2122 standard mesure 1000 x 610 x 152 mm et est emball\u00e9e avec 30 blocs par palette  SoliSlab\u2122 XXL est livr\u00e9 sous forme de blocs de grande taille, 2150 x 610 x 152 mm, pour optimiser l\u2019exp\u00e9dition de conteneurs et minimiser les pertes li\u00e9es \u00e0 la conversion en modules\" \/>\n<meta property=\"og:url\" content=\"https:\/\/www.azaros.eu\/fr\/produit\/solislab-uls-grade\/\" \/>\n<meta property=\"og:site_name\" content=\"Azaros\" \/>\n<meta property=\"article:modified_time\" content=\"2025-07-30T07:26:30+00:00\" \/>\n<meta property=\"og:image\" content=\"https:\/\/www.azaros.eu\/wp-content\/uploads\/2025\/07\/SoliSlab-ULS-grade.jpg\" \/>\n\t<meta property=\"og:image:width\" content=\"1199\" \/>\n\t<meta property=\"og:image:height\" content=\"699\" \/>\n\t<meta property=\"og:image:type\" content=\"image\/jpeg\" \/>\n<meta name=\"twitter:card\" content=\"summary_large_image\" \/>\n<meta name=\"twitter:label1\" content=\"Dur\u00e9e de lecture estim\u00e9e\" \/>\n\t<meta name=\"twitter:data1\" content=\"1 minute\" \/>\n<script type=\"application\/ld+json\" class=\"yoast-schema-graph\">{\"@context\":\"https:\\\/\\\/schema.org\",\"@graph\":[{\"@type\":\"WebPage\",\"@id\":\"https:\\\/\\\/www.azaros.eu\\\/fr\\\/produit\\\/solislab-uls-grade\\\/\",\"url\":\"https:\\\/\\\/www.azaros.eu\\\/fr\\\/produit\\\/solislab-uls-grade\\\/\",\"name\":\"SoliSlab ULS-grade - Azaros\",\"isPartOf\":{\"@id\":\"https:\\\/\\\/www.azaros.eu\\\/fr\\\/#website\"},\"primaryImageOfPage\":{\"@id\":\"https:\\\/\\\/www.azaros.eu\\\/fr\\\/produit\\\/solislab-uls-grade\\\/#primaryimage\"},\"image\":{\"@id\":\"https:\\\/\\\/www.azaros.eu\\\/fr\\\/produit\\\/solislab-uls-grade\\\/#primaryimage\"},\"thumbnailUrl\":\"https:\\\/\\\/www.azaros.eu\\\/wp-content\\\/uploads\\\/2025\\\/07\\\/SoliSlab-ULS-grade.jpg\",\"datePublished\":\"2024-04-14T10:52:10+00:00\",\"dateModified\":\"2025-07-30T07:26:30+00:00\",\"breadcrumb\":{\"@id\":\"https:\\\/\\\/www.azaros.eu\\\/fr\\\/produit\\\/solislab-uls-grade\\\/#breadcrumb\"},\"inLanguage\":\"fr-FR\",\"potentialAction\":[{\"@type\":\"ReadAction\",\"target\":[\"https:\\\/\\\/www.azaros.eu\\\/fr\\\/produit\\\/solislab-uls-grade\\\/\"]}]},{\"@type\":\"ImageObject\",\"inLanguage\":\"fr-FR\",\"@id\":\"https:\\\/\\\/www.azaros.eu\\\/fr\\\/produit\\\/solislab-uls-grade\\\/#primaryimage\",\"url\":\"https:\\\/\\\/www.azaros.eu\\\/wp-content\\\/uploads\\\/2025\\\/07\\\/SoliSlab-ULS-grade.jpg\",\"contentUrl\":\"https:\\\/\\\/www.azaros.eu\\\/wp-content\\\/uploads\\\/2025\\\/07\\\/SoliSlab-ULS-grade.jpg\",\"width\":1199,\"height\":699},{\"@type\":\"BreadcrumbList\",\"@id\":\"https:\\\/\\\/www.azaros.eu\\\/fr\\\/produit\\\/solislab-uls-grade\\\/#breadcrumb\",\"itemListElement\":[{\"@type\":\"ListItem\",\"position\":1,\"name\":\"Azaros\",\"item\":\"https:\\\/\\\/www.azaros.eu\\\/fr\\\/azaros-home\\\/\"},{\"@type\":\"ListItem\",\"position\":2,\"name\":\"Produits\",\"item\":\"https:\\\/\\\/www.azaros.eu\\\/fr\\\/produits\\\/\"},{\"@type\":\"ListItem\",\"position\":3,\"name\":\"Isolant thermique\",\"item\":\"https:\\\/\\\/www.azaros.eu\\\/fr\\\/produits\\\/isolant-thermique\\\/\"},{\"@type\":\"ListItem\",\"position\":4,\"name\":\"Fibres solubles\",\"item\":\"https:\\\/\\\/www.azaros.eu\\\/fr\\\/produits\\\/isolant-thermique\\\/fibres-solubles\\\/\"},{\"@type\":\"ListItem\",\"position\":5,\"name\":\"SoliSlab ULS-grade\"}]},{\"@type\":\"WebSite\",\"@id\":\"https:\\\/\\\/www.azaros.eu\\\/fr\\\/#website\",\"url\":\"https:\\\/\\\/www.azaros.eu\\\/fr\\\/\",\"name\":\"Azaros\",\"description\":\"Fabricamos, distribuimos y comercializamos una gran gama de suministros.\",\"potentialAction\":[{\"@type\":\"SearchAction\",\"target\":{\"@type\":\"EntryPoint\",\"urlTemplate\":\"https:\\\/\\\/www.azaros.eu\\\/fr\\\/?s={search_term_string}\"},\"query-input\":{\"@type\":\"PropertyValueSpecification\",\"valueRequired\":true,\"valueName\":\"search_term_string\"}}],\"inLanguage\":\"fr-FR\"}]}<\/script>\n<!-- \/ Yoast SEO plugin. -->","yoast_head_json":{"title":"SoliSlab ULS-grade - Azaros","robots":{"index":"index","follow":"follow","max-snippet":"max-snippet:-1","max-image-preview":"max-image-preview:large","max-video-preview":"max-video-preview:-1"},"canonical":"https:\/\/www.azaros.eu\/fr\/produit\/solislab-uls-grade\/","og_locale":"fr_FR","og_type":"article","og_title":"SoliSlab ULS-grade - Azaros","og_description":"SoliSlab\u2122 est fabriqu\u00e9 sur une grande carde, formant un bloc massif. Gr\u00e2ce \u00e0 une perforation continue, un enclenchement extr\u00eamement \u00e9lev\u00e9 des fibres est obtenu. De nouvelles couches sont ensuite ajout\u00e9es pour obtenir une \u00e9paisseur totale de 152 mm.  En raison de la perforation continue des couches de fibres sur la carde, du haut taux de fibres et de l\u2019enclenchement de la technologie de filature G\u00e9n\u00e9ration III, les blocs de fibres offrent une haute r\u00e9sistance et peuvent \u00eatre utilis\u00e9s dans des applications o\u00f9 sont pr\u00e9sent des gaz qui circulent \u00e0 grande vitesse. SoliSlab ULS\u00ae est fabriqu\u00e9 avec une fibre \u00e0 basse biopersistabilit\u00e9. Avec une temp\u00e9rature de classification de 1200\u00b0C. Tous les produits de la gamme SoliWool\u2122 ULS\u00ae, tels que SoliSlab\u2122 ULS, respectent les exigences sp\u00e9cifi\u00e9es dans la NOTE Q, du r\u00e8glement europ\u00e9en 1272\/2008. Par cons\u00e9quent, tous les produits SoliSlab\u2122 ULS\u00ae sont exon\u00e9r\u00e9s des exigences d\u2019\u00e9tiquetage en Europe.  Les blocs de fibre SoliSlab\u2122 ULS\u00ae sont disponibles de 128 \u00e0 240 kg\/m3. Tous les produits ont \u00e9t\u00e9 d\u00e9velopp\u00e9s pour r\u00e9pondre aux exigences sp\u00e9cifiques de l\u2019application finale.  SoliSlab\u2122 ULS\u00ae est disponible en 2 tailles principales :  La plaque SoliSlab\u2122 standard mesure 1000 x 610 x 152 mm et est emball\u00e9e avec 30 blocs par palette  SoliSlab\u2122 XXL est livr\u00e9 sous forme de blocs de grande taille, 2150 x 610 x 152 mm, pour optimiser l\u2019exp\u00e9dition de conteneurs et minimiser les pertes li\u00e9es \u00e0 la conversion en modules","og_url":"https:\/\/www.azaros.eu\/fr\/produit\/solislab-uls-grade\/","og_site_name":"Azaros","article_modified_time":"2025-07-30T07:26:30+00:00","og_image":[{"width":1199,"height":699,"url":"https:\/\/www.azaros.eu\/wp-content\/uploads\/2025\/07\/SoliSlab-ULS-grade.jpg","type":"image\/jpeg"}],"twitter_card":"summary_large_image","twitter_misc":{"Dur\u00e9e de lecture estim\u00e9e":"1 minute"},"schema":{"@context":"https:\/\/schema.org","@graph":[{"@type":"WebPage","@id":"https:\/\/www.azaros.eu\/fr\/produit\/solislab-uls-grade\/","url":"https:\/\/www.azaros.eu\/fr\/produit\/solislab-uls-grade\/","name":"SoliSlab ULS-grade - Azaros","isPartOf":{"@id":"https:\/\/www.azaros.eu\/fr\/#website"},"primaryImageOfPage":{"@id":"https:\/\/www.azaros.eu\/fr\/produit\/solislab-uls-grade\/#primaryimage"},"image":{"@id":"https:\/\/www.azaros.eu\/fr\/produit\/solislab-uls-grade\/#primaryimage"},"thumbnailUrl":"https:\/\/www.azaros.eu\/wp-content\/uploads\/2025\/07\/SoliSlab-ULS-grade.jpg","datePublished":"2024-04-14T10:52:10+00:00","dateModified":"2025-07-30T07:26:30+00:00","breadcrumb":{"@id":"https:\/\/www.azaros.eu\/fr\/produit\/solislab-uls-grade\/#breadcrumb"},"inLanguage":"fr-FR","potentialAction":[{"@type":"ReadAction","target":["https:\/\/www.azaros.eu\/fr\/produit\/solislab-uls-grade\/"]}]},{"@type":"ImageObject","inLanguage":"fr-FR","@id":"https:\/\/www.azaros.eu\/fr\/produit\/solislab-uls-grade\/#primaryimage","url":"https:\/\/www.azaros.eu\/wp-content\/uploads\/2025\/07\/SoliSlab-ULS-grade.jpg","contentUrl":"https:\/\/www.azaros.eu\/wp-content\/uploads\/2025\/07\/SoliSlab-ULS-grade.jpg","width":1199,"height":699},{"@type":"BreadcrumbList","@id":"https:\/\/www.azaros.eu\/fr\/produit\/solislab-uls-grade\/#breadcrumb","itemListElement":[{"@type":"ListItem","position":1,"name":"Azaros","item":"https:\/\/www.azaros.eu\/fr\/azaros-home\/"},{"@type":"ListItem","position":2,"name":"Produits","item":"https:\/\/www.azaros.eu\/fr\/produits\/"},{"@type":"ListItem","position":3,"name":"Isolant thermique","item":"https:\/\/www.azaros.eu\/fr\/produits\/isolant-thermique\/"},{"@type":"ListItem","position":4,"name":"Fibres solubles","item":"https:\/\/www.azaros.eu\/fr\/produits\/isolant-thermique\/fibres-solubles\/"},{"@type":"ListItem","position":5,"name":"SoliSlab ULS-grade"}]},{"@type":"WebSite","@id":"https:\/\/www.azaros.eu\/fr\/#website","url":"https:\/\/www.azaros.eu\/fr\/","name":"Azaros","description":"Fabricamos, distribuimos y comercializamos una gran gama de suministros.","potentialAction":[{"@type":"SearchAction","target":{"@type":"EntryPoint","urlTemplate":"https:\/\/www.azaros.eu\/fr\/?s={search_term_string}"},"query-input":{"@type":"PropertyValueSpecification","valueRequired":true,"valueName":"search_term_string"}}],"inLanguage":"fr-FR"}]}},"_links":{"self":[{"href":"https:\/\/www.azaros.eu\/fr\/wp-json\/wp\/v2\/product\/11017","targetHints":{"allow":["GET"]}}],"collection":[{"href":"https:\/\/www.azaros.eu\/fr\/wp-json\/wp\/v2\/product"}],"about":[{"href":"https:\/\/www.azaros.eu\/fr\/wp-json\/wp\/v2\/types\/product"}],"wp:featuredmedia":[{"embeddable":true,"href":"https:\/\/www.azaros.eu\/fr\/wp-json\/wp\/v2\/media\/12191"}],"wp:attachment":[{"href":"https:\/\/www.azaros.eu\/fr\/wp-json\/wp\/v2\/media?parent=11017"}],"wp:term":[{"taxonomy":"product_brand","embeddable":true,"href":"https:\/\/www.azaros.eu\/fr\/wp-json\/wp\/v2\/product_brand?post=11017"},{"taxonomy":"product_cat","embeddable":true,"href":"https:\/\/www.azaros.eu\/fr\/wp-json\/wp\/v2\/product_cat?post=11017"},{"taxonomy":"product_tag","embeddable":true,"href":"https:\/\/www.azaros.eu\/fr\/wp-json\/wp\/v2\/product_tag?post=11017"}],"curies":[{"name":"wp","href":"https:\/\/api.w.org\/{rel}","templated":true}]}}