{"id":11027,"date":"2024-07-12T13:09:28","date_gmt":"2024-07-12T12:09:28","guid":{"rendered":"https:\/\/www.azaros.eu\/producto\/solislab-x-grade\/"},"modified":"2025-05-16T11:05:25","modified_gmt":"2025-05-16T10:05:25","slug":"solislab-x-grade","status":"publish","type":"product","link":"https:\/\/www.azaros.eu\/fr\/produit\/solislab-x-grade\/","title":{"rendered":"SoliSlab X-grade"},"content":{"rendered":"<div class=\"row\"  id=\"row-976174413\">\n\n\t<div id=\"col-146511046\" class=\"col medium-6 small-12 large-6\"  >\n\t\t\t\t<div class=\"col-inner\"  >\n\t\t\t\n\t\t\t\n<div class=\"container section-title-container\" ><h2 class=\"section-title section-title-normal\"><b aria-hidden=\"true\"><\/b><span class=\"section-title-main\" style=\"font-size:80%;\">Dimensiones disponibles:<\/span><b aria-hidden=\"true\"><\/b><\/h2><\/div>\n<ul>\n<li><strong>SoliSlab\u2122 Standard :<\/strong> 1000 \u00d7 610 \u00d7 152 mm<\/li>\n<li><strong>SoliSlab\u2122 XXL :<\/strong> 2150 \u00d7 610 \u00d7 152 mm, pour minimiser les pertes lors de la conversion en modules.<\/li>\n<li>Consultez d\u2019autres tailles disponibles<\/li>\n<\/ul>\n<div class=\"container section-title-container\" ><h2 class=\"section-title section-title-normal\"><b aria-hidden=\"true\"><\/b><span class=\"section-title-main\" style=\"font-size:80%;\">Type<\/span><b aria-hidden=\"true\"><\/b><\/h2><\/div>\n<p>Blocs en fibre monolithique en fibre c\u00e9ramique r\u00e9fractaire \u00e0 haute temp\u00e9rature.<\/p>\n<div class=\"container section-title-container\" ><h2 class=\"section-title section-title-normal\"><b aria-hidden=\"true\"><\/b><span class=\"section-title-main\" style=\"font-size:80%;\">Avantages<\/span><b aria-hidden=\"true\"><\/b><\/h2><\/div>\n<ul>\n<li>Solution technique \u00e9prouv\u00e9e<\/li>\n<li>Technologie Low Shot<\/li>\n<li>Excellente performance d\u2019isolation<\/li>\n<li>Haute r\u00e9sistance \u00e0 la manipulation<\/li>\n<li>Insensible \u00e0 la plupart des produits chimiques<\/li>\n<li>Excellente stabilit\u00e9 thermique<\/li>\n<li>R\u00e9sistant aux chocs thermiques<\/li>\n<\/ul>\n\t\t<\/div>\n\t\t\t\t\t<\/div>\n\n\t\n\n\t<div id=\"col-1610024945\" class=\"col medium-6 small-12 large-6\"  >\n\t\t\t\t<div class=\"col-inner\"  >\n\t\t\t\n\t\t\t\n<div class=\"container section-title-container\" ><h2 class=\"section-title section-title-normal\"><b aria-hidden=\"true\"><\/b><span class=\"section-title-main\" style=\"font-size:80%;\">Plage de temp\u00e9rature<\/span><b aria-hidden=\"true\"><\/b><\/h2><\/div>\n<p>Les blocs en fibre SoliSlab\u2122 X-grade ont une temp\u00e9rature de classification de 1260\u00b0C.<\/p>\n<p>La temp\u00e9rature maximale d\u2019utilisation continue indiqu\u00e9e dans la fiche technique est indicative et ne s\u2019applique que dans une atmosph\u00e8re oxydante propre.<\/p>\n<div class=\"container section-title-container\" ><h2 class=\"section-title section-title-normal\"><b aria-hidden=\"true\"><\/b><span class=\"section-title-main\" style=\"font-size:80%;\">Applications typiques<\/span><b aria-hidden=\"true\"><\/b><\/h2><\/div>\n<ul>\n<li>Rev\u00eatement des wagons de four dans les industries c\u00e9ramique et du verre<\/li>\n<li>Mat\u00e9riau pr\u00e9curseur pour la fabrication de modules de fibres monolithiques<\/li>\n<li>Formes sur site dans les zones des hublots et coins dans les rev\u00eatements de fibres<\/li>\n<li>Isolation technique g\u00e9n\u00e9rale des fours et installations techniques<\/li>\n<\/ul>\n\t\t<\/div>\n\t\t\t\t\t<\/div>\n\n\t\n<\/div>\n<div class=\"row\"  id=\"row-1123075216\">\n\n\t<div id=\"col-345502372\" class=\"col medium-12 large-12\"  >\n\t\t\t\t<div class=\"col-inner\"  >\n\t\t\t\n\t\t\t\n<table width=\"567\">\n<tbody>\n<tr>\n<td width=\"168\"><strong>Propiedades medidas<\/strong><\/td>\n<td width=\"168\"><strong>Est\u00e1ndar<\/strong><\/td>\n<td width=\"89\"><strong>Unidad<\/strong><\/td>\n<td width=\"142\"><strong>SoliSlab X-grade<\/strong><\/td>\n<\/tr>\n<tr>\n<td width=\"168\">Grado<\/td>\n<td width=\"168\"><\/td>\n<td width=\"89\"><\/td>\n<td width=\"142\">RCF<\/td>\n<\/tr>\n<tr>\n<td width=\"168\">Color<\/td>\n<td width=\"168\"><\/td>\n<td width=\"89\"><\/td>\n<td width=\"142\">Blanco<\/td>\n<\/tr>\n<tr>\n<td width=\"168\">Temperatura de clasificaci\u00f3n<\/td>\n<td width=\"168\"><\/td>\n<td width=\"89\">\u00baC<\/td>\n<td width=\"142\">1260<\/td>\n<\/tr>\n<\/tbody>\n<\/table>\n\t\t<\/div>\n\t\t\t\t\t<\/div>\n\n\t\n<\/div>\n","protected":false},"excerpt":{"rendered":"<p>Les blocs SoliSlab\u2122 font partie des rares r\u00e9f\u00e9rences en fibres monolithiques disponibles. Ce sont des blocs en fibres de grande taille et d&rsquo;une \u00e9paisseur de 152 mm qui peuvent \u00eatre coup\u00e9s et transform\u00e9s pour la production de modules en fibres monolithiques, ou utilis\u00e9s comme base pour des fours. <\/p>\n<p>Ce qui est unique, c\u2019est que nos blocs SoliSlab\u2122 sont fabriqu\u00e9s avec notre technologie de fibres premium de G\u00e9n\u00e9ration III, tant en fibres c\u00e9ramiques r\u00e9fractaires qu\u2019en fibres \u00e0 faible biopersistance. En cons\u00e9quence, les modules bas\u00e9s sur notre SoliSlab\u2122 offrent une meilleure isolation thermique, une grande r\u00e9sistance et peuvent \u00eatre utilis\u00e9s dans des fours avec des flux gazeux \u00e0 haute vitesse. <\/p>\n<p>SoliSlab\u2122 est fabriqu\u00e9 \u00e0 partir d\u2019une roue de grande taille qui est transform\u00e9e en une dalle \u00e9norme et, gr\u00e2ce \u00e0 une perforation continue, un enchev\u00eatrement extr\u00eamement \u00e9lev\u00e9 des fibres est obtenu.<\/p>\n<p>De nouvelles couches sont ensuite ajout\u00e9es pour atteindre une \u00e9paisseur totale de 152 mm. En raison de la perforation continue des couches de fibres sur la roue, du taux \u00e9lev\u00e9 de fibres et de l\u2019enchev\u00eatrement de notre technologie de filature de G\u00e9n\u00e9ration III, les mat\u00e9riaux en fibres obtenus offrent une grande r\u00e9sistance et peuvent \u00eatre utilis\u00e9s dans des applications avec des flux gazeux \u00e0 haute vitesse.<\/p>\n<p>SoliSlab X-grade utilise la derni\u00e8re technologie de filage pour offrir des performances am\u00e9lior\u00e9es par rapport \u00e0 une fibre en blocs standard. Avec une temp\u00e9rature nominale de 1260\u00b0C, une utilisation continue est recommand\u00e9e jusqu&rsquo;\u00e0 1100\u00b0C. <\/p>\n","protected":false},"featured_media":7375,"template":"","meta":[],"product_brand":[],"product_cat":[48],"product_tag":[],"class_list":{"0":"post-11027","1":"product","2":"type-product","3":"status-publish","4":"has-post-thumbnail","6":"product_cat-fibres-ceramiques","8":"first","9":"instock","10":"shipping-taxable","11":"product-type-simple"},"yoast_head":"<!-- This site is optimized with the Yoast SEO plugin v27.4 - https:\/\/yoast.com\/product\/yoast-seo-wordpress\/ -->\n<title>SoliSlab X-grade - Azaros<\/title>\n<meta name=\"robots\" content=\"index, follow, max-snippet:-1, max-image-preview:large, max-video-preview:-1\" \/>\n<link rel=\"canonical\" href=\"https:\/\/www.azaros.eu\/fr\/produit\/solislab-x-grade\/\" \/>\n<meta property=\"og:locale\" content=\"fr_FR\" \/>\n<meta property=\"og:type\" content=\"article\" \/>\n<meta property=\"og:title\" content=\"SoliSlab X-grade - Azaros\" \/>\n<meta property=\"og:description\" content=\"Les blocs SoliSlab\u2122 font partie des rares r\u00e9f\u00e9rences en fibres monolithiques disponibles. Ce sont des blocs en fibres de grande taille et d&#039;une \u00e9paisseur de 152 mm qui peuvent \u00eatre coup\u00e9s et transform\u00e9s pour la production de modules en fibres monolithiques, ou utilis\u00e9s comme base pour des fours.  Ce qui est unique, c\u2019est que nos blocs SoliSlab\u2122 sont fabriqu\u00e9s avec notre technologie de fibres premium de G\u00e9n\u00e9ration III, tant en fibres c\u00e9ramiques r\u00e9fractaires qu\u2019en fibres \u00e0 faible biopersistance. En cons\u00e9quence, les modules bas\u00e9s sur notre SoliSlab\u2122 offrent une meilleure isolation thermique, une grande r\u00e9sistance et peuvent \u00eatre utilis\u00e9s dans des fours avec des flux gazeux \u00e0 haute vitesse.  SoliSlab\u2122 est fabriqu\u00e9 \u00e0 partir d\u2019une roue de grande taille qui est transform\u00e9e en une dalle \u00e9norme et, gr\u00e2ce \u00e0 une perforation continue, un enchev\u00eatrement extr\u00eamement \u00e9lev\u00e9 des fibres est obtenu. De nouvelles couches sont ensuite ajout\u00e9es pour atteindre une \u00e9paisseur totale de 152 mm. En raison de la perforation continue des couches de fibres sur la roue, du taux \u00e9lev\u00e9 de fibres et de l\u2019enchev\u00eatrement de notre technologie de filature de G\u00e9n\u00e9ration III, les mat\u00e9riaux en fibres obtenus offrent une grande r\u00e9sistance et peuvent \u00eatre utilis\u00e9s dans des applications avec des flux gazeux \u00e0 haute vitesse. SoliSlab X-grade utilise la derni\u00e8re technologie de filage pour offrir des performances am\u00e9lior\u00e9es par rapport \u00e0 une fibre en blocs standard. Avec une temp\u00e9rature nominale de 1260\u00b0C, une utilisation continue est recommand\u00e9e jusqu&#039;\u00e0 1100\u00b0C.\" \/>\n<meta property=\"og:url\" content=\"https:\/\/www.azaros.eu\/fr\/produit\/solislab-x-grade\/\" \/>\n<meta property=\"og:site_name\" content=\"Azaros\" \/>\n<meta property=\"article:modified_time\" content=\"2025-05-16T10:05:25+00:00\" \/>\n<meta property=\"og:image\" content=\"https:\/\/www.azaros.eu\/wp-content\/uploads\/2024\/04\/Solislab.jpg\" \/>\n\t<meta property=\"og:image:width\" content=\"1200\" \/>\n\t<meta property=\"og:image:height\" content=\"700\" \/>\n\t<meta property=\"og:image:type\" content=\"image\/jpeg\" \/>\n<meta name=\"twitter:card\" content=\"summary_large_image\" \/>\n<meta name=\"twitter:label1\" content=\"Dur\u00e9e de lecture estim\u00e9e\" \/>\n\t<meta name=\"twitter:data1\" content=\"1 minute\" \/>\n<script type=\"application\/ld+json\" class=\"yoast-schema-graph\">{\"@context\":\"https:\\\/\\\/schema.org\",\"@graph\":[{\"@type\":\"WebPage\",\"@id\":\"https:\\\/\\\/www.azaros.eu\\\/fr\\\/produit\\\/solislab-x-grade\\\/\",\"url\":\"https:\\\/\\\/www.azaros.eu\\\/fr\\\/produit\\\/solislab-x-grade\\\/\",\"name\":\"SoliSlab X-grade - Azaros\",\"isPartOf\":{\"@id\":\"https:\\\/\\\/www.azaros.eu\\\/fr\\\/#website\"},\"primaryImageOfPage\":{\"@id\":\"https:\\\/\\\/www.azaros.eu\\\/fr\\\/produit\\\/solislab-x-grade\\\/#primaryimage\"},\"image\":{\"@id\":\"https:\\\/\\\/www.azaros.eu\\\/fr\\\/produit\\\/solislab-x-grade\\\/#primaryimage\"},\"thumbnailUrl\":\"https:\\\/\\\/www.azaros.eu\\\/wp-content\\\/uploads\\\/2024\\\/04\\\/Solislab.jpg\",\"datePublished\":\"2024-07-12T12:09:28+00:00\",\"dateModified\":\"2025-05-16T10:05:25+00:00\",\"breadcrumb\":{\"@id\":\"https:\\\/\\\/www.azaros.eu\\\/fr\\\/produit\\\/solislab-x-grade\\\/#breadcrumb\"},\"inLanguage\":\"fr-FR\",\"potentialAction\":[{\"@type\":\"ReadAction\",\"target\":[\"https:\\\/\\\/www.azaros.eu\\\/fr\\\/produit\\\/solislab-x-grade\\\/\"]}]},{\"@type\":\"ImageObject\",\"inLanguage\":\"fr-FR\",\"@id\":\"https:\\\/\\\/www.azaros.eu\\\/fr\\\/produit\\\/solislab-x-grade\\\/#primaryimage\",\"url\":\"https:\\\/\\\/www.azaros.eu\\\/wp-content\\\/uploads\\\/2024\\\/04\\\/Solislab.jpg\",\"contentUrl\":\"https:\\\/\\\/www.azaros.eu\\\/wp-content\\\/uploads\\\/2024\\\/04\\\/Solislab.jpg\",\"width\":1200,\"height\":700},{\"@type\":\"BreadcrumbList\",\"@id\":\"https:\\\/\\\/www.azaros.eu\\\/fr\\\/produit\\\/solislab-x-grade\\\/#breadcrumb\",\"itemListElement\":[{\"@type\":\"ListItem\",\"position\":1,\"name\":\"Azaros\",\"item\":\"https:\\\/\\\/www.azaros.eu\\\/fr\\\/azaros-home\\\/\"},{\"@type\":\"ListItem\",\"position\":2,\"name\":\"Produits\",\"item\":\"https:\\\/\\\/www.azaros.eu\\\/fr\\\/produits\\\/\"},{\"@type\":\"ListItem\",\"position\":3,\"name\":\"Isolant thermique\",\"item\":\"https:\\\/\\\/www.azaros.eu\\\/fr\\\/produits\\\/isolant-thermique\\\/\"},{\"@type\":\"ListItem\",\"position\":4,\"name\":\"Fibres c\u00e9ramiques\",\"item\":\"https:\\\/\\\/www.azaros.eu\\\/fr\\\/produits\\\/isolant-thermique\\\/fibres-ceramiques\\\/\"},{\"@type\":\"ListItem\",\"position\":5,\"name\":\"SoliSlab X-grade\"}]},{\"@type\":\"WebSite\",\"@id\":\"https:\\\/\\\/www.azaros.eu\\\/fr\\\/#website\",\"url\":\"https:\\\/\\\/www.azaros.eu\\\/fr\\\/\",\"name\":\"Azaros\",\"description\":\"Fabricamos, distribuimos y comercializamos una gran gama de suministros.\",\"potentialAction\":[{\"@type\":\"SearchAction\",\"target\":{\"@type\":\"EntryPoint\",\"urlTemplate\":\"https:\\\/\\\/www.azaros.eu\\\/fr\\\/?s={search_term_string}\"},\"query-input\":{\"@type\":\"PropertyValueSpecification\",\"valueRequired\":true,\"valueName\":\"search_term_string\"}}],\"inLanguage\":\"fr-FR\"}]}<\/script>\n<!-- \/ Yoast SEO plugin. -->","yoast_head_json":{"title":"SoliSlab X-grade - Azaros","robots":{"index":"index","follow":"follow","max-snippet":"max-snippet:-1","max-image-preview":"max-image-preview:large","max-video-preview":"max-video-preview:-1"},"canonical":"https:\/\/www.azaros.eu\/fr\/produit\/solislab-x-grade\/","og_locale":"fr_FR","og_type":"article","og_title":"SoliSlab X-grade - Azaros","og_description":"Les blocs SoliSlab\u2122 font partie des rares r\u00e9f\u00e9rences en fibres monolithiques disponibles. Ce sont des blocs en fibres de grande taille et d'une \u00e9paisseur de 152 mm qui peuvent \u00eatre coup\u00e9s et transform\u00e9s pour la production de modules en fibres monolithiques, ou utilis\u00e9s comme base pour des fours.  Ce qui est unique, c\u2019est que nos blocs SoliSlab\u2122 sont fabriqu\u00e9s avec notre technologie de fibres premium de G\u00e9n\u00e9ration III, tant en fibres c\u00e9ramiques r\u00e9fractaires qu\u2019en fibres \u00e0 faible biopersistance. En cons\u00e9quence, les modules bas\u00e9s sur notre SoliSlab\u2122 offrent une meilleure isolation thermique, une grande r\u00e9sistance et peuvent \u00eatre utilis\u00e9s dans des fours avec des flux gazeux \u00e0 haute vitesse.  SoliSlab\u2122 est fabriqu\u00e9 \u00e0 partir d\u2019une roue de grande taille qui est transform\u00e9e en une dalle \u00e9norme et, gr\u00e2ce \u00e0 une perforation continue, un enchev\u00eatrement extr\u00eamement \u00e9lev\u00e9 des fibres est obtenu. De nouvelles couches sont ensuite ajout\u00e9es pour atteindre une \u00e9paisseur totale de 152 mm. En raison de la perforation continue des couches de fibres sur la roue, du taux \u00e9lev\u00e9 de fibres et de l\u2019enchev\u00eatrement de notre technologie de filature de G\u00e9n\u00e9ration III, les mat\u00e9riaux en fibres obtenus offrent une grande r\u00e9sistance et peuvent \u00eatre utilis\u00e9s dans des applications avec des flux gazeux \u00e0 haute vitesse. SoliSlab X-grade utilise la derni\u00e8re technologie de filage pour offrir des performances am\u00e9lior\u00e9es par rapport \u00e0 une fibre en blocs standard. Avec une temp\u00e9rature nominale de 1260\u00b0C, une utilisation continue est recommand\u00e9e jusqu'\u00e0 1100\u00b0C.","og_url":"https:\/\/www.azaros.eu\/fr\/produit\/solislab-x-grade\/","og_site_name":"Azaros","article_modified_time":"2025-05-16T10:05:25+00:00","og_image":[{"width":1200,"height":700,"url":"https:\/\/www.azaros.eu\/wp-content\/uploads\/2024\/04\/Solislab.jpg","type":"image\/jpeg"}],"twitter_card":"summary_large_image","twitter_misc":{"Dur\u00e9e de lecture estim\u00e9e":"1 minute"},"schema":{"@context":"https:\/\/schema.org","@graph":[{"@type":"WebPage","@id":"https:\/\/www.azaros.eu\/fr\/produit\/solislab-x-grade\/","url":"https:\/\/www.azaros.eu\/fr\/produit\/solislab-x-grade\/","name":"SoliSlab X-grade - Azaros","isPartOf":{"@id":"https:\/\/www.azaros.eu\/fr\/#website"},"primaryImageOfPage":{"@id":"https:\/\/www.azaros.eu\/fr\/produit\/solislab-x-grade\/#primaryimage"},"image":{"@id":"https:\/\/www.azaros.eu\/fr\/produit\/solislab-x-grade\/#primaryimage"},"thumbnailUrl":"https:\/\/www.azaros.eu\/wp-content\/uploads\/2024\/04\/Solislab.jpg","datePublished":"2024-07-12T12:09:28+00:00","dateModified":"2025-05-16T10:05:25+00:00","breadcrumb":{"@id":"https:\/\/www.azaros.eu\/fr\/produit\/solislab-x-grade\/#breadcrumb"},"inLanguage":"fr-FR","potentialAction":[{"@type":"ReadAction","target":["https:\/\/www.azaros.eu\/fr\/produit\/solislab-x-grade\/"]}]},{"@type":"ImageObject","inLanguage":"fr-FR","@id":"https:\/\/www.azaros.eu\/fr\/produit\/solislab-x-grade\/#primaryimage","url":"https:\/\/www.azaros.eu\/wp-content\/uploads\/2024\/04\/Solislab.jpg","contentUrl":"https:\/\/www.azaros.eu\/wp-content\/uploads\/2024\/04\/Solislab.jpg","width":1200,"height":700},{"@type":"BreadcrumbList","@id":"https:\/\/www.azaros.eu\/fr\/produit\/solislab-x-grade\/#breadcrumb","itemListElement":[{"@type":"ListItem","position":1,"name":"Azaros","item":"https:\/\/www.azaros.eu\/fr\/azaros-home\/"},{"@type":"ListItem","position":2,"name":"Produits","item":"https:\/\/www.azaros.eu\/fr\/produits\/"},{"@type":"ListItem","position":3,"name":"Isolant thermique","item":"https:\/\/www.azaros.eu\/fr\/produits\/isolant-thermique\/"},{"@type":"ListItem","position":4,"name":"Fibres c\u00e9ramiques","item":"https:\/\/www.azaros.eu\/fr\/produits\/isolant-thermique\/fibres-ceramiques\/"},{"@type":"ListItem","position":5,"name":"SoliSlab X-grade"}]},{"@type":"WebSite","@id":"https:\/\/www.azaros.eu\/fr\/#website","url":"https:\/\/www.azaros.eu\/fr\/","name":"Azaros","description":"Fabricamos, distribuimos y comercializamos una gran gama de suministros.","potentialAction":[{"@type":"SearchAction","target":{"@type":"EntryPoint","urlTemplate":"https:\/\/www.azaros.eu\/fr\/?s={search_term_string}"},"query-input":{"@type":"PropertyValueSpecification","valueRequired":true,"valueName":"search_term_string"}}],"inLanguage":"fr-FR"}]}},"_links":{"self":[{"href":"https:\/\/www.azaros.eu\/fr\/wp-json\/wp\/v2\/product\/11027","targetHints":{"allow":["GET"]}}],"collection":[{"href":"https:\/\/www.azaros.eu\/fr\/wp-json\/wp\/v2\/product"}],"about":[{"href":"https:\/\/www.azaros.eu\/fr\/wp-json\/wp\/v2\/types\/product"}],"wp:featuredmedia":[{"embeddable":true,"href":"https:\/\/www.azaros.eu\/fr\/wp-json\/wp\/v2\/media\/7375"}],"wp:attachment":[{"href":"https:\/\/www.azaros.eu\/fr\/wp-json\/wp\/v2\/media?parent=11027"}],"wp:term":[{"taxonomy":"product_brand","embeddable":true,"href":"https:\/\/www.azaros.eu\/fr\/wp-json\/wp\/v2\/product_brand?post=11027"},{"taxonomy":"product_cat","embeddable":true,"href":"https:\/\/www.azaros.eu\/fr\/wp-json\/wp\/v2\/product_cat?post=11027"},{"taxonomy":"product_tag","embeddable":true,"href":"https:\/\/www.azaros.eu\/fr\/wp-json\/wp\/v2\/product_tag?post=11027"}],"curies":[{"name":"wp","href":"https:\/\/api.w.org\/{rel}","templated":true}]}}