{"id":11037,"date":"2024-06-10T17:21:05","date_gmt":"2024-06-10T16:21:05","guid":{"rendered":"https:\/\/www.azaros.eu\/producto\/plaques-en-fibre-polycristalline\/"},"modified":"2025-05-16T12:54:59","modified_gmt":"2025-05-16T11:54:59","slug":"plaques-en-fibre-polycristalline","status":"publish","type":"product","link":"https:\/\/www.azaros.eu\/fr\/produit\/plaques-en-fibre-polycristalline\/","title":{"rendered":"Plaques en fibre polycristalline"},"content":{"rendered":"<div class=\"row\"  id=\"row-667320801\">\n\n\t<div id=\"col-172078790\" class=\"col medium-6 small-12 large-6\"  >\n\t\t\t\t<div class=\"col-inner\"  >\n\t\t\t\n\t\t\t\n<div class=\"container section-title-container\" ><h2 class=\"section-title section-title-normal\"><b aria-hidden=\"true\"><\/b><span class=\"section-title-main\" style=\"font-size:80%;\">Caract\u00e9ristiques<\/span><b aria-hidden=\"true\"><\/b><\/h2><\/div>\n<ul>\n<li>Excellente stabilit\u00e9 \u00e0 haute temp\u00e9rature.<\/li>\n<li>Faible r\u00e9traction au chauffage.<\/li>\n<li>Excellente performance en isolation et en r\u00e9fractarit\u00e9<\/li>\n<li>Haut pouvoir de noircissement, bonne capacit\u00e9 de r\u00e9flexion thermique<\/li>\n<li>Faible stockage de chaleur, faible conductivit\u00e9 thermique<\/li>\n<li>R\u00e9partition uniforme du diam\u00e8tre des fibres, haute r\u00e9sistance \u00e0 la traction<\/li>\n<li>Bonne flexibilit\u00e9 \u00e0 haute temp\u00e9rature, excellente r\u00e9sistance aux chocs thermiques et aux vibrations m\u00e9caniques<\/li>\n<li>Comportement chimique stable, haute r\u00e9sistance \u00e0 la corrosion<\/li>\n<\/ul>\n\t\t<\/div>\n\t\t\t\t\t<\/div>\n\n\t\n\n\t<div id=\"col-215297289\" class=\"col medium-6 small-12 large-6\"  >\n\t\t\t\t<div class=\"col-inner\"  >\n\t\t\t\n\t\t\t\n<div class=\"container section-title-container\" ><h2 class=\"section-title section-title-normal\"><b aria-hidden=\"true\"><\/b><span class=\"section-title-main\" style=\"font-size:80%;\">Applications typiques<\/span><b aria-hidden=\"true\"><\/b><\/h2><\/div>\n<ul>\n<li>Fours pour l\u2019industrie sid\u00e9rurgique fonctionnant entre 1250\u202f\u00b0C et 1500\u202f\u00b0C.<\/li>\n<li>Rev\u00eatement de face chaude ou couche de couverture dans les fours \u00e0 sole mobile, les fours basculants, les fours circulaires, les lignes de recuit et de galvanisation en continu, les fonderies de t\u00f4les fines, les fours de laminage, les lignes de recuit continu de fer au silicium et d\u2019acier inoxydable, etc.<\/li>\n<li>Isolation externe des poutres coulissantes dans les fours basculants<\/li>\n<li>Couche de protection contre les chutes sur la face chaude des lignes de recuit et de galvanisation en continu<\/li>\n<li>Fours haute temp\u00e9rature dans le secteur p\u00e9trochimique<\/li>\n<li>Rev\u00eatement de colonnes et d\u2019angles dans les fours de craquage \u00e0 l\u2019\u00e9thyl\u00e8ne<\/li>\n<li>Rev\u00eatement de face chaude dans les fours de reformage<\/li>\n<li>Mat\u00e9riau de remplissage pour interstices soumis \u00e0 haute temp\u00e9rature<\/li>\n<li>Rev\u00eatement de fours de cuisson rapide dans l\u2019industrie c\u00e9ramique<\/li>\n<li>Rev\u00eatement \u00e9lectromagn\u00e9tique de fours intermittents<\/li>\n<li>Joint d\u2019\u00e9tanch\u00e9it\u00e9 pour catalyseur trois voies dans l\u2019industrie automobile<\/li>\n<li>Joint d\u2019\u00e9tanch\u00e9it\u00e9 pour sections expos\u00e9es \u00e0 haute temp\u00e9rature<\/li>\n<\/ul>\n\t\t<\/div>\n\t\t\t\t\t<\/div>\n\n\t\n<\/div>\n","protected":false},"excerpt":{"rendered":"<p>La plaque polycristalline est fabriqu\u00e9e selon le proc\u00e9d\u00e9 collo\u00efdal \u00ab\u202fSol-Gel\u202f\u00bb, afin de produire une fibre r\u00e9fractaire haute temp\u00e9rature \u00e0 base de mullite microcristalline, obtenue par calcination \u00e0 haute temp\u00e9rature.<br \/>\nElle est produite \u00e0 partir de fibre d\u2019alumine avec double aiguilletage, sans aucun additif ni composant suppl\u00e9mentaire.<\/p>\n","protected":false},"featured_media":6235,"template":"","meta":[],"product_brand":[],"product_cat":[49],"product_tag":[],"class_list":{"0":"post-11037","1":"product","2":"type-product","3":"status-publish","4":"has-post-thumbnail","6":"product_cat-fibre-polycristalline","8":"first","9":"instock","10":"shipping-taxable","11":"product-type-simple"},"yoast_head":"<!-- This site is optimized with the Yoast SEO plugin v27.4 - https:\/\/yoast.com\/product\/yoast-seo-wordpress\/ -->\n<title>Plaques en fibre soluble | Azaros<\/title>\n<meta name=\"description\" content=\"Trouvez chez Azaros.eu les meilleures plaques en fibre soluble du march\u00e9. D\u00e9couvrez les plaques en fibre soluble Azaros au meilleur prix.\" \/>\n<meta name=\"robots\" content=\"index, follow, max-snippet:-1, max-image-preview:large, max-video-preview:-1\" \/>\n<link rel=\"canonical\" href=\"https:\/\/www.azaros.eu\/fr\/produit\/plaques-en-fibre-polycristalline\/\" \/>\n<meta property=\"og:locale\" content=\"fr_FR\" \/>\n<meta property=\"og:type\" content=\"article\" \/>\n<meta property=\"og:title\" content=\"Plaques en fibre soluble | Azaros\" \/>\n<meta property=\"og:description\" content=\"Trouvez chez Azaros.eu les meilleures plaques en fibre soluble du march\u00e9. D\u00e9couvrez les plaques en fibre soluble Azaros au meilleur prix.\" \/>\n<meta property=\"og:url\" content=\"https:\/\/www.azaros.eu\/fr\/produit\/plaques-en-fibre-polycristalline\/\" \/>\n<meta property=\"og:site_name\" content=\"Azaros\" \/>\n<meta property=\"article:modified_time\" content=\"2025-05-16T11:54:59+00:00\" \/>\n<meta property=\"og:image\" content=\"https:\/\/www.azaros.eu\/wp-content\/uploads\/2018\/08\/Placas-03-y-3537.jpg\" \/>\n\t<meta property=\"og:image:width\" content=\"1200\" \/>\n\t<meta property=\"og:image:height\" content=\"700\" \/>\n\t<meta property=\"og:image:type\" content=\"image\/jpeg\" \/>\n<meta name=\"twitter:card\" content=\"summary_large_image\" \/>\n<meta name=\"twitter:label1\" content=\"Dur\u00e9e de lecture estim\u00e9e\" \/>\n\t<meta name=\"twitter:data1\" content=\"1 minute\" \/>\n<script type=\"application\/ld+json\" class=\"yoast-schema-graph\">{\"@context\":\"https:\\\/\\\/schema.org\",\"@graph\":[{\"@type\":\"WebPage\",\"@id\":\"https:\\\/\\\/www.azaros.eu\\\/fr\\\/produit\\\/plaques-en-fibre-polycristalline\\\/\",\"url\":\"https:\\\/\\\/www.azaros.eu\\\/fr\\\/produit\\\/plaques-en-fibre-polycristalline\\\/\",\"name\":\"Plaques en fibre soluble | Azaros\",\"isPartOf\":{\"@id\":\"https:\\\/\\\/www.azaros.eu\\\/fr\\\/#website\"},\"primaryImageOfPage\":{\"@id\":\"https:\\\/\\\/www.azaros.eu\\\/fr\\\/produit\\\/plaques-en-fibre-polycristalline\\\/#primaryimage\"},\"image\":{\"@id\":\"https:\\\/\\\/www.azaros.eu\\\/fr\\\/produit\\\/plaques-en-fibre-polycristalline\\\/#primaryimage\"},\"thumbnailUrl\":\"https:\\\/\\\/www.azaros.eu\\\/wp-content\\\/uploads\\\/2018\\\/08\\\/Placas-03-y-3537.jpg\",\"datePublished\":\"2024-06-10T16:21:05+00:00\",\"dateModified\":\"2025-05-16T11:54:59+00:00\",\"description\":\"Trouvez chez Azaros.eu les meilleures plaques en fibre soluble du march\u00e9. D\u00e9couvrez les plaques en fibre soluble Azaros au meilleur prix.\",\"breadcrumb\":{\"@id\":\"https:\\\/\\\/www.azaros.eu\\\/fr\\\/produit\\\/plaques-en-fibre-polycristalline\\\/#breadcrumb\"},\"inLanguage\":\"fr-FR\",\"potentialAction\":[{\"@type\":\"ReadAction\",\"target\":[\"https:\\\/\\\/www.azaros.eu\\\/fr\\\/produit\\\/plaques-en-fibre-polycristalline\\\/\"]}]},{\"@type\":\"ImageObject\",\"inLanguage\":\"fr-FR\",\"@id\":\"https:\\\/\\\/www.azaros.eu\\\/fr\\\/produit\\\/plaques-en-fibre-polycristalline\\\/#primaryimage\",\"url\":\"https:\\\/\\\/www.azaros.eu\\\/wp-content\\\/uploads\\\/2018\\\/08\\\/Placas-03-y-3537.jpg\",\"contentUrl\":\"https:\\\/\\\/www.azaros.eu\\\/wp-content\\\/uploads\\\/2018\\\/08\\\/Placas-03-y-3537.jpg\",\"width\":1200,\"height\":700},{\"@type\":\"BreadcrumbList\",\"@id\":\"https:\\\/\\\/www.azaros.eu\\\/fr\\\/produit\\\/plaques-en-fibre-polycristalline\\\/#breadcrumb\",\"itemListElement\":[{\"@type\":\"ListItem\",\"position\":1,\"name\":\"Azaros\",\"item\":\"https:\\\/\\\/www.azaros.eu\\\/fr\\\/azaros-home\\\/\"},{\"@type\":\"ListItem\",\"position\":2,\"name\":\"Produits\",\"item\":\"https:\\\/\\\/www.azaros.eu\\\/fr\\\/produits\\\/\"},{\"@type\":\"ListItem\",\"position\":3,\"name\":\"Isolant thermique\",\"item\":\"https:\\\/\\\/www.azaros.eu\\\/fr\\\/produits\\\/isolant-thermique\\\/\"},{\"@type\":\"ListItem\",\"position\":4,\"name\":\"Fibre polycristalline\",\"item\":\"https:\\\/\\\/www.azaros.eu\\\/fr\\\/produits\\\/isolant-thermique\\\/fibre-polycristalline\\\/\"},{\"@type\":\"ListItem\",\"position\":5,\"name\":\"Plaques en fibre polycristalline\"}]},{\"@type\":\"WebSite\",\"@id\":\"https:\\\/\\\/www.azaros.eu\\\/fr\\\/#website\",\"url\":\"https:\\\/\\\/www.azaros.eu\\\/fr\\\/\",\"name\":\"Azaros\",\"description\":\"Fabricamos, distribuimos y comercializamos una gran gama de suministros.\",\"potentialAction\":[{\"@type\":\"SearchAction\",\"target\":{\"@type\":\"EntryPoint\",\"urlTemplate\":\"https:\\\/\\\/www.azaros.eu\\\/fr\\\/?s={search_term_string}\"},\"query-input\":{\"@type\":\"PropertyValueSpecification\",\"valueRequired\":true,\"valueName\":\"search_term_string\"}}],\"inLanguage\":\"fr-FR\"}]}<\/script>\n<!-- \/ Yoast SEO plugin. -->","yoast_head_json":{"title":"Plaques en fibre soluble | Azaros","description":"Trouvez chez Azaros.eu les meilleures plaques en fibre soluble du march\u00e9. D\u00e9couvrez les plaques en fibre soluble Azaros au meilleur prix.","robots":{"index":"index","follow":"follow","max-snippet":"max-snippet:-1","max-image-preview":"max-image-preview:large","max-video-preview":"max-video-preview:-1"},"canonical":"https:\/\/www.azaros.eu\/fr\/produit\/plaques-en-fibre-polycristalline\/","og_locale":"fr_FR","og_type":"article","og_title":"Plaques en fibre soluble | Azaros","og_description":"Trouvez chez Azaros.eu les meilleures plaques en fibre soluble du march\u00e9. D\u00e9couvrez les plaques en fibre soluble Azaros au meilleur prix.","og_url":"https:\/\/www.azaros.eu\/fr\/produit\/plaques-en-fibre-polycristalline\/","og_site_name":"Azaros","article_modified_time":"2025-05-16T11:54:59+00:00","og_image":[{"width":1200,"height":700,"url":"https:\/\/www.azaros.eu\/wp-content\/uploads\/2018\/08\/Placas-03-y-3537.jpg","type":"image\/jpeg"}],"twitter_card":"summary_large_image","twitter_misc":{"Dur\u00e9e de lecture estim\u00e9e":"1 minute"},"schema":{"@context":"https:\/\/schema.org","@graph":[{"@type":"WebPage","@id":"https:\/\/www.azaros.eu\/fr\/produit\/plaques-en-fibre-polycristalline\/","url":"https:\/\/www.azaros.eu\/fr\/produit\/plaques-en-fibre-polycristalline\/","name":"Plaques en fibre soluble | Azaros","isPartOf":{"@id":"https:\/\/www.azaros.eu\/fr\/#website"},"primaryImageOfPage":{"@id":"https:\/\/www.azaros.eu\/fr\/produit\/plaques-en-fibre-polycristalline\/#primaryimage"},"image":{"@id":"https:\/\/www.azaros.eu\/fr\/produit\/plaques-en-fibre-polycristalline\/#primaryimage"},"thumbnailUrl":"https:\/\/www.azaros.eu\/wp-content\/uploads\/2018\/08\/Placas-03-y-3537.jpg","datePublished":"2024-06-10T16:21:05+00:00","dateModified":"2025-05-16T11:54:59+00:00","description":"Trouvez chez Azaros.eu les meilleures plaques en fibre soluble du march\u00e9. D\u00e9couvrez les plaques en fibre soluble Azaros au meilleur prix.","breadcrumb":{"@id":"https:\/\/www.azaros.eu\/fr\/produit\/plaques-en-fibre-polycristalline\/#breadcrumb"},"inLanguage":"fr-FR","potentialAction":[{"@type":"ReadAction","target":["https:\/\/www.azaros.eu\/fr\/produit\/plaques-en-fibre-polycristalline\/"]}]},{"@type":"ImageObject","inLanguage":"fr-FR","@id":"https:\/\/www.azaros.eu\/fr\/produit\/plaques-en-fibre-polycristalline\/#primaryimage","url":"https:\/\/www.azaros.eu\/wp-content\/uploads\/2018\/08\/Placas-03-y-3537.jpg","contentUrl":"https:\/\/www.azaros.eu\/wp-content\/uploads\/2018\/08\/Placas-03-y-3537.jpg","width":1200,"height":700},{"@type":"BreadcrumbList","@id":"https:\/\/www.azaros.eu\/fr\/produit\/plaques-en-fibre-polycristalline\/#breadcrumb","itemListElement":[{"@type":"ListItem","position":1,"name":"Azaros","item":"https:\/\/www.azaros.eu\/fr\/azaros-home\/"},{"@type":"ListItem","position":2,"name":"Produits","item":"https:\/\/www.azaros.eu\/fr\/produits\/"},{"@type":"ListItem","position":3,"name":"Isolant thermique","item":"https:\/\/www.azaros.eu\/fr\/produits\/isolant-thermique\/"},{"@type":"ListItem","position":4,"name":"Fibre polycristalline","item":"https:\/\/www.azaros.eu\/fr\/produits\/isolant-thermique\/fibre-polycristalline\/"},{"@type":"ListItem","position":5,"name":"Plaques en fibre polycristalline"}]},{"@type":"WebSite","@id":"https:\/\/www.azaros.eu\/fr\/#website","url":"https:\/\/www.azaros.eu\/fr\/","name":"Azaros","description":"Fabricamos, distribuimos y comercializamos una gran gama de suministros.","potentialAction":[{"@type":"SearchAction","target":{"@type":"EntryPoint","urlTemplate":"https:\/\/www.azaros.eu\/fr\/?s={search_term_string}"},"query-input":{"@type":"PropertyValueSpecification","valueRequired":true,"valueName":"search_term_string"}}],"inLanguage":"fr-FR"}]}},"_links":{"self":[{"href":"https:\/\/www.azaros.eu\/fr\/wp-json\/wp\/v2\/product\/11037","targetHints":{"allow":["GET"]}}],"collection":[{"href":"https:\/\/www.azaros.eu\/fr\/wp-json\/wp\/v2\/product"}],"about":[{"href":"https:\/\/www.azaros.eu\/fr\/wp-json\/wp\/v2\/types\/product"}],"wp:featuredmedia":[{"embeddable":true,"href":"https:\/\/www.azaros.eu\/fr\/wp-json\/wp\/v2\/media\/6235"}],"wp:attachment":[{"href":"https:\/\/www.azaros.eu\/fr\/wp-json\/wp\/v2\/media?parent=11037"}],"wp:term":[{"taxonomy":"product_brand","embeddable":true,"href":"https:\/\/www.azaros.eu\/fr\/wp-json\/wp\/v2\/product_brand?post=11037"},{"taxonomy":"product_cat","embeddable":true,"href":"https:\/\/www.azaros.eu\/fr\/wp-json\/wp\/v2\/product_cat?post=11037"},{"taxonomy":"product_tag","embeddable":true,"href":"https:\/\/www.azaros.eu\/fr\/wp-json\/wp\/v2\/product_tag?post=11037"}],"curies":[{"name":"wp","href":"https:\/\/api.w.org\/{rel}","templated":true}]}}