{"id":11043,"date":"2024-06-10T17:24:51","date_gmt":"2024-06-10T16:24:51","guid":{"rendered":"https:\/\/www.azaros.eu\/producto\/plaques-microporeux-sans-revetement-nues\/"},"modified":"2025-05-19T10:12:02","modified_gmt":"2025-05-19T09:12:02","slug":"plaques-microporeux-sans-revetement-nues","status":"publish","type":"product","link":"https:\/\/www.azaros.eu\/fr\/produit\/plaques-microporeux-sans-revetement-nues\/","title":{"rendered":"Plaques microporeux sans rev\u00eatement \u201cnues\u201d"},"content":{"rendered":"<div class=\"row\"  id=\"row-1200575586\">\n\n\t<div id=\"col-1999328670\" class=\"col medium-6 small-12 large-6\"  >\n\t\t\t\t<div class=\"col-inner\"  >\n\t\t\t\n\t\t\t\n<div class=\"container section-title-container\" ><h2 class=\"section-title section-title-normal\"><b aria-hidden=\"true\"><\/b><span class=\"section-title-main\" style=\"font-size:80%;\">Caract\u00e9ristiques<\/span><b aria-hidden=\"true\"><\/b><\/h2><\/div>\n<table>\n<tbody>\n<tr>\n<td>Color<\/td>\n<td>gris<\/td>\n<\/tr>\n<tr>\n<td>Temperatura m\u00e1xima de trabajo<\/td>\n<td>1.050 \u00baC<\/td>\n<\/tr>\n<tr>\n<td>Densidad<\/td>\n<td>270\u2013320 kg\/m3<\/td>\n<\/tr>\n<tr>\n<td>Test de no combustibilidad<\/td>\n<td>Clase A1<\/td>\n<\/tr>\n<tr>\n<td>Resistencia a compresi\u00f3n a 10%<\/td>\n<td>&gt; 0,32 MPa<\/td>\n<\/tr>\n<tr>\n<td>Conductividad t\u00e9rmica (DIN 51046)<\/td>\n<td>a 200 \u00baC -&gt; 0,022 W\/mK<br \/>\na 400 \u00baC -&gt; 0,025 W\/mK<br \/>\na 600 \u00baC -&gt; 0,030 W\/mK<br \/>\na 800 \u00baC -&gt; 0,040 W\/mK<\/td>\n<\/tr>\n<\/tbody>\n<\/table>\n\t\t<\/div>\n\t\t\t\t\t<\/div>\n\n\t\n\n\t<div id=\"col-502945751\" class=\"col medium-6 small-12 large-6\"  >\n\t\t\t\t<div class=\"col-inner\"  >\n\t\t\t\n\t\t\t\n<div class=\"container section-title-container\" ><h2 class=\"section-title section-title-normal\"><b aria-hidden=\"true\"><\/b><span class=\"section-title-main\" style=\"font-size:80%;\">Applications typiques<\/span><b aria-hidden=\"true\"><\/b><\/h2><\/div>\n<ul>\n<li>Sans rev\u00eatement : panneau nu<\/li>\n<li>Peut \u00eatre fourni envelopp\u00e9 dans un film d\u2019aluminium, un film plastique ou un tissu non tiss\u00e9 en fibre de verre (ajout\u00e9)<strong> <\/strong><\/li>\n<li>Fourni envelopp\u00e9 dans un film d\u2019aluminium, un film plastique ou un tissu non tiss\u00e9 en fibre de verre (ajout\u00e9)<\/li>\n<li>Stockage et manutention en environnement sec<\/li>\n<li>S\u2019il est stock\u00e9 correctement, la dur\u00e9e de vie du panneau est illimit\u00e9e, sans date de p\u00e9remption<\/li>\n<li>Les fibres utilis\u00e9es pour sa fabrication ont un diam\u00e8tre sup\u00e9rieur \u00e0 &gt; 3\u03bcm. <\/li>\n<\/ul>\n\t\t<\/div>\n\t\t\t\t\t<\/div>\n\n\t\n<\/div>\n","protected":false},"excerpt":{"rendered":"<p>Le panneau microporeux est un mat\u00e9riau isolant pr\u00e9sentant une tr\u00e8s faible conductivit\u00e9 thermique, c\u2019est-\u00e0-dire d\u2019excellentes propri\u00e9t\u00e9s d\u2019isolation.<br \/>Il est principalement compos\u00e9 de silice pyrog\u00e9n\u00e9e, de mod\u00e9rateurs de rayonnement infrarouge (opacifiants), ainsi que de fibres de renforcement. <\/p>\n","protected":false},"featured_media":5929,"template":"","meta":[],"product_brand":[],"product_cat":[244],"product_tag":[],"class_list":{"0":"post-11043","1":"product","2":"type-product","3":"status-publish","4":"has-post-thumbnail","6":"product_cat-microporeux","8":"first","9":"instock","10":"shipping-taxable","11":"product-type-simple"},"yoast_head":"<!-- This site is optimized with the Yoast SEO plugin v27.4 - https:\/\/yoast.com\/product\/yoast-seo-wordpress\/ -->\n<title>Plaques microporeux sans rev\u00eatement \u201cnues\u201d - Azaros<\/title>\n<meta name=\"robots\" content=\"index, follow, max-snippet:-1, max-image-preview:large, max-video-preview:-1\" \/>\n<link rel=\"canonical\" href=\"https:\/\/www.azaros.eu\/fr\/produit\/plaques-microporeux-sans-revetement-nues\/\" \/>\n<meta property=\"og:locale\" content=\"fr_FR\" \/>\n<meta property=\"og:type\" content=\"article\" \/>\n<meta property=\"og:title\" content=\"Plaques microporeux sans rev\u00eatement \u201cnues\u201d - Azaros\" \/>\n<meta property=\"og:description\" content=\"Le panneau microporeux est un mat\u00e9riau isolant pr\u00e9sentant une tr\u00e8s faible conductivit\u00e9 thermique, c\u2019est-\u00e0-dire d\u2019excellentes propri\u00e9t\u00e9s d\u2019isolation.Il est principalement compos\u00e9 de silice pyrog\u00e9n\u00e9e, de mod\u00e9rateurs de rayonnement infrarouge (opacifiants), ainsi que de fibres de renforcement.\" \/>\n<meta property=\"og:url\" content=\"https:\/\/www.azaros.eu\/fr\/produit\/plaques-microporeux-sans-revetement-nues\/\" \/>\n<meta property=\"og:site_name\" content=\"Azaros\" \/>\n<meta property=\"article:modified_time\" content=\"2025-05-19T09:12:02+00:00\" \/>\n<meta property=\"og:image\" content=\"https:\/\/www.azaros.eu\/wp-content\/uploads\/2018\/08\/Microporoso-31-46.jpg\" \/>\n\t<meta property=\"og:image:width\" content=\"1200\" \/>\n\t<meta property=\"og:image:height\" content=\"699\" \/>\n\t<meta property=\"og:image:type\" content=\"image\/jpeg\" \/>\n<meta name=\"twitter:card\" content=\"summary_large_image\" \/>\n<meta name=\"twitter:label1\" content=\"Dur\u00e9e de lecture estim\u00e9e\" \/>\n\t<meta name=\"twitter:data1\" content=\"1 minute\" \/>\n<script type=\"application\/ld+json\" class=\"yoast-schema-graph\">{\"@context\":\"https:\\\/\\\/schema.org\",\"@graph\":[{\"@type\":\"WebPage\",\"@id\":\"https:\\\/\\\/www.azaros.eu\\\/fr\\\/produit\\\/plaques-microporeux-sans-revetement-nues\\\/\",\"url\":\"https:\\\/\\\/www.azaros.eu\\\/fr\\\/produit\\\/plaques-microporeux-sans-revetement-nues\\\/\",\"name\":\"Plaques microporeux sans rev\u00eatement \u201cnues\u201d - Azaros\",\"isPartOf\":{\"@id\":\"https:\\\/\\\/www.azaros.eu\\\/fr\\\/#website\"},\"primaryImageOfPage\":{\"@id\":\"https:\\\/\\\/www.azaros.eu\\\/fr\\\/produit\\\/plaques-microporeux-sans-revetement-nues\\\/#primaryimage\"},\"image\":{\"@id\":\"https:\\\/\\\/www.azaros.eu\\\/fr\\\/produit\\\/plaques-microporeux-sans-revetement-nues\\\/#primaryimage\"},\"thumbnailUrl\":\"https:\\\/\\\/www.azaros.eu\\\/wp-content\\\/uploads\\\/2018\\\/08\\\/Microporoso-31-46.jpg\",\"datePublished\":\"2024-06-10T16:24:51+00:00\",\"dateModified\":\"2025-05-19T09:12:02+00:00\",\"breadcrumb\":{\"@id\":\"https:\\\/\\\/www.azaros.eu\\\/fr\\\/produit\\\/plaques-microporeux-sans-revetement-nues\\\/#breadcrumb\"},\"inLanguage\":\"fr-FR\",\"potentialAction\":[{\"@type\":\"ReadAction\",\"target\":[\"https:\\\/\\\/www.azaros.eu\\\/fr\\\/produit\\\/plaques-microporeux-sans-revetement-nues\\\/\"]}]},{\"@type\":\"ImageObject\",\"inLanguage\":\"fr-FR\",\"@id\":\"https:\\\/\\\/www.azaros.eu\\\/fr\\\/produit\\\/plaques-microporeux-sans-revetement-nues\\\/#primaryimage\",\"url\":\"https:\\\/\\\/www.azaros.eu\\\/wp-content\\\/uploads\\\/2018\\\/08\\\/Microporoso-31-46.jpg\",\"contentUrl\":\"https:\\\/\\\/www.azaros.eu\\\/wp-content\\\/uploads\\\/2018\\\/08\\\/Microporoso-31-46.jpg\",\"width\":1200,\"height\":699},{\"@type\":\"BreadcrumbList\",\"@id\":\"https:\\\/\\\/www.azaros.eu\\\/fr\\\/produit\\\/plaques-microporeux-sans-revetement-nues\\\/#breadcrumb\",\"itemListElement\":[{\"@type\":\"ListItem\",\"position\":1,\"name\":\"Azaros\",\"item\":\"https:\\\/\\\/www.azaros.eu\\\/fr\\\/azaros-home\\\/\"},{\"@type\":\"ListItem\",\"position\":2,\"name\":\"Produits\",\"item\":\"https:\\\/\\\/www.azaros.eu\\\/fr\\\/produits\\\/\"},{\"@type\":\"ListItem\",\"position\":3,\"name\":\"Isolant thermique\",\"item\":\"https:\\\/\\\/www.azaros.eu\\\/fr\\\/produits\\\/isolant-thermique\\\/\"},{\"@type\":\"ListItem\",\"position\":4,\"name\":\"Microporeux\",\"item\":\"https:\\\/\\\/www.azaros.eu\\\/fr\\\/produits\\\/isolant-thermique\\\/microporeux\\\/\"},{\"@type\":\"ListItem\",\"position\":5,\"name\":\"Plaques microporeux sans rev\u00eatement \u201cnues\u201d\"}]},{\"@type\":\"WebSite\",\"@id\":\"https:\\\/\\\/www.azaros.eu\\\/fr\\\/#website\",\"url\":\"https:\\\/\\\/www.azaros.eu\\\/fr\\\/\",\"name\":\"Azaros\",\"description\":\"Fabricamos, distribuimos y comercializamos una gran gama de suministros.\",\"potentialAction\":[{\"@type\":\"SearchAction\",\"target\":{\"@type\":\"EntryPoint\",\"urlTemplate\":\"https:\\\/\\\/www.azaros.eu\\\/fr\\\/?s={search_term_string}\"},\"query-input\":{\"@type\":\"PropertyValueSpecification\",\"valueRequired\":true,\"valueName\":\"search_term_string\"}}],\"inLanguage\":\"fr-FR\"}]}<\/script>\n<!-- \/ Yoast SEO plugin. -->","yoast_head_json":{"title":"Plaques microporeux sans rev\u00eatement \u201cnues\u201d - Azaros","robots":{"index":"index","follow":"follow","max-snippet":"max-snippet:-1","max-image-preview":"max-image-preview:large","max-video-preview":"max-video-preview:-1"},"canonical":"https:\/\/www.azaros.eu\/fr\/produit\/plaques-microporeux-sans-revetement-nues\/","og_locale":"fr_FR","og_type":"article","og_title":"Plaques microporeux sans rev\u00eatement \u201cnues\u201d - Azaros","og_description":"Le panneau microporeux est un mat\u00e9riau isolant pr\u00e9sentant une tr\u00e8s faible conductivit\u00e9 thermique, c\u2019est-\u00e0-dire d\u2019excellentes propri\u00e9t\u00e9s d\u2019isolation.Il est principalement compos\u00e9 de silice pyrog\u00e9n\u00e9e, de mod\u00e9rateurs de rayonnement infrarouge (opacifiants), ainsi que de fibres de renforcement.","og_url":"https:\/\/www.azaros.eu\/fr\/produit\/plaques-microporeux-sans-revetement-nues\/","og_site_name":"Azaros","article_modified_time":"2025-05-19T09:12:02+00:00","og_image":[{"width":1200,"height":699,"url":"https:\/\/www.azaros.eu\/wp-content\/uploads\/2018\/08\/Microporoso-31-46.jpg","type":"image\/jpeg"}],"twitter_card":"summary_large_image","twitter_misc":{"Dur\u00e9e de lecture estim\u00e9e":"1 minute"},"schema":{"@context":"https:\/\/schema.org","@graph":[{"@type":"WebPage","@id":"https:\/\/www.azaros.eu\/fr\/produit\/plaques-microporeux-sans-revetement-nues\/","url":"https:\/\/www.azaros.eu\/fr\/produit\/plaques-microporeux-sans-revetement-nues\/","name":"Plaques microporeux sans rev\u00eatement \u201cnues\u201d - Azaros","isPartOf":{"@id":"https:\/\/www.azaros.eu\/fr\/#website"},"primaryImageOfPage":{"@id":"https:\/\/www.azaros.eu\/fr\/produit\/plaques-microporeux-sans-revetement-nues\/#primaryimage"},"image":{"@id":"https:\/\/www.azaros.eu\/fr\/produit\/plaques-microporeux-sans-revetement-nues\/#primaryimage"},"thumbnailUrl":"https:\/\/www.azaros.eu\/wp-content\/uploads\/2018\/08\/Microporoso-31-46.jpg","datePublished":"2024-06-10T16:24:51+00:00","dateModified":"2025-05-19T09:12:02+00:00","breadcrumb":{"@id":"https:\/\/www.azaros.eu\/fr\/produit\/plaques-microporeux-sans-revetement-nues\/#breadcrumb"},"inLanguage":"fr-FR","potentialAction":[{"@type":"ReadAction","target":["https:\/\/www.azaros.eu\/fr\/produit\/plaques-microporeux-sans-revetement-nues\/"]}]},{"@type":"ImageObject","inLanguage":"fr-FR","@id":"https:\/\/www.azaros.eu\/fr\/produit\/plaques-microporeux-sans-revetement-nues\/#primaryimage","url":"https:\/\/www.azaros.eu\/wp-content\/uploads\/2018\/08\/Microporoso-31-46.jpg","contentUrl":"https:\/\/www.azaros.eu\/wp-content\/uploads\/2018\/08\/Microporoso-31-46.jpg","width":1200,"height":699},{"@type":"BreadcrumbList","@id":"https:\/\/www.azaros.eu\/fr\/produit\/plaques-microporeux-sans-revetement-nues\/#breadcrumb","itemListElement":[{"@type":"ListItem","position":1,"name":"Azaros","item":"https:\/\/www.azaros.eu\/fr\/azaros-home\/"},{"@type":"ListItem","position":2,"name":"Produits","item":"https:\/\/www.azaros.eu\/fr\/produits\/"},{"@type":"ListItem","position":3,"name":"Isolant thermique","item":"https:\/\/www.azaros.eu\/fr\/produits\/isolant-thermique\/"},{"@type":"ListItem","position":4,"name":"Microporeux","item":"https:\/\/www.azaros.eu\/fr\/produits\/isolant-thermique\/microporeux\/"},{"@type":"ListItem","position":5,"name":"Plaques microporeux sans rev\u00eatement \u201cnues\u201d"}]},{"@type":"WebSite","@id":"https:\/\/www.azaros.eu\/fr\/#website","url":"https:\/\/www.azaros.eu\/fr\/","name":"Azaros","description":"Fabricamos, distribuimos y comercializamos una gran gama de suministros.","potentialAction":[{"@type":"SearchAction","target":{"@type":"EntryPoint","urlTemplate":"https:\/\/www.azaros.eu\/fr\/?s={search_term_string}"},"query-input":{"@type":"PropertyValueSpecification","valueRequired":true,"valueName":"search_term_string"}}],"inLanguage":"fr-FR"}]}},"_links":{"self":[{"href":"https:\/\/www.azaros.eu\/fr\/wp-json\/wp\/v2\/product\/11043","targetHints":{"allow":["GET"]}}],"collection":[{"href":"https:\/\/www.azaros.eu\/fr\/wp-json\/wp\/v2\/product"}],"about":[{"href":"https:\/\/www.azaros.eu\/fr\/wp-json\/wp\/v2\/types\/product"}],"wp:featuredmedia":[{"embeddable":true,"href":"https:\/\/www.azaros.eu\/fr\/wp-json\/wp\/v2\/media\/5929"}],"wp:attachment":[{"href":"https:\/\/www.azaros.eu\/fr\/wp-json\/wp\/v2\/media?parent=11043"}],"wp:term":[{"taxonomy":"product_brand","embeddable":true,"href":"https:\/\/www.azaros.eu\/fr\/wp-json\/wp\/v2\/product_brand?post=11043"},{"taxonomy":"product_cat","embeddable":true,"href":"https:\/\/www.azaros.eu\/fr\/wp-json\/wp\/v2\/product_cat?post=11043"},{"taxonomy":"product_tag","embeddable":true,"href":"https:\/\/www.azaros.eu\/fr\/wp-json\/wp\/v2\/product_tag?post=11043"}],"curies":[{"name":"wp","href":"https:\/\/api.w.org\/{rel}","templated":true}]}}