{"id":11044,"date":"2024-04-14T11:58:27","date_gmt":"2024-04-14T10:58:27","guid":{"rendered":"https:\/\/www.azaros.eu\/producto\/plaques-microporeux-avec-revetement-aluminium\/"},"modified":"2025-05-19T10:20:10","modified_gmt":"2025-05-19T09:20:10","slug":"plaques-microporeux-avec-revetement-aluminium","status":"publish","type":"product","link":"https:\/\/www.azaros.eu\/fr\/produit\/plaques-microporeux-avec-revetement-aluminium\/","title":{"rendered":"Plaques microporeux avec rev\u00eatement aluminium"},"content":{"rendered":"<div class=\"row\"  id=\"row-1579197693\">\n\n\t<div id=\"col-1891000210\" class=\"col medium-6 small-12 large-6\"  >\n\t\t\t\t<div class=\"col-inner\"  >\n\t\t\t\n\t\t\t\n<div class=\"container section-title-container\" ><h2 class=\"section-title section-title-normal\"><b aria-hidden=\"true\"><\/b><span class=\"section-title-main\" style=\"font-size:80%;\">Caract\u00e9ristiques<\/span><b aria-hidden=\"true\"><\/b><\/h2><\/div>\n<ul>\n<li>Peut \u00eatre fourni envelopp\u00e9 dans du papier aluminium ou du papier aluminium autocollant. Il peut \u00e9galement \u00eatre livr\u00e9 nu, avec un film plastique ou un tissu non tiss\u00e9 en fibre de verre, entre autres finitions. <\/li>\n<li>En cas de stockage appropri\u00e9 dans un environnement sec, la dur\u00e9e de vie du panneau est illimit\u00e9e, sans date de p\u00e9remption.<\/li>\n<li>Le mat\u00e9riau utilis\u00e9 n\u2019est pas dangereux pour la sant\u00e9 humaine ni pour l\u2019environnement, conform\u00e9ment \u00e0 la directive europ\u00e9enne UE 2006\/1907\/CE.<\/li>\n<li>Dimensions standard (mm): 1100 x 700 \/ 550 x 700 \/ 550 x 350.<\/li>\n<li>\u00c9paisseurs standards (mm): 7-10\u201315\u201320\u201325\u201330\u201335\u201340\u201345\u201350<\/li>\n<\/ul>\n\t\t<\/div>\n\t\t\t\t\t<\/div>\n\n\t\n\n\t<div id=\"col-1097650683\" class=\"col medium-6 small-12 large-6\"  >\n\t\t\t\t<div class=\"col-inner\"  >\n\t\t\t\n\t\t\t\n<div class=\"container section-title-container\" ><h2 class=\"section-title section-title-normal\"><b aria-hidden=\"true\"><\/b><span class=\"section-title-main\" style=\"font-size:80%;\">Applications typiques<\/span><b aria-hidden=\"true\"><\/b><\/h2><\/div>\n<ul>\n<li>Syst\u00e8mes de traitement thermique pour les m\u00e9taux, le verre et la c\u00e9ramique<\/li>\n<li>Industrie p\u00e9trochimique<\/li>\n<li>Industrie de l\u2019aluminium (poches, fours, etc.)<\/li>\n<li>Protection passive contre l\u2019incendie<\/li>\n<\/ul>\n\t\t<\/div>\n\t\t\t\t\t<\/div>\n\n\t\n<\/div>\n\n","protected":false},"excerpt":{"rendered":"<p>Le panneau microporeux est un mat\u00e9riau isolant pr\u00e9sentant une tr\u00e8s faible conductivit\u00e9 thermique, offrant ainsi d\u2019excellentes performances d\u2019isolation.<br \/>Il est principalement compos\u00e9 de silice pyrog\u00e9n\u00e9e, d\u2019opacifiants permettant de r\u00e9duire le rayonnement infrarouge, ainsi que de fibres de renforcement. <\/p>\n","protected":false},"featured_media":7447,"template":"","meta":[],"product_brand":[],"product_cat":[244],"product_tag":[],"class_list":{"0":"post-11044","1":"product","2":"type-product","3":"status-publish","4":"has-post-thumbnail","6":"product_cat-microporeux","8":"first","9":"instock","10":"shipping-taxable","11":"product-type-simple"},"yoast_head":"<!-- This site is optimized with the Yoast SEO plugin v27.4 - https:\/\/yoast.com\/product\/yoast-seo-wordpress\/ -->\n<title>Plaques microporeux avec rev\u00eatement aluminium - Azaros<\/title>\n<meta name=\"robots\" content=\"index, follow, max-snippet:-1, max-image-preview:large, max-video-preview:-1\" \/>\n<link rel=\"canonical\" href=\"https:\/\/www.azaros.eu\/fr\/produit\/plaques-microporeux-avec-revetement-aluminium\/\" \/>\n<meta property=\"og:locale\" content=\"fr_FR\" \/>\n<meta property=\"og:type\" content=\"article\" \/>\n<meta property=\"og:title\" content=\"Plaques microporeux avec rev\u00eatement aluminium - Azaros\" \/>\n<meta property=\"og:description\" content=\"Le panneau microporeux est un mat\u00e9riau isolant pr\u00e9sentant une tr\u00e8s faible conductivit\u00e9 thermique, offrant ainsi d\u2019excellentes performances d\u2019isolation.Il est principalement compos\u00e9 de silice pyrog\u00e9n\u00e9e, d\u2019opacifiants permettant de r\u00e9duire le rayonnement infrarouge, ainsi que de fibres de renforcement.\" \/>\n<meta property=\"og:url\" content=\"https:\/\/www.azaros.eu\/fr\/produit\/plaques-microporeux-avec-revetement-aluminium\/\" \/>\n<meta property=\"og:site_name\" content=\"Azaros\" \/>\n<meta property=\"article:modified_time\" content=\"2025-05-19T09:20:10+00:00\" \/>\n<meta property=\"og:image\" content=\"https:\/\/www.azaros.eu\/wp-content\/uploads\/2024\/04\/Azaros-Microporoso-Aluminio.jpg\" \/>\n\t<meta property=\"og:image:width\" content=\"1200\" \/>\n\t<meta property=\"og:image:height\" content=\"700\" \/>\n\t<meta property=\"og:image:type\" content=\"image\/jpeg\" \/>\n<meta name=\"twitter:card\" content=\"summary_large_image\" \/>\n<meta name=\"twitter:label1\" content=\"Dur\u00e9e de lecture estim\u00e9e\" \/>\n\t<meta name=\"twitter:data1\" content=\"1 minute\" \/>\n<script type=\"application\/ld+json\" class=\"yoast-schema-graph\">{\"@context\":\"https:\\\/\\\/schema.org\",\"@graph\":[{\"@type\":\"WebPage\",\"@id\":\"https:\\\/\\\/www.azaros.eu\\\/fr\\\/produit\\\/plaques-microporeux-avec-revetement-aluminium\\\/\",\"url\":\"https:\\\/\\\/www.azaros.eu\\\/fr\\\/produit\\\/plaques-microporeux-avec-revetement-aluminium\\\/\",\"name\":\"Plaques microporeux avec rev\u00eatement aluminium - Azaros\",\"isPartOf\":{\"@id\":\"https:\\\/\\\/www.azaros.eu\\\/fr\\\/#website\"},\"primaryImageOfPage\":{\"@id\":\"https:\\\/\\\/www.azaros.eu\\\/fr\\\/produit\\\/plaques-microporeux-avec-revetement-aluminium\\\/#primaryimage\"},\"image\":{\"@id\":\"https:\\\/\\\/www.azaros.eu\\\/fr\\\/produit\\\/plaques-microporeux-avec-revetement-aluminium\\\/#primaryimage\"},\"thumbnailUrl\":\"https:\\\/\\\/www.azaros.eu\\\/wp-content\\\/uploads\\\/2024\\\/04\\\/Azaros-Microporoso-Aluminio.jpg\",\"datePublished\":\"2024-04-14T10:58:27+00:00\",\"dateModified\":\"2025-05-19T09:20:10+00:00\",\"breadcrumb\":{\"@id\":\"https:\\\/\\\/www.azaros.eu\\\/fr\\\/produit\\\/plaques-microporeux-avec-revetement-aluminium\\\/#breadcrumb\"},\"inLanguage\":\"fr-FR\",\"potentialAction\":[{\"@type\":\"ReadAction\",\"target\":[\"https:\\\/\\\/www.azaros.eu\\\/fr\\\/produit\\\/plaques-microporeux-avec-revetement-aluminium\\\/\"]}]},{\"@type\":\"ImageObject\",\"inLanguage\":\"fr-FR\",\"@id\":\"https:\\\/\\\/www.azaros.eu\\\/fr\\\/produit\\\/plaques-microporeux-avec-revetement-aluminium\\\/#primaryimage\",\"url\":\"https:\\\/\\\/www.azaros.eu\\\/wp-content\\\/uploads\\\/2024\\\/04\\\/Azaros-Microporoso-Aluminio.jpg\",\"contentUrl\":\"https:\\\/\\\/www.azaros.eu\\\/wp-content\\\/uploads\\\/2024\\\/04\\\/Azaros-Microporoso-Aluminio.jpg\",\"width\":1200,\"height\":700},{\"@type\":\"BreadcrumbList\",\"@id\":\"https:\\\/\\\/www.azaros.eu\\\/fr\\\/produit\\\/plaques-microporeux-avec-revetement-aluminium\\\/#breadcrumb\",\"itemListElement\":[{\"@type\":\"ListItem\",\"position\":1,\"name\":\"Azaros\",\"item\":\"https:\\\/\\\/www.azaros.eu\\\/fr\\\/azaros-home\\\/\"},{\"@type\":\"ListItem\",\"position\":2,\"name\":\"Produits\",\"item\":\"https:\\\/\\\/www.azaros.eu\\\/fr\\\/produits\\\/\"},{\"@type\":\"ListItem\",\"position\":3,\"name\":\"Isolant thermique\",\"item\":\"https:\\\/\\\/www.azaros.eu\\\/fr\\\/produits\\\/isolant-thermique\\\/\"},{\"@type\":\"ListItem\",\"position\":4,\"name\":\"Microporeux\",\"item\":\"https:\\\/\\\/www.azaros.eu\\\/fr\\\/produits\\\/isolant-thermique\\\/microporeux\\\/\"},{\"@type\":\"ListItem\",\"position\":5,\"name\":\"Plaques microporeux avec rev\u00eatement aluminium\"}]},{\"@type\":\"WebSite\",\"@id\":\"https:\\\/\\\/www.azaros.eu\\\/fr\\\/#website\",\"url\":\"https:\\\/\\\/www.azaros.eu\\\/fr\\\/\",\"name\":\"Azaros\",\"description\":\"Fabricamos, distribuimos y comercializamos una gran gama de suministros.\",\"potentialAction\":[{\"@type\":\"SearchAction\",\"target\":{\"@type\":\"EntryPoint\",\"urlTemplate\":\"https:\\\/\\\/www.azaros.eu\\\/fr\\\/?s={search_term_string}\"},\"query-input\":{\"@type\":\"PropertyValueSpecification\",\"valueRequired\":true,\"valueName\":\"search_term_string\"}}],\"inLanguage\":\"fr-FR\"}]}<\/script>\n<!-- \/ Yoast SEO plugin. -->","yoast_head_json":{"title":"Plaques microporeux avec rev\u00eatement aluminium - Azaros","robots":{"index":"index","follow":"follow","max-snippet":"max-snippet:-1","max-image-preview":"max-image-preview:large","max-video-preview":"max-video-preview:-1"},"canonical":"https:\/\/www.azaros.eu\/fr\/produit\/plaques-microporeux-avec-revetement-aluminium\/","og_locale":"fr_FR","og_type":"article","og_title":"Plaques microporeux avec rev\u00eatement aluminium - Azaros","og_description":"Le panneau microporeux est un mat\u00e9riau isolant pr\u00e9sentant une tr\u00e8s faible conductivit\u00e9 thermique, offrant ainsi d\u2019excellentes performances d\u2019isolation.Il est principalement compos\u00e9 de silice pyrog\u00e9n\u00e9e, d\u2019opacifiants permettant de r\u00e9duire le rayonnement infrarouge, ainsi que de fibres de renforcement.","og_url":"https:\/\/www.azaros.eu\/fr\/produit\/plaques-microporeux-avec-revetement-aluminium\/","og_site_name":"Azaros","article_modified_time":"2025-05-19T09:20:10+00:00","og_image":[{"width":1200,"height":700,"url":"https:\/\/www.azaros.eu\/wp-content\/uploads\/2024\/04\/Azaros-Microporoso-Aluminio.jpg","type":"image\/jpeg"}],"twitter_card":"summary_large_image","twitter_misc":{"Dur\u00e9e de lecture estim\u00e9e":"1 minute"},"schema":{"@context":"https:\/\/schema.org","@graph":[{"@type":"WebPage","@id":"https:\/\/www.azaros.eu\/fr\/produit\/plaques-microporeux-avec-revetement-aluminium\/","url":"https:\/\/www.azaros.eu\/fr\/produit\/plaques-microporeux-avec-revetement-aluminium\/","name":"Plaques microporeux avec rev\u00eatement aluminium - Azaros","isPartOf":{"@id":"https:\/\/www.azaros.eu\/fr\/#website"},"primaryImageOfPage":{"@id":"https:\/\/www.azaros.eu\/fr\/produit\/plaques-microporeux-avec-revetement-aluminium\/#primaryimage"},"image":{"@id":"https:\/\/www.azaros.eu\/fr\/produit\/plaques-microporeux-avec-revetement-aluminium\/#primaryimage"},"thumbnailUrl":"https:\/\/www.azaros.eu\/wp-content\/uploads\/2024\/04\/Azaros-Microporoso-Aluminio.jpg","datePublished":"2024-04-14T10:58:27+00:00","dateModified":"2025-05-19T09:20:10+00:00","breadcrumb":{"@id":"https:\/\/www.azaros.eu\/fr\/produit\/plaques-microporeux-avec-revetement-aluminium\/#breadcrumb"},"inLanguage":"fr-FR","potentialAction":[{"@type":"ReadAction","target":["https:\/\/www.azaros.eu\/fr\/produit\/plaques-microporeux-avec-revetement-aluminium\/"]}]},{"@type":"ImageObject","inLanguage":"fr-FR","@id":"https:\/\/www.azaros.eu\/fr\/produit\/plaques-microporeux-avec-revetement-aluminium\/#primaryimage","url":"https:\/\/www.azaros.eu\/wp-content\/uploads\/2024\/04\/Azaros-Microporoso-Aluminio.jpg","contentUrl":"https:\/\/www.azaros.eu\/wp-content\/uploads\/2024\/04\/Azaros-Microporoso-Aluminio.jpg","width":1200,"height":700},{"@type":"BreadcrumbList","@id":"https:\/\/www.azaros.eu\/fr\/produit\/plaques-microporeux-avec-revetement-aluminium\/#breadcrumb","itemListElement":[{"@type":"ListItem","position":1,"name":"Azaros","item":"https:\/\/www.azaros.eu\/fr\/azaros-home\/"},{"@type":"ListItem","position":2,"name":"Produits","item":"https:\/\/www.azaros.eu\/fr\/produits\/"},{"@type":"ListItem","position":3,"name":"Isolant thermique","item":"https:\/\/www.azaros.eu\/fr\/produits\/isolant-thermique\/"},{"@type":"ListItem","position":4,"name":"Microporeux","item":"https:\/\/www.azaros.eu\/fr\/produits\/isolant-thermique\/microporeux\/"},{"@type":"ListItem","position":5,"name":"Plaques microporeux avec rev\u00eatement aluminium"}]},{"@type":"WebSite","@id":"https:\/\/www.azaros.eu\/fr\/#website","url":"https:\/\/www.azaros.eu\/fr\/","name":"Azaros","description":"Fabricamos, distribuimos y comercializamos una gran gama de suministros.","potentialAction":[{"@type":"SearchAction","target":{"@type":"EntryPoint","urlTemplate":"https:\/\/www.azaros.eu\/fr\/?s={search_term_string}"},"query-input":{"@type":"PropertyValueSpecification","valueRequired":true,"valueName":"search_term_string"}}],"inLanguage":"fr-FR"}]}},"_links":{"self":[{"href":"https:\/\/www.azaros.eu\/fr\/wp-json\/wp\/v2\/product\/11044","targetHints":{"allow":["GET"]}}],"collection":[{"href":"https:\/\/www.azaros.eu\/fr\/wp-json\/wp\/v2\/product"}],"about":[{"href":"https:\/\/www.azaros.eu\/fr\/wp-json\/wp\/v2\/types\/product"}],"wp:featuredmedia":[{"embeddable":true,"href":"https:\/\/www.azaros.eu\/fr\/wp-json\/wp\/v2\/media\/7447"}],"wp:attachment":[{"href":"https:\/\/www.azaros.eu\/fr\/wp-json\/wp\/v2\/media?parent=11044"}],"wp:term":[{"taxonomy":"product_brand","embeddable":true,"href":"https:\/\/www.azaros.eu\/fr\/wp-json\/wp\/v2\/product_brand?post=11044"},{"taxonomy":"product_cat","embeddable":true,"href":"https:\/\/www.azaros.eu\/fr\/wp-json\/wp\/v2\/product_cat?post=11044"},{"taxonomy":"product_tag","embeddable":true,"href":"https:\/\/www.azaros.eu\/fr\/wp-json\/wp\/v2\/product_tag?post=11044"}],"curies":[{"name":"wp","href":"https:\/\/api.w.org\/{rel}","templated":true}]}}