{"id":11065,"date":"2024-06-10T17:34:55","date_gmt":"2024-06-10T16:34:55","guid":{"rendered":"https:\/\/www.azaros.eu\/producto\/blocs-suspendus\/"},"modified":"2025-07-14T12:22:41","modified_gmt":"2025-07-14T11:22:41","slug":"blocs-suspendus","status":"publish","type":"product","link":"https:\/\/www.azaros.eu\/fr\/produit\/blocs-suspendus\/","title":{"rendered":"Blocs Suspendus"},"content":{"rendered":"<div class=\"row\"  id=\"row-1384337474\">\n\n\t<div id=\"col-1356588640\" class=\"col medium-6 small-12 large-6\"  >\n\t\t\t\t<div class=\"col-inner\"  >\n\t\t\t\n\t\t\t\n<div class=\"container section-title-container\" ><h2 class=\"section-title section-title-normal\"><b aria-hidden=\"true\"><\/b><span class=\"section-title-main\" style=\"font-size:80%;\">Caract\u00e9ristiques<\/span><b aria-hidden=\"true\"><\/b><\/h2><\/div>\n<ul>\n<li>Excellente r\u00e9sistance au choc thermique<\/li>\n<li>Dimensions pr\u00e9cises et personnalis\u00e9es<\/li>\n<li>Haute r\u00e9sistance \u00e0 l&rsquo;\u00e9crasement<\/li>\n<li>Faible conductivit\u00e9 thermique<\/li>\n<li>Faible stockage de chaleur<\/li>\n<\/ul>\n\t\t<\/div>\n\t\t\t\t\t<\/div>\n\n\t\n\n\t<div id=\"col-1102491225\" class=\"col medium-6 small-12 large-6\"  >\n\t\t\t\t<div class=\"col-inner\"  >\n\t\t\t\n\t\t\t\n<div class=\"container section-title-container\" ><h2 class=\"section-title section-title-normal\"><b aria-hidden=\"true\"><\/b><span class=\"section-title-main\" style=\"font-size:80%;\">Applications typiques<\/span><b aria-hidden=\"true\"><\/b><\/h2><\/div>\n<ul>\n<li>Industrie m\u00e9tallurgique<\/li>\n<li>Industrie p\u00e9trochimique<\/li>\n<li>Industrie c\u00e9ramique<\/li>\n<li>Industrie de l&rsquo;aluminium<\/li>\n<li>Industrie du verre<\/li>\n<\/ul>\n\t\t<\/div>\n\t\t\t\t\t<\/div>\n\n\t\n<\/div>\n","protected":false},"excerpt":{"rendered":"<p>Le bloc isolant est fabriqu\u00e9 \u00e0 partir de poudre r\u00e9fractaire de haute puret\u00e9 et de charges organiques qui se br\u00fblent pendant la fabrication pour offrir une porosit\u00e9 uniforme et contr\u00f4l\u00e9e.<br \/>Le bloc est comprim\u00e9 sous vide et fritt\u00e9e \u00e0 haute temp\u00e9rature. Le bloc isolant est largement utilis\u00e9 comme rev\u00eatement r\u00e9fractaire de face chaude ou isolation arri\u00e8re dans diff\u00e9rents types de fours industriels.  <\/p>\n<p>Disponibles dans les diff\u00e9rentes classes comme G23, G26, G28, etc.<\/p>\n","protected":false},"featured_media":9371,"template":"","meta":[],"product_brand":[],"product_cat":[243],"product_tag":[],"class_list":{"0":"post-11065","1":"product","2":"type-product","3":"status-publish","4":"has-post-thumbnail","6":"product_cat-briques","8":"first","9":"instock","10":"shipping-taxable","11":"product-type-simple"},"yoast_head":"<!-- This site is optimized with the Yoast SEO plugin v27.4 - https:\/\/yoast.com\/product\/yoast-seo-wordpress\/ -->\n<title>Blocs Suspendus - Azaros<\/title>\n<meta name=\"robots\" content=\"index, follow, max-snippet:-1, max-image-preview:large, max-video-preview:-1\" \/>\n<link rel=\"canonical\" href=\"https:\/\/www.azaros.eu\/fr\/produit\/blocs-suspendus\/\" \/>\n<meta property=\"og:locale\" content=\"fr_FR\" \/>\n<meta property=\"og:type\" content=\"article\" \/>\n<meta property=\"og:title\" content=\"Blocs Suspendus - Azaros\" \/>\n<meta property=\"og:description\" content=\"Le bloc isolant est fabriqu\u00e9 \u00e0 partir de poudre r\u00e9fractaire de haute puret\u00e9 et de charges organiques qui se br\u00fblent pendant la fabrication pour offrir une porosit\u00e9 uniforme et contr\u00f4l\u00e9e.Le bloc est comprim\u00e9 sous vide et fritt\u00e9e \u00e0 haute temp\u00e9rature. Le bloc isolant est largement utilis\u00e9 comme rev\u00eatement r\u00e9fractaire de face chaude ou isolation arri\u00e8re dans diff\u00e9rents types de fours industriels.  Disponibles dans les diff\u00e9rentes classes comme G23, G26, G28, etc.\" \/>\n<meta property=\"og:url\" content=\"https:\/\/www.azaros.eu\/fr\/produit\/blocs-suspendus\/\" \/>\n<meta property=\"og:site_name\" content=\"Azaros\" \/>\n<meta property=\"article:modified_time\" content=\"2025-07-14T11:22:41+00:00\" \/>\n<meta property=\"og:image\" content=\"https:\/\/www.azaros.eu\/wp-content\/uploads\/2024\/06\/Bloque-colgante.jpg\" \/>\n\t<meta property=\"og:image:width\" content=\"1200\" \/>\n\t<meta property=\"og:image:height\" content=\"700\" \/>\n\t<meta property=\"og:image:type\" content=\"image\/jpeg\" \/>\n<meta name=\"twitter:card\" content=\"summary_large_image\" \/>\n<script type=\"application\/ld+json\" class=\"yoast-schema-graph\">{\"@context\":\"https:\\\/\\\/schema.org\",\"@graph\":[{\"@type\":\"WebPage\",\"@id\":\"https:\\\/\\\/www.azaros.eu\\\/fr\\\/produit\\\/blocs-suspendus\\\/\",\"url\":\"https:\\\/\\\/www.azaros.eu\\\/fr\\\/produit\\\/blocs-suspendus\\\/\",\"name\":\"Blocs Suspendus - Azaros\",\"isPartOf\":{\"@id\":\"https:\\\/\\\/www.azaros.eu\\\/fr\\\/#website\"},\"primaryImageOfPage\":{\"@id\":\"https:\\\/\\\/www.azaros.eu\\\/fr\\\/produit\\\/blocs-suspendus\\\/#primaryimage\"},\"image\":{\"@id\":\"https:\\\/\\\/www.azaros.eu\\\/fr\\\/produit\\\/blocs-suspendus\\\/#primaryimage\"},\"thumbnailUrl\":\"https:\\\/\\\/www.azaros.eu\\\/wp-content\\\/uploads\\\/2024\\\/06\\\/Bloque-colgante.jpg\",\"datePublished\":\"2024-06-10T16:34:55+00:00\",\"dateModified\":\"2025-07-14T11:22:41+00:00\",\"breadcrumb\":{\"@id\":\"https:\\\/\\\/www.azaros.eu\\\/fr\\\/produit\\\/blocs-suspendus\\\/#breadcrumb\"},\"inLanguage\":\"fr-FR\",\"potentialAction\":[{\"@type\":\"ReadAction\",\"target\":[\"https:\\\/\\\/www.azaros.eu\\\/fr\\\/produit\\\/blocs-suspendus\\\/\"]}]},{\"@type\":\"ImageObject\",\"inLanguage\":\"fr-FR\",\"@id\":\"https:\\\/\\\/www.azaros.eu\\\/fr\\\/produit\\\/blocs-suspendus\\\/#primaryimage\",\"url\":\"https:\\\/\\\/www.azaros.eu\\\/wp-content\\\/uploads\\\/2024\\\/06\\\/Bloque-colgante.jpg\",\"contentUrl\":\"https:\\\/\\\/www.azaros.eu\\\/wp-content\\\/uploads\\\/2024\\\/06\\\/Bloque-colgante.jpg\",\"width\":1200,\"height\":700},{\"@type\":\"BreadcrumbList\",\"@id\":\"https:\\\/\\\/www.azaros.eu\\\/fr\\\/produit\\\/blocs-suspendus\\\/#breadcrumb\",\"itemListElement\":[{\"@type\":\"ListItem\",\"position\":1,\"name\":\"Azaros\",\"item\":\"https:\\\/\\\/www.azaros.eu\\\/fr\\\/azaros-home\\\/\"},{\"@type\":\"ListItem\",\"position\":2,\"name\":\"Produits\",\"item\":\"https:\\\/\\\/www.azaros.eu\\\/fr\\\/produits\\\/\"},{\"@type\":\"ListItem\",\"position\":3,\"name\":\"Isolant thermique\",\"item\":\"https:\\\/\\\/www.azaros.eu\\\/fr\\\/produits\\\/isolant-thermique\\\/\"},{\"@type\":\"ListItem\",\"position\":4,\"name\":\"Briques isolantes\",\"item\":\"https:\\\/\\\/www.azaros.eu\\\/fr\\\/produits\\\/isolant-thermique\\\/briques\\\/\"},{\"@type\":\"ListItem\",\"position\":5,\"name\":\"Blocs Suspendus\"}]},{\"@type\":\"WebSite\",\"@id\":\"https:\\\/\\\/www.azaros.eu\\\/fr\\\/#website\",\"url\":\"https:\\\/\\\/www.azaros.eu\\\/fr\\\/\",\"name\":\"Azaros\",\"description\":\"Fabricamos, distribuimos y comercializamos una gran gama de suministros.\",\"potentialAction\":[{\"@type\":\"SearchAction\",\"target\":{\"@type\":\"EntryPoint\",\"urlTemplate\":\"https:\\\/\\\/www.azaros.eu\\\/fr\\\/?s={search_term_string}\"},\"query-input\":{\"@type\":\"PropertyValueSpecification\",\"valueRequired\":true,\"valueName\":\"search_term_string\"}}],\"inLanguage\":\"fr-FR\"}]}<\/script>\n<!-- \/ Yoast SEO plugin. -->","yoast_head_json":{"title":"Blocs Suspendus - Azaros","robots":{"index":"index","follow":"follow","max-snippet":"max-snippet:-1","max-image-preview":"max-image-preview:large","max-video-preview":"max-video-preview:-1"},"canonical":"https:\/\/www.azaros.eu\/fr\/produit\/blocs-suspendus\/","og_locale":"fr_FR","og_type":"article","og_title":"Blocs Suspendus - Azaros","og_description":"Le bloc isolant est fabriqu\u00e9 \u00e0 partir de poudre r\u00e9fractaire de haute puret\u00e9 et de charges organiques qui se br\u00fblent pendant la fabrication pour offrir une porosit\u00e9 uniforme et contr\u00f4l\u00e9e.Le bloc est comprim\u00e9 sous vide et fritt\u00e9e \u00e0 haute temp\u00e9rature. Le bloc isolant est largement utilis\u00e9 comme rev\u00eatement r\u00e9fractaire de face chaude ou isolation arri\u00e8re dans diff\u00e9rents types de fours industriels.  Disponibles dans les diff\u00e9rentes classes comme G23, G26, G28, etc.","og_url":"https:\/\/www.azaros.eu\/fr\/produit\/blocs-suspendus\/","og_site_name":"Azaros","article_modified_time":"2025-07-14T11:22:41+00:00","og_image":[{"width":1200,"height":700,"url":"https:\/\/www.azaros.eu\/wp-content\/uploads\/2024\/06\/Bloque-colgante.jpg","type":"image\/jpeg"}],"twitter_card":"summary_large_image","schema":{"@context":"https:\/\/schema.org","@graph":[{"@type":"WebPage","@id":"https:\/\/www.azaros.eu\/fr\/produit\/blocs-suspendus\/","url":"https:\/\/www.azaros.eu\/fr\/produit\/blocs-suspendus\/","name":"Blocs Suspendus - Azaros","isPartOf":{"@id":"https:\/\/www.azaros.eu\/fr\/#website"},"primaryImageOfPage":{"@id":"https:\/\/www.azaros.eu\/fr\/produit\/blocs-suspendus\/#primaryimage"},"image":{"@id":"https:\/\/www.azaros.eu\/fr\/produit\/blocs-suspendus\/#primaryimage"},"thumbnailUrl":"https:\/\/www.azaros.eu\/wp-content\/uploads\/2024\/06\/Bloque-colgante.jpg","datePublished":"2024-06-10T16:34:55+00:00","dateModified":"2025-07-14T11:22:41+00:00","breadcrumb":{"@id":"https:\/\/www.azaros.eu\/fr\/produit\/blocs-suspendus\/#breadcrumb"},"inLanguage":"fr-FR","potentialAction":[{"@type":"ReadAction","target":["https:\/\/www.azaros.eu\/fr\/produit\/blocs-suspendus\/"]}]},{"@type":"ImageObject","inLanguage":"fr-FR","@id":"https:\/\/www.azaros.eu\/fr\/produit\/blocs-suspendus\/#primaryimage","url":"https:\/\/www.azaros.eu\/wp-content\/uploads\/2024\/06\/Bloque-colgante.jpg","contentUrl":"https:\/\/www.azaros.eu\/wp-content\/uploads\/2024\/06\/Bloque-colgante.jpg","width":1200,"height":700},{"@type":"BreadcrumbList","@id":"https:\/\/www.azaros.eu\/fr\/produit\/blocs-suspendus\/#breadcrumb","itemListElement":[{"@type":"ListItem","position":1,"name":"Azaros","item":"https:\/\/www.azaros.eu\/fr\/azaros-home\/"},{"@type":"ListItem","position":2,"name":"Produits","item":"https:\/\/www.azaros.eu\/fr\/produits\/"},{"@type":"ListItem","position":3,"name":"Isolant thermique","item":"https:\/\/www.azaros.eu\/fr\/produits\/isolant-thermique\/"},{"@type":"ListItem","position":4,"name":"Briques isolantes","item":"https:\/\/www.azaros.eu\/fr\/produits\/isolant-thermique\/briques\/"},{"@type":"ListItem","position":5,"name":"Blocs Suspendus"}]},{"@type":"WebSite","@id":"https:\/\/www.azaros.eu\/fr\/#website","url":"https:\/\/www.azaros.eu\/fr\/","name":"Azaros","description":"Fabricamos, distribuimos y comercializamos una gran gama de suministros.","potentialAction":[{"@type":"SearchAction","target":{"@type":"EntryPoint","urlTemplate":"https:\/\/www.azaros.eu\/fr\/?s={search_term_string}"},"query-input":{"@type":"PropertyValueSpecification","valueRequired":true,"valueName":"search_term_string"}}],"inLanguage":"fr-FR"}]}},"_links":{"self":[{"href":"https:\/\/www.azaros.eu\/fr\/wp-json\/wp\/v2\/product\/11065","targetHints":{"allow":["GET"]}}],"collection":[{"href":"https:\/\/www.azaros.eu\/fr\/wp-json\/wp\/v2\/product"}],"about":[{"href":"https:\/\/www.azaros.eu\/fr\/wp-json\/wp\/v2\/types\/product"}],"wp:featuredmedia":[{"embeddable":true,"href":"https:\/\/www.azaros.eu\/fr\/wp-json\/wp\/v2\/media\/9371"}],"wp:attachment":[{"href":"https:\/\/www.azaros.eu\/fr\/wp-json\/wp\/v2\/media?parent=11065"}],"wp:term":[{"taxonomy":"product_brand","embeddable":true,"href":"https:\/\/www.azaros.eu\/fr\/wp-json\/wp\/v2\/product_brand?post=11065"},{"taxonomy":"product_cat","embeddable":true,"href":"https:\/\/www.azaros.eu\/fr\/wp-json\/wp\/v2\/product_cat?post=11065"},{"taxonomy":"product_tag","embeddable":true,"href":"https:\/\/www.azaros.eu\/fr\/wp-json\/wp\/v2\/product_tag?post=11065"}],"curies":[{"name":"wp","href":"https:\/\/api.w.org\/{rel}","templated":true}]}}