{"id":11089,"date":"2025-03-18T16:24:21","date_gmt":"2025-03-18T15:24:21","guid":{"rendered":"https:\/\/www.azaros.eu\/producto\/standard-2\/"},"modified":"2025-07-14T12:38:17","modified_gmt":"2025-07-14T11:38:17","slug":"standard-2","status":"publish","type":"product","link":"https:\/\/www.azaros.eu\/fr\/produit\/standard-2\/","title":{"rendered":"Alumineux"},"content":{"rendered":"<div class=\"row\"  id=\"row-157340349\">\n\n\t<div id=\"col-1563624509\" class=\"col medium-6 small-12 large-6\"  >\n\t\t\t\t<div class=\"col-inner\"  >\n\t\t\t\n\t\t\t\n<div class=\"container section-title-container\" ><h2 class=\"section-title section-title-normal\"><b aria-hidden=\"true\"><\/b><span class=\"section-title-main\" style=\"font-size:80%;\">Caract\u00e9ristiques<\/span><b aria-hidden=\"true\"><\/b><\/h2><\/div>\n<ul>\n<li>Haute puret\u00e9 et faible teneur en fer<\/li>\n<li>Bonne r\u00e9sistance thermique<\/li>\n<li>Excellente r\u00e9sistance au choc thermique<\/li>\n<li>Dimensions normalis\u00e9es les plus courantes : 230x114x64 mm et 230x114x76 mm.<\/li>\n<li>Sur demande, il est possible de fabriquer des briques aux dimensions sp\u00e9ciales, des coins, etc.<\/li>\n<\/ul>\n\t\t<\/div>\n\t\t\t\t\t<\/div>\n\n\t\n\n\t<div id=\"col-614435367\" class=\"col medium-6 small-12 large-6\"  >\n\t\t\t\t<div class=\"col-inner\"  >\n\t\t\t\n\t\t\t\n<div class=\"container section-title-container\" ><h2 class=\"section-title section-title-normal\"><b aria-hidden=\"true\"><\/b><span class=\"section-title-main\" style=\"font-size:80%;\">Applications typiques<\/span><b aria-hidden=\"true\"><\/b><\/h2><\/div>\n<ul>\n<li>Rev\u00eatement des parois, plafonds, etc&#8230; dans les fours industriels r\u00e9fractaires<\/li>\n<li>Rev\u00eatement de fours de recuit<\/li>\n<li>Rev\u00eatement de fours de traitement thermique<\/li>\n<\/ul>\n\t\t<\/div>\n\t\t\t\t\t<\/div>\n\n\t\n<\/div>\n","protected":false},"excerpt":{"rendered":"<p>Briques denses utilis\u00e9es dans la fabrication de fours industriels pour divers secteurs.<\/p>\n<p>Disponibles con diferentes porcentajes de al\u00famina (AL42%, AL60%, AL80%,etc.) y en diferentes formatos (est\u00e1ndar, cu\u00f1as, personalizados, etc.)<\/p>\n","protected":false},"featured_media":7774,"template":"","meta":[],"product_brand":[],"product_cat":[263],"product_tag":[],"class_list":{"0":"post-11089","1":"product","2":"type-product","3":"status-publish","4":"has-post-thumbnail","6":"product_cat-briques-refractaires","8":"first","9":"instock","10":"shipping-taxable","11":"product-type-simple"},"yoast_head":"<!-- This site is optimized with the Yoast SEO plugin v27.4 - https:\/\/yoast.com\/product\/yoast-seo-wordpress\/ -->\n<title>Alumineux - Azaros<\/title>\n<meta name=\"robots\" content=\"index, follow, max-snippet:-1, max-image-preview:large, max-video-preview:-1\" \/>\n<link rel=\"canonical\" href=\"https:\/\/www.azaros.eu\/fr\/produit\/standard-2\/\" \/>\n<meta property=\"og:locale\" content=\"fr_FR\" \/>\n<meta property=\"og:type\" content=\"article\" \/>\n<meta property=\"og:title\" content=\"Alumineux - Azaros\" \/>\n<meta property=\"og:description\" content=\"Briques denses utilis\u00e9es dans la fabrication de fours industriels pour divers secteurs. Disponibles con diferentes porcentajes de al\u00famina (AL42%, AL60%, AL80%,etc.) y en diferentes formatos (est\u00e1ndar, cu\u00f1as, personalizados, etc.)\" \/>\n<meta property=\"og:url\" content=\"https:\/\/www.azaros.eu\/fr\/produit\/standard-2\/\" \/>\n<meta property=\"og:site_name\" content=\"Azaros\" \/>\n<meta property=\"article:modified_time\" content=\"2025-07-14T11:38:17+00:00\" \/>\n<meta property=\"og:image\" content=\"https:\/\/www.azaros.eu\/wp-content\/uploads\/2024\/12\/Ladrillo-Aluminoso.jpg\" \/>\n\t<meta property=\"og:image:width\" content=\"1200\" \/>\n\t<meta property=\"og:image:height\" content=\"700\" \/>\n\t<meta property=\"og:image:type\" content=\"image\/jpeg\" \/>\n<meta name=\"twitter:card\" content=\"summary_large_image\" \/>\n<meta name=\"twitter:label1\" content=\"Dur\u00e9e de lecture estim\u00e9e\" \/>\n\t<meta name=\"twitter:data1\" content=\"1 minute\" \/>\n<script type=\"application\/ld+json\" class=\"yoast-schema-graph\">{\"@context\":\"https:\\\/\\\/schema.org\",\"@graph\":[{\"@type\":\"WebPage\",\"@id\":\"https:\\\/\\\/www.azaros.eu\\\/fr\\\/produit\\\/standard-2\\\/\",\"url\":\"https:\\\/\\\/www.azaros.eu\\\/fr\\\/produit\\\/standard-2\\\/\",\"name\":\"Alumineux - Azaros\",\"isPartOf\":{\"@id\":\"https:\\\/\\\/www.azaros.eu\\\/fr\\\/#website\"},\"primaryImageOfPage\":{\"@id\":\"https:\\\/\\\/www.azaros.eu\\\/fr\\\/produit\\\/standard-2\\\/#primaryimage\"},\"image\":{\"@id\":\"https:\\\/\\\/www.azaros.eu\\\/fr\\\/produit\\\/standard-2\\\/#primaryimage\"},\"thumbnailUrl\":\"https:\\\/\\\/www.azaros.eu\\\/wp-content\\\/uploads\\\/2024\\\/12\\\/Ladrillo-Aluminoso.jpg\",\"datePublished\":\"2025-03-18T15:24:21+00:00\",\"dateModified\":\"2025-07-14T11:38:17+00:00\",\"breadcrumb\":{\"@id\":\"https:\\\/\\\/www.azaros.eu\\\/fr\\\/produit\\\/standard-2\\\/#breadcrumb\"},\"inLanguage\":\"fr-FR\",\"potentialAction\":[{\"@type\":\"ReadAction\",\"target\":[\"https:\\\/\\\/www.azaros.eu\\\/fr\\\/produit\\\/standard-2\\\/\"]}]},{\"@type\":\"ImageObject\",\"inLanguage\":\"fr-FR\",\"@id\":\"https:\\\/\\\/www.azaros.eu\\\/fr\\\/produit\\\/standard-2\\\/#primaryimage\",\"url\":\"https:\\\/\\\/www.azaros.eu\\\/wp-content\\\/uploads\\\/2024\\\/12\\\/Ladrillo-Aluminoso.jpg\",\"contentUrl\":\"https:\\\/\\\/www.azaros.eu\\\/wp-content\\\/uploads\\\/2024\\\/12\\\/Ladrillo-Aluminoso.jpg\",\"width\":1200,\"height\":700},{\"@type\":\"BreadcrumbList\",\"@id\":\"https:\\\/\\\/www.azaros.eu\\\/fr\\\/produit\\\/standard-2\\\/#breadcrumb\",\"itemListElement\":[{\"@type\":\"ListItem\",\"position\":1,\"name\":\"Azaros\",\"item\":\"https:\\\/\\\/www.azaros.eu\\\/fr\\\/azaros-home\\\/\"},{\"@type\":\"ListItem\",\"position\":2,\"name\":\"Produits\",\"item\":\"https:\\\/\\\/www.azaros.eu\\\/fr\\\/produits\\\/\"},{\"@type\":\"ListItem\",\"position\":3,\"name\":\"R\u00e9fractaire\",\"item\":\"https:\\\/\\\/www.azaros.eu\\\/fr\\\/produits\\\/refractaire\\\/\"},{\"@type\":\"ListItem\",\"position\":4,\"name\":\"Briques r\u00e9fractaires\",\"item\":\"https:\\\/\\\/www.azaros.eu\\\/fr\\\/produits\\\/refractaire\\\/briques-refractaires\\\/\"},{\"@type\":\"ListItem\",\"position\":5,\"name\":\"Alumineux\"}]},{\"@type\":\"WebSite\",\"@id\":\"https:\\\/\\\/www.azaros.eu\\\/fr\\\/#website\",\"url\":\"https:\\\/\\\/www.azaros.eu\\\/fr\\\/\",\"name\":\"Azaros\",\"description\":\"Fabricamos, distribuimos y comercializamos una gran gama de suministros.\",\"potentialAction\":[{\"@type\":\"SearchAction\",\"target\":{\"@type\":\"EntryPoint\",\"urlTemplate\":\"https:\\\/\\\/www.azaros.eu\\\/fr\\\/?s={search_term_string}\"},\"query-input\":{\"@type\":\"PropertyValueSpecification\",\"valueRequired\":true,\"valueName\":\"search_term_string\"}}],\"inLanguage\":\"fr-FR\"}]}<\/script>\n<!-- \/ Yoast SEO plugin. -->","yoast_head_json":{"title":"Alumineux - Azaros","robots":{"index":"index","follow":"follow","max-snippet":"max-snippet:-1","max-image-preview":"max-image-preview:large","max-video-preview":"max-video-preview:-1"},"canonical":"https:\/\/www.azaros.eu\/fr\/produit\/standard-2\/","og_locale":"fr_FR","og_type":"article","og_title":"Alumineux - Azaros","og_description":"Briques denses utilis\u00e9es dans la fabrication de fours industriels pour divers secteurs. Disponibles con diferentes porcentajes de al\u00famina (AL42%, AL60%, AL80%,etc.) y en diferentes formatos (est\u00e1ndar, cu\u00f1as, personalizados, etc.)","og_url":"https:\/\/www.azaros.eu\/fr\/produit\/standard-2\/","og_site_name":"Azaros","article_modified_time":"2025-07-14T11:38:17+00:00","og_image":[{"width":1200,"height":700,"url":"https:\/\/www.azaros.eu\/wp-content\/uploads\/2024\/12\/Ladrillo-Aluminoso.jpg","type":"image\/jpeg"}],"twitter_card":"summary_large_image","twitter_misc":{"Dur\u00e9e de lecture estim\u00e9e":"1 minute"},"schema":{"@context":"https:\/\/schema.org","@graph":[{"@type":"WebPage","@id":"https:\/\/www.azaros.eu\/fr\/produit\/standard-2\/","url":"https:\/\/www.azaros.eu\/fr\/produit\/standard-2\/","name":"Alumineux - Azaros","isPartOf":{"@id":"https:\/\/www.azaros.eu\/fr\/#website"},"primaryImageOfPage":{"@id":"https:\/\/www.azaros.eu\/fr\/produit\/standard-2\/#primaryimage"},"image":{"@id":"https:\/\/www.azaros.eu\/fr\/produit\/standard-2\/#primaryimage"},"thumbnailUrl":"https:\/\/www.azaros.eu\/wp-content\/uploads\/2024\/12\/Ladrillo-Aluminoso.jpg","datePublished":"2025-03-18T15:24:21+00:00","dateModified":"2025-07-14T11:38:17+00:00","breadcrumb":{"@id":"https:\/\/www.azaros.eu\/fr\/produit\/standard-2\/#breadcrumb"},"inLanguage":"fr-FR","potentialAction":[{"@type":"ReadAction","target":["https:\/\/www.azaros.eu\/fr\/produit\/standard-2\/"]}]},{"@type":"ImageObject","inLanguage":"fr-FR","@id":"https:\/\/www.azaros.eu\/fr\/produit\/standard-2\/#primaryimage","url":"https:\/\/www.azaros.eu\/wp-content\/uploads\/2024\/12\/Ladrillo-Aluminoso.jpg","contentUrl":"https:\/\/www.azaros.eu\/wp-content\/uploads\/2024\/12\/Ladrillo-Aluminoso.jpg","width":1200,"height":700},{"@type":"BreadcrumbList","@id":"https:\/\/www.azaros.eu\/fr\/produit\/standard-2\/#breadcrumb","itemListElement":[{"@type":"ListItem","position":1,"name":"Azaros","item":"https:\/\/www.azaros.eu\/fr\/azaros-home\/"},{"@type":"ListItem","position":2,"name":"Produits","item":"https:\/\/www.azaros.eu\/fr\/produits\/"},{"@type":"ListItem","position":3,"name":"R\u00e9fractaire","item":"https:\/\/www.azaros.eu\/fr\/produits\/refractaire\/"},{"@type":"ListItem","position":4,"name":"Briques r\u00e9fractaires","item":"https:\/\/www.azaros.eu\/fr\/produits\/refractaire\/briques-refractaires\/"},{"@type":"ListItem","position":5,"name":"Alumineux"}]},{"@type":"WebSite","@id":"https:\/\/www.azaros.eu\/fr\/#website","url":"https:\/\/www.azaros.eu\/fr\/","name":"Azaros","description":"Fabricamos, distribuimos y comercializamos una gran gama de suministros.","potentialAction":[{"@type":"SearchAction","target":{"@type":"EntryPoint","urlTemplate":"https:\/\/www.azaros.eu\/fr\/?s={search_term_string}"},"query-input":{"@type":"PropertyValueSpecification","valueRequired":true,"valueName":"search_term_string"}}],"inLanguage":"fr-FR"}]}},"_links":{"self":[{"href":"https:\/\/www.azaros.eu\/fr\/wp-json\/wp\/v2\/product\/11089","targetHints":{"allow":["GET"]}}],"collection":[{"href":"https:\/\/www.azaros.eu\/fr\/wp-json\/wp\/v2\/product"}],"about":[{"href":"https:\/\/www.azaros.eu\/fr\/wp-json\/wp\/v2\/types\/product"}],"wp:featuredmedia":[{"embeddable":true,"href":"https:\/\/www.azaros.eu\/fr\/wp-json\/wp\/v2\/media\/7774"}],"wp:attachment":[{"href":"https:\/\/www.azaros.eu\/fr\/wp-json\/wp\/v2\/media?parent=11089"}],"wp:term":[{"taxonomy":"product_brand","embeddable":true,"href":"https:\/\/www.azaros.eu\/fr\/wp-json\/wp\/v2\/product_brand?post=11089"},{"taxonomy":"product_cat","embeddable":true,"href":"https:\/\/www.azaros.eu\/fr\/wp-json\/wp\/v2\/product_cat?post=11089"},{"taxonomy":"product_tag","embeddable":true,"href":"https:\/\/www.azaros.eu\/fr\/wp-json\/wp\/v2\/product_tag?post=11089"}],"curies":[{"name":"wp","href":"https:\/\/api.w.org\/{rel}","templated":true}]}}