{"id":11120,"date":"2024-06-11T08:08:45","date_gmt":"2024-06-11T07:08:45","guid":{"rendered":"https:\/\/www.azaros.eu\/producto\/mlz\/"},"modified":"2025-07-14T12:57:14","modified_gmt":"2025-07-14T11:57:14","slug":"mlz","status":"publish","type":"product","link":"https:\/\/www.azaros.eu\/fr\/produit\/mlz\/","title":{"rendered":"MLZ"},"content":{"rendered":"<div class=\"row\"  id=\"row-1163488925\">\n\n\t<div id=\"col-312284688\" class=\"col medium-6 small-12 large-6\"  >\n\t\t\t\t<div class=\"col-inner\"  >\n\t\t\t\n\t\t\t\n<div class=\"container section-title-container\" ><h2 class=\"section-title section-title-normal\"><b aria-hidden=\"true\"><\/b><span class=\"section-title-main\" style=\"font-size:80%;\">Caract\u00e9ristiques<\/span><b aria-hidden=\"true\"><\/b><\/h2><\/div>\n<table>\n<tbody>\n<tr>\n<td>Color<\/td>\n<td>gris<\/td>\n<\/tr>\n<tr>\n<td>Temperatura m\u00e1xima de trabajo<\/td>\n<td>1.050 \u00baC<\/td>\n<\/tr>\n<tr>\n<td>Densidad<\/td>\n<td>270\u2013320 kg\/m3<\/td>\n<\/tr>\n<tr>\n<td>Test de no combustibilidad<\/td>\n<td>Clase A1<\/td>\n<\/tr>\n<tr>\n<td>Resistencia a compresi\u00f3n a 10%<\/td>\n<td>&gt; 0,32 MPa<\/td>\n<\/tr>\n<tr>\n<td>Conductividad t\u00e9rmica (DIN 51046)<\/td>\n<td>a 200 \u00baC -&gt; 0,022 W\/mK<br \/>\na 400 \u00baC -&gt; 0,025 W\/mK<br \/>\na 600 \u00baC -&gt; 0,030 W\/mK<br \/>\na 800 \u00baC -&gt; 0,040 W\/mK<\/td>\n<\/tr>\n<\/tbody>\n<\/table>\n\t\t<\/div>\n\t\t\t\t\t<\/div>\n\n\t\n\n\t<div id=\"col-1908831291\" class=\"col medium-6 small-12 large-6\"  >\n\t\t\t\t<div class=\"col-inner\"  >\n\t\t\t\n\t\t\t\n<div class=\"container section-title-container\" ><h2 class=\"section-title section-title-normal\"><b aria-hidden=\"true\"><\/b><span class=\"section-title-main\" style=\"font-size:80%;\">Applications typiques<\/span><b aria-hidden=\"true\"><\/b><\/h2><\/div>\n<ul>\n<li>Rev\u00eatement des parois, plafonds, etc&#8230; dans les fours industriels r\u00e9fractaires<\/li>\n<li>Rev\u00eatement de fours de recuit<\/li>\n<li>Rev\u00eatement de fours de traitement thermique<\/li>\n<\/ul>\n\t\t<\/div>\n\t\t\t\t\t<\/div>\n\n\t\n<\/div>\n","protected":false},"excerpt":{"rendered":"<p>Les briques r\u00e9fractaires MLZ sont un type de briques principalement fabriqu\u00e9 \u00e0 partir de mullite, une base cristalline d\u2019aluminosilicate offrant d\u2019excellentes propri\u00e9t\u00e9s r\u00e9fractaires.<br \/>Ces briques sont r\u00e9put\u00e9es pour leur haute r\u00e9sistance \u00e0 la corrosion, \u00e0 l\u2019abrasion, ainsi que pour leur capacit\u00e9 \u00e0 supporter des temp\u00e9ratures tr\u00e8s \u00e9lev\u00e9es, pouvant d\u00e9passer les 1700\u202f\u00b0C.<br \/>La d\u00e9nomination \u00ab\u202fMLZ\u202f\u00bb fait r\u00e9f\u00e9rence \u00e0 leur teneur en mullite et \u00e0 leur utilisation dans des zones n\u00e9cessitant une r\u00e9sistance thermique et m\u00e9canique \u00e9lev\u00e9e. <\/p>\n<p>Les briques MLZ sont couramment utilis\u00e9es dans des industries telles que la sid\u00e9rurgie, la fabrication de ciment, le verre et la c\u00e9ramique, o\u00f9 elles font partie du rev\u00eatement interne des fours, chaudi\u00e8res et autres \u00e9quipements expos\u00e9s \u00e0 des conditions extr\u00eames de chaleur et d\u2019usure. <\/p>\n<p>Disponibles diff\u00e9rents formats.<\/p>\n","protected":false},"featured_media":9351,"template":"","meta":[],"product_brand":[],"product_cat":[263],"product_tag":[],"class_list":{"0":"post-11120","1":"product","2":"type-product","3":"status-publish","4":"has-post-thumbnail","6":"product_cat-briques-refractaires","8":"first","9":"instock","10":"shipping-taxable","11":"product-type-simple"},"yoast_head":"<!-- This site is optimized with the Yoast SEO plugin v27.4 - https:\/\/yoast.com\/product\/yoast-seo-wordpress\/ -->\n<title>MLZ - Azaros<\/title>\n<meta name=\"robots\" content=\"index, follow, max-snippet:-1, max-image-preview:large, max-video-preview:-1\" \/>\n<link rel=\"canonical\" href=\"https:\/\/www.azaros.eu\/fr\/produit\/mlz\/\" \/>\n<meta property=\"og:locale\" content=\"fr_FR\" \/>\n<meta property=\"og:type\" content=\"article\" \/>\n<meta property=\"og:title\" content=\"MLZ - Azaros\" \/>\n<meta property=\"og:description\" content=\"Les briques r\u00e9fractaires MLZ sont un type de briques principalement fabriqu\u00e9 \u00e0 partir de mullite, une base cristalline d\u2019aluminosilicate offrant d\u2019excellentes propri\u00e9t\u00e9s r\u00e9fractaires.Ces briques sont r\u00e9put\u00e9es pour leur haute r\u00e9sistance \u00e0 la corrosion, \u00e0 l\u2019abrasion, ainsi que pour leur capacit\u00e9 \u00e0 supporter des temp\u00e9ratures tr\u00e8s \u00e9lev\u00e9es, pouvant d\u00e9passer les 1700\u202f\u00b0C.La d\u00e9nomination \u00ab\u202fMLZ\u202f\u00bb fait r\u00e9f\u00e9rence \u00e0 leur teneur en mullite et \u00e0 leur utilisation dans des zones n\u00e9cessitant une r\u00e9sistance thermique et m\u00e9canique \u00e9lev\u00e9e.  Les briques MLZ sont couramment utilis\u00e9es dans des industries telles que la sid\u00e9rurgie, la fabrication de ciment, le verre et la c\u00e9ramique, o\u00f9 elles font partie du rev\u00eatement interne des fours, chaudi\u00e8res et autres \u00e9quipements expos\u00e9s \u00e0 des conditions extr\u00eames de chaleur et d\u2019usure.  Disponibles diff\u00e9rents formats.\" \/>\n<meta property=\"og:url\" content=\"https:\/\/www.azaros.eu\/fr\/produit\/mlz\/\" \/>\n<meta property=\"og:site_name\" content=\"Azaros\" \/>\n<meta property=\"article:modified_time\" content=\"2025-07-14T11:57:14+00:00\" \/>\n<meta property=\"og:image\" content=\"https:\/\/www.azaros.eu\/wp-content\/uploads\/2024\/06\/LadrilloMLZ.jpg\" \/>\n\t<meta property=\"og:image:width\" content=\"1200\" \/>\n\t<meta property=\"og:image:height\" content=\"700\" \/>\n\t<meta property=\"og:image:type\" content=\"image\/jpeg\" \/>\n<meta name=\"twitter:card\" content=\"summary_large_image\" \/>\n<meta name=\"twitter:label1\" content=\"Dur\u00e9e de lecture estim\u00e9e\" \/>\n\t<meta name=\"twitter:data1\" content=\"1 minute\" \/>\n<script type=\"application\/ld+json\" class=\"yoast-schema-graph\">{\"@context\":\"https:\\\/\\\/schema.org\",\"@graph\":[{\"@type\":\"WebPage\",\"@id\":\"https:\\\/\\\/www.azaros.eu\\\/fr\\\/produit\\\/mlz\\\/\",\"url\":\"https:\\\/\\\/www.azaros.eu\\\/fr\\\/produit\\\/mlz\\\/\",\"name\":\"MLZ - Azaros\",\"isPartOf\":{\"@id\":\"https:\\\/\\\/www.azaros.eu\\\/fr\\\/#website\"},\"primaryImageOfPage\":{\"@id\":\"https:\\\/\\\/www.azaros.eu\\\/fr\\\/produit\\\/mlz\\\/#primaryimage\"},\"image\":{\"@id\":\"https:\\\/\\\/www.azaros.eu\\\/fr\\\/produit\\\/mlz\\\/#primaryimage\"},\"thumbnailUrl\":\"https:\\\/\\\/www.azaros.eu\\\/wp-content\\\/uploads\\\/2024\\\/06\\\/LadrilloMLZ.jpg\",\"datePublished\":\"2024-06-11T07:08:45+00:00\",\"dateModified\":\"2025-07-14T11:57:14+00:00\",\"breadcrumb\":{\"@id\":\"https:\\\/\\\/www.azaros.eu\\\/fr\\\/produit\\\/mlz\\\/#breadcrumb\"},\"inLanguage\":\"fr-FR\",\"potentialAction\":[{\"@type\":\"ReadAction\",\"target\":[\"https:\\\/\\\/www.azaros.eu\\\/fr\\\/produit\\\/mlz\\\/\"]}]},{\"@type\":\"ImageObject\",\"inLanguage\":\"fr-FR\",\"@id\":\"https:\\\/\\\/www.azaros.eu\\\/fr\\\/produit\\\/mlz\\\/#primaryimage\",\"url\":\"https:\\\/\\\/www.azaros.eu\\\/wp-content\\\/uploads\\\/2024\\\/06\\\/LadrilloMLZ.jpg\",\"contentUrl\":\"https:\\\/\\\/www.azaros.eu\\\/wp-content\\\/uploads\\\/2024\\\/06\\\/LadrilloMLZ.jpg\",\"width\":1200,\"height\":700},{\"@type\":\"BreadcrumbList\",\"@id\":\"https:\\\/\\\/www.azaros.eu\\\/fr\\\/produit\\\/mlz\\\/#breadcrumb\",\"itemListElement\":[{\"@type\":\"ListItem\",\"position\":1,\"name\":\"Azaros\",\"item\":\"https:\\\/\\\/www.azaros.eu\\\/fr\\\/azaros-home\\\/\"},{\"@type\":\"ListItem\",\"position\":2,\"name\":\"Produits\",\"item\":\"https:\\\/\\\/www.azaros.eu\\\/fr\\\/produits\\\/\"},{\"@type\":\"ListItem\",\"position\":3,\"name\":\"R\u00e9fractaire\",\"item\":\"https:\\\/\\\/www.azaros.eu\\\/fr\\\/produits\\\/refractaire\\\/\"},{\"@type\":\"ListItem\",\"position\":4,\"name\":\"Briques r\u00e9fractaires\",\"item\":\"https:\\\/\\\/www.azaros.eu\\\/fr\\\/produits\\\/refractaire\\\/briques-refractaires\\\/\"},{\"@type\":\"ListItem\",\"position\":5,\"name\":\"MLZ\"}]},{\"@type\":\"WebSite\",\"@id\":\"https:\\\/\\\/www.azaros.eu\\\/fr\\\/#website\",\"url\":\"https:\\\/\\\/www.azaros.eu\\\/fr\\\/\",\"name\":\"Azaros\",\"description\":\"Fabricamos, distribuimos y comercializamos una gran gama de suministros.\",\"potentialAction\":[{\"@type\":\"SearchAction\",\"target\":{\"@type\":\"EntryPoint\",\"urlTemplate\":\"https:\\\/\\\/www.azaros.eu\\\/fr\\\/?s={search_term_string}\"},\"query-input\":{\"@type\":\"PropertyValueSpecification\",\"valueRequired\":true,\"valueName\":\"search_term_string\"}}],\"inLanguage\":\"fr-FR\"}]}<\/script>\n<!-- \/ Yoast SEO plugin. -->","yoast_head_json":{"title":"MLZ - Azaros","robots":{"index":"index","follow":"follow","max-snippet":"max-snippet:-1","max-image-preview":"max-image-preview:large","max-video-preview":"max-video-preview:-1"},"canonical":"https:\/\/www.azaros.eu\/fr\/produit\/mlz\/","og_locale":"fr_FR","og_type":"article","og_title":"MLZ - Azaros","og_description":"Les briques r\u00e9fractaires MLZ sont un type de briques principalement fabriqu\u00e9 \u00e0 partir de mullite, une base cristalline d\u2019aluminosilicate offrant d\u2019excellentes propri\u00e9t\u00e9s r\u00e9fractaires.Ces briques sont r\u00e9put\u00e9es pour leur haute r\u00e9sistance \u00e0 la corrosion, \u00e0 l\u2019abrasion, ainsi que pour leur capacit\u00e9 \u00e0 supporter des temp\u00e9ratures tr\u00e8s \u00e9lev\u00e9es, pouvant d\u00e9passer les 1700\u202f\u00b0C.La d\u00e9nomination \u00ab\u202fMLZ\u202f\u00bb fait r\u00e9f\u00e9rence \u00e0 leur teneur en mullite et \u00e0 leur utilisation dans des zones n\u00e9cessitant une r\u00e9sistance thermique et m\u00e9canique \u00e9lev\u00e9e.  Les briques MLZ sont couramment utilis\u00e9es dans des industries telles que la sid\u00e9rurgie, la fabrication de ciment, le verre et la c\u00e9ramique, o\u00f9 elles font partie du rev\u00eatement interne des fours, chaudi\u00e8res et autres \u00e9quipements expos\u00e9s \u00e0 des conditions extr\u00eames de chaleur et d\u2019usure.  Disponibles diff\u00e9rents formats.","og_url":"https:\/\/www.azaros.eu\/fr\/produit\/mlz\/","og_site_name":"Azaros","article_modified_time":"2025-07-14T11:57:14+00:00","og_image":[{"width":1200,"height":700,"url":"https:\/\/www.azaros.eu\/wp-content\/uploads\/2024\/06\/LadrilloMLZ.jpg","type":"image\/jpeg"}],"twitter_card":"summary_large_image","twitter_misc":{"Dur\u00e9e de lecture estim\u00e9e":"1 minute"},"schema":{"@context":"https:\/\/schema.org","@graph":[{"@type":"WebPage","@id":"https:\/\/www.azaros.eu\/fr\/produit\/mlz\/","url":"https:\/\/www.azaros.eu\/fr\/produit\/mlz\/","name":"MLZ - Azaros","isPartOf":{"@id":"https:\/\/www.azaros.eu\/fr\/#website"},"primaryImageOfPage":{"@id":"https:\/\/www.azaros.eu\/fr\/produit\/mlz\/#primaryimage"},"image":{"@id":"https:\/\/www.azaros.eu\/fr\/produit\/mlz\/#primaryimage"},"thumbnailUrl":"https:\/\/www.azaros.eu\/wp-content\/uploads\/2024\/06\/LadrilloMLZ.jpg","datePublished":"2024-06-11T07:08:45+00:00","dateModified":"2025-07-14T11:57:14+00:00","breadcrumb":{"@id":"https:\/\/www.azaros.eu\/fr\/produit\/mlz\/#breadcrumb"},"inLanguage":"fr-FR","potentialAction":[{"@type":"ReadAction","target":["https:\/\/www.azaros.eu\/fr\/produit\/mlz\/"]}]},{"@type":"ImageObject","inLanguage":"fr-FR","@id":"https:\/\/www.azaros.eu\/fr\/produit\/mlz\/#primaryimage","url":"https:\/\/www.azaros.eu\/wp-content\/uploads\/2024\/06\/LadrilloMLZ.jpg","contentUrl":"https:\/\/www.azaros.eu\/wp-content\/uploads\/2024\/06\/LadrilloMLZ.jpg","width":1200,"height":700},{"@type":"BreadcrumbList","@id":"https:\/\/www.azaros.eu\/fr\/produit\/mlz\/#breadcrumb","itemListElement":[{"@type":"ListItem","position":1,"name":"Azaros","item":"https:\/\/www.azaros.eu\/fr\/azaros-home\/"},{"@type":"ListItem","position":2,"name":"Produits","item":"https:\/\/www.azaros.eu\/fr\/produits\/"},{"@type":"ListItem","position":3,"name":"R\u00e9fractaire","item":"https:\/\/www.azaros.eu\/fr\/produits\/refractaire\/"},{"@type":"ListItem","position":4,"name":"Briques r\u00e9fractaires","item":"https:\/\/www.azaros.eu\/fr\/produits\/refractaire\/briques-refractaires\/"},{"@type":"ListItem","position":5,"name":"MLZ"}]},{"@type":"WebSite","@id":"https:\/\/www.azaros.eu\/fr\/#website","url":"https:\/\/www.azaros.eu\/fr\/","name":"Azaros","description":"Fabricamos, distribuimos y comercializamos una gran gama de suministros.","potentialAction":[{"@type":"SearchAction","target":{"@type":"EntryPoint","urlTemplate":"https:\/\/www.azaros.eu\/fr\/?s={search_term_string}"},"query-input":{"@type":"PropertyValueSpecification","valueRequired":true,"valueName":"search_term_string"}}],"inLanguage":"fr-FR"}]}},"_links":{"self":[{"href":"https:\/\/www.azaros.eu\/fr\/wp-json\/wp\/v2\/product\/11120","targetHints":{"allow":["GET"]}}],"collection":[{"href":"https:\/\/www.azaros.eu\/fr\/wp-json\/wp\/v2\/product"}],"about":[{"href":"https:\/\/www.azaros.eu\/fr\/wp-json\/wp\/v2\/types\/product"}],"wp:featuredmedia":[{"embeddable":true,"href":"https:\/\/www.azaros.eu\/fr\/wp-json\/wp\/v2\/media\/9351"}],"wp:attachment":[{"href":"https:\/\/www.azaros.eu\/fr\/wp-json\/wp\/v2\/media?parent=11120"}],"wp:term":[{"taxonomy":"product_brand","embeddable":true,"href":"https:\/\/www.azaros.eu\/fr\/wp-json\/wp\/v2\/product_brand?post=11120"},{"taxonomy":"product_cat","embeddable":true,"href":"https:\/\/www.azaros.eu\/fr\/wp-json\/wp\/v2\/product_cat?post=11120"},{"taxonomy":"product_tag","embeddable":true,"href":"https:\/\/www.azaros.eu\/fr\/wp-json\/wp\/v2\/product_tag?post=11120"}],"curies":[{"name":"wp","href":"https:\/\/api.w.org\/{rel}","templated":true}]}}