{"id":11133,"date":"2024-06-11T08:08:15","date_gmt":"2024-06-11T07:08:15","guid":{"rendered":"https:\/\/www.azaros.eu\/producto\/ancrages-ceramiques\/"},"modified":"2025-05-20T07:55:56","modified_gmt":"2025-05-20T06:55:56","slug":"ancrages-ceramiques","status":"publish","type":"product","link":"https:\/\/www.azaros.eu\/fr\/produit\/ancrages-ceramiques\/","title":{"rendered":"Ancrages ceramiques"},"content":{"rendered":"<div class=\"row\"  id=\"row-1990181256\">\n\n\t<div id=\"col-1459526946\" class=\"col medium-6 small-12 large-6\"  >\n\t\t\t\t<div class=\"col-inner\"  >\n\t\t\t\n\t\t\t\n<div class=\"container section-title-container\" ><h2 class=\"section-title section-title-normal\"><b aria-hidden=\"true\"><\/b><span class=\"section-title-main\" style=\"font-size:80%;\">Caract\u00e9ristiques<\/span><b aria-hidden=\"true\"><\/b><\/h2><\/div>\n<ul>\n<li>Haute r\u00e9sistance thermique : Con\u00e7us pour supporter des temp\u00e9ratures extr\u00eames, sans se d\u00e9grader<\/li>\n<li>Excellente r\u00e9sistance \u00e0 la corrosion chimique : Ne r\u00e9agissent pas avec les gaz ni les scories agressives pr\u00e9sentes dans le four<\/li>\n<li>Faible conductivit\u00e9 thermique : R\u00e9duit les pertes de chaleur et am\u00e9liore l\u2019efficacit\u00e9 \u00e9nerg\u00e9tique du four<\/li>\n<li>Haute r\u00e9sistance m\u00e9canique : Supportent les charges et les contraintes thermiques sans se fissurer<\/li>\n<li>Compatibilit\u00e9 avec les mat\u00e9riaux r\u00e9fractaires : Fabriqu\u00e9s \u00e0 partir de mat\u00e9riaux similaires pour \u00e9viter les diff\u00e9rences de dilatation thermique pouvant entra\u00eener des d\u00e9faillances structurelles<\/li>\n<li>Durabilit\u00e9 et longue dur\u00e9e de vie : Con\u00e7us pour r\u00e9sister aux cycles thermiques et r\u00e9duire les besoins de maintenance du four<\/li>\n<\/ul>\n\t\t<\/div>\n\t\t\t\t\t<\/div>\n\n\t\n\n\t<div id=\"col-1225954922\" class=\"col medium-6 small-12 large-6\"  >\n\t\t\t\t<div class=\"col-inner\"  >\n\t\t\t\n\t\t\t\n<div class=\"container section-title-container\" ><h2 class=\"section-title section-title-normal\"><b aria-hidden=\"true\"><\/b><span class=\"section-title-main\" style=\"font-size:80%;\">Applications typiques<\/span><b aria-hidden=\"true\"><\/b><\/h2><\/div>\n<ul>\n<li>Vo\u00fbtes et plafonds de fours industriels dans les secteurs de la sid\u00e9rurgie, du ciment, du verre et de la c\u00e9ramique<\/li>\n<li>Fours de fusion et de calcination, o\u00f9 une stabilit\u00e9 structurelle \u00e0 haute temp\u00e9rature est requise<\/li>\n<li>Fours de traitement thermique, pour assurer la fixation du rev\u00eatement r\u00e9fractaire<\/li>\n<li>Chaudi\u00e8res et chambres de combustion, expos\u00e9es \u00e0 des gaz corrosifs et \u00e0 des temp\u00e9ratures \u00e9lev\u00e9es<\/li>\n<\/ul>\n\t\t<\/div>\n\t\t\t\t\t<\/div>\n\n\t\n<\/div>\n","protected":false},"excerpt":{"rendered":"<p>Les ancrages c\u00e9ramiques sont des pi\u00e8ces fabriqu\u00e9es \u00e0 partir de mat\u00e9riaux c\u00e9ramiques r\u00e9fractaires, destin\u00e9es \u00e0 fixer et maintenir les rev\u00eatements r\u00e9fractaires dans des structures industrielles fonctionnant \u00e0 haute temp\u00e9rature, telles que les fours, chaudi\u00e8res et chemin\u00e9es.<br \/>Ces ancrages sont int\u00e9gr\u00e9s directement dans le rev\u00eatement, agissant comme des points d\u2019ancrage pour maintenir le mat\u00e9riau r\u00e9fractaire en place.<br \/>\u00c9tant compos\u00e9s de mat\u00e9riaux c\u00e9ramiques, ils pr\u00e9sentent une grande r\u00e9sistance \u00e0 la chaleur, \u00e0 la corrosion et aux chocs thermiques, et ne se d\u00e9forment pas sous l\u2019effet de temp\u00e9ratures \u00e9lev\u00e9es comme le feraient les ancrages m\u00e9talliques.<br \/>Cela garantit la stabilit\u00e9 du rev\u00eatement r\u00e9fractaire, m\u00eame dans des conditions extr\u00eames de fonctionnement, prolongeant ainsi sa dur\u00e9e de vie et son efficacit\u00e9.  <\/p>\n","protected":false},"featured_media":7759,"template":"","meta":[],"product_brand":[],"product_cat":[260],"product_tag":[],"class_list":{"0":"post-11133","1":"product","2":"type-product","3":"status-publish","4":"has-post-thumbnail","6":"product_cat-ancres-2","8":"first","9":"instock","10":"shipping-taxable","11":"product-type-simple"},"yoast_head":"<!-- This site is optimized with the Yoast SEO plugin v27.4 - https:\/\/yoast.com\/product\/yoast-seo-wordpress\/ -->\n<title>Ancrages ceramiques - Azaros<\/title>\n<meta name=\"robots\" content=\"index, follow, max-snippet:-1, max-image-preview:large, max-video-preview:-1\" \/>\n<link rel=\"canonical\" href=\"https:\/\/www.azaros.eu\/fr\/produit\/ancrages-ceramiques\/\" \/>\n<meta property=\"og:locale\" content=\"fr_FR\" \/>\n<meta property=\"og:type\" content=\"article\" \/>\n<meta property=\"og:title\" content=\"Ancrages ceramiques - Azaros\" \/>\n<meta property=\"og:description\" content=\"Les ancrages c\u00e9ramiques sont des pi\u00e8ces fabriqu\u00e9es \u00e0 partir de mat\u00e9riaux c\u00e9ramiques r\u00e9fractaires, destin\u00e9es \u00e0 fixer et maintenir les rev\u00eatements r\u00e9fractaires dans des structures industrielles fonctionnant \u00e0 haute temp\u00e9rature, telles que les fours, chaudi\u00e8res et chemin\u00e9es.Ces ancrages sont int\u00e9gr\u00e9s directement dans le rev\u00eatement, agissant comme des points d\u2019ancrage pour maintenir le mat\u00e9riau r\u00e9fractaire en place.\u00c9tant compos\u00e9s de mat\u00e9riaux c\u00e9ramiques, ils pr\u00e9sentent une grande r\u00e9sistance \u00e0 la chaleur, \u00e0 la corrosion et aux chocs thermiques, et ne se d\u00e9forment pas sous l\u2019effet de temp\u00e9ratures \u00e9lev\u00e9es comme le feraient les ancrages m\u00e9talliques.Cela garantit la stabilit\u00e9 du rev\u00eatement r\u00e9fractaire, m\u00eame dans des conditions extr\u00eames de fonctionnement, prolongeant ainsi sa dur\u00e9e de vie et son efficacit\u00e9.\" \/>\n<meta property=\"og:url\" content=\"https:\/\/www.azaros.eu\/fr\/produit\/ancrages-ceramiques\/\" \/>\n<meta property=\"og:site_name\" content=\"Azaros\" \/>\n<meta property=\"article:modified_time\" content=\"2025-05-20T06:55:56+00:00\" \/>\n<meta property=\"og:image\" content=\"https:\/\/www.azaros.eu\/wp-content\/uploads\/2024\/12\/MUNECOS-4.jpg\" \/>\n\t<meta property=\"og:image:width\" content=\"1200\" \/>\n\t<meta property=\"og:image:height\" content=\"700\" \/>\n\t<meta property=\"og:image:type\" content=\"image\/jpeg\" \/>\n<meta name=\"twitter:card\" content=\"summary_large_image\" \/>\n<meta name=\"twitter:label1\" content=\"Dur\u00e9e de lecture estim\u00e9e\" \/>\n\t<meta name=\"twitter:data1\" content=\"1 minute\" \/>\n<script type=\"application\/ld+json\" class=\"yoast-schema-graph\">{\"@context\":\"https:\\\/\\\/schema.org\",\"@graph\":[{\"@type\":\"WebPage\",\"@id\":\"https:\\\/\\\/www.azaros.eu\\\/fr\\\/produit\\\/ancrages-ceramiques\\\/\",\"url\":\"https:\\\/\\\/www.azaros.eu\\\/fr\\\/produit\\\/ancrages-ceramiques\\\/\",\"name\":\"Ancrages ceramiques - Azaros\",\"isPartOf\":{\"@id\":\"https:\\\/\\\/www.azaros.eu\\\/fr\\\/#website\"},\"primaryImageOfPage\":{\"@id\":\"https:\\\/\\\/www.azaros.eu\\\/fr\\\/produit\\\/ancrages-ceramiques\\\/#primaryimage\"},\"image\":{\"@id\":\"https:\\\/\\\/www.azaros.eu\\\/fr\\\/produit\\\/ancrages-ceramiques\\\/#primaryimage\"},\"thumbnailUrl\":\"https:\\\/\\\/www.azaros.eu\\\/wp-content\\\/uploads\\\/2024\\\/12\\\/MUNECOS-4.jpg\",\"datePublished\":\"2024-06-11T07:08:15+00:00\",\"dateModified\":\"2025-05-20T06:55:56+00:00\",\"breadcrumb\":{\"@id\":\"https:\\\/\\\/www.azaros.eu\\\/fr\\\/produit\\\/ancrages-ceramiques\\\/#breadcrumb\"},\"inLanguage\":\"fr-FR\",\"potentialAction\":[{\"@type\":\"ReadAction\",\"target\":[\"https:\\\/\\\/www.azaros.eu\\\/fr\\\/produit\\\/ancrages-ceramiques\\\/\"]}]},{\"@type\":\"ImageObject\",\"inLanguage\":\"fr-FR\",\"@id\":\"https:\\\/\\\/www.azaros.eu\\\/fr\\\/produit\\\/ancrages-ceramiques\\\/#primaryimage\",\"url\":\"https:\\\/\\\/www.azaros.eu\\\/wp-content\\\/uploads\\\/2024\\\/12\\\/MUNECOS-4.jpg\",\"contentUrl\":\"https:\\\/\\\/www.azaros.eu\\\/wp-content\\\/uploads\\\/2024\\\/12\\\/MUNECOS-4.jpg\",\"width\":1200,\"height\":700},{\"@type\":\"BreadcrumbList\",\"@id\":\"https:\\\/\\\/www.azaros.eu\\\/fr\\\/produit\\\/ancrages-ceramiques\\\/#breadcrumb\",\"itemListElement\":[{\"@type\":\"ListItem\",\"position\":1,\"name\":\"Azaros\",\"item\":\"https:\\\/\\\/www.azaros.eu\\\/fr\\\/azaros-home\\\/\"},{\"@type\":\"ListItem\",\"position\":2,\"name\":\"Produits\",\"item\":\"https:\\\/\\\/www.azaros.eu\\\/fr\\\/produits\\\/\"},{\"@type\":\"ListItem\",\"position\":3,\"name\":\"R\u00e9fractaire\",\"item\":\"https:\\\/\\\/www.azaros.eu\\\/fr\\\/produits\\\/refractaire\\\/\"},{\"@type\":\"ListItem\",\"position\":4,\"name\":\"Ancrages\",\"item\":\"https:\\\/\\\/www.azaros.eu\\\/fr\\\/produits\\\/refractaire\\\/ancres-2\\\/\"},{\"@type\":\"ListItem\",\"position\":5,\"name\":\"Ancrages ceramiques\"}]},{\"@type\":\"WebSite\",\"@id\":\"https:\\\/\\\/www.azaros.eu\\\/fr\\\/#website\",\"url\":\"https:\\\/\\\/www.azaros.eu\\\/fr\\\/\",\"name\":\"Azaros\",\"description\":\"Fabricamos, distribuimos y comercializamos una gran gama de suministros.\",\"potentialAction\":[{\"@type\":\"SearchAction\",\"target\":{\"@type\":\"EntryPoint\",\"urlTemplate\":\"https:\\\/\\\/www.azaros.eu\\\/fr\\\/?s={search_term_string}\"},\"query-input\":{\"@type\":\"PropertyValueSpecification\",\"valueRequired\":true,\"valueName\":\"search_term_string\"}}],\"inLanguage\":\"fr-FR\"}]}<\/script>\n<!-- \/ Yoast SEO plugin. -->","yoast_head_json":{"title":"Ancrages ceramiques - Azaros","robots":{"index":"index","follow":"follow","max-snippet":"max-snippet:-1","max-image-preview":"max-image-preview:large","max-video-preview":"max-video-preview:-1"},"canonical":"https:\/\/www.azaros.eu\/fr\/produit\/ancrages-ceramiques\/","og_locale":"fr_FR","og_type":"article","og_title":"Ancrages ceramiques - Azaros","og_description":"Les ancrages c\u00e9ramiques sont des pi\u00e8ces fabriqu\u00e9es \u00e0 partir de mat\u00e9riaux c\u00e9ramiques r\u00e9fractaires, destin\u00e9es \u00e0 fixer et maintenir les rev\u00eatements r\u00e9fractaires dans des structures industrielles fonctionnant \u00e0 haute temp\u00e9rature, telles que les fours, chaudi\u00e8res et chemin\u00e9es.Ces ancrages sont int\u00e9gr\u00e9s directement dans le rev\u00eatement, agissant comme des points d\u2019ancrage pour maintenir le mat\u00e9riau r\u00e9fractaire en place.\u00c9tant compos\u00e9s de mat\u00e9riaux c\u00e9ramiques, ils pr\u00e9sentent une grande r\u00e9sistance \u00e0 la chaleur, \u00e0 la corrosion et aux chocs thermiques, et ne se d\u00e9forment pas sous l\u2019effet de temp\u00e9ratures \u00e9lev\u00e9es comme le feraient les ancrages m\u00e9talliques.Cela garantit la stabilit\u00e9 du rev\u00eatement r\u00e9fractaire, m\u00eame dans des conditions extr\u00eames de fonctionnement, prolongeant ainsi sa dur\u00e9e de vie et son efficacit\u00e9.","og_url":"https:\/\/www.azaros.eu\/fr\/produit\/ancrages-ceramiques\/","og_site_name":"Azaros","article_modified_time":"2025-05-20T06:55:56+00:00","og_image":[{"width":1200,"height":700,"url":"https:\/\/www.azaros.eu\/wp-content\/uploads\/2024\/12\/MUNECOS-4.jpg","type":"image\/jpeg"}],"twitter_card":"summary_large_image","twitter_misc":{"Dur\u00e9e de lecture estim\u00e9e":"1 minute"},"schema":{"@context":"https:\/\/schema.org","@graph":[{"@type":"WebPage","@id":"https:\/\/www.azaros.eu\/fr\/produit\/ancrages-ceramiques\/","url":"https:\/\/www.azaros.eu\/fr\/produit\/ancrages-ceramiques\/","name":"Ancrages ceramiques - Azaros","isPartOf":{"@id":"https:\/\/www.azaros.eu\/fr\/#website"},"primaryImageOfPage":{"@id":"https:\/\/www.azaros.eu\/fr\/produit\/ancrages-ceramiques\/#primaryimage"},"image":{"@id":"https:\/\/www.azaros.eu\/fr\/produit\/ancrages-ceramiques\/#primaryimage"},"thumbnailUrl":"https:\/\/www.azaros.eu\/wp-content\/uploads\/2024\/12\/MUNECOS-4.jpg","datePublished":"2024-06-11T07:08:15+00:00","dateModified":"2025-05-20T06:55:56+00:00","breadcrumb":{"@id":"https:\/\/www.azaros.eu\/fr\/produit\/ancrages-ceramiques\/#breadcrumb"},"inLanguage":"fr-FR","potentialAction":[{"@type":"ReadAction","target":["https:\/\/www.azaros.eu\/fr\/produit\/ancrages-ceramiques\/"]}]},{"@type":"ImageObject","inLanguage":"fr-FR","@id":"https:\/\/www.azaros.eu\/fr\/produit\/ancrages-ceramiques\/#primaryimage","url":"https:\/\/www.azaros.eu\/wp-content\/uploads\/2024\/12\/MUNECOS-4.jpg","contentUrl":"https:\/\/www.azaros.eu\/wp-content\/uploads\/2024\/12\/MUNECOS-4.jpg","width":1200,"height":700},{"@type":"BreadcrumbList","@id":"https:\/\/www.azaros.eu\/fr\/produit\/ancrages-ceramiques\/#breadcrumb","itemListElement":[{"@type":"ListItem","position":1,"name":"Azaros","item":"https:\/\/www.azaros.eu\/fr\/azaros-home\/"},{"@type":"ListItem","position":2,"name":"Produits","item":"https:\/\/www.azaros.eu\/fr\/produits\/"},{"@type":"ListItem","position":3,"name":"R\u00e9fractaire","item":"https:\/\/www.azaros.eu\/fr\/produits\/refractaire\/"},{"@type":"ListItem","position":4,"name":"Ancrages","item":"https:\/\/www.azaros.eu\/fr\/produits\/refractaire\/ancres-2\/"},{"@type":"ListItem","position":5,"name":"Ancrages ceramiques"}]},{"@type":"WebSite","@id":"https:\/\/www.azaros.eu\/fr\/#website","url":"https:\/\/www.azaros.eu\/fr\/","name":"Azaros","description":"Fabricamos, distribuimos y comercializamos una gran gama de suministros.","potentialAction":[{"@type":"SearchAction","target":{"@type":"EntryPoint","urlTemplate":"https:\/\/www.azaros.eu\/fr\/?s={search_term_string}"},"query-input":{"@type":"PropertyValueSpecification","valueRequired":true,"valueName":"search_term_string"}}],"inLanguage":"fr-FR"}]}},"_links":{"self":[{"href":"https:\/\/www.azaros.eu\/fr\/wp-json\/wp\/v2\/product\/11133","targetHints":{"allow":["GET"]}}],"collection":[{"href":"https:\/\/www.azaros.eu\/fr\/wp-json\/wp\/v2\/product"}],"about":[{"href":"https:\/\/www.azaros.eu\/fr\/wp-json\/wp\/v2\/types\/product"}],"wp:featuredmedia":[{"embeddable":true,"href":"https:\/\/www.azaros.eu\/fr\/wp-json\/wp\/v2\/media\/7759"}],"wp:attachment":[{"href":"https:\/\/www.azaros.eu\/fr\/wp-json\/wp\/v2\/media?parent=11133"}],"wp:term":[{"taxonomy":"product_brand","embeddable":true,"href":"https:\/\/www.azaros.eu\/fr\/wp-json\/wp\/v2\/product_brand?post=11133"},{"taxonomy":"product_cat","embeddable":true,"href":"https:\/\/www.azaros.eu\/fr\/wp-json\/wp\/v2\/product_cat?post=11133"},{"taxonomy":"product_tag","embeddable":true,"href":"https:\/\/www.azaros.eu\/fr\/wp-json\/wp\/v2\/product_tag?post=11133"}],"curies":[{"name":"wp","href":"https:\/\/api.w.org\/{rel}","templated":true}]}}