{"id":11138,"date":"2024-06-11T08:07:47","date_gmt":"2024-06-11T07:07:47","guid":{"rendered":"https:\/\/www.azaros.eu\/producto\/plaque-en-carbure-de-silicium-nitruree\/"},"modified":"2025-05-20T08:10:48","modified_gmt":"2025-05-20T07:10:48","slug":"plaque-en-carbure-de-silicium-nitruree","status":"publish","type":"product","link":"https:\/\/www.azaros.eu\/fr\/produit\/plaque-en-carbure-de-silicium-nitruree\/","title":{"rendered":"Plaque en carbure de silicium nitrur\u00e9e"},"content":{"rendered":"<div class=\"row\"  id=\"row-1031975151\">\n\n\t<div id=\"col-1186304379\" class=\"col medium-6 small-12 large-6\"  >\n\t\t\t\t<div class=\"col-inner\"  >\n\t\t\t\n\t\t\t\n<div class=\"container section-title-container\" ><h2 class=\"section-title section-title-normal\"><b aria-hidden=\"true\"><\/b><span class=\"section-title-main\" style=\"font-size:80%;\">Caract\u00e9ristiques physiques et chimiques<\/span><b aria-hidden=\"true\"><\/b><\/h2><\/div>\n<table>\n<tbody>\n<tr>\n<td width=\"305\"><strong>Caract\u00e9ristiques<\/strong><\/td>\n<td width=\"298\"><strong>Plaque en carbure de silicium<\/strong><\/td>\n<\/tr>\n<tr>\n<td width=\"305\">Densit\u00e9<\/td>\n<td width=\"298\">\u2265 2,60 g\/cm<sup>3<\/sup><\/td>\n<\/tr>\n<tr>\n<td width=\"305\">Porosit\u00e9 aparante<\/td>\n<td width=\"298\">\u2264 17 %<\/td>\n<\/tr>\n<tr>\n<td width=\"305\">Module de rupture<\/td>\n<td width=\"298\">\u2265 40 MPa<\/td>\n<\/tr>\n<tr>\n<td width=\"305\">Rr\u00e9sistance \u00e0 la compression sous froid<\/td>\n<td width=\"298\">\u2265 140 MPa<\/td>\n<\/tr>\n<tr>\n<td width=\"305\">Analyse chimique<\/p>\n<p>SiC<\/p>\n<p>Si<sub>3<\/sub>N<sub>4<\/sub><\/td>\n<td width=\"298\">&nbsp;<\/p>\n<p>\u2265 70 %<\/p>\n<p>\u2265 20 %<\/td>\n<\/tr>\n<\/tbody>\n<\/table>\n\t\t<\/div>\n\t\t\t\t\t<\/div>\n\n\t\n<\/div>\n","protected":false},"excerpt":{"rendered":"<p>Mat\u00e9riau r\u00e9fractaire \u00e0 haute r\u00e9sistance m\u00e9canique et bonne r\u00e9sistance aux chocs thermiques. Excellente r\u00e9sistance \u00e0 l&rsquo;oxydation et \u00e0 la corrosion. Fr\u00e9quemment utilis\u00e9 comme mat\u00e9riau de support.  <\/p>\n","protected":false},"featured_media":7003,"template":"","meta":[],"product_brand":[],"product_cat":[265],"product_tag":[],"class_list":{"0":"post-11138","1":"product","2":"type-product","3":"status-publish","4":"has-post-thumbnail","6":"product_cat-plaque-de-carbure-de-silicium","8":"first","9":"instock","10":"shipping-taxable","11":"product-type-simple"},"yoast_head":"<!-- This site is optimized with the Yoast SEO plugin v27.4 - https:\/\/yoast.com\/product\/yoast-seo-wordpress\/ -->\n<title>Plaque en carbure de silicium nitrur\u00e9e - Azaros<\/title>\n<meta name=\"robots\" content=\"index, follow, max-snippet:-1, max-image-preview:large, max-video-preview:-1\" \/>\n<link rel=\"canonical\" href=\"https:\/\/www.azaros.eu\/fr\/produit\/plaque-en-carbure-de-silicium-nitruree\/\" \/>\n<meta property=\"og:locale\" content=\"fr_FR\" \/>\n<meta property=\"og:type\" content=\"article\" \/>\n<meta property=\"og:title\" content=\"Plaque en carbure de silicium nitrur\u00e9e - Azaros\" \/>\n<meta property=\"og:description\" content=\"Mat\u00e9riau r\u00e9fractaire \u00e0 haute r\u00e9sistance m\u00e9canique et bonne r\u00e9sistance aux chocs thermiques. Excellente r\u00e9sistance \u00e0 l&#039;oxydation et \u00e0 la corrosion. Fr\u00e9quemment utilis\u00e9 comme mat\u00e9riau de support.\" \/>\n<meta property=\"og:url\" content=\"https:\/\/www.azaros.eu\/fr\/produit\/plaque-en-carbure-de-silicium-nitruree\/\" \/>\n<meta property=\"og:site_name\" content=\"Azaros\" \/>\n<meta property=\"article:modified_time\" content=\"2025-05-20T07:10:48+00:00\" \/>\n<meta property=\"og:image\" content=\"https:\/\/www.azaros.eu\/wp-content\/uploads\/2024\/06\/Carril-Carburo-Silicio.jpg\" \/>\n\t<meta property=\"og:image:width\" content=\"1200\" \/>\n\t<meta property=\"og:image:height\" content=\"700\" \/>\n\t<meta property=\"og:image:type\" content=\"image\/jpeg\" \/>\n<meta name=\"twitter:card\" content=\"summary_large_image\" \/>\n<script type=\"application\/ld+json\" class=\"yoast-schema-graph\">{\"@context\":\"https:\\\/\\\/schema.org\",\"@graph\":[{\"@type\":\"WebPage\",\"@id\":\"https:\\\/\\\/www.azaros.eu\\\/fr\\\/produit\\\/plaque-en-carbure-de-silicium-nitruree\\\/\",\"url\":\"https:\\\/\\\/www.azaros.eu\\\/fr\\\/produit\\\/plaque-en-carbure-de-silicium-nitruree\\\/\",\"name\":\"Plaque en carbure de silicium nitrur\u00e9e - Azaros\",\"isPartOf\":{\"@id\":\"https:\\\/\\\/www.azaros.eu\\\/fr\\\/#website\"},\"primaryImageOfPage\":{\"@id\":\"https:\\\/\\\/www.azaros.eu\\\/fr\\\/produit\\\/plaque-en-carbure-de-silicium-nitruree\\\/#primaryimage\"},\"image\":{\"@id\":\"https:\\\/\\\/www.azaros.eu\\\/fr\\\/produit\\\/plaque-en-carbure-de-silicium-nitruree\\\/#primaryimage\"},\"thumbnailUrl\":\"https:\\\/\\\/www.azaros.eu\\\/wp-content\\\/uploads\\\/2024\\\/06\\\/Carril-Carburo-Silicio.jpg\",\"datePublished\":\"2024-06-11T07:07:47+00:00\",\"dateModified\":\"2025-05-20T07:10:48+00:00\",\"breadcrumb\":{\"@id\":\"https:\\\/\\\/www.azaros.eu\\\/fr\\\/produit\\\/plaque-en-carbure-de-silicium-nitruree\\\/#breadcrumb\"},\"inLanguage\":\"fr-FR\",\"potentialAction\":[{\"@type\":\"ReadAction\",\"target\":[\"https:\\\/\\\/www.azaros.eu\\\/fr\\\/produit\\\/plaque-en-carbure-de-silicium-nitruree\\\/\"]}]},{\"@type\":\"ImageObject\",\"inLanguage\":\"fr-FR\",\"@id\":\"https:\\\/\\\/www.azaros.eu\\\/fr\\\/produit\\\/plaque-en-carbure-de-silicium-nitruree\\\/#primaryimage\",\"url\":\"https:\\\/\\\/www.azaros.eu\\\/wp-content\\\/uploads\\\/2024\\\/06\\\/Carril-Carburo-Silicio.jpg\",\"contentUrl\":\"https:\\\/\\\/www.azaros.eu\\\/wp-content\\\/uploads\\\/2024\\\/06\\\/Carril-Carburo-Silicio.jpg\",\"width\":1200,\"height\":700},{\"@type\":\"BreadcrumbList\",\"@id\":\"https:\\\/\\\/www.azaros.eu\\\/fr\\\/produit\\\/plaque-en-carbure-de-silicium-nitruree\\\/#breadcrumb\",\"itemListElement\":[{\"@type\":\"ListItem\",\"position\":1,\"name\":\"Azaros\",\"item\":\"https:\\\/\\\/www.azaros.eu\\\/fr\\\/azaros-home\\\/\"},{\"@type\":\"ListItem\",\"position\":2,\"name\":\"Produits\",\"item\":\"https:\\\/\\\/www.azaros.eu\\\/fr\\\/produits\\\/\"},{\"@type\":\"ListItem\",\"position\":3,\"name\":\"R\u00e9fractaire\",\"item\":\"https:\\\/\\\/www.azaros.eu\\\/fr\\\/produits\\\/refractaire\\\/\"},{\"@type\":\"ListItem\",\"position\":4,\"name\":\"Plaque de carbure de silicium\",\"item\":\"https:\\\/\\\/www.azaros.eu\\\/fr\\\/produits\\\/refractaire\\\/plaque-de-carbure-de-silicium\\\/\"},{\"@type\":\"ListItem\",\"position\":5,\"name\":\"Plaque en carbure de silicium nitrur\u00e9e\"}]},{\"@type\":\"WebSite\",\"@id\":\"https:\\\/\\\/www.azaros.eu\\\/fr\\\/#website\",\"url\":\"https:\\\/\\\/www.azaros.eu\\\/fr\\\/\",\"name\":\"Azaros\",\"description\":\"Fabricamos, distribuimos y comercializamos una gran gama de suministros.\",\"potentialAction\":[{\"@type\":\"SearchAction\",\"target\":{\"@type\":\"EntryPoint\",\"urlTemplate\":\"https:\\\/\\\/www.azaros.eu\\\/fr\\\/?s={search_term_string}\"},\"query-input\":{\"@type\":\"PropertyValueSpecification\",\"valueRequired\":true,\"valueName\":\"search_term_string\"}}],\"inLanguage\":\"fr-FR\"}]}<\/script>\n<!-- \/ Yoast SEO plugin. -->","yoast_head_json":{"title":"Plaque en carbure de silicium nitrur\u00e9e - Azaros","robots":{"index":"index","follow":"follow","max-snippet":"max-snippet:-1","max-image-preview":"max-image-preview:large","max-video-preview":"max-video-preview:-1"},"canonical":"https:\/\/www.azaros.eu\/fr\/produit\/plaque-en-carbure-de-silicium-nitruree\/","og_locale":"fr_FR","og_type":"article","og_title":"Plaque en carbure de silicium nitrur\u00e9e - Azaros","og_description":"Mat\u00e9riau r\u00e9fractaire \u00e0 haute r\u00e9sistance m\u00e9canique et bonne r\u00e9sistance aux chocs thermiques. Excellente r\u00e9sistance \u00e0 l'oxydation et \u00e0 la corrosion. Fr\u00e9quemment utilis\u00e9 comme mat\u00e9riau de support.","og_url":"https:\/\/www.azaros.eu\/fr\/produit\/plaque-en-carbure-de-silicium-nitruree\/","og_site_name":"Azaros","article_modified_time":"2025-05-20T07:10:48+00:00","og_image":[{"width":1200,"height":700,"url":"https:\/\/www.azaros.eu\/wp-content\/uploads\/2024\/06\/Carril-Carburo-Silicio.jpg","type":"image\/jpeg"}],"twitter_card":"summary_large_image","schema":{"@context":"https:\/\/schema.org","@graph":[{"@type":"WebPage","@id":"https:\/\/www.azaros.eu\/fr\/produit\/plaque-en-carbure-de-silicium-nitruree\/","url":"https:\/\/www.azaros.eu\/fr\/produit\/plaque-en-carbure-de-silicium-nitruree\/","name":"Plaque en carbure de silicium nitrur\u00e9e - Azaros","isPartOf":{"@id":"https:\/\/www.azaros.eu\/fr\/#website"},"primaryImageOfPage":{"@id":"https:\/\/www.azaros.eu\/fr\/produit\/plaque-en-carbure-de-silicium-nitruree\/#primaryimage"},"image":{"@id":"https:\/\/www.azaros.eu\/fr\/produit\/plaque-en-carbure-de-silicium-nitruree\/#primaryimage"},"thumbnailUrl":"https:\/\/www.azaros.eu\/wp-content\/uploads\/2024\/06\/Carril-Carburo-Silicio.jpg","datePublished":"2024-06-11T07:07:47+00:00","dateModified":"2025-05-20T07:10:48+00:00","breadcrumb":{"@id":"https:\/\/www.azaros.eu\/fr\/produit\/plaque-en-carbure-de-silicium-nitruree\/#breadcrumb"},"inLanguage":"fr-FR","potentialAction":[{"@type":"ReadAction","target":["https:\/\/www.azaros.eu\/fr\/produit\/plaque-en-carbure-de-silicium-nitruree\/"]}]},{"@type":"ImageObject","inLanguage":"fr-FR","@id":"https:\/\/www.azaros.eu\/fr\/produit\/plaque-en-carbure-de-silicium-nitruree\/#primaryimage","url":"https:\/\/www.azaros.eu\/wp-content\/uploads\/2024\/06\/Carril-Carburo-Silicio.jpg","contentUrl":"https:\/\/www.azaros.eu\/wp-content\/uploads\/2024\/06\/Carril-Carburo-Silicio.jpg","width":1200,"height":700},{"@type":"BreadcrumbList","@id":"https:\/\/www.azaros.eu\/fr\/produit\/plaque-en-carbure-de-silicium-nitruree\/#breadcrumb","itemListElement":[{"@type":"ListItem","position":1,"name":"Azaros","item":"https:\/\/www.azaros.eu\/fr\/azaros-home\/"},{"@type":"ListItem","position":2,"name":"Produits","item":"https:\/\/www.azaros.eu\/fr\/produits\/"},{"@type":"ListItem","position":3,"name":"R\u00e9fractaire","item":"https:\/\/www.azaros.eu\/fr\/produits\/refractaire\/"},{"@type":"ListItem","position":4,"name":"Plaque de carbure de silicium","item":"https:\/\/www.azaros.eu\/fr\/produits\/refractaire\/plaque-de-carbure-de-silicium\/"},{"@type":"ListItem","position":5,"name":"Plaque en carbure de silicium nitrur\u00e9e"}]},{"@type":"WebSite","@id":"https:\/\/www.azaros.eu\/fr\/#website","url":"https:\/\/www.azaros.eu\/fr\/","name":"Azaros","description":"Fabricamos, distribuimos y comercializamos una gran gama de suministros.","potentialAction":[{"@type":"SearchAction","target":{"@type":"EntryPoint","urlTemplate":"https:\/\/www.azaros.eu\/fr\/?s={search_term_string}"},"query-input":{"@type":"PropertyValueSpecification","valueRequired":true,"valueName":"search_term_string"}}],"inLanguage":"fr-FR"}]}},"_links":{"self":[{"href":"https:\/\/www.azaros.eu\/fr\/wp-json\/wp\/v2\/product\/11138","targetHints":{"allow":["GET"]}}],"collection":[{"href":"https:\/\/www.azaros.eu\/fr\/wp-json\/wp\/v2\/product"}],"about":[{"href":"https:\/\/www.azaros.eu\/fr\/wp-json\/wp\/v2\/types\/product"}],"wp:featuredmedia":[{"embeddable":true,"href":"https:\/\/www.azaros.eu\/fr\/wp-json\/wp\/v2\/media\/7003"}],"wp:attachment":[{"href":"https:\/\/www.azaros.eu\/fr\/wp-json\/wp\/v2\/media?parent=11138"}],"wp:term":[{"taxonomy":"product_brand","embeddable":true,"href":"https:\/\/www.azaros.eu\/fr\/wp-json\/wp\/v2\/product_brand?post=11138"},{"taxonomy":"product_cat","embeddable":true,"href":"https:\/\/www.azaros.eu\/fr\/wp-json\/wp\/v2\/product_cat?post=11138"},{"taxonomy":"product_tag","embeddable":true,"href":"https:\/\/www.azaros.eu\/fr\/wp-json\/wp\/v2\/product_tag?post=11138"}],"curies":[{"name":"wp","href":"https:\/\/api.w.org\/{rel}","templated":true}]}}