{"id":11143,"date":"2024-09-26T08:26:41","date_gmt":"2024-09-26T07:26:41","guid":{"rendered":"https:\/\/www.azaros.eu\/producto\/electrofondu\/"},"modified":"2025-05-20T08:16:09","modified_gmt":"2025-05-20T07:16:09","slug":"electrofondu","status":"publish","type":"product","link":"https:\/\/www.azaros.eu\/fr\/produit\/electrofondu\/","title":{"rendered":"Electrofondu"},"content":{"rendered":"<div class=\"row\"  id=\"row-1703160912\">\n\n\t<div id=\"col-507124993\" class=\"col medium-6 small-12 large-6\"  >\n\t\t\t\t<div class=\"col-inner\"  >\n\t\t\t\n\t\t\t\n<div class=\"container section-title-container\" ><h2 class=\"section-title section-title-normal\"><b aria-hidden=\"true\"><\/b><span class=\"section-title-main\" style=\"font-size:80%;\">Caract\u00e9ristiques<\/span><b aria-hidden=\"true\"><\/b><\/h2><\/div>\n<ul>\n<li>Haute puret\u00e9 et densit\u00e9 : Les impuret\u00e9s sont \u00e9limin\u00e9es pendant le processus, produisant des mat\u00e9riaux de haute qualit\u00e9<\/li>\n<li>Grande duret\u00e9 et r\u00e9sistance \u00e0 l&rsquo;usure : Particuli\u00e8rement utile dans les abrasifs et les mat\u00e9riaux de coupe<\/li>\n<li>R\u00e9sistance thermique et chimique : Supporte des temp\u00e9ratures extr\u00eames et des environnements agressifs<\/li>\n<li>Structure homog\u00e8ne et compacte : Am\u00e9liore les propri\u00e9t\u00e9s m\u00e9caniques du mat\u00e9riau<\/li>\n<li>Personnalisation des propri\u00e9t\u00e9s : Les caract\u00e9ristiques telles que la porosit\u00e9 et la composition chimique peuvent \u00eatre ajust\u00e9es selon l\u2019application<\/li>\n<\/ul>\n\t\t<\/div>\n\t\t\t\t\t<\/div>\n\n\t\n\n\t<div id=\"col-182960261\" class=\"col medium-6 small-12 large-6\"  >\n\t\t\t\t<div class=\"col-inner\"  >\n\t\t\t\n\t\t\t\n<div class=\"container section-title-container\" ><h2 class=\"section-title section-title-normal\"><b aria-hidden=\"true\"><\/b><span class=\"section-title-main\" style=\"font-size:80%;\">Applications typiques<\/span><b aria-hidden=\"true\"><\/b><\/h2><\/div>\n<ul>\n<li>Industrie r\u00e9fractaire : Fabrication de briques et blocs r\u00e9fractaires pour fours et chaudi\u00e8res<\/li>\n<li>Abrasifs : Fabrication d&rsquo;oxyde d&rsquo;aluminium \u00e9lectro fus\u00e9 et de carbure de silicium pour outils de coupe et de pon\u00e7age<\/li>\n<li>Industrie m\u00e9tallurgique : Rev\u00eatements r\u00e9sistants pour fours de fusion et creusets<\/li>\n<li>C\u00e9ramique technique : D\u00e9veloppement de mat\u00e9riaux avanc\u00e9s pour composants \u00e9lectroniques et isolants thermiques<\/li>\n<li>Verre et optique : Fabrication de mat\u00e9riaux sp\u00e9ciaux comme le saphir synth\u00e9tique pour lentilles et \u00e9crans<\/li>\n<\/ul>\n\t\t<\/div>\n\t\t\t\t\t<\/div>\n\n\t\n<\/div>\n","protected":false},"excerpt":{"rendered":"<p>Les \u00e9lectro fondus sont des mat\u00e9riaux r\u00e9fractaires produits par un processus de fusion \u00e9lectrique, o\u00f9 les mati\u00e8res premi\u00e8res (telles que les oxydes d\u2019aluminium, de zirconium, de magn\u00e9sium ou de silice) sont fondues \u00e0 des temp\u00e9ratures \u00e9lev\u00e9es.<br \/>Id\u00e9aux pour les rev\u00eatements de fours, chaudi\u00e8res et autres \u00e9quipements industriels fonctionnant \u00e0 haute temp\u00e9rature. Gr\u00e2ce \u00e0 leurs excellentes propri\u00e9t\u00e9s, ils sont utilis\u00e9s dans diverses industries telles que la sid\u00e9rurgie, la fabrication de ciment, la verrerie et la p\u00e9trochimie, o\u00f9 la r\u00e9sistance \u00e0 des conditions extr\u00eames de chaleur et d\u2019agression chimique est essentielle.  <\/p>\n","protected":false},"featured_media":9795,"template":"","meta":[],"product_brand":[],"product_cat":[262],"product_tag":[],"class_list":{"0":"post-11143","1":"product","2":"type-product","3":"status-publish","4":"has-post-thumbnail","6":"product_cat-electrocast","8":"first","9":"instock","10":"shipping-taxable","11":"product-type-simple"},"yoast_head":"<!-- This site is optimized with the Yoast SEO plugin v27.4 - https:\/\/yoast.com\/product\/yoast-seo-wordpress\/ -->\n<title>Electrofondu - Azaros<\/title>\n<meta name=\"robots\" content=\"index, follow, max-snippet:-1, max-image-preview:large, max-video-preview:-1\" \/>\n<link rel=\"canonical\" href=\"https:\/\/www.azaros.eu\/fr\/produit\/electrofondu\/\" \/>\n<meta property=\"og:locale\" content=\"fr_FR\" \/>\n<meta property=\"og:type\" content=\"article\" \/>\n<meta property=\"og:title\" content=\"Electrofondu - Azaros\" \/>\n<meta property=\"og:description\" content=\"Les \u00e9lectro fondus sont des mat\u00e9riaux r\u00e9fractaires produits par un processus de fusion \u00e9lectrique, o\u00f9 les mati\u00e8res premi\u00e8res (telles que les oxydes d\u2019aluminium, de zirconium, de magn\u00e9sium ou de silice) sont fondues \u00e0 des temp\u00e9ratures \u00e9lev\u00e9es.Id\u00e9aux pour les rev\u00eatements de fours, chaudi\u00e8res et autres \u00e9quipements industriels fonctionnant \u00e0 haute temp\u00e9rature. Gr\u00e2ce \u00e0 leurs excellentes propri\u00e9t\u00e9s, ils sont utilis\u00e9s dans diverses industries telles que la sid\u00e9rurgie, la fabrication de ciment, la verrerie et la p\u00e9trochimie, o\u00f9 la r\u00e9sistance \u00e0 des conditions extr\u00eames de chaleur et d\u2019agression chimique est essentielle.\" \/>\n<meta property=\"og:url\" content=\"https:\/\/www.azaros.eu\/fr\/produit\/electrofondu\/\" \/>\n<meta property=\"og:site_name\" content=\"Azaros\" \/>\n<meta property=\"article:modified_time\" content=\"2025-05-20T07:16:09+00:00\" \/>\n<meta property=\"og:image\" content=\"https:\/\/www.azaros.eu\/wp-content\/uploads\/2024\/09\/electrofundido.jpg\" \/>\n\t<meta property=\"og:image:width\" content=\"1200\" \/>\n\t<meta property=\"og:image:height\" content=\"700\" \/>\n\t<meta property=\"og:image:type\" content=\"image\/jpeg\" \/>\n<meta name=\"twitter:card\" content=\"summary_large_image\" \/>\n<meta name=\"twitter:label1\" content=\"Dur\u00e9e de lecture estim\u00e9e\" \/>\n\t<meta name=\"twitter:data1\" content=\"1 minute\" \/>\n<script type=\"application\/ld+json\" class=\"yoast-schema-graph\">{\"@context\":\"https:\\\/\\\/schema.org\",\"@graph\":[{\"@type\":\"WebPage\",\"@id\":\"https:\\\/\\\/www.azaros.eu\\\/fr\\\/produit\\\/electrofondu\\\/\",\"url\":\"https:\\\/\\\/www.azaros.eu\\\/fr\\\/produit\\\/electrofondu\\\/\",\"name\":\"Electrofondu - Azaros\",\"isPartOf\":{\"@id\":\"https:\\\/\\\/www.azaros.eu\\\/fr\\\/#website\"},\"primaryImageOfPage\":{\"@id\":\"https:\\\/\\\/www.azaros.eu\\\/fr\\\/produit\\\/electrofondu\\\/#primaryimage\"},\"image\":{\"@id\":\"https:\\\/\\\/www.azaros.eu\\\/fr\\\/produit\\\/electrofondu\\\/#primaryimage\"},\"thumbnailUrl\":\"https:\\\/\\\/www.azaros.eu\\\/wp-content\\\/uploads\\\/2024\\\/09\\\/electrofundido.jpg\",\"datePublished\":\"2024-09-26T07:26:41+00:00\",\"dateModified\":\"2025-05-20T07:16:09+00:00\",\"breadcrumb\":{\"@id\":\"https:\\\/\\\/www.azaros.eu\\\/fr\\\/produit\\\/electrofondu\\\/#breadcrumb\"},\"inLanguage\":\"fr-FR\",\"potentialAction\":[{\"@type\":\"ReadAction\",\"target\":[\"https:\\\/\\\/www.azaros.eu\\\/fr\\\/produit\\\/electrofondu\\\/\"]}]},{\"@type\":\"ImageObject\",\"inLanguage\":\"fr-FR\",\"@id\":\"https:\\\/\\\/www.azaros.eu\\\/fr\\\/produit\\\/electrofondu\\\/#primaryimage\",\"url\":\"https:\\\/\\\/www.azaros.eu\\\/wp-content\\\/uploads\\\/2024\\\/09\\\/electrofundido.jpg\",\"contentUrl\":\"https:\\\/\\\/www.azaros.eu\\\/wp-content\\\/uploads\\\/2024\\\/09\\\/electrofundido.jpg\",\"width\":1200,\"height\":700},{\"@type\":\"BreadcrumbList\",\"@id\":\"https:\\\/\\\/www.azaros.eu\\\/fr\\\/produit\\\/electrofondu\\\/#breadcrumb\",\"itemListElement\":[{\"@type\":\"ListItem\",\"position\":1,\"name\":\"Azaros\",\"item\":\"https:\\\/\\\/www.azaros.eu\\\/fr\\\/azaros-home\\\/\"},{\"@type\":\"ListItem\",\"position\":2,\"name\":\"Produits\",\"item\":\"https:\\\/\\\/www.azaros.eu\\\/fr\\\/produits\\\/\"},{\"@type\":\"ListItem\",\"position\":3,\"name\":\"R\u00e9fractaire\",\"item\":\"https:\\\/\\\/www.azaros.eu\\\/fr\\\/produits\\\/refractaire\\\/\"},{\"@type\":\"ListItem\",\"position\":4,\"name\":\"\u00c9lectrocast\",\"item\":\"https:\\\/\\\/www.azaros.eu\\\/fr\\\/produits\\\/refractaire\\\/electrocast\\\/\"},{\"@type\":\"ListItem\",\"position\":5,\"name\":\"Electrofondu\"}]},{\"@type\":\"WebSite\",\"@id\":\"https:\\\/\\\/www.azaros.eu\\\/fr\\\/#website\",\"url\":\"https:\\\/\\\/www.azaros.eu\\\/fr\\\/\",\"name\":\"Azaros\",\"description\":\"Fabricamos, distribuimos y comercializamos una gran gama de suministros.\",\"potentialAction\":[{\"@type\":\"SearchAction\",\"target\":{\"@type\":\"EntryPoint\",\"urlTemplate\":\"https:\\\/\\\/www.azaros.eu\\\/fr\\\/?s={search_term_string}\"},\"query-input\":{\"@type\":\"PropertyValueSpecification\",\"valueRequired\":true,\"valueName\":\"search_term_string\"}}],\"inLanguage\":\"fr-FR\"}]}<\/script>\n<!-- \/ Yoast SEO plugin. -->","yoast_head_json":{"title":"Electrofondu - Azaros","robots":{"index":"index","follow":"follow","max-snippet":"max-snippet:-1","max-image-preview":"max-image-preview:large","max-video-preview":"max-video-preview:-1"},"canonical":"https:\/\/www.azaros.eu\/fr\/produit\/electrofondu\/","og_locale":"fr_FR","og_type":"article","og_title":"Electrofondu - Azaros","og_description":"Les \u00e9lectro fondus sont des mat\u00e9riaux r\u00e9fractaires produits par un processus de fusion \u00e9lectrique, o\u00f9 les mati\u00e8res premi\u00e8res (telles que les oxydes d\u2019aluminium, de zirconium, de magn\u00e9sium ou de silice) sont fondues \u00e0 des temp\u00e9ratures \u00e9lev\u00e9es.Id\u00e9aux pour les rev\u00eatements de fours, chaudi\u00e8res et autres \u00e9quipements industriels fonctionnant \u00e0 haute temp\u00e9rature. Gr\u00e2ce \u00e0 leurs excellentes propri\u00e9t\u00e9s, ils sont utilis\u00e9s dans diverses industries telles que la sid\u00e9rurgie, la fabrication de ciment, la verrerie et la p\u00e9trochimie, o\u00f9 la r\u00e9sistance \u00e0 des conditions extr\u00eames de chaleur et d\u2019agression chimique est essentielle.","og_url":"https:\/\/www.azaros.eu\/fr\/produit\/electrofondu\/","og_site_name":"Azaros","article_modified_time":"2025-05-20T07:16:09+00:00","og_image":[{"width":1200,"height":700,"url":"https:\/\/www.azaros.eu\/wp-content\/uploads\/2024\/09\/electrofundido.jpg","type":"image\/jpeg"}],"twitter_card":"summary_large_image","twitter_misc":{"Dur\u00e9e de lecture estim\u00e9e":"1 minute"},"schema":{"@context":"https:\/\/schema.org","@graph":[{"@type":"WebPage","@id":"https:\/\/www.azaros.eu\/fr\/produit\/electrofondu\/","url":"https:\/\/www.azaros.eu\/fr\/produit\/electrofondu\/","name":"Electrofondu - Azaros","isPartOf":{"@id":"https:\/\/www.azaros.eu\/fr\/#website"},"primaryImageOfPage":{"@id":"https:\/\/www.azaros.eu\/fr\/produit\/electrofondu\/#primaryimage"},"image":{"@id":"https:\/\/www.azaros.eu\/fr\/produit\/electrofondu\/#primaryimage"},"thumbnailUrl":"https:\/\/www.azaros.eu\/wp-content\/uploads\/2024\/09\/electrofundido.jpg","datePublished":"2024-09-26T07:26:41+00:00","dateModified":"2025-05-20T07:16:09+00:00","breadcrumb":{"@id":"https:\/\/www.azaros.eu\/fr\/produit\/electrofondu\/#breadcrumb"},"inLanguage":"fr-FR","potentialAction":[{"@type":"ReadAction","target":["https:\/\/www.azaros.eu\/fr\/produit\/electrofondu\/"]}]},{"@type":"ImageObject","inLanguage":"fr-FR","@id":"https:\/\/www.azaros.eu\/fr\/produit\/electrofondu\/#primaryimage","url":"https:\/\/www.azaros.eu\/wp-content\/uploads\/2024\/09\/electrofundido.jpg","contentUrl":"https:\/\/www.azaros.eu\/wp-content\/uploads\/2024\/09\/electrofundido.jpg","width":1200,"height":700},{"@type":"BreadcrumbList","@id":"https:\/\/www.azaros.eu\/fr\/produit\/electrofondu\/#breadcrumb","itemListElement":[{"@type":"ListItem","position":1,"name":"Azaros","item":"https:\/\/www.azaros.eu\/fr\/azaros-home\/"},{"@type":"ListItem","position":2,"name":"Produits","item":"https:\/\/www.azaros.eu\/fr\/produits\/"},{"@type":"ListItem","position":3,"name":"R\u00e9fractaire","item":"https:\/\/www.azaros.eu\/fr\/produits\/refractaire\/"},{"@type":"ListItem","position":4,"name":"\u00c9lectrocast","item":"https:\/\/www.azaros.eu\/fr\/produits\/refractaire\/electrocast\/"},{"@type":"ListItem","position":5,"name":"Electrofondu"}]},{"@type":"WebSite","@id":"https:\/\/www.azaros.eu\/fr\/#website","url":"https:\/\/www.azaros.eu\/fr\/","name":"Azaros","description":"Fabricamos, distribuimos y comercializamos una gran gama de suministros.","potentialAction":[{"@type":"SearchAction","target":{"@type":"EntryPoint","urlTemplate":"https:\/\/www.azaros.eu\/fr\/?s={search_term_string}"},"query-input":{"@type":"PropertyValueSpecification","valueRequired":true,"valueName":"search_term_string"}}],"inLanguage":"fr-FR"}]}},"_links":{"self":[{"href":"https:\/\/www.azaros.eu\/fr\/wp-json\/wp\/v2\/product\/11143","targetHints":{"allow":["GET"]}}],"collection":[{"href":"https:\/\/www.azaros.eu\/fr\/wp-json\/wp\/v2\/product"}],"about":[{"href":"https:\/\/www.azaros.eu\/fr\/wp-json\/wp\/v2\/types\/product"}],"wp:featuredmedia":[{"embeddable":true,"href":"https:\/\/www.azaros.eu\/fr\/wp-json\/wp\/v2\/media\/9795"}],"wp:attachment":[{"href":"https:\/\/www.azaros.eu\/fr\/wp-json\/wp\/v2\/media?parent=11143"}],"wp:term":[{"taxonomy":"product_brand","embeddable":true,"href":"https:\/\/www.azaros.eu\/fr\/wp-json\/wp\/v2\/product_brand?post=11143"},{"taxonomy":"product_cat","embeddable":true,"href":"https:\/\/www.azaros.eu\/fr\/wp-json\/wp\/v2\/product_cat?post=11143"},{"taxonomy":"product_tag","embeddable":true,"href":"https:\/\/www.azaros.eu\/fr\/wp-json\/wp\/v2\/product_tag?post=11143"}],"curies":[{"name":"wp","href":"https:\/\/api.w.org\/{rel}","templated":true}]}}