{"id":11160,"date":"2024-06-11T08:15:26","date_gmt":"2024-06-11T07:15:26","guid":{"rendered":"https:\/\/www.azaros.eu\/producto\/rondelles-en-mica\/"},"modified":"2025-05-20T08:50:48","modified_gmt":"2025-05-20T07:50:48","slug":"rondelles-en-mica","status":"publish","type":"product","link":"https:\/\/www.azaros.eu\/fr\/produit\/rondelles-en-mica\/","title":{"rendered":"Rondelles en mica"},"content":{"rendered":"<div class=\"row\"  id=\"row-1272406853\">\n\n\t<div id=\"col-602640829\" class=\"col medium-6 small-12 large-6\"  >\n\t\t\t\t<div class=\"col-inner\"  >\n\t\t\t\n\t\t\t\n<div class=\"container section-title-container\" ><h2 class=\"section-title section-title-normal\"><b aria-hidden=\"true\"><\/b><span class=\"section-title-main\" style=\"font-size:80%;\">Caract\u00e9ristiques<\/span><b aria-hidden=\"true\"><\/b><\/h2><\/div>\n<ul>\n<li><span data-contrast=\"none\">Haute r\u00e9sistance thermique<\/span><span data-ccp-props=\"{\"201341983\":1,\"335551550\":6,\"335551620\":6,\"335559739\":120,\"335559740\":240}\"> <\/span><\/li>\n<li><span data-contrast=\"none\">Stabilit\u00e9 chimique et m\u00e9canique<\/span><span data-ccp-props=\"{\"201341983\":1,\"335551550\":6,\"335551620\":6,\"335559739\":120,\"335559740\":240}\"> <\/span><\/li>\n<\/ul>\n\t\t<\/div>\n\t\t\t\t\t<\/div>\n\n\t\n\n\t<div id=\"col-436782218\" class=\"col medium-6 small-12 large-6\"  >\n\t\t\t\t<div class=\"col-inner\"  >\n\t\t\t\n\t\t\t\n<div class=\"container section-title-container\" ><h2 class=\"section-title section-title-normal\"><b aria-hidden=\"true\"><\/b><span class=\"section-title-main\" style=\"font-size:80%;\">Applications typiques<\/span><b aria-hidden=\"true\"><\/b><\/h2><\/div>\n<ul>\n<li><span data-contrast=\"auto\">Isolants dans les \u00e9quipements haute tension<\/span><span data-ccp-props=\"{}\"> <\/span><\/li>\n<li><span data-contrast=\"auto\">Environnements industriels \u00e0 haute temp\u00e9rature<\/span><span data-ccp-props=\"{}\"> <\/span><\/li>\n<\/ul>\n\t\t<\/div>\n\t\t\t\t\t<\/div>\n\n\t\n<\/div>\n<div class=\"row\"  id=\"row-271823512\">\n\n<\/div>\n","protected":false},"excerpt":{"rendered":"<p class=\"textocomun\"><span class=\"TextRun SCXW6392793 BCX0\" lang=\"ES-ES\" xml:lang=\"ES-ES\" data-contrast=\"none\"><span class=\"NormalTextRun SCXW6392793 BCX0\">Les rondelles en mica phlogopite et muscovite sont des composants isolants utilis\u00e9s dans des applications \u00e9lectriques.<br \/>Le mica phlogopite est un min\u00e9ral reconnu pour sa tr\u00e8s bonne r\u00e9sistance \u00e0 la chaleur, ses propri\u00e9t\u00e9s di\u00e9lectriques et sa stabilit\u00e9 thermique.<br \/>Ces rondelles servent de barri\u00e8res d&rsquo;isolation, prot\u00e9geant les circuits et composants contre les courts-circuits potentiels et \u00e9vitant les pertes de courant.<br \/>De plus, leur capacit\u00e9 \u00e0 supporter des temp\u00e9ratures \u00e9lev\u00e9es, sans se d\u00e9grader, les rend parfaitement adapt\u00e9es aux environnements industriels exigeants.   <\/span><span class=\"NormalTextRun SCXW6392793 BCX0\">.<\/span><\/span><span class=\"EOP SCXW6392793 BCX0\" data-ccp-props=\"{}\"> <\/span><\/p>\n","protected":false},"featured_media":7225,"template":"","meta":[],"product_brand":[],"product_cat":[56],"product_tag":[],"class_list":{"0":"post-11160","1":"product","2":"type-product","3":"status-publish","4":"has-post-thumbnail","6":"product_cat-mica","8":"first","9":"instock","10":"shipping-taxable","11":"product-type-simple"},"yoast_head":"<!-- This site is optimized with the Yoast SEO plugin v27.6 - https:\/\/yoast.com\/product\/yoast-seo-wordpress\/ -->\n<title>Rondelles en mica - Azaros<\/title>\n<meta name=\"robots\" content=\"index, follow, max-snippet:-1, max-image-preview:large, max-video-preview:-1\" \/>\n<link rel=\"canonical\" href=\"https:\/\/www.azaros.eu\/fr\/produit\/rondelles-en-mica\/\" \/>\n<meta property=\"og:locale\" content=\"fr_FR\" \/>\n<meta property=\"og:type\" content=\"article\" \/>\n<meta property=\"og:title\" content=\"Rondelles en mica - Azaros\" \/>\n<meta property=\"og:description\" content=\"Les rondelles en mica phlogopite et muscovite sont des composants isolants utilis\u00e9s dans des applications \u00e9lectriques.Le mica phlogopite est un min\u00e9ral reconnu pour sa tr\u00e8s bonne r\u00e9sistance \u00e0 la chaleur, ses propri\u00e9t\u00e9s di\u00e9lectriques et sa stabilit\u00e9 thermique.Ces rondelles servent de barri\u00e8res d&#039;isolation, prot\u00e9geant les circuits et composants contre les courts-circuits potentiels et \u00e9vitant les pertes de courant.De plus, leur capacit\u00e9 \u00e0 supporter des temp\u00e9ratures \u00e9lev\u00e9es, sans se d\u00e9grader, les rend parfaitement adapt\u00e9es aux environnements industriels exigeants.  .\" \/>\n<meta property=\"og:url\" content=\"https:\/\/www.azaros.eu\/fr\/produit\/rondelles-en-mica\/\" \/>\n<meta property=\"og:site_name\" content=\"Azaros\" \/>\n<meta property=\"article:modified_time\" content=\"2025-05-20T07:50:48+00:00\" \/>\n<meta property=\"og:image\" content=\"https:\/\/www.azaros.eu\/wp-content\/uploads\/2024\/07\/Arandelas.jpg\" \/>\n\t<meta property=\"og:image:width\" content=\"1200\" \/>\n\t<meta property=\"og:image:height\" content=\"700\" \/>\n\t<meta property=\"og:image:type\" content=\"image\/jpeg\" \/>\n<meta name=\"twitter:card\" content=\"summary_large_image\" \/>\n<meta name=\"twitter:label1\" content=\"Dur\u00e9e de lecture estim\u00e9e\" \/>\n\t<meta name=\"twitter:data1\" content=\"1 minute\" \/>\n<script type=\"application\/ld+json\" class=\"yoast-schema-graph\">{\"@context\":\"https:\\\/\\\/schema.org\",\"@graph\":[{\"@type\":\"WebPage\",\"@id\":\"https:\\\/\\\/www.azaros.eu\\\/fr\\\/produit\\\/rondelles-en-mica\\\/\",\"url\":\"https:\\\/\\\/www.azaros.eu\\\/fr\\\/produit\\\/rondelles-en-mica\\\/\",\"name\":\"Rondelles en mica - Azaros\",\"isPartOf\":{\"@id\":\"https:\\\/\\\/www.azaros.eu\\\/fr\\\/#website\"},\"primaryImageOfPage\":{\"@id\":\"https:\\\/\\\/www.azaros.eu\\\/fr\\\/produit\\\/rondelles-en-mica\\\/#primaryimage\"},\"image\":{\"@id\":\"https:\\\/\\\/www.azaros.eu\\\/fr\\\/produit\\\/rondelles-en-mica\\\/#primaryimage\"},\"thumbnailUrl\":\"https:\\\/\\\/www.azaros.eu\\\/wp-content\\\/uploads\\\/2024\\\/07\\\/Arandelas.jpg\",\"datePublished\":\"2024-06-11T07:15:26+00:00\",\"dateModified\":\"2025-05-20T07:50:48+00:00\",\"breadcrumb\":{\"@id\":\"https:\\\/\\\/www.azaros.eu\\\/fr\\\/produit\\\/rondelles-en-mica\\\/#breadcrumb\"},\"inLanguage\":\"fr-FR\",\"potentialAction\":[{\"@type\":\"ReadAction\",\"target\":[\"https:\\\/\\\/www.azaros.eu\\\/fr\\\/produit\\\/rondelles-en-mica\\\/\"]}]},{\"@type\":\"ImageObject\",\"inLanguage\":\"fr-FR\",\"@id\":\"https:\\\/\\\/www.azaros.eu\\\/fr\\\/produit\\\/rondelles-en-mica\\\/#primaryimage\",\"url\":\"https:\\\/\\\/www.azaros.eu\\\/wp-content\\\/uploads\\\/2024\\\/07\\\/Arandelas.jpg\",\"contentUrl\":\"https:\\\/\\\/www.azaros.eu\\\/wp-content\\\/uploads\\\/2024\\\/07\\\/Arandelas.jpg\",\"width\":1200,\"height\":700},{\"@type\":\"BreadcrumbList\",\"@id\":\"https:\\\/\\\/www.azaros.eu\\\/fr\\\/produit\\\/rondelles-en-mica\\\/#breadcrumb\",\"itemListElement\":[{\"@type\":\"ListItem\",\"position\":1,\"name\":\"Azaros\",\"item\":\"https:\\\/\\\/www.azaros.eu\\\/fr\\\/azaros-home\\\/\"},{\"@type\":\"ListItem\",\"position\":2,\"name\":\"Produits\",\"item\":\"https:\\\/\\\/www.azaros.eu\\\/fr\\\/produits\\\/\"},{\"@type\":\"ListItem\",\"position\":3,\"name\":\"Isolant \u00e9lectrique\",\"item\":\"https:\\\/\\\/www.azaros.eu\\\/fr\\\/produits\\\/isolant-electrique\\\/\"},{\"@type\":\"ListItem\",\"position\":4,\"name\":\"Mica\",\"item\":\"https:\\\/\\\/www.azaros.eu\\\/fr\\\/produits\\\/isolant-electrique\\\/mica\\\/\"},{\"@type\":\"ListItem\",\"position\":5,\"name\":\"Rondelles en mica\"}]},{\"@type\":\"WebSite\",\"@id\":\"https:\\\/\\\/www.azaros.eu\\\/fr\\\/#website\",\"url\":\"https:\\\/\\\/www.azaros.eu\\\/fr\\\/\",\"name\":\"Azaros\",\"description\":\"Fabricamos, distribuimos y comercializamos una gran gama de suministros.\",\"potentialAction\":[{\"@type\":\"SearchAction\",\"target\":{\"@type\":\"EntryPoint\",\"urlTemplate\":\"https:\\\/\\\/www.azaros.eu\\\/fr\\\/?s={search_term_string}\"},\"query-input\":{\"@type\":\"PropertyValueSpecification\",\"valueRequired\":true,\"valueName\":\"search_term_string\"}}],\"inLanguage\":\"fr-FR\"}]}<\/script>\n<!-- \/ Yoast SEO plugin. -->","yoast_head_json":{"title":"Rondelles en mica - Azaros","robots":{"index":"index","follow":"follow","max-snippet":"max-snippet:-1","max-image-preview":"max-image-preview:large","max-video-preview":"max-video-preview:-1"},"canonical":"https:\/\/www.azaros.eu\/fr\/produit\/rondelles-en-mica\/","og_locale":"fr_FR","og_type":"article","og_title":"Rondelles en mica - Azaros","og_description":"Les rondelles en mica phlogopite et muscovite sont des composants isolants utilis\u00e9s dans des applications \u00e9lectriques.Le mica phlogopite est un min\u00e9ral reconnu pour sa tr\u00e8s bonne r\u00e9sistance \u00e0 la chaleur, ses propri\u00e9t\u00e9s di\u00e9lectriques et sa stabilit\u00e9 thermique.Ces rondelles servent de barri\u00e8res d'isolation, prot\u00e9geant les circuits et composants contre les courts-circuits potentiels et \u00e9vitant les pertes de courant.De plus, leur capacit\u00e9 \u00e0 supporter des temp\u00e9ratures \u00e9lev\u00e9es, sans se d\u00e9grader, les rend parfaitement adapt\u00e9es aux environnements industriels exigeants.  .","og_url":"https:\/\/www.azaros.eu\/fr\/produit\/rondelles-en-mica\/","og_site_name":"Azaros","article_modified_time":"2025-05-20T07:50:48+00:00","og_image":[{"width":1200,"height":700,"url":"https:\/\/www.azaros.eu\/wp-content\/uploads\/2024\/07\/Arandelas.jpg","type":"image\/jpeg"}],"twitter_card":"summary_large_image","twitter_misc":{"Dur\u00e9e de lecture estim\u00e9e":"1 minute"},"schema":{"@context":"https:\/\/schema.org","@graph":[{"@type":"WebPage","@id":"https:\/\/www.azaros.eu\/fr\/produit\/rondelles-en-mica\/","url":"https:\/\/www.azaros.eu\/fr\/produit\/rondelles-en-mica\/","name":"Rondelles en mica - Azaros","isPartOf":{"@id":"https:\/\/www.azaros.eu\/fr\/#website"},"primaryImageOfPage":{"@id":"https:\/\/www.azaros.eu\/fr\/produit\/rondelles-en-mica\/#primaryimage"},"image":{"@id":"https:\/\/www.azaros.eu\/fr\/produit\/rondelles-en-mica\/#primaryimage"},"thumbnailUrl":"https:\/\/www.azaros.eu\/wp-content\/uploads\/2024\/07\/Arandelas.jpg","datePublished":"2024-06-11T07:15:26+00:00","dateModified":"2025-05-20T07:50:48+00:00","breadcrumb":{"@id":"https:\/\/www.azaros.eu\/fr\/produit\/rondelles-en-mica\/#breadcrumb"},"inLanguage":"fr-FR","potentialAction":[{"@type":"ReadAction","target":["https:\/\/www.azaros.eu\/fr\/produit\/rondelles-en-mica\/"]}]},{"@type":"ImageObject","inLanguage":"fr-FR","@id":"https:\/\/www.azaros.eu\/fr\/produit\/rondelles-en-mica\/#primaryimage","url":"https:\/\/www.azaros.eu\/wp-content\/uploads\/2024\/07\/Arandelas.jpg","contentUrl":"https:\/\/www.azaros.eu\/wp-content\/uploads\/2024\/07\/Arandelas.jpg","width":1200,"height":700},{"@type":"BreadcrumbList","@id":"https:\/\/www.azaros.eu\/fr\/produit\/rondelles-en-mica\/#breadcrumb","itemListElement":[{"@type":"ListItem","position":1,"name":"Azaros","item":"https:\/\/www.azaros.eu\/fr\/azaros-home\/"},{"@type":"ListItem","position":2,"name":"Produits","item":"https:\/\/www.azaros.eu\/fr\/produits\/"},{"@type":"ListItem","position":3,"name":"Isolant \u00e9lectrique","item":"https:\/\/www.azaros.eu\/fr\/produits\/isolant-electrique\/"},{"@type":"ListItem","position":4,"name":"Mica","item":"https:\/\/www.azaros.eu\/fr\/produits\/isolant-electrique\/mica\/"},{"@type":"ListItem","position":5,"name":"Rondelles en mica"}]},{"@type":"WebSite","@id":"https:\/\/www.azaros.eu\/fr\/#website","url":"https:\/\/www.azaros.eu\/fr\/","name":"Azaros","description":"Fabricamos, distribuimos y comercializamos una gran gama de suministros.","potentialAction":[{"@type":"SearchAction","target":{"@type":"EntryPoint","urlTemplate":"https:\/\/www.azaros.eu\/fr\/?s={search_term_string}"},"query-input":{"@type":"PropertyValueSpecification","valueRequired":true,"valueName":"search_term_string"}}],"inLanguage":"fr-FR"}]}},"_links":{"self":[{"href":"https:\/\/www.azaros.eu\/fr\/wp-json\/wp\/v2\/product\/11160","targetHints":{"allow":["GET"]}}],"collection":[{"href":"https:\/\/www.azaros.eu\/fr\/wp-json\/wp\/v2\/product"}],"about":[{"href":"https:\/\/www.azaros.eu\/fr\/wp-json\/wp\/v2\/types\/product"}],"wp:featuredmedia":[{"embeddable":true,"href":"https:\/\/www.azaros.eu\/fr\/wp-json\/wp\/v2\/media\/7225"}],"wp:attachment":[{"href":"https:\/\/www.azaros.eu\/fr\/wp-json\/wp\/v2\/media?parent=11160"}],"wp:term":[{"taxonomy":"product_brand","embeddable":true,"href":"https:\/\/www.azaros.eu\/fr\/wp-json\/wp\/v2\/product_brand?post=11160"},{"taxonomy":"product_cat","embeddable":true,"href":"https:\/\/www.azaros.eu\/fr\/wp-json\/wp\/v2\/product_cat?post=11160"},{"taxonomy":"product_tag","embeddable":true,"href":"https:\/\/www.azaros.eu\/fr\/wp-json\/wp\/v2\/product_tag?post=11160"}],"curies":[{"name":"wp","href":"https:\/\/api.w.org\/{rel}","templated":true}]}}