{"id":11161,"date":"2024-06-11T08:19:27","date_gmt":"2024-06-11T07:19:27","guid":{"rendered":"https:\/\/www.azaros.eu\/producto\/tubes-en-mica\/"},"modified":"2025-05-20T08:53:38","modified_gmt":"2025-05-20T07:53:38","slug":"tubes-en-mica","status":"publish","type":"product","link":"https:\/\/www.azaros.eu\/fr\/produit\/tubes-en-mica\/","title":{"rendered":"Tubes en mica"},"content":{"rendered":"<div class=\"row\"  id=\"row-1294781624\">\n\n\t<div id=\"col-52821313\" class=\"col medium-6 small-12 large-6\"  >\n\t\t\t\t<div class=\"col-inner\"  >\n\t\t\t\n\t\t\t\n<div class=\"container section-title-container\" ><h2 class=\"section-title section-title-normal\"><b aria-hidden=\"true\"><\/b><span class=\"section-title-main\" style=\"font-size:80%;\">Caract\u00e9ristiques<\/span><b aria-hidden=\"true\"><\/b><\/h2><\/div>\n<ul>\n<li><span data-contrast=\"none\">R\u00e9sistance aux hautes temp\u00e9ratures<\/span><span data-ccp-props=\"{}\"> <\/span><\/li>\n<li><span data-contrast=\"none\">Excellentes propri\u00e9t\u00e9s di\u00e9lectriques<\/span><span data-ccp-props=\"{}\"> <\/span><\/li>\n<li><span data-contrast=\"none\">Grande durabilit\u00e9 et flexibilit\u00e9<\/span><span data-ccp-props=\"{}\"> <\/span><\/li>\n<\/ul>\n\t\t<\/div>\n\t\t\t\t\t<\/div>\n\n\t\n\n\t<div id=\"col-1694518646\" class=\"col medium-6 small-12 large-6\"  >\n\t\t\t\t<div class=\"col-inner\"  >\n\t\t\t\n\t\t\t\n<div class=\"container section-title-container\" ><h2 class=\"section-title section-title-normal\"><b aria-hidden=\"true\"><\/b><span class=\"section-title-main\" style=\"font-size:80%;\">Applications typiques<\/span><b aria-hidden=\"true\"><\/b><\/h2><\/div>\n<ul>\n<li>Fabrication de r\u00e9sistances<\/li>\n<li>\u00c9quipements de soudage<\/li>\n<li>Isolation thermique dans les fours industriels et chaudi\u00e8res<\/li>\n<\/ul>\n\t\t<\/div>\n\t\t\t\t\t<\/div>\n\n\t\n<\/div>\n","protected":false},"excerpt":{"rendered":"<p><span class=\"TextRun SCXW165211816 BCX0\" lang=\"ES-ES\" data-contrast=\"none\" xml:lang=\"ES-ES\"><span class=\"NormalTextRun SCXW165211816 BCX0\">Les tubes en mica sont des composants d&rsquo;isolation \u00e9lectrique fabriqu\u00e9s \u00e0 partir de feuilles de mica enroul\u00e9es et agglom\u00e9r\u00e9es avec une r\u00e9sine \u00e0 haute r\u00e9sistance thermique et di\u00e9lectrique. <\/span><span class=\"NormalTextRun SCXW165211816 BCX0\">Ces tubes, compos\u00e9s principalement de mica phlogopite ou muscovite, offrent une excellente protection contre la chaleur et l\u2019\u00e9lectricit\u00e9, ce qui les rend id\u00e9aux pour les applications n\u00e9cessitant une isolation efficace et durable.<\/span><span class=\"NormalTextRun SCXW165211816 BCX0\"> Les tubes en mica maintiennent leur stabilit\u00e9 et leurs propri\u00e9t\u00e9s isolantes m\u00eame \u00e0 des temp\u00e9ratures \u00e9lev\u00e9es.<\/span><\/span><\/p>\n","protected":false},"featured_media":9249,"template":"","meta":[],"product_brand":[],"product_cat":[56],"product_tag":[],"class_list":{"0":"post-11161","1":"product","2":"type-product","3":"status-publish","4":"has-post-thumbnail","6":"product_cat-mica","8":"first","9":"instock","10":"shipping-taxable","11":"product-type-simple"},"yoast_head":"<!-- This site is optimized with the Yoast SEO plugin v27.6 - https:\/\/yoast.com\/product\/yoast-seo-wordpress\/ -->\n<title>Tubes en mica - Azaros<\/title>\n<meta name=\"robots\" content=\"index, follow, max-snippet:-1, max-image-preview:large, max-video-preview:-1\" \/>\n<link rel=\"canonical\" href=\"https:\/\/www.azaros.eu\/fr\/produit\/tubes-en-mica\/\" \/>\n<meta property=\"og:locale\" content=\"fr_FR\" \/>\n<meta property=\"og:type\" content=\"article\" \/>\n<meta property=\"og:title\" content=\"Tubes en mica - Azaros\" \/>\n<meta property=\"og:description\" content=\"Les tubes en mica sont des composants d&#039;isolation \u00e9lectrique fabriqu\u00e9s \u00e0 partir de feuilles de mica enroul\u00e9es et agglom\u00e9r\u00e9es avec une r\u00e9sine \u00e0 haute r\u00e9sistance thermique et di\u00e9lectrique. Ces tubes, compos\u00e9s principalement de mica phlogopite ou muscovite, offrent une excellente protection contre la chaleur et l\u2019\u00e9lectricit\u00e9, ce qui les rend id\u00e9aux pour les applications n\u00e9cessitant une isolation efficace et durable. Les tubes en mica maintiennent leur stabilit\u00e9 et leurs propri\u00e9t\u00e9s isolantes m\u00eame \u00e0 des temp\u00e9ratures \u00e9lev\u00e9es.\" \/>\n<meta property=\"og:url\" content=\"https:\/\/www.azaros.eu\/fr\/produit\/tubes-en-mica\/\" \/>\n<meta property=\"og:site_name\" content=\"Azaros\" \/>\n<meta property=\"article:modified_time\" content=\"2025-05-20T07:53:38+00:00\" \/>\n<meta property=\"og:image\" content=\"https:\/\/www.azaros.eu\/wp-content\/uploads\/2024\/06\/tubos-de-mica-1.jpg\" \/>\n\t<meta property=\"og:image:width\" content=\"1200\" \/>\n\t<meta property=\"og:image:height\" content=\"700\" \/>\n\t<meta property=\"og:image:type\" content=\"image\/jpeg\" \/>\n<meta name=\"twitter:card\" content=\"summary_large_image\" \/>\n<script type=\"application\/ld+json\" class=\"yoast-schema-graph\">{\"@context\":\"https:\\\/\\\/schema.org\",\"@graph\":[{\"@type\":\"WebPage\",\"@id\":\"https:\\\/\\\/www.azaros.eu\\\/fr\\\/produit\\\/tubes-en-mica\\\/\",\"url\":\"https:\\\/\\\/www.azaros.eu\\\/fr\\\/produit\\\/tubes-en-mica\\\/\",\"name\":\"Tubes en mica - Azaros\",\"isPartOf\":{\"@id\":\"https:\\\/\\\/www.azaros.eu\\\/fr\\\/#website\"},\"primaryImageOfPage\":{\"@id\":\"https:\\\/\\\/www.azaros.eu\\\/fr\\\/produit\\\/tubes-en-mica\\\/#primaryimage\"},\"image\":{\"@id\":\"https:\\\/\\\/www.azaros.eu\\\/fr\\\/produit\\\/tubes-en-mica\\\/#primaryimage\"},\"thumbnailUrl\":\"https:\\\/\\\/www.azaros.eu\\\/wp-content\\\/uploads\\\/2024\\\/06\\\/tubos-de-mica-1.jpg\",\"datePublished\":\"2024-06-11T07:19:27+00:00\",\"dateModified\":\"2025-05-20T07:53:38+00:00\",\"breadcrumb\":{\"@id\":\"https:\\\/\\\/www.azaros.eu\\\/fr\\\/produit\\\/tubes-en-mica\\\/#breadcrumb\"},\"inLanguage\":\"fr-FR\",\"potentialAction\":[{\"@type\":\"ReadAction\",\"target\":[\"https:\\\/\\\/www.azaros.eu\\\/fr\\\/produit\\\/tubes-en-mica\\\/\"]}]},{\"@type\":\"ImageObject\",\"inLanguage\":\"fr-FR\",\"@id\":\"https:\\\/\\\/www.azaros.eu\\\/fr\\\/produit\\\/tubes-en-mica\\\/#primaryimage\",\"url\":\"https:\\\/\\\/www.azaros.eu\\\/wp-content\\\/uploads\\\/2024\\\/06\\\/tubos-de-mica-1.jpg\",\"contentUrl\":\"https:\\\/\\\/www.azaros.eu\\\/wp-content\\\/uploads\\\/2024\\\/06\\\/tubos-de-mica-1.jpg\",\"width\":1200,\"height\":700},{\"@type\":\"BreadcrumbList\",\"@id\":\"https:\\\/\\\/www.azaros.eu\\\/fr\\\/produit\\\/tubes-en-mica\\\/#breadcrumb\",\"itemListElement\":[{\"@type\":\"ListItem\",\"position\":1,\"name\":\"Azaros\",\"item\":\"https:\\\/\\\/www.azaros.eu\\\/fr\\\/azaros-home\\\/\"},{\"@type\":\"ListItem\",\"position\":2,\"name\":\"Produits\",\"item\":\"https:\\\/\\\/www.azaros.eu\\\/fr\\\/produits\\\/\"},{\"@type\":\"ListItem\",\"position\":3,\"name\":\"Isolant \u00e9lectrique\",\"item\":\"https:\\\/\\\/www.azaros.eu\\\/fr\\\/produits\\\/isolant-electrique\\\/\"},{\"@type\":\"ListItem\",\"position\":4,\"name\":\"Mica\",\"item\":\"https:\\\/\\\/www.azaros.eu\\\/fr\\\/produits\\\/isolant-electrique\\\/mica\\\/\"},{\"@type\":\"ListItem\",\"position\":5,\"name\":\"Tubes en mica\"}]},{\"@type\":\"WebSite\",\"@id\":\"https:\\\/\\\/www.azaros.eu\\\/fr\\\/#website\",\"url\":\"https:\\\/\\\/www.azaros.eu\\\/fr\\\/\",\"name\":\"Azaros\",\"description\":\"Fabricamos, distribuimos y comercializamos una gran gama de suministros.\",\"potentialAction\":[{\"@type\":\"SearchAction\",\"target\":{\"@type\":\"EntryPoint\",\"urlTemplate\":\"https:\\\/\\\/www.azaros.eu\\\/fr\\\/?s={search_term_string}\"},\"query-input\":{\"@type\":\"PropertyValueSpecification\",\"valueRequired\":true,\"valueName\":\"search_term_string\"}}],\"inLanguage\":\"fr-FR\"}]}<\/script>\n<!-- \/ Yoast SEO plugin. -->","yoast_head_json":{"title":"Tubes en mica - Azaros","robots":{"index":"index","follow":"follow","max-snippet":"max-snippet:-1","max-image-preview":"max-image-preview:large","max-video-preview":"max-video-preview:-1"},"canonical":"https:\/\/www.azaros.eu\/fr\/produit\/tubes-en-mica\/","og_locale":"fr_FR","og_type":"article","og_title":"Tubes en mica - Azaros","og_description":"Les tubes en mica sont des composants d'isolation \u00e9lectrique fabriqu\u00e9s \u00e0 partir de feuilles de mica enroul\u00e9es et agglom\u00e9r\u00e9es avec une r\u00e9sine \u00e0 haute r\u00e9sistance thermique et di\u00e9lectrique. Ces tubes, compos\u00e9s principalement de mica phlogopite ou muscovite, offrent une excellente protection contre la chaleur et l\u2019\u00e9lectricit\u00e9, ce qui les rend id\u00e9aux pour les applications n\u00e9cessitant une isolation efficace et durable. Les tubes en mica maintiennent leur stabilit\u00e9 et leurs propri\u00e9t\u00e9s isolantes m\u00eame \u00e0 des temp\u00e9ratures \u00e9lev\u00e9es.","og_url":"https:\/\/www.azaros.eu\/fr\/produit\/tubes-en-mica\/","og_site_name":"Azaros","article_modified_time":"2025-05-20T07:53:38+00:00","og_image":[{"width":1200,"height":700,"url":"https:\/\/www.azaros.eu\/wp-content\/uploads\/2024\/06\/tubos-de-mica-1.jpg","type":"image\/jpeg"}],"twitter_card":"summary_large_image","schema":{"@context":"https:\/\/schema.org","@graph":[{"@type":"WebPage","@id":"https:\/\/www.azaros.eu\/fr\/produit\/tubes-en-mica\/","url":"https:\/\/www.azaros.eu\/fr\/produit\/tubes-en-mica\/","name":"Tubes en mica - Azaros","isPartOf":{"@id":"https:\/\/www.azaros.eu\/fr\/#website"},"primaryImageOfPage":{"@id":"https:\/\/www.azaros.eu\/fr\/produit\/tubes-en-mica\/#primaryimage"},"image":{"@id":"https:\/\/www.azaros.eu\/fr\/produit\/tubes-en-mica\/#primaryimage"},"thumbnailUrl":"https:\/\/www.azaros.eu\/wp-content\/uploads\/2024\/06\/tubos-de-mica-1.jpg","datePublished":"2024-06-11T07:19:27+00:00","dateModified":"2025-05-20T07:53:38+00:00","breadcrumb":{"@id":"https:\/\/www.azaros.eu\/fr\/produit\/tubes-en-mica\/#breadcrumb"},"inLanguage":"fr-FR","potentialAction":[{"@type":"ReadAction","target":["https:\/\/www.azaros.eu\/fr\/produit\/tubes-en-mica\/"]}]},{"@type":"ImageObject","inLanguage":"fr-FR","@id":"https:\/\/www.azaros.eu\/fr\/produit\/tubes-en-mica\/#primaryimage","url":"https:\/\/www.azaros.eu\/wp-content\/uploads\/2024\/06\/tubos-de-mica-1.jpg","contentUrl":"https:\/\/www.azaros.eu\/wp-content\/uploads\/2024\/06\/tubos-de-mica-1.jpg","width":1200,"height":700},{"@type":"BreadcrumbList","@id":"https:\/\/www.azaros.eu\/fr\/produit\/tubes-en-mica\/#breadcrumb","itemListElement":[{"@type":"ListItem","position":1,"name":"Azaros","item":"https:\/\/www.azaros.eu\/fr\/azaros-home\/"},{"@type":"ListItem","position":2,"name":"Produits","item":"https:\/\/www.azaros.eu\/fr\/produits\/"},{"@type":"ListItem","position":3,"name":"Isolant \u00e9lectrique","item":"https:\/\/www.azaros.eu\/fr\/produits\/isolant-electrique\/"},{"@type":"ListItem","position":4,"name":"Mica","item":"https:\/\/www.azaros.eu\/fr\/produits\/isolant-electrique\/mica\/"},{"@type":"ListItem","position":5,"name":"Tubes en mica"}]},{"@type":"WebSite","@id":"https:\/\/www.azaros.eu\/fr\/#website","url":"https:\/\/www.azaros.eu\/fr\/","name":"Azaros","description":"Fabricamos, distribuimos y comercializamos una gran gama de suministros.","potentialAction":[{"@type":"SearchAction","target":{"@type":"EntryPoint","urlTemplate":"https:\/\/www.azaros.eu\/fr\/?s={search_term_string}"},"query-input":{"@type":"PropertyValueSpecification","valueRequired":true,"valueName":"search_term_string"}}],"inLanguage":"fr-FR"}]}},"_links":{"self":[{"href":"https:\/\/www.azaros.eu\/fr\/wp-json\/wp\/v2\/product\/11161","targetHints":{"allow":["GET"]}}],"collection":[{"href":"https:\/\/www.azaros.eu\/fr\/wp-json\/wp\/v2\/product"}],"about":[{"href":"https:\/\/www.azaros.eu\/fr\/wp-json\/wp\/v2\/types\/product"}],"wp:featuredmedia":[{"embeddable":true,"href":"https:\/\/www.azaros.eu\/fr\/wp-json\/wp\/v2\/media\/9249"}],"wp:attachment":[{"href":"https:\/\/www.azaros.eu\/fr\/wp-json\/wp\/v2\/media?parent=11161"}],"wp:term":[{"taxonomy":"product_brand","embeddable":true,"href":"https:\/\/www.azaros.eu\/fr\/wp-json\/wp\/v2\/product_brand?post=11161"},{"taxonomy":"product_cat","embeddable":true,"href":"https:\/\/www.azaros.eu\/fr\/wp-json\/wp\/v2\/product_cat?post=11161"},{"taxonomy":"product_tag","embeddable":true,"href":"https:\/\/www.azaros.eu\/fr\/wp-json\/wp\/v2\/product_tag?post=11161"}],"curies":[{"name":"wp","href":"https:\/\/api.w.org\/{rel}","templated":true}]}}