{"id":11162,"date":"2024-06-11T08:16:52","date_gmt":"2024-06-11T07:16:52","guid":{"rendered":"https:\/\/www.azaros.eu\/producto\/mica-spool-et-mica-tape\/"},"modified":"2025-05-20T09:02:15","modified_gmt":"2025-05-20T08:02:15","slug":"mica-spool-et-mica-tape","status":"publish","type":"product","link":"https:\/\/www.azaros.eu\/fr\/produit\/mica-spool-et-mica-tape\/","title":{"rendered":"Mica Spool et Mica Tape"},"content":{"rendered":"<div class=\"row\"  id=\"row-386933271\">\n\n\t<div id=\"col-2111712095\" class=\"col medium-6 small-12 large-6\"  >\n\t\t\t\t<div class=\"col-inner\"  >\n\t\t\t\n\t\t\t\n<div class=\"container section-title-container\" ><h2 class=\"section-title section-title-normal\"><b aria-hidden=\"true\"><\/b><span class=\"section-title-main\" style=\"font-size:80%;\">Caract\u00e9ristiques<\/span><b aria-hidden=\"true\"><\/b><\/h2><\/div>\n<p>Les bandes de mica sont g\u00e9n\u00e9ralement disponibles en deux formats : rouleaux et bobines (spools)<br \/>\n\u2022 \u00c9paisseurs disponibles : de 0,08 \u00e0 0,15 mm<br \/>\n\u2022 Largeurs disponibles : de 4 \u00e0 1000 mm<\/p>\n\t\t<\/div>\n\t\t\t\t\t<\/div>\n\n\t\n\n\t<div id=\"col-482604189\" class=\"col medium-6 small-12 large-6\"  >\n\t\t\t\t<div class=\"col-inner\"  >\n\t\t\t\n\t\t\t\n<div class=\"container section-title-container\" ><h2 class=\"section-title section-title-normal\"><b aria-hidden=\"true\"><\/b><span class=\"section-title-main\" style=\"font-size:80%;\">Applications typiques<\/span><b aria-hidden=\"true\"><\/b><\/h2><\/div>\n<p>\u2022 Fabrication de c\u00e2bles ignifuges<br \/>\u2022 Bobinage de moteurs \u00e9lectriques<br \/>\u2022 Toutes applications n\u00e9cessitant une excellente isolation \u00e9lectrique.<\/p>\n\t\t<\/div>\n\t\t\t\t\t<\/div>\n\n\t\n<\/div>\n\n","protected":false},"excerpt":{"rendered":"<p>Les bandes de mica sont un compos\u00e9 de papier de mica (qualit\u00e9 muscovite ou phlogopite) combin\u00e9 \u00e0 un tissu en fibre de verre ou un film polyester.Le mica est un min\u00e9ral appartenant \u00e0 un vaste groupe de silicates d\u2019alumine, de fer, de calcium, de magn\u00e9sium et d\u2019\u00e9l\u00e9ments alcalins, caract\u00e9ris\u00e9 par sa facilit\u00e9 d\u2019exfoliation en feuilles fines, flexibles, \u00e9lastiques et tr\u00e8s brillantes.<br \/>\nSes propri\u00e9t\u00e9s de flexibilit\u00e9, d\u2019\u00e9lasticit\u00e9 et de r\u00e9sistance thermique rendent le mica tr\u00e8s attractif dans l\u2019industrie, en raison de ses excellentes performances en tant qu\u2019isolant thermique et \u00e9lectrique.<\/p>\n","protected":false},"featured_media":7249,"template":"","meta":[],"product_brand":[],"product_cat":[56],"product_tag":[],"class_list":{"0":"post-11162","1":"product","2":"type-product","3":"status-publish","4":"has-post-thumbnail","6":"product_cat-mica","8":"first","9":"instock","10":"shipping-taxable","11":"product-type-simple"},"yoast_head":"<!-- This site is optimized with the Yoast SEO plugin v27.6 - https:\/\/yoast.com\/product\/yoast-seo-wordpress\/ -->\n<title>Mica Spool et Mica Tape - Azaros<\/title>\n<meta name=\"robots\" content=\"index, follow, max-snippet:-1, max-image-preview:large, max-video-preview:-1\" \/>\n<link rel=\"canonical\" href=\"https:\/\/www.azaros.eu\/fr\/produit\/mica-spool-et-mica-tape\/\" \/>\n<meta property=\"og:locale\" content=\"fr_FR\" \/>\n<meta property=\"og:type\" content=\"article\" \/>\n<meta property=\"og:title\" content=\"Mica Spool et Mica Tape - Azaros\" \/>\n<meta property=\"og:description\" content=\"Les bandes de mica sont un compos\u00e9 de papier de mica (qualit\u00e9 muscovite ou phlogopite) combin\u00e9 \u00e0 un tissu en fibre de verre ou un film polyester.Le mica est un min\u00e9ral appartenant \u00e0 un vaste groupe de silicates d\u2019alumine, de fer, de calcium, de magn\u00e9sium et d\u2019\u00e9l\u00e9ments alcalins, caract\u00e9ris\u00e9 par sa facilit\u00e9 d\u2019exfoliation en feuilles fines, flexibles, \u00e9lastiques et tr\u00e8s brillantes. Ses propri\u00e9t\u00e9s de flexibilit\u00e9, d\u2019\u00e9lasticit\u00e9 et de r\u00e9sistance thermique rendent le mica tr\u00e8s attractif dans l\u2019industrie, en raison de ses excellentes performances en tant qu\u2019isolant thermique et \u00e9lectrique.\" \/>\n<meta property=\"og:url\" content=\"https:\/\/www.azaros.eu\/fr\/produit\/mica-spool-et-mica-tape\/\" \/>\n<meta property=\"og:site_name\" content=\"Azaros\" \/>\n<meta property=\"article:modified_time\" content=\"2025-05-20T08:02:15+00:00\" \/>\n<meta property=\"og:image\" content=\"https:\/\/www.azaros.eu\/wp-content\/uploads\/2024\/06\/Mica-Tape-y-Mica-Spool.jpg\" \/>\n\t<meta property=\"og:image:width\" content=\"1200\" \/>\n\t<meta property=\"og:image:height\" content=\"700\" \/>\n\t<meta property=\"og:image:type\" content=\"image\/jpeg\" \/>\n<meta name=\"twitter:card\" content=\"summary_large_image\" \/>\n<meta name=\"twitter:label1\" content=\"Dur\u00e9e de lecture estim\u00e9e\" \/>\n\t<meta name=\"twitter:data1\" content=\"1 minute\" \/>\n<script type=\"application\/ld+json\" class=\"yoast-schema-graph\">{\"@context\":\"https:\\\/\\\/schema.org\",\"@graph\":[{\"@type\":\"WebPage\",\"@id\":\"https:\\\/\\\/www.azaros.eu\\\/fr\\\/produit\\\/mica-spool-et-mica-tape\\\/\",\"url\":\"https:\\\/\\\/www.azaros.eu\\\/fr\\\/produit\\\/mica-spool-et-mica-tape\\\/\",\"name\":\"Mica Spool et Mica Tape - Azaros\",\"isPartOf\":{\"@id\":\"https:\\\/\\\/www.azaros.eu\\\/fr\\\/#website\"},\"primaryImageOfPage\":{\"@id\":\"https:\\\/\\\/www.azaros.eu\\\/fr\\\/produit\\\/mica-spool-et-mica-tape\\\/#primaryimage\"},\"image\":{\"@id\":\"https:\\\/\\\/www.azaros.eu\\\/fr\\\/produit\\\/mica-spool-et-mica-tape\\\/#primaryimage\"},\"thumbnailUrl\":\"https:\\\/\\\/www.azaros.eu\\\/wp-content\\\/uploads\\\/2024\\\/06\\\/Mica-Tape-y-Mica-Spool.jpg\",\"datePublished\":\"2024-06-11T07:16:52+00:00\",\"dateModified\":\"2025-05-20T08:02:15+00:00\",\"breadcrumb\":{\"@id\":\"https:\\\/\\\/www.azaros.eu\\\/fr\\\/produit\\\/mica-spool-et-mica-tape\\\/#breadcrumb\"},\"inLanguage\":\"fr-FR\",\"potentialAction\":[{\"@type\":\"ReadAction\",\"target\":[\"https:\\\/\\\/www.azaros.eu\\\/fr\\\/produit\\\/mica-spool-et-mica-tape\\\/\"]}]},{\"@type\":\"ImageObject\",\"inLanguage\":\"fr-FR\",\"@id\":\"https:\\\/\\\/www.azaros.eu\\\/fr\\\/produit\\\/mica-spool-et-mica-tape\\\/#primaryimage\",\"url\":\"https:\\\/\\\/www.azaros.eu\\\/wp-content\\\/uploads\\\/2024\\\/06\\\/Mica-Tape-y-Mica-Spool.jpg\",\"contentUrl\":\"https:\\\/\\\/www.azaros.eu\\\/wp-content\\\/uploads\\\/2024\\\/06\\\/Mica-Tape-y-Mica-Spool.jpg\",\"width\":1200,\"height\":700},{\"@type\":\"BreadcrumbList\",\"@id\":\"https:\\\/\\\/www.azaros.eu\\\/fr\\\/produit\\\/mica-spool-et-mica-tape\\\/#breadcrumb\",\"itemListElement\":[{\"@type\":\"ListItem\",\"position\":1,\"name\":\"Azaros\",\"item\":\"https:\\\/\\\/www.azaros.eu\\\/fr\\\/azaros-home\\\/\"},{\"@type\":\"ListItem\",\"position\":2,\"name\":\"Produits\",\"item\":\"https:\\\/\\\/www.azaros.eu\\\/fr\\\/produits\\\/\"},{\"@type\":\"ListItem\",\"position\":3,\"name\":\"Isolant \u00e9lectrique\",\"item\":\"https:\\\/\\\/www.azaros.eu\\\/fr\\\/produits\\\/isolant-electrique\\\/\"},{\"@type\":\"ListItem\",\"position\":4,\"name\":\"Mica\",\"item\":\"https:\\\/\\\/www.azaros.eu\\\/fr\\\/produits\\\/isolant-electrique\\\/mica\\\/\"},{\"@type\":\"ListItem\",\"position\":5,\"name\":\"Mica Spool et Mica Tape\"}]},{\"@type\":\"WebSite\",\"@id\":\"https:\\\/\\\/www.azaros.eu\\\/fr\\\/#website\",\"url\":\"https:\\\/\\\/www.azaros.eu\\\/fr\\\/\",\"name\":\"Azaros\",\"description\":\"Fabricamos, distribuimos y comercializamos una gran gama de suministros.\",\"potentialAction\":[{\"@type\":\"SearchAction\",\"target\":{\"@type\":\"EntryPoint\",\"urlTemplate\":\"https:\\\/\\\/www.azaros.eu\\\/fr\\\/?s={search_term_string}\"},\"query-input\":{\"@type\":\"PropertyValueSpecification\",\"valueRequired\":true,\"valueName\":\"search_term_string\"}}],\"inLanguage\":\"fr-FR\"}]}<\/script>\n<!-- \/ Yoast SEO plugin. -->","yoast_head_json":{"title":"Mica Spool et Mica Tape - Azaros","robots":{"index":"index","follow":"follow","max-snippet":"max-snippet:-1","max-image-preview":"max-image-preview:large","max-video-preview":"max-video-preview:-1"},"canonical":"https:\/\/www.azaros.eu\/fr\/produit\/mica-spool-et-mica-tape\/","og_locale":"fr_FR","og_type":"article","og_title":"Mica Spool et Mica Tape - Azaros","og_description":"Les bandes de mica sont un compos\u00e9 de papier de mica (qualit\u00e9 muscovite ou phlogopite) combin\u00e9 \u00e0 un tissu en fibre de verre ou un film polyester.Le mica est un min\u00e9ral appartenant \u00e0 un vaste groupe de silicates d\u2019alumine, de fer, de calcium, de magn\u00e9sium et d\u2019\u00e9l\u00e9ments alcalins, caract\u00e9ris\u00e9 par sa facilit\u00e9 d\u2019exfoliation en feuilles fines, flexibles, \u00e9lastiques et tr\u00e8s brillantes. Ses propri\u00e9t\u00e9s de flexibilit\u00e9, d\u2019\u00e9lasticit\u00e9 et de r\u00e9sistance thermique rendent le mica tr\u00e8s attractif dans l\u2019industrie, en raison de ses excellentes performances en tant qu\u2019isolant thermique et \u00e9lectrique.","og_url":"https:\/\/www.azaros.eu\/fr\/produit\/mica-spool-et-mica-tape\/","og_site_name":"Azaros","article_modified_time":"2025-05-20T08:02:15+00:00","og_image":[{"width":1200,"height":700,"url":"https:\/\/www.azaros.eu\/wp-content\/uploads\/2024\/06\/Mica-Tape-y-Mica-Spool.jpg","type":"image\/jpeg"}],"twitter_card":"summary_large_image","twitter_misc":{"Dur\u00e9e de lecture estim\u00e9e":"1 minute"},"schema":{"@context":"https:\/\/schema.org","@graph":[{"@type":"WebPage","@id":"https:\/\/www.azaros.eu\/fr\/produit\/mica-spool-et-mica-tape\/","url":"https:\/\/www.azaros.eu\/fr\/produit\/mica-spool-et-mica-tape\/","name":"Mica Spool et Mica Tape - Azaros","isPartOf":{"@id":"https:\/\/www.azaros.eu\/fr\/#website"},"primaryImageOfPage":{"@id":"https:\/\/www.azaros.eu\/fr\/produit\/mica-spool-et-mica-tape\/#primaryimage"},"image":{"@id":"https:\/\/www.azaros.eu\/fr\/produit\/mica-spool-et-mica-tape\/#primaryimage"},"thumbnailUrl":"https:\/\/www.azaros.eu\/wp-content\/uploads\/2024\/06\/Mica-Tape-y-Mica-Spool.jpg","datePublished":"2024-06-11T07:16:52+00:00","dateModified":"2025-05-20T08:02:15+00:00","breadcrumb":{"@id":"https:\/\/www.azaros.eu\/fr\/produit\/mica-spool-et-mica-tape\/#breadcrumb"},"inLanguage":"fr-FR","potentialAction":[{"@type":"ReadAction","target":["https:\/\/www.azaros.eu\/fr\/produit\/mica-spool-et-mica-tape\/"]}]},{"@type":"ImageObject","inLanguage":"fr-FR","@id":"https:\/\/www.azaros.eu\/fr\/produit\/mica-spool-et-mica-tape\/#primaryimage","url":"https:\/\/www.azaros.eu\/wp-content\/uploads\/2024\/06\/Mica-Tape-y-Mica-Spool.jpg","contentUrl":"https:\/\/www.azaros.eu\/wp-content\/uploads\/2024\/06\/Mica-Tape-y-Mica-Spool.jpg","width":1200,"height":700},{"@type":"BreadcrumbList","@id":"https:\/\/www.azaros.eu\/fr\/produit\/mica-spool-et-mica-tape\/#breadcrumb","itemListElement":[{"@type":"ListItem","position":1,"name":"Azaros","item":"https:\/\/www.azaros.eu\/fr\/azaros-home\/"},{"@type":"ListItem","position":2,"name":"Produits","item":"https:\/\/www.azaros.eu\/fr\/produits\/"},{"@type":"ListItem","position":3,"name":"Isolant \u00e9lectrique","item":"https:\/\/www.azaros.eu\/fr\/produits\/isolant-electrique\/"},{"@type":"ListItem","position":4,"name":"Mica","item":"https:\/\/www.azaros.eu\/fr\/produits\/isolant-electrique\/mica\/"},{"@type":"ListItem","position":5,"name":"Mica Spool et Mica Tape"}]},{"@type":"WebSite","@id":"https:\/\/www.azaros.eu\/fr\/#website","url":"https:\/\/www.azaros.eu\/fr\/","name":"Azaros","description":"Fabricamos, distribuimos y comercializamos una gran gama de suministros.","potentialAction":[{"@type":"SearchAction","target":{"@type":"EntryPoint","urlTemplate":"https:\/\/www.azaros.eu\/fr\/?s={search_term_string}"},"query-input":{"@type":"PropertyValueSpecification","valueRequired":true,"valueName":"search_term_string"}}],"inLanguage":"fr-FR"}]}},"_links":{"self":[{"href":"https:\/\/www.azaros.eu\/fr\/wp-json\/wp\/v2\/product\/11162","targetHints":{"allow":["GET"]}}],"collection":[{"href":"https:\/\/www.azaros.eu\/fr\/wp-json\/wp\/v2\/product"}],"about":[{"href":"https:\/\/www.azaros.eu\/fr\/wp-json\/wp\/v2\/types\/product"}],"wp:featuredmedia":[{"embeddable":true,"href":"https:\/\/www.azaros.eu\/fr\/wp-json\/wp\/v2\/media\/7249"}],"wp:attachment":[{"href":"https:\/\/www.azaros.eu\/fr\/wp-json\/wp\/v2\/media?parent=11162"}],"wp:term":[{"taxonomy":"product_brand","embeddable":true,"href":"https:\/\/www.azaros.eu\/fr\/wp-json\/wp\/v2\/product_brand?post=11162"},{"taxonomy":"product_cat","embeddable":true,"href":"https:\/\/www.azaros.eu\/fr\/wp-json\/wp\/v2\/product_cat?post=11162"},{"taxonomy":"product_tag","embeddable":true,"href":"https:\/\/www.azaros.eu\/fr\/wp-json\/wp\/v2\/product_tag?post=11162"}],"curies":[{"name":"wp","href":"https:\/\/api.w.org\/{rel}","templated":true}]}}