{"id":11164,"date":"2024-06-11T08:18:35","date_gmt":"2024-06-11T07:18:35","guid":{"rendered":"https:\/\/www.azaros.eu\/producto\/pieces-mica-3d-moscovita-en-3d\/"},"modified":"2025-06-03T11:45:18","modified_gmt":"2025-06-03T10:45:18","slug":"pieces-mica-3d-moscovita-en-3d","status":"publish","type":"product","link":"https:\/\/www.azaros.eu\/fr\/produit\/pieces-mica-3d-moscovita-en-3d\/","title":{"rendered":"Pi\u00e8ces mica 3D"},"content":{"rendered":"<div class=\"row\"  id=\"row-1222200278\">\n\n\t<div id=\"col-1520735580\" class=\"col medium-6 small-12 large-6\"  >\n\t\t\t\t<div class=\"col-inner\"  >\n\t\t\t\n\t\t\t\n<div class=\"container section-title-container\" ><h2 class=\"section-title section-title-normal\"><b aria-hidden=\"true\"><\/b><span class=\"section-title-main\" style=\"font-size:80%;\">Caract\u00e9ristiques<\/span><b aria-hidden=\"true\"><\/b><\/h2><\/div>\n<ul>\n<li><span data-contrast=\"none\">Haute r\u00e9sistance \u00e0 la temp\u00e9rature<\/span><span data-ccp-props=\"{}\"> <\/span><\/li>\n<li><span data-contrast=\"none\">Excellentes propri\u00e9t\u00e9s di\u00e9lectriques<\/span><span data-ccp-props=\"{}\"> <\/span><\/li>\n<li><span data-contrast=\"none\">Bonne r\u00e9sistance m\u00e9canique<\/span><span data-ccp-props=\"{}\"> <\/span><\/li>\n<\/ul>\n\t\t<\/div>\n\t\t\t\t\t<\/div>\n\n\t\n\n\t<div id=\"col-407423235\" class=\"col medium-6 small-12 large-6\"  >\n\t\t\t\t<div class=\"col-inner\"  >\n\t\t\t\n\t\t\t\n<div class=\"container section-title-container\" ><h2 class=\"section-title section-title-normal\"><b aria-hidden=\"true\"><\/b><span class=\"section-title-main\" style=\"font-size:80%;\">Applications typiques<\/span><b aria-hidden=\"true\"><\/b><\/h2><\/div>\n<ul>\n<li><span data-contrast=\"none\">Supports de r\u00e9sistances dans les appareils \u00e9lectrom\u00e9nagers<\/span><span data-ccp-props=\"{}\"> <\/span><\/li>\n<li><span data-contrast=\"none\">Isolation dans les transformateurs et disjoncteurs<\/span><span data-ccp-props=\"{}\"> <\/span><\/li>\n<li><span data-contrast=\"none\">Protection et s\u00e9paration de composants<\/span><span data-ccp-props=\"{}\"> <\/span><\/li>\n<\/ul>\n\t\t<\/div>\n\t\t\t\t\t<\/div>\n\n\t\n<\/div>\n\n","protected":false},"excerpt":{"rendered":"<p>Les micas phlogopite et muscovite sont des types de mica reconnu pour leur grande r\u00e9sistance thermique, ce qui en font des mat\u00e9riaux id\u00e9aux pour les applications devant supporter des temp\u00e9ratures extr\u00eames. Ils sont constitu\u00e9s de papier de mica agglom\u00e9r\u00e9 avec une r\u00e9sine poss\u00e9dant d\u2019excellentes propri\u00e9t\u00e9s thermiques et \u00e9lectriques, puis trait\u00e9s sous pression et chaleur pour garantir leur durabilit\u00e9 dans des environnements industriels exigeants. <\/p>\n","protected":false},"featured_media":7273,"template":"","meta":[],"product_brand":[],"product_cat":[56],"product_tag":[],"class_list":{"0":"post-11164","1":"product","2":"type-product","3":"status-publish","4":"has-post-thumbnail","6":"product_cat-mica","8":"first","9":"instock","10":"shipping-taxable","11":"product-type-simple"},"yoast_head":"<!-- This site is optimized with the Yoast SEO plugin v27.6 - https:\/\/yoast.com\/product\/yoast-seo-wordpress\/ -->\n<title>Pi\u00e8ces mica 3D - Azaros<\/title>\n<meta name=\"robots\" content=\"index, follow, max-snippet:-1, max-image-preview:large, max-video-preview:-1\" \/>\n<link rel=\"canonical\" href=\"https:\/\/www.azaros.eu\/fr\/produit\/pieces-mica-3d-moscovita-en-3d\/\" \/>\n<meta property=\"og:locale\" content=\"fr_FR\" \/>\n<meta property=\"og:type\" content=\"article\" \/>\n<meta property=\"og:title\" content=\"Pi\u00e8ces mica 3D - Azaros\" \/>\n<meta property=\"og:description\" content=\"Les micas phlogopite et muscovite sont des types de mica reconnu pour leur grande r\u00e9sistance thermique, ce qui en font des mat\u00e9riaux id\u00e9aux pour les applications devant supporter des temp\u00e9ratures extr\u00eames. Ils sont constitu\u00e9s de papier de mica agglom\u00e9r\u00e9 avec une r\u00e9sine poss\u00e9dant d\u2019excellentes propri\u00e9t\u00e9s thermiques et \u00e9lectriques, puis trait\u00e9s sous pression et chaleur pour garantir leur durabilit\u00e9 dans des environnements industriels exigeants.\" \/>\n<meta property=\"og:url\" content=\"https:\/\/www.azaros.eu\/fr\/produit\/pieces-mica-3d-moscovita-en-3d\/\" \/>\n<meta property=\"og:site_name\" content=\"Azaros\" \/>\n<meta property=\"article:modified_time\" content=\"2025-06-03T10:45:18+00:00\" \/>\n<meta property=\"og:image\" content=\"https:\/\/www.azaros.eu\/wp-content\/uploads\/2024\/06\/Mica-Relieve.jpg\" \/>\n\t<meta property=\"og:image:width\" content=\"1200\" \/>\n\t<meta property=\"og:image:height\" content=\"700\" \/>\n\t<meta property=\"og:image:type\" content=\"image\/jpeg\" \/>\n<meta name=\"twitter:card\" content=\"summary_large_image\" \/>\n<meta name=\"twitter:label1\" content=\"Dur\u00e9e de lecture estim\u00e9e\" \/>\n\t<meta name=\"twitter:data1\" content=\"1 minute\" \/>\n<script type=\"application\/ld+json\" class=\"yoast-schema-graph\">{\"@context\":\"https:\\\/\\\/schema.org\",\"@graph\":[{\"@type\":\"WebPage\",\"@id\":\"https:\\\/\\\/www.azaros.eu\\\/fr\\\/produit\\\/pieces-mica-3d-moscovita-en-3d\\\/\",\"url\":\"https:\\\/\\\/www.azaros.eu\\\/fr\\\/produit\\\/pieces-mica-3d-moscovita-en-3d\\\/\",\"name\":\"Pi\u00e8ces mica 3D - Azaros\",\"isPartOf\":{\"@id\":\"https:\\\/\\\/www.azaros.eu\\\/fr\\\/#website\"},\"primaryImageOfPage\":{\"@id\":\"https:\\\/\\\/www.azaros.eu\\\/fr\\\/produit\\\/pieces-mica-3d-moscovita-en-3d\\\/#primaryimage\"},\"image\":{\"@id\":\"https:\\\/\\\/www.azaros.eu\\\/fr\\\/produit\\\/pieces-mica-3d-moscovita-en-3d\\\/#primaryimage\"},\"thumbnailUrl\":\"https:\\\/\\\/www.azaros.eu\\\/wp-content\\\/uploads\\\/2024\\\/06\\\/Mica-Relieve.jpg\",\"datePublished\":\"2024-06-11T07:18:35+00:00\",\"dateModified\":\"2025-06-03T10:45:18+00:00\",\"breadcrumb\":{\"@id\":\"https:\\\/\\\/www.azaros.eu\\\/fr\\\/produit\\\/pieces-mica-3d-moscovita-en-3d\\\/#breadcrumb\"},\"inLanguage\":\"fr-FR\",\"potentialAction\":[{\"@type\":\"ReadAction\",\"target\":[\"https:\\\/\\\/www.azaros.eu\\\/fr\\\/produit\\\/pieces-mica-3d-moscovita-en-3d\\\/\"]}]},{\"@type\":\"ImageObject\",\"inLanguage\":\"fr-FR\",\"@id\":\"https:\\\/\\\/www.azaros.eu\\\/fr\\\/produit\\\/pieces-mica-3d-moscovita-en-3d\\\/#primaryimage\",\"url\":\"https:\\\/\\\/www.azaros.eu\\\/wp-content\\\/uploads\\\/2024\\\/06\\\/Mica-Relieve.jpg\",\"contentUrl\":\"https:\\\/\\\/www.azaros.eu\\\/wp-content\\\/uploads\\\/2024\\\/06\\\/Mica-Relieve.jpg\",\"width\":1200,\"height\":700},{\"@type\":\"BreadcrumbList\",\"@id\":\"https:\\\/\\\/www.azaros.eu\\\/fr\\\/produit\\\/pieces-mica-3d-moscovita-en-3d\\\/#breadcrumb\",\"itemListElement\":[{\"@type\":\"ListItem\",\"position\":1,\"name\":\"Azaros\",\"item\":\"https:\\\/\\\/www.azaros.eu\\\/fr\\\/azaros-home\\\/\"},{\"@type\":\"ListItem\",\"position\":2,\"name\":\"Produits\",\"item\":\"https:\\\/\\\/www.azaros.eu\\\/fr\\\/produits\\\/\"},{\"@type\":\"ListItem\",\"position\":3,\"name\":\"Isolant \u00e9lectrique\",\"item\":\"https:\\\/\\\/www.azaros.eu\\\/fr\\\/produits\\\/isolant-electrique\\\/\"},{\"@type\":\"ListItem\",\"position\":4,\"name\":\"Mica\",\"item\":\"https:\\\/\\\/www.azaros.eu\\\/fr\\\/produits\\\/isolant-electrique\\\/mica\\\/\"},{\"@type\":\"ListItem\",\"position\":5,\"name\":\"Pi\u00e8ces mica 3D\"}]},{\"@type\":\"WebSite\",\"@id\":\"https:\\\/\\\/www.azaros.eu\\\/fr\\\/#website\",\"url\":\"https:\\\/\\\/www.azaros.eu\\\/fr\\\/\",\"name\":\"Azaros\",\"description\":\"Fabricamos, distribuimos y comercializamos una gran gama de suministros.\",\"potentialAction\":[{\"@type\":\"SearchAction\",\"target\":{\"@type\":\"EntryPoint\",\"urlTemplate\":\"https:\\\/\\\/www.azaros.eu\\\/fr\\\/?s={search_term_string}\"},\"query-input\":{\"@type\":\"PropertyValueSpecification\",\"valueRequired\":true,\"valueName\":\"search_term_string\"}}],\"inLanguage\":\"fr-FR\"}]}<\/script>\n<!-- \/ Yoast SEO plugin. -->","yoast_head_json":{"title":"Pi\u00e8ces mica 3D - Azaros","robots":{"index":"index","follow":"follow","max-snippet":"max-snippet:-1","max-image-preview":"max-image-preview:large","max-video-preview":"max-video-preview:-1"},"canonical":"https:\/\/www.azaros.eu\/fr\/produit\/pieces-mica-3d-moscovita-en-3d\/","og_locale":"fr_FR","og_type":"article","og_title":"Pi\u00e8ces mica 3D - Azaros","og_description":"Les micas phlogopite et muscovite sont des types de mica reconnu pour leur grande r\u00e9sistance thermique, ce qui en font des mat\u00e9riaux id\u00e9aux pour les applications devant supporter des temp\u00e9ratures extr\u00eames. Ils sont constitu\u00e9s de papier de mica agglom\u00e9r\u00e9 avec une r\u00e9sine poss\u00e9dant d\u2019excellentes propri\u00e9t\u00e9s thermiques et \u00e9lectriques, puis trait\u00e9s sous pression et chaleur pour garantir leur durabilit\u00e9 dans des environnements industriels exigeants.","og_url":"https:\/\/www.azaros.eu\/fr\/produit\/pieces-mica-3d-moscovita-en-3d\/","og_site_name":"Azaros","article_modified_time":"2025-06-03T10:45:18+00:00","og_image":[{"width":1200,"height":700,"url":"https:\/\/www.azaros.eu\/wp-content\/uploads\/2024\/06\/Mica-Relieve.jpg","type":"image\/jpeg"}],"twitter_card":"summary_large_image","twitter_misc":{"Dur\u00e9e de lecture estim\u00e9e":"1 minute"},"schema":{"@context":"https:\/\/schema.org","@graph":[{"@type":"WebPage","@id":"https:\/\/www.azaros.eu\/fr\/produit\/pieces-mica-3d-moscovita-en-3d\/","url":"https:\/\/www.azaros.eu\/fr\/produit\/pieces-mica-3d-moscovita-en-3d\/","name":"Pi\u00e8ces mica 3D - Azaros","isPartOf":{"@id":"https:\/\/www.azaros.eu\/fr\/#website"},"primaryImageOfPage":{"@id":"https:\/\/www.azaros.eu\/fr\/produit\/pieces-mica-3d-moscovita-en-3d\/#primaryimage"},"image":{"@id":"https:\/\/www.azaros.eu\/fr\/produit\/pieces-mica-3d-moscovita-en-3d\/#primaryimage"},"thumbnailUrl":"https:\/\/www.azaros.eu\/wp-content\/uploads\/2024\/06\/Mica-Relieve.jpg","datePublished":"2024-06-11T07:18:35+00:00","dateModified":"2025-06-03T10:45:18+00:00","breadcrumb":{"@id":"https:\/\/www.azaros.eu\/fr\/produit\/pieces-mica-3d-moscovita-en-3d\/#breadcrumb"},"inLanguage":"fr-FR","potentialAction":[{"@type":"ReadAction","target":["https:\/\/www.azaros.eu\/fr\/produit\/pieces-mica-3d-moscovita-en-3d\/"]}]},{"@type":"ImageObject","inLanguage":"fr-FR","@id":"https:\/\/www.azaros.eu\/fr\/produit\/pieces-mica-3d-moscovita-en-3d\/#primaryimage","url":"https:\/\/www.azaros.eu\/wp-content\/uploads\/2024\/06\/Mica-Relieve.jpg","contentUrl":"https:\/\/www.azaros.eu\/wp-content\/uploads\/2024\/06\/Mica-Relieve.jpg","width":1200,"height":700},{"@type":"BreadcrumbList","@id":"https:\/\/www.azaros.eu\/fr\/produit\/pieces-mica-3d-moscovita-en-3d\/#breadcrumb","itemListElement":[{"@type":"ListItem","position":1,"name":"Azaros","item":"https:\/\/www.azaros.eu\/fr\/azaros-home\/"},{"@type":"ListItem","position":2,"name":"Produits","item":"https:\/\/www.azaros.eu\/fr\/produits\/"},{"@type":"ListItem","position":3,"name":"Isolant \u00e9lectrique","item":"https:\/\/www.azaros.eu\/fr\/produits\/isolant-electrique\/"},{"@type":"ListItem","position":4,"name":"Mica","item":"https:\/\/www.azaros.eu\/fr\/produits\/isolant-electrique\/mica\/"},{"@type":"ListItem","position":5,"name":"Pi\u00e8ces mica 3D"}]},{"@type":"WebSite","@id":"https:\/\/www.azaros.eu\/fr\/#website","url":"https:\/\/www.azaros.eu\/fr\/","name":"Azaros","description":"Fabricamos, distribuimos y comercializamos una gran gama de suministros.","potentialAction":[{"@type":"SearchAction","target":{"@type":"EntryPoint","urlTemplate":"https:\/\/www.azaros.eu\/fr\/?s={search_term_string}"},"query-input":{"@type":"PropertyValueSpecification","valueRequired":true,"valueName":"search_term_string"}}],"inLanguage":"fr-FR"}]}},"_links":{"self":[{"href":"https:\/\/www.azaros.eu\/fr\/wp-json\/wp\/v2\/product\/11164","targetHints":{"allow":["GET"]}}],"collection":[{"href":"https:\/\/www.azaros.eu\/fr\/wp-json\/wp\/v2\/product"}],"about":[{"href":"https:\/\/www.azaros.eu\/fr\/wp-json\/wp\/v2\/types\/product"}],"wp:featuredmedia":[{"embeddable":true,"href":"https:\/\/www.azaros.eu\/fr\/wp-json\/wp\/v2\/media\/7273"}],"wp:attachment":[{"href":"https:\/\/www.azaros.eu\/fr\/wp-json\/wp\/v2\/media?parent=11164"}],"wp:term":[{"taxonomy":"product_brand","embeddable":true,"href":"https:\/\/www.azaros.eu\/fr\/wp-json\/wp\/v2\/product_brand?post=11164"},{"taxonomy":"product_cat","embeddable":true,"href":"https:\/\/www.azaros.eu\/fr\/wp-json\/wp\/v2\/product_cat?post=11164"},{"taxonomy":"product_tag","embeddable":true,"href":"https:\/\/www.azaros.eu\/fr\/wp-json\/wp\/v2\/product_tag?post=11164"}],"curies":[{"name":"wp","href":"https:\/\/api.w.org\/{rel}","templated":true}]}}