{"id":11369,"date":"2024-09-26T08:37:30","date_gmt":"2024-09-26T07:37:30","guid":{"rendered":"https:\/\/www.azaros.eu\/producto\/406\/"},"modified":"2025-10-03T16:37:36","modified_gmt":"2025-10-03T15:37:36","slug":"406","status":"publish","type":"product","link":"https:\/\/www.azaros.eu\/fr\/produit\/406\/","title":{"rendered":"406"},"content":{"rendered":"<div class=\"row\"  id=\"row-968626725\">\n\n\t<div id=\"col-895961819\" class=\"col medium-6 small-12 large-6\"  >\n\t\t\t\t<div class=\"col-inner\"  >\n\t\t\t\n\t\t\t\n<div class=\"container section-title-container\" ><h2 class=\"section-title section-title-normal\"><b aria-hidden=\"true\"><\/b><span class=\"section-title-main\" style=\"font-size:80%;\">Caract\u00e9ristiques<\/span><b aria-hidden=\"true\"><\/b><\/h2><\/div>\n<p>Acier avec bonne t\u00e9nacit\u00e9 \u00e0 chaud, duret\u00e9 \u00e0 chaud et haute r\u00e9sistance thermique.<br \/>\nPerformance optimale pour les applications MeltFilter et Laser Filter.<\/p>\n<p><strong>Duret\u00e9:<\/strong> Bonne<br \/>\n<strong>Ductilit\u00e9: <\/strong>Bonne<br \/>\n<strong>R\u00e9sistance \u00e0 l\u2019abrasion: <\/strong>Haute<br \/><strong>Duret\u00e9 \u00e0 chaud:<\/strong> Haute<\/p>\n\t\t<\/div>\n\t\t\t\t\t<\/div>\n\n\t\n\n\t<div id=\"col-835408806\" class=\"col medium-6 small-12 large-6\"  >\n\t\t\t\t<div class=\"col-inner\"  >\n\t\t\t\n\t\t\t\n<div class=\"container section-title-container\" ><h2 class=\"section-title section-title-normal\"><b aria-hidden=\"true\"><\/b><span class=\"section-title-main\" style=\"font-size:80%;\">Applications typiques<\/span><b aria-hidden=\"true\"><\/b><\/h2><\/div>\n<p>Utilis\u00e9 lorsque le plastique fondu contamin\u00e9 est pouss\u00e9 \u00e0 travers le disque filtrant perfor\u00e9 au laser.<br \/>\nUn racleur \u00e9limine continuellement les contaminants de la surface du disque.<\/p>\n\t\t<\/div>\n\t\t\t\t\t<\/div>\n\n\t\n<\/div>\n","protected":false},"excerpt":{"rendered":"<p>Les filtres Laser 406 r\u00e9sistent \u00e0 l&rsquo;abrasion intense caus\u00e9e par les contaminants plastiques recycl\u00e9s tels que le sable, le verre et le m\u00e9tal. Ils supportent des temp\u00e9ratures extr\u00eamement \u00e9lev\u00e9es pendant les processus de production et de nettoyage. Les orifices de filtration sont perc\u00e9s au laser dans un acier sp\u00e9cial et con\u00e7us pour un d\u00e9bit optimal \u00e0 travers des trous coniques, r\u00e9duisant ainsi la contre-pression et assurant une longue dur\u00e9e de vie.  <\/p>\n","protected":false},"featured_media":7591,"template":"","meta":[],"product_brand":[],"product_cat":[256],"product_tag":[],"class_list":{"0":"post-11369","1":"product","2":"type-product","3":"status-publish","4":"has-post-thumbnail","6":"product_cat-filtres-laser","8":"first","9":"instock","10":"shipping-taxable","11":"product-type-simple"},"yoast_head":"<!-- This site is optimized with the Yoast SEO plugin v27.4 - https:\/\/yoast.com\/product\/yoast-seo-wordpress\/ -->\n<title>406 - Azaros<\/title>\n<meta name=\"robots\" content=\"index, follow, max-snippet:-1, max-image-preview:large, max-video-preview:-1\" \/>\n<link rel=\"canonical\" href=\"https:\/\/www.azaros.eu\/fr\/produit\/406\/\" \/>\n<meta property=\"og:locale\" content=\"fr_FR\" \/>\n<meta property=\"og:type\" content=\"article\" \/>\n<meta property=\"og:title\" content=\"406 - Azaros\" \/>\n<meta property=\"og:description\" content=\"Les filtres Laser 406 r\u00e9sistent \u00e0 l&#039;abrasion intense caus\u00e9e par les contaminants plastiques recycl\u00e9s tels que le sable, le verre et le m\u00e9tal. Ils supportent des temp\u00e9ratures extr\u00eamement \u00e9lev\u00e9es pendant les processus de production et de nettoyage. Les orifices de filtration sont perc\u00e9s au laser dans un acier sp\u00e9cial et con\u00e7us pour un d\u00e9bit optimal \u00e0 travers des trous coniques, r\u00e9duisant ainsi la contre-pression et assurant une longue dur\u00e9e de vie.\" \/>\n<meta property=\"og:url\" content=\"https:\/\/www.azaros.eu\/fr\/produit\/406\/\" \/>\n<meta property=\"og:site_name\" content=\"Azaros\" \/>\n<meta property=\"article:modified_time\" content=\"2025-10-03T15:37:36+00:00\" \/>\n<meta property=\"og:image\" content=\"https:\/\/www.azaros.eu\/wp-content\/uploads\/2024\/06\/Azaros-ActionLaser2.jpg\" \/>\n\t<meta property=\"og:image:width\" content=\"1200\" \/>\n\t<meta property=\"og:image:height\" content=\"700\" \/>\n\t<meta property=\"og:image:type\" content=\"image\/jpeg\" \/>\n<meta name=\"twitter:card\" content=\"summary_large_image\" \/>\n<script type=\"application\/ld+json\" class=\"yoast-schema-graph\">{\"@context\":\"https:\\\/\\\/schema.org\",\"@graph\":[{\"@type\":\"WebPage\",\"@id\":\"https:\\\/\\\/www.azaros.eu\\\/fr\\\/produit\\\/406\\\/\",\"url\":\"https:\\\/\\\/www.azaros.eu\\\/fr\\\/produit\\\/406\\\/\",\"name\":\"406 - Azaros\",\"isPartOf\":{\"@id\":\"https:\\\/\\\/www.azaros.eu\\\/fr\\\/#website\"},\"primaryImageOfPage\":{\"@id\":\"https:\\\/\\\/www.azaros.eu\\\/fr\\\/produit\\\/406\\\/#primaryimage\"},\"image\":{\"@id\":\"https:\\\/\\\/www.azaros.eu\\\/fr\\\/produit\\\/406\\\/#primaryimage\"},\"thumbnailUrl\":\"https:\\\/\\\/www.azaros.eu\\\/wp-content\\\/uploads\\\/2024\\\/06\\\/Azaros-ActionLaser2.jpg\",\"datePublished\":\"2024-09-26T07:37:30+00:00\",\"dateModified\":\"2025-10-03T15:37:36+00:00\",\"breadcrumb\":{\"@id\":\"https:\\\/\\\/www.azaros.eu\\\/fr\\\/produit\\\/406\\\/#breadcrumb\"},\"inLanguage\":\"fr-FR\",\"potentialAction\":[{\"@type\":\"ReadAction\",\"target\":[\"https:\\\/\\\/www.azaros.eu\\\/fr\\\/produit\\\/406\\\/\"]}]},{\"@type\":\"ImageObject\",\"inLanguage\":\"fr-FR\",\"@id\":\"https:\\\/\\\/www.azaros.eu\\\/fr\\\/produit\\\/406\\\/#primaryimage\",\"url\":\"https:\\\/\\\/www.azaros.eu\\\/wp-content\\\/uploads\\\/2024\\\/06\\\/Azaros-ActionLaser2.jpg\",\"contentUrl\":\"https:\\\/\\\/www.azaros.eu\\\/wp-content\\\/uploads\\\/2024\\\/06\\\/Azaros-ActionLaser2.jpg\",\"width\":1200,\"height\":700},{\"@type\":\"BreadcrumbList\",\"@id\":\"https:\\\/\\\/www.azaros.eu\\\/fr\\\/produit\\\/406\\\/#breadcrumb\",\"itemListElement\":[{\"@type\":\"ListItem\",\"position\":1,\"name\":\"Azaros\",\"item\":\"https:\\\/\\\/www.azaros.eu\\\/fr\\\/azaros-home\\\/\"},{\"@type\":\"ListItem\",\"position\":2,\"name\":\"Produits\",\"item\":\"https:\\\/\\\/www.azaros.eu\\\/fr\\\/produits\\\/\"},{\"@type\":\"ListItem\",\"position\":3,\"name\":\"Recyclage du plastique\",\"item\":\"https:\\\/\\\/www.azaros.eu\\\/fr\\\/produits\\\/recyclage-du-plastique\\\/\"},{\"@type\":\"ListItem\",\"position\":4,\"name\":\"Filtres laser pour lignes Erema\",\"item\":\"https:\\\/\\\/www.azaros.eu\\\/fr\\\/produits\\\/recyclage-du-plastique\\\/filtres-laser\\\/\"},{\"@type\":\"ListItem\",\"position\":5,\"name\":\"406\"}]},{\"@type\":\"WebSite\",\"@id\":\"https:\\\/\\\/www.azaros.eu\\\/fr\\\/#website\",\"url\":\"https:\\\/\\\/www.azaros.eu\\\/fr\\\/\",\"name\":\"Azaros\",\"description\":\"Fabricamos, distribuimos y comercializamos una gran gama de suministros.\",\"potentialAction\":[{\"@type\":\"SearchAction\",\"target\":{\"@type\":\"EntryPoint\",\"urlTemplate\":\"https:\\\/\\\/www.azaros.eu\\\/fr\\\/?s={search_term_string}\"},\"query-input\":{\"@type\":\"PropertyValueSpecification\",\"valueRequired\":true,\"valueName\":\"search_term_string\"}}],\"inLanguage\":\"fr-FR\"}]}<\/script>\n<!-- \/ Yoast SEO plugin. -->","yoast_head_json":{"title":"406 - Azaros","robots":{"index":"index","follow":"follow","max-snippet":"max-snippet:-1","max-image-preview":"max-image-preview:large","max-video-preview":"max-video-preview:-1"},"canonical":"https:\/\/www.azaros.eu\/fr\/produit\/406\/","og_locale":"fr_FR","og_type":"article","og_title":"406 - Azaros","og_description":"Les filtres Laser 406 r\u00e9sistent \u00e0 l'abrasion intense caus\u00e9e par les contaminants plastiques recycl\u00e9s tels que le sable, le verre et le m\u00e9tal. Ils supportent des temp\u00e9ratures extr\u00eamement \u00e9lev\u00e9es pendant les processus de production et de nettoyage. Les orifices de filtration sont perc\u00e9s au laser dans un acier sp\u00e9cial et con\u00e7us pour un d\u00e9bit optimal \u00e0 travers des trous coniques, r\u00e9duisant ainsi la contre-pression et assurant une longue dur\u00e9e de vie.","og_url":"https:\/\/www.azaros.eu\/fr\/produit\/406\/","og_site_name":"Azaros","article_modified_time":"2025-10-03T15:37:36+00:00","og_image":[{"width":1200,"height":700,"url":"https:\/\/www.azaros.eu\/wp-content\/uploads\/2024\/06\/Azaros-ActionLaser2.jpg","type":"image\/jpeg"}],"twitter_card":"summary_large_image","schema":{"@context":"https:\/\/schema.org","@graph":[{"@type":"WebPage","@id":"https:\/\/www.azaros.eu\/fr\/produit\/406\/","url":"https:\/\/www.azaros.eu\/fr\/produit\/406\/","name":"406 - Azaros","isPartOf":{"@id":"https:\/\/www.azaros.eu\/fr\/#website"},"primaryImageOfPage":{"@id":"https:\/\/www.azaros.eu\/fr\/produit\/406\/#primaryimage"},"image":{"@id":"https:\/\/www.azaros.eu\/fr\/produit\/406\/#primaryimage"},"thumbnailUrl":"https:\/\/www.azaros.eu\/wp-content\/uploads\/2024\/06\/Azaros-ActionLaser2.jpg","datePublished":"2024-09-26T07:37:30+00:00","dateModified":"2025-10-03T15:37:36+00:00","breadcrumb":{"@id":"https:\/\/www.azaros.eu\/fr\/produit\/406\/#breadcrumb"},"inLanguage":"fr-FR","potentialAction":[{"@type":"ReadAction","target":["https:\/\/www.azaros.eu\/fr\/produit\/406\/"]}]},{"@type":"ImageObject","inLanguage":"fr-FR","@id":"https:\/\/www.azaros.eu\/fr\/produit\/406\/#primaryimage","url":"https:\/\/www.azaros.eu\/wp-content\/uploads\/2024\/06\/Azaros-ActionLaser2.jpg","contentUrl":"https:\/\/www.azaros.eu\/wp-content\/uploads\/2024\/06\/Azaros-ActionLaser2.jpg","width":1200,"height":700},{"@type":"BreadcrumbList","@id":"https:\/\/www.azaros.eu\/fr\/produit\/406\/#breadcrumb","itemListElement":[{"@type":"ListItem","position":1,"name":"Azaros","item":"https:\/\/www.azaros.eu\/fr\/azaros-home\/"},{"@type":"ListItem","position":2,"name":"Produits","item":"https:\/\/www.azaros.eu\/fr\/produits\/"},{"@type":"ListItem","position":3,"name":"Recyclage du plastique","item":"https:\/\/www.azaros.eu\/fr\/produits\/recyclage-du-plastique\/"},{"@type":"ListItem","position":4,"name":"Filtres laser pour lignes Erema","item":"https:\/\/www.azaros.eu\/fr\/produits\/recyclage-du-plastique\/filtres-laser\/"},{"@type":"ListItem","position":5,"name":"406"}]},{"@type":"WebSite","@id":"https:\/\/www.azaros.eu\/fr\/#website","url":"https:\/\/www.azaros.eu\/fr\/","name":"Azaros","description":"Fabricamos, distribuimos y comercializamos una gran gama de suministros.","potentialAction":[{"@type":"SearchAction","target":{"@type":"EntryPoint","urlTemplate":"https:\/\/www.azaros.eu\/fr\/?s={search_term_string}"},"query-input":{"@type":"PropertyValueSpecification","valueRequired":true,"valueName":"search_term_string"}}],"inLanguage":"fr-FR"}]}},"_links":{"self":[{"href":"https:\/\/www.azaros.eu\/fr\/wp-json\/wp\/v2\/product\/11369","targetHints":{"allow":["GET"]}}],"collection":[{"href":"https:\/\/www.azaros.eu\/fr\/wp-json\/wp\/v2\/product"}],"about":[{"href":"https:\/\/www.azaros.eu\/fr\/wp-json\/wp\/v2\/types\/product"}],"wp:featuredmedia":[{"embeddable":true,"href":"https:\/\/www.azaros.eu\/fr\/wp-json\/wp\/v2\/media\/7591"}],"wp:attachment":[{"href":"https:\/\/www.azaros.eu\/fr\/wp-json\/wp\/v2\/media?parent=11369"}],"wp:term":[{"taxonomy":"product_brand","embeddable":true,"href":"https:\/\/www.azaros.eu\/fr\/wp-json\/wp\/v2\/product_brand?post=11369"},{"taxonomy":"product_cat","embeddable":true,"href":"https:\/\/www.azaros.eu\/fr\/wp-json\/wp\/v2\/product_cat?post=11369"},{"taxonomy":"product_tag","embeddable":true,"href":"https:\/\/www.azaros.eu\/fr\/wp-json\/wp\/v2\/product_tag?post=11369"}],"curies":[{"name":"wp","href":"https:\/\/api.w.org\/{rel}","templated":true}]}}