{"id":11370,"date":"2024-06-11T08:49:01","date_gmt":"2024-06-11T07:49:01","guid":{"rendered":"https:\/\/www.azaros.eu\/producto\/service-de-nettoyage-pour-les-filtres-laser\/"},"modified":"2025-10-03T11:57:55","modified_gmt":"2025-10-03T10:57:55","slug":"service-de-nettoyage-pour-les-filtres-laser","status":"publish","type":"product","link":"https:\/\/www.azaros.eu\/fr\/produit\/service-de-nettoyage-pour-les-filtres-laser\/","title":{"rendered":"Service de nettoyage pour les filtres laser"},"content":{"rendered":"","protected":false},"excerpt":{"rendered":"<p>Le nettoyage des filtres laser est essentiel pour garantir l\u2019efficacit\u00e9 et la qualit\u00e9 du recyclage plastique. Sa fr\u00e9quence d\u00e9pend du volume des mat\u00e9riaux trait\u00e9s et du type de plastique. Un entretien r\u00e9gulier optimise la performance du syst\u00e8me et prolonge la dur\u00e9e de vie des filtres.<\/p>\n","protected":false},"featured_media":7573,"template":"","meta":[],"product_brand":[],"product_cat":[256],"product_tag":[],"class_list":{"0":"post-11370","1":"product","2":"type-product","3":"status-publish","4":"has-post-thumbnail","6":"product_cat-filtres-laser","8":"first","9":"instock","10":"shipping-taxable","11":"product-type-simple"},"yoast_head":"<!-- This site is optimized with the Yoast SEO plugin v27.4 - https:\/\/yoast.com\/product\/yoast-seo-wordpress\/ -->\n<title>Service de nettoyage pour les filtres laser - Azaros<\/title>\n<meta name=\"robots\" content=\"index, follow, max-snippet:-1, max-image-preview:large, max-video-preview:-1\" \/>\n<link rel=\"canonical\" href=\"https:\/\/www.azaros.eu\/fr\/produit\/service-de-nettoyage-pour-les-filtres-laser\/\" \/>\n<meta property=\"og:locale\" content=\"fr_FR\" \/>\n<meta property=\"og:type\" content=\"article\" \/>\n<meta property=\"og:title\" content=\"Service de nettoyage pour les filtres laser - Azaros\" \/>\n<meta property=\"og:description\" content=\"Le nettoyage des filtres laser est essentiel pour garantir l\u2019efficacit\u00e9 et la qualit\u00e9 du recyclage plastique. Sa fr\u00e9quence d\u00e9pend du volume des mat\u00e9riaux trait\u00e9s et du type de plastique. Un entretien r\u00e9gulier optimise la performance du syst\u00e8me et prolonge la dur\u00e9e de vie des filtres.\" \/>\n<meta property=\"og:url\" content=\"https:\/\/www.azaros.eu\/fr\/produit\/service-de-nettoyage-pour-les-filtres-laser\/\" \/>\n<meta property=\"og:site_name\" content=\"Azaros\" \/>\n<meta property=\"article:modified_time\" content=\"2025-10-03T10:57:55+00:00\" \/>\n<meta property=\"og:image\" content=\"https:\/\/www.azaros.eu\/wp-content\/uploads\/2024\/06\/Azaros-Servicio-Limpieza.jpg\" \/>\n\t<meta property=\"og:image:width\" content=\"1200\" \/>\n\t<meta property=\"og:image:height\" content=\"700\" \/>\n\t<meta property=\"og:image:type\" content=\"image\/jpeg\" \/>\n<meta name=\"twitter:card\" content=\"summary_large_image\" \/>\n<script type=\"application\/ld+json\" class=\"yoast-schema-graph\">{\"@context\":\"https:\\\/\\\/schema.org\",\"@graph\":[{\"@type\":\"WebPage\",\"@id\":\"https:\\\/\\\/www.azaros.eu\\\/fr\\\/produit\\\/service-de-nettoyage-pour-les-filtres-laser\\\/\",\"url\":\"https:\\\/\\\/www.azaros.eu\\\/fr\\\/produit\\\/service-de-nettoyage-pour-les-filtres-laser\\\/\",\"name\":\"Service de nettoyage pour les filtres laser - Azaros\",\"isPartOf\":{\"@id\":\"https:\\\/\\\/www.azaros.eu\\\/fr\\\/#website\"},\"primaryImageOfPage\":{\"@id\":\"https:\\\/\\\/www.azaros.eu\\\/fr\\\/produit\\\/service-de-nettoyage-pour-les-filtres-laser\\\/#primaryimage\"},\"image\":{\"@id\":\"https:\\\/\\\/www.azaros.eu\\\/fr\\\/produit\\\/service-de-nettoyage-pour-les-filtres-laser\\\/#primaryimage\"},\"thumbnailUrl\":\"https:\\\/\\\/www.azaros.eu\\\/wp-content\\\/uploads\\\/2024\\\/06\\\/Azaros-Servicio-Limpieza.jpg\",\"datePublished\":\"2024-06-11T07:49:01+00:00\",\"dateModified\":\"2025-10-03T10:57:55+00:00\",\"breadcrumb\":{\"@id\":\"https:\\\/\\\/www.azaros.eu\\\/fr\\\/produit\\\/service-de-nettoyage-pour-les-filtres-laser\\\/#breadcrumb\"},\"inLanguage\":\"fr-FR\",\"potentialAction\":[{\"@type\":\"ReadAction\",\"target\":[\"https:\\\/\\\/www.azaros.eu\\\/fr\\\/produit\\\/service-de-nettoyage-pour-les-filtres-laser\\\/\"]}]},{\"@type\":\"ImageObject\",\"inLanguage\":\"fr-FR\",\"@id\":\"https:\\\/\\\/www.azaros.eu\\\/fr\\\/produit\\\/service-de-nettoyage-pour-les-filtres-laser\\\/#primaryimage\",\"url\":\"https:\\\/\\\/www.azaros.eu\\\/wp-content\\\/uploads\\\/2024\\\/06\\\/Azaros-Servicio-Limpieza.jpg\",\"contentUrl\":\"https:\\\/\\\/www.azaros.eu\\\/wp-content\\\/uploads\\\/2024\\\/06\\\/Azaros-Servicio-Limpieza.jpg\",\"width\":1200,\"height\":700},{\"@type\":\"BreadcrumbList\",\"@id\":\"https:\\\/\\\/www.azaros.eu\\\/fr\\\/produit\\\/service-de-nettoyage-pour-les-filtres-laser\\\/#breadcrumb\",\"itemListElement\":[{\"@type\":\"ListItem\",\"position\":1,\"name\":\"Azaros\",\"item\":\"https:\\\/\\\/www.azaros.eu\\\/fr\\\/azaros-home\\\/\"},{\"@type\":\"ListItem\",\"position\":2,\"name\":\"Produits\",\"item\":\"https:\\\/\\\/www.azaros.eu\\\/fr\\\/produits\\\/\"},{\"@type\":\"ListItem\",\"position\":3,\"name\":\"Recyclage du plastique\",\"item\":\"https:\\\/\\\/www.azaros.eu\\\/fr\\\/produits\\\/recyclage-du-plastique\\\/\"},{\"@type\":\"ListItem\",\"position\":4,\"name\":\"Filtres laser pour lignes Erema\",\"item\":\"https:\\\/\\\/www.azaros.eu\\\/fr\\\/produits\\\/recyclage-du-plastique\\\/filtres-laser\\\/\"},{\"@type\":\"ListItem\",\"position\":5,\"name\":\"Service de nettoyage pour les filtres laser\"}]},{\"@type\":\"WebSite\",\"@id\":\"https:\\\/\\\/www.azaros.eu\\\/fr\\\/#website\",\"url\":\"https:\\\/\\\/www.azaros.eu\\\/fr\\\/\",\"name\":\"Azaros\",\"description\":\"Fabricamos, distribuimos y comercializamos una gran gama de suministros.\",\"potentialAction\":[{\"@type\":\"SearchAction\",\"target\":{\"@type\":\"EntryPoint\",\"urlTemplate\":\"https:\\\/\\\/www.azaros.eu\\\/fr\\\/?s={search_term_string}\"},\"query-input\":{\"@type\":\"PropertyValueSpecification\",\"valueRequired\":true,\"valueName\":\"search_term_string\"}}],\"inLanguage\":\"fr-FR\"}]}<\/script>\n<!-- \/ Yoast SEO plugin. -->","yoast_head_json":{"title":"Service de nettoyage pour les filtres laser - Azaros","robots":{"index":"index","follow":"follow","max-snippet":"max-snippet:-1","max-image-preview":"max-image-preview:large","max-video-preview":"max-video-preview:-1"},"canonical":"https:\/\/www.azaros.eu\/fr\/produit\/service-de-nettoyage-pour-les-filtres-laser\/","og_locale":"fr_FR","og_type":"article","og_title":"Service de nettoyage pour les filtres laser - Azaros","og_description":"Le nettoyage des filtres laser est essentiel pour garantir l\u2019efficacit\u00e9 et la qualit\u00e9 du recyclage plastique. Sa fr\u00e9quence d\u00e9pend du volume des mat\u00e9riaux trait\u00e9s et du type de plastique. Un entretien r\u00e9gulier optimise la performance du syst\u00e8me et prolonge la dur\u00e9e de vie des filtres.","og_url":"https:\/\/www.azaros.eu\/fr\/produit\/service-de-nettoyage-pour-les-filtres-laser\/","og_site_name":"Azaros","article_modified_time":"2025-10-03T10:57:55+00:00","og_image":[{"width":1200,"height":700,"url":"https:\/\/www.azaros.eu\/wp-content\/uploads\/2024\/06\/Azaros-Servicio-Limpieza.jpg","type":"image\/jpeg"}],"twitter_card":"summary_large_image","schema":{"@context":"https:\/\/schema.org","@graph":[{"@type":"WebPage","@id":"https:\/\/www.azaros.eu\/fr\/produit\/service-de-nettoyage-pour-les-filtres-laser\/","url":"https:\/\/www.azaros.eu\/fr\/produit\/service-de-nettoyage-pour-les-filtres-laser\/","name":"Service de nettoyage pour les filtres laser - Azaros","isPartOf":{"@id":"https:\/\/www.azaros.eu\/fr\/#website"},"primaryImageOfPage":{"@id":"https:\/\/www.azaros.eu\/fr\/produit\/service-de-nettoyage-pour-les-filtres-laser\/#primaryimage"},"image":{"@id":"https:\/\/www.azaros.eu\/fr\/produit\/service-de-nettoyage-pour-les-filtres-laser\/#primaryimage"},"thumbnailUrl":"https:\/\/www.azaros.eu\/wp-content\/uploads\/2024\/06\/Azaros-Servicio-Limpieza.jpg","datePublished":"2024-06-11T07:49:01+00:00","dateModified":"2025-10-03T10:57:55+00:00","breadcrumb":{"@id":"https:\/\/www.azaros.eu\/fr\/produit\/service-de-nettoyage-pour-les-filtres-laser\/#breadcrumb"},"inLanguage":"fr-FR","potentialAction":[{"@type":"ReadAction","target":["https:\/\/www.azaros.eu\/fr\/produit\/service-de-nettoyage-pour-les-filtres-laser\/"]}]},{"@type":"ImageObject","inLanguage":"fr-FR","@id":"https:\/\/www.azaros.eu\/fr\/produit\/service-de-nettoyage-pour-les-filtres-laser\/#primaryimage","url":"https:\/\/www.azaros.eu\/wp-content\/uploads\/2024\/06\/Azaros-Servicio-Limpieza.jpg","contentUrl":"https:\/\/www.azaros.eu\/wp-content\/uploads\/2024\/06\/Azaros-Servicio-Limpieza.jpg","width":1200,"height":700},{"@type":"BreadcrumbList","@id":"https:\/\/www.azaros.eu\/fr\/produit\/service-de-nettoyage-pour-les-filtres-laser\/#breadcrumb","itemListElement":[{"@type":"ListItem","position":1,"name":"Azaros","item":"https:\/\/www.azaros.eu\/fr\/azaros-home\/"},{"@type":"ListItem","position":2,"name":"Produits","item":"https:\/\/www.azaros.eu\/fr\/produits\/"},{"@type":"ListItem","position":3,"name":"Recyclage du plastique","item":"https:\/\/www.azaros.eu\/fr\/produits\/recyclage-du-plastique\/"},{"@type":"ListItem","position":4,"name":"Filtres laser pour lignes Erema","item":"https:\/\/www.azaros.eu\/fr\/produits\/recyclage-du-plastique\/filtres-laser\/"},{"@type":"ListItem","position":5,"name":"Service de nettoyage pour les filtres laser"}]},{"@type":"WebSite","@id":"https:\/\/www.azaros.eu\/fr\/#website","url":"https:\/\/www.azaros.eu\/fr\/","name":"Azaros","description":"Fabricamos, distribuimos y comercializamos una gran gama de suministros.","potentialAction":[{"@type":"SearchAction","target":{"@type":"EntryPoint","urlTemplate":"https:\/\/www.azaros.eu\/fr\/?s={search_term_string}"},"query-input":{"@type":"PropertyValueSpecification","valueRequired":true,"valueName":"search_term_string"}}],"inLanguage":"fr-FR"}]}},"_links":{"self":[{"href":"https:\/\/www.azaros.eu\/fr\/wp-json\/wp\/v2\/product\/11370","targetHints":{"allow":["GET"]}}],"collection":[{"href":"https:\/\/www.azaros.eu\/fr\/wp-json\/wp\/v2\/product"}],"about":[{"href":"https:\/\/www.azaros.eu\/fr\/wp-json\/wp\/v2\/types\/product"}],"wp:featuredmedia":[{"embeddable":true,"href":"https:\/\/www.azaros.eu\/fr\/wp-json\/wp\/v2\/media\/7573"}],"wp:attachment":[{"href":"https:\/\/www.azaros.eu\/fr\/wp-json\/wp\/v2\/media?parent=11370"}],"wp:term":[{"taxonomy":"product_brand","embeddable":true,"href":"https:\/\/www.azaros.eu\/fr\/wp-json\/wp\/v2\/product_brand?post=11370"},{"taxonomy":"product_cat","embeddable":true,"href":"https:\/\/www.azaros.eu\/fr\/wp-json\/wp\/v2\/product_cat?post=11370"},{"taxonomy":"product_tag","embeddable":true,"href":"https:\/\/www.azaros.eu\/fr\/wp-json\/wp\/v2\/product_tag?post=11370"}],"curies":[{"name":"wp","href":"https:\/\/api.w.org\/{rel}","templated":true}]}}