{"id":11376,"date":"2024-06-11T08:47:49","date_gmt":"2024-06-11T07:47:49","guid":{"rendered":"https:\/\/www.azaros.eu\/producto\/filtres-multicouches\/"},"modified":"2025-05-26T14:37:18","modified_gmt":"2025-05-26T13:37:18","slug":"filtres-multicouches","status":"publish","type":"product","link":"https:\/\/www.azaros.eu\/fr\/produit\/filtres-multicouches\/","title":{"rendered":"Filtres multicouches"},"content":{"rendered":"<div class=\"row\"  id=\"row-1465818310\">\n\n\t<div id=\"col-231002299\" class=\"col medium-6 small-12 large-6\"  >\n\t\t\t\t<div class=\"col-inner\"  >\n\t\t\t\n\t\t\t\n<div class=\"container section-title-container\" ><h2 class=\"section-title section-title-normal\"><b aria-hidden=\"true\"><\/b><span class=\"section-title-main\" style=\"font-size:80%;\">Caract\u00e9ristiques<\/span><b aria-hidden=\"true\"><\/b><\/h2><\/div>\n<p>Il existe une grande vari\u00e9t\u00e9 de formes, de mailles, de tailles de fils m\u00e9talliques y compris d\u2019alliages, en fonction des besoins de chaque client.<\/p>\n<p>Nous travaillons avec diff\u00e9rents microm\u00e9tries \/ maillages, dans diverses qualit\u00e9s de m\u00e9taux et de diam\u00e8tres.<\/p>\n<p>Ce sont des filtres multicouches soud\u00e9s, qui incluent des supports. Il est possible d\u2019y int\u00e9grer un anneau de protection pour \u00e9viter les coupures et les contaminations pouvant \u00eatre caus\u00e9es par les soudures elles-m\u00eames. <\/p>\n<p>&nbsp;<\/p>\n\t\t<\/div>\n\t\t\t\t\t<\/div>\n\n\t\n\n\t<div id=\"col-952756980\" class=\"col medium-6 small-12 large-6\"  >\n\t\t\t\t<div class=\"col-inner\"  >\n\t\t\t\n\t\t\t\n<div class=\"container section-title-container\" ><h2 class=\"section-title section-title-normal\"><b aria-hidden=\"true\"><\/b><span class=\"section-title-main\" style=\"font-size:80%;\">Applications typiques<\/span><b aria-hidden=\"true\"><\/b><\/h2><\/div>\n<ul>\n<li>Filtrage du plastique recycl\u00e9<\/li>\n<li>Selon les diff\u00e9rentes typologies de plastique<\/li>\n<\/ul>\n\t\t<\/div>\n\t\t\t\t\t<\/div>\n\n\t\n<\/div>\n\n","protected":false},"excerpt":{"rendered":"<p>La fonction des filtres m\u00e9talliques monocouches est d\u2019\u00e9liminer les contaminants d\u2019une certaine taille de la masse de plastique fondue. Ils sont estamp\u00e9s sur mesure et fabriqu\u00e9s dans diff\u00e9rents types de m\u00e9taux, selon les sp\u00e9cifications techniques des clients.   <\/p>\n","protected":false},"featured_media":7585,"template":"","meta":[],"product_brand":[],"product_cat":[257],"product_tag":[],"class_list":{"0":"post-11376","1":"product","2":"type-product","3":"status-publish","4":"has-post-thumbnail","6":"product_cat-filtres-jetables","8":"first","9":"instock","10":"shipping-taxable","11":"product-type-simple"},"yoast_head":"<!-- This site is optimized with the Yoast SEO plugin v27.4 - https:\/\/yoast.com\/product\/yoast-seo-wordpress\/ -->\n<title>Filtres multicouches - Azaros<\/title>\n<meta name=\"robots\" content=\"index, follow, max-snippet:-1, max-image-preview:large, max-video-preview:-1\" \/>\n<link rel=\"canonical\" href=\"https:\/\/www.azaros.eu\/fr\/produit\/filtres-multicouches\/\" \/>\n<meta property=\"og:locale\" content=\"fr_FR\" \/>\n<meta property=\"og:type\" content=\"article\" \/>\n<meta property=\"og:title\" content=\"Filtres multicouches - Azaros\" \/>\n<meta property=\"og:description\" content=\"La fonction des filtres m\u00e9talliques monocouches est d\u2019\u00e9liminer les contaminants d\u2019une certaine taille de la masse de plastique fondue. Ils sont estamp\u00e9s sur mesure et fabriqu\u00e9s dans diff\u00e9rents types de m\u00e9taux, selon les sp\u00e9cifications techniques des clients.\" \/>\n<meta property=\"og:url\" content=\"https:\/\/www.azaros.eu\/fr\/produit\/filtres-multicouches\/\" \/>\n<meta property=\"og:site_name\" content=\"Azaros\" \/>\n<meta property=\"article:modified_time\" content=\"2025-05-26T13:37:18+00:00\" \/>\n<meta property=\"og:image\" content=\"https:\/\/www.azaros.eu\/wp-content\/uploads\/2024\/06\/Bodegon-Filtras-Circulares.jpg\" \/>\n\t<meta property=\"og:image:width\" content=\"1200\" \/>\n\t<meta property=\"og:image:height\" content=\"700\" \/>\n\t<meta property=\"og:image:type\" content=\"image\/jpeg\" \/>\n<meta name=\"twitter:card\" content=\"summary_large_image\" \/>\n<meta name=\"twitter:label1\" content=\"Dur\u00e9e de lecture estim\u00e9e\" \/>\n\t<meta name=\"twitter:data1\" content=\"1 minute\" \/>\n<script type=\"application\/ld+json\" class=\"yoast-schema-graph\">{\"@context\":\"https:\\\/\\\/schema.org\",\"@graph\":[{\"@type\":\"WebPage\",\"@id\":\"https:\\\/\\\/www.azaros.eu\\\/fr\\\/produit\\\/filtres-multicouches\\\/\",\"url\":\"https:\\\/\\\/www.azaros.eu\\\/fr\\\/produit\\\/filtres-multicouches\\\/\",\"name\":\"Filtres multicouches - Azaros\",\"isPartOf\":{\"@id\":\"https:\\\/\\\/www.azaros.eu\\\/fr\\\/#website\"},\"primaryImageOfPage\":{\"@id\":\"https:\\\/\\\/www.azaros.eu\\\/fr\\\/produit\\\/filtres-multicouches\\\/#primaryimage\"},\"image\":{\"@id\":\"https:\\\/\\\/www.azaros.eu\\\/fr\\\/produit\\\/filtres-multicouches\\\/#primaryimage\"},\"thumbnailUrl\":\"https:\\\/\\\/www.azaros.eu\\\/wp-content\\\/uploads\\\/2024\\\/06\\\/Bodegon-Filtras-Circulares.jpg\",\"datePublished\":\"2024-06-11T07:47:49+00:00\",\"dateModified\":\"2025-05-26T13:37:18+00:00\",\"breadcrumb\":{\"@id\":\"https:\\\/\\\/www.azaros.eu\\\/fr\\\/produit\\\/filtres-multicouches\\\/#breadcrumb\"},\"inLanguage\":\"fr-FR\",\"potentialAction\":[{\"@type\":\"ReadAction\",\"target\":[\"https:\\\/\\\/www.azaros.eu\\\/fr\\\/produit\\\/filtres-multicouches\\\/\"]}]},{\"@type\":\"ImageObject\",\"inLanguage\":\"fr-FR\",\"@id\":\"https:\\\/\\\/www.azaros.eu\\\/fr\\\/produit\\\/filtres-multicouches\\\/#primaryimage\",\"url\":\"https:\\\/\\\/www.azaros.eu\\\/wp-content\\\/uploads\\\/2024\\\/06\\\/Bodegon-Filtras-Circulares.jpg\",\"contentUrl\":\"https:\\\/\\\/www.azaros.eu\\\/wp-content\\\/uploads\\\/2024\\\/06\\\/Bodegon-Filtras-Circulares.jpg\",\"width\":1200,\"height\":700},{\"@type\":\"BreadcrumbList\",\"@id\":\"https:\\\/\\\/www.azaros.eu\\\/fr\\\/produit\\\/filtres-multicouches\\\/#breadcrumb\",\"itemListElement\":[{\"@type\":\"ListItem\",\"position\":1,\"name\":\"Azaros\",\"item\":\"https:\\\/\\\/www.azaros.eu\\\/fr\\\/azaros-home\\\/\"},{\"@type\":\"ListItem\",\"position\":2,\"name\":\"Produits\",\"item\":\"https:\\\/\\\/www.azaros.eu\\\/fr\\\/produits\\\/\"},{\"@type\":\"ListItem\",\"position\":3,\"name\":\"Recyclage du plastique\",\"item\":\"https:\\\/\\\/www.azaros.eu\\\/fr\\\/produits\\\/recyclage-du-plastique\\\/\"},{\"@type\":\"ListItem\",\"position\":4,\"name\":\"Filtres jetables\",\"item\":\"https:\\\/\\\/www.azaros.eu\\\/fr\\\/produits\\\/recyclage-du-plastique\\\/filtres-jetables\\\/\"},{\"@type\":\"ListItem\",\"position\":5,\"name\":\"Filtres multicouches\"}]},{\"@type\":\"WebSite\",\"@id\":\"https:\\\/\\\/www.azaros.eu\\\/fr\\\/#website\",\"url\":\"https:\\\/\\\/www.azaros.eu\\\/fr\\\/\",\"name\":\"Azaros\",\"description\":\"Fabricamos, distribuimos y comercializamos una gran gama de suministros.\",\"potentialAction\":[{\"@type\":\"SearchAction\",\"target\":{\"@type\":\"EntryPoint\",\"urlTemplate\":\"https:\\\/\\\/www.azaros.eu\\\/fr\\\/?s={search_term_string}\"},\"query-input\":{\"@type\":\"PropertyValueSpecification\",\"valueRequired\":true,\"valueName\":\"search_term_string\"}}],\"inLanguage\":\"fr-FR\"}]}<\/script>\n<!-- \/ Yoast SEO plugin. -->","yoast_head_json":{"title":"Filtres multicouches - Azaros","robots":{"index":"index","follow":"follow","max-snippet":"max-snippet:-1","max-image-preview":"max-image-preview:large","max-video-preview":"max-video-preview:-1"},"canonical":"https:\/\/www.azaros.eu\/fr\/produit\/filtres-multicouches\/","og_locale":"fr_FR","og_type":"article","og_title":"Filtres multicouches - Azaros","og_description":"La fonction des filtres m\u00e9talliques monocouches est d\u2019\u00e9liminer les contaminants d\u2019une certaine taille de la masse de plastique fondue. Ils sont estamp\u00e9s sur mesure et fabriqu\u00e9s dans diff\u00e9rents types de m\u00e9taux, selon les sp\u00e9cifications techniques des clients.","og_url":"https:\/\/www.azaros.eu\/fr\/produit\/filtres-multicouches\/","og_site_name":"Azaros","article_modified_time":"2025-05-26T13:37:18+00:00","og_image":[{"width":1200,"height":700,"url":"https:\/\/www.azaros.eu\/wp-content\/uploads\/2024\/06\/Bodegon-Filtras-Circulares.jpg","type":"image\/jpeg"}],"twitter_card":"summary_large_image","twitter_misc":{"Dur\u00e9e de lecture estim\u00e9e":"1 minute"},"schema":{"@context":"https:\/\/schema.org","@graph":[{"@type":"WebPage","@id":"https:\/\/www.azaros.eu\/fr\/produit\/filtres-multicouches\/","url":"https:\/\/www.azaros.eu\/fr\/produit\/filtres-multicouches\/","name":"Filtres multicouches - Azaros","isPartOf":{"@id":"https:\/\/www.azaros.eu\/fr\/#website"},"primaryImageOfPage":{"@id":"https:\/\/www.azaros.eu\/fr\/produit\/filtres-multicouches\/#primaryimage"},"image":{"@id":"https:\/\/www.azaros.eu\/fr\/produit\/filtres-multicouches\/#primaryimage"},"thumbnailUrl":"https:\/\/www.azaros.eu\/wp-content\/uploads\/2024\/06\/Bodegon-Filtras-Circulares.jpg","datePublished":"2024-06-11T07:47:49+00:00","dateModified":"2025-05-26T13:37:18+00:00","breadcrumb":{"@id":"https:\/\/www.azaros.eu\/fr\/produit\/filtres-multicouches\/#breadcrumb"},"inLanguage":"fr-FR","potentialAction":[{"@type":"ReadAction","target":["https:\/\/www.azaros.eu\/fr\/produit\/filtres-multicouches\/"]}]},{"@type":"ImageObject","inLanguage":"fr-FR","@id":"https:\/\/www.azaros.eu\/fr\/produit\/filtres-multicouches\/#primaryimage","url":"https:\/\/www.azaros.eu\/wp-content\/uploads\/2024\/06\/Bodegon-Filtras-Circulares.jpg","contentUrl":"https:\/\/www.azaros.eu\/wp-content\/uploads\/2024\/06\/Bodegon-Filtras-Circulares.jpg","width":1200,"height":700},{"@type":"BreadcrumbList","@id":"https:\/\/www.azaros.eu\/fr\/produit\/filtres-multicouches\/#breadcrumb","itemListElement":[{"@type":"ListItem","position":1,"name":"Azaros","item":"https:\/\/www.azaros.eu\/fr\/azaros-home\/"},{"@type":"ListItem","position":2,"name":"Produits","item":"https:\/\/www.azaros.eu\/fr\/produits\/"},{"@type":"ListItem","position":3,"name":"Recyclage du plastique","item":"https:\/\/www.azaros.eu\/fr\/produits\/recyclage-du-plastique\/"},{"@type":"ListItem","position":4,"name":"Filtres jetables","item":"https:\/\/www.azaros.eu\/fr\/produits\/recyclage-du-plastique\/filtres-jetables\/"},{"@type":"ListItem","position":5,"name":"Filtres multicouches"}]},{"@type":"WebSite","@id":"https:\/\/www.azaros.eu\/fr\/#website","url":"https:\/\/www.azaros.eu\/fr\/","name":"Azaros","description":"Fabricamos, distribuimos y comercializamos una gran gama de suministros.","potentialAction":[{"@type":"SearchAction","target":{"@type":"EntryPoint","urlTemplate":"https:\/\/www.azaros.eu\/fr\/?s={search_term_string}"},"query-input":{"@type":"PropertyValueSpecification","valueRequired":true,"valueName":"search_term_string"}}],"inLanguage":"fr-FR"}]}},"_links":{"self":[{"href":"https:\/\/www.azaros.eu\/fr\/wp-json\/wp\/v2\/product\/11376","targetHints":{"allow":["GET"]}}],"collection":[{"href":"https:\/\/www.azaros.eu\/fr\/wp-json\/wp\/v2\/product"}],"about":[{"href":"https:\/\/www.azaros.eu\/fr\/wp-json\/wp\/v2\/types\/product"}],"wp:featuredmedia":[{"embeddable":true,"href":"https:\/\/www.azaros.eu\/fr\/wp-json\/wp\/v2\/media\/7585"}],"wp:attachment":[{"href":"https:\/\/www.azaros.eu\/fr\/wp-json\/wp\/v2\/media?parent=11376"}],"wp:term":[{"taxonomy":"product_brand","embeddable":true,"href":"https:\/\/www.azaros.eu\/fr\/wp-json\/wp\/v2\/product_brand?post=11376"},{"taxonomy":"product_cat","embeddable":true,"href":"https:\/\/www.azaros.eu\/fr\/wp-json\/wp\/v2\/product_cat?post=11376"},{"taxonomy":"product_tag","embeddable":true,"href":"https:\/\/www.azaros.eu\/fr\/wp-json\/wp\/v2\/product_tag?post=11376"}],"curies":[{"name":"wp","href":"https:\/\/api.w.org\/{rel}","templated":true}]}}