{"id":11381,"date":"2024-06-11T08:48:37","date_gmt":"2024-06-11T07:48:37","guid":{"rendered":"https:\/\/www.azaros.eu\/producto\/sacs-filtrants-pour-leau\/"},"modified":"2025-05-26T14:40:28","modified_gmt":"2025-05-26T13:40:28","slug":"sacs-filtrants-pour-leau","status":"publish","type":"product","link":"https:\/\/www.azaros.eu\/fr\/produit\/sacs-filtrants-pour-leau\/","title":{"rendered":"Sacs filtrants pour l\u00b4eau"},"content":{"rendered":"\n","protected":false},"excerpt":{"rendered":"<p>Dans le processus de recyclage, les plastiques sont transform\u00e9s en paillettes dans des broyeurs humides, puis lav\u00e9s. Cette op\u00e9ration g\u00e9n\u00e8re des eaux us\u00e9es contenant diff\u00e9rentes substances, en fonction du mat\u00e9riau d\u2019entr\u00e9e. Les sacs filtrants permettent d\u2019extraire ces substances du circuit.  <\/p>\n","protected":false},"featured_media":7549,"template":"","meta":[],"product_brand":[],"product_cat":[258],"product_tag":[],"class_list":{"0":"post-11381","1":"product","2":"type-product","3":"status-publish","4":"has-post-thumbnail","6":"product_cat-autres-fournitures","8":"first","9":"instock","10":"shipping-taxable","11":"product-type-simple"},"yoast_head":"<!-- This site is optimized with the Yoast SEO plugin v27.4 - https:\/\/yoast.com\/product\/yoast-seo-wordpress\/ -->\n<title>Sacs filtrants pour l\u00b4eau - Azaros<\/title>\n<meta name=\"robots\" content=\"index, follow, max-snippet:-1, max-image-preview:large, max-video-preview:-1\" \/>\n<link rel=\"canonical\" href=\"https:\/\/www.azaros.eu\/fr\/produit\/sacs-filtrants-pour-leau\/\" \/>\n<meta property=\"og:locale\" content=\"fr_FR\" \/>\n<meta property=\"og:type\" content=\"article\" \/>\n<meta property=\"og:title\" content=\"Sacs filtrants pour l\u00b4eau - Azaros\" \/>\n<meta property=\"og:description\" content=\"Dans le processus de recyclage, les plastiques sont transform\u00e9s en paillettes dans des broyeurs humides, puis lav\u00e9s. Cette op\u00e9ration g\u00e9n\u00e8re des eaux us\u00e9es contenant diff\u00e9rentes substances, en fonction du mat\u00e9riau d\u2019entr\u00e9e. Les sacs filtrants permettent d\u2019extraire ces substances du circuit.\" \/>\n<meta property=\"og:url\" content=\"https:\/\/www.azaros.eu\/fr\/produit\/sacs-filtrants-pour-leau\/\" \/>\n<meta property=\"og:site_name\" content=\"Azaros\" \/>\n<meta property=\"article:modified_time\" content=\"2025-05-26T13:40:28+00:00\" \/>\n<meta property=\"og:image\" content=\"https:\/\/www.azaros.eu\/wp-content\/uploads\/2024\/06\/Bolasas-Filtrado-Agua.jpg\" \/>\n\t<meta property=\"og:image:width\" content=\"1200\" \/>\n\t<meta property=\"og:image:height\" content=\"700\" \/>\n\t<meta property=\"og:image:type\" content=\"image\/jpeg\" \/>\n<meta name=\"twitter:card\" content=\"summary_large_image\" \/>\n<meta name=\"twitter:label1\" content=\"Dur\u00e9e de lecture estim\u00e9e\" \/>\n\t<meta name=\"twitter:data1\" content=\"1 minute\" \/>\n<script type=\"application\/ld+json\" class=\"yoast-schema-graph\">{\"@context\":\"https:\\\/\\\/schema.org\",\"@graph\":[{\"@type\":\"WebPage\",\"@id\":\"https:\\\/\\\/www.azaros.eu\\\/fr\\\/produit\\\/sacs-filtrants-pour-leau\\\/\",\"url\":\"https:\\\/\\\/www.azaros.eu\\\/fr\\\/produit\\\/sacs-filtrants-pour-leau\\\/\",\"name\":\"Sacs filtrants pour l\u00b4eau - Azaros\",\"isPartOf\":{\"@id\":\"https:\\\/\\\/www.azaros.eu\\\/fr\\\/#website\"},\"primaryImageOfPage\":{\"@id\":\"https:\\\/\\\/www.azaros.eu\\\/fr\\\/produit\\\/sacs-filtrants-pour-leau\\\/#primaryimage\"},\"image\":{\"@id\":\"https:\\\/\\\/www.azaros.eu\\\/fr\\\/produit\\\/sacs-filtrants-pour-leau\\\/#primaryimage\"},\"thumbnailUrl\":\"https:\\\/\\\/www.azaros.eu\\\/wp-content\\\/uploads\\\/2024\\\/06\\\/Bolasas-Filtrado-Agua.jpg\",\"datePublished\":\"2024-06-11T07:48:37+00:00\",\"dateModified\":\"2025-05-26T13:40:28+00:00\",\"breadcrumb\":{\"@id\":\"https:\\\/\\\/www.azaros.eu\\\/fr\\\/produit\\\/sacs-filtrants-pour-leau\\\/#breadcrumb\"},\"inLanguage\":\"fr-FR\",\"potentialAction\":[{\"@type\":\"ReadAction\",\"target\":[\"https:\\\/\\\/www.azaros.eu\\\/fr\\\/produit\\\/sacs-filtrants-pour-leau\\\/\"]}]},{\"@type\":\"ImageObject\",\"inLanguage\":\"fr-FR\",\"@id\":\"https:\\\/\\\/www.azaros.eu\\\/fr\\\/produit\\\/sacs-filtrants-pour-leau\\\/#primaryimage\",\"url\":\"https:\\\/\\\/www.azaros.eu\\\/wp-content\\\/uploads\\\/2024\\\/06\\\/Bolasas-Filtrado-Agua.jpg\",\"contentUrl\":\"https:\\\/\\\/www.azaros.eu\\\/wp-content\\\/uploads\\\/2024\\\/06\\\/Bolasas-Filtrado-Agua.jpg\",\"width\":1200,\"height\":700},{\"@type\":\"BreadcrumbList\",\"@id\":\"https:\\\/\\\/www.azaros.eu\\\/fr\\\/produit\\\/sacs-filtrants-pour-leau\\\/#breadcrumb\",\"itemListElement\":[{\"@type\":\"ListItem\",\"position\":1,\"name\":\"Azaros\",\"item\":\"https:\\\/\\\/www.azaros.eu\\\/fr\\\/azaros-home\\\/\"},{\"@type\":\"ListItem\",\"position\":2,\"name\":\"Produits\",\"item\":\"https:\\\/\\\/www.azaros.eu\\\/fr\\\/produits\\\/\"},{\"@type\":\"ListItem\",\"position\":3,\"name\":\"Recyclage du plastique\",\"item\":\"https:\\\/\\\/www.azaros.eu\\\/fr\\\/produits\\\/recyclage-du-plastique\\\/\"},{\"@type\":\"ListItem\",\"position\":4,\"name\":\"Autres fournitures\",\"item\":\"https:\\\/\\\/www.azaros.eu\\\/fr\\\/produits\\\/recyclage-du-plastique\\\/autres-fournitures\\\/\"},{\"@type\":\"ListItem\",\"position\":5,\"name\":\"Sacs filtrants pour l\u00b4eau\"}]},{\"@type\":\"WebSite\",\"@id\":\"https:\\\/\\\/www.azaros.eu\\\/fr\\\/#website\",\"url\":\"https:\\\/\\\/www.azaros.eu\\\/fr\\\/\",\"name\":\"Azaros\",\"description\":\"Fabricamos, distribuimos y comercializamos una gran gama de suministros.\",\"potentialAction\":[{\"@type\":\"SearchAction\",\"target\":{\"@type\":\"EntryPoint\",\"urlTemplate\":\"https:\\\/\\\/www.azaros.eu\\\/fr\\\/?s={search_term_string}\"},\"query-input\":{\"@type\":\"PropertyValueSpecification\",\"valueRequired\":true,\"valueName\":\"search_term_string\"}}],\"inLanguage\":\"fr-FR\"}]}<\/script>\n<!-- \/ Yoast SEO plugin. -->","yoast_head_json":{"title":"Sacs filtrants pour l\u00b4eau - Azaros","robots":{"index":"index","follow":"follow","max-snippet":"max-snippet:-1","max-image-preview":"max-image-preview:large","max-video-preview":"max-video-preview:-1"},"canonical":"https:\/\/www.azaros.eu\/fr\/produit\/sacs-filtrants-pour-leau\/","og_locale":"fr_FR","og_type":"article","og_title":"Sacs filtrants pour l\u00b4eau - Azaros","og_description":"Dans le processus de recyclage, les plastiques sont transform\u00e9s en paillettes dans des broyeurs humides, puis lav\u00e9s. Cette op\u00e9ration g\u00e9n\u00e8re des eaux us\u00e9es contenant diff\u00e9rentes substances, en fonction du mat\u00e9riau d\u2019entr\u00e9e. Les sacs filtrants permettent d\u2019extraire ces substances du circuit.","og_url":"https:\/\/www.azaros.eu\/fr\/produit\/sacs-filtrants-pour-leau\/","og_site_name":"Azaros","article_modified_time":"2025-05-26T13:40:28+00:00","og_image":[{"width":1200,"height":700,"url":"https:\/\/www.azaros.eu\/wp-content\/uploads\/2024\/06\/Bolasas-Filtrado-Agua.jpg","type":"image\/jpeg"}],"twitter_card":"summary_large_image","twitter_misc":{"Dur\u00e9e de lecture estim\u00e9e":"1 minute"},"schema":{"@context":"https:\/\/schema.org","@graph":[{"@type":"WebPage","@id":"https:\/\/www.azaros.eu\/fr\/produit\/sacs-filtrants-pour-leau\/","url":"https:\/\/www.azaros.eu\/fr\/produit\/sacs-filtrants-pour-leau\/","name":"Sacs filtrants pour l\u00b4eau - Azaros","isPartOf":{"@id":"https:\/\/www.azaros.eu\/fr\/#website"},"primaryImageOfPage":{"@id":"https:\/\/www.azaros.eu\/fr\/produit\/sacs-filtrants-pour-leau\/#primaryimage"},"image":{"@id":"https:\/\/www.azaros.eu\/fr\/produit\/sacs-filtrants-pour-leau\/#primaryimage"},"thumbnailUrl":"https:\/\/www.azaros.eu\/wp-content\/uploads\/2024\/06\/Bolasas-Filtrado-Agua.jpg","datePublished":"2024-06-11T07:48:37+00:00","dateModified":"2025-05-26T13:40:28+00:00","breadcrumb":{"@id":"https:\/\/www.azaros.eu\/fr\/produit\/sacs-filtrants-pour-leau\/#breadcrumb"},"inLanguage":"fr-FR","potentialAction":[{"@type":"ReadAction","target":["https:\/\/www.azaros.eu\/fr\/produit\/sacs-filtrants-pour-leau\/"]}]},{"@type":"ImageObject","inLanguage":"fr-FR","@id":"https:\/\/www.azaros.eu\/fr\/produit\/sacs-filtrants-pour-leau\/#primaryimage","url":"https:\/\/www.azaros.eu\/wp-content\/uploads\/2024\/06\/Bolasas-Filtrado-Agua.jpg","contentUrl":"https:\/\/www.azaros.eu\/wp-content\/uploads\/2024\/06\/Bolasas-Filtrado-Agua.jpg","width":1200,"height":700},{"@type":"BreadcrumbList","@id":"https:\/\/www.azaros.eu\/fr\/produit\/sacs-filtrants-pour-leau\/#breadcrumb","itemListElement":[{"@type":"ListItem","position":1,"name":"Azaros","item":"https:\/\/www.azaros.eu\/fr\/azaros-home\/"},{"@type":"ListItem","position":2,"name":"Produits","item":"https:\/\/www.azaros.eu\/fr\/produits\/"},{"@type":"ListItem","position":3,"name":"Recyclage du plastique","item":"https:\/\/www.azaros.eu\/fr\/produits\/recyclage-du-plastique\/"},{"@type":"ListItem","position":4,"name":"Autres fournitures","item":"https:\/\/www.azaros.eu\/fr\/produits\/recyclage-du-plastique\/autres-fournitures\/"},{"@type":"ListItem","position":5,"name":"Sacs filtrants pour l\u00b4eau"}]},{"@type":"WebSite","@id":"https:\/\/www.azaros.eu\/fr\/#website","url":"https:\/\/www.azaros.eu\/fr\/","name":"Azaros","description":"Fabricamos, distribuimos y comercializamos una gran gama de suministros.","potentialAction":[{"@type":"SearchAction","target":{"@type":"EntryPoint","urlTemplate":"https:\/\/www.azaros.eu\/fr\/?s={search_term_string}"},"query-input":{"@type":"PropertyValueSpecification","valueRequired":true,"valueName":"search_term_string"}}],"inLanguage":"fr-FR"}]}},"_links":{"self":[{"href":"https:\/\/www.azaros.eu\/fr\/wp-json\/wp\/v2\/product\/11381","targetHints":{"allow":["GET"]}}],"collection":[{"href":"https:\/\/www.azaros.eu\/fr\/wp-json\/wp\/v2\/product"}],"about":[{"href":"https:\/\/www.azaros.eu\/fr\/wp-json\/wp\/v2\/types\/product"}],"wp:featuredmedia":[{"embeddable":true,"href":"https:\/\/www.azaros.eu\/fr\/wp-json\/wp\/v2\/media\/7549"}],"wp:attachment":[{"href":"https:\/\/www.azaros.eu\/fr\/wp-json\/wp\/v2\/media?parent=11381"}],"wp:term":[{"taxonomy":"product_brand","embeddable":true,"href":"https:\/\/www.azaros.eu\/fr\/wp-json\/wp\/v2\/product_brand?post=11381"},{"taxonomy":"product_cat","embeddable":true,"href":"https:\/\/www.azaros.eu\/fr\/wp-json\/wp\/v2\/product_cat?post=11381"},{"taxonomy":"product_tag","embeddable":true,"href":"https:\/\/www.azaros.eu\/fr\/wp-json\/wp\/v2\/product_tag?post=11381"}],"curies":[{"name":"wp","href":"https:\/\/api.w.org\/{rel}","templated":true}]}}