{"id":11392,"date":"2024-06-11T08:49:51","date_gmt":"2024-06-11T07:49:51","guid":{"rendered":"https:\/\/www.azaros.eu\/producto\/ciments-fondu\/"},"modified":"2024-06-11T08:49:51","modified_gmt":"2024-06-11T07:49:51","slug":"ciments-fondu","status":"publish","type":"product","link":"https:\/\/www.azaros.eu\/fr\/produit\/ciments-fondu\/","title":{"rendered":"Ciments Fondu"},"content":{"rendered":"","protected":false},"excerpt":{"rendered":"<p>Liant hydraulique \u00e0 base d\u2019aluminate de calcium, CIMENT FONDU\u00ae est particuli\u00e8rement adapt\u00e9 aux applications \u00e0 basse temp\u00e9rature, o\u00f9 sa haute r\u00e9activit\u00e9 le rend id\u00e9al pour travailler avec une large gamme de mat\u00e9riaux, allant des applications de rev\u00eatements r\u00e9sistants \u00e0 l&rsquo;abrasion aux mat\u00e9riaux l\u00e9gers isolants.<\/p>\n<p>Les propri\u00e9t\u00e9s rh\u00e9ologiques de CIMENT FONDU\u00ae s\u2019adaptent bien \u00e0 tous les types de m\u00e9thodes de mise en place, notamment la coul\u00e9e et le gunitage, et il est fortement recommand\u00e9 pour les applications n\u00e9cessitant un durcissement rapide.<\/p>\n<p>CIMENT FONDU\u00ae ne contient aucun additif et est adapt\u00e9 \u00e0 la fabrication de pr\u00e9m\u00e9langes r\u00e9fractaires.<\/p>\n","protected":false},"featured_media":7471,"template":"","meta":[],"product_brand":[],"product_cat":[250],"product_tag":[],"class_list":{"0":"post-11392","1":"product","2":"type-product","3":"status-publish","4":"has-post-thumbnail","6":"product_cat-ciments","8":"first","9":"instock","10":"shipping-taxable","11":"product-type-simple"},"yoast_head":"<!-- This site is optimized with the Yoast SEO plugin v27.4 - https:\/\/yoast.com\/product\/yoast-seo-wordpress\/ -->\n<title>Ciments Fondu - Azaros<\/title>\n<meta name=\"robots\" content=\"index, follow, max-snippet:-1, max-image-preview:large, max-video-preview:-1\" \/>\n<link rel=\"canonical\" href=\"https:\/\/www.azaros.eu\/fr\/produit\/ciments-fondu\/\" \/>\n<meta property=\"og:locale\" content=\"fr_FR\" \/>\n<meta property=\"og:type\" content=\"article\" \/>\n<meta property=\"og:title\" content=\"Ciments Fondu - Azaros\" \/>\n<meta property=\"og:description\" content=\"Liant hydraulique \u00e0 base d\u2019aluminate de calcium, CIMENT FONDU\u00ae est particuli\u00e8rement adapt\u00e9 aux applications \u00e0 basse temp\u00e9rature, o\u00f9 sa haute r\u00e9activit\u00e9 le rend id\u00e9al pour travailler avec une large gamme de mat\u00e9riaux, allant des applications de rev\u00eatements r\u00e9sistants \u00e0 l&#039;abrasion aux mat\u00e9riaux l\u00e9gers isolants. Les propri\u00e9t\u00e9s rh\u00e9ologiques de CIMENT FONDU\u00ae s\u2019adaptent bien \u00e0 tous les types de m\u00e9thodes de mise en place, notamment la coul\u00e9e et le gunitage, et il est fortement recommand\u00e9 pour les applications n\u00e9cessitant un durcissement rapide. CIMENT FONDU\u00ae ne contient aucun additif et est adapt\u00e9 \u00e0 la fabrication de pr\u00e9m\u00e9langes r\u00e9fractaires.\" \/>\n<meta property=\"og:url\" content=\"https:\/\/www.azaros.eu\/fr\/produit\/ciments-fondu\/\" \/>\n<meta property=\"og:site_name\" content=\"Azaros\" \/>\n<meta property=\"og:image\" content=\"https:\/\/www.azaros.eu\/wp-content\/uploads\/2024\/06\/AZAROS-Calcium-ALuminmate-Cement.jpg\" \/>\n\t<meta property=\"og:image:width\" content=\"1200\" \/>\n\t<meta property=\"og:image:height\" content=\"700\" \/>\n\t<meta property=\"og:image:type\" content=\"image\/jpeg\" \/>\n<meta name=\"twitter:card\" content=\"summary_large_image\" \/>\n<script type=\"application\/ld+json\" class=\"yoast-schema-graph\">{\"@context\":\"https:\\\/\\\/schema.org\",\"@graph\":[{\"@type\":\"WebPage\",\"@id\":\"https:\\\/\\\/www.azaros.eu\\\/fr\\\/produit\\\/ciments-fondu\\\/\",\"url\":\"https:\\\/\\\/www.azaros.eu\\\/fr\\\/produit\\\/ciments-fondu\\\/\",\"name\":\"Ciments Fondu - Azaros\",\"isPartOf\":{\"@id\":\"https:\\\/\\\/www.azaros.eu\\\/fr\\\/#website\"},\"primaryImageOfPage\":{\"@id\":\"https:\\\/\\\/www.azaros.eu\\\/fr\\\/produit\\\/ciments-fondu\\\/#primaryimage\"},\"image\":{\"@id\":\"https:\\\/\\\/www.azaros.eu\\\/fr\\\/produit\\\/ciments-fondu\\\/#primaryimage\"},\"thumbnailUrl\":\"https:\\\/\\\/www.azaros.eu\\\/wp-content\\\/uploads\\\/2024\\\/06\\\/AZAROS-Calcium-ALuminmate-Cement.jpg\",\"datePublished\":\"2024-06-11T07:49:51+00:00\",\"breadcrumb\":{\"@id\":\"https:\\\/\\\/www.azaros.eu\\\/fr\\\/produit\\\/ciments-fondu\\\/#breadcrumb\"},\"inLanguage\":\"fr-FR\",\"potentialAction\":[{\"@type\":\"ReadAction\",\"target\":[\"https:\\\/\\\/www.azaros.eu\\\/fr\\\/produit\\\/ciments-fondu\\\/\"]}]},{\"@type\":\"ImageObject\",\"inLanguage\":\"fr-FR\",\"@id\":\"https:\\\/\\\/www.azaros.eu\\\/fr\\\/produit\\\/ciments-fondu\\\/#primaryimage\",\"url\":\"https:\\\/\\\/www.azaros.eu\\\/wp-content\\\/uploads\\\/2024\\\/06\\\/AZAROS-Calcium-ALuminmate-Cement.jpg\",\"contentUrl\":\"https:\\\/\\\/www.azaros.eu\\\/wp-content\\\/uploads\\\/2024\\\/06\\\/AZAROS-Calcium-ALuminmate-Cement.jpg\",\"width\":1200,\"height\":700},{\"@type\":\"BreadcrumbList\",\"@id\":\"https:\\\/\\\/www.azaros.eu\\\/fr\\\/produit\\\/ciments-fondu\\\/#breadcrumb\",\"itemListElement\":[{\"@type\":\"ListItem\",\"position\":1,\"name\":\"Azaros\",\"item\":\"https:\\\/\\\/www.azaros.eu\\\/fr\\\/azaros-home\\\/\"},{\"@type\":\"ListItem\",\"position\":2,\"name\":\"Produits\",\"item\":\"https:\\\/\\\/www.azaros.eu\\\/fr\\\/produits\\\/\"},{\"@type\":\"ListItem\",\"position\":3,\"name\":\"IMERYS Mati\u00e8res Premi\u00e8res\",\"item\":\"https:\\\/\\\/www.azaros.eu\\\/fr\\\/produits\\\/imerys-matieres-premieres\\\/\"},{\"@type\":\"ListItem\",\"position\":4,\"name\":\"Ciments\",\"item\":\"https:\\\/\\\/www.azaros.eu\\\/fr\\\/produits\\\/imerys-matieres-premieres\\\/ciments\\\/\"},{\"@type\":\"ListItem\",\"position\":5,\"name\":\"Ciments Fondu\"}]},{\"@type\":\"WebSite\",\"@id\":\"https:\\\/\\\/www.azaros.eu\\\/fr\\\/#website\",\"url\":\"https:\\\/\\\/www.azaros.eu\\\/fr\\\/\",\"name\":\"Azaros\",\"description\":\"Fabricamos, distribuimos y comercializamos una gran gama de suministros.\",\"potentialAction\":[{\"@type\":\"SearchAction\",\"target\":{\"@type\":\"EntryPoint\",\"urlTemplate\":\"https:\\\/\\\/www.azaros.eu\\\/fr\\\/?s={search_term_string}\"},\"query-input\":{\"@type\":\"PropertyValueSpecification\",\"valueRequired\":true,\"valueName\":\"search_term_string\"}}],\"inLanguage\":\"fr-FR\"}]}<\/script>\n<!-- \/ Yoast SEO plugin. -->","yoast_head_json":{"title":"Ciments Fondu - Azaros","robots":{"index":"index","follow":"follow","max-snippet":"max-snippet:-1","max-image-preview":"max-image-preview:large","max-video-preview":"max-video-preview:-1"},"canonical":"https:\/\/www.azaros.eu\/fr\/produit\/ciments-fondu\/","og_locale":"fr_FR","og_type":"article","og_title":"Ciments Fondu - Azaros","og_description":"Liant hydraulique \u00e0 base d\u2019aluminate de calcium, CIMENT FONDU\u00ae est particuli\u00e8rement adapt\u00e9 aux applications \u00e0 basse temp\u00e9rature, o\u00f9 sa haute r\u00e9activit\u00e9 le rend id\u00e9al pour travailler avec une large gamme de mat\u00e9riaux, allant des applications de rev\u00eatements r\u00e9sistants \u00e0 l'abrasion aux mat\u00e9riaux l\u00e9gers isolants. Les propri\u00e9t\u00e9s rh\u00e9ologiques de CIMENT FONDU\u00ae s\u2019adaptent bien \u00e0 tous les types de m\u00e9thodes de mise en place, notamment la coul\u00e9e et le gunitage, et il est fortement recommand\u00e9 pour les applications n\u00e9cessitant un durcissement rapide. CIMENT FONDU\u00ae ne contient aucun additif et est adapt\u00e9 \u00e0 la fabrication de pr\u00e9m\u00e9langes r\u00e9fractaires.","og_url":"https:\/\/www.azaros.eu\/fr\/produit\/ciments-fondu\/","og_site_name":"Azaros","og_image":[{"width":1200,"height":700,"url":"https:\/\/www.azaros.eu\/wp-content\/uploads\/2024\/06\/AZAROS-Calcium-ALuminmate-Cement.jpg","type":"image\/jpeg"}],"twitter_card":"summary_large_image","schema":{"@context":"https:\/\/schema.org","@graph":[{"@type":"WebPage","@id":"https:\/\/www.azaros.eu\/fr\/produit\/ciments-fondu\/","url":"https:\/\/www.azaros.eu\/fr\/produit\/ciments-fondu\/","name":"Ciments Fondu - Azaros","isPartOf":{"@id":"https:\/\/www.azaros.eu\/fr\/#website"},"primaryImageOfPage":{"@id":"https:\/\/www.azaros.eu\/fr\/produit\/ciments-fondu\/#primaryimage"},"image":{"@id":"https:\/\/www.azaros.eu\/fr\/produit\/ciments-fondu\/#primaryimage"},"thumbnailUrl":"https:\/\/www.azaros.eu\/wp-content\/uploads\/2024\/06\/AZAROS-Calcium-ALuminmate-Cement.jpg","datePublished":"2024-06-11T07:49:51+00:00","breadcrumb":{"@id":"https:\/\/www.azaros.eu\/fr\/produit\/ciments-fondu\/#breadcrumb"},"inLanguage":"fr-FR","potentialAction":[{"@type":"ReadAction","target":["https:\/\/www.azaros.eu\/fr\/produit\/ciments-fondu\/"]}]},{"@type":"ImageObject","inLanguage":"fr-FR","@id":"https:\/\/www.azaros.eu\/fr\/produit\/ciments-fondu\/#primaryimage","url":"https:\/\/www.azaros.eu\/wp-content\/uploads\/2024\/06\/AZAROS-Calcium-ALuminmate-Cement.jpg","contentUrl":"https:\/\/www.azaros.eu\/wp-content\/uploads\/2024\/06\/AZAROS-Calcium-ALuminmate-Cement.jpg","width":1200,"height":700},{"@type":"BreadcrumbList","@id":"https:\/\/www.azaros.eu\/fr\/produit\/ciments-fondu\/#breadcrumb","itemListElement":[{"@type":"ListItem","position":1,"name":"Azaros","item":"https:\/\/www.azaros.eu\/fr\/azaros-home\/"},{"@type":"ListItem","position":2,"name":"Produits","item":"https:\/\/www.azaros.eu\/fr\/produits\/"},{"@type":"ListItem","position":3,"name":"IMERYS Mati\u00e8res Premi\u00e8res","item":"https:\/\/www.azaros.eu\/fr\/produits\/imerys-matieres-premieres\/"},{"@type":"ListItem","position":4,"name":"Ciments","item":"https:\/\/www.azaros.eu\/fr\/produits\/imerys-matieres-premieres\/ciments\/"},{"@type":"ListItem","position":5,"name":"Ciments Fondu"}]},{"@type":"WebSite","@id":"https:\/\/www.azaros.eu\/fr\/#website","url":"https:\/\/www.azaros.eu\/fr\/","name":"Azaros","description":"Fabricamos, distribuimos y comercializamos una gran gama de suministros.","potentialAction":[{"@type":"SearchAction","target":{"@type":"EntryPoint","urlTemplate":"https:\/\/www.azaros.eu\/fr\/?s={search_term_string}"},"query-input":{"@type":"PropertyValueSpecification","valueRequired":true,"valueName":"search_term_string"}}],"inLanguage":"fr-FR"}]}},"_links":{"self":[{"href":"https:\/\/www.azaros.eu\/fr\/wp-json\/wp\/v2\/product\/11392","targetHints":{"allow":["GET"]}}],"collection":[{"href":"https:\/\/www.azaros.eu\/fr\/wp-json\/wp\/v2\/product"}],"about":[{"href":"https:\/\/www.azaros.eu\/fr\/wp-json\/wp\/v2\/types\/product"}],"wp:featuredmedia":[{"embeddable":true,"href":"https:\/\/www.azaros.eu\/fr\/wp-json\/wp\/v2\/media\/7471"}],"wp:attachment":[{"href":"https:\/\/www.azaros.eu\/fr\/wp-json\/wp\/v2\/media?parent=11392"}],"wp:term":[{"taxonomy":"product_brand","embeddable":true,"href":"https:\/\/www.azaros.eu\/fr\/wp-json\/wp\/v2\/product_brand?post=11392"},{"taxonomy":"product_cat","embeddable":true,"href":"https:\/\/www.azaros.eu\/fr\/wp-json\/wp\/v2\/product_cat?post=11392"},{"taxonomy":"product_tag","embeddable":true,"href":"https:\/\/www.azaros.eu\/fr\/wp-json\/wp\/v2\/product_tag?post=11392"}],"curies":[{"name":"wp","href":"https:\/\/api.w.org\/{rel}","templated":true}]}}