{"id":11393,"date":"2024-06-11T08:50:24","date_gmt":"2024-06-11T07:50:24","guid":{"rendered":"https:\/\/www.azaros.eu\/producto\/ciment-secar-51\/"},"modified":"2024-06-11T08:50:24","modified_gmt":"2024-06-11T07:50:24","slug":"ciment-secar-51","status":"publish","type":"product","link":"https:\/\/www.azaros.eu\/fr\/produit\/ciment-secar-51\/","title":{"rendered":"Ciment Secar 51"},"content":{"rendered":"","protected":false},"excerpt":{"rendered":"<p>SECAR \u00ae 51 est un liant hydraulique, avec une teneur en alumine d&rsquo;environ 50%.<\/p>\n<p>SECAR\u00ae 51 est particuli\u00e8rement riche en aluminate monocalcique, ce qui conf\u00e8re d&rsquo;excellentes propri\u00e9t\u00e9s m\u00e9caniques aux mortiers et aux b\u00e9tons.<\/p>\n<p>La faible teneur en oxyde de fer de SECAR\u00ae 51, lorsqu&rsquo;il est combin\u00e9 avec des agr\u00e9gats appropri\u00e9s, produit des b\u00e9tons particuli\u00e8rement adapt\u00e9s pour supporter des conditions de travail s\u00e9v\u00e8res, notamment la pr\u00e9sence de monoxyde de carbone ou d&rsquo;autres atmosph\u00e8res r\u00e9ductrices.<\/p>\n<p>Les propri\u00e9t\u00e9s rh\u00e9ologiques de SECAR\u00ae 51 s\u2019adaptent bien \u00e0 tous les types de m\u00e9thodes de mise en place, notamment la coul\u00e9e et le gunitage. Il est recommand\u00e9 pour les applications n\u00e9cessitant des propri\u00e9t\u00e9s de durcissement rapide et de tr\u00e8s bonnes performances m\u00e9caniques. <\/p>\n<p>SECAR\u00ae 51 ne contient aucun additif, et il est recommand\u00e9 pour la fabrication de pr\u00e9m\u00e9langes r\u00e9fractaires.<\/p>\n","protected":false},"featured_media":7477,"template":"","meta":[],"product_brand":[],"product_cat":[250],"product_tag":[],"class_list":{"0":"post-11393","1":"product","2":"type-product","3":"status-publish","4":"has-post-thumbnail","6":"product_cat-ciments","8":"first","9":"instock","10":"shipping-taxable","11":"product-type-simple"},"yoast_head":"<!-- This site is optimized with the Yoast SEO plugin v27.4 - https:\/\/yoast.com\/product\/yoast-seo-wordpress\/ -->\n<title>Ciment Secar 51 - Azaros<\/title>\n<meta name=\"robots\" content=\"index, follow, max-snippet:-1, max-image-preview:large, max-video-preview:-1\" \/>\n<link rel=\"canonical\" href=\"https:\/\/www.azaros.eu\/fr\/produit\/ciment-secar-51\/\" \/>\n<meta property=\"og:locale\" content=\"fr_FR\" \/>\n<meta property=\"og:type\" content=\"article\" \/>\n<meta property=\"og:title\" content=\"Ciment Secar 51 - Azaros\" \/>\n<meta property=\"og:description\" content=\"SECAR \u00ae 51 est un liant hydraulique, avec une teneur en alumine d&#039;environ 50%. SECAR\u00ae 51 est particuli\u00e8rement riche en aluminate monocalcique, ce qui conf\u00e8re d&#039;excellentes propri\u00e9t\u00e9s m\u00e9caniques aux mortiers et aux b\u00e9tons. La faible teneur en oxyde de fer de SECAR\u00ae 51, lorsqu&#039;il est combin\u00e9 avec des agr\u00e9gats appropri\u00e9s, produit des b\u00e9tons particuli\u00e8rement adapt\u00e9s pour supporter des conditions de travail s\u00e9v\u00e8res, notamment la pr\u00e9sence de monoxyde de carbone ou d&#039;autres atmosph\u00e8res r\u00e9ductrices. Les propri\u00e9t\u00e9s rh\u00e9ologiques de SECAR\u00ae 51 s\u2019adaptent bien \u00e0 tous les types de m\u00e9thodes de mise en place, notamment la coul\u00e9e et le gunitage. Il est recommand\u00e9 pour les applications n\u00e9cessitant des propri\u00e9t\u00e9s de durcissement rapide et de tr\u00e8s bonnes performances m\u00e9caniques.  SECAR\u00ae 51 ne contient aucun additif, et il est recommand\u00e9 pour la fabrication de pr\u00e9m\u00e9langes r\u00e9fractaires.\" \/>\n<meta property=\"og:url\" content=\"https:\/\/www.azaros.eu\/fr\/produit\/ciment-secar-51\/\" \/>\n<meta property=\"og:site_name\" content=\"Azaros\" \/>\n<meta property=\"og:image\" content=\"https:\/\/www.azaros.eu\/wp-content\/uploads\/2024\/06\/AZAROS-Calcium-ALuminmate-Cement-Secar51.jpg\" \/>\n\t<meta property=\"og:image:width\" content=\"1200\" \/>\n\t<meta property=\"og:image:height\" content=\"700\" \/>\n\t<meta property=\"og:image:type\" content=\"image\/jpeg\" \/>\n<meta name=\"twitter:card\" content=\"summary_large_image\" \/>\n<script type=\"application\/ld+json\" class=\"yoast-schema-graph\">{\"@context\":\"https:\\\/\\\/schema.org\",\"@graph\":[{\"@type\":\"WebPage\",\"@id\":\"https:\\\/\\\/www.azaros.eu\\\/fr\\\/produit\\\/ciment-secar-51\\\/\",\"url\":\"https:\\\/\\\/www.azaros.eu\\\/fr\\\/produit\\\/ciment-secar-51\\\/\",\"name\":\"Ciment Secar 51 - Azaros\",\"isPartOf\":{\"@id\":\"https:\\\/\\\/www.azaros.eu\\\/fr\\\/#website\"},\"primaryImageOfPage\":{\"@id\":\"https:\\\/\\\/www.azaros.eu\\\/fr\\\/produit\\\/ciment-secar-51\\\/#primaryimage\"},\"image\":{\"@id\":\"https:\\\/\\\/www.azaros.eu\\\/fr\\\/produit\\\/ciment-secar-51\\\/#primaryimage\"},\"thumbnailUrl\":\"https:\\\/\\\/www.azaros.eu\\\/wp-content\\\/uploads\\\/2024\\\/06\\\/AZAROS-Calcium-ALuminmate-Cement-Secar51.jpg\",\"datePublished\":\"2024-06-11T07:50:24+00:00\",\"breadcrumb\":{\"@id\":\"https:\\\/\\\/www.azaros.eu\\\/fr\\\/produit\\\/ciment-secar-51\\\/#breadcrumb\"},\"inLanguage\":\"fr-FR\",\"potentialAction\":[{\"@type\":\"ReadAction\",\"target\":[\"https:\\\/\\\/www.azaros.eu\\\/fr\\\/produit\\\/ciment-secar-51\\\/\"]}]},{\"@type\":\"ImageObject\",\"inLanguage\":\"fr-FR\",\"@id\":\"https:\\\/\\\/www.azaros.eu\\\/fr\\\/produit\\\/ciment-secar-51\\\/#primaryimage\",\"url\":\"https:\\\/\\\/www.azaros.eu\\\/wp-content\\\/uploads\\\/2024\\\/06\\\/AZAROS-Calcium-ALuminmate-Cement-Secar51.jpg\",\"contentUrl\":\"https:\\\/\\\/www.azaros.eu\\\/wp-content\\\/uploads\\\/2024\\\/06\\\/AZAROS-Calcium-ALuminmate-Cement-Secar51.jpg\",\"width\":1200,\"height\":700},{\"@type\":\"BreadcrumbList\",\"@id\":\"https:\\\/\\\/www.azaros.eu\\\/fr\\\/produit\\\/ciment-secar-51\\\/#breadcrumb\",\"itemListElement\":[{\"@type\":\"ListItem\",\"position\":1,\"name\":\"Azaros\",\"item\":\"https:\\\/\\\/www.azaros.eu\\\/fr\\\/azaros-home\\\/\"},{\"@type\":\"ListItem\",\"position\":2,\"name\":\"Produits\",\"item\":\"https:\\\/\\\/www.azaros.eu\\\/fr\\\/produits\\\/\"},{\"@type\":\"ListItem\",\"position\":3,\"name\":\"IMERYS Mati\u00e8res Premi\u00e8res\",\"item\":\"https:\\\/\\\/www.azaros.eu\\\/fr\\\/produits\\\/imerys-matieres-premieres\\\/\"},{\"@type\":\"ListItem\",\"position\":4,\"name\":\"Ciments\",\"item\":\"https:\\\/\\\/www.azaros.eu\\\/fr\\\/produits\\\/imerys-matieres-premieres\\\/ciments\\\/\"},{\"@type\":\"ListItem\",\"position\":5,\"name\":\"Ciment Secar 51\"}]},{\"@type\":\"WebSite\",\"@id\":\"https:\\\/\\\/www.azaros.eu\\\/fr\\\/#website\",\"url\":\"https:\\\/\\\/www.azaros.eu\\\/fr\\\/\",\"name\":\"Azaros\",\"description\":\"Fabricamos, distribuimos y comercializamos una gran gama de suministros.\",\"potentialAction\":[{\"@type\":\"SearchAction\",\"target\":{\"@type\":\"EntryPoint\",\"urlTemplate\":\"https:\\\/\\\/www.azaros.eu\\\/fr\\\/?s={search_term_string}\"},\"query-input\":{\"@type\":\"PropertyValueSpecification\",\"valueRequired\":true,\"valueName\":\"search_term_string\"}}],\"inLanguage\":\"fr-FR\"}]}<\/script>\n<!-- \/ Yoast SEO plugin. -->","yoast_head_json":{"title":"Ciment Secar 51 - Azaros","robots":{"index":"index","follow":"follow","max-snippet":"max-snippet:-1","max-image-preview":"max-image-preview:large","max-video-preview":"max-video-preview:-1"},"canonical":"https:\/\/www.azaros.eu\/fr\/produit\/ciment-secar-51\/","og_locale":"fr_FR","og_type":"article","og_title":"Ciment Secar 51 - Azaros","og_description":"SECAR \u00ae 51 est un liant hydraulique, avec une teneur en alumine d'environ 50%. SECAR\u00ae 51 est particuli\u00e8rement riche en aluminate monocalcique, ce qui conf\u00e8re d'excellentes propri\u00e9t\u00e9s m\u00e9caniques aux mortiers et aux b\u00e9tons. La faible teneur en oxyde de fer de SECAR\u00ae 51, lorsqu'il est combin\u00e9 avec des agr\u00e9gats appropri\u00e9s, produit des b\u00e9tons particuli\u00e8rement adapt\u00e9s pour supporter des conditions de travail s\u00e9v\u00e8res, notamment la pr\u00e9sence de monoxyde de carbone ou d'autres atmosph\u00e8res r\u00e9ductrices. Les propri\u00e9t\u00e9s rh\u00e9ologiques de SECAR\u00ae 51 s\u2019adaptent bien \u00e0 tous les types de m\u00e9thodes de mise en place, notamment la coul\u00e9e et le gunitage. Il est recommand\u00e9 pour les applications n\u00e9cessitant des propri\u00e9t\u00e9s de durcissement rapide et de tr\u00e8s bonnes performances m\u00e9caniques.  SECAR\u00ae 51 ne contient aucun additif, et il est recommand\u00e9 pour la fabrication de pr\u00e9m\u00e9langes r\u00e9fractaires.","og_url":"https:\/\/www.azaros.eu\/fr\/produit\/ciment-secar-51\/","og_site_name":"Azaros","og_image":[{"width":1200,"height":700,"url":"https:\/\/www.azaros.eu\/wp-content\/uploads\/2024\/06\/AZAROS-Calcium-ALuminmate-Cement-Secar51.jpg","type":"image\/jpeg"}],"twitter_card":"summary_large_image","schema":{"@context":"https:\/\/schema.org","@graph":[{"@type":"WebPage","@id":"https:\/\/www.azaros.eu\/fr\/produit\/ciment-secar-51\/","url":"https:\/\/www.azaros.eu\/fr\/produit\/ciment-secar-51\/","name":"Ciment Secar 51 - Azaros","isPartOf":{"@id":"https:\/\/www.azaros.eu\/fr\/#website"},"primaryImageOfPage":{"@id":"https:\/\/www.azaros.eu\/fr\/produit\/ciment-secar-51\/#primaryimage"},"image":{"@id":"https:\/\/www.azaros.eu\/fr\/produit\/ciment-secar-51\/#primaryimage"},"thumbnailUrl":"https:\/\/www.azaros.eu\/wp-content\/uploads\/2024\/06\/AZAROS-Calcium-ALuminmate-Cement-Secar51.jpg","datePublished":"2024-06-11T07:50:24+00:00","breadcrumb":{"@id":"https:\/\/www.azaros.eu\/fr\/produit\/ciment-secar-51\/#breadcrumb"},"inLanguage":"fr-FR","potentialAction":[{"@type":"ReadAction","target":["https:\/\/www.azaros.eu\/fr\/produit\/ciment-secar-51\/"]}]},{"@type":"ImageObject","inLanguage":"fr-FR","@id":"https:\/\/www.azaros.eu\/fr\/produit\/ciment-secar-51\/#primaryimage","url":"https:\/\/www.azaros.eu\/wp-content\/uploads\/2024\/06\/AZAROS-Calcium-ALuminmate-Cement-Secar51.jpg","contentUrl":"https:\/\/www.azaros.eu\/wp-content\/uploads\/2024\/06\/AZAROS-Calcium-ALuminmate-Cement-Secar51.jpg","width":1200,"height":700},{"@type":"BreadcrumbList","@id":"https:\/\/www.azaros.eu\/fr\/produit\/ciment-secar-51\/#breadcrumb","itemListElement":[{"@type":"ListItem","position":1,"name":"Azaros","item":"https:\/\/www.azaros.eu\/fr\/azaros-home\/"},{"@type":"ListItem","position":2,"name":"Produits","item":"https:\/\/www.azaros.eu\/fr\/produits\/"},{"@type":"ListItem","position":3,"name":"IMERYS Mati\u00e8res Premi\u00e8res","item":"https:\/\/www.azaros.eu\/fr\/produits\/imerys-matieres-premieres\/"},{"@type":"ListItem","position":4,"name":"Ciments","item":"https:\/\/www.azaros.eu\/fr\/produits\/imerys-matieres-premieres\/ciments\/"},{"@type":"ListItem","position":5,"name":"Ciment Secar 51"}]},{"@type":"WebSite","@id":"https:\/\/www.azaros.eu\/fr\/#website","url":"https:\/\/www.azaros.eu\/fr\/","name":"Azaros","description":"Fabricamos, distribuimos y comercializamos una gran gama de suministros.","potentialAction":[{"@type":"SearchAction","target":{"@type":"EntryPoint","urlTemplate":"https:\/\/www.azaros.eu\/fr\/?s={search_term_string}"},"query-input":{"@type":"PropertyValueSpecification","valueRequired":true,"valueName":"search_term_string"}}],"inLanguage":"fr-FR"}]}},"_links":{"self":[{"href":"https:\/\/www.azaros.eu\/fr\/wp-json\/wp\/v2\/product\/11393","targetHints":{"allow":["GET"]}}],"collection":[{"href":"https:\/\/www.azaros.eu\/fr\/wp-json\/wp\/v2\/product"}],"about":[{"href":"https:\/\/www.azaros.eu\/fr\/wp-json\/wp\/v2\/types\/product"}],"wp:featuredmedia":[{"embeddable":true,"href":"https:\/\/www.azaros.eu\/fr\/wp-json\/wp\/v2\/media\/7477"}],"wp:attachment":[{"href":"https:\/\/www.azaros.eu\/fr\/wp-json\/wp\/v2\/media?parent=11393"}],"wp:term":[{"taxonomy":"product_brand","embeddable":true,"href":"https:\/\/www.azaros.eu\/fr\/wp-json\/wp\/v2\/product_brand?post=11393"},{"taxonomy":"product_cat","embeddable":true,"href":"https:\/\/www.azaros.eu\/fr\/wp-json\/wp\/v2\/product_cat?post=11393"},{"taxonomy":"product_tag","embeddable":true,"href":"https:\/\/www.azaros.eu\/fr\/wp-json\/wp\/v2\/product_tag?post=11393"}],"curies":[{"name":"wp","href":"https:\/\/api.w.org\/{rel}","templated":true}]}}