{"id":11394,"date":"2024-06-11T08:50:22","date_gmt":"2024-06-11T07:50:22","guid":{"rendered":"https:\/\/www.azaros.eu\/producto\/ciment-secar-71\/"},"modified":"2024-06-11T08:50:22","modified_gmt":"2024-06-11T07:50:22","slug":"ciment-secar-71","status":"publish","type":"product","link":"https:\/\/www.azaros.eu\/fr\/produit\/ciment-secar-71\/","title":{"rendered":"Ciment Secar 71"},"content":{"rendered":"","protected":false},"excerpt":{"rendered":"<p>SECAR\u00ae 71 est un liant hydraulique polyvalent avec une teneur en alumine d&rsquo;environ 70%, con\u00e7u pour \u00eatre utilis\u00e9 \u00e0 des temp\u00e9ratures sup\u00e9rieures \u00e0 1400 \u00b0C.<\/p>\n<p>SECAR\u00ae 71 ne contient aucun additif.<\/p>\n<p>Les propri\u00e9t\u00e9s rh\u00e9ologiques de SECAR\u00ae 71 s\u2019adaptent bien \u00e0 tous les types de m\u00e9thodes de mise en place, notamment la coul\u00e9e et le gunitage.<\/p>\n<p>La chimie de SECAR\u00ae 71 est particuli\u00e8rement adapt\u00e9e aux conditions o\u00f9 la puret\u00e9 est essentielle, c&rsquo;est-\u00e0-dire dans des atmosph\u00e8res de monoxyde de carbone et d&rsquo;hydrog\u00e8ne.<\/p>\n","protected":false},"featured_media":7483,"template":"","meta":[],"product_brand":[],"product_cat":[250],"product_tag":[],"class_list":{"0":"post-11394","1":"product","2":"type-product","3":"status-publish","4":"has-post-thumbnail","6":"product_cat-ciments","8":"first","9":"instock","10":"shipping-taxable","11":"product-type-simple"},"yoast_head":"<!-- This site is optimized with the Yoast SEO plugin v27.4 - https:\/\/yoast.com\/product\/yoast-seo-wordpress\/ -->\n<title>Ciment Secar 71 - Azaros<\/title>\n<meta name=\"robots\" content=\"index, follow, max-snippet:-1, max-image-preview:large, max-video-preview:-1\" \/>\n<link rel=\"canonical\" href=\"https:\/\/www.azaros.eu\/fr\/produit\/ciment-secar-71\/\" \/>\n<meta property=\"og:locale\" content=\"fr_FR\" \/>\n<meta property=\"og:type\" content=\"article\" \/>\n<meta property=\"og:title\" content=\"Ciment Secar 71 - Azaros\" \/>\n<meta property=\"og:description\" content=\"SECAR\u00ae 71 est un liant hydraulique polyvalent avec une teneur en alumine d&#039;environ 70%, con\u00e7u pour \u00eatre utilis\u00e9 \u00e0 des temp\u00e9ratures sup\u00e9rieures \u00e0 1400 \u00b0C. SECAR\u00ae 71 ne contient aucun additif. Les propri\u00e9t\u00e9s rh\u00e9ologiques de SECAR\u00ae 71 s\u2019adaptent bien \u00e0 tous les types de m\u00e9thodes de mise en place, notamment la coul\u00e9e et le gunitage. La chimie de SECAR\u00ae 71 est particuli\u00e8rement adapt\u00e9e aux conditions o\u00f9 la puret\u00e9 est essentielle, c&#039;est-\u00e0-dire dans des atmosph\u00e8res de monoxyde de carbone et d&#039;hydrog\u00e8ne.\" \/>\n<meta property=\"og:url\" content=\"https:\/\/www.azaros.eu\/fr\/produit\/ciment-secar-71\/\" \/>\n<meta property=\"og:site_name\" content=\"Azaros\" \/>\n<meta property=\"og:image\" content=\"https:\/\/www.azaros.eu\/wp-content\/uploads\/2024\/06\/AZAROS-Calcium-ALuminmate-Cement-Secar-71.jpg\" \/>\n\t<meta property=\"og:image:width\" content=\"1200\" \/>\n\t<meta property=\"og:image:height\" content=\"700\" \/>\n\t<meta property=\"og:image:type\" content=\"image\/jpeg\" \/>\n<meta name=\"twitter:card\" content=\"summary_large_image\" \/>\n<script type=\"application\/ld+json\" class=\"yoast-schema-graph\">{\"@context\":\"https:\\\/\\\/schema.org\",\"@graph\":[{\"@type\":\"WebPage\",\"@id\":\"https:\\\/\\\/www.azaros.eu\\\/fr\\\/produit\\\/ciment-secar-71\\\/\",\"url\":\"https:\\\/\\\/www.azaros.eu\\\/fr\\\/produit\\\/ciment-secar-71\\\/\",\"name\":\"Ciment Secar 71 - Azaros\",\"isPartOf\":{\"@id\":\"https:\\\/\\\/www.azaros.eu\\\/fr\\\/#website\"},\"primaryImageOfPage\":{\"@id\":\"https:\\\/\\\/www.azaros.eu\\\/fr\\\/produit\\\/ciment-secar-71\\\/#primaryimage\"},\"image\":{\"@id\":\"https:\\\/\\\/www.azaros.eu\\\/fr\\\/produit\\\/ciment-secar-71\\\/#primaryimage\"},\"thumbnailUrl\":\"https:\\\/\\\/www.azaros.eu\\\/wp-content\\\/uploads\\\/2024\\\/06\\\/AZAROS-Calcium-ALuminmate-Cement-Secar-71.jpg\",\"datePublished\":\"2024-06-11T07:50:22+00:00\",\"breadcrumb\":{\"@id\":\"https:\\\/\\\/www.azaros.eu\\\/fr\\\/produit\\\/ciment-secar-71\\\/#breadcrumb\"},\"inLanguage\":\"fr-FR\",\"potentialAction\":[{\"@type\":\"ReadAction\",\"target\":[\"https:\\\/\\\/www.azaros.eu\\\/fr\\\/produit\\\/ciment-secar-71\\\/\"]}]},{\"@type\":\"ImageObject\",\"inLanguage\":\"fr-FR\",\"@id\":\"https:\\\/\\\/www.azaros.eu\\\/fr\\\/produit\\\/ciment-secar-71\\\/#primaryimage\",\"url\":\"https:\\\/\\\/www.azaros.eu\\\/wp-content\\\/uploads\\\/2024\\\/06\\\/AZAROS-Calcium-ALuminmate-Cement-Secar-71.jpg\",\"contentUrl\":\"https:\\\/\\\/www.azaros.eu\\\/wp-content\\\/uploads\\\/2024\\\/06\\\/AZAROS-Calcium-ALuminmate-Cement-Secar-71.jpg\",\"width\":1200,\"height\":700},{\"@type\":\"BreadcrumbList\",\"@id\":\"https:\\\/\\\/www.azaros.eu\\\/fr\\\/produit\\\/ciment-secar-71\\\/#breadcrumb\",\"itemListElement\":[{\"@type\":\"ListItem\",\"position\":1,\"name\":\"Azaros\",\"item\":\"https:\\\/\\\/www.azaros.eu\\\/fr\\\/azaros-home\\\/\"},{\"@type\":\"ListItem\",\"position\":2,\"name\":\"Produits\",\"item\":\"https:\\\/\\\/www.azaros.eu\\\/fr\\\/produits\\\/\"},{\"@type\":\"ListItem\",\"position\":3,\"name\":\"IMERYS Mati\u00e8res Premi\u00e8res\",\"item\":\"https:\\\/\\\/www.azaros.eu\\\/fr\\\/produits\\\/imerys-matieres-premieres\\\/\"},{\"@type\":\"ListItem\",\"position\":4,\"name\":\"Ciments\",\"item\":\"https:\\\/\\\/www.azaros.eu\\\/fr\\\/produits\\\/imerys-matieres-premieres\\\/ciments\\\/\"},{\"@type\":\"ListItem\",\"position\":5,\"name\":\"Ciment Secar 71\"}]},{\"@type\":\"WebSite\",\"@id\":\"https:\\\/\\\/www.azaros.eu\\\/fr\\\/#website\",\"url\":\"https:\\\/\\\/www.azaros.eu\\\/fr\\\/\",\"name\":\"Azaros\",\"description\":\"Fabricamos, distribuimos y comercializamos una gran gama de suministros.\",\"potentialAction\":[{\"@type\":\"SearchAction\",\"target\":{\"@type\":\"EntryPoint\",\"urlTemplate\":\"https:\\\/\\\/www.azaros.eu\\\/fr\\\/?s={search_term_string}\"},\"query-input\":{\"@type\":\"PropertyValueSpecification\",\"valueRequired\":true,\"valueName\":\"search_term_string\"}}],\"inLanguage\":\"fr-FR\"}]}<\/script>\n<!-- \/ Yoast SEO plugin. -->","yoast_head_json":{"title":"Ciment Secar 71 - Azaros","robots":{"index":"index","follow":"follow","max-snippet":"max-snippet:-1","max-image-preview":"max-image-preview:large","max-video-preview":"max-video-preview:-1"},"canonical":"https:\/\/www.azaros.eu\/fr\/produit\/ciment-secar-71\/","og_locale":"fr_FR","og_type":"article","og_title":"Ciment Secar 71 - Azaros","og_description":"SECAR\u00ae 71 est un liant hydraulique polyvalent avec une teneur en alumine d'environ 70%, con\u00e7u pour \u00eatre utilis\u00e9 \u00e0 des temp\u00e9ratures sup\u00e9rieures \u00e0 1400 \u00b0C. SECAR\u00ae 71 ne contient aucun additif. Les propri\u00e9t\u00e9s rh\u00e9ologiques de SECAR\u00ae 71 s\u2019adaptent bien \u00e0 tous les types de m\u00e9thodes de mise en place, notamment la coul\u00e9e et le gunitage. La chimie de SECAR\u00ae 71 est particuli\u00e8rement adapt\u00e9e aux conditions o\u00f9 la puret\u00e9 est essentielle, c'est-\u00e0-dire dans des atmosph\u00e8res de monoxyde de carbone et d'hydrog\u00e8ne.","og_url":"https:\/\/www.azaros.eu\/fr\/produit\/ciment-secar-71\/","og_site_name":"Azaros","og_image":[{"width":1200,"height":700,"url":"https:\/\/www.azaros.eu\/wp-content\/uploads\/2024\/06\/AZAROS-Calcium-ALuminmate-Cement-Secar-71.jpg","type":"image\/jpeg"}],"twitter_card":"summary_large_image","schema":{"@context":"https:\/\/schema.org","@graph":[{"@type":"WebPage","@id":"https:\/\/www.azaros.eu\/fr\/produit\/ciment-secar-71\/","url":"https:\/\/www.azaros.eu\/fr\/produit\/ciment-secar-71\/","name":"Ciment Secar 71 - Azaros","isPartOf":{"@id":"https:\/\/www.azaros.eu\/fr\/#website"},"primaryImageOfPage":{"@id":"https:\/\/www.azaros.eu\/fr\/produit\/ciment-secar-71\/#primaryimage"},"image":{"@id":"https:\/\/www.azaros.eu\/fr\/produit\/ciment-secar-71\/#primaryimage"},"thumbnailUrl":"https:\/\/www.azaros.eu\/wp-content\/uploads\/2024\/06\/AZAROS-Calcium-ALuminmate-Cement-Secar-71.jpg","datePublished":"2024-06-11T07:50:22+00:00","breadcrumb":{"@id":"https:\/\/www.azaros.eu\/fr\/produit\/ciment-secar-71\/#breadcrumb"},"inLanguage":"fr-FR","potentialAction":[{"@type":"ReadAction","target":["https:\/\/www.azaros.eu\/fr\/produit\/ciment-secar-71\/"]}]},{"@type":"ImageObject","inLanguage":"fr-FR","@id":"https:\/\/www.azaros.eu\/fr\/produit\/ciment-secar-71\/#primaryimage","url":"https:\/\/www.azaros.eu\/wp-content\/uploads\/2024\/06\/AZAROS-Calcium-ALuminmate-Cement-Secar-71.jpg","contentUrl":"https:\/\/www.azaros.eu\/wp-content\/uploads\/2024\/06\/AZAROS-Calcium-ALuminmate-Cement-Secar-71.jpg","width":1200,"height":700},{"@type":"BreadcrumbList","@id":"https:\/\/www.azaros.eu\/fr\/produit\/ciment-secar-71\/#breadcrumb","itemListElement":[{"@type":"ListItem","position":1,"name":"Azaros","item":"https:\/\/www.azaros.eu\/fr\/azaros-home\/"},{"@type":"ListItem","position":2,"name":"Produits","item":"https:\/\/www.azaros.eu\/fr\/produits\/"},{"@type":"ListItem","position":3,"name":"IMERYS Mati\u00e8res Premi\u00e8res","item":"https:\/\/www.azaros.eu\/fr\/produits\/imerys-matieres-premieres\/"},{"@type":"ListItem","position":4,"name":"Ciments","item":"https:\/\/www.azaros.eu\/fr\/produits\/imerys-matieres-premieres\/ciments\/"},{"@type":"ListItem","position":5,"name":"Ciment Secar 71"}]},{"@type":"WebSite","@id":"https:\/\/www.azaros.eu\/fr\/#website","url":"https:\/\/www.azaros.eu\/fr\/","name":"Azaros","description":"Fabricamos, distribuimos y comercializamos una gran gama de suministros.","potentialAction":[{"@type":"SearchAction","target":{"@type":"EntryPoint","urlTemplate":"https:\/\/www.azaros.eu\/fr\/?s={search_term_string}"},"query-input":{"@type":"PropertyValueSpecification","valueRequired":true,"valueName":"search_term_string"}}],"inLanguage":"fr-FR"}]}},"_links":{"self":[{"href":"https:\/\/www.azaros.eu\/fr\/wp-json\/wp\/v2\/product\/11394","targetHints":{"allow":["GET"]}}],"collection":[{"href":"https:\/\/www.azaros.eu\/fr\/wp-json\/wp\/v2\/product"}],"about":[{"href":"https:\/\/www.azaros.eu\/fr\/wp-json\/wp\/v2\/types\/product"}],"wp:featuredmedia":[{"embeddable":true,"href":"https:\/\/www.azaros.eu\/fr\/wp-json\/wp\/v2\/media\/7483"}],"wp:attachment":[{"href":"https:\/\/www.azaros.eu\/fr\/wp-json\/wp\/v2\/media?parent=11394"}],"wp:term":[{"taxonomy":"product_brand","embeddable":true,"href":"https:\/\/www.azaros.eu\/fr\/wp-json\/wp\/v2\/product_brand?post=11394"},{"taxonomy":"product_cat","embeddable":true,"href":"https:\/\/www.azaros.eu\/fr\/wp-json\/wp\/v2\/product_cat?post=11394"},{"taxonomy":"product_tag","embeddable":true,"href":"https:\/\/www.azaros.eu\/fr\/wp-json\/wp\/v2\/product_tag?post=11394"}],"curies":[{"name":"wp","href":"https:\/\/api.w.org\/{rel}","templated":true}]}}