{"id":11395,"date":"2024-09-26T08:46:25","date_gmt":"2024-09-26T07:46:25","guid":{"rendered":"https:\/\/www.azaros.eu\/producto\/cma-72\/"},"modified":"2024-09-26T08:46:25","modified_gmt":"2024-09-26T07:46:25","slug":"cma-72","status":"publish","type":"product","link":"https:\/\/www.azaros.eu\/fr\/produit\/cma-72\/","title":{"rendered":"CMA 72"},"content":{"rendered":"","protected":false},"excerpt":{"rendered":"<p>CMA 72 est un liant hydraulique \u00e0 haute teneur en aluminate calcique, sp\u00e9cialement con\u00e7u pour des applications r\u00e9fractaires n\u00e9cessitant une r\u00e9sistance \u00e0 des temp\u00e9ratures extr\u00eames. Gr\u00e2ce \u00e0 sa formulation, il offre une bonne stabilit\u00e9 thermique et m\u00e9canique, ainsi qu&rsquo;un durcissement rapide, ce qui le rend id\u00e9al pour les rev\u00eatements de fours et autres installations industrielles. <\/p>\n","protected":false},"featured_media":7471,"template":"","meta":[],"product_brand":[],"product_cat":[250],"product_tag":[],"class_list":{"0":"post-11395","1":"product","2":"type-product","3":"status-publish","4":"has-post-thumbnail","6":"product_cat-ciments","8":"first","9":"instock","10":"shipping-taxable","11":"product-type-simple"},"yoast_head":"<!-- This site is optimized with the Yoast SEO plugin v27.4 - https:\/\/yoast.com\/product\/yoast-seo-wordpress\/ -->\n<title>CMA 72 - Azaros<\/title>\n<meta name=\"robots\" content=\"index, follow, max-snippet:-1, max-image-preview:large, max-video-preview:-1\" \/>\n<link rel=\"canonical\" href=\"https:\/\/www.azaros.eu\/fr\/produit\/cma-72\/\" \/>\n<meta property=\"og:locale\" content=\"fr_FR\" \/>\n<meta property=\"og:type\" content=\"article\" \/>\n<meta property=\"og:title\" content=\"CMA 72 - Azaros\" \/>\n<meta property=\"og:description\" content=\"CMA 72 est un liant hydraulique \u00e0 haute teneur en aluminate calcique, sp\u00e9cialement con\u00e7u pour des applications r\u00e9fractaires n\u00e9cessitant une r\u00e9sistance \u00e0 des temp\u00e9ratures extr\u00eames. Gr\u00e2ce \u00e0 sa formulation, il offre une bonne stabilit\u00e9 thermique et m\u00e9canique, ainsi qu&#039;un durcissement rapide, ce qui le rend id\u00e9al pour les rev\u00eatements de fours et autres installations industrielles.\" \/>\n<meta property=\"og:url\" content=\"https:\/\/www.azaros.eu\/fr\/produit\/cma-72\/\" \/>\n<meta property=\"og:site_name\" content=\"Azaros\" \/>\n<meta property=\"og:image\" content=\"https:\/\/www.azaros.eu\/wp-content\/uploads\/2024\/06\/AZAROS-Calcium-ALuminmate-Cement.jpg\" \/>\n\t<meta property=\"og:image:width\" content=\"1200\" \/>\n\t<meta property=\"og:image:height\" content=\"700\" \/>\n\t<meta property=\"og:image:type\" content=\"image\/jpeg\" \/>\n<meta name=\"twitter:card\" content=\"summary_large_image\" \/>\n<script type=\"application\/ld+json\" class=\"yoast-schema-graph\">{\"@context\":\"https:\\\/\\\/schema.org\",\"@graph\":[{\"@type\":\"WebPage\",\"@id\":\"https:\\\/\\\/www.azaros.eu\\\/fr\\\/produit\\\/cma-72\\\/\",\"url\":\"https:\\\/\\\/www.azaros.eu\\\/fr\\\/produit\\\/cma-72\\\/\",\"name\":\"CMA 72 - Azaros\",\"isPartOf\":{\"@id\":\"https:\\\/\\\/www.azaros.eu\\\/fr\\\/#website\"},\"primaryImageOfPage\":{\"@id\":\"https:\\\/\\\/www.azaros.eu\\\/fr\\\/produit\\\/cma-72\\\/#primaryimage\"},\"image\":{\"@id\":\"https:\\\/\\\/www.azaros.eu\\\/fr\\\/produit\\\/cma-72\\\/#primaryimage\"},\"thumbnailUrl\":\"https:\\\/\\\/www.azaros.eu\\\/wp-content\\\/uploads\\\/2024\\\/06\\\/AZAROS-Calcium-ALuminmate-Cement.jpg\",\"datePublished\":\"2024-09-26T07:46:25+00:00\",\"breadcrumb\":{\"@id\":\"https:\\\/\\\/www.azaros.eu\\\/fr\\\/produit\\\/cma-72\\\/#breadcrumb\"},\"inLanguage\":\"fr-FR\",\"potentialAction\":[{\"@type\":\"ReadAction\",\"target\":[\"https:\\\/\\\/www.azaros.eu\\\/fr\\\/produit\\\/cma-72\\\/\"]}]},{\"@type\":\"ImageObject\",\"inLanguage\":\"fr-FR\",\"@id\":\"https:\\\/\\\/www.azaros.eu\\\/fr\\\/produit\\\/cma-72\\\/#primaryimage\",\"url\":\"https:\\\/\\\/www.azaros.eu\\\/wp-content\\\/uploads\\\/2024\\\/06\\\/AZAROS-Calcium-ALuminmate-Cement.jpg\",\"contentUrl\":\"https:\\\/\\\/www.azaros.eu\\\/wp-content\\\/uploads\\\/2024\\\/06\\\/AZAROS-Calcium-ALuminmate-Cement.jpg\",\"width\":1200,\"height\":700},{\"@type\":\"BreadcrumbList\",\"@id\":\"https:\\\/\\\/www.azaros.eu\\\/fr\\\/produit\\\/cma-72\\\/#breadcrumb\",\"itemListElement\":[{\"@type\":\"ListItem\",\"position\":1,\"name\":\"Azaros\",\"item\":\"https:\\\/\\\/www.azaros.eu\\\/fr\\\/azaros-home\\\/\"},{\"@type\":\"ListItem\",\"position\":2,\"name\":\"Produits\",\"item\":\"https:\\\/\\\/www.azaros.eu\\\/fr\\\/produits\\\/\"},{\"@type\":\"ListItem\",\"position\":3,\"name\":\"IMERYS Mati\u00e8res Premi\u00e8res\",\"item\":\"https:\\\/\\\/www.azaros.eu\\\/fr\\\/produits\\\/imerys-matieres-premieres\\\/\"},{\"@type\":\"ListItem\",\"position\":4,\"name\":\"Ciments\",\"item\":\"https:\\\/\\\/www.azaros.eu\\\/fr\\\/produits\\\/imerys-matieres-premieres\\\/ciments\\\/\"},{\"@type\":\"ListItem\",\"position\":5,\"name\":\"CMA 72\"}]},{\"@type\":\"WebSite\",\"@id\":\"https:\\\/\\\/www.azaros.eu\\\/fr\\\/#website\",\"url\":\"https:\\\/\\\/www.azaros.eu\\\/fr\\\/\",\"name\":\"Azaros\",\"description\":\"Fabricamos, distribuimos y comercializamos una gran gama de suministros.\",\"potentialAction\":[{\"@type\":\"SearchAction\",\"target\":{\"@type\":\"EntryPoint\",\"urlTemplate\":\"https:\\\/\\\/www.azaros.eu\\\/fr\\\/?s={search_term_string}\"},\"query-input\":{\"@type\":\"PropertyValueSpecification\",\"valueRequired\":true,\"valueName\":\"search_term_string\"}}],\"inLanguage\":\"fr-FR\"}]}<\/script>\n<!-- \/ Yoast SEO plugin. -->","yoast_head_json":{"title":"CMA 72 - Azaros","robots":{"index":"index","follow":"follow","max-snippet":"max-snippet:-1","max-image-preview":"max-image-preview:large","max-video-preview":"max-video-preview:-1"},"canonical":"https:\/\/www.azaros.eu\/fr\/produit\/cma-72\/","og_locale":"fr_FR","og_type":"article","og_title":"CMA 72 - Azaros","og_description":"CMA 72 est un liant hydraulique \u00e0 haute teneur en aluminate calcique, sp\u00e9cialement con\u00e7u pour des applications r\u00e9fractaires n\u00e9cessitant une r\u00e9sistance \u00e0 des temp\u00e9ratures extr\u00eames. Gr\u00e2ce \u00e0 sa formulation, il offre une bonne stabilit\u00e9 thermique et m\u00e9canique, ainsi qu'un durcissement rapide, ce qui le rend id\u00e9al pour les rev\u00eatements de fours et autres installations industrielles.","og_url":"https:\/\/www.azaros.eu\/fr\/produit\/cma-72\/","og_site_name":"Azaros","og_image":[{"width":1200,"height":700,"url":"https:\/\/www.azaros.eu\/wp-content\/uploads\/2024\/06\/AZAROS-Calcium-ALuminmate-Cement.jpg","type":"image\/jpeg"}],"twitter_card":"summary_large_image","schema":{"@context":"https:\/\/schema.org","@graph":[{"@type":"WebPage","@id":"https:\/\/www.azaros.eu\/fr\/produit\/cma-72\/","url":"https:\/\/www.azaros.eu\/fr\/produit\/cma-72\/","name":"CMA 72 - Azaros","isPartOf":{"@id":"https:\/\/www.azaros.eu\/fr\/#website"},"primaryImageOfPage":{"@id":"https:\/\/www.azaros.eu\/fr\/produit\/cma-72\/#primaryimage"},"image":{"@id":"https:\/\/www.azaros.eu\/fr\/produit\/cma-72\/#primaryimage"},"thumbnailUrl":"https:\/\/www.azaros.eu\/wp-content\/uploads\/2024\/06\/AZAROS-Calcium-ALuminmate-Cement.jpg","datePublished":"2024-09-26T07:46:25+00:00","breadcrumb":{"@id":"https:\/\/www.azaros.eu\/fr\/produit\/cma-72\/#breadcrumb"},"inLanguage":"fr-FR","potentialAction":[{"@type":"ReadAction","target":["https:\/\/www.azaros.eu\/fr\/produit\/cma-72\/"]}]},{"@type":"ImageObject","inLanguage":"fr-FR","@id":"https:\/\/www.azaros.eu\/fr\/produit\/cma-72\/#primaryimage","url":"https:\/\/www.azaros.eu\/wp-content\/uploads\/2024\/06\/AZAROS-Calcium-ALuminmate-Cement.jpg","contentUrl":"https:\/\/www.azaros.eu\/wp-content\/uploads\/2024\/06\/AZAROS-Calcium-ALuminmate-Cement.jpg","width":1200,"height":700},{"@type":"BreadcrumbList","@id":"https:\/\/www.azaros.eu\/fr\/produit\/cma-72\/#breadcrumb","itemListElement":[{"@type":"ListItem","position":1,"name":"Azaros","item":"https:\/\/www.azaros.eu\/fr\/azaros-home\/"},{"@type":"ListItem","position":2,"name":"Produits","item":"https:\/\/www.azaros.eu\/fr\/produits\/"},{"@type":"ListItem","position":3,"name":"IMERYS Mati\u00e8res Premi\u00e8res","item":"https:\/\/www.azaros.eu\/fr\/produits\/imerys-matieres-premieres\/"},{"@type":"ListItem","position":4,"name":"Ciments","item":"https:\/\/www.azaros.eu\/fr\/produits\/imerys-matieres-premieres\/ciments\/"},{"@type":"ListItem","position":5,"name":"CMA 72"}]},{"@type":"WebSite","@id":"https:\/\/www.azaros.eu\/fr\/#website","url":"https:\/\/www.azaros.eu\/fr\/","name":"Azaros","description":"Fabricamos, distribuimos y comercializamos una gran gama de suministros.","potentialAction":[{"@type":"SearchAction","target":{"@type":"EntryPoint","urlTemplate":"https:\/\/www.azaros.eu\/fr\/?s={search_term_string}"},"query-input":{"@type":"PropertyValueSpecification","valueRequired":true,"valueName":"search_term_string"}}],"inLanguage":"fr-FR"}]}},"_links":{"self":[{"href":"https:\/\/www.azaros.eu\/fr\/wp-json\/wp\/v2\/product\/11395","targetHints":{"allow":["GET"]}}],"collection":[{"href":"https:\/\/www.azaros.eu\/fr\/wp-json\/wp\/v2\/product"}],"about":[{"href":"https:\/\/www.azaros.eu\/fr\/wp-json\/wp\/v2\/types\/product"}],"wp:featuredmedia":[{"embeddable":true,"href":"https:\/\/www.azaros.eu\/fr\/wp-json\/wp\/v2\/media\/7471"}],"wp:attachment":[{"href":"https:\/\/www.azaros.eu\/fr\/wp-json\/wp\/v2\/media?parent=11395"}],"wp:term":[{"taxonomy":"product_brand","embeddable":true,"href":"https:\/\/www.azaros.eu\/fr\/wp-json\/wp\/v2\/product_brand?post=11395"},{"taxonomy":"product_cat","embeddable":true,"href":"https:\/\/www.azaros.eu\/fr\/wp-json\/wp\/v2\/product_cat?post=11395"},{"taxonomy":"product_tag","embeddable":true,"href":"https:\/\/www.azaros.eu\/fr\/wp-json\/wp\/v2\/product_tag?post=11395"}],"curies":[{"name":"wp","href":"https:\/\/api.w.org\/{rel}","templated":true}]}}