{"id":11401,"date":"2024-09-26T08:43:33","date_gmt":"2024-09-26T07:43:33","guid":{"rendered":"https:\/\/www.azaros.eu\/producto\/clayrac-milled-37\/"},"modified":"2025-05-26T15:04:13","modified_gmt":"2025-05-26T14:04:13","slug":"clayrac-milled-37","status":"publish","type":"product","link":"https:\/\/www.azaros.eu\/fr\/produit\/clayrac-milled-37\/","title":{"rendered":"Clayrac Milled 37"},"content":{"rendered":"<div class=\"row\"  id=\"row-137699807\">\n\n\t<div id=\"col-158972106\" class=\"col medium-12 small-12 large-12\"  >\n\t\t\t\t<div class=\"col-inner\"  >\n\t\t\t\n\t\t\t\n<div class=\"container section-title-container\" ><h2 class=\"section-title section-title-normal\"><b aria-hidden=\"true\"><\/b><span class=\"section-title-main\" style=\"font-size:80%;\">Caract\u00e9ristiques<\/span><b aria-hidden=\"true\"><\/b><\/h2><\/div>\n<table class=\"t1\" style=\"height: 1000px;\" width=\"100%\" cellspacing=\"0\" cellpadding=\"0\">\n<tbody>\n<tr>\n<td><strong>Chemical Analysis (%)<\/strong><\/td>\n<td><\/td>\n<td><\/td>\n<\/tr>\n<tr>\n<td>AL2O3<\/td>\n<td>37,0%<\/td>\n<td>\u226534,0%<\/td>\n<\/tr>\n<tr>\n<td>SiO2<\/td>\n<td>57,4%<\/td>\n<td><\/td>\n<\/tr>\n<tr>\n<td>Fe2O3<\/td>\n<td>2,0%<\/td>\n<td>\u22642,5%<\/td>\n<\/tr>\n<tr>\n<td>Na2O<\/td>\n<td>0,1%<\/td>\n<td><\/td>\n<\/tr>\n<tr>\n<td>K2O<\/td>\n<td>0,9%<\/td>\n<td><\/td>\n<\/tr>\n<tr>\n<td>TiO2<\/td>\n<td>2,0%<\/td>\n<td><\/td>\n<\/tr>\n<tr>\n<td>CaO<\/td>\n<td>0,3%<\/td>\n<td><\/td>\n<\/tr>\n<tr>\n<td>MgO<\/td>\n<td>0,3%<\/td>\n<td><\/td>\n<\/tr>\n<tr>\n<td><\/td>\n<td><\/td>\n<td><\/td>\n<\/tr>\n<tr>\n<td><strong>Typical Properties<\/strong><\/td>\n<td><\/td>\n<td><\/td>\n<\/tr>\n<tr>\n<td>Wet Sieve (Cumulativa Residue%+100\u00b5m)<\/td>\n<td>0,1%<\/td>\n<td>&lt;3%<\/td>\n<\/tr>\n<tr>\n<td>Moisture Content<\/td>\n<td>1,0%<\/td>\n<td>&lt;1,5%<\/td>\n<\/tr>\n<tr>\n<td>Loss on Ignition (1000C\u00ba)<\/td>\n<td>12,0%<\/td>\n<td><\/td>\n<\/tr>\n<tr>\n<td>Mineralogy<\/td>\n<td>Kaolinite<\/td>\n<td><\/td>\n<\/tr>\n<tr>\n<td>Refractoriness<\/td>\n<td>1730\u00baC (Seger Cone 33)<\/td>\n<td><\/td>\n<\/tr>\n<tr>\n<td>Standard Packaging<\/td>\n<td>1MT BB<\/td>\n<td>1T pallet<\/td>\n<\/tr>\n<tr>\n<td><\/td>\n<td>25kg Sacks<\/td>\n<td>1,25T pallet<\/td>\n<\/tr>\n<\/tbody>\n<\/table>\n\t\t<\/div>\n\t\t\t\t\t<\/div>\n\n\t\n<\/div>\n","protected":false},"excerpt":{"rendered":"<p>Clayrac Milled 37 est une mati\u00e8re premi\u00e8re r\u00e9fractaire de haute qualit\u00e9, compos\u00e9e principalement de kaolin broy\u00e9. Elle se distingue par sa puret\u00e9 et sa stabilit\u00e9, ce qui en fait un choix id\u00e9al pour la fabrication de produits r\u00e9fractaires. Son excellent comportement thermique et sa capacit\u00e9 \u00e0 r\u00e9sister \u00e0 des temp\u00e9ratures \u00e9lev\u00e9es la rendent adapt\u00e9e \u00e0 diverses applications industrielles.  <\/p>\n","protected":false},"featured_media":7843,"template":"","meta":[],"product_brand":[],"product_cat":[249],"product_tag":[],"class_list":{"0":"post-11401","1":"product","2":"type-product","3":"status-publish","4":"has-post-thumbnail","6":"product_cat-argile","8":"first","9":"instock","10":"shipping-taxable","11":"product-type-simple"},"yoast_head":"<!-- This site is optimized with the Yoast SEO plugin v27.5 - https:\/\/yoast.com\/product\/yoast-seo-wordpress\/ -->\n<title>Clayrac Milled 37 - Azaros<\/title>\n<meta name=\"robots\" content=\"index, follow, max-snippet:-1, max-image-preview:large, max-video-preview:-1\" \/>\n<link rel=\"canonical\" href=\"https:\/\/www.azaros.eu\/fr\/produit\/clayrac-milled-37\/\" \/>\n<meta property=\"og:locale\" content=\"fr_FR\" \/>\n<meta property=\"og:type\" content=\"article\" \/>\n<meta property=\"og:title\" content=\"Clayrac Milled 37 - Azaros\" \/>\n<meta property=\"og:description\" content=\"Clayrac Milled 37 est une mati\u00e8re premi\u00e8re r\u00e9fractaire de haute qualit\u00e9, compos\u00e9e principalement de kaolin broy\u00e9. Elle se distingue par sa puret\u00e9 et sa stabilit\u00e9, ce qui en fait un choix id\u00e9al pour la fabrication de produits r\u00e9fractaires. Son excellent comportement thermique et sa capacit\u00e9 \u00e0 r\u00e9sister \u00e0 des temp\u00e9ratures \u00e9lev\u00e9es la rendent adapt\u00e9e \u00e0 diverses applications industrielles.\" \/>\n<meta property=\"og:url\" content=\"https:\/\/www.azaros.eu\/fr\/produit\/clayrac-milled-37\/\" \/>\n<meta property=\"og:site_name\" content=\"Azaros\" \/>\n<meta property=\"article:modified_time\" content=\"2025-05-26T14:04:13+00:00\" \/>\n<meta property=\"og:image\" content=\"https:\/\/www.azaros.eu\/wp-content\/uploads\/2024\/09\/Clayrac-Milled-45-Imerys-1.jpg\" \/>\n\t<meta property=\"og:image:width\" content=\"1200\" \/>\n\t<meta property=\"og:image:height\" content=\"700\" \/>\n\t<meta property=\"og:image:type\" content=\"image\/jpeg\" \/>\n<meta name=\"twitter:card\" content=\"summary_large_image\" \/>\n<script type=\"application\/ld+json\" class=\"yoast-schema-graph\">{\"@context\":\"https:\\\/\\\/schema.org\",\"@graph\":[{\"@type\":\"WebPage\",\"@id\":\"https:\\\/\\\/www.azaros.eu\\\/fr\\\/produit\\\/clayrac-milled-37\\\/\",\"url\":\"https:\\\/\\\/www.azaros.eu\\\/fr\\\/produit\\\/clayrac-milled-37\\\/\",\"name\":\"Clayrac Milled 37 - Azaros\",\"isPartOf\":{\"@id\":\"https:\\\/\\\/www.azaros.eu\\\/fr\\\/#website\"},\"primaryImageOfPage\":{\"@id\":\"https:\\\/\\\/www.azaros.eu\\\/fr\\\/produit\\\/clayrac-milled-37\\\/#primaryimage\"},\"image\":{\"@id\":\"https:\\\/\\\/www.azaros.eu\\\/fr\\\/produit\\\/clayrac-milled-37\\\/#primaryimage\"},\"thumbnailUrl\":\"https:\\\/\\\/www.azaros.eu\\\/wp-content\\\/uploads\\\/2024\\\/09\\\/Clayrac-Milled-45-Imerys-1.jpg\",\"datePublished\":\"2024-09-26T07:43:33+00:00\",\"dateModified\":\"2025-05-26T14:04:13+00:00\",\"breadcrumb\":{\"@id\":\"https:\\\/\\\/www.azaros.eu\\\/fr\\\/produit\\\/clayrac-milled-37\\\/#breadcrumb\"},\"inLanguage\":\"fr-FR\",\"potentialAction\":[{\"@type\":\"ReadAction\",\"target\":[\"https:\\\/\\\/www.azaros.eu\\\/fr\\\/produit\\\/clayrac-milled-37\\\/\"]}]},{\"@type\":\"ImageObject\",\"inLanguage\":\"fr-FR\",\"@id\":\"https:\\\/\\\/www.azaros.eu\\\/fr\\\/produit\\\/clayrac-milled-37\\\/#primaryimage\",\"url\":\"https:\\\/\\\/www.azaros.eu\\\/wp-content\\\/uploads\\\/2024\\\/09\\\/Clayrac-Milled-45-Imerys-1.jpg\",\"contentUrl\":\"https:\\\/\\\/www.azaros.eu\\\/wp-content\\\/uploads\\\/2024\\\/09\\\/Clayrac-Milled-45-Imerys-1.jpg\",\"width\":1200,\"height\":700},{\"@type\":\"BreadcrumbList\",\"@id\":\"https:\\\/\\\/www.azaros.eu\\\/fr\\\/produit\\\/clayrac-milled-37\\\/#breadcrumb\",\"itemListElement\":[{\"@type\":\"ListItem\",\"position\":1,\"name\":\"Azaros\",\"item\":\"https:\\\/\\\/www.azaros.eu\\\/fr\\\/azaros-home\\\/\"},{\"@type\":\"ListItem\",\"position\":2,\"name\":\"Produits\",\"item\":\"https:\\\/\\\/www.azaros.eu\\\/fr\\\/produits\\\/\"},{\"@type\":\"ListItem\",\"position\":3,\"name\":\"IMERYS Mati\u00e8res Premi\u00e8res\",\"item\":\"https:\\\/\\\/www.azaros.eu\\\/fr\\\/produits\\\/imerys-matieres-premieres\\\/\"},{\"@type\":\"ListItem\",\"position\":4,\"name\":\"Argile\",\"item\":\"https:\\\/\\\/www.azaros.eu\\\/fr\\\/produits\\\/imerys-matieres-premieres\\\/argile\\\/\"},{\"@type\":\"ListItem\",\"position\":5,\"name\":\"Clayrac Milled 37\"}]},{\"@type\":\"WebSite\",\"@id\":\"https:\\\/\\\/www.azaros.eu\\\/fr\\\/#website\",\"url\":\"https:\\\/\\\/www.azaros.eu\\\/fr\\\/\",\"name\":\"Azaros\",\"description\":\"Fabricamos, distribuimos y comercializamos una gran gama de suministros.\",\"potentialAction\":[{\"@type\":\"SearchAction\",\"target\":{\"@type\":\"EntryPoint\",\"urlTemplate\":\"https:\\\/\\\/www.azaros.eu\\\/fr\\\/?s={search_term_string}\"},\"query-input\":{\"@type\":\"PropertyValueSpecification\",\"valueRequired\":true,\"valueName\":\"search_term_string\"}}],\"inLanguage\":\"fr-FR\"}]}<\/script>\n<!-- \/ Yoast SEO plugin. -->","yoast_head_json":{"title":"Clayrac Milled 37 - Azaros","robots":{"index":"index","follow":"follow","max-snippet":"max-snippet:-1","max-image-preview":"max-image-preview:large","max-video-preview":"max-video-preview:-1"},"canonical":"https:\/\/www.azaros.eu\/fr\/produit\/clayrac-milled-37\/","og_locale":"fr_FR","og_type":"article","og_title":"Clayrac Milled 37 - Azaros","og_description":"Clayrac Milled 37 est une mati\u00e8re premi\u00e8re r\u00e9fractaire de haute qualit\u00e9, compos\u00e9e principalement de kaolin broy\u00e9. Elle se distingue par sa puret\u00e9 et sa stabilit\u00e9, ce qui en fait un choix id\u00e9al pour la fabrication de produits r\u00e9fractaires. Son excellent comportement thermique et sa capacit\u00e9 \u00e0 r\u00e9sister \u00e0 des temp\u00e9ratures \u00e9lev\u00e9es la rendent adapt\u00e9e \u00e0 diverses applications industrielles.","og_url":"https:\/\/www.azaros.eu\/fr\/produit\/clayrac-milled-37\/","og_site_name":"Azaros","article_modified_time":"2025-05-26T14:04:13+00:00","og_image":[{"width":1200,"height":700,"url":"https:\/\/www.azaros.eu\/wp-content\/uploads\/2024\/09\/Clayrac-Milled-45-Imerys-1.jpg","type":"image\/jpeg"}],"twitter_card":"summary_large_image","schema":{"@context":"https:\/\/schema.org","@graph":[{"@type":"WebPage","@id":"https:\/\/www.azaros.eu\/fr\/produit\/clayrac-milled-37\/","url":"https:\/\/www.azaros.eu\/fr\/produit\/clayrac-milled-37\/","name":"Clayrac Milled 37 - Azaros","isPartOf":{"@id":"https:\/\/www.azaros.eu\/fr\/#website"},"primaryImageOfPage":{"@id":"https:\/\/www.azaros.eu\/fr\/produit\/clayrac-milled-37\/#primaryimage"},"image":{"@id":"https:\/\/www.azaros.eu\/fr\/produit\/clayrac-milled-37\/#primaryimage"},"thumbnailUrl":"https:\/\/www.azaros.eu\/wp-content\/uploads\/2024\/09\/Clayrac-Milled-45-Imerys-1.jpg","datePublished":"2024-09-26T07:43:33+00:00","dateModified":"2025-05-26T14:04:13+00:00","breadcrumb":{"@id":"https:\/\/www.azaros.eu\/fr\/produit\/clayrac-milled-37\/#breadcrumb"},"inLanguage":"fr-FR","potentialAction":[{"@type":"ReadAction","target":["https:\/\/www.azaros.eu\/fr\/produit\/clayrac-milled-37\/"]}]},{"@type":"ImageObject","inLanguage":"fr-FR","@id":"https:\/\/www.azaros.eu\/fr\/produit\/clayrac-milled-37\/#primaryimage","url":"https:\/\/www.azaros.eu\/wp-content\/uploads\/2024\/09\/Clayrac-Milled-45-Imerys-1.jpg","contentUrl":"https:\/\/www.azaros.eu\/wp-content\/uploads\/2024\/09\/Clayrac-Milled-45-Imerys-1.jpg","width":1200,"height":700},{"@type":"BreadcrumbList","@id":"https:\/\/www.azaros.eu\/fr\/produit\/clayrac-milled-37\/#breadcrumb","itemListElement":[{"@type":"ListItem","position":1,"name":"Azaros","item":"https:\/\/www.azaros.eu\/fr\/azaros-home\/"},{"@type":"ListItem","position":2,"name":"Produits","item":"https:\/\/www.azaros.eu\/fr\/produits\/"},{"@type":"ListItem","position":3,"name":"IMERYS Mati\u00e8res Premi\u00e8res","item":"https:\/\/www.azaros.eu\/fr\/produits\/imerys-matieres-premieres\/"},{"@type":"ListItem","position":4,"name":"Argile","item":"https:\/\/www.azaros.eu\/fr\/produits\/imerys-matieres-premieres\/argile\/"},{"@type":"ListItem","position":5,"name":"Clayrac Milled 37"}]},{"@type":"WebSite","@id":"https:\/\/www.azaros.eu\/fr\/#website","url":"https:\/\/www.azaros.eu\/fr\/","name":"Azaros","description":"Fabricamos, distribuimos y comercializamos una gran gama de suministros.","potentialAction":[{"@type":"SearchAction","target":{"@type":"EntryPoint","urlTemplate":"https:\/\/www.azaros.eu\/fr\/?s={search_term_string}"},"query-input":{"@type":"PropertyValueSpecification","valueRequired":true,"valueName":"search_term_string"}}],"inLanguage":"fr-FR"}]}},"_links":{"self":[{"href":"https:\/\/www.azaros.eu\/fr\/wp-json\/wp\/v2\/product\/11401","targetHints":{"allow":["GET"]}}],"collection":[{"href":"https:\/\/www.azaros.eu\/fr\/wp-json\/wp\/v2\/product"}],"about":[{"href":"https:\/\/www.azaros.eu\/fr\/wp-json\/wp\/v2\/types\/product"}],"wp:featuredmedia":[{"embeddable":true,"href":"https:\/\/www.azaros.eu\/fr\/wp-json\/wp\/v2\/media\/7843"}],"wp:attachment":[{"href":"https:\/\/www.azaros.eu\/fr\/wp-json\/wp\/v2\/media?parent=11401"}],"wp:term":[{"taxonomy":"product_brand","embeddable":true,"href":"https:\/\/www.azaros.eu\/fr\/wp-json\/wp\/v2\/product_brand?post=11401"},{"taxonomy":"product_cat","embeddable":true,"href":"https:\/\/www.azaros.eu\/fr\/wp-json\/wp\/v2\/product_cat?post=11401"},{"taxonomy":"product_tag","embeddable":true,"href":"https:\/\/www.azaros.eu\/fr\/wp-json\/wp\/v2\/product_tag?post=11401"}],"curies":[{"name":"wp","href":"https:\/\/api.w.org\/{rel}","templated":true}]}}